{"id":16806,"date":"2018-02-02T14:24:43","date_gmt":"2018-02-02T12:24:43","guid":{"rendered":"https:\/\/ikastikos-kiklos.com\/\u03c0\u03c1\u03bf\u03ca\u03cc\u03bd\/%ce%ba%ce%bf%cf%81%ce%af%cf%84%cf%83%ce%b9\/"},"modified":"2018-11-09T14:51:25","modified_gmt":"2018-11-09T12:51:25","slug":"%ce%ba%ce%bf%cf%81%ce%af%cf%84%cf%83%ce%b9","status":"publish","type":"product","link":"https:\/\/ikastikos-kiklos.com\/en\/product\/%ce%ba%ce%bf%cf%81%ce%af%cf%84%cf%83%ce%b9\/","title":{"rendered":"Girl"},"content":{"rendered":"<p>Stathis Libanis is inspired by his environment, Athens, Paris and Ithaca. From natural and urban landscapes, from living and still life, from people who finally give life to landscapes. His constant quests often dictate different approaches.<\/p>\n","protected":false},"excerpt":{"rendered":"<p>Lithographs numbered and signed by Stathis Livanis in 99 copies.<\/p>\n<p>&nbsp;<\/p>\n","protected":false},"featured_media":12167,"template":"","meta":{"ngg_post_thumbnail":0},"product_brand":[],"product_cat":[1987,2226,1991],"product_tag":[],"class_list":{"0":"post-16806","1":"product","2":"type-product","3":"status-publish","4":"has-post-thumbnail","6":"product_cat-eshop-en","7":"product_cat-old-silkscreens-collection","8":"product_cat-silkscreens-shop","9":"product_shipping_class-0-2kg","11":"first","12":"instock","13":"taxable","14":"shipping-taxable","15":"purchasable","16":"product-type-simple"},"yoast_head":"<!-- This site is optimized with the Yoast SEO plugin v27.2 - https:\/\/yoast.com\/product\/yoast-seo-wordpress\/ -->\n<title>Girl Silkscreen by Stathis Livanis at Ikastikos Kiklos Sianti Gallery.<\/title>\n<meta name=\"description\" content=\"Girl Silkscreen by Stathis Livanis at Ikastikos Kiklos Sianti Gallery. Dimensions 35x50 cm and 99 copies numbered and signed by the artist\" \/>\n<meta name=\"robots\" content=\"index, follow, max-snippet:-1, max-image-preview:large, max-video-preview:-1\" \/>\n<link rel=\"canonical\" href=\"https:\/\/ikastikos-kiklos.com\/en\/product\/\u03ba\u03bf\u03c1\u03af\u03c4\u03c3\u03b9\/\" \/>\n<meta property=\"og:locale\" content=\"en_US\" \/>\n<meta property=\"og:type\" content=\"article\" \/>\n<meta property=\"og:title\" content=\"Girl Silkscreen by Stathis Livanis at Ikastikos Kiklos Sianti Gallery.\" \/>\n<meta property=\"og:description\" content=\"Girl Silkscreen by Stathis Livanis at Ikastikos Kiklos Sianti Gallery. Dimensions 35x50 cm and 99 copies numbered and signed by the artist\" \/>\n<meta property=\"og:url\" content=\"https:\/\/ikastikos-kiklos.com\/en\/product\/\u03ba\u03bf\u03c1\u03af\u03c4\u03c3\u03b9\/\" \/>\n<meta property=\"og:site_name\" content=\"Ikastikos Kiklos - Zografik\u00ed - Metaxotyp\u00edes - T\u00e9chniPainting - Silk Screen - Art\" \/>\n<meta property=\"article:publisher\" content=\"https:\/\/www.facebook.com\/ikastikoskiklossianti\/\" \/>\n<meta property=\"article:modified_time\" content=\"2018-11-09T12:51:25+00:00\" \/>\n<meta property=\"og:image\" content=\"https:\/\/ikastikos-kiklos.com\/wp-content\/uploads\/2018\/05\/Job_7443.jpg\" \/>\n\t<meta property=\"og:image:width\" content=\"609\" \/>\n\t<meta property=\"og:image:height\" content=\"841\" \/>\n\t<meta property=\"og:image:type\" content=\"image\/jpeg\" \/>\n<meta name=\"twitter:card\" content=\"summary_large_image\" \/>\n<script type=\"application\/ld+json\" class=\"yoast-schema-graph\">{\"@context\":\"https:\/\/schema.org\",\"@graph\":[{\"@type\":\"WebPage\",\"@id\":\"https:\/\/ikastikos-kiklos.com\/en\/product\/%ce%ba%ce%bf%cf%81%ce%af%cf%84%cf%83%ce%b9\/\",\"url\":\"https:\/\/ikastikos-kiklos.com\/en\/product\/%ce%ba%ce%bf%cf%81%ce%af%cf%84%cf%83%ce%b9\/\",\"name\":\"Girl Silkscreen by Stathis Livanis at Ikastikos Kiklos Sianti Gallery.\",\"isPartOf\":{\"@id\":\"https:\/\/ikastikos-kiklos.com\/en\/#website\"},\"primaryImageOfPage\":{\"@id\":\"https:\/\/ikastikos-kiklos.com\/en\/product\/%ce%ba%ce%bf%cf%81%ce%af%cf%84%cf%83%ce%b9\/#primaryimage\"},\"image\":{\"@id\":\"https:\/\/ikastikos-kiklos.com\/en\/product\/%ce%ba%ce%bf%cf%81%ce%af%cf%84%cf%83%ce%b9\/#primaryimage\"},\"thumbnailUrl\":\"https:\/\/ikastikos-kiklos.com\/wp-content\/uploads\/2018\/05\/Job_7443.jpg\",\"datePublished\":\"2018-02-02T12:24:43+00:00\",\"dateModified\":\"2018-11-09T12:51:25+00:00\",\"description\":\"Girl Silkscreen by Stathis Livanis at Ikastikos Kiklos Sianti Gallery. Dimensions 35x50 cm and 99 copies numbered and signed by the artist\",\"breadcrumb\":{\"@id\":\"https:\/\/ikastikos-kiklos.com\/en\/product\/%ce%ba%ce%bf%cf%81%ce%af%cf%84%cf%83%ce%b9\/#breadcrumb\"},\"inLanguage\":\"en-US\",\"potentialAction\":[{\"@type\":\"ReadAction\",\"target\":[\"https:\/\/ikastikos-kiklos.com\/en\/product\/%ce%ba%ce%bf%cf%81%ce%af%cf%84%cf%83%ce%b9\/\"]}]},{\"@type\":\"ImageObject\",\"inLanguage\":\"en-US\",\"@id\":\"https:\/\/ikastikos-kiklos.com\/en\/product\/%ce%ba%ce%bf%cf%81%ce%af%cf%84%cf%83%ce%b9\/#primaryimage\",\"url\":\"https:\/\/ikastikos-kiklos.com\/wp-content\/uploads\/2018\/05\/Job_7443.jpg\",\"contentUrl\":\"https:\/\/ikastikos-kiklos.com\/wp-content\/uploads\/2018\/05\/Job_7443.jpg\",\"width\":609,\"height\":841,\"caption\":\"\u039a\u03bf\u03c1\u03af\u03c4\u03c3\u03b9 \u039c\u03b5\u03c4\u03b1\u03be\u03bf\u03c4\u03c5\u03c0\u03af\u03b1 \u03c4\u03bf\u03c5 \u03a3\u03c4\u03ac\u03b8\u03b7 \u039b\u03b9\u03b2\u03ac\u03bd\u03b7 \u03c3\u03c4\u03bf\u03bd \u0395\u03b9\u03ba\u03b1\u03c3\u03c4\u03b9\u03ba\u03cc \u039a\u03cd\u03ba\u03bb\u03bf Sianti\"},{\"@type\":\"BreadcrumbList\",\"@id\":\"https:\/\/ikastikos-kiklos.com\/en\/product\/%ce%ba%ce%bf%cf%81%ce%af%cf%84%cf%83%ce%b9\/#breadcrumb\",\"itemListElement\":[{\"@type\":\"ListItem\",\"position\":1,\"name\":\"Home\",\"item\":\"https:\/\/ikastikos-kiklos.com\/en\/\"},{\"@type\":\"ListItem\",\"position\":2,\"name\":\"\u0388\u03c1\u03b3\u03b1 \u03c4\u03ad\u03c7\u03bd\u03b7\u03c2\",\"item\":\"https:\/\/ikastikos-kiklos.com\/%ce%ad%cf%81%ce%b3%ce%b1-%cf%84%ce%ad%cf%87%ce%bd%ce%b7%cf%82\/\"},{\"@type\":\"ListItem\",\"position\":3,\"name\":\"Girl\"}]},{\"@type\":\"WebSite\",\"@id\":\"https:\/\/ikastikos-kiklos.com\/en\/#website\",\"url\":\"https:\/\/ikastikos-kiklos.com\/en\/\",\"name\":\"Ikastikos Kiklos - Zografik\u00ed - Metaxotyp\u00edes - T\u00e9chniPainting - Silk Screen - Art\",\"description\":\"\",\"publisher\":{\"@id\":\"https:\/\/ikastikos-kiklos.com\/en\/#organization\"},\"potentialAction\":[{\"@type\":\"SearchAction\",\"target\":{\"@type\":\"EntryPoint\",\"urlTemplate\":\"https:\/\/ikastikos-kiklos.com\/en\/?s={search_term_string}\"},\"query-input\":{\"@type\":\"PropertyValueSpecification\",\"valueRequired\":true,\"valueName\":\"search_term_string\"}}],\"inLanguage\":\"en-US\"},{\"@type\":\"Organization\",\"@id\":\"https:\/\/ikastikos-kiklos.com\/en\/#organization\",\"name\":\"Ikastikos Kiklos - Zografik\u00ed - Metaxotyp\u00edes - T\u00e9chniPainting - Silk Screen - Art\",\"url\":\"https:\/\/ikastikos-kiklos.com\/en\/\",\"logo\":{\"@type\":\"ImageObject\",\"inLanguage\":\"en-US\",\"@id\":\"https:\/\/ikastikos-kiklos.com\/en\/#\/schema\/logo\/image\/\",\"url\":\"https:\/\/ikastikos-kiklos.com\/wp-content\/uploads\/2022\/10\/cropped-favicon_ikastikos.png\",\"contentUrl\":\"https:\/\/ikastikos-kiklos.com\/wp-content\/uploads\/2022\/10\/cropped-favicon_ikastikos.png\",\"width\":512,\"height\":512,\"caption\":\"Ikastikos Kiklos - Zografik\u00ed - Metaxotyp\u00edes - T\u00e9chniPainting - Silk Screen - Art\"},\"image\":{\"@id\":\"https:\/\/ikastikos-kiklos.com\/en\/#\/schema\/logo\/image\/\"},\"sameAs\":[\"https:\/\/www.facebook.com\/ikastikoskiklossianti\/\"]}]}<\/script>\n<!-- \/ Yoast SEO plugin. -->","yoast_head_json":{"title":"Girl Silkscreen by Stathis Livanis at Ikastikos Kiklos Sianti Gallery.","description":"Girl Silkscreen by Stathis Livanis at Ikastikos Kiklos Sianti Gallery. Dimensions 35x50 cm and 99 copies numbered and signed by the artist","robots":{"index":"index","follow":"follow","max-snippet":"max-snippet:-1","max-image-preview":"max-image-preview:large","max-video-preview":"max-video-preview:-1"},"canonical":"https:\/\/ikastikos-kiklos.com\/en\/product\/\u03ba\u03bf\u03c1\u03af\u03c4\u03c3\u03b9\/","og_locale":"en_US","og_type":"article","og_title":"Girl Silkscreen by Stathis Livanis at Ikastikos Kiklos Sianti Gallery.","og_description":"Girl Silkscreen by Stathis Livanis at Ikastikos Kiklos Sianti Gallery. Dimensions 35x50 cm and 99 copies numbered and signed by the artist","og_url":"https:\/\/ikastikos-kiklos.com\/en\/product\/\u03ba\u03bf\u03c1\u03af\u03c4\u03c3\u03b9\/","og_site_name":"Ikastikos Kiklos - Zografik\u00ed - Metaxotyp\u00edes - T\u00e9chniPainting - Silk Screen - Art","article_publisher":"https:\/\/www.facebook.com\/ikastikoskiklossianti\/","article_modified_time":"2018-11-09T12:51:25+00:00","og_image":[{"width":609,"height":841,"url":"https:\/\/ikastikos-kiklos.com\/wp-content\/uploads\/2018\/05\/Job_7443.jpg","type":"image\/jpeg"}],"twitter_card":"summary_large_image","schema":{"@context":"https:\/\/schema.org","@graph":[{"@type":"WebPage","@id":"https:\/\/ikastikos-kiklos.com\/en\/product\/%ce%ba%ce%bf%cf%81%ce%af%cf%84%cf%83%ce%b9\/","url":"https:\/\/ikastikos-kiklos.com\/en\/product\/%ce%ba%ce%bf%cf%81%ce%af%cf%84%cf%83%ce%b9\/","name":"Girl Silkscreen by Stathis Livanis at Ikastikos Kiklos Sianti Gallery.","isPartOf":{"@id":"https:\/\/ikastikos-kiklos.com\/en\/#website"},"primaryImageOfPage":{"@id":"https:\/\/ikastikos-kiklos.com\/en\/product\/%ce%ba%ce%bf%cf%81%ce%af%cf%84%cf%83%ce%b9\/#primaryimage"},"image":{"@id":"https:\/\/ikastikos-kiklos.com\/en\/product\/%ce%ba%ce%bf%cf%81%ce%af%cf%84%cf%83%ce%b9\/#primaryimage"},"thumbnailUrl":"https:\/\/ikastikos-kiklos.com\/wp-content\/uploads\/2018\/05\/Job_7443.jpg","datePublished":"2018-02-02T12:24:43+00:00","dateModified":"2018-11-09T12:51:25+00:00","description":"Girl Silkscreen by Stathis Livanis at Ikastikos Kiklos Sianti Gallery. Dimensions 35x50 cm and 99 copies numbered and signed by the artist","breadcrumb":{"@id":"https:\/\/ikastikos-kiklos.com\/en\/product\/%ce%ba%ce%bf%cf%81%ce%af%cf%84%cf%83%ce%b9\/#breadcrumb"},"inLanguage":"en-US","potentialAction":[{"@type":"ReadAction","target":["https:\/\/ikastikos-kiklos.com\/en\/product\/%ce%ba%ce%bf%cf%81%ce%af%cf%84%cf%83%ce%b9\/"]}]},{"@type":"ImageObject","inLanguage":"en-US","@id":"https:\/\/ikastikos-kiklos.com\/en\/product\/%ce%ba%ce%bf%cf%81%ce%af%cf%84%cf%83%ce%b9\/#primaryimage","url":"https:\/\/ikastikos-kiklos.com\/wp-content\/uploads\/2018\/05\/Job_7443.jpg","contentUrl":"https:\/\/ikastikos-kiklos.com\/wp-content\/uploads\/2018\/05\/Job_7443.jpg","width":609,"height":841,"caption":"\u039a\u03bf\u03c1\u03af\u03c4\u03c3\u03b9 \u039c\u03b5\u03c4\u03b1\u03be\u03bf\u03c4\u03c5\u03c0\u03af\u03b1 \u03c4\u03bf\u03c5 \u03a3\u03c4\u03ac\u03b8\u03b7 \u039b\u03b9\u03b2\u03ac\u03bd\u03b7 \u03c3\u03c4\u03bf\u03bd \u0395\u03b9\u03ba\u03b1\u03c3\u03c4\u03b9\u03ba\u03cc \u039a\u03cd\u03ba\u03bb\u03bf Sianti"},{"@type":"BreadcrumbList","@id":"https:\/\/ikastikos-kiklos.com\/en\/product\/%ce%ba%ce%bf%cf%81%ce%af%cf%84%cf%83%ce%b9\/#breadcrumb","itemListElement":[{"@type":"ListItem","position":1,"name":"Home","item":"https:\/\/ikastikos-kiklos.com\/en\/"},{"@type":"ListItem","position":2,"name":"\u0388\u03c1\u03b3\u03b1 \u03c4\u03ad\u03c7\u03bd\u03b7\u03c2","item":"https:\/\/ikastikos-kiklos.com\/%ce%ad%cf%81%ce%b3%ce%b1-%cf%84%ce%ad%cf%87%ce%bd%ce%b7%cf%82\/"},{"@type":"ListItem","position":3,"name":"Girl"}]},{"@type":"WebSite","@id":"https:\/\/ikastikos-kiklos.com\/en\/#website","url":"https:\/\/ikastikos-kiklos.com\/en\/","name":"Ikastikos Kiklos - Zografik\u00ed - Metaxotyp\u00edes - T\u00e9chniPainting - Silk Screen - Art","description":"","publisher":{"@id":"https:\/\/ikastikos-kiklos.com\/en\/#organization"},"potentialAction":[{"@type":"SearchAction","target":{"@type":"EntryPoint","urlTemplate":"https:\/\/ikastikos-kiklos.com\/en\/?s={search_term_string}"},"query-input":{"@type":"PropertyValueSpecification","valueRequired":true,"valueName":"search_term_string"}}],"inLanguage":"en-US"},{"@type":"Organization","@id":"https:\/\/ikastikos-kiklos.com\/en\/#organization","name":"Ikastikos Kiklos - Zografik\u00ed - Metaxotyp\u00edes - T\u00e9chniPainting - Silk Screen - Art","url":"https:\/\/ikastikos-kiklos.com\/en\/","logo":{"@type":"ImageObject","inLanguage":"en-US","@id":"https:\/\/ikastikos-kiklos.com\/en\/#\/schema\/logo\/image\/","url":"https:\/\/ikastikos-kiklos.com\/wp-content\/uploads\/2022\/10\/cropped-favicon_ikastikos.png","contentUrl":"https:\/\/ikastikos-kiklos.com\/wp-content\/uploads\/2022\/10\/cropped-favicon_ikastikos.png","width":512,"height":512,"caption":"Ikastikos Kiklos - Zografik\u00ed - Metaxotyp\u00edes - T\u00e9chniPainting - Silk Screen - Art"},"image":{"@id":"https:\/\/ikastikos-kiklos.com\/en\/#\/schema\/logo\/image\/"},"sameAs":["https:\/\/www.facebook.com\/ikastikoskiklossianti\/"]}]}},"_links":{"self":[{"href":"https:\/\/ikastikos-kiklos.com\/en\/wp-json\/wp\/v2\/product\/16806","targetHints":{"allow":["GET"]}}],"collection":[{"href":"https:\/\/ikastikos-kiklos.com\/en\/wp-json\/wp\/v2\/product"}],"about":[{"href":"https:\/\/ikastikos-kiklos.com\/en\/wp-json\/wp\/v2\/types\/product"}],"wp:featuredmedia":[{"embeddable":true,"href":"https:\/\/ikastikos-kiklos.com\/en\/wp-json\/wp\/v2\/media\/12167"}],"wp:attachment":[{"href":"https:\/\/ikastikos-kiklos.com\/en\/wp-json\/wp\/v2\/media?parent=16806"}],"wp:term":[{"taxonomy":"product_brand","embeddable":true,"href":"https:\/\/ikastikos-kiklos.com\/en\/wp-json\/wp\/v2\/product_brand?post=16806"},{"taxonomy":"product_cat","embeddable":true,"href":"https:\/\/ikastikos-kiklos.com\/en\/wp-json\/wp\/v2\/product_cat?post=16806"},{"taxonomy":"product_tag","embeddable":true,"href":"https:\/\/ikastikos-kiklos.com\/en\/wp-json\/wp\/v2\/product_tag?post=16806"}],"curies":[{"name":"wp","href":"https:\/\/api.w.org\/{rel}","templated":true}]}}