{"id":16768,"date":"2018-03-07T15:17:39","date_gmt":"2018-03-07T13:17:39","guid":{"rendered":"https:\/\/ikastikos-kiklos.com\/\u03c0\u03c1\u03bf\u03ca\u03cc\u03bd\/%ce%ba%ce%b1%cf%81%cf%84-%cf%80%ce%bf%cf%83%cf%84%ce%ac%ce%bb\/"},"modified":"2019-02-08T11:33:31","modified_gmt":"2019-02-08T09:33:31","slug":"%ce%ba%ce%b1%cf%81%cf%84-%cf%80%ce%bf%cf%83%cf%84%ce%ac%ce%bb","status":"publish","type":"product","link":"https:\/\/ikastikos-kiklos.com\/en\/product\/%ce%ba%ce%b1%cf%81%cf%84-%cf%80%ce%bf%cf%83%cf%84%ce%ac%ce%bb\/","title":{"rendered":"Postcard"},"content":{"rendered":"<p>\u0397 \u03bc\u03b5\u03c4\u03b1\u03be\u03bf\u03c4\u03c5\u03c0\u03af\u03b1 \u03c0\u03bf\u03c5 \u03b4\u03af\u03b4\u03b1\u03be\u03b5 \u03b5\u03c0\u03af \u03c0\u03bf\u03bb\u03bb\u03ac \u03c7\u03c1\u03cc\u03bd\u03b9\u03b1 \u03bf \u0391\u03ba\u03b7\u03c2 \u03a0\u03b5\u03b9\u03c1\u03bf\u03c5\u03bd\u03af\u03b4\u03b7\u03c2 \u03c3\u03c4\u03b7\u03bd \u0391\u03bd\u03c9\u03c4\u03ac\u03c4\u03b7 \u03a3\u03c7\u03bf\u03bb\u03ae \u039a\u03b1\u03bb\u03ce\u03bd \u03a4\u03b5\u03c7\u03bd\u03ce\u03bd \u03b5\u03af\u03bd\u03b1\u03b9 \u03b1\u03c0\u03cc \u03bc\u03cc\u03bd\u03b7 \u03c4\u03b7\u03c2 \u03ad\u03c1\u03b3\u03bf \u03c4\u03ad\u03c7\u03bd\u03b7\u03c2, \u03c4\u03bf \u03bf\u03c0\u03bf\u03af\u03bf \u03b4\u03b7\u03bc\u03b9\u03bf\u03c5\u03c1\u03b3\u03b5\u03af\u03c4\u03b1\u03b9 \u03b5\u03be\u03b1\u03c1\u03c7\u03ae\u03c2, \u03c7\u03c9\u03c1\u03af\u03c2 \u03bd\u03b1 \u03b1\u03bd\u03c4\u03b9\u03b3\u03c1\u03ac\u03c6\u03b5\u03b9 \u03ba\u03ac\u03c0\u03bf\u03b9\u03bf\u03bd \u03c0\u03c1\u03bf\u03b7\u03b3\u03bf\u03cd\u03bc\u03b5\u03bd\u03bf \u03c0\u03af\u03bd\u03b1\u03ba\u03b1. \u0397 \u03b5\u03c0\u03b9\u03c6\u03ac\u03bd\u03b5\u03b9\u03ac \u03c4\u03bf\u03c5 \u03ad\u03c7\u03b5\u03b9 \u03c3\u03ac\u03c1\u03ba\u03b1, \u03cc\u03c0\u03c9\u03c2 \u03bb\u03ad\u03b5\u03b9 \u03bf \u03b4\u03b7\u03bc\u03b9\u03bf\u03c5\u03c1\u03b3\u03cc\u03c2, \u03b7 \u03bf\u03c0\u03bf\u03af\u03b1 \u03b5\u03bd\u03b1\u03c0\u03bf\u03c4\u03ad\u03b8\u03b7\u03ba\u03b5 \u03c0\u03ac\u03bd\u03c9 \u03c3\u03c4\u03bf \u03c7\u03b1\u03c1\u03c4\u03af \u03c4\u03b7 \u03c3\u03c4\u03b9\u03b3\u03bc\u03ae \u03c4\u03b7\u03c2 \u03b3\u03ad\u03bd\u03bd\u03b7\u03c3\u03ae\u03c2 \u03c4\u03bf\u03c5 \u03ba\u03b1\u03b9 \u03b4\u03b5\u03bd \u03bc\u03b5\u03c4\u03b1\u03c6\u03ad\u03c1\u03b8\u03b7\u03ba\u03b5 \u03b5\u03ba\u03b5\u03af \u03c6\u03c9\u03c4\u03bf\u03bc\u03b7\u03c7\u03b1\u03bd\u03b9\u03ba\u03ac. \u00ab\u0391\u03c5\u03c4\u03ae \u03b5\u03af\u03bd\u03b1\u03b9 \u03bc\u03b9\u03b1 \u03ac\u03bb\u03bb\u03b7 \u03b1\u03bd\u03c4\u03b9\u03bc\u03b5\u03c4\u03ce\u03c0\u03b9\u03c3\u03b7 \u03c4\u03b7\u03c2 \u03c7\u03b1\u03c1\u03b1\u03ba\u03c4\u03b9\u03ba\u03ae\u03c2\u00bb \u03c4\u03bf\u03bd\u03af\u03b6\u03b5\u03b9 \u03bf \u039c\u03b9\u03c7\u03ac\u03bb\u03b7\u03c2 \u0391\u03c1\u03c6\u03b1\u03c1\u03ac\u03c2. \u00ab\u039f \u0391\u03ba\u03b7\u03c2 \u03b5\u03af\u03bd\u03b1\u03b9 \u03b1\u03c0\u03cc \u03c4\u03bf\u03c5\u03c2 \u03b2\u03b1\u03c3\u03b9\u03ba\u03bf\u03cd\u03c2 \u03ba\u03b1\u03bb\u03bb\u03b9\u03c4\u03ad\u03c7\u03bd\u03b5\u03c2 \u03bc\u03b5\u03c4\u03b1\u03be\u03bf\u03c4\u03c5\u03c0\u03af\u03b1\u03c2 \u03c3\u03c4\u03b7\u03bd \u0395\u03bb\u03bb\u03ac\u03b4\u03b1 \u03ba\u03b1\u03b9 \u03b1\u03c5\u03c4\u03ae \u03b5\u03af\u03bd\u03b1\u03b9 \u03bc\u03b9\u03b1 \u03b4\u03b9\u03b1\u03c7\u03c1\u03bf\u03bd\u03b9\u03ba\u03ae \u03ad\u03ba\u03b8\u03b5\u03c3\u03b7 \u03c4\u03b7\u03c2 \u03b4\u03bf\u03c5\u03bb\u03b5\u03b9\u03ac\u03c2 \u03c4\u03bf\u03c5. \u0392\u03bb\u03ad\u03c0\u03bf\u03c5\u03bc\u03b5 \u03cc\u03c4\u03b9 \u03b7 \u03bc\u03b5\u03c4\u03b1\u03be\u03bf\u03c4\u03c5\u03c0\u03af\u03b1 \u03c4\u03bf\u03c5 \u0391\u03ba\u03b7 \u03c0\u03bf\u03b9\u03bf\u03c4\u03b9\u03ba\u03ac, \u03c3\u03b1\u03bd \u03b5\u03b9\u03ba\u03b1\u03c3\u03c4\u03b9\u03ba\u03ae \u03ad\u03ba\u03c6\u03c1\u03b1\u03c3\u03b7, \u03c6\u03c4\u03ac\u03bd\u03b5\u03b9 \u03c3\u03c4\u03bf \u03c0\u03b9\u03bf \u03c4\u03ad\u03bb\u03b5\u03b9\u03bf \u03b5\u03c0\u03af\u03c0\u03b5\u03b4\u03bf \u03c0\u03bf\u03c5 \u03bc\u03c0\u03bf\u03c1\u03b5\u03af \u03b7 \u03bc\u03b5\u03c4\u03b1\u03be\u03bf\u03c4\u03c5\u03c0\u03af\u03b1 \u03bd\u03b1 \u03c7\u03b5\u03b9\u03c1\u03b9\u03c3\u03c4\u03b5\u03af \u03c3\u03b1\u03bd \u03b5\u03b9\u03ba\u03b1\u03c3\u03c4\u03b9\u03ba\u03cc \u03b5\u03c1\u03b3\u03b1\u03bb\u03b5\u03af\u03bf. \u03a4\u03bf \u03bc\u03b5\u03b3\u03ac\u03bb\u03bf \u03b5\u03c0\u03af\u03c4\u03b5\u03c5\u03b3\u03bc\u03b1 \u03ba\u03b1\u03b9 \u03c0\u03bb\u03b5\u03bf\u03bd\u03ad\u03ba\u03c4\u03b7\u03bc\u03b1 \u03c4\u03b7\u03c2 \u03bc\u03b5\u03c4\u03b1\u03be\u03bf\u03c4\u03c5\u03c0\u03af\u03b1\u03c2 \u03b5\u03af\u03bd\u03b1\u03b9 \u03c4\u03bf \u03c7\u03c1\u03ce\u03bc\u03b1. \u039f \u03b4\u03b7\u03bc\u03b9\u03bf\u03c5\u03c1\u03b3\u03cc\u03c2 \u03c4\u03bf \u03c7\u03b5\u03b9\u03c1\u03af\u03b6\u03b5\u03c4\u03b1\u03b9 \u03c0\u03ac\u03c1\u03b1 \u03c0\u03bf\u03bb\u03cd \u03c9\u03c1\u03b1\u03af\u03b1, \u03cc\u03c0\u03c9\u03c2 \u03ba\u03b1\u03b9 \u03c4\u03b7 \u03c6\u03c9\u03c4\u03bf\u03b3\u03c1\u03b1\u03c6\u03af\u03b1 \u03c4\u03b7\u03bd \u03bf\u03c0\u03bf\u03af\u03b1 \u03c7\u03c1\u03b7\u03c3\u03b9\u03bc\u03bf\u03c0\u03bf\u03b9\u03b5\u03af \u03c9\u03c2 \u03c3\u03cd\u03bc\u03b2\u03bf\u03bb\u03bf \u03bc\u03ad\u03c3\u03b1 \u03c3\u03c4\u03b1 \u03ad\u03c1\u03b3\u03b1 \u03c4\u03bf\u03c5 \u03ba\u03b1\u03b9 \u03cc\u03c7\u03b9 \u03c9\u03c2 \u03b1\u03bd\u03c4\u03b9\u03b3\u03c1\u03b1\u03c6\u03ae. \u0394\u03b5\u03bd \u03b1\u03c6\u03b7\u03b3\u03b5\u03af\u03c4\u03b1\u03b9 \u03bf \u03a0\u03b5\u03b9\u03c1\u03bf\u03c5\u03bd\u03af\u03b4\u03b7\u03c2, \u03b4\u03b7\u03bc\u03b9\u03bf\u03c5\u03c1\u03b3\u03b5\u03af \u03ad\u03c1\u03b3\u03b1 \u03c0\u03bf\u03c5 \u03ad\u03c7\u03bf\u03c5\u03bd \u03c3\u03c7\u03ad\u03c3\u03b7 \u03bc\u03b5 \u03c4\u03bf\u03bd \u03c3\u03c5\u03bd\u03b1\u03b9\u03c3\u03b8\u03b7\u03bc\u03b1\u03c4\u03b9\u03ba\u03cc \u03bc\u03b1\u03c2 \u03ba\u03cc\u03c3\u03bc\u03bf \u03ba\u03b1\u03b9 \u03cc\u03c7\u03b9 \u03b1\u03c5\u03c4\u03cc\u03bd \u03c0\u03bf\u03c5 \u03b4\u03b5\u03af\u03c7\u03bd\u03bf\u03c5\u03bd \u03ba\u03c5\u03c1\u03b9\u03bf\u03bb\u03b5\u03ba\u03c4\u03b9\u03ba\u03ac \u03bf\u03b9 \u03b5\u03b9\u03ba\u03cc\u03bd\u03b5\u03c2 \u03c4\u03bf\u03c5\u00bb.<\/p>\n<p>\u03a0\u03b7\u03b3\u03ae&nbsp;tovima.gr<\/p>\n","protected":false},"excerpt":{"rendered":"<div class=\"product-short-description\">\n<p>Silkscreen numbered and signed by the artist in 150 copies<\/p>\n<\/div>\n<form class=\"cart\" enctype=\"multipart\/form-data\" method=\"post\">\n<div class=\"nm-quantity-wrap\">\n<div class=\"quantity\">\n<div class=\"nm-qty-minus nm-font nm-font-media-play rotate-90\">&nbsp;<\/div>\n<\/div>\n<\/div>\n<\/form>\n","protected":false},"featured_media":13976,"template":"","meta":{"ngg_post_thumbnail":0},"product_brand":[],"product_cat":[1987,2226,1991],"product_tag":[],"class_list":{"0":"post-16768","1":"product","2":"type-product","3":"status-publish","4":"has-post-thumbnail","6":"product_cat-eshop-en","7":"product_cat-old-silkscreens-collection","8":"product_cat-silkscreens-shop","10":"first","11":"instock","12":"taxable","13":"shipping-taxable","14":"purchasable","15":"product-type-simple"},"yoast_head":"<!-- This site is optimized with the Yoast SEO plugin v27.4 - https:\/\/yoast.com\/product\/yoast-seo-wordpress\/ -->\n<title>Postcard Silkscreen by Akis Peirounidis at Ikastikos Kiklos Sianti Gallery.<\/title>\n<meta name=\"description\" content=\"Postcard Silkscreen by Akis Peirounidis at Ikastikos Kiklos Sianti Gallery. Dimensions 69.5x49 cm and 150 copies numered and signed\" \/>\n<meta name=\"robots\" content=\"index, follow, max-snippet:-1, max-image-preview:large, max-video-preview:-1\" \/>\n<link rel=\"canonical\" href=\"https:\/\/ikastikos-kiklos.com\/en\/product\/\u03ba\u03b1\u03c1\u03c4-\u03c0\u03bf\u03c3\u03c4\u03ac\u03bb\/\" \/>\n<meta property=\"og:locale\" content=\"en_US\" \/>\n<meta property=\"og:type\" content=\"article\" \/>\n<meta property=\"og:title\" content=\"Postcard Silkscreen by Akis Peirounidis at Ikastikos Kiklos Sianti Gallery.\" \/>\n<meta property=\"og:description\" content=\"Postcard Silkscreen by Akis Peirounidis at Ikastikos Kiklos Sianti Gallery. Dimensions 69.5x49 cm and 150 copies numered and signed\" \/>\n<meta property=\"og:url\" content=\"https:\/\/ikastikos-kiklos.com\/en\/product\/\u03ba\u03b1\u03c1\u03c4-\u03c0\u03bf\u03c3\u03c4\u03ac\u03bb\/\" \/>\n<meta property=\"og:site_name\" content=\"Ikastikos Kiklos - Zografik\u00ed - Metaxotyp\u00edes - T\u00e9chniPainting - Silk Screen - Art\" \/>\n<meta property=\"article:publisher\" content=\"https:\/\/www.facebook.com\/ikastikoskiklossianti\/\" \/>\n<meta property=\"article:modified_time\" content=\"2019-02-08T09:33:31+00:00\" \/>\n<meta property=\"og:image\" content=\"https:\/\/ikastikos-kiklos.com\/wp-content\/uploads\/2018\/03\/Job_7852.jpg\" \/>\n\t<meta property=\"og:image:width\" content=\"1100\" \/>\n\t<meta property=\"og:image:height\" content=\"789\" \/>\n\t<meta property=\"og:image:type\" content=\"image\/jpeg\" \/>\n<meta name=\"twitter:card\" content=\"summary_large_image\" \/>\n<script type=\"application\/ld+json\" class=\"yoast-schema-graph\">{\"@context\":\"https:\\\/\\\/schema.org\",\"@graph\":[{\"@type\":\"WebPage\",\"@id\":\"https:\\\/\\\/ikastikos-kiklos.com\\\/en\\\/product\\\/%ce%ba%ce%b1%cf%81%cf%84-%cf%80%ce%bf%cf%83%cf%84%ce%ac%ce%bb\\\/\",\"url\":\"https:\\\/\\\/ikastikos-kiklos.com\\\/en\\\/product\\\/%ce%ba%ce%b1%cf%81%cf%84-%cf%80%ce%bf%cf%83%cf%84%ce%ac%ce%bb\\\/\",\"name\":\"Postcard Silkscreen by Akis Peirounidis at Ikastikos Kiklos Sianti Gallery.\",\"isPartOf\":{\"@id\":\"https:\\\/\\\/ikastikos-kiklos.com\\\/en\\\/#website\"},\"primaryImageOfPage\":{\"@id\":\"https:\\\/\\\/ikastikos-kiklos.com\\\/en\\\/product\\\/%ce%ba%ce%b1%cf%81%cf%84-%cf%80%ce%bf%cf%83%cf%84%ce%ac%ce%bb\\\/#primaryimage\"},\"image\":{\"@id\":\"https:\\\/\\\/ikastikos-kiklos.com\\\/en\\\/product\\\/%ce%ba%ce%b1%cf%81%cf%84-%cf%80%ce%bf%cf%83%cf%84%ce%ac%ce%bb\\\/#primaryimage\"},\"thumbnailUrl\":\"https:\\\/\\\/ikastikos-kiklos.com\\\/wp-content\\\/uploads\\\/2018\\\/03\\\/Job_7852.jpg\",\"datePublished\":\"2018-03-07T13:17:39+00:00\",\"dateModified\":\"2019-02-08T09:33:31+00:00\",\"description\":\"Postcard Silkscreen by Akis Peirounidis at Ikastikos Kiklos Sianti Gallery. Dimensions 69.5x49 cm and 150 copies numered and signed\",\"breadcrumb\":{\"@id\":\"https:\\\/\\\/ikastikos-kiklos.com\\\/en\\\/product\\\/%ce%ba%ce%b1%cf%81%cf%84-%cf%80%ce%bf%cf%83%cf%84%ce%ac%ce%bb\\\/#breadcrumb\"},\"inLanguage\":\"en-US\",\"potentialAction\":[{\"@type\":\"ReadAction\",\"target\":[\"https:\\\/\\\/ikastikos-kiklos.com\\\/en\\\/product\\\/%ce%ba%ce%b1%cf%81%cf%84-%cf%80%ce%bf%cf%83%cf%84%ce%ac%ce%bb\\\/\"]}]},{\"@type\":\"ImageObject\",\"inLanguage\":\"en-US\",\"@id\":\"https:\\\/\\\/ikastikos-kiklos.com\\\/en\\\/product\\\/%ce%ba%ce%b1%cf%81%cf%84-%cf%80%ce%bf%cf%83%cf%84%ce%ac%ce%bb\\\/#primaryimage\",\"url\":\"https:\\\/\\\/ikastikos-kiklos.com\\\/wp-content\\\/uploads\\\/2018\\\/03\\\/Job_7852.jpg\",\"contentUrl\":\"https:\\\/\\\/ikastikos-kiklos.com\\\/wp-content\\\/uploads\\\/2018\\\/03\\\/Job_7852.jpg\",\"width\":1100,\"height\":789,\"caption\":\"\u039a\u03b1\u03c1\u03c4 \u03a0\u03bf\u03c3\u03c4\u03ac\u03bb \u039c\u03b5\u03c4\u03b1\u03be\u03bf\u03c4\u03c5\u03c0\u03af\u03b1 \u03c4\u03bf\u03c5 \u0386\u03ba\u03b7 \u03a0\u03b5\u03b9\u03c1\u03bf\u03c5\u03bd\u03af\u03b4\u03b7 \u03c3\u03c4\u03bf\u03bd \u0395\u03b9\u03ba\u03b1\u03c3\u03c4\u03b9\u03ba\u03cc \u039a\u03cd\u03ba\u03bb\u03bf Sianti\"},{\"@type\":\"BreadcrumbList\",\"@id\":\"https:\\\/\\\/ikastikos-kiklos.com\\\/en\\\/product\\\/%ce%ba%ce%b1%cf%81%cf%84-%cf%80%ce%bf%cf%83%cf%84%ce%ac%ce%bb\\\/#breadcrumb\",\"itemListElement\":[{\"@type\":\"ListItem\",\"position\":1,\"name\":\"Home\",\"item\":\"https:\\\/\\\/ikastikos-kiklos.com\\\/en\\\/\"},{\"@type\":\"ListItem\",\"position\":2,\"name\":\"\u0388\u03c1\u03b3\u03b1 \u03c4\u03ad\u03c7\u03bd\u03b7\u03c2\",\"item\":\"https:\\\/\\\/ikastikos-kiklos.com\\\/%ce%ad%cf%81%ce%b3%ce%b1-%cf%84%ce%ad%cf%87%ce%bd%ce%b7%cf%82\\\/\"},{\"@type\":\"ListItem\",\"position\":3,\"name\":\"Postcard\"}]},{\"@type\":\"WebSite\",\"@id\":\"https:\\\/\\\/ikastikos-kiklos.com\\\/en\\\/#website\",\"url\":\"https:\\\/\\\/ikastikos-kiklos.com\\\/en\\\/\",\"name\":\"Ikastikos Kiklos - Zografik\u00ed - Metaxotyp\u00edes - T\u00e9chniPainting - Silk Screen - Art\",\"description\":\"\",\"publisher\":{\"@id\":\"https:\\\/\\\/ikastikos-kiklos.com\\\/en\\\/#organization\"},\"potentialAction\":[{\"@type\":\"SearchAction\",\"target\":{\"@type\":\"EntryPoint\",\"urlTemplate\":\"https:\\\/\\\/ikastikos-kiklos.com\\\/en\\\/?s={search_term_string}\"},\"query-input\":{\"@type\":\"PropertyValueSpecification\",\"valueRequired\":true,\"valueName\":\"search_term_string\"}}],\"inLanguage\":\"en-US\"},{\"@type\":\"Organization\",\"@id\":\"https:\\\/\\\/ikastikos-kiklos.com\\\/en\\\/#organization\",\"name\":\"Ikastikos Kiklos - Zografik\u00ed - Metaxotyp\u00edes - T\u00e9chniPainting - Silk Screen - Art\",\"url\":\"https:\\\/\\\/ikastikos-kiklos.com\\\/en\\\/\",\"logo\":{\"@type\":\"ImageObject\",\"inLanguage\":\"en-US\",\"@id\":\"https:\\\/\\\/ikastikos-kiklos.com\\\/en\\\/#\\\/schema\\\/logo\\\/image\\\/\",\"url\":\"https:\\\/\\\/ikastikos-kiklos.com\\\/wp-content\\\/uploads\\\/2022\\\/10\\\/cropped-favicon_ikastikos.png\",\"contentUrl\":\"https:\\\/\\\/ikastikos-kiklos.com\\\/wp-content\\\/uploads\\\/2022\\\/10\\\/cropped-favicon_ikastikos.png\",\"width\":512,\"height\":512,\"caption\":\"Ikastikos Kiklos - Zografik\u00ed - Metaxotyp\u00edes - T\u00e9chniPainting - Silk Screen - Art\"},\"image\":{\"@id\":\"https:\\\/\\\/ikastikos-kiklos.com\\\/en\\\/#\\\/schema\\\/logo\\\/image\\\/\"},\"sameAs\":[\"https:\\\/\\\/www.facebook.com\\\/ikastikoskiklossianti\\\/\"]}]}<\/script>\n<!-- \/ Yoast SEO plugin. -->","yoast_head_json":{"title":"Postcard Silkscreen by Akis Peirounidis at Ikastikos Kiklos Sianti Gallery.","description":"Postcard Silkscreen by Akis Peirounidis at Ikastikos Kiklos Sianti Gallery. Dimensions 69.5x49 cm and 150 copies numered and signed","robots":{"index":"index","follow":"follow","max-snippet":"max-snippet:-1","max-image-preview":"max-image-preview:large","max-video-preview":"max-video-preview:-1"},"canonical":"https:\/\/ikastikos-kiklos.com\/en\/product\/\u03ba\u03b1\u03c1\u03c4-\u03c0\u03bf\u03c3\u03c4\u03ac\u03bb\/","og_locale":"en_US","og_type":"article","og_title":"Postcard Silkscreen by Akis Peirounidis at Ikastikos Kiklos Sianti Gallery.","og_description":"Postcard Silkscreen by Akis Peirounidis at Ikastikos Kiklos Sianti Gallery. Dimensions 69.5x49 cm and 150 copies numered and signed","og_url":"https:\/\/ikastikos-kiklos.com\/en\/product\/\u03ba\u03b1\u03c1\u03c4-\u03c0\u03bf\u03c3\u03c4\u03ac\u03bb\/","og_site_name":"Ikastikos Kiklos - Zografik\u00ed - Metaxotyp\u00edes - T\u00e9chniPainting - Silk Screen - Art","article_publisher":"https:\/\/www.facebook.com\/ikastikoskiklossianti\/","article_modified_time":"2019-02-08T09:33:31+00:00","og_image":[{"width":1100,"height":789,"url":"https:\/\/ikastikos-kiklos.com\/wp-content\/uploads\/2018\/03\/Job_7852.jpg","type":"image\/jpeg"}],"twitter_card":"summary_large_image","schema":{"@context":"https:\/\/schema.org","@graph":[{"@type":"WebPage","@id":"https:\/\/ikastikos-kiklos.com\/en\/product\/%ce%ba%ce%b1%cf%81%cf%84-%cf%80%ce%bf%cf%83%cf%84%ce%ac%ce%bb\/","url":"https:\/\/ikastikos-kiklos.com\/en\/product\/%ce%ba%ce%b1%cf%81%cf%84-%cf%80%ce%bf%cf%83%cf%84%ce%ac%ce%bb\/","name":"Postcard Silkscreen by Akis Peirounidis at Ikastikos Kiklos Sianti Gallery.","isPartOf":{"@id":"https:\/\/ikastikos-kiklos.com\/en\/#website"},"primaryImageOfPage":{"@id":"https:\/\/ikastikos-kiklos.com\/en\/product\/%ce%ba%ce%b1%cf%81%cf%84-%cf%80%ce%bf%cf%83%cf%84%ce%ac%ce%bb\/#primaryimage"},"image":{"@id":"https:\/\/ikastikos-kiklos.com\/en\/product\/%ce%ba%ce%b1%cf%81%cf%84-%cf%80%ce%bf%cf%83%cf%84%ce%ac%ce%bb\/#primaryimage"},"thumbnailUrl":"https:\/\/ikastikos-kiklos.com\/wp-content\/uploads\/2018\/03\/Job_7852.jpg","datePublished":"2018-03-07T13:17:39+00:00","dateModified":"2019-02-08T09:33:31+00:00","description":"Postcard Silkscreen by Akis Peirounidis at Ikastikos Kiklos Sianti Gallery. Dimensions 69.5x49 cm and 150 copies numered and signed","breadcrumb":{"@id":"https:\/\/ikastikos-kiklos.com\/en\/product\/%ce%ba%ce%b1%cf%81%cf%84-%cf%80%ce%bf%cf%83%cf%84%ce%ac%ce%bb\/#breadcrumb"},"inLanguage":"en-US","potentialAction":[{"@type":"ReadAction","target":["https:\/\/ikastikos-kiklos.com\/en\/product\/%ce%ba%ce%b1%cf%81%cf%84-%cf%80%ce%bf%cf%83%cf%84%ce%ac%ce%bb\/"]}]},{"@type":"ImageObject","inLanguage":"en-US","@id":"https:\/\/ikastikos-kiklos.com\/en\/product\/%ce%ba%ce%b1%cf%81%cf%84-%cf%80%ce%bf%cf%83%cf%84%ce%ac%ce%bb\/#primaryimage","url":"https:\/\/ikastikos-kiklos.com\/wp-content\/uploads\/2018\/03\/Job_7852.jpg","contentUrl":"https:\/\/ikastikos-kiklos.com\/wp-content\/uploads\/2018\/03\/Job_7852.jpg","width":1100,"height":789,"caption":"\u039a\u03b1\u03c1\u03c4 \u03a0\u03bf\u03c3\u03c4\u03ac\u03bb \u039c\u03b5\u03c4\u03b1\u03be\u03bf\u03c4\u03c5\u03c0\u03af\u03b1 \u03c4\u03bf\u03c5 \u0386\u03ba\u03b7 \u03a0\u03b5\u03b9\u03c1\u03bf\u03c5\u03bd\u03af\u03b4\u03b7 \u03c3\u03c4\u03bf\u03bd \u0395\u03b9\u03ba\u03b1\u03c3\u03c4\u03b9\u03ba\u03cc \u039a\u03cd\u03ba\u03bb\u03bf Sianti"},{"@type":"BreadcrumbList","@id":"https:\/\/ikastikos-kiklos.com\/en\/product\/%ce%ba%ce%b1%cf%81%cf%84-%cf%80%ce%bf%cf%83%cf%84%ce%ac%ce%bb\/#breadcrumb","itemListElement":[{"@type":"ListItem","position":1,"name":"Home","item":"https:\/\/ikastikos-kiklos.com\/en\/"},{"@type":"ListItem","position":2,"name":"\u0388\u03c1\u03b3\u03b1 \u03c4\u03ad\u03c7\u03bd\u03b7\u03c2","item":"https:\/\/ikastikos-kiklos.com\/%ce%ad%cf%81%ce%b3%ce%b1-%cf%84%ce%ad%cf%87%ce%bd%ce%b7%cf%82\/"},{"@type":"ListItem","position":3,"name":"Postcard"}]},{"@type":"WebSite","@id":"https:\/\/ikastikos-kiklos.com\/en\/#website","url":"https:\/\/ikastikos-kiklos.com\/en\/","name":"Ikastikos Kiklos - Zografik\u00ed - Metaxotyp\u00edes - T\u00e9chniPainting - Silk Screen - Art","description":"","publisher":{"@id":"https:\/\/ikastikos-kiklos.com\/en\/#organization"},"potentialAction":[{"@type":"SearchAction","target":{"@type":"EntryPoint","urlTemplate":"https:\/\/ikastikos-kiklos.com\/en\/?s={search_term_string}"},"query-input":{"@type":"PropertyValueSpecification","valueRequired":true,"valueName":"search_term_string"}}],"inLanguage":"en-US"},{"@type":"Organization","@id":"https:\/\/ikastikos-kiklos.com\/en\/#organization","name":"Ikastikos Kiklos - Zografik\u00ed - Metaxotyp\u00edes - T\u00e9chniPainting - Silk Screen - Art","url":"https:\/\/ikastikos-kiklos.com\/en\/","logo":{"@type":"ImageObject","inLanguage":"en-US","@id":"https:\/\/ikastikos-kiklos.com\/en\/#\/schema\/logo\/image\/","url":"https:\/\/ikastikos-kiklos.com\/wp-content\/uploads\/2022\/10\/cropped-favicon_ikastikos.png","contentUrl":"https:\/\/ikastikos-kiklos.com\/wp-content\/uploads\/2022\/10\/cropped-favicon_ikastikos.png","width":512,"height":512,"caption":"Ikastikos Kiklos - Zografik\u00ed - Metaxotyp\u00edes - T\u00e9chniPainting - Silk Screen - Art"},"image":{"@id":"https:\/\/ikastikos-kiklos.com\/en\/#\/schema\/logo\/image\/"},"sameAs":["https:\/\/www.facebook.com\/ikastikoskiklossianti\/"]}]}},"_links":{"self":[{"href":"https:\/\/ikastikos-kiklos.com\/en\/wp-json\/wp\/v2\/product\/16768","targetHints":{"allow":["GET"]}}],"collection":[{"href":"https:\/\/ikastikos-kiklos.com\/en\/wp-json\/wp\/v2\/product"}],"about":[{"href":"https:\/\/ikastikos-kiklos.com\/en\/wp-json\/wp\/v2\/types\/product"}],"wp:featuredmedia":[{"embeddable":true,"href":"https:\/\/ikastikos-kiklos.com\/en\/wp-json\/wp\/v2\/media\/13976"}],"wp:attachment":[{"href":"https:\/\/ikastikos-kiklos.com\/en\/wp-json\/wp\/v2\/media?parent=16768"}],"wp:term":[{"taxonomy":"product_brand","embeddable":true,"href":"https:\/\/ikastikos-kiklos.com\/en\/wp-json\/wp\/v2\/product_brand?post=16768"},{"taxonomy":"product_cat","embeddable":true,"href":"https:\/\/ikastikos-kiklos.com\/en\/wp-json\/wp\/v2\/product_cat?post=16768"},{"taxonomy":"product_tag","embeddable":true,"href":"https:\/\/ikastikos-kiklos.com\/en\/wp-json\/wp\/v2\/product_tag?post=16768"}],"curies":[{"name":"wp","href":"https:\/\/api.w.org\/{rel}","templated":true}]}}