{"id":16748,"date":"2018-04-23T16:10:37","date_gmt":"2018-04-23T13:10:37","guid":{"rendered":"https:\/\/ikastikos-kiklos.com\/\u03c0\u03c1\u03bf\u03ca\u03cc\u03bd\/%ce%b1%cf%80%cf%8c-%cf%84%ce%b7%ce%bd-%ce%bc%cf%8d%ce%ba%ce%bf%ce%bd%ce%bf-%cf%87%ce%b5%ce%b9%ce%bc%cf%8e%ce%bd%ce%b1\/"},"modified":"2018-11-09T12:05:07","modified_gmt":"2018-11-09T10:05:07","slug":"%ce%b1%cf%80%cf%8c-%cf%84%ce%b7%ce%bd-%ce%bc%cf%8d%ce%ba%ce%bf%ce%bd%ce%bf-%cf%87%ce%b5%ce%b9%ce%bc%cf%8e%ce%bd%ce%b1","status":"publish","type":"product","link":"https:\/\/ikastikos-kiklos.com\/en\/product\/%ce%b1%cf%80%cf%8c-%cf%84%ce%b7%ce%bd-%ce%bc%cf%8d%ce%ba%ce%bf%ce%bd%ce%bf-%cf%87%ce%b5%ce%b9%ce%bc%cf%8e%ce%bd%ce%b1\/","title":{"rendered":"From Mykonos Winter"},"content":{"rendered":"<p>After the use of the board, which is easy to engrave and has no cost, Grammatopoulos taught another technical system, which is the coloring of wood surfaces. In this, the image is created by the interference of three basic colors in the formation of a composition and by attacking, without engraving, of a dividing line or of several dividing lines defining the drawing. This attack is done by printing a white band or several white areas that overlap the colors. In this way, he accomplished a work that does not arise from the sculpting of a surface, but is linked to a technical discovery of the ability of white to overlap certain areas and to leave minute passes -tonal gradients. This discovery resulted in the creation of a flash and the creation of soft passages from the bright to the dark parts of the project. With this process, a painting (painted with engraving) and a plasticity in his engraving work were shaped by purely engraving solutions, which did not give either side or standing wood.<\/p>\n<p>Source: artmag.gr<\/p>\n","protected":false},"excerpt":{"rendered":"<p>Lithography by Kostas Grammatopoulos\u00a0 250 copies numbered and signed by the artist himself<\/p>\n<p>&nbsp;<\/p>\n","protected":false},"featured_media":11479,"template":"","meta":{"ngg_post_thumbnail":0},"product_brand":[],"product_cat":[398,1987,2050,1991],"product_tag":[],"class_list":{"0":"post-16748","1":"product","2":"type-product","3":"status-publish","4":"has-post-thumbnail","6":"product_cat-collections","7":"product_cat-eshop-en","8":"product_cat-lithographies-en","9":"product_cat-silkscreens-shop","10":"product_shipping_class-0-2kg","12":"first","13":"instock","14":"taxable","15":"shipping-taxable","16":"purchasable","17":"product-type-simple"},"yoast_head":"<!-- This site is optimized with the Yoast SEO plugin v27.4 - https:\/\/yoast.com\/product\/yoast-seo-wordpress\/ -->\n<title>From Mykonos Winter Lithography by Kostas Grammatopoulos at Ikastikos Kiklos Sianti Gallery.<\/title>\n<meta name=\"description\" content=\"From Mykonos Winter Lithography by Kostas Grammatopoulos at Ikastikos Kiklos Sianti Gallery. Dimensions 70x50 cm and 250 copies numbered and signed by the artist himself\" \/>\n<meta name=\"robots\" content=\"index, follow, max-snippet:-1, max-image-preview:large, max-video-preview:-1\" \/>\n<link rel=\"canonical\" href=\"https:\/\/ikastikos-kiklos.com\/en\/product\/\u03b1\u03c0\u03cc-\u03c4\u03b7\u03bd-\u03bc\u03cd\u03ba\u03bf\u03bd\u03bf-\u03c7\u03b5\u03b9\u03bc\u03ce\u03bd\u03b1\/\" \/>\n<meta property=\"og:locale\" content=\"en_US\" \/>\n<meta property=\"og:type\" content=\"article\" \/>\n<meta property=\"og:title\" content=\"From Mykonos Winter Lithography by Kostas Grammatopoulos at Ikastikos Kiklos Sianti Gallery.\" \/>\n<meta property=\"og:description\" content=\"From Mykonos Winter Lithography by Kostas Grammatopoulos at Ikastikos Kiklos Sianti Gallery. Dimensions 70x50 cm and 250 copies numbered and signed by the artist himself\" \/>\n<meta property=\"og:url\" content=\"https:\/\/ikastikos-kiklos.com\/en\/product\/\u03b1\u03c0\u03cc-\u03c4\u03b7\u03bd-\u03bc\u03cd\u03ba\u03bf\u03bd\u03bf-\u03c7\u03b5\u03b9\u03bc\u03ce\u03bd\u03b1\/\" \/>\n<meta property=\"og:site_name\" content=\"Ikastikos Kiklos - Zografik\u00ed - Metaxotyp\u00edes - T\u00e9chniPainting - Silk Screen - Art\" \/>\n<meta property=\"article:publisher\" content=\"https:\/\/www.facebook.com\/ikastikoskiklossianti\/\" \/>\n<meta property=\"article:modified_time\" content=\"2018-11-09T10:05:07+00:00\" \/>\n<meta property=\"og:image\" content=\"https:\/\/ikastikos-kiklos.com\/wp-content\/uploads\/2018\/04\/Job_5006.jpg\" \/>\n\t<meta property=\"og:image:width\" content=\"900\" \/>\n\t<meta property=\"og:image:height\" content=\"676\" \/>\n\t<meta property=\"og:image:type\" content=\"image\/jpeg\" \/>\n<meta name=\"twitter:card\" content=\"summary_large_image\" \/>\n<meta name=\"twitter:label1\" content=\"Est. reading time\" \/>\n\t<meta name=\"twitter:data1\" content=\"1 minute\" \/>\n<script type=\"application\/ld+json\" class=\"yoast-schema-graph\">{\"@context\":\"https:\\\/\\\/schema.org\",\"@graph\":[{\"@type\":\"WebPage\",\"@id\":\"https:\\\/\\\/ikastikos-kiklos.com\\\/en\\\/product\\\/%ce%b1%cf%80%cf%8c-%cf%84%ce%b7%ce%bd-%ce%bc%cf%8d%ce%ba%ce%bf%ce%bd%ce%bf-%cf%87%ce%b5%ce%b9%ce%bc%cf%8e%ce%bd%ce%b1\\\/\",\"url\":\"https:\\\/\\\/ikastikos-kiklos.com\\\/en\\\/product\\\/%ce%b1%cf%80%cf%8c-%cf%84%ce%b7%ce%bd-%ce%bc%cf%8d%ce%ba%ce%bf%ce%bd%ce%bf-%cf%87%ce%b5%ce%b9%ce%bc%cf%8e%ce%bd%ce%b1\\\/\",\"name\":\"From Mykonos Winter Lithography by Kostas Grammatopoulos at Ikastikos Kiklos Sianti Gallery.\",\"isPartOf\":{\"@id\":\"https:\\\/\\\/ikastikos-kiklos.com\\\/en\\\/#website\"},\"primaryImageOfPage\":{\"@id\":\"https:\\\/\\\/ikastikos-kiklos.com\\\/en\\\/product\\\/%ce%b1%cf%80%cf%8c-%cf%84%ce%b7%ce%bd-%ce%bc%cf%8d%ce%ba%ce%bf%ce%bd%ce%bf-%cf%87%ce%b5%ce%b9%ce%bc%cf%8e%ce%bd%ce%b1\\\/#primaryimage\"},\"image\":{\"@id\":\"https:\\\/\\\/ikastikos-kiklos.com\\\/en\\\/product\\\/%ce%b1%cf%80%cf%8c-%cf%84%ce%b7%ce%bd-%ce%bc%cf%8d%ce%ba%ce%bf%ce%bd%ce%bf-%cf%87%ce%b5%ce%b9%ce%bc%cf%8e%ce%bd%ce%b1\\\/#primaryimage\"},\"thumbnailUrl\":\"https:\\\/\\\/ikastikos-kiklos.com\\\/wp-content\\\/uploads\\\/2018\\\/04\\\/Job_5006.jpg\",\"datePublished\":\"2018-04-23T13:10:37+00:00\",\"dateModified\":\"2018-11-09T10:05:07+00:00\",\"description\":\"From Mykonos Winter Lithography by Kostas Grammatopoulos at Ikastikos Kiklos Sianti Gallery. Dimensions 70x50 cm and 250 copies numbered and signed by the artist himself\",\"breadcrumb\":{\"@id\":\"https:\\\/\\\/ikastikos-kiklos.com\\\/en\\\/product\\\/%ce%b1%cf%80%cf%8c-%cf%84%ce%b7%ce%bd-%ce%bc%cf%8d%ce%ba%ce%bf%ce%bd%ce%bf-%cf%87%ce%b5%ce%b9%ce%bc%cf%8e%ce%bd%ce%b1\\\/#breadcrumb\"},\"inLanguage\":\"en-US\",\"potentialAction\":[{\"@type\":\"ReadAction\",\"target\":[\"https:\\\/\\\/ikastikos-kiklos.com\\\/en\\\/product\\\/%ce%b1%cf%80%cf%8c-%cf%84%ce%b7%ce%bd-%ce%bc%cf%8d%ce%ba%ce%bf%ce%bd%ce%bf-%cf%87%ce%b5%ce%b9%ce%bc%cf%8e%ce%bd%ce%b1\\\/\"]}]},{\"@type\":\"ImageObject\",\"inLanguage\":\"en-US\",\"@id\":\"https:\\\/\\\/ikastikos-kiklos.com\\\/en\\\/product\\\/%ce%b1%cf%80%cf%8c-%cf%84%ce%b7%ce%bd-%ce%bc%cf%8d%ce%ba%ce%bf%ce%bd%ce%bf-%cf%87%ce%b5%ce%b9%ce%bc%cf%8e%ce%bd%ce%b1\\\/#primaryimage\",\"url\":\"https:\\\/\\\/ikastikos-kiklos.com\\\/wp-content\\\/uploads\\\/2018\\\/04\\\/Job_5006.jpg\",\"contentUrl\":\"https:\\\/\\\/ikastikos-kiklos.com\\\/wp-content\\\/uploads\\\/2018\\\/04\\\/Job_5006.jpg\",\"width\":900,\"height\":676,\"caption\":\"\u0391\u03c0\u03cc \u03c4\u03b7\u03bd \u039c\u03cd\u03ba\u03bf\u03bd\u03bf \u03a7\u03b5\u03b9\u03bc\u03ce\u03bd\u03b1 \u039b\u03b9\u03b8\u03bf\u03b3\u03c1\u03b1\u03c6\u03af\u03b1 \u03c4\u03bf\u03c5 \u039a\u03ce\u03c3\u03c4\u03b1 \u0393\u03c1\u03b1\u03bc\u03bc\u03b1\u03c4\u03cc\u03c0\u03bf\u03c5\u03bb\u03bf\u03c5\"},{\"@type\":\"BreadcrumbList\",\"@id\":\"https:\\\/\\\/ikastikos-kiklos.com\\\/en\\\/product\\\/%ce%b1%cf%80%cf%8c-%cf%84%ce%b7%ce%bd-%ce%bc%cf%8d%ce%ba%ce%bf%ce%bd%ce%bf-%cf%87%ce%b5%ce%b9%ce%bc%cf%8e%ce%bd%ce%b1\\\/#breadcrumb\",\"itemListElement\":[{\"@type\":\"ListItem\",\"position\":1,\"name\":\"Home\",\"item\":\"https:\\\/\\\/ikastikos-kiklos.com\\\/en\\\/\"},{\"@type\":\"ListItem\",\"position\":2,\"name\":\"\u0388\u03c1\u03b3\u03b1 \u03c4\u03ad\u03c7\u03bd\u03b7\u03c2\",\"item\":\"https:\\\/\\\/ikastikos-kiklos.com\\\/%ce%ad%cf%81%ce%b3%ce%b1-%cf%84%ce%ad%cf%87%ce%bd%ce%b7%cf%82\\\/\"},{\"@type\":\"ListItem\",\"position\":3,\"name\":\"From Mykonos Winter\"}]},{\"@type\":\"WebSite\",\"@id\":\"https:\\\/\\\/ikastikos-kiklos.com\\\/en\\\/#website\",\"url\":\"https:\\\/\\\/ikastikos-kiklos.com\\\/en\\\/\",\"name\":\"Ikastikos Kiklos - Zografik\u00ed - Metaxotyp\u00edes - T\u00e9chniPainting - Silk Screen - Art\",\"description\":\"\",\"publisher\":{\"@id\":\"https:\\\/\\\/ikastikos-kiklos.com\\\/en\\\/#organization\"},\"potentialAction\":[{\"@type\":\"SearchAction\",\"target\":{\"@type\":\"EntryPoint\",\"urlTemplate\":\"https:\\\/\\\/ikastikos-kiklos.com\\\/en\\\/?s={search_term_string}\"},\"query-input\":{\"@type\":\"PropertyValueSpecification\",\"valueRequired\":true,\"valueName\":\"search_term_string\"}}],\"inLanguage\":\"en-US\"},{\"@type\":\"Organization\",\"@id\":\"https:\\\/\\\/ikastikos-kiklos.com\\\/en\\\/#organization\",\"name\":\"Ikastikos Kiklos - Zografik\u00ed - Metaxotyp\u00edes - T\u00e9chniPainting - Silk Screen - Art\",\"url\":\"https:\\\/\\\/ikastikos-kiklos.com\\\/en\\\/\",\"logo\":{\"@type\":\"ImageObject\",\"inLanguage\":\"en-US\",\"@id\":\"https:\\\/\\\/ikastikos-kiklos.com\\\/en\\\/#\\\/schema\\\/logo\\\/image\\\/\",\"url\":\"https:\\\/\\\/ikastikos-kiklos.com\\\/wp-content\\\/uploads\\\/2022\\\/10\\\/cropped-favicon_ikastikos.png\",\"contentUrl\":\"https:\\\/\\\/ikastikos-kiklos.com\\\/wp-content\\\/uploads\\\/2022\\\/10\\\/cropped-favicon_ikastikos.png\",\"width\":512,\"height\":512,\"caption\":\"Ikastikos Kiklos - Zografik\u00ed - Metaxotyp\u00edes - T\u00e9chniPainting - Silk Screen - Art\"},\"image\":{\"@id\":\"https:\\\/\\\/ikastikos-kiklos.com\\\/en\\\/#\\\/schema\\\/logo\\\/image\\\/\"},\"sameAs\":[\"https:\\\/\\\/www.facebook.com\\\/ikastikoskiklossianti\\\/\"]}]}<\/script>\n<!-- \/ Yoast SEO plugin. -->","yoast_head_json":{"title":"From Mykonos Winter Lithography by Kostas Grammatopoulos at Ikastikos Kiklos Sianti Gallery.","description":"From Mykonos Winter Lithography by Kostas Grammatopoulos at Ikastikos Kiklos Sianti Gallery. Dimensions 70x50 cm and 250 copies numbered and signed by the artist himself","robots":{"index":"index","follow":"follow","max-snippet":"max-snippet:-1","max-image-preview":"max-image-preview:large","max-video-preview":"max-video-preview:-1"},"canonical":"https:\/\/ikastikos-kiklos.com\/en\/product\/\u03b1\u03c0\u03cc-\u03c4\u03b7\u03bd-\u03bc\u03cd\u03ba\u03bf\u03bd\u03bf-\u03c7\u03b5\u03b9\u03bc\u03ce\u03bd\u03b1\/","og_locale":"en_US","og_type":"article","og_title":"From Mykonos Winter Lithography by Kostas Grammatopoulos at Ikastikos Kiklos Sianti Gallery.","og_description":"From Mykonos Winter Lithography by Kostas Grammatopoulos at Ikastikos Kiklos Sianti Gallery. Dimensions 70x50 cm and 250 copies numbered and signed by the artist himself","og_url":"https:\/\/ikastikos-kiklos.com\/en\/product\/\u03b1\u03c0\u03cc-\u03c4\u03b7\u03bd-\u03bc\u03cd\u03ba\u03bf\u03bd\u03bf-\u03c7\u03b5\u03b9\u03bc\u03ce\u03bd\u03b1\/","og_site_name":"Ikastikos Kiklos - Zografik\u00ed - Metaxotyp\u00edes - T\u00e9chniPainting - Silk Screen - Art","article_publisher":"https:\/\/www.facebook.com\/ikastikoskiklossianti\/","article_modified_time":"2018-11-09T10:05:07+00:00","og_image":[{"width":900,"height":676,"url":"https:\/\/ikastikos-kiklos.com\/wp-content\/uploads\/2018\/04\/Job_5006.jpg","type":"image\/jpeg"}],"twitter_card":"summary_large_image","twitter_misc":{"Est. reading time":"1 minute"},"schema":{"@context":"https:\/\/schema.org","@graph":[{"@type":"WebPage","@id":"https:\/\/ikastikos-kiklos.com\/en\/product\/%ce%b1%cf%80%cf%8c-%cf%84%ce%b7%ce%bd-%ce%bc%cf%8d%ce%ba%ce%bf%ce%bd%ce%bf-%cf%87%ce%b5%ce%b9%ce%bc%cf%8e%ce%bd%ce%b1\/","url":"https:\/\/ikastikos-kiklos.com\/en\/product\/%ce%b1%cf%80%cf%8c-%cf%84%ce%b7%ce%bd-%ce%bc%cf%8d%ce%ba%ce%bf%ce%bd%ce%bf-%cf%87%ce%b5%ce%b9%ce%bc%cf%8e%ce%bd%ce%b1\/","name":"From Mykonos Winter Lithography by Kostas Grammatopoulos at Ikastikos Kiklos Sianti Gallery.","isPartOf":{"@id":"https:\/\/ikastikos-kiklos.com\/en\/#website"},"primaryImageOfPage":{"@id":"https:\/\/ikastikos-kiklos.com\/en\/product\/%ce%b1%cf%80%cf%8c-%cf%84%ce%b7%ce%bd-%ce%bc%cf%8d%ce%ba%ce%bf%ce%bd%ce%bf-%cf%87%ce%b5%ce%b9%ce%bc%cf%8e%ce%bd%ce%b1\/#primaryimage"},"image":{"@id":"https:\/\/ikastikos-kiklos.com\/en\/product\/%ce%b1%cf%80%cf%8c-%cf%84%ce%b7%ce%bd-%ce%bc%cf%8d%ce%ba%ce%bf%ce%bd%ce%bf-%cf%87%ce%b5%ce%b9%ce%bc%cf%8e%ce%bd%ce%b1\/#primaryimage"},"thumbnailUrl":"https:\/\/ikastikos-kiklos.com\/wp-content\/uploads\/2018\/04\/Job_5006.jpg","datePublished":"2018-04-23T13:10:37+00:00","dateModified":"2018-11-09T10:05:07+00:00","description":"From Mykonos Winter Lithography by Kostas Grammatopoulos at Ikastikos Kiklos Sianti Gallery. Dimensions 70x50 cm and 250 copies numbered and signed by the artist himself","breadcrumb":{"@id":"https:\/\/ikastikos-kiklos.com\/en\/product\/%ce%b1%cf%80%cf%8c-%cf%84%ce%b7%ce%bd-%ce%bc%cf%8d%ce%ba%ce%bf%ce%bd%ce%bf-%cf%87%ce%b5%ce%b9%ce%bc%cf%8e%ce%bd%ce%b1\/#breadcrumb"},"inLanguage":"en-US","potentialAction":[{"@type":"ReadAction","target":["https:\/\/ikastikos-kiklos.com\/en\/product\/%ce%b1%cf%80%cf%8c-%cf%84%ce%b7%ce%bd-%ce%bc%cf%8d%ce%ba%ce%bf%ce%bd%ce%bf-%cf%87%ce%b5%ce%b9%ce%bc%cf%8e%ce%bd%ce%b1\/"]}]},{"@type":"ImageObject","inLanguage":"en-US","@id":"https:\/\/ikastikos-kiklos.com\/en\/product\/%ce%b1%cf%80%cf%8c-%cf%84%ce%b7%ce%bd-%ce%bc%cf%8d%ce%ba%ce%bf%ce%bd%ce%bf-%cf%87%ce%b5%ce%b9%ce%bc%cf%8e%ce%bd%ce%b1\/#primaryimage","url":"https:\/\/ikastikos-kiklos.com\/wp-content\/uploads\/2018\/04\/Job_5006.jpg","contentUrl":"https:\/\/ikastikos-kiklos.com\/wp-content\/uploads\/2018\/04\/Job_5006.jpg","width":900,"height":676,"caption":"\u0391\u03c0\u03cc \u03c4\u03b7\u03bd \u039c\u03cd\u03ba\u03bf\u03bd\u03bf \u03a7\u03b5\u03b9\u03bc\u03ce\u03bd\u03b1 \u039b\u03b9\u03b8\u03bf\u03b3\u03c1\u03b1\u03c6\u03af\u03b1 \u03c4\u03bf\u03c5 \u039a\u03ce\u03c3\u03c4\u03b1 \u0393\u03c1\u03b1\u03bc\u03bc\u03b1\u03c4\u03cc\u03c0\u03bf\u03c5\u03bb\u03bf\u03c5"},{"@type":"BreadcrumbList","@id":"https:\/\/ikastikos-kiklos.com\/en\/product\/%ce%b1%cf%80%cf%8c-%cf%84%ce%b7%ce%bd-%ce%bc%cf%8d%ce%ba%ce%bf%ce%bd%ce%bf-%cf%87%ce%b5%ce%b9%ce%bc%cf%8e%ce%bd%ce%b1\/#breadcrumb","itemListElement":[{"@type":"ListItem","position":1,"name":"Home","item":"https:\/\/ikastikos-kiklos.com\/en\/"},{"@type":"ListItem","position":2,"name":"\u0388\u03c1\u03b3\u03b1 \u03c4\u03ad\u03c7\u03bd\u03b7\u03c2","item":"https:\/\/ikastikos-kiklos.com\/%ce%ad%cf%81%ce%b3%ce%b1-%cf%84%ce%ad%cf%87%ce%bd%ce%b7%cf%82\/"},{"@type":"ListItem","position":3,"name":"From Mykonos Winter"}]},{"@type":"WebSite","@id":"https:\/\/ikastikos-kiklos.com\/en\/#website","url":"https:\/\/ikastikos-kiklos.com\/en\/","name":"Ikastikos Kiklos - Zografik\u00ed - Metaxotyp\u00edes - T\u00e9chniPainting - Silk Screen - Art","description":"","publisher":{"@id":"https:\/\/ikastikos-kiklos.com\/en\/#organization"},"potentialAction":[{"@type":"SearchAction","target":{"@type":"EntryPoint","urlTemplate":"https:\/\/ikastikos-kiklos.com\/en\/?s={search_term_string}"},"query-input":{"@type":"PropertyValueSpecification","valueRequired":true,"valueName":"search_term_string"}}],"inLanguage":"en-US"},{"@type":"Organization","@id":"https:\/\/ikastikos-kiklos.com\/en\/#organization","name":"Ikastikos Kiklos - Zografik\u00ed - Metaxotyp\u00edes - T\u00e9chniPainting - Silk Screen - Art","url":"https:\/\/ikastikos-kiklos.com\/en\/","logo":{"@type":"ImageObject","inLanguage":"en-US","@id":"https:\/\/ikastikos-kiklos.com\/en\/#\/schema\/logo\/image\/","url":"https:\/\/ikastikos-kiklos.com\/wp-content\/uploads\/2022\/10\/cropped-favicon_ikastikos.png","contentUrl":"https:\/\/ikastikos-kiklos.com\/wp-content\/uploads\/2022\/10\/cropped-favicon_ikastikos.png","width":512,"height":512,"caption":"Ikastikos Kiklos - Zografik\u00ed - Metaxotyp\u00edes - T\u00e9chniPainting - Silk Screen - Art"},"image":{"@id":"https:\/\/ikastikos-kiklos.com\/en\/#\/schema\/logo\/image\/"},"sameAs":["https:\/\/www.facebook.com\/ikastikoskiklossianti\/"]}]}},"_links":{"self":[{"href":"https:\/\/ikastikos-kiklos.com\/en\/wp-json\/wp\/v2\/product\/16748","targetHints":{"allow":["GET"]}}],"collection":[{"href":"https:\/\/ikastikos-kiklos.com\/en\/wp-json\/wp\/v2\/product"}],"about":[{"href":"https:\/\/ikastikos-kiklos.com\/en\/wp-json\/wp\/v2\/types\/product"}],"wp:featuredmedia":[{"embeddable":true,"href":"https:\/\/ikastikos-kiklos.com\/en\/wp-json\/wp\/v2\/media\/11479"}],"wp:attachment":[{"href":"https:\/\/ikastikos-kiklos.com\/en\/wp-json\/wp\/v2\/media?parent=16748"}],"wp:term":[{"taxonomy":"product_brand","embeddable":true,"href":"https:\/\/ikastikos-kiklos.com\/en\/wp-json\/wp\/v2\/product_brand?post=16748"},{"taxonomy":"product_cat","embeddable":true,"href":"https:\/\/ikastikos-kiklos.com\/en\/wp-json\/wp\/v2\/product_cat?post=16748"},{"taxonomy":"product_tag","embeddable":true,"href":"https:\/\/ikastikos-kiklos.com\/en\/wp-json\/wp\/v2\/product_tag?post=16748"}],"curies":[{"name":"wp","href":"https:\/\/api.w.org\/{rel}","templated":true}]}}