{"id":16740,"date":"2018-04-23T16:36:12","date_gmt":"2018-04-23T13:36:12","guid":{"rendered":"https:\/\/ikastikos-kiklos.com\/\u03c0\u03c1\u03bf\u03ca\u03cc\u03bd\/%ce%be%ce%b5%cf%88%ce%ac%cf%81%ce%b9%cf%83%ce%bc%ce%b1-%cf%83%cf%84%ce%b1-%ce%b1%ce%bd%ce%bf%ce%b9%cf%87%cf%84%ce%ac\/"},"modified":"2019-04-25T19:30:17","modified_gmt":"2019-04-25T16:30:17","slug":"%ce%be%ce%b5%cf%88%ce%ac%cf%81%ce%b9%cf%83%ce%bc%ce%b1-%cf%83%cf%84%ce%b1-%ce%b1%ce%bd%ce%bf%ce%b9%cf%87%cf%84%ce%ac","status":"publish","type":"product","link":"https:\/\/ikastikos-kiklos.com\/en\/product\/%ce%be%ce%b5%cf%88%ce%ac%cf%81%ce%b9%cf%83%ce%bc%ce%b1-%cf%83%cf%84%ce%b1-%ce%b1%ce%bd%ce%bf%ce%b9%cf%87%cf%84%ce%ac\/","title":{"rendered":"Unhooking Out in the Open"},"content":{"rendered":"<p>The two school books of first grade which he illustrated in 1949 and 1955, are well-known. The assignment of the illustration of the two alphabets was the result of the first place he took in the two corresponding Pan-Hellenic competitions of the School Book Publishing Organization (OESB). ). At the International Pedagogical Book Fair and at the World Pedagogical Symposium there, in Laeken, Belgium in 1949, he was awarded the First Prize for the &#8220;Good Kids&#8221; Prize. Illustrating the bases, he created a new code of communication for all Greeks in the difficult years of the post-war period. His intention was that the book would &#8220;touch&#8221; the children, so remembering these pictures is all about emotion and joy. The 1955 alphabet was used for language teaching in Grade A for over twenty consecutive years.<\/p>\n<p>\u03a0\u03b7\u03b3\u03ae:\u00a0timesnews.gr<\/p>\n","protected":false},"excerpt":{"rendered":"<p>Lithography by Kostas Grammatopoulos\u00a0 250 copies numbered and signed by the artist himself<\/p>\n","protected":false},"featured_media":11497,"template":"","meta":{"ngg_post_thumbnail":0},"product_brand":[],"product_cat":[398,1987,2050,1991],"product_tag":[],"class_list":{"0":"post-16740","1":"product","2":"type-product","3":"status-publish","4":"has-post-thumbnail","6":"product_cat-collections","7":"product_cat-eshop-en","8":"product_cat-lithographies-en","9":"product_cat-silkscreens-shop","10":"product_shipping_class-0-2kg","12":"first","13":"instock","14":"taxable","15":"shipping-taxable","16":"purchasable","17":"product-type-simple"},"yoast_head":"<!-- This site is optimized with the Yoast SEO plugin v27.4 - https:\/\/yoast.com\/product\/yoast-seo-wordpress\/ -->\n<title>Unhooking Out in the Open Lithography by Kostas Grammatopoulos at Ikastikos Kiklos Sianti Gallery.<\/title>\n<meta name=\"description\" content=\"Unhooking Out in the Open Lithography by Kostas Grammatopoulos at Ikastikos Kiklos Sianti Gallery. Dimensions 70x50 cm and 250 copies numbered and signed by the artist himself\" \/>\n<meta name=\"robots\" content=\"index, follow, max-snippet:-1, max-image-preview:large, max-video-preview:-1\" \/>\n<link rel=\"canonical\" href=\"https:\/\/ikastikos-kiklos.com\/en\/product\/\u03be\u03b5\u03c8\u03ac\u03c1\u03b9\u03c3\u03bc\u03b1-\u03c3\u03c4\u03b1-\u03b1\u03bd\u03bf\u03b9\u03c7\u03c4\u03ac\/\" \/>\n<meta property=\"og:locale\" content=\"en_US\" \/>\n<meta property=\"og:type\" content=\"article\" \/>\n<meta property=\"og:title\" content=\"Unhooking Out in the Open Lithography by Kostas Grammatopoulos at Ikastikos Kiklos Sianti Gallery.\" \/>\n<meta property=\"og:description\" content=\"Unhooking Out in the Open Lithography by Kostas Grammatopoulos at Ikastikos Kiklos Sianti Gallery. Dimensions 70x50 cm and 250 copies numbered and signed by the artist himself\" \/>\n<meta property=\"og:url\" content=\"https:\/\/ikastikos-kiklos.com\/en\/product\/\u03be\u03b5\u03c8\u03ac\u03c1\u03b9\u03c3\u03bc\u03b1-\u03c3\u03c4\u03b1-\u03b1\u03bd\u03bf\u03b9\u03c7\u03c4\u03ac\/\" \/>\n<meta property=\"og:site_name\" content=\"Ikastikos Kiklos - Zografik\u00ed - Metaxotyp\u00edes - T\u00e9chniPainting - Silk Screen - Art\" \/>\n<meta property=\"article:publisher\" content=\"https:\/\/www.facebook.com\/ikastikoskiklossianti\/\" \/>\n<meta property=\"article:modified_time\" content=\"2019-04-25T16:30:17+00:00\" \/>\n<meta property=\"og:image\" content=\"https:\/\/ikastikos-kiklos.com\/wp-content\/uploads\/2018\/04\/Job_5010.jpg\" \/>\n\t<meta property=\"og:image:width\" content=\"900\" \/>\n\t<meta property=\"og:image:height\" content=\"657\" \/>\n\t<meta property=\"og:image:type\" content=\"image\/jpeg\" \/>\n<meta name=\"twitter:card\" content=\"summary_large_image\" \/>\n<meta name=\"twitter:label1\" content=\"Est. reading time\" \/>\n\t<meta name=\"twitter:data1\" content=\"1 minute\" \/>\n<script type=\"application\/ld+json\" class=\"yoast-schema-graph\">{\"@context\":\"https:\\\/\\\/schema.org\",\"@graph\":[{\"@type\":\"WebPage\",\"@id\":\"https:\\\/\\\/ikastikos-kiklos.com\\\/en\\\/product\\\/%ce%be%ce%b5%cf%88%ce%ac%cf%81%ce%b9%cf%83%ce%bc%ce%b1-%cf%83%cf%84%ce%b1-%ce%b1%ce%bd%ce%bf%ce%b9%cf%87%cf%84%ce%ac\\\/\",\"url\":\"https:\\\/\\\/ikastikos-kiklos.com\\\/en\\\/product\\\/%ce%be%ce%b5%cf%88%ce%ac%cf%81%ce%b9%cf%83%ce%bc%ce%b1-%cf%83%cf%84%ce%b1-%ce%b1%ce%bd%ce%bf%ce%b9%cf%87%cf%84%ce%ac\\\/\",\"name\":\"Unhooking Out in the Open Lithography by Kostas Grammatopoulos at Ikastikos Kiklos Sianti Gallery.\",\"isPartOf\":{\"@id\":\"https:\\\/\\\/ikastikos-kiklos.com\\\/en\\\/#website\"},\"primaryImageOfPage\":{\"@id\":\"https:\\\/\\\/ikastikos-kiklos.com\\\/en\\\/product\\\/%ce%be%ce%b5%cf%88%ce%ac%cf%81%ce%b9%cf%83%ce%bc%ce%b1-%cf%83%cf%84%ce%b1-%ce%b1%ce%bd%ce%bf%ce%b9%cf%87%cf%84%ce%ac\\\/#primaryimage\"},\"image\":{\"@id\":\"https:\\\/\\\/ikastikos-kiklos.com\\\/en\\\/product\\\/%ce%be%ce%b5%cf%88%ce%ac%cf%81%ce%b9%cf%83%ce%bc%ce%b1-%cf%83%cf%84%ce%b1-%ce%b1%ce%bd%ce%bf%ce%b9%cf%87%cf%84%ce%ac\\\/#primaryimage\"},\"thumbnailUrl\":\"https:\\\/\\\/ikastikos-kiklos.com\\\/wp-content\\\/uploads\\\/2018\\\/04\\\/Job_5010.jpg\",\"datePublished\":\"2018-04-23T13:36:12+00:00\",\"dateModified\":\"2019-04-25T16:30:17+00:00\",\"description\":\"Unhooking Out in the Open Lithography by Kostas Grammatopoulos at Ikastikos Kiklos Sianti Gallery. Dimensions 70x50 cm and 250 copies numbered and signed by the artist himself\",\"breadcrumb\":{\"@id\":\"https:\\\/\\\/ikastikos-kiklos.com\\\/en\\\/product\\\/%ce%be%ce%b5%cf%88%ce%ac%cf%81%ce%b9%cf%83%ce%bc%ce%b1-%cf%83%cf%84%ce%b1-%ce%b1%ce%bd%ce%bf%ce%b9%cf%87%cf%84%ce%ac\\\/#breadcrumb\"},\"inLanguage\":\"en-US\",\"potentialAction\":[{\"@type\":\"ReadAction\",\"target\":[\"https:\\\/\\\/ikastikos-kiklos.com\\\/en\\\/product\\\/%ce%be%ce%b5%cf%88%ce%ac%cf%81%ce%b9%cf%83%ce%bc%ce%b1-%cf%83%cf%84%ce%b1-%ce%b1%ce%bd%ce%bf%ce%b9%cf%87%cf%84%ce%ac\\\/\"]}]},{\"@type\":\"ImageObject\",\"inLanguage\":\"en-US\",\"@id\":\"https:\\\/\\\/ikastikos-kiklos.com\\\/en\\\/product\\\/%ce%be%ce%b5%cf%88%ce%ac%cf%81%ce%b9%cf%83%ce%bc%ce%b1-%cf%83%cf%84%ce%b1-%ce%b1%ce%bd%ce%bf%ce%b9%cf%87%cf%84%ce%ac\\\/#primaryimage\",\"url\":\"https:\\\/\\\/ikastikos-kiklos.com\\\/wp-content\\\/uploads\\\/2018\\\/04\\\/Job_5010.jpg\",\"contentUrl\":\"https:\\\/\\\/ikastikos-kiklos.com\\\/wp-content\\\/uploads\\\/2018\\\/04\\\/Job_5010.jpg\",\"width\":900,\"height\":657,\"caption\":\"\u039e\u03b5\u03c8\u03ac\u03c1\u03b9\u03c3\u03bc\u03b1 \u03c3\u03c4\u03b1 \u0391\u03bd\u03bf\u03b9\u03c7\u03c4\u03ac \u039b\u03b9\u03b8\u03bf\u03b3\u03c1\u03b1\u03c6\u03af\u03b1 \u03c4\u03bf\u03c5 \u039a\u03ce\u03c3\u03c4\u03b1 \u0393\u03c1\u03b1\u03bc\u03bc\u03b1\u03c4\u03cc\u03c0\u03bf\u03c5\u03bb\u03bf\u03c5\"},{\"@type\":\"BreadcrumbList\",\"@id\":\"https:\\\/\\\/ikastikos-kiklos.com\\\/en\\\/product\\\/%ce%be%ce%b5%cf%88%ce%ac%cf%81%ce%b9%cf%83%ce%bc%ce%b1-%cf%83%cf%84%ce%b1-%ce%b1%ce%bd%ce%bf%ce%b9%cf%87%cf%84%ce%ac\\\/#breadcrumb\",\"itemListElement\":[{\"@type\":\"ListItem\",\"position\":1,\"name\":\"Home\",\"item\":\"https:\\\/\\\/ikastikos-kiklos.com\\\/en\\\/\"},{\"@type\":\"ListItem\",\"position\":2,\"name\":\"\u0388\u03c1\u03b3\u03b1 \u03c4\u03ad\u03c7\u03bd\u03b7\u03c2\",\"item\":\"https:\\\/\\\/ikastikos-kiklos.com\\\/%ce%ad%cf%81%ce%b3%ce%b1-%cf%84%ce%ad%cf%87%ce%bd%ce%b7%cf%82\\\/\"},{\"@type\":\"ListItem\",\"position\":3,\"name\":\"Unhooking Out in the Open\"}]},{\"@type\":\"WebSite\",\"@id\":\"https:\\\/\\\/ikastikos-kiklos.com\\\/en\\\/#website\",\"url\":\"https:\\\/\\\/ikastikos-kiklos.com\\\/en\\\/\",\"name\":\"Ikastikos Kiklos - Zografik\u00ed - Metaxotyp\u00edes - T\u00e9chniPainting - Silk Screen - Art\",\"description\":\"\",\"publisher\":{\"@id\":\"https:\\\/\\\/ikastikos-kiklos.com\\\/en\\\/#organization\"},\"potentialAction\":[{\"@type\":\"SearchAction\",\"target\":{\"@type\":\"EntryPoint\",\"urlTemplate\":\"https:\\\/\\\/ikastikos-kiklos.com\\\/en\\\/?s={search_term_string}\"},\"query-input\":{\"@type\":\"PropertyValueSpecification\",\"valueRequired\":true,\"valueName\":\"search_term_string\"}}],\"inLanguage\":\"en-US\"},{\"@type\":\"Organization\",\"@id\":\"https:\\\/\\\/ikastikos-kiklos.com\\\/en\\\/#organization\",\"name\":\"Ikastikos Kiklos - Zografik\u00ed - Metaxotyp\u00edes - T\u00e9chniPainting - Silk Screen - Art\",\"url\":\"https:\\\/\\\/ikastikos-kiklos.com\\\/en\\\/\",\"logo\":{\"@type\":\"ImageObject\",\"inLanguage\":\"en-US\",\"@id\":\"https:\\\/\\\/ikastikos-kiklos.com\\\/en\\\/#\\\/schema\\\/logo\\\/image\\\/\",\"url\":\"https:\\\/\\\/ikastikos-kiklos.com\\\/wp-content\\\/uploads\\\/2022\\\/10\\\/cropped-favicon_ikastikos.png\",\"contentUrl\":\"https:\\\/\\\/ikastikos-kiklos.com\\\/wp-content\\\/uploads\\\/2022\\\/10\\\/cropped-favicon_ikastikos.png\",\"width\":512,\"height\":512,\"caption\":\"Ikastikos Kiklos - Zografik\u00ed - Metaxotyp\u00edes - T\u00e9chniPainting - Silk Screen - Art\"},\"image\":{\"@id\":\"https:\\\/\\\/ikastikos-kiklos.com\\\/en\\\/#\\\/schema\\\/logo\\\/image\\\/\"},\"sameAs\":[\"https:\\\/\\\/www.facebook.com\\\/ikastikoskiklossianti\\\/\"]}]}<\/script>\n<!-- \/ Yoast SEO plugin. -->","yoast_head_json":{"title":"Unhooking Out in the Open Lithography by Kostas Grammatopoulos at Ikastikos Kiklos Sianti Gallery.","description":"Unhooking Out in the Open Lithography by Kostas Grammatopoulos at Ikastikos Kiklos Sianti Gallery. Dimensions 70x50 cm and 250 copies numbered and signed by the artist himself","robots":{"index":"index","follow":"follow","max-snippet":"max-snippet:-1","max-image-preview":"max-image-preview:large","max-video-preview":"max-video-preview:-1"},"canonical":"https:\/\/ikastikos-kiklos.com\/en\/product\/\u03be\u03b5\u03c8\u03ac\u03c1\u03b9\u03c3\u03bc\u03b1-\u03c3\u03c4\u03b1-\u03b1\u03bd\u03bf\u03b9\u03c7\u03c4\u03ac\/","og_locale":"en_US","og_type":"article","og_title":"Unhooking Out in the Open Lithography by Kostas Grammatopoulos at Ikastikos Kiklos Sianti Gallery.","og_description":"Unhooking Out in the Open Lithography by Kostas Grammatopoulos at Ikastikos Kiklos Sianti Gallery. Dimensions 70x50 cm and 250 copies numbered and signed by the artist himself","og_url":"https:\/\/ikastikos-kiklos.com\/en\/product\/\u03be\u03b5\u03c8\u03ac\u03c1\u03b9\u03c3\u03bc\u03b1-\u03c3\u03c4\u03b1-\u03b1\u03bd\u03bf\u03b9\u03c7\u03c4\u03ac\/","og_site_name":"Ikastikos Kiklos - Zografik\u00ed - Metaxotyp\u00edes - T\u00e9chniPainting - Silk Screen - Art","article_publisher":"https:\/\/www.facebook.com\/ikastikoskiklossianti\/","article_modified_time":"2019-04-25T16:30:17+00:00","og_image":[{"width":900,"height":657,"url":"https:\/\/ikastikos-kiklos.com\/wp-content\/uploads\/2018\/04\/Job_5010.jpg","type":"image\/jpeg"}],"twitter_card":"summary_large_image","twitter_misc":{"Est. reading time":"1 minute"},"schema":{"@context":"https:\/\/schema.org","@graph":[{"@type":"WebPage","@id":"https:\/\/ikastikos-kiklos.com\/en\/product\/%ce%be%ce%b5%cf%88%ce%ac%cf%81%ce%b9%cf%83%ce%bc%ce%b1-%cf%83%cf%84%ce%b1-%ce%b1%ce%bd%ce%bf%ce%b9%cf%87%cf%84%ce%ac\/","url":"https:\/\/ikastikos-kiklos.com\/en\/product\/%ce%be%ce%b5%cf%88%ce%ac%cf%81%ce%b9%cf%83%ce%bc%ce%b1-%cf%83%cf%84%ce%b1-%ce%b1%ce%bd%ce%bf%ce%b9%cf%87%cf%84%ce%ac\/","name":"Unhooking Out in the Open Lithography by Kostas Grammatopoulos at Ikastikos Kiklos Sianti Gallery.","isPartOf":{"@id":"https:\/\/ikastikos-kiklos.com\/en\/#website"},"primaryImageOfPage":{"@id":"https:\/\/ikastikos-kiklos.com\/en\/product\/%ce%be%ce%b5%cf%88%ce%ac%cf%81%ce%b9%cf%83%ce%bc%ce%b1-%cf%83%cf%84%ce%b1-%ce%b1%ce%bd%ce%bf%ce%b9%cf%87%cf%84%ce%ac\/#primaryimage"},"image":{"@id":"https:\/\/ikastikos-kiklos.com\/en\/product\/%ce%be%ce%b5%cf%88%ce%ac%cf%81%ce%b9%cf%83%ce%bc%ce%b1-%cf%83%cf%84%ce%b1-%ce%b1%ce%bd%ce%bf%ce%b9%cf%87%cf%84%ce%ac\/#primaryimage"},"thumbnailUrl":"https:\/\/ikastikos-kiklos.com\/wp-content\/uploads\/2018\/04\/Job_5010.jpg","datePublished":"2018-04-23T13:36:12+00:00","dateModified":"2019-04-25T16:30:17+00:00","description":"Unhooking Out in the Open Lithography by Kostas Grammatopoulos at Ikastikos Kiklos Sianti Gallery. Dimensions 70x50 cm and 250 copies numbered and signed by the artist himself","breadcrumb":{"@id":"https:\/\/ikastikos-kiklos.com\/en\/product\/%ce%be%ce%b5%cf%88%ce%ac%cf%81%ce%b9%cf%83%ce%bc%ce%b1-%cf%83%cf%84%ce%b1-%ce%b1%ce%bd%ce%bf%ce%b9%cf%87%cf%84%ce%ac\/#breadcrumb"},"inLanguage":"en-US","potentialAction":[{"@type":"ReadAction","target":["https:\/\/ikastikos-kiklos.com\/en\/product\/%ce%be%ce%b5%cf%88%ce%ac%cf%81%ce%b9%cf%83%ce%bc%ce%b1-%cf%83%cf%84%ce%b1-%ce%b1%ce%bd%ce%bf%ce%b9%cf%87%cf%84%ce%ac\/"]}]},{"@type":"ImageObject","inLanguage":"en-US","@id":"https:\/\/ikastikos-kiklos.com\/en\/product\/%ce%be%ce%b5%cf%88%ce%ac%cf%81%ce%b9%cf%83%ce%bc%ce%b1-%cf%83%cf%84%ce%b1-%ce%b1%ce%bd%ce%bf%ce%b9%cf%87%cf%84%ce%ac\/#primaryimage","url":"https:\/\/ikastikos-kiklos.com\/wp-content\/uploads\/2018\/04\/Job_5010.jpg","contentUrl":"https:\/\/ikastikos-kiklos.com\/wp-content\/uploads\/2018\/04\/Job_5010.jpg","width":900,"height":657,"caption":"\u039e\u03b5\u03c8\u03ac\u03c1\u03b9\u03c3\u03bc\u03b1 \u03c3\u03c4\u03b1 \u0391\u03bd\u03bf\u03b9\u03c7\u03c4\u03ac \u039b\u03b9\u03b8\u03bf\u03b3\u03c1\u03b1\u03c6\u03af\u03b1 \u03c4\u03bf\u03c5 \u039a\u03ce\u03c3\u03c4\u03b1 \u0393\u03c1\u03b1\u03bc\u03bc\u03b1\u03c4\u03cc\u03c0\u03bf\u03c5\u03bb\u03bf\u03c5"},{"@type":"BreadcrumbList","@id":"https:\/\/ikastikos-kiklos.com\/en\/product\/%ce%be%ce%b5%cf%88%ce%ac%cf%81%ce%b9%cf%83%ce%bc%ce%b1-%cf%83%cf%84%ce%b1-%ce%b1%ce%bd%ce%bf%ce%b9%cf%87%cf%84%ce%ac\/#breadcrumb","itemListElement":[{"@type":"ListItem","position":1,"name":"Home","item":"https:\/\/ikastikos-kiklos.com\/en\/"},{"@type":"ListItem","position":2,"name":"\u0388\u03c1\u03b3\u03b1 \u03c4\u03ad\u03c7\u03bd\u03b7\u03c2","item":"https:\/\/ikastikos-kiklos.com\/%ce%ad%cf%81%ce%b3%ce%b1-%cf%84%ce%ad%cf%87%ce%bd%ce%b7%cf%82\/"},{"@type":"ListItem","position":3,"name":"Unhooking Out in the Open"}]},{"@type":"WebSite","@id":"https:\/\/ikastikos-kiklos.com\/en\/#website","url":"https:\/\/ikastikos-kiklos.com\/en\/","name":"Ikastikos Kiklos - Zografik\u00ed - Metaxotyp\u00edes - T\u00e9chniPainting - Silk Screen - Art","description":"","publisher":{"@id":"https:\/\/ikastikos-kiklos.com\/en\/#organization"},"potentialAction":[{"@type":"SearchAction","target":{"@type":"EntryPoint","urlTemplate":"https:\/\/ikastikos-kiklos.com\/en\/?s={search_term_string}"},"query-input":{"@type":"PropertyValueSpecification","valueRequired":true,"valueName":"search_term_string"}}],"inLanguage":"en-US"},{"@type":"Organization","@id":"https:\/\/ikastikos-kiklos.com\/en\/#organization","name":"Ikastikos Kiklos - Zografik\u00ed - Metaxotyp\u00edes - T\u00e9chniPainting - Silk Screen - Art","url":"https:\/\/ikastikos-kiklos.com\/en\/","logo":{"@type":"ImageObject","inLanguage":"en-US","@id":"https:\/\/ikastikos-kiklos.com\/en\/#\/schema\/logo\/image\/","url":"https:\/\/ikastikos-kiklos.com\/wp-content\/uploads\/2022\/10\/cropped-favicon_ikastikos.png","contentUrl":"https:\/\/ikastikos-kiklos.com\/wp-content\/uploads\/2022\/10\/cropped-favicon_ikastikos.png","width":512,"height":512,"caption":"Ikastikos Kiklos - Zografik\u00ed - Metaxotyp\u00edes - T\u00e9chniPainting - Silk Screen - Art"},"image":{"@id":"https:\/\/ikastikos-kiklos.com\/en\/#\/schema\/logo\/image\/"},"sameAs":["https:\/\/www.facebook.com\/ikastikoskiklossianti\/"]}]}},"_links":{"self":[{"href":"https:\/\/ikastikos-kiklos.com\/en\/wp-json\/wp\/v2\/product\/16740","targetHints":{"allow":["GET"]}}],"collection":[{"href":"https:\/\/ikastikos-kiklos.com\/en\/wp-json\/wp\/v2\/product"}],"about":[{"href":"https:\/\/ikastikos-kiklos.com\/en\/wp-json\/wp\/v2\/types\/product"}],"wp:featuredmedia":[{"embeddable":true,"href":"https:\/\/ikastikos-kiklos.com\/en\/wp-json\/wp\/v2\/media\/11497"}],"wp:attachment":[{"href":"https:\/\/ikastikos-kiklos.com\/en\/wp-json\/wp\/v2\/media?parent=16740"}],"wp:term":[{"taxonomy":"product_brand","embeddable":true,"href":"https:\/\/ikastikos-kiklos.com\/en\/wp-json\/wp\/v2\/product_brand?post=16740"},{"taxonomy":"product_cat","embeddable":true,"href":"https:\/\/ikastikos-kiklos.com\/en\/wp-json\/wp\/v2\/product_cat?post=16740"},{"taxonomy":"product_tag","embeddable":true,"href":"https:\/\/ikastikos-kiklos.com\/en\/wp-json\/wp\/v2\/product_tag?post=16740"}],"curies":[{"name":"wp","href":"https:\/\/api.w.org\/{rel}","templated":true}]}}