{"id":16738,"date":"2018-04-23T16:43:11","date_gmt":"2018-04-23T13:43:11","guid":{"rendered":"https:\/\/ikastikos-kiklos.com\/\u03c0\u03c1\u03bf\u03ca\u03cc\u03bd\/%ce%b1%ce%ba%cf%84%ce%ae-%cf%84%ce%bf%cf%85-%ce%b1%ce%b9%ce%b3%ce%b1%ce%af%ce%bf%cf%85\/"},"modified":"2019-04-25T19:28:17","modified_gmt":"2019-04-25T16:28:17","slug":"%ce%b1%ce%ba%cf%84%ce%ae-%cf%84%ce%bf%cf%85-%ce%b1%ce%b9%ce%b3%ce%b1%ce%af%ce%bf%cf%85","status":"publish","type":"product","link":"https:\/\/ikastikos-kiklos.com\/en\/product\/%ce%b1%ce%ba%cf%84%ce%ae-%cf%84%ce%bf%cf%85-%ce%b1%ce%b9%ce%b3%ce%b1%ce%af%ce%bf%cf%85\/","title":{"rendered":"Coast of the Aegean"},"content":{"rendered":"<p>His painting is born and developed beneath terraced skies and Mediterranean suns. It envisions Aegean beaches, white wings to build island houses, trees and shingles.<\/p>\n<p>With the ancient trappings of our country, he painted sailing boats, with all the sails ready for emigration. And all together, as you see in the exhibition, they compose an ideal world, bathed in light and rhythm.<\/p>\n<p>Source: rizospastis.gr<\/p>\n","protected":false},"excerpt":{"rendered":"<p>Lithography signed and numbered by Kostas Grammatopoulos in 250 copies.<\/p>\n","protected":false},"featured_media":11513,"template":"","meta":{"ngg_post_thumbnail":0},"product_brand":[],"product_cat":[398,1987,2050,1991],"product_tag":[],"class_list":{"0":"post-16738","1":"product","2":"type-product","3":"status-publish","4":"has-post-thumbnail","6":"product_cat-collections","7":"product_cat-eshop-en","8":"product_cat-lithographies-en","9":"product_cat-silkscreens-shop","10":"product_shipping_class-0-2kg","12":"first","13":"instock","14":"taxable","15":"shipping-taxable","16":"purchasable","17":"product-type-simple"},"yoast_head":"<!-- This site is optimized with the Yoast SEO plugin v27.4 - https:\/\/yoast.com\/product\/yoast-seo-wordpress\/ -->\n<title>Coast of the Aegean Lithography by Kostas Grammatopoulos at Ikastikos Kiklos Sianti Gallery.<\/title>\n<meta name=\"description\" content=\"Coast of the Aegean Lithography by Kostas Grammatopoulos at Ikastikos Kiklos Sianti Gallery. Dimensions 70x50 cm and 250 copies numbered and signed by the artist\" \/>\n<meta name=\"robots\" content=\"index, follow, max-snippet:-1, max-image-preview:large, max-video-preview:-1\" \/>\n<link rel=\"canonical\" href=\"https:\/\/ikastikos-kiklos.com\/en\/product\/\u03b1\u03ba\u03c4\u03ae-\u03c4\u03bf\u03c5-\u03b1\u03b9\u03b3\u03b1\u03af\u03bf\u03c5\/\" \/>\n<meta property=\"og:locale\" content=\"en_US\" \/>\n<meta property=\"og:type\" content=\"article\" \/>\n<meta property=\"og:title\" content=\"Coast of the Aegean Lithography by Kostas Grammatopoulos at Ikastikos Kiklos Sianti Gallery.\" \/>\n<meta property=\"og:description\" content=\"Coast of the Aegean Lithography by Kostas Grammatopoulos at Ikastikos Kiklos Sianti Gallery. Dimensions 70x50 cm and 250 copies numbered and signed by the artist\" \/>\n<meta property=\"og:url\" content=\"https:\/\/ikastikos-kiklos.com\/en\/product\/\u03b1\u03ba\u03c4\u03ae-\u03c4\u03bf\u03c5-\u03b1\u03b9\u03b3\u03b1\u03af\u03bf\u03c5\/\" \/>\n<meta property=\"og:site_name\" content=\"Ikastikos Kiklos - Zografik\u00ed - Metaxotyp\u00edes - T\u00e9chniPainting - Silk Screen - Art\" \/>\n<meta property=\"article:publisher\" content=\"https:\/\/www.facebook.com\/ikastikoskiklossianti\/\" \/>\n<meta property=\"article:modified_time\" content=\"2019-04-25T16:28:17+00:00\" \/>\n<meta property=\"og:image\" content=\"https:\/\/ikastikos-kiklos.com\/wp-content\/uploads\/2018\/04\/Job_5011.jpg\" \/>\n\t<meta property=\"og:image:width\" content=\"900\" \/>\n\t<meta property=\"og:image:height\" content=\"634\" \/>\n\t<meta property=\"og:image:type\" content=\"image\/jpeg\" \/>\n<meta name=\"twitter:card\" content=\"summary_large_image\" \/>\n<script type=\"application\/ld+json\" class=\"yoast-schema-graph\">{\"@context\":\"https:\\\/\\\/schema.org\",\"@graph\":[{\"@type\":\"WebPage\",\"@id\":\"https:\\\/\\\/ikastikos-kiklos.com\\\/en\\\/product\\\/%ce%b1%ce%ba%cf%84%ce%ae-%cf%84%ce%bf%cf%85-%ce%b1%ce%b9%ce%b3%ce%b1%ce%af%ce%bf%cf%85\\\/\",\"url\":\"https:\\\/\\\/ikastikos-kiklos.com\\\/en\\\/product\\\/%ce%b1%ce%ba%cf%84%ce%ae-%cf%84%ce%bf%cf%85-%ce%b1%ce%b9%ce%b3%ce%b1%ce%af%ce%bf%cf%85\\\/\",\"name\":\"Coast of the Aegean Lithography by Kostas Grammatopoulos at Ikastikos Kiklos Sianti Gallery.\",\"isPartOf\":{\"@id\":\"https:\\\/\\\/ikastikos-kiklos.com\\\/en\\\/#website\"},\"primaryImageOfPage\":{\"@id\":\"https:\\\/\\\/ikastikos-kiklos.com\\\/en\\\/product\\\/%ce%b1%ce%ba%cf%84%ce%ae-%cf%84%ce%bf%cf%85-%ce%b1%ce%b9%ce%b3%ce%b1%ce%af%ce%bf%cf%85\\\/#primaryimage\"},\"image\":{\"@id\":\"https:\\\/\\\/ikastikos-kiklos.com\\\/en\\\/product\\\/%ce%b1%ce%ba%cf%84%ce%ae-%cf%84%ce%bf%cf%85-%ce%b1%ce%b9%ce%b3%ce%b1%ce%af%ce%bf%cf%85\\\/#primaryimage\"},\"thumbnailUrl\":\"https:\\\/\\\/ikastikos-kiklos.com\\\/wp-content\\\/uploads\\\/2018\\\/04\\\/Job_5011.jpg\",\"datePublished\":\"2018-04-23T13:43:11+00:00\",\"dateModified\":\"2019-04-25T16:28:17+00:00\",\"description\":\"Coast of the Aegean Lithography by Kostas Grammatopoulos at Ikastikos Kiklos Sianti Gallery. Dimensions 70x50 cm and 250 copies numbered and signed by the artist\",\"breadcrumb\":{\"@id\":\"https:\\\/\\\/ikastikos-kiklos.com\\\/en\\\/product\\\/%ce%b1%ce%ba%cf%84%ce%ae-%cf%84%ce%bf%cf%85-%ce%b1%ce%b9%ce%b3%ce%b1%ce%af%ce%bf%cf%85\\\/#breadcrumb\"},\"inLanguage\":\"en-US\",\"potentialAction\":[{\"@type\":\"ReadAction\",\"target\":[\"https:\\\/\\\/ikastikos-kiklos.com\\\/en\\\/product\\\/%ce%b1%ce%ba%cf%84%ce%ae-%cf%84%ce%bf%cf%85-%ce%b1%ce%b9%ce%b3%ce%b1%ce%af%ce%bf%cf%85\\\/\"]}]},{\"@type\":\"ImageObject\",\"inLanguage\":\"en-US\",\"@id\":\"https:\\\/\\\/ikastikos-kiklos.com\\\/en\\\/product\\\/%ce%b1%ce%ba%cf%84%ce%ae-%cf%84%ce%bf%cf%85-%ce%b1%ce%b9%ce%b3%ce%b1%ce%af%ce%bf%cf%85\\\/#primaryimage\",\"url\":\"https:\\\/\\\/ikastikos-kiklos.com\\\/wp-content\\\/uploads\\\/2018\\\/04\\\/Job_5011.jpg\",\"contentUrl\":\"https:\\\/\\\/ikastikos-kiklos.com\\\/wp-content\\\/uploads\\\/2018\\\/04\\\/Job_5011.jpg\",\"width\":900,\"height\":634,\"caption\":\"\u0391\u03ba\u03c4\u03ae \u03c4\u03bf\u03c5 \u0391\u03b9\u03b3\u03b1\u03af\u03bf\u03c5 \u039b\u03b9\u03b8\u03bf\u03b3\u03c1\u03b1\u03c6\u03af\u03b1 \u03c4\u03bf\u03c5 \u039a\u03ce\u03c3\u03c4\u03b1 \u0393\u03c1\u03b1\u03bc\u03bc\u03b1\u03c4\u03cc\u03c0\u03bf\u03c5\u03bb\u03bf\u03c5 \u03c3\u03c4\u03bf\u03bd \u0395\u03b9\u03ba\u03b1\u03c3\u03c4\u03b9\u03ba\u03cc \u039a\u03cd\u03ba\u03bb\u03bf Sianti\"},{\"@type\":\"BreadcrumbList\",\"@id\":\"https:\\\/\\\/ikastikos-kiklos.com\\\/en\\\/product\\\/%ce%b1%ce%ba%cf%84%ce%ae-%cf%84%ce%bf%cf%85-%ce%b1%ce%b9%ce%b3%ce%b1%ce%af%ce%bf%cf%85\\\/#breadcrumb\",\"itemListElement\":[{\"@type\":\"ListItem\",\"position\":1,\"name\":\"Home\",\"item\":\"https:\\\/\\\/ikastikos-kiklos.com\\\/en\\\/\"},{\"@type\":\"ListItem\",\"position\":2,\"name\":\"\u0388\u03c1\u03b3\u03b1 \u03c4\u03ad\u03c7\u03bd\u03b7\u03c2\",\"item\":\"https:\\\/\\\/ikastikos-kiklos.com\\\/%ce%ad%cf%81%ce%b3%ce%b1-%cf%84%ce%ad%cf%87%ce%bd%ce%b7%cf%82\\\/\"},{\"@type\":\"ListItem\",\"position\":3,\"name\":\"Coast of the Aegean\"}]},{\"@type\":\"WebSite\",\"@id\":\"https:\\\/\\\/ikastikos-kiklos.com\\\/en\\\/#website\",\"url\":\"https:\\\/\\\/ikastikos-kiklos.com\\\/en\\\/\",\"name\":\"Ikastikos Kiklos - Zografik\u00ed - Metaxotyp\u00edes - T\u00e9chniPainting - Silk Screen - Art\",\"description\":\"\",\"publisher\":{\"@id\":\"https:\\\/\\\/ikastikos-kiklos.com\\\/en\\\/#organization\"},\"potentialAction\":[{\"@type\":\"SearchAction\",\"target\":{\"@type\":\"EntryPoint\",\"urlTemplate\":\"https:\\\/\\\/ikastikos-kiklos.com\\\/en\\\/?s={search_term_string}\"},\"query-input\":{\"@type\":\"PropertyValueSpecification\",\"valueRequired\":true,\"valueName\":\"search_term_string\"}}],\"inLanguage\":\"en-US\"},{\"@type\":\"Organization\",\"@id\":\"https:\\\/\\\/ikastikos-kiklos.com\\\/en\\\/#organization\",\"name\":\"Ikastikos Kiklos - Zografik\u00ed - Metaxotyp\u00edes - T\u00e9chniPainting - Silk Screen - Art\",\"url\":\"https:\\\/\\\/ikastikos-kiklos.com\\\/en\\\/\",\"logo\":{\"@type\":\"ImageObject\",\"inLanguage\":\"en-US\",\"@id\":\"https:\\\/\\\/ikastikos-kiklos.com\\\/en\\\/#\\\/schema\\\/logo\\\/image\\\/\",\"url\":\"https:\\\/\\\/ikastikos-kiklos.com\\\/wp-content\\\/uploads\\\/2022\\\/10\\\/cropped-favicon_ikastikos.png\",\"contentUrl\":\"https:\\\/\\\/ikastikos-kiklos.com\\\/wp-content\\\/uploads\\\/2022\\\/10\\\/cropped-favicon_ikastikos.png\",\"width\":512,\"height\":512,\"caption\":\"Ikastikos Kiklos - Zografik\u00ed - Metaxotyp\u00edes - T\u00e9chniPainting - Silk Screen - Art\"},\"image\":{\"@id\":\"https:\\\/\\\/ikastikos-kiklos.com\\\/en\\\/#\\\/schema\\\/logo\\\/image\\\/\"},\"sameAs\":[\"https:\\\/\\\/www.facebook.com\\\/ikastikoskiklossianti\\\/\"]}]}<\/script>\n<!-- \/ Yoast SEO plugin. -->","yoast_head_json":{"title":"Coast of the Aegean Lithography by Kostas Grammatopoulos at Ikastikos Kiklos Sianti Gallery.","description":"Coast of the Aegean Lithography by Kostas Grammatopoulos at Ikastikos Kiklos Sianti Gallery. Dimensions 70x50 cm and 250 copies numbered and signed by the artist","robots":{"index":"index","follow":"follow","max-snippet":"max-snippet:-1","max-image-preview":"max-image-preview:large","max-video-preview":"max-video-preview:-1"},"canonical":"https:\/\/ikastikos-kiklos.com\/en\/product\/\u03b1\u03ba\u03c4\u03ae-\u03c4\u03bf\u03c5-\u03b1\u03b9\u03b3\u03b1\u03af\u03bf\u03c5\/","og_locale":"en_US","og_type":"article","og_title":"Coast of the Aegean Lithography by Kostas Grammatopoulos at Ikastikos Kiklos Sianti Gallery.","og_description":"Coast of the Aegean Lithography by Kostas Grammatopoulos at Ikastikos Kiklos Sianti Gallery. Dimensions 70x50 cm and 250 copies numbered and signed by the artist","og_url":"https:\/\/ikastikos-kiklos.com\/en\/product\/\u03b1\u03ba\u03c4\u03ae-\u03c4\u03bf\u03c5-\u03b1\u03b9\u03b3\u03b1\u03af\u03bf\u03c5\/","og_site_name":"Ikastikos Kiklos - Zografik\u00ed - Metaxotyp\u00edes - T\u00e9chniPainting - Silk Screen - Art","article_publisher":"https:\/\/www.facebook.com\/ikastikoskiklossianti\/","article_modified_time":"2019-04-25T16:28:17+00:00","og_image":[{"width":900,"height":634,"url":"https:\/\/ikastikos-kiklos.com\/wp-content\/uploads\/2018\/04\/Job_5011.jpg","type":"image\/jpeg"}],"twitter_card":"summary_large_image","schema":{"@context":"https:\/\/schema.org","@graph":[{"@type":"WebPage","@id":"https:\/\/ikastikos-kiklos.com\/en\/product\/%ce%b1%ce%ba%cf%84%ce%ae-%cf%84%ce%bf%cf%85-%ce%b1%ce%b9%ce%b3%ce%b1%ce%af%ce%bf%cf%85\/","url":"https:\/\/ikastikos-kiklos.com\/en\/product\/%ce%b1%ce%ba%cf%84%ce%ae-%cf%84%ce%bf%cf%85-%ce%b1%ce%b9%ce%b3%ce%b1%ce%af%ce%bf%cf%85\/","name":"Coast of the Aegean Lithography by Kostas Grammatopoulos at Ikastikos Kiklos Sianti Gallery.","isPartOf":{"@id":"https:\/\/ikastikos-kiklos.com\/en\/#website"},"primaryImageOfPage":{"@id":"https:\/\/ikastikos-kiklos.com\/en\/product\/%ce%b1%ce%ba%cf%84%ce%ae-%cf%84%ce%bf%cf%85-%ce%b1%ce%b9%ce%b3%ce%b1%ce%af%ce%bf%cf%85\/#primaryimage"},"image":{"@id":"https:\/\/ikastikos-kiklos.com\/en\/product\/%ce%b1%ce%ba%cf%84%ce%ae-%cf%84%ce%bf%cf%85-%ce%b1%ce%b9%ce%b3%ce%b1%ce%af%ce%bf%cf%85\/#primaryimage"},"thumbnailUrl":"https:\/\/ikastikos-kiklos.com\/wp-content\/uploads\/2018\/04\/Job_5011.jpg","datePublished":"2018-04-23T13:43:11+00:00","dateModified":"2019-04-25T16:28:17+00:00","description":"Coast of the Aegean Lithography by Kostas Grammatopoulos at Ikastikos Kiklos Sianti Gallery. Dimensions 70x50 cm and 250 copies numbered and signed by the artist","breadcrumb":{"@id":"https:\/\/ikastikos-kiklos.com\/en\/product\/%ce%b1%ce%ba%cf%84%ce%ae-%cf%84%ce%bf%cf%85-%ce%b1%ce%b9%ce%b3%ce%b1%ce%af%ce%bf%cf%85\/#breadcrumb"},"inLanguage":"en-US","potentialAction":[{"@type":"ReadAction","target":["https:\/\/ikastikos-kiklos.com\/en\/product\/%ce%b1%ce%ba%cf%84%ce%ae-%cf%84%ce%bf%cf%85-%ce%b1%ce%b9%ce%b3%ce%b1%ce%af%ce%bf%cf%85\/"]}]},{"@type":"ImageObject","inLanguage":"en-US","@id":"https:\/\/ikastikos-kiklos.com\/en\/product\/%ce%b1%ce%ba%cf%84%ce%ae-%cf%84%ce%bf%cf%85-%ce%b1%ce%b9%ce%b3%ce%b1%ce%af%ce%bf%cf%85\/#primaryimage","url":"https:\/\/ikastikos-kiklos.com\/wp-content\/uploads\/2018\/04\/Job_5011.jpg","contentUrl":"https:\/\/ikastikos-kiklos.com\/wp-content\/uploads\/2018\/04\/Job_5011.jpg","width":900,"height":634,"caption":"\u0391\u03ba\u03c4\u03ae \u03c4\u03bf\u03c5 \u0391\u03b9\u03b3\u03b1\u03af\u03bf\u03c5 \u039b\u03b9\u03b8\u03bf\u03b3\u03c1\u03b1\u03c6\u03af\u03b1 \u03c4\u03bf\u03c5 \u039a\u03ce\u03c3\u03c4\u03b1 \u0393\u03c1\u03b1\u03bc\u03bc\u03b1\u03c4\u03cc\u03c0\u03bf\u03c5\u03bb\u03bf\u03c5 \u03c3\u03c4\u03bf\u03bd \u0395\u03b9\u03ba\u03b1\u03c3\u03c4\u03b9\u03ba\u03cc \u039a\u03cd\u03ba\u03bb\u03bf Sianti"},{"@type":"BreadcrumbList","@id":"https:\/\/ikastikos-kiklos.com\/en\/product\/%ce%b1%ce%ba%cf%84%ce%ae-%cf%84%ce%bf%cf%85-%ce%b1%ce%b9%ce%b3%ce%b1%ce%af%ce%bf%cf%85\/#breadcrumb","itemListElement":[{"@type":"ListItem","position":1,"name":"Home","item":"https:\/\/ikastikos-kiklos.com\/en\/"},{"@type":"ListItem","position":2,"name":"\u0388\u03c1\u03b3\u03b1 \u03c4\u03ad\u03c7\u03bd\u03b7\u03c2","item":"https:\/\/ikastikos-kiklos.com\/%ce%ad%cf%81%ce%b3%ce%b1-%cf%84%ce%ad%cf%87%ce%bd%ce%b7%cf%82\/"},{"@type":"ListItem","position":3,"name":"Coast of the Aegean"}]},{"@type":"WebSite","@id":"https:\/\/ikastikos-kiklos.com\/en\/#website","url":"https:\/\/ikastikos-kiklos.com\/en\/","name":"Ikastikos Kiklos - Zografik\u00ed - Metaxotyp\u00edes - T\u00e9chniPainting - Silk Screen - Art","description":"","publisher":{"@id":"https:\/\/ikastikos-kiklos.com\/en\/#organization"},"potentialAction":[{"@type":"SearchAction","target":{"@type":"EntryPoint","urlTemplate":"https:\/\/ikastikos-kiklos.com\/en\/?s={search_term_string}"},"query-input":{"@type":"PropertyValueSpecification","valueRequired":true,"valueName":"search_term_string"}}],"inLanguage":"en-US"},{"@type":"Organization","@id":"https:\/\/ikastikos-kiklos.com\/en\/#organization","name":"Ikastikos Kiklos - Zografik\u00ed - Metaxotyp\u00edes - T\u00e9chniPainting - Silk Screen - Art","url":"https:\/\/ikastikos-kiklos.com\/en\/","logo":{"@type":"ImageObject","inLanguage":"en-US","@id":"https:\/\/ikastikos-kiklos.com\/en\/#\/schema\/logo\/image\/","url":"https:\/\/ikastikos-kiklos.com\/wp-content\/uploads\/2022\/10\/cropped-favicon_ikastikos.png","contentUrl":"https:\/\/ikastikos-kiklos.com\/wp-content\/uploads\/2022\/10\/cropped-favicon_ikastikos.png","width":512,"height":512,"caption":"Ikastikos Kiklos - Zografik\u00ed - Metaxotyp\u00edes - T\u00e9chniPainting - Silk Screen - Art"},"image":{"@id":"https:\/\/ikastikos-kiklos.com\/en\/#\/schema\/logo\/image\/"},"sameAs":["https:\/\/www.facebook.com\/ikastikoskiklossianti\/"]}]}},"_links":{"self":[{"href":"https:\/\/ikastikos-kiklos.com\/en\/wp-json\/wp\/v2\/product\/16738","targetHints":{"allow":["GET"]}}],"collection":[{"href":"https:\/\/ikastikos-kiklos.com\/en\/wp-json\/wp\/v2\/product"}],"about":[{"href":"https:\/\/ikastikos-kiklos.com\/en\/wp-json\/wp\/v2\/types\/product"}],"wp:featuredmedia":[{"embeddable":true,"href":"https:\/\/ikastikos-kiklos.com\/en\/wp-json\/wp\/v2\/media\/11513"}],"wp:attachment":[{"href":"https:\/\/ikastikos-kiklos.com\/en\/wp-json\/wp\/v2\/media?parent=16738"}],"wp:term":[{"taxonomy":"product_brand","embeddable":true,"href":"https:\/\/ikastikos-kiklos.com\/en\/wp-json\/wp\/v2\/product_brand?post=16738"},{"taxonomy":"product_cat","embeddable":true,"href":"https:\/\/ikastikos-kiklos.com\/en\/wp-json\/wp\/v2\/product_cat?post=16738"},{"taxonomy":"product_tag","embeddable":true,"href":"https:\/\/ikastikos-kiklos.com\/en\/wp-json\/wp\/v2\/product_tag?post=16738"}],"curies":[{"name":"wp","href":"https:\/\/api.w.org\/{rel}","templated":true}]}}