{"id":16712,"date":"2018-05-08T15:00:49","date_gmt":"2018-05-08T12:00:49","guid":{"rendered":"https:\/\/ikastikos-kiklos.com\/\u03c0\u03c1\u03bf\u03ca\u03cc\u03bd\/%ce%b3%cf%85%ce%bd%ce%b1%ce%af%ce%ba%ce%b1-%ce%b1%cf%80%cf%8c-%cf%84%ce%b7%ce%bd-%ce%ba%cf%8d%cf%80%cf%81%ce%bf\/"},"modified":"2018-11-07T15:23:01","modified_gmt":"2018-11-07T13:23:01","slug":"%ce%b3%cf%85%ce%bd%ce%b1%ce%af%ce%ba%ce%b1-%ce%b1%cf%80%cf%8c-%cf%84%ce%b7%ce%bd-%ce%ba%cf%8d%cf%80%cf%81%ce%bf","status":"publish","type":"product","link":"https:\/\/ikastikos-kiklos.com\/en\/product\/%ce%b3%cf%85%ce%bd%ce%b1%ce%af%ce%ba%ce%b1-%ce%b1%cf%80%cf%8c-%cf%84%ce%b7%ce%bd-%ce%ba%cf%8d%cf%80%cf%81%ce%bf\/","title":{"rendered":"Woman from Cyprus"},"content":{"rendered":"<p>Tsarouchis Yiannis has remained in history as the contemporary Greek artist who made popular tradition and Byzantine art beyond the Greek border, with the help of Iolas, who inspired him to paint neoclassical buildings and sailors. There was an anxious personality who never ceased to work and deal with the essence of art painting &#8230;.<\/p>\n<p>Source: mixanitouxronou.gr<\/p>\n","protected":false},"excerpt":{"rendered":"<p>Silkscreen numbered and signed by the artist in 99 copies<\/p>\n","protected":false},"featured_media":13990,"template":"","meta":{"ngg_post_thumbnail":0},"product_brand":[],"product_cat":[398,1987,396,1991],"product_tag":[2221,2224,2269],"class_list":{"0":"post-16712","1":"product","2":"type-product","3":"status-publish","4":"has-post-thumbnail","6":"product_cat-collections","7":"product_cat-eshop-en","8":"product_cat-silkscreens","9":"product_cat-silkscreens-shop","10":"product_tag-ikastikos-kiklos-sianti-en","11":"product_tag-silkscreen-en","12":"product_tag---en","13":"product_shipping_class-0-2kg","15":"first","16":"instock","17":"taxable","18":"shipping-taxable","19":"purchasable","20":"product-type-simple"},"yoast_head":"<!-- This site is optimized with the Yoast SEO plugin v27.4 - https:\/\/yoast.com\/product\/yoast-seo-wordpress\/ -->\n<title>Woman from Cyprus Silkscreen by Tsarouchis Yiannis at Ikastikos Kiklos Sianti Gallery.<\/title>\n<meta name=\"description\" content=\"Woman from Cyprus Silkscreen by Tsarouchis Yiannis at Ikastikos Kiklos Sianti Gallery. Dimensions 50x66 cm and 99 copies numbered and signed\" \/>\n<meta name=\"robots\" content=\"index, follow, max-snippet:-1, max-image-preview:large, max-video-preview:-1\" \/>\n<link rel=\"canonical\" href=\"https:\/\/ikastikos-kiklos.com\/en\/product\/\u03b3\u03c5\u03bd\u03b1\u03af\u03ba\u03b1-\u03b1\u03c0\u03cc-\u03c4\u03b7\u03bd-\u03ba\u03cd\u03c0\u03c1\u03bf\/\" \/>\n<meta property=\"og:locale\" content=\"en_US\" \/>\n<meta property=\"og:type\" content=\"article\" \/>\n<meta property=\"og:title\" content=\"Woman from Cyprus Silkscreen by Tsarouchis Yiannis at Ikastikos Kiklos Sianti Gallery.\" \/>\n<meta property=\"og:description\" content=\"Woman from Cyprus Silkscreen by Tsarouchis Yiannis at Ikastikos Kiklos Sianti Gallery. Dimensions 50x66 cm and 99 copies numbered and signed\" \/>\n<meta property=\"og:url\" content=\"https:\/\/ikastikos-kiklos.com\/en\/product\/\u03b3\u03c5\u03bd\u03b1\u03af\u03ba\u03b1-\u03b1\u03c0\u03cc-\u03c4\u03b7\u03bd-\u03ba\u03cd\u03c0\u03c1\u03bf\/\" \/>\n<meta property=\"og:site_name\" content=\"Ikastikos Kiklos - Zografik\u00ed - Metaxotyp\u00edes - T\u00e9chniPainting - Silk Screen - Art\" \/>\n<meta property=\"article:publisher\" content=\"https:\/\/www.facebook.com\/ikastikoskiklossianti\/\" \/>\n<meta property=\"article:modified_time\" content=\"2018-11-07T13:23:01+00:00\" \/>\n<meta property=\"og:image\" content=\"https:\/\/ikastikos-kiklos.com\/wp-content\/uploads\/2018\/08\/Job_7864.jpg\" \/>\n\t<meta property=\"og:image:width\" content=\"800\" \/>\n\t<meta property=\"og:image:height\" content=\"1060\" \/>\n\t<meta property=\"og:image:type\" content=\"image\/jpeg\" \/>\n<meta name=\"twitter:card\" content=\"summary_large_image\" \/>\n<script type=\"application\/ld+json\" class=\"yoast-schema-graph\">{\"@context\":\"https:\\\/\\\/schema.org\",\"@graph\":[{\"@type\":\"WebPage\",\"@id\":\"https:\\\/\\\/ikastikos-kiklos.com\\\/en\\\/product\\\/%ce%b3%cf%85%ce%bd%ce%b1%ce%af%ce%ba%ce%b1-%ce%b1%cf%80%cf%8c-%cf%84%ce%b7%ce%bd-%ce%ba%cf%8d%cf%80%cf%81%ce%bf\\\/\",\"url\":\"https:\\\/\\\/ikastikos-kiklos.com\\\/en\\\/product\\\/%ce%b3%cf%85%ce%bd%ce%b1%ce%af%ce%ba%ce%b1-%ce%b1%cf%80%cf%8c-%cf%84%ce%b7%ce%bd-%ce%ba%cf%8d%cf%80%cf%81%ce%bf\\\/\",\"name\":\"Woman from Cyprus Silkscreen by Tsarouchis Yiannis at Ikastikos Kiklos Sianti Gallery.\",\"isPartOf\":{\"@id\":\"https:\\\/\\\/ikastikos-kiklos.com\\\/en\\\/#website\"},\"primaryImageOfPage\":{\"@id\":\"https:\\\/\\\/ikastikos-kiklos.com\\\/en\\\/product\\\/%ce%b3%cf%85%ce%bd%ce%b1%ce%af%ce%ba%ce%b1-%ce%b1%cf%80%cf%8c-%cf%84%ce%b7%ce%bd-%ce%ba%cf%8d%cf%80%cf%81%ce%bf\\\/#primaryimage\"},\"image\":{\"@id\":\"https:\\\/\\\/ikastikos-kiklos.com\\\/en\\\/product\\\/%ce%b3%cf%85%ce%bd%ce%b1%ce%af%ce%ba%ce%b1-%ce%b1%cf%80%cf%8c-%cf%84%ce%b7%ce%bd-%ce%ba%cf%8d%cf%80%cf%81%ce%bf\\\/#primaryimage\"},\"thumbnailUrl\":\"https:\\\/\\\/ikastikos-kiklos.com\\\/wp-content\\\/uploads\\\/2018\\\/08\\\/Job_7864.jpg\",\"datePublished\":\"2018-05-08T12:00:49+00:00\",\"dateModified\":\"2018-11-07T13:23:01+00:00\",\"description\":\"Woman from Cyprus Silkscreen by Tsarouchis Yiannis at Ikastikos Kiklos Sianti Gallery. Dimensions 50x66 cm and 99 copies numbered and signed\",\"breadcrumb\":{\"@id\":\"https:\\\/\\\/ikastikos-kiklos.com\\\/en\\\/product\\\/%ce%b3%cf%85%ce%bd%ce%b1%ce%af%ce%ba%ce%b1-%ce%b1%cf%80%cf%8c-%cf%84%ce%b7%ce%bd-%ce%ba%cf%8d%cf%80%cf%81%ce%bf\\\/#breadcrumb\"},\"inLanguage\":\"en-US\",\"potentialAction\":[{\"@type\":\"ReadAction\",\"target\":[\"https:\\\/\\\/ikastikos-kiklos.com\\\/en\\\/product\\\/%ce%b3%cf%85%ce%bd%ce%b1%ce%af%ce%ba%ce%b1-%ce%b1%cf%80%cf%8c-%cf%84%ce%b7%ce%bd-%ce%ba%cf%8d%cf%80%cf%81%ce%bf\\\/\"]}]},{\"@type\":\"ImageObject\",\"inLanguage\":\"en-US\",\"@id\":\"https:\\\/\\\/ikastikos-kiklos.com\\\/en\\\/product\\\/%ce%b3%cf%85%ce%bd%ce%b1%ce%af%ce%ba%ce%b1-%ce%b1%cf%80%cf%8c-%cf%84%ce%b7%ce%bd-%ce%ba%cf%8d%cf%80%cf%81%ce%bf\\\/#primaryimage\",\"url\":\"https:\\\/\\\/ikastikos-kiklos.com\\\/wp-content\\\/uploads\\\/2018\\\/08\\\/Job_7864.jpg\",\"contentUrl\":\"https:\\\/\\\/ikastikos-kiklos.com\\\/wp-content\\\/uploads\\\/2018\\\/08\\\/Job_7864.jpg\",\"width\":800,\"height\":1060,\"caption\":\"\u0393\u03c5\u03bd\u03b1\u03af\u03ba\u03b1 \u03b1\u03c0\u03cc \u03c4\u03b7\u03bd \u039a\u03cd\u03c0\u03c1\u03bf \u039c\u03b5\u03c4\u03b1\u03be\u03bf\u03c4\u03c5\u03c0\u03af\u03b1 \u03c4\u03bf\u03c5 \u0393\u03b9\u03ac\u03bd\u03bd\u03b7 \u03a4\u03c3\u03b1\u03c1\u03bf\u03cd\u03c7\u03b7 \u03c3\u03c4\u03bf\u03bd \u0395\u03b9\u03ba\u03b1\u03c3\u03c4\u03b9\u03ba\u03cc \u039a\u03cd\u03ba\u03bb\u03bf\"},{\"@type\":\"BreadcrumbList\",\"@id\":\"https:\\\/\\\/ikastikos-kiklos.com\\\/en\\\/product\\\/%ce%b3%cf%85%ce%bd%ce%b1%ce%af%ce%ba%ce%b1-%ce%b1%cf%80%cf%8c-%cf%84%ce%b7%ce%bd-%ce%ba%cf%8d%cf%80%cf%81%ce%bf\\\/#breadcrumb\",\"itemListElement\":[{\"@type\":\"ListItem\",\"position\":1,\"name\":\"Home\",\"item\":\"https:\\\/\\\/ikastikos-kiklos.com\\\/en\\\/\"},{\"@type\":\"ListItem\",\"position\":2,\"name\":\"\u0388\u03c1\u03b3\u03b1 \u03c4\u03ad\u03c7\u03bd\u03b7\u03c2\",\"item\":\"https:\\\/\\\/ikastikos-kiklos.com\\\/%ce%ad%cf%81%ce%b3%ce%b1-%cf%84%ce%ad%cf%87%ce%bd%ce%b7%cf%82\\\/\"},{\"@type\":\"ListItem\",\"position\":3,\"name\":\"Woman from Cyprus\"}]},{\"@type\":\"WebSite\",\"@id\":\"https:\\\/\\\/ikastikos-kiklos.com\\\/en\\\/#website\",\"url\":\"https:\\\/\\\/ikastikos-kiklos.com\\\/en\\\/\",\"name\":\"Ikastikos Kiklos - Zografik\u00ed - Metaxotyp\u00edes - T\u00e9chniPainting - Silk Screen - Art\",\"description\":\"\",\"publisher\":{\"@id\":\"https:\\\/\\\/ikastikos-kiklos.com\\\/en\\\/#organization\"},\"potentialAction\":[{\"@type\":\"SearchAction\",\"target\":{\"@type\":\"EntryPoint\",\"urlTemplate\":\"https:\\\/\\\/ikastikos-kiklos.com\\\/en\\\/?s={search_term_string}\"},\"query-input\":{\"@type\":\"PropertyValueSpecification\",\"valueRequired\":true,\"valueName\":\"search_term_string\"}}],\"inLanguage\":\"en-US\"},{\"@type\":\"Organization\",\"@id\":\"https:\\\/\\\/ikastikos-kiklos.com\\\/en\\\/#organization\",\"name\":\"Ikastikos Kiklos - Zografik\u00ed - Metaxotyp\u00edes - T\u00e9chniPainting - Silk Screen - Art\",\"url\":\"https:\\\/\\\/ikastikos-kiklos.com\\\/en\\\/\",\"logo\":{\"@type\":\"ImageObject\",\"inLanguage\":\"en-US\",\"@id\":\"https:\\\/\\\/ikastikos-kiklos.com\\\/en\\\/#\\\/schema\\\/logo\\\/image\\\/\",\"url\":\"https:\\\/\\\/ikastikos-kiklos.com\\\/wp-content\\\/uploads\\\/2022\\\/10\\\/cropped-favicon_ikastikos.png\",\"contentUrl\":\"https:\\\/\\\/ikastikos-kiklos.com\\\/wp-content\\\/uploads\\\/2022\\\/10\\\/cropped-favicon_ikastikos.png\",\"width\":512,\"height\":512,\"caption\":\"Ikastikos Kiklos - Zografik\u00ed - Metaxotyp\u00edes - T\u00e9chniPainting - Silk Screen - Art\"},\"image\":{\"@id\":\"https:\\\/\\\/ikastikos-kiklos.com\\\/en\\\/#\\\/schema\\\/logo\\\/image\\\/\"},\"sameAs\":[\"https:\\\/\\\/www.facebook.com\\\/ikastikoskiklossianti\\\/\"]}]}<\/script>\n<!-- \/ Yoast SEO plugin. -->","yoast_head_json":{"title":"Woman from Cyprus Silkscreen by Tsarouchis Yiannis at Ikastikos Kiklos Sianti Gallery.","description":"Woman from Cyprus Silkscreen by Tsarouchis Yiannis at Ikastikos Kiklos Sianti Gallery. Dimensions 50x66 cm and 99 copies numbered and signed","robots":{"index":"index","follow":"follow","max-snippet":"max-snippet:-1","max-image-preview":"max-image-preview:large","max-video-preview":"max-video-preview:-1"},"canonical":"https:\/\/ikastikos-kiklos.com\/en\/product\/\u03b3\u03c5\u03bd\u03b1\u03af\u03ba\u03b1-\u03b1\u03c0\u03cc-\u03c4\u03b7\u03bd-\u03ba\u03cd\u03c0\u03c1\u03bf\/","og_locale":"en_US","og_type":"article","og_title":"Woman from Cyprus Silkscreen by Tsarouchis Yiannis at Ikastikos Kiklos Sianti Gallery.","og_description":"Woman from Cyprus Silkscreen by Tsarouchis Yiannis at Ikastikos Kiklos Sianti Gallery. Dimensions 50x66 cm and 99 copies numbered and signed","og_url":"https:\/\/ikastikos-kiklos.com\/en\/product\/\u03b3\u03c5\u03bd\u03b1\u03af\u03ba\u03b1-\u03b1\u03c0\u03cc-\u03c4\u03b7\u03bd-\u03ba\u03cd\u03c0\u03c1\u03bf\/","og_site_name":"Ikastikos Kiklos - Zografik\u00ed - Metaxotyp\u00edes - T\u00e9chniPainting - Silk Screen - Art","article_publisher":"https:\/\/www.facebook.com\/ikastikoskiklossianti\/","article_modified_time":"2018-11-07T13:23:01+00:00","og_image":[{"width":800,"height":1060,"url":"https:\/\/ikastikos-kiklos.com\/wp-content\/uploads\/2018\/08\/Job_7864.jpg","type":"image\/jpeg"}],"twitter_card":"summary_large_image","schema":{"@context":"https:\/\/schema.org","@graph":[{"@type":"WebPage","@id":"https:\/\/ikastikos-kiklos.com\/en\/product\/%ce%b3%cf%85%ce%bd%ce%b1%ce%af%ce%ba%ce%b1-%ce%b1%cf%80%cf%8c-%cf%84%ce%b7%ce%bd-%ce%ba%cf%8d%cf%80%cf%81%ce%bf\/","url":"https:\/\/ikastikos-kiklos.com\/en\/product\/%ce%b3%cf%85%ce%bd%ce%b1%ce%af%ce%ba%ce%b1-%ce%b1%cf%80%cf%8c-%cf%84%ce%b7%ce%bd-%ce%ba%cf%8d%cf%80%cf%81%ce%bf\/","name":"Woman from Cyprus Silkscreen by Tsarouchis Yiannis at Ikastikos Kiklos Sianti Gallery.","isPartOf":{"@id":"https:\/\/ikastikos-kiklos.com\/en\/#website"},"primaryImageOfPage":{"@id":"https:\/\/ikastikos-kiklos.com\/en\/product\/%ce%b3%cf%85%ce%bd%ce%b1%ce%af%ce%ba%ce%b1-%ce%b1%cf%80%cf%8c-%cf%84%ce%b7%ce%bd-%ce%ba%cf%8d%cf%80%cf%81%ce%bf\/#primaryimage"},"image":{"@id":"https:\/\/ikastikos-kiklos.com\/en\/product\/%ce%b3%cf%85%ce%bd%ce%b1%ce%af%ce%ba%ce%b1-%ce%b1%cf%80%cf%8c-%cf%84%ce%b7%ce%bd-%ce%ba%cf%8d%cf%80%cf%81%ce%bf\/#primaryimage"},"thumbnailUrl":"https:\/\/ikastikos-kiklos.com\/wp-content\/uploads\/2018\/08\/Job_7864.jpg","datePublished":"2018-05-08T12:00:49+00:00","dateModified":"2018-11-07T13:23:01+00:00","description":"Woman from Cyprus Silkscreen by Tsarouchis Yiannis at Ikastikos Kiklos Sianti Gallery. Dimensions 50x66 cm and 99 copies numbered and signed","breadcrumb":{"@id":"https:\/\/ikastikos-kiklos.com\/en\/product\/%ce%b3%cf%85%ce%bd%ce%b1%ce%af%ce%ba%ce%b1-%ce%b1%cf%80%cf%8c-%cf%84%ce%b7%ce%bd-%ce%ba%cf%8d%cf%80%cf%81%ce%bf\/#breadcrumb"},"inLanguage":"en-US","potentialAction":[{"@type":"ReadAction","target":["https:\/\/ikastikos-kiklos.com\/en\/product\/%ce%b3%cf%85%ce%bd%ce%b1%ce%af%ce%ba%ce%b1-%ce%b1%cf%80%cf%8c-%cf%84%ce%b7%ce%bd-%ce%ba%cf%8d%cf%80%cf%81%ce%bf\/"]}]},{"@type":"ImageObject","inLanguage":"en-US","@id":"https:\/\/ikastikos-kiklos.com\/en\/product\/%ce%b3%cf%85%ce%bd%ce%b1%ce%af%ce%ba%ce%b1-%ce%b1%cf%80%cf%8c-%cf%84%ce%b7%ce%bd-%ce%ba%cf%8d%cf%80%cf%81%ce%bf\/#primaryimage","url":"https:\/\/ikastikos-kiklos.com\/wp-content\/uploads\/2018\/08\/Job_7864.jpg","contentUrl":"https:\/\/ikastikos-kiklos.com\/wp-content\/uploads\/2018\/08\/Job_7864.jpg","width":800,"height":1060,"caption":"\u0393\u03c5\u03bd\u03b1\u03af\u03ba\u03b1 \u03b1\u03c0\u03cc \u03c4\u03b7\u03bd \u039a\u03cd\u03c0\u03c1\u03bf \u039c\u03b5\u03c4\u03b1\u03be\u03bf\u03c4\u03c5\u03c0\u03af\u03b1 \u03c4\u03bf\u03c5 \u0393\u03b9\u03ac\u03bd\u03bd\u03b7 \u03a4\u03c3\u03b1\u03c1\u03bf\u03cd\u03c7\u03b7 \u03c3\u03c4\u03bf\u03bd \u0395\u03b9\u03ba\u03b1\u03c3\u03c4\u03b9\u03ba\u03cc \u039a\u03cd\u03ba\u03bb\u03bf"},{"@type":"BreadcrumbList","@id":"https:\/\/ikastikos-kiklos.com\/en\/product\/%ce%b3%cf%85%ce%bd%ce%b1%ce%af%ce%ba%ce%b1-%ce%b1%cf%80%cf%8c-%cf%84%ce%b7%ce%bd-%ce%ba%cf%8d%cf%80%cf%81%ce%bf\/#breadcrumb","itemListElement":[{"@type":"ListItem","position":1,"name":"Home","item":"https:\/\/ikastikos-kiklos.com\/en\/"},{"@type":"ListItem","position":2,"name":"\u0388\u03c1\u03b3\u03b1 \u03c4\u03ad\u03c7\u03bd\u03b7\u03c2","item":"https:\/\/ikastikos-kiklos.com\/%ce%ad%cf%81%ce%b3%ce%b1-%cf%84%ce%ad%cf%87%ce%bd%ce%b7%cf%82\/"},{"@type":"ListItem","position":3,"name":"Woman from Cyprus"}]},{"@type":"WebSite","@id":"https:\/\/ikastikos-kiklos.com\/en\/#website","url":"https:\/\/ikastikos-kiklos.com\/en\/","name":"Ikastikos Kiklos - Zografik\u00ed - Metaxotyp\u00edes - T\u00e9chniPainting - Silk Screen - Art","description":"","publisher":{"@id":"https:\/\/ikastikos-kiklos.com\/en\/#organization"},"potentialAction":[{"@type":"SearchAction","target":{"@type":"EntryPoint","urlTemplate":"https:\/\/ikastikos-kiklos.com\/en\/?s={search_term_string}"},"query-input":{"@type":"PropertyValueSpecification","valueRequired":true,"valueName":"search_term_string"}}],"inLanguage":"en-US"},{"@type":"Organization","@id":"https:\/\/ikastikos-kiklos.com\/en\/#organization","name":"Ikastikos Kiklos - Zografik\u00ed - Metaxotyp\u00edes - T\u00e9chniPainting - Silk Screen - Art","url":"https:\/\/ikastikos-kiklos.com\/en\/","logo":{"@type":"ImageObject","inLanguage":"en-US","@id":"https:\/\/ikastikos-kiklos.com\/en\/#\/schema\/logo\/image\/","url":"https:\/\/ikastikos-kiklos.com\/wp-content\/uploads\/2022\/10\/cropped-favicon_ikastikos.png","contentUrl":"https:\/\/ikastikos-kiklos.com\/wp-content\/uploads\/2022\/10\/cropped-favicon_ikastikos.png","width":512,"height":512,"caption":"Ikastikos Kiklos - Zografik\u00ed - Metaxotyp\u00edes - T\u00e9chniPainting - Silk Screen - Art"},"image":{"@id":"https:\/\/ikastikos-kiklos.com\/en\/#\/schema\/logo\/image\/"},"sameAs":["https:\/\/www.facebook.com\/ikastikoskiklossianti\/"]}]}},"_links":{"self":[{"href":"https:\/\/ikastikos-kiklos.com\/en\/wp-json\/wp\/v2\/product\/16712","targetHints":{"allow":["GET"]}}],"collection":[{"href":"https:\/\/ikastikos-kiklos.com\/en\/wp-json\/wp\/v2\/product"}],"about":[{"href":"https:\/\/ikastikos-kiklos.com\/en\/wp-json\/wp\/v2\/types\/product"}],"wp:featuredmedia":[{"embeddable":true,"href":"https:\/\/ikastikos-kiklos.com\/en\/wp-json\/wp\/v2\/media\/13990"}],"wp:attachment":[{"href":"https:\/\/ikastikos-kiklos.com\/en\/wp-json\/wp\/v2\/media?parent=16712"}],"wp:term":[{"taxonomy":"product_brand","embeddable":true,"href":"https:\/\/ikastikos-kiklos.com\/en\/wp-json\/wp\/v2\/product_brand?post=16712"},{"taxonomy":"product_cat","embeddable":true,"href":"https:\/\/ikastikos-kiklos.com\/en\/wp-json\/wp\/v2\/product_cat?post=16712"},{"taxonomy":"product_tag","embeddable":true,"href":"https:\/\/ikastikos-kiklos.com\/en\/wp-json\/wp\/v2\/product_tag?post=16712"}],"curies":[{"name":"wp","href":"https:\/\/api.w.org\/{rel}","templated":true}]}}