{"id":16619,"date":"2018-07-31T17:27:14","date_gmt":"2018-07-31T14:27:14","guid":{"rendered":"https:\/\/ikastikos-kiklos.com\/\u03c0\u03c1\u03bf\u03ca\u03cc\u03bd\/%ce%b4%ce%ad%ce%bd%cf%84%cf%81%ce%bf-12\/"},"modified":"2019-11-15T15:37:41","modified_gmt":"2019-11-15T13:37:41","slug":"%ce%b4%ce%ad%ce%bd%cf%84%cf%81%ce%bf-12","status":"publish","type":"product","link":"https:\/\/ikastikos-kiklos.com\/en\/product\/%ce%b4%ce%ad%ce%bd%cf%84%cf%81%ce%bf-12\/","title":{"rendered":"Tree"},"content":{"rendered":"<p>&#8220;&#8230; Then the trace &#8211; the type, the footprint, the unit &#8211; leaves its color and invites you to a<br \/>\nphysical contact, in body sinking, but at the same time it becomes a &#8220;noli me tangere&#8221; signal.<br \/>\nA double engagement of art: when you touch me you do not touch me when you paint,<br \/>\nyou are stamped, you are stamped in my body, you erase me and delete me, leaving<br \/>\nelsewhere your opposition with indelible ink.<br \/>\nI see in the unit of Christina Sarantopoulou a grid, a wire cloth,<br \/>\nduplicate: it hides and at the same time reveals, identifies and differentiates but<br \/>\nalways serves as the limit of the undefined, a ban on a ban that does not<br \/>\nnothing and dictates:<\/p>\n<p>whosoever with the wire of his trace<br \/>\nwants to protect<br \/>\nnor does his identity preserve<br \/>\nnor can it change. \u00bb<\/p>\n<p>George Veltsos<\/p>\n<p>&nbsp;<\/p>\n","protected":false},"excerpt":{"rendered":"<p>Signed by Sarantopoulou Christina<\/p>\n<p>Base 10x16cm<\/p>\n","protected":false},"featured_media":13865,"template":"","meta":{"ngg_post_thumbnail":0},"product_brand":[],"product_cat":[398,1987,399,1988],"product_tag":[3061,2247],"class_list":{"0":"post-16619","1":"product","2":"type-product","3":"status-publish","4":"has-post-thumbnail","6":"product_cat-collections","7":"product_cat-eshop-en","8":"product_cat-microsculpture","9":"product_cat-microsculpture-shop","10":"product_tag-christina-sarantopoulou","11":"product_tag-tree-en","12":"product_shipping_class-2-5kg","14":"first","15":"instock","16":"taxable","17":"shipping-taxable","18":"purchasable","19":"product-type-simple"},"yoast_head":"<!-- This site is optimized with the Yoast SEO plugin v27.2 - https:\/\/yoast.com\/product\/yoast-seo-wordpress\/ -->\n<title>Tree Micro Sculpture by Sarantopoulou Christina at Ikastikos Kiklos Sianti Gallery.<\/title>\n<meta name=\"description\" content=\"Tree Micro Sculpture by Sarantopoulou Christina at Ikastikos Kiklos Sianti Gallery. Dimensions 18x3x24cm. Signed Sarantopoulou Christina\" \/>\n<meta name=\"robots\" content=\"index, follow, max-snippet:-1, max-image-preview:large, max-video-preview:-1\" \/>\n<link rel=\"canonical\" href=\"https:\/\/ikastikos-kiklos.com\/en\/product\/\u03b4\u03ad\u03bd\u03c4\u03c1\u03bf-12\/\" \/>\n<meta property=\"og:locale\" content=\"en_US\" \/>\n<meta property=\"og:type\" content=\"article\" \/>\n<meta property=\"og:title\" content=\"Tree Micro Sculpture by Sarantopoulou Christina at Ikastikos Kiklos Sianti Gallery.\" \/>\n<meta property=\"og:description\" content=\"Tree Micro Sculpture by Sarantopoulou Christina at Ikastikos Kiklos Sianti Gallery. Dimensions 18x3x24cm. Signed Sarantopoulou Christina\" \/>\n<meta property=\"og:url\" content=\"https:\/\/ikastikos-kiklos.com\/en\/product\/\u03b4\u03ad\u03bd\u03c4\u03c1\u03bf-12\/\" \/>\n<meta property=\"og:site_name\" content=\"Ikastikos Kiklos - Zografik\u00ed - Metaxotyp\u00edes - T\u00e9chniPainting - Silk Screen - Art\" \/>\n<meta property=\"article:publisher\" content=\"https:\/\/www.facebook.com\/ikastikoskiklossianti\/\" \/>\n<meta property=\"article:modified_time\" content=\"2019-11-15T13:37:41+00:00\" \/>\n<meta property=\"og:image\" content=\"https:\/\/ikastikos-kiklos.com\/wp-content\/uploads\/2018\/07\/IMG_7240.png\" \/>\n\t<meta property=\"og:image:width\" content=\"500\" \/>\n\t<meta property=\"og:image:height\" content=\"667\" \/>\n\t<meta property=\"og:image:type\" content=\"image\/png\" \/>\n<meta name=\"twitter:card\" content=\"summary_large_image\" \/>\n<meta name=\"twitter:label1\" content=\"Est. reading time\" \/>\n\t<meta name=\"twitter:data1\" content=\"1 minute\" \/>\n<script type=\"application\/ld+json\" class=\"yoast-schema-graph\">{\"@context\":\"https:\/\/schema.org\",\"@graph\":[{\"@type\":\"WebPage\",\"@id\":\"https:\/\/ikastikos-kiklos.com\/en\/product\/%ce%b4%ce%ad%ce%bd%cf%84%cf%81%ce%bf-12\/\",\"url\":\"https:\/\/ikastikos-kiklos.com\/en\/product\/%ce%b4%ce%ad%ce%bd%cf%84%cf%81%ce%bf-12\/\",\"name\":\"Tree Micro Sculpture by Sarantopoulou Christina at Ikastikos Kiklos Sianti Gallery.\",\"isPartOf\":{\"@id\":\"https:\/\/ikastikos-kiklos.com\/en\/#website\"},\"primaryImageOfPage\":{\"@id\":\"https:\/\/ikastikos-kiklos.com\/en\/product\/%ce%b4%ce%ad%ce%bd%cf%84%cf%81%ce%bf-12\/#primaryimage\"},\"image\":{\"@id\":\"https:\/\/ikastikos-kiklos.com\/en\/product\/%ce%b4%ce%ad%ce%bd%cf%84%cf%81%ce%bf-12\/#primaryimage\"},\"thumbnailUrl\":\"https:\/\/ikastikos-kiklos.com\/wp-content\/uploads\/2018\/07\/IMG_7240.png\",\"datePublished\":\"2018-07-31T14:27:14+00:00\",\"dateModified\":\"2019-11-15T13:37:41+00:00\",\"description\":\"Tree Micro Sculpture by Sarantopoulou Christina at Ikastikos Kiklos Sianti Gallery. Dimensions 18x3x24cm. Signed Sarantopoulou Christina\",\"breadcrumb\":{\"@id\":\"https:\/\/ikastikos-kiklos.com\/en\/product\/%ce%b4%ce%ad%ce%bd%cf%84%cf%81%ce%bf-12\/#breadcrumb\"},\"inLanguage\":\"en-US\",\"potentialAction\":[{\"@type\":\"ReadAction\",\"target\":[\"https:\/\/ikastikos-kiklos.com\/en\/product\/%ce%b4%ce%ad%ce%bd%cf%84%cf%81%ce%bf-12\/\"]}]},{\"@type\":\"ImageObject\",\"inLanguage\":\"en-US\",\"@id\":\"https:\/\/ikastikos-kiklos.com\/en\/product\/%ce%b4%ce%ad%ce%bd%cf%84%cf%81%ce%bf-12\/#primaryimage\",\"url\":\"https:\/\/ikastikos-kiklos.com\/wp-content\/uploads\/2018\/07\/IMG_7240.png\",\"contentUrl\":\"https:\/\/ikastikos-kiklos.com\/wp-content\/uploads\/2018\/07\/IMG_7240.png\",\"width\":500,\"height\":667,\"caption\":\"\u0394\u03ad\u03bd\u03c4\u03c1\u03bf \u039c\u03b9\u03ba\u03c1\u03bf\u03b3\u03bb\u03c5\u03c0\u03c4\u03cc \u03b1\u03c0\u03cc \u03c4\u03b7 \u03a7\u03c1\u03b9\u03c3\u03c4\u03af\u03bd\u03b1 \u03a3\u03b1\u03c1\u03b1\u03bd\u03c4\u03bf\u03c0\u03bf\u03cd\u03bb\u03bf\u03c5 \u03c3\u03c4\u03bf\u03bd \u0395\u03b9\u03ba\u03b1\u03c3\u03c4\u03b9\u03ba\u03cc \u039a\u03cd\u03ba\u03bb\u03bf Sianti\"},{\"@type\":\"BreadcrumbList\",\"@id\":\"https:\/\/ikastikos-kiklos.com\/en\/product\/%ce%b4%ce%ad%ce%bd%cf%84%cf%81%ce%bf-12\/#breadcrumb\",\"itemListElement\":[{\"@type\":\"ListItem\",\"position\":1,\"name\":\"Home\",\"item\":\"https:\/\/ikastikos-kiklos.com\/en\/\"},{\"@type\":\"ListItem\",\"position\":2,\"name\":\"\u0388\u03c1\u03b3\u03b1 \u03c4\u03ad\u03c7\u03bd\u03b7\u03c2\",\"item\":\"https:\/\/ikastikos-kiklos.com\/%ce%ad%cf%81%ce%b3%ce%b1-%cf%84%ce%ad%cf%87%ce%bd%ce%b7%cf%82\/\"},{\"@type\":\"ListItem\",\"position\":3,\"name\":\"Tree\"}]},{\"@type\":\"WebSite\",\"@id\":\"https:\/\/ikastikos-kiklos.com\/en\/#website\",\"url\":\"https:\/\/ikastikos-kiklos.com\/en\/\",\"name\":\"Ikastikos Kiklos - Zografik\u00ed - Metaxotyp\u00edes - T\u00e9chniPainting - Silk Screen - Art\",\"description\":\"\",\"publisher\":{\"@id\":\"https:\/\/ikastikos-kiklos.com\/en\/#organization\"},\"potentialAction\":[{\"@type\":\"SearchAction\",\"target\":{\"@type\":\"EntryPoint\",\"urlTemplate\":\"https:\/\/ikastikos-kiklos.com\/en\/?s={search_term_string}\"},\"query-input\":{\"@type\":\"PropertyValueSpecification\",\"valueRequired\":true,\"valueName\":\"search_term_string\"}}],\"inLanguage\":\"en-US\"},{\"@type\":\"Organization\",\"@id\":\"https:\/\/ikastikos-kiklos.com\/en\/#organization\",\"name\":\"Ikastikos Kiklos - Zografik\u00ed - Metaxotyp\u00edes - T\u00e9chniPainting - Silk Screen - Art\",\"url\":\"https:\/\/ikastikos-kiklos.com\/en\/\",\"logo\":{\"@type\":\"ImageObject\",\"inLanguage\":\"en-US\",\"@id\":\"https:\/\/ikastikos-kiklos.com\/en\/#\/schema\/logo\/image\/\",\"url\":\"https:\/\/ikastikos-kiklos.com\/wp-content\/uploads\/2022\/10\/cropped-favicon_ikastikos.png\",\"contentUrl\":\"https:\/\/ikastikos-kiklos.com\/wp-content\/uploads\/2022\/10\/cropped-favicon_ikastikos.png\",\"width\":512,\"height\":512,\"caption\":\"Ikastikos Kiklos - Zografik\u00ed - Metaxotyp\u00edes - T\u00e9chniPainting - Silk Screen - Art\"},\"image\":{\"@id\":\"https:\/\/ikastikos-kiklos.com\/en\/#\/schema\/logo\/image\/\"},\"sameAs\":[\"https:\/\/www.facebook.com\/ikastikoskiklossianti\/\"]}]}<\/script>\n<!-- \/ Yoast SEO plugin. -->","yoast_head_json":{"title":"Tree Micro Sculpture by Sarantopoulou Christina at Ikastikos Kiklos Sianti Gallery.","description":"Tree Micro Sculpture by Sarantopoulou Christina at Ikastikos Kiklos Sianti Gallery. Dimensions 18x3x24cm. Signed Sarantopoulou Christina","robots":{"index":"index","follow":"follow","max-snippet":"max-snippet:-1","max-image-preview":"max-image-preview:large","max-video-preview":"max-video-preview:-1"},"canonical":"https:\/\/ikastikos-kiklos.com\/en\/product\/\u03b4\u03ad\u03bd\u03c4\u03c1\u03bf-12\/","og_locale":"en_US","og_type":"article","og_title":"Tree Micro Sculpture by Sarantopoulou Christina at Ikastikos Kiklos Sianti Gallery.","og_description":"Tree Micro Sculpture by Sarantopoulou Christina at Ikastikos Kiklos Sianti Gallery. Dimensions 18x3x24cm. Signed Sarantopoulou Christina","og_url":"https:\/\/ikastikos-kiklos.com\/en\/product\/\u03b4\u03ad\u03bd\u03c4\u03c1\u03bf-12\/","og_site_name":"Ikastikos Kiklos - Zografik\u00ed - Metaxotyp\u00edes - T\u00e9chniPainting - Silk Screen - Art","article_publisher":"https:\/\/www.facebook.com\/ikastikoskiklossianti\/","article_modified_time":"2019-11-15T13:37:41+00:00","og_image":[{"width":500,"height":667,"url":"https:\/\/ikastikos-kiklos.com\/wp-content\/uploads\/2018\/07\/IMG_7240.png","type":"image\/png"}],"twitter_card":"summary_large_image","twitter_misc":{"Est. reading time":"1 minute"},"schema":{"@context":"https:\/\/schema.org","@graph":[{"@type":"WebPage","@id":"https:\/\/ikastikos-kiklos.com\/en\/product\/%ce%b4%ce%ad%ce%bd%cf%84%cf%81%ce%bf-12\/","url":"https:\/\/ikastikos-kiklos.com\/en\/product\/%ce%b4%ce%ad%ce%bd%cf%84%cf%81%ce%bf-12\/","name":"Tree Micro Sculpture by Sarantopoulou Christina at Ikastikos Kiklos Sianti Gallery.","isPartOf":{"@id":"https:\/\/ikastikos-kiklos.com\/en\/#website"},"primaryImageOfPage":{"@id":"https:\/\/ikastikos-kiklos.com\/en\/product\/%ce%b4%ce%ad%ce%bd%cf%84%cf%81%ce%bf-12\/#primaryimage"},"image":{"@id":"https:\/\/ikastikos-kiklos.com\/en\/product\/%ce%b4%ce%ad%ce%bd%cf%84%cf%81%ce%bf-12\/#primaryimage"},"thumbnailUrl":"https:\/\/ikastikos-kiklos.com\/wp-content\/uploads\/2018\/07\/IMG_7240.png","datePublished":"2018-07-31T14:27:14+00:00","dateModified":"2019-11-15T13:37:41+00:00","description":"Tree Micro Sculpture by Sarantopoulou Christina at Ikastikos Kiklos Sianti Gallery. Dimensions 18x3x24cm. Signed Sarantopoulou Christina","breadcrumb":{"@id":"https:\/\/ikastikos-kiklos.com\/en\/product\/%ce%b4%ce%ad%ce%bd%cf%84%cf%81%ce%bf-12\/#breadcrumb"},"inLanguage":"en-US","potentialAction":[{"@type":"ReadAction","target":["https:\/\/ikastikos-kiklos.com\/en\/product\/%ce%b4%ce%ad%ce%bd%cf%84%cf%81%ce%bf-12\/"]}]},{"@type":"ImageObject","inLanguage":"en-US","@id":"https:\/\/ikastikos-kiklos.com\/en\/product\/%ce%b4%ce%ad%ce%bd%cf%84%cf%81%ce%bf-12\/#primaryimage","url":"https:\/\/ikastikos-kiklos.com\/wp-content\/uploads\/2018\/07\/IMG_7240.png","contentUrl":"https:\/\/ikastikos-kiklos.com\/wp-content\/uploads\/2018\/07\/IMG_7240.png","width":500,"height":667,"caption":"\u0394\u03ad\u03bd\u03c4\u03c1\u03bf \u039c\u03b9\u03ba\u03c1\u03bf\u03b3\u03bb\u03c5\u03c0\u03c4\u03cc \u03b1\u03c0\u03cc \u03c4\u03b7 \u03a7\u03c1\u03b9\u03c3\u03c4\u03af\u03bd\u03b1 \u03a3\u03b1\u03c1\u03b1\u03bd\u03c4\u03bf\u03c0\u03bf\u03cd\u03bb\u03bf\u03c5 \u03c3\u03c4\u03bf\u03bd \u0395\u03b9\u03ba\u03b1\u03c3\u03c4\u03b9\u03ba\u03cc \u039a\u03cd\u03ba\u03bb\u03bf Sianti"},{"@type":"BreadcrumbList","@id":"https:\/\/ikastikos-kiklos.com\/en\/product\/%ce%b4%ce%ad%ce%bd%cf%84%cf%81%ce%bf-12\/#breadcrumb","itemListElement":[{"@type":"ListItem","position":1,"name":"Home","item":"https:\/\/ikastikos-kiklos.com\/en\/"},{"@type":"ListItem","position":2,"name":"\u0388\u03c1\u03b3\u03b1 \u03c4\u03ad\u03c7\u03bd\u03b7\u03c2","item":"https:\/\/ikastikos-kiklos.com\/%ce%ad%cf%81%ce%b3%ce%b1-%cf%84%ce%ad%cf%87%ce%bd%ce%b7%cf%82\/"},{"@type":"ListItem","position":3,"name":"Tree"}]},{"@type":"WebSite","@id":"https:\/\/ikastikos-kiklos.com\/en\/#website","url":"https:\/\/ikastikos-kiklos.com\/en\/","name":"Ikastikos Kiklos - Zografik\u00ed - Metaxotyp\u00edes - T\u00e9chniPainting - Silk Screen - Art","description":"","publisher":{"@id":"https:\/\/ikastikos-kiklos.com\/en\/#organization"},"potentialAction":[{"@type":"SearchAction","target":{"@type":"EntryPoint","urlTemplate":"https:\/\/ikastikos-kiklos.com\/en\/?s={search_term_string}"},"query-input":{"@type":"PropertyValueSpecification","valueRequired":true,"valueName":"search_term_string"}}],"inLanguage":"en-US"},{"@type":"Organization","@id":"https:\/\/ikastikos-kiklos.com\/en\/#organization","name":"Ikastikos Kiklos - Zografik\u00ed - Metaxotyp\u00edes - T\u00e9chniPainting - Silk Screen - Art","url":"https:\/\/ikastikos-kiklos.com\/en\/","logo":{"@type":"ImageObject","inLanguage":"en-US","@id":"https:\/\/ikastikos-kiklos.com\/en\/#\/schema\/logo\/image\/","url":"https:\/\/ikastikos-kiklos.com\/wp-content\/uploads\/2022\/10\/cropped-favicon_ikastikos.png","contentUrl":"https:\/\/ikastikos-kiklos.com\/wp-content\/uploads\/2022\/10\/cropped-favicon_ikastikos.png","width":512,"height":512,"caption":"Ikastikos Kiklos - Zografik\u00ed - Metaxotyp\u00edes - T\u00e9chniPainting - Silk Screen - Art"},"image":{"@id":"https:\/\/ikastikos-kiklos.com\/en\/#\/schema\/logo\/image\/"},"sameAs":["https:\/\/www.facebook.com\/ikastikoskiklossianti\/"]}]}},"_links":{"self":[{"href":"https:\/\/ikastikos-kiklos.com\/en\/wp-json\/wp\/v2\/product\/16619","targetHints":{"allow":["GET"]}}],"collection":[{"href":"https:\/\/ikastikos-kiklos.com\/en\/wp-json\/wp\/v2\/product"}],"about":[{"href":"https:\/\/ikastikos-kiklos.com\/en\/wp-json\/wp\/v2\/types\/product"}],"wp:featuredmedia":[{"embeddable":true,"href":"https:\/\/ikastikos-kiklos.com\/en\/wp-json\/wp\/v2\/media\/13865"}],"wp:attachment":[{"href":"https:\/\/ikastikos-kiklos.com\/en\/wp-json\/wp\/v2\/media?parent=16619"}],"wp:term":[{"taxonomy":"product_brand","embeddable":true,"href":"https:\/\/ikastikos-kiklos.com\/en\/wp-json\/wp\/v2\/product_brand?post=16619"},{"taxonomy":"product_cat","embeddable":true,"href":"https:\/\/ikastikos-kiklos.com\/en\/wp-json\/wp\/v2\/product_cat?post=16619"},{"taxonomy":"product_tag","embeddable":true,"href":"https:\/\/ikastikos-kiklos.com\/en\/wp-json\/wp\/v2\/product_tag?post=16619"}],"curies":[{"name":"wp","href":"https:\/\/api.w.org\/{rel}","templated":true}]}}