{"id":16449,"date":"2018-08-03T18:08:39","date_gmt":"2018-08-03T15:08:39","guid":{"rendered":"https:\/\/ikastikos-kiklos.com\/\u03c0\u03c1\u03bf\u03ca\u03cc\u03bd\/%ce%ba%ce%b1%ce%b2%ce%b1%ce%bb%ce%ac%cf%81%ce%b7%cf%82\/"},"modified":"2024-03-14T13:51:11","modified_gmt":"2024-03-14T11:51:11","slug":"%ce%ba%ce%b1%ce%b2%ce%b1%ce%bb%ce%ac%cf%81%ce%b7%cf%82","status":"publish","type":"product","link":"https:\/\/ikastikos-kiklos.com\/en\/product\/%ce%ba%ce%b1%ce%b2%ce%b1%ce%bb%ce%ac%cf%81%ce%b7%cf%82\/","title":{"rendered":"Rider"},"content":{"rendered":"<p><iframe loading=\"lazy\" src=\"https:\/\/www.youtube.com\/embed\/IdwG6nkEYww\" width=\"560\" height=\"315\" frameborder=\"0\" allowfullscreen=\"allowfullscreen\"><\/iframe><\/p>\n","protected":false},"excerpt":{"rendered":"<p>Silkscreen numbered and signed by Alekos Fassianos.<\/p>\n<p>The series is sold out and only 10-piece lab samples are available with the H.C (Hors d&#8217;Commerce)<\/p>\n","protected":false},"featured_media":13942,"template":"","meta":{"ngg_post_thumbnail":0},"product_brand":[],"product_cat":[1987,1991],"product_tag":[2232,2224],"class_list":{"0":"post-16449","1":"product","2":"type-product","3":"status-publish","4":"has-post-thumbnail","6":"product_cat-eshop-en","7":"product_cat-silkscreens-shop","8":"product_tag-alekos-fassianos-en-2","9":"product_tag-silkscreen-en","10":"product_shipping_class-0-2kg","12":"first","13":"instock","14":"taxable","15":"shipping-taxable","16":"purchasable","17":"product-type-simple"},"yoast_head":"<!-- This site is optimized with the Yoast SEO plugin v27.2 - https:\/\/yoast.com\/product\/yoast-seo-wordpress\/ -->\n<title>Rider Silkscreen by Alekos Fassianos at Ikastikos Kiklos Sianti Gallery.<\/title>\n<meta name=\"description\" content=\"Rider Silkscreen by Alekos Fassianos at Ikastikos Kiklos Sianti Gallery. Dimensions 40x52 cm and 10 copies numbered and signed\" \/>\n<meta name=\"robots\" content=\"index, follow, max-snippet:-1, max-image-preview:large, max-video-preview:-1\" \/>\n<link rel=\"canonical\" href=\"https:\/\/ikastikos-kiklos.com\/en\/product\/\u03ba\u03b1\u03b2\u03b1\u03bb\u03ac\u03c1\u03b7\u03c2\/\" \/>\n<meta property=\"og:locale\" content=\"en_US\" \/>\n<meta property=\"og:type\" content=\"article\" \/>\n<meta property=\"og:title\" content=\"Rider Silkscreen by Alekos Fassianos at Ikastikos Kiklos Sianti Gallery.\" \/>\n<meta property=\"og:description\" content=\"Rider Silkscreen by Alekos Fassianos at Ikastikos Kiklos Sianti Gallery. Dimensions 40x52 cm and 10 copies numbered and signed\" \/>\n<meta property=\"og:url\" content=\"https:\/\/ikastikos-kiklos.com\/en\/product\/\u03ba\u03b1\u03b2\u03b1\u03bb\u03ac\u03c1\u03b7\u03c2\/\" \/>\n<meta property=\"og:site_name\" content=\"Ikastikos Kiklos - Zografik\u00ed - Metaxotyp\u00edes - T\u00e9chniPainting - Silk Screen - Art\" \/>\n<meta property=\"article:publisher\" content=\"https:\/\/www.facebook.com\/ikastikoskiklossianti\/\" \/>\n<meta property=\"article:modified_time\" content=\"2024-03-14T11:51:11+00:00\" \/>\n<meta property=\"og:image\" content=\"https:\/\/ikastikos-kiklos.com\/wp-content\/uploads\/2018\/08\/Job_8377.jpg\" \/>\n\t<meta property=\"og:image:width\" content=\"700\" \/>\n\t<meta property=\"og:image:height\" content=\"926\" \/>\n\t<meta property=\"og:image:type\" content=\"image\/jpeg\" \/>\n<meta name=\"twitter:card\" content=\"summary_large_image\" \/>\n<meta name=\"twitter:label1\" content=\"Est. reading time\" \/>\n\t<meta name=\"twitter:data1\" content=\"1 minute\" \/>\n<script type=\"application\/ld+json\" class=\"yoast-schema-graph\">{\"@context\":\"https:\/\/schema.org\",\"@graph\":[{\"@type\":\"WebPage\",\"@id\":\"https:\/\/ikastikos-kiklos.com\/en\/product\/%ce%ba%ce%b1%ce%b2%ce%b1%ce%bb%ce%ac%cf%81%ce%b7%cf%82\/\",\"url\":\"https:\/\/ikastikos-kiklos.com\/en\/product\/%ce%ba%ce%b1%ce%b2%ce%b1%ce%bb%ce%ac%cf%81%ce%b7%cf%82\/\",\"name\":\"Rider Silkscreen by Alekos Fassianos at Ikastikos Kiklos Sianti Gallery.\",\"isPartOf\":{\"@id\":\"https:\/\/ikastikos-kiklos.com\/en\/#website\"},\"primaryImageOfPage\":{\"@id\":\"https:\/\/ikastikos-kiklos.com\/en\/product\/%ce%ba%ce%b1%ce%b2%ce%b1%ce%bb%ce%ac%cf%81%ce%b7%cf%82\/#primaryimage\"},\"image\":{\"@id\":\"https:\/\/ikastikos-kiklos.com\/en\/product\/%ce%ba%ce%b1%ce%b2%ce%b1%ce%bb%ce%ac%cf%81%ce%b7%cf%82\/#primaryimage\"},\"thumbnailUrl\":\"https:\/\/ikastikos-kiklos.com\/wp-content\/uploads\/2018\/08\/Job_8377.jpg\",\"datePublished\":\"2018-08-03T15:08:39+00:00\",\"dateModified\":\"2024-03-14T11:51:11+00:00\",\"description\":\"Rider Silkscreen by Alekos Fassianos at Ikastikos Kiklos Sianti Gallery. Dimensions 40x52 cm and 10 copies numbered and signed\",\"breadcrumb\":{\"@id\":\"https:\/\/ikastikos-kiklos.com\/en\/product\/%ce%ba%ce%b1%ce%b2%ce%b1%ce%bb%ce%ac%cf%81%ce%b7%cf%82\/#breadcrumb\"},\"inLanguage\":\"en-US\",\"potentialAction\":[{\"@type\":\"ReadAction\",\"target\":[\"https:\/\/ikastikos-kiklos.com\/en\/product\/%ce%ba%ce%b1%ce%b2%ce%b1%ce%bb%ce%ac%cf%81%ce%b7%cf%82\/\"]}]},{\"@type\":\"ImageObject\",\"inLanguage\":\"en-US\",\"@id\":\"https:\/\/ikastikos-kiklos.com\/en\/product\/%ce%ba%ce%b1%ce%b2%ce%b1%ce%bb%ce%ac%cf%81%ce%b7%cf%82\/#primaryimage\",\"url\":\"https:\/\/ikastikos-kiklos.com\/wp-content\/uploads\/2018\/08\/Job_8377.jpg\",\"contentUrl\":\"https:\/\/ikastikos-kiklos.com\/wp-content\/uploads\/2018\/08\/Job_8377.jpg\",\"width\":700,\"height\":926,\"caption\":\"\u039a\u03b1\u03b2\u03b1\u03bb\u03ac\u03c1\u03b7\u03c2 \u039c\u03b5\u03c4\u03b1\u03be\u03bf\u03c4\u03c5\u03c0\u03af\u03b1 \u03c4\u03bf\u03c5 \u0391\u03bb\u03ad\u03ba\u03bf\u03c5 \u03a6\u03b1\u03c3\u03b9\u03b1\u03bd\u03bf\u03cd \u03c3\u03c4\u03bf\u03bd \u0395\u03b9\u03ba\u03b1\u03c3\u03c4\u03b9\u03ba\u03cc \u039a\u03cd\u03ba\u03bb\u03bf Sianti\"},{\"@type\":\"BreadcrumbList\",\"@id\":\"https:\/\/ikastikos-kiklos.com\/en\/product\/%ce%ba%ce%b1%ce%b2%ce%b1%ce%bb%ce%ac%cf%81%ce%b7%cf%82\/#breadcrumb\",\"itemListElement\":[{\"@type\":\"ListItem\",\"position\":1,\"name\":\"Home\",\"item\":\"https:\/\/ikastikos-kiklos.com\/en\/\"},{\"@type\":\"ListItem\",\"position\":2,\"name\":\"\u0388\u03c1\u03b3\u03b1 \u03c4\u03ad\u03c7\u03bd\u03b7\u03c2\",\"item\":\"https:\/\/ikastikos-kiklos.com\/%ce%ad%cf%81%ce%b3%ce%b1-%cf%84%ce%ad%cf%87%ce%bd%ce%b7%cf%82\/\"},{\"@type\":\"ListItem\",\"position\":3,\"name\":\"Rider\"}]},{\"@type\":\"WebSite\",\"@id\":\"https:\/\/ikastikos-kiklos.com\/en\/#website\",\"url\":\"https:\/\/ikastikos-kiklos.com\/en\/\",\"name\":\"Ikastikos Kiklos - Zografik\u00ed - Metaxotyp\u00edes - T\u00e9chniPainting - Silk Screen - Art\",\"description\":\"\",\"publisher\":{\"@id\":\"https:\/\/ikastikos-kiklos.com\/en\/#organization\"},\"potentialAction\":[{\"@type\":\"SearchAction\",\"target\":{\"@type\":\"EntryPoint\",\"urlTemplate\":\"https:\/\/ikastikos-kiklos.com\/en\/?s={search_term_string}\"},\"query-input\":{\"@type\":\"PropertyValueSpecification\",\"valueRequired\":true,\"valueName\":\"search_term_string\"}}],\"inLanguage\":\"en-US\"},{\"@type\":\"Organization\",\"@id\":\"https:\/\/ikastikos-kiklos.com\/en\/#organization\",\"name\":\"Ikastikos Kiklos - Zografik\u00ed - Metaxotyp\u00edes - T\u00e9chniPainting - Silk Screen - Art\",\"url\":\"https:\/\/ikastikos-kiklos.com\/en\/\",\"logo\":{\"@type\":\"ImageObject\",\"inLanguage\":\"en-US\",\"@id\":\"https:\/\/ikastikos-kiklos.com\/en\/#\/schema\/logo\/image\/\",\"url\":\"https:\/\/ikastikos-kiklos.com\/wp-content\/uploads\/2022\/10\/cropped-favicon_ikastikos.png\",\"contentUrl\":\"https:\/\/ikastikos-kiklos.com\/wp-content\/uploads\/2022\/10\/cropped-favicon_ikastikos.png\",\"width\":512,\"height\":512,\"caption\":\"Ikastikos Kiklos - Zografik\u00ed - Metaxotyp\u00edes - T\u00e9chniPainting - Silk Screen - Art\"},\"image\":{\"@id\":\"https:\/\/ikastikos-kiklos.com\/en\/#\/schema\/logo\/image\/\"},\"sameAs\":[\"https:\/\/www.facebook.com\/ikastikoskiklossianti\/\"]}]}<\/script>\n<!-- \/ Yoast SEO plugin. -->","yoast_head_json":{"title":"Rider Silkscreen by Alekos Fassianos at Ikastikos Kiklos Sianti Gallery.","description":"Rider Silkscreen by Alekos Fassianos at Ikastikos Kiklos Sianti Gallery. Dimensions 40x52 cm and 10 copies numbered and signed","robots":{"index":"index","follow":"follow","max-snippet":"max-snippet:-1","max-image-preview":"max-image-preview:large","max-video-preview":"max-video-preview:-1"},"canonical":"https:\/\/ikastikos-kiklos.com\/en\/product\/\u03ba\u03b1\u03b2\u03b1\u03bb\u03ac\u03c1\u03b7\u03c2\/","og_locale":"en_US","og_type":"article","og_title":"Rider Silkscreen by Alekos Fassianos at Ikastikos Kiklos Sianti Gallery.","og_description":"Rider Silkscreen by Alekos Fassianos at Ikastikos Kiklos Sianti Gallery. Dimensions 40x52 cm and 10 copies numbered and signed","og_url":"https:\/\/ikastikos-kiklos.com\/en\/product\/\u03ba\u03b1\u03b2\u03b1\u03bb\u03ac\u03c1\u03b7\u03c2\/","og_site_name":"Ikastikos Kiklos - Zografik\u00ed - Metaxotyp\u00edes - T\u00e9chniPainting - Silk Screen - Art","article_publisher":"https:\/\/www.facebook.com\/ikastikoskiklossianti\/","article_modified_time":"2024-03-14T11:51:11+00:00","og_image":[{"width":700,"height":926,"url":"https:\/\/ikastikos-kiklos.com\/wp-content\/uploads\/2018\/08\/Job_8377.jpg","type":"image\/jpeg"}],"twitter_card":"summary_large_image","twitter_misc":{"Est. reading time":"1 minute"},"schema":{"@context":"https:\/\/schema.org","@graph":[{"@type":"WebPage","@id":"https:\/\/ikastikos-kiklos.com\/en\/product\/%ce%ba%ce%b1%ce%b2%ce%b1%ce%bb%ce%ac%cf%81%ce%b7%cf%82\/","url":"https:\/\/ikastikos-kiklos.com\/en\/product\/%ce%ba%ce%b1%ce%b2%ce%b1%ce%bb%ce%ac%cf%81%ce%b7%cf%82\/","name":"Rider Silkscreen by Alekos Fassianos at Ikastikos Kiklos Sianti Gallery.","isPartOf":{"@id":"https:\/\/ikastikos-kiklos.com\/en\/#website"},"primaryImageOfPage":{"@id":"https:\/\/ikastikos-kiklos.com\/en\/product\/%ce%ba%ce%b1%ce%b2%ce%b1%ce%bb%ce%ac%cf%81%ce%b7%cf%82\/#primaryimage"},"image":{"@id":"https:\/\/ikastikos-kiklos.com\/en\/product\/%ce%ba%ce%b1%ce%b2%ce%b1%ce%bb%ce%ac%cf%81%ce%b7%cf%82\/#primaryimage"},"thumbnailUrl":"https:\/\/ikastikos-kiklos.com\/wp-content\/uploads\/2018\/08\/Job_8377.jpg","datePublished":"2018-08-03T15:08:39+00:00","dateModified":"2024-03-14T11:51:11+00:00","description":"Rider Silkscreen by Alekos Fassianos at Ikastikos Kiklos Sianti Gallery. Dimensions 40x52 cm and 10 copies numbered and signed","breadcrumb":{"@id":"https:\/\/ikastikos-kiklos.com\/en\/product\/%ce%ba%ce%b1%ce%b2%ce%b1%ce%bb%ce%ac%cf%81%ce%b7%cf%82\/#breadcrumb"},"inLanguage":"en-US","potentialAction":[{"@type":"ReadAction","target":["https:\/\/ikastikos-kiklos.com\/en\/product\/%ce%ba%ce%b1%ce%b2%ce%b1%ce%bb%ce%ac%cf%81%ce%b7%cf%82\/"]}]},{"@type":"ImageObject","inLanguage":"en-US","@id":"https:\/\/ikastikos-kiklos.com\/en\/product\/%ce%ba%ce%b1%ce%b2%ce%b1%ce%bb%ce%ac%cf%81%ce%b7%cf%82\/#primaryimage","url":"https:\/\/ikastikos-kiklos.com\/wp-content\/uploads\/2018\/08\/Job_8377.jpg","contentUrl":"https:\/\/ikastikos-kiklos.com\/wp-content\/uploads\/2018\/08\/Job_8377.jpg","width":700,"height":926,"caption":"\u039a\u03b1\u03b2\u03b1\u03bb\u03ac\u03c1\u03b7\u03c2 \u039c\u03b5\u03c4\u03b1\u03be\u03bf\u03c4\u03c5\u03c0\u03af\u03b1 \u03c4\u03bf\u03c5 \u0391\u03bb\u03ad\u03ba\u03bf\u03c5 \u03a6\u03b1\u03c3\u03b9\u03b1\u03bd\u03bf\u03cd \u03c3\u03c4\u03bf\u03bd \u0395\u03b9\u03ba\u03b1\u03c3\u03c4\u03b9\u03ba\u03cc \u039a\u03cd\u03ba\u03bb\u03bf Sianti"},{"@type":"BreadcrumbList","@id":"https:\/\/ikastikos-kiklos.com\/en\/product\/%ce%ba%ce%b1%ce%b2%ce%b1%ce%bb%ce%ac%cf%81%ce%b7%cf%82\/#breadcrumb","itemListElement":[{"@type":"ListItem","position":1,"name":"Home","item":"https:\/\/ikastikos-kiklos.com\/en\/"},{"@type":"ListItem","position":2,"name":"\u0388\u03c1\u03b3\u03b1 \u03c4\u03ad\u03c7\u03bd\u03b7\u03c2","item":"https:\/\/ikastikos-kiklos.com\/%ce%ad%cf%81%ce%b3%ce%b1-%cf%84%ce%ad%cf%87%ce%bd%ce%b7%cf%82\/"},{"@type":"ListItem","position":3,"name":"Rider"}]},{"@type":"WebSite","@id":"https:\/\/ikastikos-kiklos.com\/en\/#website","url":"https:\/\/ikastikos-kiklos.com\/en\/","name":"Ikastikos Kiklos - Zografik\u00ed - Metaxotyp\u00edes - T\u00e9chniPainting - Silk Screen - Art","description":"","publisher":{"@id":"https:\/\/ikastikos-kiklos.com\/en\/#organization"},"potentialAction":[{"@type":"SearchAction","target":{"@type":"EntryPoint","urlTemplate":"https:\/\/ikastikos-kiklos.com\/en\/?s={search_term_string}"},"query-input":{"@type":"PropertyValueSpecification","valueRequired":true,"valueName":"search_term_string"}}],"inLanguage":"en-US"},{"@type":"Organization","@id":"https:\/\/ikastikos-kiklos.com\/en\/#organization","name":"Ikastikos Kiklos - Zografik\u00ed - Metaxotyp\u00edes - T\u00e9chniPainting - Silk Screen - Art","url":"https:\/\/ikastikos-kiklos.com\/en\/","logo":{"@type":"ImageObject","inLanguage":"en-US","@id":"https:\/\/ikastikos-kiklos.com\/en\/#\/schema\/logo\/image\/","url":"https:\/\/ikastikos-kiklos.com\/wp-content\/uploads\/2022\/10\/cropped-favicon_ikastikos.png","contentUrl":"https:\/\/ikastikos-kiklos.com\/wp-content\/uploads\/2022\/10\/cropped-favicon_ikastikos.png","width":512,"height":512,"caption":"Ikastikos Kiklos - Zografik\u00ed - Metaxotyp\u00edes - T\u00e9chniPainting - Silk Screen - Art"},"image":{"@id":"https:\/\/ikastikos-kiklos.com\/en\/#\/schema\/logo\/image\/"},"sameAs":["https:\/\/www.facebook.com\/ikastikoskiklossianti\/"]}]}},"_links":{"self":[{"href":"https:\/\/ikastikos-kiklos.com\/en\/wp-json\/wp\/v2\/product\/16449","targetHints":{"allow":["GET"]}}],"collection":[{"href":"https:\/\/ikastikos-kiklos.com\/en\/wp-json\/wp\/v2\/product"}],"about":[{"href":"https:\/\/ikastikos-kiklos.com\/en\/wp-json\/wp\/v2\/types\/product"}],"wp:featuredmedia":[{"embeddable":true,"href":"https:\/\/ikastikos-kiklos.com\/en\/wp-json\/wp\/v2\/media\/13942"}],"wp:attachment":[{"href":"https:\/\/ikastikos-kiklos.com\/en\/wp-json\/wp\/v2\/media?parent=16449"}],"wp:term":[{"taxonomy":"product_brand","embeddable":true,"href":"https:\/\/ikastikos-kiklos.com\/en\/wp-json\/wp\/v2\/product_brand?post=16449"},{"taxonomy":"product_cat","embeddable":true,"href":"https:\/\/ikastikos-kiklos.com\/en\/wp-json\/wp\/v2\/product_cat?post=16449"},{"taxonomy":"product_tag","embeddable":true,"href":"https:\/\/ikastikos-kiklos.com\/en\/wp-json\/wp\/v2\/product_tag?post=16449"}],"curies":[{"name":"wp","href":"https:\/\/api.w.org\/{rel}","templated":true}]}}