{"id":16232,"date":"2018-09-18T17:40:50","date_gmt":"2018-09-18T14:40:50","guid":{"rendered":"https:\/\/ikastikos-kiklos.com\/\u03c0\u03c1\u03bf\u03ca\u03cc\u03bd\/%cf%80%ce%b1%cf%80%ce%b1%cf%81%ce%bf%cf%8d%ce%bd%ce%b1\/"},"modified":"2019-08-16T17:57:00","modified_gmt":"2019-08-16T14:57:00","slug":"%cf%80%ce%b1%cf%80%ce%b1%cf%81%ce%bf%cf%8d%ce%bd%ce%b1","status":"publish","type":"product","link":"https:\/\/ikastikos-kiklos.com\/en\/product\/%cf%80%ce%b1%cf%80%ce%b1%cf%81%ce%bf%cf%8d%ce%bd%ce%b1\/","title":{"rendered":"Poppy"},"content":{"rendered":"<p>The artist, who has been living in Kithira, has developed an ideal destination for Western art, from the Renaissance to the present day, and is influenced by the legend (Journey to Kythira), creating landscapes that want to transfer their invitation of traveling.<\/p>\n<p>Source kathimerini.gr<\/p>\n","protected":false},"excerpt":{"rendered":"<p><a href=\"https:\/\/ikastikos-kiklos.com\/%CE%BC%CE%B5%CF%84%CE%B1%CE%BE%CE%BF%CF%84%CF%85%CF%80%CE%B9%CE%BA%CE%B7-%CE%BC%CE%B5%CE%B8%CE%BF%CE%B4%CE%BF%CF%83-%CE%B5%CE%BA%CF%84%CF%85%CF%80%CF%89%CF%83%CE%B7%CF%83-giclee\/\">Gicl\u00e9e<\/a> numbered and signed by Charos Manolis in\u00a050 copies<\/p>\n","protected":false},"featured_media":14827,"template":"","meta":{"ngg_post_thumbnail":0},"product_brand":[],"product_cat":[398,1987,396,1991],"product_tag":[],"class_list":{"0":"post-16232","1":"product","2":"type-product","3":"status-publish","4":"has-post-thumbnail","6":"product_cat-collections","7":"product_cat-eshop-en","8":"product_cat-silkscreens","9":"product_cat-silkscreens-shop","10":"product_shipping_class-0-2kg","12":"first","13":"instock","14":"taxable","15":"shipping-taxable","16":"purchasable","17":"product-type-simple"},"yoast_head":"<!-- This site is optimized with the Yoast SEO plugin v27.4 - https:\/\/yoast.com\/product\/yoast-seo-wordpress\/ -->\n<title>Poppy Silkscreen by Charos Manolis at Ikastikos Kiklos Sianti Gallery<\/title>\n<meta name=\"description\" content=\"Poppy Silkscreen by Charos Manolis at Ikastikos Kiklos Sianti Gallery. Dimensions 49x49 and 50 copies numbered and signed\" \/>\n<meta name=\"robots\" content=\"index, follow, max-snippet:-1, max-image-preview:large, max-video-preview:-1\" \/>\n<link rel=\"canonical\" href=\"https:\/\/ikastikos-kiklos.com\/en\/product\/\u03c0\u03b1\u03c0\u03b1\u03c1\u03bf\u03cd\u03bd\u03b1\/\" \/>\n<meta property=\"og:locale\" content=\"en_US\" \/>\n<meta property=\"og:type\" content=\"article\" \/>\n<meta property=\"og:title\" content=\"Poppy Silkscreen by Charos Manolis at Ikastikos Kiklos Sianti Gallery\" \/>\n<meta property=\"og:description\" content=\"Poppy Silkscreen by Charos Manolis at Ikastikos Kiklos Sianti Gallery. Dimensions 49x49 and 50 copies numbered and signed\" \/>\n<meta property=\"og:url\" content=\"https:\/\/ikastikos-kiklos.com\/en\/product\/\u03c0\u03b1\u03c0\u03b1\u03c1\u03bf\u03cd\u03bd\u03b1\/\" \/>\n<meta property=\"og:site_name\" content=\"Ikastikos Kiklos - Zografik\u00ed - Metaxotyp\u00edes - T\u00e9chniPainting - Silk Screen - Art\" \/>\n<meta property=\"article:publisher\" content=\"https:\/\/www.facebook.com\/ikastikoskiklossianti\/\" \/>\n<meta property=\"article:modified_time\" content=\"2019-08-16T14:57:00+00:00\" \/>\n<meta property=\"og:image\" content=\"https:\/\/ikastikos-kiklos.com\/wp-content\/uploads\/2018\/09\/07g115.jpg\" \/>\n\t<meta property=\"og:image:width\" content=\"900\" \/>\n\t<meta property=\"og:image:height\" content=\"653\" \/>\n\t<meta property=\"og:image:type\" content=\"image\/jpeg\" \/>\n<meta name=\"twitter:card\" content=\"summary_large_image\" \/>\n<script type=\"application\/ld+json\" class=\"yoast-schema-graph\">{\"@context\":\"https:\\\/\\\/schema.org\",\"@graph\":[{\"@type\":\"WebPage\",\"@id\":\"https:\\\/\\\/ikastikos-kiklos.com\\\/en\\\/product\\\/%cf%80%ce%b1%cf%80%ce%b1%cf%81%ce%bf%cf%8d%ce%bd%ce%b1\\\/\",\"url\":\"https:\\\/\\\/ikastikos-kiklos.com\\\/en\\\/product\\\/%cf%80%ce%b1%cf%80%ce%b1%cf%81%ce%bf%cf%8d%ce%bd%ce%b1\\\/\",\"name\":\"Poppy Silkscreen by Charos Manolis at Ikastikos Kiklos Sianti Gallery\",\"isPartOf\":{\"@id\":\"https:\\\/\\\/ikastikos-kiklos.com\\\/en\\\/#website\"},\"primaryImageOfPage\":{\"@id\":\"https:\\\/\\\/ikastikos-kiklos.com\\\/en\\\/product\\\/%cf%80%ce%b1%cf%80%ce%b1%cf%81%ce%bf%cf%8d%ce%bd%ce%b1\\\/#primaryimage\"},\"image\":{\"@id\":\"https:\\\/\\\/ikastikos-kiklos.com\\\/en\\\/product\\\/%cf%80%ce%b1%cf%80%ce%b1%cf%81%ce%bf%cf%8d%ce%bd%ce%b1\\\/#primaryimage\"},\"thumbnailUrl\":\"https:\\\/\\\/ikastikos-kiklos.com\\\/wp-content\\\/uploads\\\/2018\\\/09\\\/07g115.jpg\",\"datePublished\":\"2018-09-18T14:40:50+00:00\",\"dateModified\":\"2019-08-16T14:57:00+00:00\",\"description\":\"Poppy Silkscreen by Charos Manolis at Ikastikos Kiklos Sianti Gallery. Dimensions 49x49 and 50 copies numbered and signed\",\"breadcrumb\":{\"@id\":\"https:\\\/\\\/ikastikos-kiklos.com\\\/en\\\/product\\\/%cf%80%ce%b1%cf%80%ce%b1%cf%81%ce%bf%cf%8d%ce%bd%ce%b1\\\/#breadcrumb\"},\"inLanguage\":\"en-US\",\"potentialAction\":[{\"@type\":\"ReadAction\",\"target\":[\"https:\\\/\\\/ikastikos-kiklos.com\\\/en\\\/product\\\/%cf%80%ce%b1%cf%80%ce%b1%cf%81%ce%bf%cf%8d%ce%bd%ce%b1\\\/\"]}]},{\"@type\":\"ImageObject\",\"inLanguage\":\"en-US\",\"@id\":\"https:\\\/\\\/ikastikos-kiklos.com\\\/en\\\/product\\\/%cf%80%ce%b1%cf%80%ce%b1%cf%81%ce%bf%cf%8d%ce%bd%ce%b1\\\/#primaryimage\",\"url\":\"https:\\\/\\\/ikastikos-kiklos.com\\\/wp-content\\\/uploads\\\/2018\\\/09\\\/07g115.jpg\",\"contentUrl\":\"https:\\\/\\\/ikastikos-kiklos.com\\\/wp-content\\\/uploads\\\/2018\\\/09\\\/07g115.jpg\",\"width\":900,\"height\":653,\"caption\":\"\u03a0\u03b1\u03c0\u03b1\u03c1\u03bf\u03cd\u03bd\u03b1 \u039c\u03b5\u03c4\u03b1\u03be\u03bf\u03c4\u03c5\u03c0\u03af\u03b1 \u03c4\u03bf\u03c5 \u039c\u03b1\u03bd\u03ce\u03bb\u03b7 \u03a7\u03ac\u03c1\u03bf\u03c5 \u03c3\u03c4\u03bf\u03bd \u0395\u03b9\u03ba\u03b1\u03c3\u03c4\u03b9\u03ba\u03cc \u039a\u03cd\u03ba\u03bb\u03bf Sianti\"},{\"@type\":\"BreadcrumbList\",\"@id\":\"https:\\\/\\\/ikastikos-kiklos.com\\\/en\\\/product\\\/%cf%80%ce%b1%cf%80%ce%b1%cf%81%ce%bf%cf%8d%ce%bd%ce%b1\\\/#breadcrumb\",\"itemListElement\":[{\"@type\":\"ListItem\",\"position\":1,\"name\":\"Home\",\"item\":\"https:\\\/\\\/ikastikos-kiklos.com\\\/en\\\/\"},{\"@type\":\"ListItem\",\"position\":2,\"name\":\"\u0388\u03c1\u03b3\u03b1 \u03c4\u03ad\u03c7\u03bd\u03b7\u03c2\",\"item\":\"https:\\\/\\\/ikastikos-kiklos.com\\\/%ce%ad%cf%81%ce%b3%ce%b1-%cf%84%ce%ad%cf%87%ce%bd%ce%b7%cf%82\\\/\"},{\"@type\":\"ListItem\",\"position\":3,\"name\":\"Poppy\"}]},{\"@type\":\"WebSite\",\"@id\":\"https:\\\/\\\/ikastikos-kiklos.com\\\/en\\\/#website\",\"url\":\"https:\\\/\\\/ikastikos-kiklos.com\\\/en\\\/\",\"name\":\"Ikastikos Kiklos - Zografik\u00ed - Metaxotyp\u00edes - T\u00e9chniPainting - Silk Screen - Art\",\"description\":\"\",\"publisher\":{\"@id\":\"https:\\\/\\\/ikastikos-kiklos.com\\\/en\\\/#organization\"},\"potentialAction\":[{\"@type\":\"SearchAction\",\"target\":{\"@type\":\"EntryPoint\",\"urlTemplate\":\"https:\\\/\\\/ikastikos-kiklos.com\\\/en\\\/?s={search_term_string}\"},\"query-input\":{\"@type\":\"PropertyValueSpecification\",\"valueRequired\":true,\"valueName\":\"search_term_string\"}}],\"inLanguage\":\"en-US\"},{\"@type\":\"Organization\",\"@id\":\"https:\\\/\\\/ikastikos-kiklos.com\\\/en\\\/#organization\",\"name\":\"Ikastikos Kiklos - Zografik\u00ed - Metaxotyp\u00edes - T\u00e9chniPainting - Silk Screen - Art\",\"url\":\"https:\\\/\\\/ikastikos-kiklos.com\\\/en\\\/\",\"logo\":{\"@type\":\"ImageObject\",\"inLanguage\":\"en-US\",\"@id\":\"https:\\\/\\\/ikastikos-kiklos.com\\\/en\\\/#\\\/schema\\\/logo\\\/image\\\/\",\"url\":\"https:\\\/\\\/ikastikos-kiklos.com\\\/wp-content\\\/uploads\\\/2022\\\/10\\\/cropped-favicon_ikastikos.png\",\"contentUrl\":\"https:\\\/\\\/ikastikos-kiklos.com\\\/wp-content\\\/uploads\\\/2022\\\/10\\\/cropped-favicon_ikastikos.png\",\"width\":512,\"height\":512,\"caption\":\"Ikastikos Kiklos - Zografik\u00ed - Metaxotyp\u00edes - T\u00e9chniPainting - Silk Screen - Art\"},\"image\":{\"@id\":\"https:\\\/\\\/ikastikos-kiklos.com\\\/en\\\/#\\\/schema\\\/logo\\\/image\\\/\"},\"sameAs\":[\"https:\\\/\\\/www.facebook.com\\\/ikastikoskiklossianti\\\/\"]}]}<\/script>\n<!-- \/ Yoast SEO plugin. -->","yoast_head_json":{"title":"Poppy Silkscreen by Charos Manolis at Ikastikos Kiklos Sianti Gallery","description":"Poppy Silkscreen by Charos Manolis at Ikastikos Kiklos Sianti Gallery. Dimensions 49x49 and 50 copies numbered and signed","robots":{"index":"index","follow":"follow","max-snippet":"max-snippet:-1","max-image-preview":"max-image-preview:large","max-video-preview":"max-video-preview:-1"},"canonical":"https:\/\/ikastikos-kiklos.com\/en\/product\/\u03c0\u03b1\u03c0\u03b1\u03c1\u03bf\u03cd\u03bd\u03b1\/","og_locale":"en_US","og_type":"article","og_title":"Poppy Silkscreen by Charos Manolis at Ikastikos Kiklos Sianti Gallery","og_description":"Poppy Silkscreen by Charos Manolis at Ikastikos Kiklos Sianti Gallery. Dimensions 49x49 and 50 copies numbered and signed","og_url":"https:\/\/ikastikos-kiklos.com\/en\/product\/\u03c0\u03b1\u03c0\u03b1\u03c1\u03bf\u03cd\u03bd\u03b1\/","og_site_name":"Ikastikos Kiklos - Zografik\u00ed - Metaxotyp\u00edes - T\u00e9chniPainting - Silk Screen - Art","article_publisher":"https:\/\/www.facebook.com\/ikastikoskiklossianti\/","article_modified_time":"2019-08-16T14:57:00+00:00","og_image":[{"width":900,"height":653,"url":"https:\/\/ikastikos-kiklos.com\/wp-content\/uploads\/2018\/09\/07g115.jpg","type":"image\/jpeg"}],"twitter_card":"summary_large_image","schema":{"@context":"https:\/\/schema.org","@graph":[{"@type":"WebPage","@id":"https:\/\/ikastikos-kiklos.com\/en\/product\/%cf%80%ce%b1%cf%80%ce%b1%cf%81%ce%bf%cf%8d%ce%bd%ce%b1\/","url":"https:\/\/ikastikos-kiklos.com\/en\/product\/%cf%80%ce%b1%cf%80%ce%b1%cf%81%ce%bf%cf%8d%ce%bd%ce%b1\/","name":"Poppy Silkscreen by Charos Manolis at Ikastikos Kiklos Sianti Gallery","isPartOf":{"@id":"https:\/\/ikastikos-kiklos.com\/en\/#website"},"primaryImageOfPage":{"@id":"https:\/\/ikastikos-kiklos.com\/en\/product\/%cf%80%ce%b1%cf%80%ce%b1%cf%81%ce%bf%cf%8d%ce%bd%ce%b1\/#primaryimage"},"image":{"@id":"https:\/\/ikastikos-kiklos.com\/en\/product\/%cf%80%ce%b1%cf%80%ce%b1%cf%81%ce%bf%cf%8d%ce%bd%ce%b1\/#primaryimage"},"thumbnailUrl":"https:\/\/ikastikos-kiklos.com\/wp-content\/uploads\/2018\/09\/07g115.jpg","datePublished":"2018-09-18T14:40:50+00:00","dateModified":"2019-08-16T14:57:00+00:00","description":"Poppy Silkscreen by Charos Manolis at Ikastikos Kiklos Sianti Gallery. Dimensions 49x49 and 50 copies numbered and signed","breadcrumb":{"@id":"https:\/\/ikastikos-kiklos.com\/en\/product\/%cf%80%ce%b1%cf%80%ce%b1%cf%81%ce%bf%cf%8d%ce%bd%ce%b1\/#breadcrumb"},"inLanguage":"en-US","potentialAction":[{"@type":"ReadAction","target":["https:\/\/ikastikos-kiklos.com\/en\/product\/%cf%80%ce%b1%cf%80%ce%b1%cf%81%ce%bf%cf%8d%ce%bd%ce%b1\/"]}]},{"@type":"ImageObject","inLanguage":"en-US","@id":"https:\/\/ikastikos-kiklos.com\/en\/product\/%cf%80%ce%b1%cf%80%ce%b1%cf%81%ce%bf%cf%8d%ce%bd%ce%b1\/#primaryimage","url":"https:\/\/ikastikos-kiklos.com\/wp-content\/uploads\/2018\/09\/07g115.jpg","contentUrl":"https:\/\/ikastikos-kiklos.com\/wp-content\/uploads\/2018\/09\/07g115.jpg","width":900,"height":653,"caption":"\u03a0\u03b1\u03c0\u03b1\u03c1\u03bf\u03cd\u03bd\u03b1 \u039c\u03b5\u03c4\u03b1\u03be\u03bf\u03c4\u03c5\u03c0\u03af\u03b1 \u03c4\u03bf\u03c5 \u039c\u03b1\u03bd\u03ce\u03bb\u03b7 \u03a7\u03ac\u03c1\u03bf\u03c5 \u03c3\u03c4\u03bf\u03bd \u0395\u03b9\u03ba\u03b1\u03c3\u03c4\u03b9\u03ba\u03cc \u039a\u03cd\u03ba\u03bb\u03bf Sianti"},{"@type":"BreadcrumbList","@id":"https:\/\/ikastikos-kiklos.com\/en\/product\/%cf%80%ce%b1%cf%80%ce%b1%cf%81%ce%bf%cf%8d%ce%bd%ce%b1\/#breadcrumb","itemListElement":[{"@type":"ListItem","position":1,"name":"Home","item":"https:\/\/ikastikos-kiklos.com\/en\/"},{"@type":"ListItem","position":2,"name":"\u0388\u03c1\u03b3\u03b1 \u03c4\u03ad\u03c7\u03bd\u03b7\u03c2","item":"https:\/\/ikastikos-kiklos.com\/%ce%ad%cf%81%ce%b3%ce%b1-%cf%84%ce%ad%cf%87%ce%bd%ce%b7%cf%82\/"},{"@type":"ListItem","position":3,"name":"Poppy"}]},{"@type":"WebSite","@id":"https:\/\/ikastikos-kiklos.com\/en\/#website","url":"https:\/\/ikastikos-kiklos.com\/en\/","name":"Ikastikos Kiklos - Zografik\u00ed - Metaxotyp\u00edes - T\u00e9chniPainting - Silk Screen - Art","description":"","publisher":{"@id":"https:\/\/ikastikos-kiklos.com\/en\/#organization"},"potentialAction":[{"@type":"SearchAction","target":{"@type":"EntryPoint","urlTemplate":"https:\/\/ikastikos-kiklos.com\/en\/?s={search_term_string}"},"query-input":{"@type":"PropertyValueSpecification","valueRequired":true,"valueName":"search_term_string"}}],"inLanguage":"en-US"},{"@type":"Organization","@id":"https:\/\/ikastikos-kiklos.com\/en\/#organization","name":"Ikastikos Kiklos - Zografik\u00ed - Metaxotyp\u00edes - T\u00e9chniPainting - Silk Screen - Art","url":"https:\/\/ikastikos-kiklos.com\/en\/","logo":{"@type":"ImageObject","inLanguage":"en-US","@id":"https:\/\/ikastikos-kiklos.com\/en\/#\/schema\/logo\/image\/","url":"https:\/\/ikastikos-kiklos.com\/wp-content\/uploads\/2022\/10\/cropped-favicon_ikastikos.png","contentUrl":"https:\/\/ikastikos-kiklos.com\/wp-content\/uploads\/2022\/10\/cropped-favicon_ikastikos.png","width":512,"height":512,"caption":"Ikastikos Kiklos - Zografik\u00ed - Metaxotyp\u00edes - T\u00e9chniPainting - Silk Screen - Art"},"image":{"@id":"https:\/\/ikastikos-kiklos.com\/en\/#\/schema\/logo\/image\/"},"sameAs":["https:\/\/www.facebook.com\/ikastikoskiklossianti\/"]}]}},"_links":{"self":[{"href":"https:\/\/ikastikos-kiklos.com\/en\/wp-json\/wp\/v2\/product\/16232","targetHints":{"allow":["GET"]}}],"collection":[{"href":"https:\/\/ikastikos-kiklos.com\/en\/wp-json\/wp\/v2\/product"}],"about":[{"href":"https:\/\/ikastikos-kiklos.com\/en\/wp-json\/wp\/v2\/types\/product"}],"wp:featuredmedia":[{"embeddable":true,"href":"https:\/\/ikastikos-kiklos.com\/en\/wp-json\/wp\/v2\/media\/14827"}],"wp:attachment":[{"href":"https:\/\/ikastikos-kiklos.com\/en\/wp-json\/wp\/v2\/media?parent=16232"}],"wp:term":[{"taxonomy":"product_brand","embeddable":true,"href":"https:\/\/ikastikos-kiklos.com\/en\/wp-json\/wp\/v2\/product_brand?post=16232"},{"taxonomy":"product_cat","embeddable":true,"href":"https:\/\/ikastikos-kiklos.com\/en\/wp-json\/wp\/v2\/product_cat?post=16232"},{"taxonomy":"product_tag","embeddable":true,"href":"https:\/\/ikastikos-kiklos.com\/en\/wp-json\/wp\/v2\/product_tag?post=16232"}],"curies":[{"name":"wp","href":"https:\/\/api.w.org\/{rel}","templated":true}]}}