{"id":12877,"date":"2018-05-18T15:19:12","date_gmt":"2018-05-18T12:19:12","guid":{"rendered":"http:\/\/ikastikos-kiklos.com\/\u03c0\u03c1\u03bf\u03ca\u03cc\u03bd\/%ce%b6%ce%b5%cf%85%ce%b3%ce%ac%cf%81%ce%b9-19\/"},"modified":"2019-05-23T18:20:14","modified_gmt":"2019-05-23T15:20:14","slug":"%ce%b6%ce%b5%cf%85%ce%b3%ce%ac%cf%81%ce%b9-19","status":"publish","type":"product","link":"https:\/\/ikastikos-kiklos.com\/en\/product\/%ce%b6%ce%b5%cf%85%ce%b3%ce%ac%cf%81%ce%b9-19\/","title":{"rendered":"Couple"},"content":{"rendered":"<p>&#8220;I wanted to call painting&#8221; this work &#8220;because it&#8217;s just about &#8230; painting. I believe that today the conditions are not enough to determine the diversity of visual expression. We have overtaken the instruments themselves and what is left to the artist is to define his own vocabulary, &#8220;Dimosthenis Kokkinidis says in&#8221; Vima &#8220;a few days before the inauguration of his new exhibition. With the first public presentation of his works in 1960, the artist was one of the first to &#8220;clean&#8221; his palette by expressing his reflection on social phenomena, with &#8220;raw material&#8221; the unified color surfaces. &#8220;At that time the painting in Athens gave me the impression of a field of blacksmith. The colors around me were brown and gray, but I was seeing white and blue seas, I saw a light yellow, sometimes aggressive, sometimes pleasant.&#8221;<\/p>\n<p>Source tovima.gr<\/p>\n","protected":false},"excerpt":{"rendered":"<p>Gicl\u00e9e\u00a0hand signed and numbered by Dimosthenis Kokkinidis. Edition of 20 prints.<\/p>\n","protected":false},"featured_media":12876,"template":"","meta":{"ngg_post_thumbnail":0},"product_brand":[],"product_cat":[398,1987,396,1991,2047],"product_tag":[3138,3374],"class_list":{"0":"post-12877","1":"product","2":"type-product","3":"status-publish","4":"has-post-thumbnail","6":"product_cat-collections","7":"product_cat-eshop-en","8":"product_cat-silkscreens","9":"product_cat-silkscreens-shop","10":"product_cat-wedding-gifts","11":"product_tag-dimosthenis-kokkinidis","12":"product_tag-love-en","13":"product_shipping_class-0-2kg","15":"first","16":"instock","17":"taxable","18":"shipping-taxable","19":"purchasable","20":"product-type-simple"},"yoast_head":"<!-- This site is optimized with the Yoast SEO plugin v27.2 - https:\/\/yoast.com\/product\/yoast-seo-wordpress\/ -->\n<title>Couple Silkscreen by Dimosthenis Kokkinidis at Ikastikos Kiklos Sianti Gallery<\/title>\n<meta name=\"description\" content=\"Couple Silkscreen by Dimosthenis Kokkinidis at Ikastikos Kiklos Sianti Gallery. Dimensions 80x76 cm. Hand signed by the artist. Edition of 20 prints.\" \/>\n<meta name=\"robots\" content=\"index, follow, max-snippet:-1, max-image-preview:large, max-video-preview:-1\" \/>\n<link rel=\"canonical\" href=\"https:\/\/ikastikos-kiklos.com\/en\/product\/\u03b6\u03b5\u03c5\u03b3\u03ac\u03c1\u03b9-19\/\" \/>\n<meta property=\"og:locale\" content=\"en_US\" \/>\n<meta property=\"og:type\" content=\"article\" \/>\n<meta property=\"og:title\" content=\"Couple Silkscreen by Dimosthenis Kokkinidis at Ikastikos Kiklos Sianti Gallery\" \/>\n<meta property=\"og:description\" content=\"Couple Silkscreen by Dimosthenis Kokkinidis at Ikastikos Kiklos Sianti Gallery. Dimensions 80x76 cm. Hand signed by the artist. Edition of 20 prints.\" \/>\n<meta property=\"og:url\" content=\"https:\/\/ikastikos-kiklos.com\/en\/product\/\u03b6\u03b5\u03c5\u03b3\u03ac\u03c1\u03b9-19\/\" \/>\n<meta property=\"og:site_name\" content=\"Ikastikos Kiklos - Zografik\u00ed - Metaxotyp\u00edes - T\u00e9chniPainting - Silk Screen - Art\" \/>\n<meta property=\"article:publisher\" content=\"https:\/\/www.facebook.com\/ikastikoskiklossianti\/\" \/>\n<meta property=\"article:modified_time\" content=\"2019-05-23T15:20:14+00:00\" \/>\n<meta property=\"og:image\" content=\"https:\/\/ikastikos-kiklos.com\/wp-content\/uploads\/2018\/05\/Job_7596.jpg\" \/>\n\t<meta property=\"og:image:width\" content=\"900\" \/>\n\t<meta property=\"og:image:height\" content=\"832\" \/>\n\t<meta property=\"og:image:type\" content=\"image\/jpeg\" \/>\n<meta name=\"twitter:card\" content=\"summary_large_image\" \/>\n<meta name=\"twitter:label1\" content=\"Est. reading time\" \/>\n\t<meta name=\"twitter:data1\" content=\"1 minute\" \/>\n<script type=\"application\/ld+json\" class=\"yoast-schema-graph\">{\"@context\":\"https:\/\/schema.org\",\"@graph\":[{\"@type\":\"WebPage\",\"@id\":\"https:\/\/ikastikos-kiklos.com\/en\/product\/%ce%b6%ce%b5%cf%85%ce%b3%ce%ac%cf%81%ce%b9-19\/\",\"url\":\"https:\/\/ikastikos-kiklos.com\/en\/product\/%ce%b6%ce%b5%cf%85%ce%b3%ce%ac%cf%81%ce%b9-19\/\",\"name\":\"Couple Silkscreen by Dimosthenis Kokkinidis at Ikastikos Kiklos Sianti Gallery\",\"isPartOf\":{\"@id\":\"https:\/\/ikastikos-kiklos.com\/en\/#website\"},\"primaryImageOfPage\":{\"@id\":\"https:\/\/ikastikos-kiklos.com\/en\/product\/%ce%b6%ce%b5%cf%85%ce%b3%ce%ac%cf%81%ce%b9-19\/#primaryimage\"},\"image\":{\"@id\":\"https:\/\/ikastikos-kiklos.com\/en\/product\/%ce%b6%ce%b5%cf%85%ce%b3%ce%ac%cf%81%ce%b9-19\/#primaryimage\"},\"thumbnailUrl\":\"https:\/\/ikastikos-kiklos.com\/wp-content\/uploads\/2018\/05\/Job_7596.jpg\",\"datePublished\":\"2018-05-18T12:19:12+00:00\",\"dateModified\":\"2019-05-23T15:20:14+00:00\",\"description\":\"Couple Silkscreen by Dimosthenis Kokkinidis at Ikastikos Kiklos Sianti Gallery. Dimensions 80x76 cm. Hand signed by the artist. Edition of 20 prints.\",\"breadcrumb\":{\"@id\":\"https:\/\/ikastikos-kiklos.com\/en\/product\/%ce%b6%ce%b5%cf%85%ce%b3%ce%ac%cf%81%ce%b9-19\/#breadcrumb\"},\"inLanguage\":\"en-US\",\"potentialAction\":[{\"@type\":\"ReadAction\",\"target\":[\"https:\/\/ikastikos-kiklos.com\/en\/product\/%ce%b6%ce%b5%cf%85%ce%b3%ce%ac%cf%81%ce%b9-19\/\"]}]},{\"@type\":\"ImageObject\",\"inLanguage\":\"en-US\",\"@id\":\"https:\/\/ikastikos-kiklos.com\/en\/product\/%ce%b6%ce%b5%cf%85%ce%b3%ce%ac%cf%81%ce%b9-19\/#primaryimage\",\"url\":\"https:\/\/ikastikos-kiklos.com\/wp-content\/uploads\/2018\/05\/Job_7596.jpg\",\"contentUrl\":\"https:\/\/ikastikos-kiklos.com\/wp-content\/uploads\/2018\/05\/Job_7596.jpg\",\"width\":900,\"height\":832,\"caption\":\"\u0396\u03b5\u03c5\u03b3\u03ac\u03c1\u03b9 \u039c\u03b5\u03c4\u03b1\u03be\u03bf\u03c4\u03c5\u03c0\u03af\u03b1 \u03c4\u03bf\u03c5 \u0394\u03b7\u03bc\u03bf\u03c3\u03b8\u03ad\u03bd\u03b7 \u039a\u03bf\u03ba\u03ba\u03b9\u03bd\u03af\u03b4\u03b7 \u03c3\u03c4\u03bf\u03bd \u0395\u03b9\u03ba\u03b1\u03c3\u03c4\u03b9\u03ba\u03cc \u039a\u03cd\u03ba\u03bb\u03bf Sianti\"},{\"@type\":\"BreadcrumbList\",\"@id\":\"https:\/\/ikastikos-kiklos.com\/en\/product\/%ce%b6%ce%b5%cf%85%ce%b3%ce%ac%cf%81%ce%b9-19\/#breadcrumb\",\"itemListElement\":[{\"@type\":\"ListItem\",\"position\":1,\"name\":\"Home\",\"item\":\"https:\/\/ikastikos-kiklos.com\/en\/\"},{\"@type\":\"ListItem\",\"position\":2,\"name\":\"\u0388\u03c1\u03b3\u03b1 \u03c4\u03ad\u03c7\u03bd\u03b7\u03c2\",\"item\":\"https:\/\/ikastikos-kiklos.com\/%ce%ad%cf%81%ce%b3%ce%b1-%cf%84%ce%ad%cf%87%ce%bd%ce%b7%cf%82\/\"},{\"@type\":\"ListItem\",\"position\":3,\"name\":\"Couple\"}]},{\"@type\":\"WebSite\",\"@id\":\"https:\/\/ikastikos-kiklos.com\/en\/#website\",\"url\":\"https:\/\/ikastikos-kiklos.com\/en\/\",\"name\":\"Ikastikos Kiklos - Zografik\u00ed - Metaxotyp\u00edes - T\u00e9chniPainting - Silk Screen - Art\",\"description\":\"\",\"publisher\":{\"@id\":\"https:\/\/ikastikos-kiklos.com\/en\/#organization\"},\"potentialAction\":[{\"@type\":\"SearchAction\",\"target\":{\"@type\":\"EntryPoint\",\"urlTemplate\":\"https:\/\/ikastikos-kiklos.com\/en\/?s={search_term_string}\"},\"query-input\":{\"@type\":\"PropertyValueSpecification\",\"valueRequired\":true,\"valueName\":\"search_term_string\"}}],\"inLanguage\":\"en-US\"},{\"@type\":\"Organization\",\"@id\":\"https:\/\/ikastikos-kiklos.com\/en\/#organization\",\"name\":\"Ikastikos Kiklos - Zografik\u00ed - Metaxotyp\u00edes - T\u00e9chniPainting - Silk Screen - Art\",\"url\":\"https:\/\/ikastikos-kiklos.com\/en\/\",\"logo\":{\"@type\":\"ImageObject\",\"inLanguage\":\"en-US\",\"@id\":\"https:\/\/ikastikos-kiklos.com\/en\/#\/schema\/logo\/image\/\",\"url\":\"https:\/\/ikastikos-kiklos.com\/wp-content\/uploads\/2022\/10\/cropped-favicon_ikastikos.png\",\"contentUrl\":\"https:\/\/ikastikos-kiklos.com\/wp-content\/uploads\/2022\/10\/cropped-favicon_ikastikos.png\",\"width\":512,\"height\":512,\"caption\":\"Ikastikos Kiklos - Zografik\u00ed - Metaxotyp\u00edes - T\u00e9chniPainting - Silk Screen - Art\"},\"image\":{\"@id\":\"https:\/\/ikastikos-kiklos.com\/en\/#\/schema\/logo\/image\/\"},\"sameAs\":[\"https:\/\/www.facebook.com\/ikastikoskiklossianti\/\"]}]}<\/script>\n<!-- \/ Yoast SEO plugin. -->","yoast_head_json":{"title":"Couple Silkscreen by Dimosthenis Kokkinidis at Ikastikos Kiklos Sianti Gallery","description":"Couple Silkscreen by Dimosthenis Kokkinidis at Ikastikos Kiklos Sianti Gallery. Dimensions 80x76 cm. Hand signed by the artist. Edition of 20 prints.","robots":{"index":"index","follow":"follow","max-snippet":"max-snippet:-1","max-image-preview":"max-image-preview:large","max-video-preview":"max-video-preview:-1"},"canonical":"https:\/\/ikastikos-kiklos.com\/en\/product\/\u03b6\u03b5\u03c5\u03b3\u03ac\u03c1\u03b9-19\/","og_locale":"en_US","og_type":"article","og_title":"Couple Silkscreen by Dimosthenis Kokkinidis at Ikastikos Kiklos Sianti Gallery","og_description":"Couple Silkscreen by Dimosthenis Kokkinidis at Ikastikos Kiklos Sianti Gallery. Dimensions 80x76 cm. Hand signed by the artist. Edition of 20 prints.","og_url":"https:\/\/ikastikos-kiklos.com\/en\/product\/\u03b6\u03b5\u03c5\u03b3\u03ac\u03c1\u03b9-19\/","og_site_name":"Ikastikos Kiklos - Zografik\u00ed - Metaxotyp\u00edes - T\u00e9chniPainting - Silk Screen - Art","article_publisher":"https:\/\/www.facebook.com\/ikastikoskiklossianti\/","article_modified_time":"2019-05-23T15:20:14+00:00","og_image":[{"width":900,"height":832,"url":"https:\/\/ikastikos-kiklos.com\/wp-content\/uploads\/2018\/05\/Job_7596.jpg","type":"image\/jpeg"}],"twitter_card":"summary_large_image","twitter_misc":{"Est. reading time":"1 minute"},"schema":{"@context":"https:\/\/schema.org","@graph":[{"@type":"WebPage","@id":"https:\/\/ikastikos-kiklos.com\/en\/product\/%ce%b6%ce%b5%cf%85%ce%b3%ce%ac%cf%81%ce%b9-19\/","url":"https:\/\/ikastikos-kiklos.com\/en\/product\/%ce%b6%ce%b5%cf%85%ce%b3%ce%ac%cf%81%ce%b9-19\/","name":"Couple Silkscreen by Dimosthenis Kokkinidis at Ikastikos Kiklos Sianti Gallery","isPartOf":{"@id":"https:\/\/ikastikos-kiklos.com\/en\/#website"},"primaryImageOfPage":{"@id":"https:\/\/ikastikos-kiklos.com\/en\/product\/%ce%b6%ce%b5%cf%85%ce%b3%ce%ac%cf%81%ce%b9-19\/#primaryimage"},"image":{"@id":"https:\/\/ikastikos-kiklos.com\/en\/product\/%ce%b6%ce%b5%cf%85%ce%b3%ce%ac%cf%81%ce%b9-19\/#primaryimage"},"thumbnailUrl":"https:\/\/ikastikos-kiklos.com\/wp-content\/uploads\/2018\/05\/Job_7596.jpg","datePublished":"2018-05-18T12:19:12+00:00","dateModified":"2019-05-23T15:20:14+00:00","description":"Couple Silkscreen by Dimosthenis Kokkinidis at Ikastikos Kiklos Sianti Gallery. Dimensions 80x76 cm. Hand signed by the artist. Edition of 20 prints.","breadcrumb":{"@id":"https:\/\/ikastikos-kiklos.com\/en\/product\/%ce%b6%ce%b5%cf%85%ce%b3%ce%ac%cf%81%ce%b9-19\/#breadcrumb"},"inLanguage":"en-US","potentialAction":[{"@type":"ReadAction","target":["https:\/\/ikastikos-kiklos.com\/en\/product\/%ce%b6%ce%b5%cf%85%ce%b3%ce%ac%cf%81%ce%b9-19\/"]}]},{"@type":"ImageObject","inLanguage":"en-US","@id":"https:\/\/ikastikos-kiklos.com\/en\/product\/%ce%b6%ce%b5%cf%85%ce%b3%ce%ac%cf%81%ce%b9-19\/#primaryimage","url":"https:\/\/ikastikos-kiklos.com\/wp-content\/uploads\/2018\/05\/Job_7596.jpg","contentUrl":"https:\/\/ikastikos-kiklos.com\/wp-content\/uploads\/2018\/05\/Job_7596.jpg","width":900,"height":832,"caption":"\u0396\u03b5\u03c5\u03b3\u03ac\u03c1\u03b9 \u039c\u03b5\u03c4\u03b1\u03be\u03bf\u03c4\u03c5\u03c0\u03af\u03b1 \u03c4\u03bf\u03c5 \u0394\u03b7\u03bc\u03bf\u03c3\u03b8\u03ad\u03bd\u03b7 \u039a\u03bf\u03ba\u03ba\u03b9\u03bd\u03af\u03b4\u03b7 \u03c3\u03c4\u03bf\u03bd \u0395\u03b9\u03ba\u03b1\u03c3\u03c4\u03b9\u03ba\u03cc \u039a\u03cd\u03ba\u03bb\u03bf Sianti"},{"@type":"BreadcrumbList","@id":"https:\/\/ikastikos-kiklos.com\/en\/product\/%ce%b6%ce%b5%cf%85%ce%b3%ce%ac%cf%81%ce%b9-19\/#breadcrumb","itemListElement":[{"@type":"ListItem","position":1,"name":"Home","item":"https:\/\/ikastikos-kiklos.com\/en\/"},{"@type":"ListItem","position":2,"name":"\u0388\u03c1\u03b3\u03b1 \u03c4\u03ad\u03c7\u03bd\u03b7\u03c2","item":"https:\/\/ikastikos-kiklos.com\/%ce%ad%cf%81%ce%b3%ce%b1-%cf%84%ce%ad%cf%87%ce%bd%ce%b7%cf%82\/"},{"@type":"ListItem","position":3,"name":"Couple"}]},{"@type":"WebSite","@id":"https:\/\/ikastikos-kiklos.com\/en\/#website","url":"https:\/\/ikastikos-kiklos.com\/en\/","name":"Ikastikos Kiklos - Zografik\u00ed - Metaxotyp\u00edes - T\u00e9chniPainting - Silk Screen - Art","description":"","publisher":{"@id":"https:\/\/ikastikos-kiklos.com\/en\/#organization"},"potentialAction":[{"@type":"SearchAction","target":{"@type":"EntryPoint","urlTemplate":"https:\/\/ikastikos-kiklos.com\/en\/?s={search_term_string}"},"query-input":{"@type":"PropertyValueSpecification","valueRequired":true,"valueName":"search_term_string"}}],"inLanguage":"en-US"},{"@type":"Organization","@id":"https:\/\/ikastikos-kiklos.com\/en\/#organization","name":"Ikastikos Kiklos - Zografik\u00ed - Metaxotyp\u00edes - T\u00e9chniPainting - Silk Screen - Art","url":"https:\/\/ikastikos-kiklos.com\/en\/","logo":{"@type":"ImageObject","inLanguage":"en-US","@id":"https:\/\/ikastikos-kiklos.com\/en\/#\/schema\/logo\/image\/","url":"https:\/\/ikastikos-kiklos.com\/wp-content\/uploads\/2022\/10\/cropped-favicon_ikastikos.png","contentUrl":"https:\/\/ikastikos-kiklos.com\/wp-content\/uploads\/2022\/10\/cropped-favicon_ikastikos.png","width":512,"height":512,"caption":"Ikastikos Kiklos - Zografik\u00ed - Metaxotyp\u00edes - T\u00e9chniPainting - Silk Screen - Art"},"image":{"@id":"https:\/\/ikastikos-kiklos.com\/en\/#\/schema\/logo\/image\/"},"sameAs":["https:\/\/www.facebook.com\/ikastikoskiklossianti\/"]}]}},"_links":{"self":[{"href":"https:\/\/ikastikos-kiklos.com\/en\/wp-json\/wp\/v2\/product\/12877","targetHints":{"allow":["GET"]}}],"collection":[{"href":"https:\/\/ikastikos-kiklos.com\/en\/wp-json\/wp\/v2\/product"}],"about":[{"href":"https:\/\/ikastikos-kiklos.com\/en\/wp-json\/wp\/v2\/types\/product"}],"wp:featuredmedia":[{"embeddable":true,"href":"https:\/\/ikastikos-kiklos.com\/en\/wp-json\/wp\/v2\/media\/12876"}],"wp:attachment":[{"href":"https:\/\/ikastikos-kiklos.com\/en\/wp-json\/wp\/v2\/media?parent=12877"}],"wp:term":[{"taxonomy":"product_brand","embeddable":true,"href":"https:\/\/ikastikos-kiklos.com\/en\/wp-json\/wp\/v2\/product_brand?post=12877"},{"taxonomy":"product_cat","embeddable":true,"href":"https:\/\/ikastikos-kiklos.com\/en\/wp-json\/wp\/v2\/product_cat?post=12877"},{"taxonomy":"product_tag","embeddable":true,"href":"https:\/\/ikastikos-kiklos.com\/en\/wp-json\/wp\/v2\/product_tag?post=12877"}],"curies":[{"name":"wp","href":"https:\/\/api.w.org\/{rel}","templated":true}]}}