{"id":9386,"date":"2018-01-24T03:27:12","date_gmt":"2018-01-24T01:27:12","guid":{"rendered":"https:\/\/ikastikos-kiklos.com\/?page_id=9386"},"modified":"2020-07-03T21:17:49","modified_gmt":"2020-07-03T18:17:49","slug":"anastassakos-manolis","status":"publish","type":"page","link":"https:\/\/ikastikos-kiklos.com\/en\/painters\/anastassakos-manolis\/","title":{"rendered":"Anastassakos Manolis"},"content":{"rendered":"<div class=\"wpb-content-wrapper\"><p>[vc_row][vc_column][vc_column_text]&nbsp;<\/p>\n<table>\n<tbody>\n<tr>\n<td colspan=\"2\"><strong>National Scholarships :<\/strong><\/td>\n<\/tr>\n<tr>\n<td colspan=\"2\"><strong>2002 \u2013 2003 \u2013 2005- 2006 .<\/strong>&nbsp;(Foundation of National Scholarships\/Greece)<\/td>\n<\/tr>\n<tr>\n<td colspan=\"2\">&nbsp;<\/td>\n<\/tr>\n<tr>\n<td colspan=\"2\"><strong>Studies :<\/strong><\/td>\n<\/tr>\n<tr>\n<td valign=\"top\"><strong>2008<\/strong><\/td>\n<td valign=\"top\">Fine Arts, Visual and Applied Arts Department, University of Thessaloniki, Greece.<\/td>\n<\/tr>\n<tr>\n<td valign=\"top\"><strong>2007<\/strong><\/td>\n<td valign=\"top\">Art Therapy in Thessaloniki, (Art therapy center of north Greece)<\/td>\n<\/tr>\n<tr>\n<td valign=\"top\"><strong>2005<\/strong><\/td>\n<td valign=\"top\">Film directing in Serbia, (Workshop Emir Kusturica)<\/td>\n<\/tr>\n<tr>\n<td valign=\"top\"><strong>2002<\/strong><\/td>\n<td valign=\"top\">Agiography in Athens, (Bouzianis Foundation)<\/td>\n<\/tr>\n<tr>\n<td valign=\"top\"><strong>2001<\/strong><\/td>\n<td valign=\"top\">Set Design in Athens, (Workshop M.Haniotaki)<\/td>\n<\/tr>\n<tr>\n<td valign=\"top\"><strong>2000<\/strong><\/td>\n<td valign=\"top\">Technical \u2013 Professional Lyceum of Athens, in the Applied Arts field.<\/td>\n<\/tr>\n<tr>\n<td valign=\"top\"><strong>1996<\/strong><\/td>\n<td valign=\"top\">Glassmaking in Crete island, (Workshop R.Zabetakis)<\/td>\n<\/tr>\n<tr>\n<td valign=\"top\"><strong>1995<\/strong><\/td>\n<td valign=\"top\">Woodcarving in Lesvos island, (Workshop G.Sikomitelis)<\/td>\n<\/tr>\n<tr>\n<td colspan=\"2\"><iframe loading=\"lazy\" src=\"https:\/\/www.youtube.com\/embed\/xDZe7S5MOXk\" width=\"560\" height=\"315\" frameborder=\"0\" allowfullscreen=\"allowfullscreen\"><\/iframe>&nbsp;<\/td>\n<\/tr>\n<tr>\n<td colspan=\"2\"><strong>Awards:<\/strong><\/td>\n<\/tr>\n<tr>\n<td valign=\"top\"><strong>2018<\/strong><\/td>\n<td valign=\"top\">Blind Aspects Of A Reality&nbsp;(Orizontas Gegonoton Symposium)&nbsp;National Museum Of Contemporary Art, Athens<br \/>\n\u201cThe steps spirit\u201d Folklore Museum of Agios Nikolaos, Crete<br \/>\nArt Athina Fair. (Athens \/ Greece)<br \/>\nInternational Art Exhibition \u201c100\u201d (XXVth edition) Aiud \/ Romania<br \/>\nBig See \u2013 Center For Creative Economy Of Southeast Europe&nbsp;(Ravnikar Gallery). Ljubljana \/ Slovenia<\/td>\n<\/tr>\n<tr>\n<td valign=\"top\"><strong>2011<\/strong><\/td>\n<td valign=\"top\">Distinction\u201c Art in the public urban space with painting on the walls of buildings in Athens \u201d (Athens\/Greece)<\/td>\n<\/tr>\n<tr>\n<td valign=\"top\"><strong>2010<\/strong><\/td>\n<td valign=\"top\">Artslant . Category: mixed-media. 3rd Showcase Winner. (San Francisco \/ USA)<\/td>\n<\/tr>\n<tr>\n<td valign=\"top\"><strong>2008<\/strong><\/td>\n<td valign=\"top\">2nd intercontinental Bienalle of small graphics. 5th award ( Aiud \/ Roumania)<\/td>\n<\/tr>\n<tr>\n<td valign=\"top\"><strong>2006<\/strong><\/td>\n<td valign=\"top\">Photographica Art \u201cArte Laguna\u201d, 1st award (Treviso \/ Italy)<\/td>\n<\/tr>\n<tr>\n<td valign=\"top\"><strong>2005<\/strong><\/td>\n<td valign=\"top\">Voice your ideas-Change the future, 1st award in billboard art. (Athens\/Greece)<\/td>\n<\/tr>\n<tr>\n<td colspan=\"2\"><iframe loading=\"lazy\" src=\"https:\/\/www.youtube.com\/embed\/TLPxpqFwpK4\" width=\"560\" height=\"315\" frameborder=\"0\" allowfullscreen=\"allowfullscreen\"><\/iframe>&nbsp;<\/td>\n<\/tr>\n<tr>\n<td colspan=\"2\"><strong>Personal Exhibitions :<\/strong><\/td>\n<\/tr>\n<tr>\n<td valign=\"top\"><strong>2008<\/strong><\/td>\n<td valign=\"top\">minimax. Gallery Fizz. (Athens \/ Greece)<\/td>\n<\/tr>\n<tr>\n<td valign=\"top\"><strong>2009<\/strong><\/td>\n<td valign=\"top\">minimax max. Gallery Artforum. (Thessaloniki \/ Greece)<\/td>\n<\/tr>\n<tr>\n<td valign=\"top\"><strong>2011<\/strong><\/td>\n<td valign=\"top\">personhood, Gallery Fizz. (Athens \/ Greece)<\/td>\n<\/tr>\n<tr>\n<td valign=\"top\"><strong>2015<\/strong><\/td>\n<td valign=\"top\">personhood II, Hush gallery , (Istanbul \/ Turkey)<\/td>\n<\/tr>\n<tr>\n<td valign=\"top\"><strong>2016<\/strong><\/td>\n<td valign=\"top\">cosmos , Blender gallery , (Athens \/ Greece )<br \/>\nhome , Villa Des Arts , (Chania \/ Crete \/ Greece )<\/td>\n<\/tr>\n<tr>\n<td valign=\"top\"><strong>2016<\/strong><\/td>\n<td valign=\"top\">home , Villa Des Arts , (Chania \/ Crete \/ Greece )<\/td>\n<\/tr>\n<tr>\n<td valign=\"top\"><strong>2017<\/strong><\/td>\n<td valign=\"top\">promytheus , Image Gallery \/ Art expertise . (Athens \/ Greece )<\/td>\n<\/tr>\n<tr>\n<td valign=\"top\"><strong>2018<\/strong><\/td>\n<td valign=\"top\">mythos , Kontaki Gallery (Athens \/ Greece )<\/td>\n<\/tr>\n<tr>\n<td colspan=\"2\"><iframe loading=\"lazy\" src=\"https:\/\/www.youtube.com\/embed\/axfCjDhj98E\" width=\"560\" height=\"315\" frameborder=\"0\" allowfullscreen=\"allowfullscreen\"><\/iframe>&nbsp;<\/td>\n<\/tr>\n<tr>\n<td colspan=\"2\"><strong>Selected Team Exhibitions :<\/strong><\/td>\n<\/tr>\n<tr>\n<td valign=\"top\"><strong>2004<\/strong><\/td>\n<td valign=\"top\">The olive tree in Greek engraving. Engraving Museum. (Messini \/ Greece)<br \/>\nParaolympic games .War Museum (Thessalonica \/ Greece)<br \/>\nOpening and Closing Ceremonies of the 28th Olympic games,sculpting &amp; painting workshops. (Athens \/ Greece)<br \/>\nArt is in your doorstep! Program sponsored by EEC. Painting &amp; sculpting. (Denizli-Turkey)<\/td>\n<\/tr>\n<tr>\n<td valign=\"top\"><strong>2005<\/strong><\/td>\n<td valign=\"top\">International art school \u2013 Transition \u2013 no,it is\u2019n art \u2013 with Emir Kusturica (Mokra Gora \/ Serbia)<br \/>\nYoung Artists In Teloglion Museum (Thessaloniki \/ Greece)<br \/>\nContemporary Greek artists . Archaeological museum, (Thessaloniki \/ Greece)<br \/>\nVoice your ideas-Change the future.1st price \u2013 Category Billboards . (Greece \/ Athens)<\/td>\n<\/tr>\n<tr>\n<td valign=\"top\"><strong>2006<\/strong><\/td>\n<td valign=\"top\">Synergeia. State Museum of contemporary art. (Thessaloniki\/Greece )<br \/>\nArt in the front page. Benaki Museum (Athens \/ Greece)<br \/>\nInter art.International Biennale of small Graphics. (Auid \/ Romania)<br \/>\n3rd international drawing competition.(Wroclaw \/ Poland)<br \/>\nArt Festival (Novisad \/ Serbia)<br \/>\nTerminal 00, (Ljubljana \/ Slovenia)<\/td>\n<\/tr>\n<tr>\n<td valign=\"top\"><strong>2007<\/strong><\/td>\n<td valign=\"top\">18th international biennale of humor &amp; satire. (Gabrovo \/ Bulgaria)<br \/>\nThe civilization of the olive tree. Byzantine Museum.(Athens \/ Greece)<br \/>\nAthens video art festival. (Athens \/ Greece)<br \/>\nPrintmaking exhibition.Five European Universities ( Talin \/ Estonia)<br \/>\n2nd International competition of figurative painting and sculpture. (Madrid\/Spain)<br \/>\nEuropean Photo competition for Diversity-Breaking Stereotypes (Berlin \/Germany)<br \/>\n1st Biennale Thessalonikis. Public Screen.State museum of contemporary art (Greece)<br \/>\nLACDA,(snap to grid)Los Angeles Center of Digital Art, (LosAngeles\/America)<\/td>\n<\/tr>\n<tr>\n<td valign=\"top\"><strong>2008<\/strong><\/td>\n<td valign=\"top\">Art in the front page. Benaki Museum (Athens \/ Greece)<br \/>\n2nd Biennial of Small Graphics. 5th Distinction (Aiud\/Romania)<br \/>\n1st mixed media show. What is White? Ada Street Gallery (London \/ England)<br \/>\nSynch Festival New Media.Greek State Museum of contemporary art (Thessalonica \/ Greece)<br \/>\nFestival du Vent. Les Amis du Vent (Calvi \/ Corsica \/ France)<br \/>\nStrange Screen. Macedonia Museum of contemporary art (Thessalonica \/ Greece)<br \/>\nInternational photo contest \u2013 My world. (Nikon \/ Japan)<br \/>\nArt Tech Media. ( Cordoba \/ Spain)<\/td>\n<\/tr>\n<tr>\n<td valign=\"top\"><strong>2009<\/strong><\/td>\n<td valign=\"top\">31th international film festival. Media forum, (Moscow \/ Russia)<br \/>\nMuseum Katraki. (Aitoliko \/ Greece)<br \/>\nMuseum of Contemporary Art. (Florina \/ Greece)<br \/>\nViva LA Art. (Los Angeles \/ U.S.A)<br \/>\nUrban Art 2. Technopolis- Konstantinos Kavafis hall. (Athens \/ Greece)<\/td>\n<\/tr>\n<tr>\n<td valign=\"top\"><strong>2010<\/strong><\/td>\n<td valign=\"top\">Art Athina Fair. (Athens \/ Greece)<\/td>\n<\/tr>\n<tr>\n<td valign=\"top\"><strong>2011<\/strong><\/td>\n<td valign=\"top\">Crosstalk video art festival . (Budapest \/ Hungary)<br \/>\nPerfection, utopia of woman . MOYA museum of young Art. (Vienna \/ Austria)<br \/>\nAthens video art festival. Cultural center \u201cGazi\u201d. (Athens \/ Greece)<br \/>\nArt in Rock. Archaeological Museum. (Athens \/ Greece)<\/td>\n<\/tr>\n<tr>\n<td valign=\"top\"><strong>2012<\/strong><\/td>\n<td valign=\"top\">Sony World Photography Awards 2012 \u2013 Professional Competition \u2013 Arts &amp; Culture Category<br \/>\nNew engravers . Georgio De Chirico institute. Volos \/ Greece<br \/>\nHorizons. Drawing, Sculpturing, Engraving. Municipal art gallery Piraeus. Piraeus \/ Greece<br \/>\nGreek exhibition of engraving, Famagusta gate of Nikosia \/ Cyprus<br \/>\nMuseo Nazionale Romano Terme di Diocleziano \u2013 Technohoros gallery, Rome \/ Italy<br \/>\nSalus Patriae. PLOES XVIII . P&amp;M Kydoniefs Foundation , Andros \/ Greece<\/td>\n<\/tr>\n<tr>\n<td valign=\"top\"><strong>2013<\/strong><\/td>\n<td valign=\"top\">New engravers 2011-2012. Society of fine art A.Tassos &amp; Cyprus Embasssy, Athens \/ Greece<br \/>\nOffering. National archaeological museum. Athens\/ Greece<br \/>\nArt Athina .Art Fair. Athens \/ Greece<br \/>\n13th Cavafia (invisible procession) . Cairo \/ Egypt<\/td>\n<\/tr>\n<tr>\n<td valign=\"top\"><strong>2014<\/strong><\/td>\n<td valign=\"top\">No country for young man. Palais des Beaux-arts | Center of fine arts. Brussels\/Belgium<br \/>\nArena. \u201cPerformative Resistance\u201d Center of Contemporary Art .Torun\/Poland<br \/>\nArt Athina Fair. Athens<\/td>\n<\/tr>\n<tr>\n<td valign=\"top\"><strong>2015<\/strong><\/td>\n<td valign=\"top\">TedX : Beyond the walls : projection mapping on the Venetian Walls of Heraklion \u2013 Crete<br \/>\nArt-Fair-Hampstead. London<br \/>\nPreadexhibition : Fotolio &amp; Typicon ( technohoros gallery) . (Athens \/ Greece)<\/td>\n<\/tr>\n<tr>\n<td valign=\"top\"><strong>2016<\/strong><\/td>\n<td valign=\"top\">Imago Mundi project , Luciano Benetton Collection, San Giorgio Maggiore \/Venice<br \/>\nAs One: Benaki Museum ,NEON&amp;Marina Abramovi\u0107 Institute, (artistic collaborator for L.Pigounis) , Athens<br \/>\nSacred Acquaintance : Bouziani Museum , Athens<br \/>\nTedx Academy : Re imagine Greece : Megaron \/ The Athens Concert Hall : Athens<\/td>\n<\/tr>\n<tr>\n<td valign=\"top\"><strong>2017<\/strong><\/td>\n<td valign=\"top\">Lost in Transformation \u2013 Metamorphosis ( BioArt Laboratories ) Amsterdam \/ Holland<br \/>\n<a href=\"https:\/\/ikastikos-kiklos.com\/en\/art-streets-world\/\">Art in the streets of the world<\/a> ,Ikastikos Kiklos Sianti Gallery , (Athens \/ Greece)<\/td>\n<\/tr>\n<tr>\n<td valign=\"top\"><strong>2018<\/strong><\/td>\n<td valign=\"top\">Blind Aspects Of A Reality (Orizontas Gegonoton Symposium) National Museum Of Contemporary Art , (Athens \/ Greece)<\/td>\n<\/tr>\n<\/tbody>\n<\/table>\n<p>[\/vc_column_text][\/vc_column][\/vc_row]<\/p>\n<\/div>","protected":false},"excerpt":{"rendered":"<p>[vc_row][vc_column][vc_column_text]&nbsp; National Scholarships : 2002 \u2013 2003 \u2013 2005- 2006 .&nbsp;(Foundation of National Scholarships\/Greece) &nbsp; &hellip;<\/p>\n","protected":false},"author":2,"featured_media":0,"parent":2905,"menu_order":0,"comment_status":"closed","ping_status":"closed","template":"page-zwgrafoi.php","meta":{"ngg_post_thumbnail":0,"footnotes":""},"class_list":["post-9386","page","type-page","status-publish","hentry"],"yoast_head":"<!-- This site is optimized with the Yoast SEO plugin v27.4 - https:\/\/yoast.com\/product\/yoast-seo-wordpress\/ -->\n<title>View Manolis Anastassakos Profile on Ikastikos Kiklos Sianti Gallery.<\/title>\n<meta name=\"description\" content=\"View Manolis Anastassakos Profile on Ikastikos Kiklos Sianti Gallery. Find paintings, silkscreens and art objects for sale at great prices\" \/>\n<meta name=\"robots\" content=\"index, follow, max-snippet:-1, max-image-preview:large, max-video-preview:-1\" \/>\n<link rel=\"canonical\" href=\"https:\/\/ikastikos-kiklos.com\/en\/painters\/anastassakos-manolis\/\" \/>\n<meta property=\"og:locale\" content=\"en_US\" \/>\n<meta property=\"og:type\" content=\"article\" \/>\n<meta property=\"og:title\" content=\"View Manolis Anastassakos Profile on Ikastikos Kiklos Sianti Gallery.\" \/>\n<meta property=\"og:description\" content=\"View Manolis Anastassakos Profile on Ikastikos Kiklos Sianti Gallery. Find paintings, silkscreens and art objects for sale at great prices\" \/>\n<meta property=\"og:url\" content=\"https:\/\/ikastikos-kiklos.com\/en\/painters\/anastassakos-manolis\/\" \/>\n<meta property=\"og:site_name\" content=\"Ikastikos Kiklos - Zografik\u00ed - Metaxotyp\u00edes - T\u00e9chniPainting - Silk Screen - Art\" \/>\n<meta property=\"article:publisher\" content=\"https:\/\/www.facebook.com\/ikastikoskiklossianti\/\" \/>\n<meta property=\"article:modified_time\" content=\"2020-07-03T18:17:49+00:00\" \/>\n<meta name=\"twitter:card\" content=\"summary_large_image\" \/>\n<meta name=\"twitter:label1\" content=\"Est. reading time\" \/>\n\t<meta name=\"twitter:data1\" content=\"4 minutes\" \/>\n<script type=\"application\/ld+json\" class=\"yoast-schema-graph\">{\"@context\":\"https:\\\/\\\/schema.org\",\"@graph\":[{\"@type\":\"WebPage\",\"@id\":\"https:\\\/\\\/ikastikos-kiklos.com\\\/en\\\/painters\\\/anastassakos-manolis\\\/\",\"url\":\"https:\\\/\\\/ikastikos-kiklos.com\\\/en\\\/painters\\\/anastassakos-manolis\\\/\",\"name\":\"View Manolis Anastassakos Profile on Ikastikos Kiklos Sianti Gallery.\",\"isPartOf\":{\"@id\":\"https:\\\/\\\/ikastikos-kiklos.com\\\/en\\\/#website\"},\"datePublished\":\"2018-01-24T01:27:12+00:00\",\"dateModified\":\"2020-07-03T18:17:49+00:00\",\"description\":\"View Manolis Anastassakos Profile on Ikastikos Kiklos Sianti Gallery. Find paintings, silkscreens and art objects for sale at great prices\",\"breadcrumb\":{\"@id\":\"https:\\\/\\\/ikastikos-kiklos.com\\\/en\\\/painters\\\/anastassakos-manolis\\\/#breadcrumb\"},\"inLanguage\":\"en-US\",\"potentialAction\":[{\"@type\":\"ReadAction\",\"target\":[\"https:\\\/\\\/ikastikos-kiklos.com\\\/en\\\/painters\\\/anastassakos-manolis\\\/\"]}]},{\"@type\":\"BreadcrumbList\",\"@id\":\"https:\\\/\\\/ikastikos-kiklos.com\\\/en\\\/painters\\\/anastassakos-manolis\\\/#breadcrumb\",\"itemListElement\":[{\"@type\":\"ListItem\",\"position\":1,\"name\":\"Home\",\"item\":\"https:\\\/\\\/ikastikos-kiklos.com\\\/en\\\/\"},{\"@type\":\"ListItem\",\"position\":2,\"name\":\"Painters\",\"item\":\"https:\\\/\\\/ikastikos-kiklos.com\\\/en\\\/painters\\\/\"},{\"@type\":\"ListItem\",\"position\":3,\"name\":\"Anastassakos Manolis\"}]},{\"@type\":\"WebSite\",\"@id\":\"https:\\\/\\\/ikastikos-kiklos.com\\\/en\\\/#website\",\"url\":\"https:\\\/\\\/ikastikos-kiklos.com\\\/en\\\/\",\"name\":\"Ikastikos Kiklos - Zografik\u00ed - Metaxotyp\u00edes - T\u00e9chniPainting - Silk Screen - Art\",\"description\":\"\",\"publisher\":{\"@id\":\"https:\\\/\\\/ikastikos-kiklos.com\\\/en\\\/#organization\"},\"potentialAction\":[{\"@type\":\"SearchAction\",\"target\":{\"@type\":\"EntryPoint\",\"urlTemplate\":\"https:\\\/\\\/ikastikos-kiklos.com\\\/en\\\/?s={search_term_string}\"},\"query-input\":{\"@type\":\"PropertyValueSpecification\",\"valueRequired\":true,\"valueName\":\"search_term_string\"}}],\"inLanguage\":\"en-US\"},{\"@type\":\"Organization\",\"@id\":\"https:\\\/\\\/ikastikos-kiklos.com\\\/en\\\/#organization\",\"name\":\"Ikastikos Kiklos - Zografik\u00ed - Metaxotyp\u00edes - T\u00e9chniPainting - Silk Screen - Art\",\"url\":\"https:\\\/\\\/ikastikos-kiklos.com\\\/en\\\/\",\"logo\":{\"@type\":\"ImageObject\",\"inLanguage\":\"en-US\",\"@id\":\"https:\\\/\\\/ikastikos-kiklos.com\\\/en\\\/#\\\/schema\\\/logo\\\/image\\\/\",\"url\":\"https:\\\/\\\/ikastikos-kiklos.com\\\/wp-content\\\/uploads\\\/2022\\\/10\\\/cropped-favicon_ikastikos.png\",\"contentUrl\":\"https:\\\/\\\/ikastikos-kiklos.com\\\/wp-content\\\/uploads\\\/2022\\\/10\\\/cropped-favicon_ikastikos.png\",\"width\":512,\"height\":512,\"caption\":\"Ikastikos Kiklos - Zografik\u00ed - Metaxotyp\u00edes - T\u00e9chniPainting - Silk Screen - Art\"},\"image\":{\"@id\":\"https:\\\/\\\/ikastikos-kiklos.com\\\/en\\\/#\\\/schema\\\/logo\\\/image\\\/\"},\"sameAs\":[\"https:\\\/\\\/www.facebook.com\\\/ikastikoskiklossianti\\\/\"]}]}<\/script>\n<!-- \/ Yoast SEO plugin. -->","yoast_head_json":{"title":"View Manolis Anastassakos Profile on Ikastikos Kiklos Sianti Gallery.","description":"View Manolis Anastassakos Profile on Ikastikos Kiklos Sianti Gallery. Find paintings, silkscreens and art objects for sale at great prices","robots":{"index":"index","follow":"follow","max-snippet":"max-snippet:-1","max-image-preview":"max-image-preview:large","max-video-preview":"max-video-preview:-1"},"canonical":"https:\/\/ikastikos-kiklos.com\/en\/painters\/anastassakos-manolis\/","og_locale":"en_US","og_type":"article","og_title":"View Manolis Anastassakos Profile on Ikastikos Kiklos Sianti Gallery.","og_description":"View Manolis Anastassakos Profile on Ikastikos Kiklos Sianti Gallery. Find paintings, silkscreens and art objects for sale at great prices","og_url":"https:\/\/ikastikos-kiklos.com\/en\/painters\/anastassakos-manolis\/","og_site_name":"Ikastikos Kiklos - Zografik\u00ed - Metaxotyp\u00edes - T\u00e9chniPainting - Silk Screen - Art","article_publisher":"https:\/\/www.facebook.com\/ikastikoskiklossianti\/","article_modified_time":"2020-07-03T18:17:49+00:00","twitter_card":"summary_large_image","twitter_misc":{"Est. reading time":"4 minutes"},"schema":{"@context":"https:\/\/schema.org","@graph":[{"@type":"WebPage","@id":"https:\/\/ikastikos-kiklos.com\/en\/painters\/anastassakos-manolis\/","url":"https:\/\/ikastikos-kiklos.com\/en\/painters\/anastassakos-manolis\/","name":"View Manolis Anastassakos Profile on Ikastikos Kiklos Sianti Gallery.","isPartOf":{"@id":"https:\/\/ikastikos-kiklos.com\/en\/#website"},"datePublished":"2018-01-24T01:27:12+00:00","dateModified":"2020-07-03T18:17:49+00:00","description":"View Manolis Anastassakos Profile on Ikastikos Kiklos Sianti Gallery. Find paintings, silkscreens and art objects for sale at great prices","breadcrumb":{"@id":"https:\/\/ikastikos-kiklos.com\/en\/painters\/anastassakos-manolis\/#breadcrumb"},"inLanguage":"en-US","potentialAction":[{"@type":"ReadAction","target":["https:\/\/ikastikos-kiklos.com\/en\/painters\/anastassakos-manolis\/"]}]},{"@type":"BreadcrumbList","@id":"https:\/\/ikastikos-kiklos.com\/en\/painters\/anastassakos-manolis\/#breadcrumb","itemListElement":[{"@type":"ListItem","position":1,"name":"Home","item":"https:\/\/ikastikos-kiklos.com\/en\/"},{"@type":"ListItem","position":2,"name":"Painters","item":"https:\/\/ikastikos-kiklos.com\/en\/painters\/"},{"@type":"ListItem","position":3,"name":"Anastassakos Manolis"}]},{"@type":"WebSite","@id":"https:\/\/ikastikos-kiklos.com\/en\/#website","url":"https:\/\/ikastikos-kiklos.com\/en\/","name":"Ikastikos Kiklos - Zografik\u00ed - Metaxotyp\u00edes - T\u00e9chniPainting - Silk Screen - Art","description":"","publisher":{"@id":"https:\/\/ikastikos-kiklos.com\/en\/#organization"},"potentialAction":[{"@type":"SearchAction","target":{"@type":"EntryPoint","urlTemplate":"https:\/\/ikastikos-kiklos.com\/en\/?s={search_term_string}"},"query-input":{"@type":"PropertyValueSpecification","valueRequired":true,"valueName":"search_term_string"}}],"inLanguage":"en-US"},{"@type":"Organization","@id":"https:\/\/ikastikos-kiklos.com\/en\/#organization","name":"Ikastikos Kiklos - Zografik\u00ed - Metaxotyp\u00edes - T\u00e9chniPainting - Silk Screen - Art","url":"https:\/\/ikastikos-kiklos.com\/en\/","logo":{"@type":"ImageObject","inLanguage":"en-US","@id":"https:\/\/ikastikos-kiklos.com\/en\/#\/schema\/logo\/image\/","url":"https:\/\/ikastikos-kiklos.com\/wp-content\/uploads\/2022\/10\/cropped-favicon_ikastikos.png","contentUrl":"https:\/\/ikastikos-kiklos.com\/wp-content\/uploads\/2022\/10\/cropped-favicon_ikastikos.png","width":512,"height":512,"caption":"Ikastikos Kiklos - Zografik\u00ed - Metaxotyp\u00edes - T\u00e9chniPainting - Silk Screen - Art"},"image":{"@id":"https:\/\/ikastikos-kiklos.com\/en\/#\/schema\/logo\/image\/"},"sameAs":["https:\/\/www.facebook.com\/ikastikoskiklossianti\/"]}]}},"_links":{"self":[{"href":"https:\/\/ikastikos-kiklos.com\/en\/wp-json\/wp\/v2\/pages\/9386","targetHints":{"allow":["GET"]}}],"collection":[{"href":"https:\/\/ikastikos-kiklos.com\/en\/wp-json\/wp\/v2\/pages"}],"about":[{"href":"https:\/\/ikastikos-kiklos.com\/en\/wp-json\/wp\/v2\/types\/page"}],"author":[{"embeddable":true,"href":"https:\/\/ikastikos-kiklos.com\/en\/wp-json\/wp\/v2\/users\/2"}],"replies":[{"embeddable":true,"href":"https:\/\/ikastikos-kiklos.com\/en\/wp-json\/wp\/v2\/comments?post=9386"}],"version-history":[{"count":0,"href":"https:\/\/ikastikos-kiklos.com\/en\/wp-json\/wp\/v2\/pages\/9386\/revisions"}],"up":[{"embeddable":true,"href":"https:\/\/ikastikos-kiklos.com\/en\/wp-json\/wp\/v2\/pages\/2905"}],"wp:attachment":[{"href":"https:\/\/ikastikos-kiklos.com\/en\/wp-json\/wp\/v2\/media?parent=9386"}],"curies":[{"name":"wp","href":"https:\/\/api.w.org\/{rel}","templated":true}]}}