{"id":8214,"date":"2017-11-13T14:28:05","date_gmt":"2017-11-13T12:28:05","guid":{"rendered":"https:\/\/ikastikos-kiklos.com\/?page_id=8214\/"},"modified":"2021-09-03T10:24:45","modified_gmt":"2021-09-03T07:24:45","slug":"vivlio-texni-dromous-kosmou","status":"publish","type":"page","link":"https:\/\/ikastikos-kiklos.com\/en\/vivlio-texni-dromous-kosmou\/","title":{"rendered":"\u0392\u03b9\u03b2\u03bb\u03af\u03bf &#8220;\u03a4\u03ad\u03c7\u03bd\u03b7 \u03c3\u03c4\u03bf\u03c5\u03c2 \u03b4\u03c1\u03cc\u03bc\u03bf\u03c5\u03c2 \u03c4\u03bf\u03c5 \u03ba\u03cc\u03c3\u03bc\u03bf\u03c5&#8221;"},"content":{"rendered":"<div class=\"wpb-content-wrapper\"><p>[vc_row css=&#8221;.vc_custom_1506373769777{background-color: #ffffff !important;}&#8221;][vc_column width=&#8221;1\/2&#8243;][vc_empty_space height=&#8221;30px&#8221;][vc_single_image image=&#8221;8253&#8243; img_size=&#8221;full&#8221; alignment=&#8221;center&#8221; onclick=&#8221;custom_link&#8221; img_link_target=&#8221;_blank&#8221;][vc_empty_space height=&#8221;30px&#8221;][vc_empty_space][vc_empty_space][\/vc_column][vc_column width=&#8221;1\/2&#8243; css=&#8221;.vc_custom_1506373833697{background-color: #f2f2f2 !important;}&#8221;][vc_empty_space height=&#8221;30px&#8221;][vc_column_text]<\/p>\n<p style=\"text-align: center;\"><strong>\u03a4\u0399\u03a4\u039b\u039f\u03a3 \u0392\u0399\u0392\u039b\u0399\u039f\u03a5:<\/strong>&nbsp;\u03a4\u03ad\u03c7\u03bd\u03b7 \u03c3\u03c4\u03bf\u03c5\u03c2 \u03b4\u03c1\u03cc\u03bc\u03bf\u03c5\u03c2 \u03c4\u03bf\u03c5 \u03ba\u03cc\u03c3\u03bc\u03bf\u03c5<br \/>\n<strong>\u03a4\u0399\u039c\u0397: <\/strong>15\u20ac<br \/>\n<strong>\u0394\u0399\u0391\u0398\u0395\u03a3\u0399\u039c\u039f\u03a4\u0397\u03a4\u0391: <\/strong>\u0395\u03b9\u03ba\u03b1\u03c3\u03c4\u03b9\u03ba\u03cc\u03c2 \u039a\u03cd\u03ba\u03bb\u03bf\u03c2 Sianti (<a href=\"https:\/\/www.google.com\/maps\/place\/%CE%95%CE%B9%CE%BA%CE%B1%CF%83%CF%84%CE%B9%CE%BA%CF%8C%CF%82+%CE%9A%CF%8D%CE%BA%CE%BB%CE%BF%CF%82+Sianti\/@37.9743635,23.7501733,15z\/data=!4m2!3m1!1s0x0:0x564d5da3e3234fed?sa=X&amp;ved=0ahUKEwjxnZOg3LvXAhUCL1AKHVwJC0AQ_BIIajAM\" target=\"_blank\" rel=\"noopener noreferrer\">\u0392\u03b1\u03c3. \u0391\u03bb\u03b5\u03be\u03ac\u03bd\u03b4\u03c1\u03bf\u03c5 2 \u03ba\u03b1\u03b9 \u039c\u03b9\u03c7\u03b1\u03bb\u03b1\u03ba\u03bf\u03c0\u03bf\u03cd\u03bb\u03bf\u03c5, \u0391\u03b8\u03ae\u03bd\u03b1 11634, \u039c\u03b5\u03c4\u03c1\u03cc \u0395\u03c5\u03b1\u03b3\u03b3\u03b5\u03bb\u03b9\u03c3\u03bc\u03cc\u03c2<\/a>) &amp; \u03c3\u03c4\u03b1 \u03bc\u03b5\u03b3\u03b1\u03bb\u03cd\u03c4\u03b5\u03c1\u03b1 \u03b2\u03b9\u03b2\u03bb\u03b9\u03bf\u03c0\u03c9\u03bb\u03b5\u03af\u03b1.<br \/>\n<strong>\u03a4\u0397\u039b\u0395\u03a6\u03a9\u039d\u0399\u039a\u0395\u03a3 \u03a0\u0391\u03a1\u0391\u0393\u0393\u0395\u039b\u0399\u0395\u03a3: <\/strong>\u039a\u03b1\u03bb\u03ad\u03c3\u03c4\u03b5 \u03c3\u03c4\u03bf 2107245432<\/p>\n<p>[\/vc_column_text][vc_empty_space][vc_empty_space][vc_column_text]<\/p>\n<p style=\"text-align: justify;\">\u03a4\u03bf&nbsp; <strong>\u03b2\u03b9\u03b2\u03bb\u03af\u03bf<\/strong> <em>\u00ab\u03a4\u03ad\u03c7\u03bd\u03b7 \u03c3\u03c4\u03bf\u03c5\u03c2 \u03b4\u03c1\u03cc\u03bc\u03bf\u03c5\u03c2 \u03c4\u03bf\u03c5 \u03ba\u03cc\u03c3\u03bc\u03bf\u03c5\u00bb<\/em> \u03c0\u03bf\u03c5 \u03ba\u03c5\u03ba\u03bb\u03bf\u03c6\u03bf\u03c1\u03b5\u03af \u03b1\u03c0\u03cc \u03c4\u03b9\u03c2 \u03b5\u03ba\u03b4\u03cc\u03c3\u03b5\u03b9\u03c2 \u00ab<strong>\u039c\u03b5\u03c4\u03b1\u03af\u03c7\u03bc\u03b9\u03bf<\/strong>\u00bb, \u03bc\u03b5 \u03c0\u03b1\u03c1\u03b1\u03b3\u03c9\u03b3\u03ae \u0395<strong>\u03b9\u03ba\u03b1\u03c3\u03c4\u03b9\u03ba\u03bf\u03cd \u039a\u03cd\u03ba\u03bb\u03bf\u03c5 Sianti<\/strong>&nbsp; \u03ba\u03b1\u03b9 \u03c4\u03b7\u03bd \u03c3\u03c5\u03bc\u03bc\u03b5\u03c4\u03bf\u03c7\u03ae \u03c4\u03b5\u03c3\u03c3\u03ac\u03c1\u03c9\u03bd \u03ba\u03b1\u03bb\u03bb\u03b9\u03c4\u03b5\u03c7\u03bd\u03ce\u03bd \u03c4\u03bf\u03c5 \u03b4\u03c1\u03cc\u03bc\u03bf\u03c5 \u03bc\u03b5 \u03ad\u03b4\u03c1\u03b1 \u03c4\u03b7\u03bd \u0391\u03b8\u03ae\u03bd\u03b1 \u03ba\u03b1\u03b9 \u03b4\u03b9\u03b5\u03b8\u03bd\u03ae \u03b1\u03c0\u03ae\u03c7\u03b7\u03c3\u03b7, \u03ad\u03c7\u03b5\u03b9 \u03c9\u03c2 \u03b8\u03ad\u03bc\u03b1 \u03c4\u03b7\u03bd<strong> \u03b9\u03c3\u03c4\u03bf\u03c1\u03af\u03b1 \u03c4\u03bf\u03c5 graffiti<\/strong> \u03ba\u03b1\u03b9 \u03c4\u03b7\u03c2 <strong>street art<\/strong> \u03b1\u03c0\u03cc \u03c4\u03b7\u03bd \u03b1\u03c0\u03b1\u03c1\u03c7\u03ae \u03c4\u03bf\u03c5 \u03c3\u03c4\u03b9\u03c2 \u03bb\u03b5\u03c9\u03c6\u03cc\u03c1\u03bf\u03c5\u03c2 \u03c4\u03b7\u03c2 \u039d\u03ad\u03b1\u03c2 \u03a5\u03cc\u03c1\u03ba\u03b7\u03c2 \u03bc\u03ad\u03c7\u03c1\u03b9 \u03c3\u03ae\u03bc\u03b5\u03c1\u03b1.<\/p>\n<div><span lang=\"EL\">\u039f<\/span>\u03b9 \u03c4\u03ad\u03c3\u03c3\u03b5\u03c1\u03b9\u03c2 (\u03c1\u03b9\u03b6\u03b9\u03ba\u03ac \u03b4\u03b9\u03b1\u03c6\u03bf\u03c1\u03b5\u03c4\u03b9\u03ba\u03ad\u03c2) \u03c0\u03c1\u03bf\u03c3\u03b5\u03b3\u03b3\u03af\u03c3\u03b5\u03b9\u03c2 \u03c3\u03c4\u03b7&nbsp;<b>street art<\/b>&nbsp;\u03c0\u03bf\u03c5 \u03c0\u03b1\u03c1\u03bf\u03c5\u03c3\u03b9\u03ac\u03b6\u03bf\u03bd\u03c4\u03b1\u03b9 \u03c3\u03b5 \u03b1\u03c5\u03c4\u03cc \u03c4\u03bf \u03b2\u03b9\u03b2\u03bb\u03af\u03bf \u03b8\u03b1 \u03bc\u03c0\u03bf\u03c1\u03bf\u03cd\u03c3\u03b1\u03bd \u03bd\u03b1 \u03b5\u03af\u03bd\u03b1\u03b9 \u03bc\u03b9\u03b1 \u03c3\u03c5\u03bd\u03bf\u03c0\u03c4\u03b9\u03ba\u03ae \u03b1\u03bd\u03b1\u03c3\u03ba\u03cc\u03c0\u03b7\u03c3\u03b7 \u03c4\u03c9\u03bd \u03c3\u03b7\u03bc\u03b5\u03c1\u03b9\u03bd\u03ce\u03bd \u03c4\u03ac\u03c3\u03b5\u03c9\u03bd \u03c4\u03b7\u03c2 street art, \u03b1\u03c0\u03cc \u03c4\u03bf \u03b4\u03b5\u03be\u03b9\u03bf\u03c4\u03b5\u03c7\u03bd\u03b9\u03ba\u03cc Trompe-l\u2019oeil \u03c4\u03bf\u03c5 \u03bc\u03c0\u03b1\u03bb\u03b9\u03bd\u03ad\u03b6\u03bf\u03c5&nbsp;<b>Wild Drawing (WD)<\/b>&nbsp;\u03c0\u03bf\u03c5 \u03be\u03b5\u03c3\u03ae\u03ba\u03c9\u03c3\u03b5 \u03bc\u03b9\u03b1 \u03c3\u03c5\u03b3\u03ba\u03b9\u03bd\u03b7\u03c4\u03b9\u03ba\u03ae \u03c3\u03c5\u03c3\u03c0\u03b5\u03af\u03c1\u03c9\u03c3\u03b7 \u03cc\u03c4\u03b1\u03bd \u03b7 \u03b5\u03bd\u03c4\u03c5\u03c0\u03c9\u03c3\u03b9\u03b1\u03ba\u03ae \u039a\u03bf\u03c5\u03ba\u03bf\u03c5\u03b2\u03ac\u03b3\u03b9\u03ac \u03c4\u03bf\u03c5 \u03c3\u03c4\u03bf \u039c\u03b5\u03c4\u03b1\u03be\u03bf\u03c5\u03c1\u03b3\u03b5\u03af\u03bf \u03b2\u03b1\u03bd\u03b4\u03b1\u03bb\u03af\u03c3\u03c4\u03b7\u03ba\u03b5 (;) \u03ad\u03c9\u03c2 \u03c4\u03b1 \u03b5\u03c5\u03b8\u03ad\u03c9\u03c2 \u03b1\u03bd\u03c4\u03b9\u03ba\u03b1\u03c0\u03b9\u03c4\u03b1\u03bb\u03b9\u03c3\u03c4\u03b9\u03ba\u03ac \u03ad\u03c1\u03b3\u03b1 \u03c4\u03bf\u03c5&nbsp;<b>\u039c\u03b1\u03bd\u03ce\u03bb\u03b7 \u0391\u03bd\u03b1\u03c3\u03c4\u03b1\u03c3\u03ac\u03ba\u03bf\u03c5<\/b>, \u03ac\u03bb\u03bb\u03bf\u03c4\u03b5 \u03c0\u03b9\u03bf \u03ba\u03bf\u03bd\u03c4\u03ac \u03c3\u03c4\u03b7 \u03b3\u03b5\u03bd\u03b5\u03b1\u03bb\u03bf\u03b3\u03af\u03b1 \u03c4\u03b7\u03c2 \u03c4\u03bf\u03b9\u03c7\u03bf\u03b3\u03c1\u03b1\u03c6\u03af\u03b1\u03c2 \u03ba\u03b1\u03b9 \u03ac\u03bb\u03bb\u03bf\u03c4\u03b5 \u03bb\u03af\u03b3\u03bf fluxus \u03c0\u03b1\u03c1\u03b5\u03bc\u03b2\u03ac\u03c3\u03b5\u03b9\u03c2 \u03c3\u03b5 \u03c5\u03c0\u03ac\u03c1\u03c7\u03bf\u03bd\u03c4\u03b1 \u03b3\u03bb\u03c5\u03c0\u03c4\u03ac \u03c4\u03b7\u03c2 \u03b5\u03be\u03bf\u03c5\u03c3\u03af\u03b1\u03c2, \u03b1\u03c0\u03cc \u03c4\u03bf\u03bd \u0395\u03bb\u03b5\u03c5\u03b8\u03ad\u03c1\u03b9\u03bf \u0392\u03b5\u03bd\u03b9\u03b6\u03ad\u03bb\u03bf \u03ad\u03c9\u03c2 \u03c4\u03bf\u03c5\u03c2 \u03c4\u03c1\u03b5\u03b9\u03c2 \u03c4\u03c1\u03b1\u03b3\u03c9\u03b4\u03bf\u03cd\u03c2 \u03c4\u03bf\u03c5 \u03a3\u03c5\u03bd\u03c4\u03ac\u03b3\u03bc\u03b1\u03c4\u03bf\u03c2, \u03c4\u03b1 \u03bf\u03c0\u03bf\u03af\u03b1 \u03ad\u03c3\u03c0\u03b5\u03c5\u03c3\u03b5 \u03bd\u03b1 \u03c0\u03b1\u03ba\u03b5\u03c4\u03ac\u03c1\u03b5\u03b9 \u03bb\u03af\u03b3\u03bf \u03b1 \u03bb\u03b1 Christo. \u039a\u03b1\u03b9 \u03b1\u03c0\u03cc \u03ba\u03b5\u03b9 \u03ad\u03c7\u03bf\u03c5\u03bc\u03b5 \u03c4\u03b7\u03bd \u03c0\u03b5\u03c1\u03af\u03c0\u03c4\u03c9\u03c3\u03b7 \u03c4\u03bf\u03c5&nbsp;<b>Cacao Rocks<\/b>&nbsp;\u03bf \u03bf\u03c0\u03bf\u03af\u03bf\u03c2 \u03bc\u03bf\u03b9\u03ac\u03b6\u03b5\u03b9 \u03bd\u03b1 \u03bc\u03b5\u03c4\u03b1\u03c6\u03ad\u03c1\u03b5\u03b9 \u03b1\u03c1\u03c7\u03ad\u03c2 \u03c4\u03bf\u03c5 graphic design \u03c3\u03c4\u03bf\u03bd \u03b4\u03b7\u03bc\u03cc\u03c3\u03b9\u03bf \u03c7\u03ce\u03c1\u03bf, \u03bc\u03bf\u03b9\u03ac\u03b6\u03bf\u03bd\u03c4\u03b1\u03c2 \u03bd\u03b1 \u03c3\u03c5\u03bd\u03bf\u03bc\u03b9\u03bb\u03b5\u03af, \u03ba\u03b1\u03b9 \u03b1\u03c5\u03c4\u03cc \u03b5\u03af\u03bd\u03b1\u03b9 \u03c3\u03c0\u03ac\u03bd\u03b9\u03b1, \u03bc\u03b5 \u03b6\u03c9\u03b3\u03c1\u03ac\u03c6\u03bf\u03c5\u03c2 \u03c4\u03bf\u03c5 \u039c\u03bf\u03bd\u03c4\u03b5\u03c1\u03bd\u03b9\u03c3\u03bc\u03bf\u03cd, \u03c4\u03cc\u03c3\u03bf \u03b1\u03bd\u03c4\u03b9\u03c6\u03b1\u03c4\u03b9\u03ba\u03bf\u03cd\u03c2 \u03bc\u03b5\u03c4\u03b1\u03be\u03cd \u03c4\u03bf\u03c5\u03c2 \u03cc\u03c3\u03bf \u03bf Matisse \u03ae \u03bf Miro, \u03c4\u03bf\u03c5\u03c2 \u03bf\u03c0\u03bf\u03af\u03bf\u03c5\u03c2 \u03b1\u03c6\u03bf\u03bc\u03bf\u03b9\u03ce\u03bd\u03b5\u03b9 \u03bc\u03b5 \u03c4\u03bf\u03bd \u03c0\u03b9\u03bf \u03c6\u03c5\u03c3\u03b9\u03ba\u03cc \u03c4\u03c1\u03cc\u03c0\u03bf.\u0397&nbsp;<b>\u038c\u03bb\u03b3\u03b1 \u0391\u03bb\u03b5\u03be\u03bf\u03c0\u03bf\u03cd\u03bb\u03bf\u03c5&nbsp;<\/b>\u03b1\u03bd\u03b1\u03c4\u03c1\u03ad\u03c0\u03b5\u03b9 \u03c3\u03c7\u03b5\u03b4\u03cc\u03bd \u03cc\u03bb\u03b1 \u03c4\u03b1 \u03c3\u03c4\u03b5\u03c1\u03b5\u03cc\u03c4\u03c5\u03c0\u03b1 \u03c3\u03b5 \u03c3\u03c7\u03ad\u03c3\u03b7 \u03bc\u03b5 \u03c4\u03bf \u03c4\u03b9 \u03b5\u03af\u03bd\u03b1\u03b9 \u00ab\u03b3\u03c5\u03bd\u03b1\u03b9\u03ba\u03b5\u03af\u03b1 \u03c4\u03ad\u03c7\u03bd\u03b7\u00bb, \u03c0\u03bf\u03bb\u03cd \u03c0\u03b5\u03c1\u03b9\u03c3\u03c3\u03cc\u03c4\u03b5\u03c1\u03bf \u03b4\u03b5 ,\u03c4\u03b9 \u03b5\u03af\u03bd\u03b1\u03b9 \u03b3\u03c5\u03bd\u03b1\u03b9\u03ba\u03b5\u03af\u03b1 street art\u00bb , \u03c4\u03b1 \u03ad\u03c1\u03b3\u03b1 \u03c4\u03b7\u03c2 \u03b1\u03c3\u03c0\u03c1\u03cc\u03bc\u03b1\u03c5\u03c1\u03b1, \u03c0\u03bf\u03bb\u03b9\u03c4\u03b9\u03ba\u03ac, \u03b5\u03bb\u03b1\u03c6\u03c1\u03ce\u03c2 \u03ba\u03b1\u03c1\u03c4\u03bf\u03c5\u03bd\u03af\u03c3\u03c4\u03b9\u03ba\u03b1, \u03bc\u03b5 \u03b1\u03bd\u03b1\u03c6\u03bf\u03c1\u03ad\u03c2 \u03c3\u03c4\u03b7 \u03b3\u03b5\u03bd\u03b9\u03ba\u03b5\u03c5\u03bc\u03ad\u03bd\u03b7 \u03b1\u03bd\u03b1\u03c4\u03b1\u03c1\u03b1\u03c7\u03ae \u03c3\u03c4\u03b7\u03bd \u0391\u03bd\u03b1\u03c4\u03bf\u03bb\u03b9\u03ba\u03ae \u039c\u03b5\u03c3\u03cc\u03b3\u03b5\u03b9\u03bf, \u03b1\u03c0\u03cc \u03c4\u03b7\u03bd \u0391\u03c1\u03b1\u03b2\u03b9\u03ba\u03ae \u03ac\u03bd\u03bf\u03b9\u03be\u03b7 \u03ad\u03c9\u03c2 \u03c4\u03b7\u03bd \u0391\u03b8\u03ae\u03bd\u03b1 \u03c4\u03b7\u03c2 \u03ba\u03c1\u03af\u03c3\u03b7\u03c2.<\/div>\n<p>\u03a4\u03bf <strong>\u03b2\u03b9\u03b2\u03bb\u03af\u03bf<\/strong>, <strong>\u03c0\u03bf\u03c5 \u03b4\u03b7\u03bc\u03b9\u03bf\u03c5\u03c1\u03b3\u03ae\u03b8\u03b7\u03ba\u03b5 \u03b5\u03b9\u03b4\u03b9\u03ba\u03ac \u03b3\u03b9\u03b1 \u03c4\u03b7\u03bd \u03bf\u03bc\u03cc\u03c4\u03b9\u03c4\u03bb\u03b7 \u03ad\u03ba\u03b8\u03b5\u03c3\u03b7 <\/strong>, \u03c0\u03b5\u03c1\u03b9\u03bb\u03b1\u03bc\u03b2\u03ac\u03bd\u03b5\u03b9 \u03ba\u03b5\u03af\u03bc\u03b5\u03bd\u03b1 \u03c4\u03bf\u03c5 \u03b9\u03c3\u03c4\u03bf\u03c1\u03b9\u03ba\u03bf\u03cd \u03c4\u03ad\u03c7\u03bd\u03b7\u03c2 \u03ba\u03b1\u03b9 \u0391\u03bd\u03b1\u03c0\u03bb\u03b7\u03c1\u03c9\u03c4\u03ae \u039a\u03b1\u03b8\u03b7\u03b3\u03b7\u03c4\u03ae \u03c3\u03c4\u03bf \u0395\u039a\u03a0\u0391 <strong>\u039c\u03ac\u03bd\u03bf\u03c5 \u03a3\u03c4\u03b5\u03c6\u03b1\u03bd\u03af\u03b4\u03b7<\/strong> \u03ba\u03b1\u03b9 \u03c4\u03bf\u03c5 \u03b1\u03c1\u03c7\u03b9\u03c4\u03ad\u03ba\u03c4\u03bf\u03bd\u03b1, \u03b9\u03c3\u03c4\u03bf\u03c1\u03b9\u03ba\u03bf\u03cd \u03c4\u03ad\u03c7\u03bd\u03b7\u03c2 \u03ba\u03b1\u03b9 \u03b1\u03bd\u03b1\u03c0\u03bb\u03b7\u03c1\u03c9\u03c4\u03ae \u03ba\u03b1\u03b8\u03b7\u03b3\u03b7\u03c4\u03ae \u03c3\u03c4\u03b7\u03bd \u0391\u03c1\u03c7\u03b9\u03c4\u03b5\u03ba\u03c4\u03bf\u03bd\u03b9\u03ba\u03ae \u03a3\u03c7\u03bf\u03bb\u03ae \u03c4\u03bf\u03c5 \u03a0\u03bf\u03bb\u03c5\u03c4\u03b5\u03c7\u03bd\u03b5\u03af\u03bf\u03c5 \u039a\u03c1\u03ae\u03c4\u03b7\u03c2 <strong>\u0398\u03b1\u03bd\u03ac\u03c3\u03b7 \u039c\u03bf\u03c5\u03c4\u03c3\u03cc\u03c0\u03bf\u03c5\u03bb\u03bf\u03c5<\/strong>, \u03cc\u03c0\u03c9\u03c2 \u03b5\u03c0\u03af\u03c3\u03b7\u03c2 \u03ba\u03b1\u03b9 \u03c3\u03c5\u03bd\u03b5\u03bd\u03c4\u03b5\u03cd\u03be\u03b5\u03b9\u03c2 \u03c4\u03c9\u03bd \u03c4\u03b5\u03c3\u03c3\u03ac\u03c1\u03c9\u03bd \u03ba\u03b1\u03bb\u03bb\u03b9\u03c4\u03b5\u03c7\u03bd\u03ce\u03bd \u03b1\u03c0\u03cc \u03c4\u03b7\u03bd curator <strong>\u0392\u03b1\u03c3\u03b9\u03bb\u03b9\u03ba\u03ae \u03a3\u03b9\u03b1\u03bd\u03c4\u03ae<\/strong>.[\/vc_column_text][vc_empty_space][\/vc_column][\/vc_row][vc_row type=&#8221;full-nopad&#8221;][vc_column][vc_column_text]<\/p>\n<p style=\"text-align: center;\"><strong>\u039c\u03af\u03b1 \u03b3\u03b5\u03cd\u03c3\u03b7 \u03b1\u03c0\u03cc \u03c4\u03bf \u03b2\u03b9\u03b2\u03bb\u03af\u03bf:<\/strong><\/p>\n<p>[\/vc_column_text][vc_empty_space][vc_column_text]<\/p>\n<div class=\"issuuembed\" style=\"width: 100%; height: 650px;\" data-configid=\"31752123\/55324821\">&nbsp;<\/div>\n<p><script type=\"text\/javascript\" src=\"\/\/e.issuu.com\/embed.js\" async=\"true\"><\/script>[\/vc_column_text][vc_empty_space][\/vc_column][\/vc_row][vc_row type=&#8221;full-nopad&#8221;][vc_column][vc_single_image image=&#8221;3969&#8243; img_size=&#8221;full&#8221; alignment=&#8221;center&#8221; onclick=&#8221;custom_link&#8221; img_link_target=&#8221;_blank&#8221; link=&#8221;http:\/\/ikastikos-kiklos.com\/%CE%B6%CF%89%CE%B3%CF%81%CE%AC%CF%86%CE%BF%CE%B9\/%CE%BB%CE%AC%CE%BB%CE%B1%CF%82-%CE%B8%CE%B1%CE%BD%CE%AC%CF%83%CE%B7%CF%82\/&#8221;][\/vc_column][\/vc_row]<\/p>\n<\/div>","protected":false},"excerpt":{"rendered":"<p>[vc_row css=&#8221;.vc_custom_1506373769777{background-color: #ffffff !important;}&#8221;][vc_column width=&#8221;1\/2&#8243;][vc_empty_space height=&#8221;30px&#8221;][vc_single_image image=&#8221;8253&#8243; img_size=&#8221;full&#8221; alignment=&#8221;center&#8221; onclick=&#8221;custom_link&#8221; img_link_target=&#8221;_blank&#8221;][vc_empty_space height=&#8221;30px&#8221;][vc_empty_space][vc_empty_space][\/vc_column][vc_column width=&#8221;1\/2&#8243; css=&#8221;.vc_custom_1506373833697{background-color: #f2f2f2 &hellip;<\/p>\n","protected":false},"author":4,"featured_media":0,"parent":0,"menu_order":0,"comment_status":"closed","ping_status":"closed","template":"","meta":{"ngg_post_thumbnail":0,"footnotes":""},"class_list":["post-8214","page","type-page","status-publish","hentry"],"yoast_head":"<!-- This site is optimized with the Yoast SEO plugin v27.2 - https:\/\/yoast.com\/product\/yoast-seo-wordpress\/ -->\n<title>\u0392\u03b9\u03b2\u03bb\u03af\u03bf &quot;\u03a4\u03ad\u03c7\u03bd\u03b7 \u03c3\u03c4\u03bf\u03c5\u03c2 \u03b4\u03c1\u03cc\u03bc\u03bf\u03c5\u03c2 \u03c4\u03bf\u03c5 \u03ba\u03cc\u03c3\u03bc\u03bf\u03c5&quot; - Ikastikos Kiklos - Zografik\u00ed - Metaxotyp\u00edes - T\u00e9chniPainting - Silk Screen - Art<\/title>\n<meta name=\"robots\" content=\"index, follow, max-snippet:-1, max-image-preview:large, max-video-preview:-1\" \/>\n<link rel=\"canonical\" href=\"https:\/\/ikastikos-kiklos.com\/vivlio-texni-dromous-kosmou\/\" \/>\n<meta property=\"og:locale\" content=\"en_US\" \/>\n<meta property=\"og:type\" content=\"article\" \/>\n<meta property=\"og:title\" content=\"\u0392\u03b9\u03b2\u03bb\u03af\u03bf &quot;\u03a4\u03ad\u03c7\u03bd\u03b7 \u03c3\u03c4\u03bf\u03c5\u03c2 \u03b4\u03c1\u03cc\u03bc\u03bf\u03c5\u03c2 \u03c4\u03bf\u03c5 \u03ba\u03cc\u03c3\u03bc\u03bf\u03c5&quot; - Ikastikos Kiklos - Zografik\u00ed - Metaxotyp\u00edes - T\u00e9chniPainting - Silk Screen - Art\" \/>\n<meta property=\"og:url\" content=\"https:\/\/ikastikos-kiklos.com\/vivlio-texni-dromous-kosmou\/\" \/>\n<meta property=\"og:site_name\" content=\"Ikastikos Kiklos - Zografik\u00ed - Metaxotyp\u00edes - T\u00e9chniPainting - Silk Screen - Art\" \/>\n<meta property=\"article:publisher\" content=\"https:\/\/www.facebook.com\/ikastikoskiklossianti\/\" \/>\n<meta property=\"article:modified_time\" content=\"2021-09-03T07:24:45+00:00\" \/>\n<meta name=\"twitter:card\" content=\"summary_large_image\" \/>\n<meta name=\"twitter:label1\" content=\"Est. reading time\" \/>\n\t<meta name=\"twitter:data1\" content=\"1 minute\" \/>\n<script type=\"application\/ld+json\" class=\"yoast-schema-graph\">{\"@context\":\"https:\/\/schema.org\",\"@graph\":[{\"@type\":\"WebPage\",\"@id\":\"https:\/\/ikastikos-kiklos.com\/vivlio-texni-dromous-kosmou\/\",\"url\":\"https:\/\/ikastikos-kiklos.com\/vivlio-texni-dromous-kosmou\/\",\"name\":\"\u0392\u03b9\u03b2\u03bb\u03af\u03bf \\\"\u03a4\u03ad\u03c7\u03bd\u03b7 \u03c3\u03c4\u03bf\u03c5\u03c2 \u03b4\u03c1\u03cc\u03bc\u03bf\u03c5\u03c2 \u03c4\u03bf\u03c5 \u03ba\u03cc\u03c3\u03bc\u03bf\u03c5\\\" - Ikastikos Kiklos - Zografik\u00ed - Metaxotyp\u00edes - T\u00e9chniPainting - Silk Screen - Art\",\"isPartOf\":{\"@id\":\"https:\/\/ikastikos-kiklos.com\/en\/#website\"},\"datePublished\":\"2017-11-13T12:28:05+00:00\",\"dateModified\":\"2021-09-03T07:24:45+00:00\",\"breadcrumb\":{\"@id\":\"https:\/\/ikastikos-kiklos.com\/vivlio-texni-dromous-kosmou\/#breadcrumb\"},\"inLanguage\":\"en-US\",\"potentialAction\":[{\"@type\":\"ReadAction\",\"target\":[\"https:\/\/ikastikos-kiklos.com\/vivlio-texni-dromous-kosmou\/\"]}]},{\"@type\":\"BreadcrumbList\",\"@id\":\"https:\/\/ikastikos-kiklos.com\/vivlio-texni-dromous-kosmou\/#breadcrumb\",\"itemListElement\":[{\"@type\":\"ListItem\",\"position\":1,\"name\":\"Home\",\"item\":\"https:\/\/ikastikos-kiklos.com\/en\/\"},{\"@type\":\"ListItem\",\"position\":2,\"name\":\"\u0392\u03b9\u03b2\u03bb\u03af\u03bf &#8220;\u03a4\u03ad\u03c7\u03bd\u03b7 \u03c3\u03c4\u03bf\u03c5\u03c2 \u03b4\u03c1\u03cc\u03bc\u03bf\u03c5\u03c2 \u03c4\u03bf\u03c5 \u03ba\u03cc\u03c3\u03bc\u03bf\u03c5&#8221;\"}]},{\"@type\":\"WebSite\",\"@id\":\"https:\/\/ikastikos-kiklos.com\/en\/#website\",\"url\":\"https:\/\/ikastikos-kiklos.com\/en\/\",\"name\":\"Ikastikos Kiklos - Zografik\u00ed - Metaxotyp\u00edes - T\u00e9chniPainting - Silk Screen - Art\",\"description\":\"\",\"publisher\":{\"@id\":\"https:\/\/ikastikos-kiklos.com\/en\/#organization\"},\"potentialAction\":[{\"@type\":\"SearchAction\",\"target\":{\"@type\":\"EntryPoint\",\"urlTemplate\":\"https:\/\/ikastikos-kiklos.com\/en\/?s={search_term_string}\"},\"query-input\":{\"@type\":\"PropertyValueSpecification\",\"valueRequired\":true,\"valueName\":\"search_term_string\"}}],\"inLanguage\":\"en-US\"},{\"@type\":\"Organization\",\"@id\":\"https:\/\/ikastikos-kiklos.com\/en\/#organization\",\"name\":\"Ikastikos Kiklos - Zografik\u00ed - Metaxotyp\u00edes - T\u00e9chniPainting - Silk Screen - Art\",\"url\":\"https:\/\/ikastikos-kiklos.com\/en\/\",\"logo\":{\"@type\":\"ImageObject\",\"inLanguage\":\"en-US\",\"@id\":\"https:\/\/ikastikos-kiklos.com\/en\/#\/schema\/logo\/image\/\",\"url\":\"https:\/\/ikastikos-kiklos.com\/wp-content\/uploads\/2022\/10\/cropped-favicon_ikastikos.png\",\"contentUrl\":\"https:\/\/ikastikos-kiklos.com\/wp-content\/uploads\/2022\/10\/cropped-favicon_ikastikos.png\",\"width\":512,\"height\":512,\"caption\":\"Ikastikos Kiklos - Zografik\u00ed - Metaxotyp\u00edes - T\u00e9chniPainting - Silk Screen - Art\"},\"image\":{\"@id\":\"https:\/\/ikastikos-kiklos.com\/en\/#\/schema\/logo\/image\/\"},\"sameAs\":[\"https:\/\/www.facebook.com\/ikastikoskiklossianti\/\"]}]}<\/script>\n<!-- \/ Yoast SEO plugin. -->","yoast_head_json":{"title":"\u0392\u03b9\u03b2\u03bb\u03af\u03bf \"\u03a4\u03ad\u03c7\u03bd\u03b7 \u03c3\u03c4\u03bf\u03c5\u03c2 \u03b4\u03c1\u03cc\u03bc\u03bf\u03c5\u03c2 \u03c4\u03bf\u03c5 \u03ba\u03cc\u03c3\u03bc\u03bf\u03c5\" - Ikastikos Kiklos - Zografik\u00ed - Metaxotyp\u00edes - T\u00e9chniPainting - Silk Screen - Art","robots":{"index":"index","follow":"follow","max-snippet":"max-snippet:-1","max-image-preview":"max-image-preview:large","max-video-preview":"max-video-preview:-1"},"canonical":"https:\/\/ikastikos-kiklos.com\/vivlio-texni-dromous-kosmou\/","og_locale":"en_US","og_type":"article","og_title":"\u0392\u03b9\u03b2\u03bb\u03af\u03bf \"\u03a4\u03ad\u03c7\u03bd\u03b7 \u03c3\u03c4\u03bf\u03c5\u03c2 \u03b4\u03c1\u03cc\u03bc\u03bf\u03c5\u03c2 \u03c4\u03bf\u03c5 \u03ba\u03cc\u03c3\u03bc\u03bf\u03c5\" - Ikastikos Kiklos - Zografik\u00ed - Metaxotyp\u00edes - T\u00e9chniPainting - Silk Screen - Art","og_url":"https:\/\/ikastikos-kiklos.com\/vivlio-texni-dromous-kosmou\/","og_site_name":"Ikastikos Kiklos - Zografik\u00ed - Metaxotyp\u00edes - T\u00e9chniPainting - Silk Screen - Art","article_publisher":"https:\/\/www.facebook.com\/ikastikoskiklossianti\/","article_modified_time":"2021-09-03T07:24:45+00:00","twitter_card":"summary_large_image","twitter_misc":{"Est. reading time":"1 minute"},"schema":{"@context":"https:\/\/schema.org","@graph":[{"@type":"WebPage","@id":"https:\/\/ikastikos-kiklos.com\/vivlio-texni-dromous-kosmou\/","url":"https:\/\/ikastikos-kiklos.com\/vivlio-texni-dromous-kosmou\/","name":"\u0392\u03b9\u03b2\u03bb\u03af\u03bf \"\u03a4\u03ad\u03c7\u03bd\u03b7 \u03c3\u03c4\u03bf\u03c5\u03c2 \u03b4\u03c1\u03cc\u03bc\u03bf\u03c5\u03c2 \u03c4\u03bf\u03c5 \u03ba\u03cc\u03c3\u03bc\u03bf\u03c5\" - Ikastikos Kiklos - Zografik\u00ed - Metaxotyp\u00edes - T\u00e9chniPainting - Silk Screen - Art","isPartOf":{"@id":"https:\/\/ikastikos-kiklos.com\/en\/#website"},"datePublished":"2017-11-13T12:28:05+00:00","dateModified":"2021-09-03T07:24:45+00:00","breadcrumb":{"@id":"https:\/\/ikastikos-kiklos.com\/vivlio-texni-dromous-kosmou\/#breadcrumb"},"inLanguage":"en-US","potentialAction":[{"@type":"ReadAction","target":["https:\/\/ikastikos-kiklos.com\/vivlio-texni-dromous-kosmou\/"]}]},{"@type":"BreadcrumbList","@id":"https:\/\/ikastikos-kiklos.com\/vivlio-texni-dromous-kosmou\/#breadcrumb","itemListElement":[{"@type":"ListItem","position":1,"name":"Home","item":"https:\/\/ikastikos-kiklos.com\/en\/"},{"@type":"ListItem","position":2,"name":"\u0392\u03b9\u03b2\u03bb\u03af\u03bf &#8220;\u03a4\u03ad\u03c7\u03bd\u03b7 \u03c3\u03c4\u03bf\u03c5\u03c2 \u03b4\u03c1\u03cc\u03bc\u03bf\u03c5\u03c2 \u03c4\u03bf\u03c5 \u03ba\u03cc\u03c3\u03bc\u03bf\u03c5&#8221;"}]},{"@type":"WebSite","@id":"https:\/\/ikastikos-kiklos.com\/en\/#website","url":"https:\/\/ikastikos-kiklos.com\/en\/","name":"Ikastikos Kiklos - Zografik\u00ed - Metaxotyp\u00edes - T\u00e9chniPainting - Silk Screen - Art","description":"","publisher":{"@id":"https:\/\/ikastikos-kiklos.com\/en\/#organization"},"potentialAction":[{"@type":"SearchAction","target":{"@type":"EntryPoint","urlTemplate":"https:\/\/ikastikos-kiklos.com\/en\/?s={search_term_string}"},"query-input":{"@type":"PropertyValueSpecification","valueRequired":true,"valueName":"search_term_string"}}],"inLanguage":"en-US"},{"@type":"Organization","@id":"https:\/\/ikastikos-kiklos.com\/en\/#organization","name":"Ikastikos Kiklos - Zografik\u00ed - Metaxotyp\u00edes - T\u00e9chniPainting - Silk Screen - Art","url":"https:\/\/ikastikos-kiklos.com\/en\/","logo":{"@type":"ImageObject","inLanguage":"en-US","@id":"https:\/\/ikastikos-kiklos.com\/en\/#\/schema\/logo\/image\/","url":"https:\/\/ikastikos-kiklos.com\/wp-content\/uploads\/2022\/10\/cropped-favicon_ikastikos.png","contentUrl":"https:\/\/ikastikos-kiklos.com\/wp-content\/uploads\/2022\/10\/cropped-favicon_ikastikos.png","width":512,"height":512,"caption":"Ikastikos Kiklos - Zografik\u00ed - Metaxotyp\u00edes - T\u00e9chniPainting - Silk Screen - Art"},"image":{"@id":"https:\/\/ikastikos-kiklos.com\/en\/#\/schema\/logo\/image\/"},"sameAs":["https:\/\/www.facebook.com\/ikastikoskiklossianti\/"]}]}},"_links":{"self":[{"href":"https:\/\/ikastikos-kiklos.com\/en\/wp-json\/wp\/v2\/pages\/8214","targetHints":{"allow":["GET"]}}],"collection":[{"href":"https:\/\/ikastikos-kiklos.com\/en\/wp-json\/wp\/v2\/pages"}],"about":[{"href":"https:\/\/ikastikos-kiklos.com\/en\/wp-json\/wp\/v2\/types\/page"}],"author":[{"embeddable":true,"href":"https:\/\/ikastikos-kiklos.com\/en\/wp-json\/wp\/v2\/users\/4"}],"replies":[{"embeddable":true,"href":"https:\/\/ikastikos-kiklos.com\/en\/wp-json\/wp\/v2\/comments?post=8214"}],"version-history":[{"count":0,"href":"https:\/\/ikastikos-kiklos.com\/en\/wp-json\/wp\/v2\/pages\/8214\/revisions"}],"wp:attachment":[{"href":"https:\/\/ikastikos-kiklos.com\/en\/wp-json\/wp\/v2\/media?parent=8214"}],"curies":[{"name":"wp","href":"https:\/\/api.w.org\/{rel}","templated":true}]}}