{"id":6070,"date":"2017-06-13T13:13:08","date_gmt":"2017-06-13T13:13:08","guid":{"rendered":"https:\/\/ikastikos-kiklos.com\/?page_id=6070\/"},"modified":"2019-02-07T19:50:09","modified_gmt":"2019-02-07T17:50:09","slug":"valyrakis-yiannis","status":"publish","type":"page","link":"https:\/\/ikastikos-kiklos.com\/en\/painters\/valyrakis-yiannis\/","title":{"rendered":"Valirakis Yiannis"},"content":{"rendered":"<div class=\"wpb-content-wrapper\"><p>[vc_row][vc_column][vc_custom_heading text=&#8221;CV&#8221;][vc_empty_space][vc_video link=&#8221;https:\/\/www.youtube.com\/watch?v=IJ6fjRNl7jE&#8221; align=&#8221;center&#8221;][\/vc_column][\/vc_row][vc_row][vc_column][vc_empty_space][\/vc_column][\/vc_row][vc_row][vc_column][vc_column_text]<\/p>\n<header class=\"title-container\">\n<h1 class=\"title\">Valirakis Yiannis<\/h1>\n<\/header>\n<div class=\"description-container dynamic-content\">\n<p>John Valyrakis was born in 1985, and raised in Athens, Greece, where he completed his basic studies, continuing with Architectural Renovation in the city of Patras. He continued his postgraduate studies in Art and Design (MA in 2D &amp; 3D Visualization)with a scholarship in Loughborough Univ. School of the Arts in the UK and in Visual Arts in South Nottingham Colege. He has worked as a freelance artist in his studio in the UK and has collaboratedand exhibited his work at the Backlit Studios, Surface Gallery in Nottingham, Arbitrage&nbsp;Magazine in Canada, the British Council and the International Olympic Truce org.&nbsp;<\/p>\n<p>Selected Exhibitions<\/p>\n<p>2018 \u2013 Ikastikos Kiklos Sianti Athens, GR \u2013 <a href=\"https:\/\/ikastikos-kiklos.com\/en\/in-between-by-giannis-valirakis\/\">\u201c In Between \u201d<\/a> Solo Exhibition<\/p>\n<p>2018 \u2013 <a href=\"https:\/\/ikastikos-kiklos.com\/en\/ikastikos-kiklos-sianti-at-art-athina\/\">Art Athina<\/a> int. Arts Fair Athens, GR \u2013 Participation w\/ Ikastikos Kiklos Sianti Gallery<\/p>\n<p>2018 \u2013 Blender Gallery Athens, GR \u2013 \u201c Crossroads \u201d w\/ Paul Oz &amp; Marcelo Ricardo Zeballos<\/p>\n<p>2018 \u2013 Ikastikos Kiklos Sianti Athens, GR \u2013 <a href=\"https:\/\/ikastikos-kiklos.com\/en\/small-paintings-2018\/\">\u201c Small Paintings \u201d<\/a> Annual Group Exhibition<\/p>\n<p>2017 \u2013 C.John Gallery London Mayfair, UK \u2013 Group Exhibition w\/ Mr.Brainwash, Pavlos, Hawini<\/p>\n<p>2017 \u2013 Ikastikos Kiklos Sianti Athens, GR \u2013 \u201c Small Paintings \u201d Annual Group Exhibition2016 \u2013 G &amp; E Vatis Art Gallery Syros, GR \u2013 \u201c Close-Up \u201d Solo Exhibition<\/p>\n<p>2016 \u2013 Magic Mountain Gallery Drama, GR \u2013 Group Exhibition<\/p>\n<p>2015 \u2013 Artion Gallery Athens, GR \u2013 \u201c Electric Cinema \u201d Solo Exhibition<\/p>\n<p>2015 \u2013 Art Athina int. Arts Fair Athens, GR \u2013 Twin participation w\/ David Gerstein, Gallery Ersi<\/p>\n<p>2014 \u2013 Artion Gallery Thessaloniki , GR \u2013 \u201c Lights Off \u201d Solo Exhibition<\/p>\n<p>2013 \u2013 Surface Gallery Nottingham, UK \u2013 \u201c Street Art Now \u201d Group Exhibition<\/p>\n<p>2012 \u2013 Backlit Studios Nottingham, UK \u2013 \u201c Abstract Exchange \u201d Group Exhibition<\/p>\n<p>2011 \u2013 Backlit Studios Nottingham, UK \u2013 Annual Group Exhibition\u039f<\/p>\n<\/div>\n<p>[\/vc_column_text][vc_empty_space][vc_single_image image=&#8221;12919&#8243; img_size=&#8221;large&#8221; alignment=&#8221;center&#8221;][vc_empty_space][vc_video link=&#8221;https:\/\/www.youtube.com\/watch?v=IyBHxQVaiwg&#8221; align=&#8221;center&#8221;][vc_empty_space][vc_column_text]q[\/vc_column_text][\/vc_column][\/vc_row]<\/p>\n<\/div>","protected":false},"excerpt":{"rendered":"<p>[vc_row][vc_column][vc_custom_heading text=&#8221;CV&#8221;][vc_empty_space][vc_video link=&#8221;https:\/\/www.youtube.com\/watch?v=IJ6fjRNl7jE&#8221; align=&#8221;center&#8221;][\/vc_column][\/vc_row][vc_row][vc_column][vc_empty_space][\/vc_column][\/vc_row][vc_row][vc_column][vc_column_text] Valirakis Yiannis John Valyrakis was born in 1985, and raised in &hellip;<\/p>\n","protected":false},"author":2,"featured_media":0,"parent":2905,"menu_order":0,"comment_status":"closed","ping_status":"closed","template":"page-zwgrafoi.php","meta":{"ngg_post_thumbnail":0,"footnotes":""},"class_list":["post-6070","page","type-page","status-publish","hentry"],"yoast_head":"<!-- This site is optimized with the Yoast SEO plugin v27.4 - https:\/\/yoast.com\/product\/yoast-seo-wordpress\/ -->\n<title>Valirakis Yiannis Artist at Ikastikos Kiklos Sianti Gallery.<\/title>\n<meta name=\"description\" content=\"Valirakis Yiannis Artist at Ikastikos Kiklos Sianti Gallery.\" \/>\n<meta name=\"robots\" content=\"index, follow, max-snippet:-1, max-image-preview:large, max-video-preview:-1\" \/>\n<link rel=\"canonical\" href=\"https:\/\/ikastikos-kiklos.com\/en\/painters\/valyrakis-yiannis\/\" \/>\n<meta property=\"og:locale\" content=\"en_US\" \/>\n<meta property=\"og:type\" content=\"article\" \/>\n<meta property=\"og:title\" content=\"Valirakis Yiannis Artist at Ikastikos Kiklos Sianti Gallery.\" \/>\n<meta property=\"og:description\" content=\"Valirakis Yiannis Artist at Ikastikos Kiklos Sianti Gallery.\" \/>\n<meta property=\"og:url\" content=\"https:\/\/ikastikos-kiklos.com\/en\/painters\/valyrakis-yiannis\/\" \/>\n<meta property=\"og:site_name\" content=\"Ikastikos Kiklos - Zografik\u00ed - Metaxotyp\u00edes - T\u00e9chniPainting - Silk Screen - Art\" \/>\n<meta property=\"article:publisher\" content=\"https:\/\/www.facebook.com\/ikastikoskiklossianti\/\" \/>\n<meta property=\"article:modified_time\" content=\"2019-02-07T17:50:09+00:00\" \/>\n<meta name=\"twitter:card\" content=\"summary_large_image\" \/>\n<meta name=\"twitter:label1\" content=\"Est. reading time\" \/>\n\t<meta name=\"twitter:data1\" content=\"2 minutes\" \/>\n<script type=\"application\/ld+json\" class=\"yoast-schema-graph\">{\"@context\":\"https:\\\/\\\/schema.org\",\"@graph\":[{\"@type\":\"WebPage\",\"@id\":\"https:\\\/\\\/ikastikos-kiklos.com\\\/en\\\/painters\\\/valyrakis-yiannis\\\/\",\"url\":\"https:\\\/\\\/ikastikos-kiklos.com\\\/en\\\/painters\\\/valyrakis-yiannis\\\/\",\"name\":\"Valirakis Yiannis Artist at Ikastikos Kiklos Sianti Gallery.\",\"isPartOf\":{\"@id\":\"https:\\\/\\\/ikastikos-kiklos.com\\\/en\\\/#website\"},\"datePublished\":\"2017-06-13T13:13:08+00:00\",\"dateModified\":\"2019-02-07T17:50:09+00:00\",\"description\":\"Valirakis Yiannis Artist at Ikastikos Kiklos Sianti Gallery.\",\"breadcrumb\":{\"@id\":\"https:\\\/\\\/ikastikos-kiklos.com\\\/en\\\/painters\\\/valyrakis-yiannis\\\/#breadcrumb\"},\"inLanguage\":\"en-US\",\"potentialAction\":[{\"@type\":\"ReadAction\",\"target\":[\"https:\\\/\\\/ikastikos-kiklos.com\\\/en\\\/painters\\\/valyrakis-yiannis\\\/\"]}]},{\"@type\":\"BreadcrumbList\",\"@id\":\"https:\\\/\\\/ikastikos-kiklos.com\\\/en\\\/painters\\\/valyrakis-yiannis\\\/#breadcrumb\",\"itemListElement\":[{\"@type\":\"ListItem\",\"position\":1,\"name\":\"Home\",\"item\":\"https:\\\/\\\/ikastikos-kiklos.com\\\/en\\\/\"},{\"@type\":\"ListItem\",\"position\":2,\"name\":\"Painters\",\"item\":\"https:\\\/\\\/ikastikos-kiklos.com\\\/en\\\/painters\\\/\"},{\"@type\":\"ListItem\",\"position\":3,\"name\":\"Valirakis Yiannis\"}]},{\"@type\":\"WebSite\",\"@id\":\"https:\\\/\\\/ikastikos-kiklos.com\\\/en\\\/#website\",\"url\":\"https:\\\/\\\/ikastikos-kiklos.com\\\/en\\\/\",\"name\":\"Ikastikos Kiklos - Zografik\u00ed - Metaxotyp\u00edes - T\u00e9chniPainting - Silk Screen - Art\",\"description\":\"\",\"publisher\":{\"@id\":\"https:\\\/\\\/ikastikos-kiklos.com\\\/en\\\/#organization\"},\"potentialAction\":[{\"@type\":\"SearchAction\",\"target\":{\"@type\":\"EntryPoint\",\"urlTemplate\":\"https:\\\/\\\/ikastikos-kiklos.com\\\/en\\\/?s={search_term_string}\"},\"query-input\":{\"@type\":\"PropertyValueSpecification\",\"valueRequired\":true,\"valueName\":\"search_term_string\"}}],\"inLanguage\":\"en-US\"},{\"@type\":\"Organization\",\"@id\":\"https:\\\/\\\/ikastikos-kiklos.com\\\/en\\\/#organization\",\"name\":\"Ikastikos Kiklos - Zografik\u00ed - Metaxotyp\u00edes - T\u00e9chniPainting - Silk Screen - Art\",\"url\":\"https:\\\/\\\/ikastikos-kiklos.com\\\/en\\\/\",\"logo\":{\"@type\":\"ImageObject\",\"inLanguage\":\"en-US\",\"@id\":\"https:\\\/\\\/ikastikos-kiklos.com\\\/en\\\/#\\\/schema\\\/logo\\\/image\\\/\",\"url\":\"https:\\\/\\\/ikastikos-kiklos.com\\\/wp-content\\\/uploads\\\/2022\\\/10\\\/cropped-favicon_ikastikos.png\",\"contentUrl\":\"https:\\\/\\\/ikastikos-kiklos.com\\\/wp-content\\\/uploads\\\/2022\\\/10\\\/cropped-favicon_ikastikos.png\",\"width\":512,\"height\":512,\"caption\":\"Ikastikos Kiklos - Zografik\u00ed - Metaxotyp\u00edes - T\u00e9chniPainting - Silk Screen - Art\"},\"image\":{\"@id\":\"https:\\\/\\\/ikastikos-kiklos.com\\\/en\\\/#\\\/schema\\\/logo\\\/image\\\/\"},\"sameAs\":[\"https:\\\/\\\/www.facebook.com\\\/ikastikoskiklossianti\\\/\"]}]}<\/script>\n<!-- \/ Yoast SEO plugin. -->","yoast_head_json":{"title":"Valirakis Yiannis Artist at Ikastikos Kiklos Sianti Gallery.","description":"Valirakis Yiannis Artist at Ikastikos Kiklos Sianti Gallery.","robots":{"index":"index","follow":"follow","max-snippet":"max-snippet:-1","max-image-preview":"max-image-preview:large","max-video-preview":"max-video-preview:-1"},"canonical":"https:\/\/ikastikos-kiklos.com\/en\/painters\/valyrakis-yiannis\/","og_locale":"en_US","og_type":"article","og_title":"Valirakis Yiannis Artist at Ikastikos Kiklos Sianti Gallery.","og_description":"Valirakis Yiannis Artist at Ikastikos Kiklos Sianti Gallery.","og_url":"https:\/\/ikastikos-kiklos.com\/en\/painters\/valyrakis-yiannis\/","og_site_name":"Ikastikos Kiklos - Zografik\u00ed - Metaxotyp\u00edes - T\u00e9chniPainting - Silk Screen - Art","article_publisher":"https:\/\/www.facebook.com\/ikastikoskiklossianti\/","article_modified_time":"2019-02-07T17:50:09+00:00","twitter_card":"summary_large_image","twitter_misc":{"Est. reading time":"2 minutes"},"schema":{"@context":"https:\/\/schema.org","@graph":[{"@type":"WebPage","@id":"https:\/\/ikastikos-kiklos.com\/en\/painters\/valyrakis-yiannis\/","url":"https:\/\/ikastikos-kiklos.com\/en\/painters\/valyrakis-yiannis\/","name":"Valirakis Yiannis Artist at Ikastikos Kiklos Sianti Gallery.","isPartOf":{"@id":"https:\/\/ikastikos-kiklos.com\/en\/#website"},"datePublished":"2017-06-13T13:13:08+00:00","dateModified":"2019-02-07T17:50:09+00:00","description":"Valirakis Yiannis Artist at Ikastikos Kiklos Sianti Gallery.","breadcrumb":{"@id":"https:\/\/ikastikos-kiklos.com\/en\/painters\/valyrakis-yiannis\/#breadcrumb"},"inLanguage":"en-US","potentialAction":[{"@type":"ReadAction","target":["https:\/\/ikastikos-kiklos.com\/en\/painters\/valyrakis-yiannis\/"]}]},{"@type":"BreadcrumbList","@id":"https:\/\/ikastikos-kiklos.com\/en\/painters\/valyrakis-yiannis\/#breadcrumb","itemListElement":[{"@type":"ListItem","position":1,"name":"Home","item":"https:\/\/ikastikos-kiklos.com\/en\/"},{"@type":"ListItem","position":2,"name":"Painters","item":"https:\/\/ikastikos-kiklos.com\/en\/painters\/"},{"@type":"ListItem","position":3,"name":"Valirakis Yiannis"}]},{"@type":"WebSite","@id":"https:\/\/ikastikos-kiklos.com\/en\/#website","url":"https:\/\/ikastikos-kiklos.com\/en\/","name":"Ikastikos Kiklos - Zografik\u00ed - Metaxotyp\u00edes - T\u00e9chniPainting - Silk Screen - Art","description":"","publisher":{"@id":"https:\/\/ikastikos-kiklos.com\/en\/#organization"},"potentialAction":[{"@type":"SearchAction","target":{"@type":"EntryPoint","urlTemplate":"https:\/\/ikastikos-kiklos.com\/en\/?s={search_term_string}"},"query-input":{"@type":"PropertyValueSpecification","valueRequired":true,"valueName":"search_term_string"}}],"inLanguage":"en-US"},{"@type":"Organization","@id":"https:\/\/ikastikos-kiklos.com\/en\/#organization","name":"Ikastikos Kiklos - Zografik\u00ed - Metaxotyp\u00edes - T\u00e9chniPainting - Silk Screen - Art","url":"https:\/\/ikastikos-kiklos.com\/en\/","logo":{"@type":"ImageObject","inLanguage":"en-US","@id":"https:\/\/ikastikos-kiklos.com\/en\/#\/schema\/logo\/image\/","url":"https:\/\/ikastikos-kiklos.com\/wp-content\/uploads\/2022\/10\/cropped-favicon_ikastikos.png","contentUrl":"https:\/\/ikastikos-kiklos.com\/wp-content\/uploads\/2022\/10\/cropped-favicon_ikastikos.png","width":512,"height":512,"caption":"Ikastikos Kiklos - Zografik\u00ed - Metaxotyp\u00edes - T\u00e9chniPainting - Silk Screen - Art"},"image":{"@id":"https:\/\/ikastikos-kiklos.com\/en\/#\/schema\/logo\/image\/"},"sameAs":["https:\/\/www.facebook.com\/ikastikoskiklossianti\/"]}]}},"_links":{"self":[{"href":"https:\/\/ikastikos-kiklos.com\/en\/wp-json\/wp\/v2\/pages\/6070","targetHints":{"allow":["GET"]}}],"collection":[{"href":"https:\/\/ikastikos-kiklos.com\/en\/wp-json\/wp\/v2\/pages"}],"about":[{"href":"https:\/\/ikastikos-kiklos.com\/en\/wp-json\/wp\/v2\/types\/page"}],"author":[{"embeddable":true,"href":"https:\/\/ikastikos-kiklos.com\/en\/wp-json\/wp\/v2\/users\/2"}],"replies":[{"embeddable":true,"href":"https:\/\/ikastikos-kiklos.com\/en\/wp-json\/wp\/v2\/comments?post=6070"}],"version-history":[{"count":0,"href":"https:\/\/ikastikos-kiklos.com\/en\/wp-json\/wp\/v2\/pages\/6070\/revisions"}],"up":[{"embeddable":true,"href":"https:\/\/ikastikos-kiklos.com\/en\/wp-json\/wp\/v2\/pages\/2905"}],"wp:attachment":[{"href":"https:\/\/ikastikos-kiklos.com\/en\/wp-json\/wp\/v2\/media?parent=6070"}],"curies":[{"name":"wp","href":"https:\/\/api.w.org\/{rel}","templated":true}]}}