{"id":6067,"date":"2017-06-13T13:01:27","date_gmt":"2017-06-13T13:01:27","guid":{"rendered":"https:\/\/ikastikos-kiklos.com\/?page_id=6067\/"},"modified":"2020-07-03T21:22:30","modified_gmt":"2020-07-03T18:22:30","slug":"akrithakis-alexis","status":"publish","type":"page","link":"https:\/\/ikastikos-kiklos.com\/en\/painters\/akrithakis-alexis\/","title":{"rendered":"Akrithakis Alexis"},"content":{"rendered":"<div class=\"wpb-content-wrapper\"><p>[vc_row][vc_column][vc_column_text]<\/p>\n<h2>Alexis Akrithakis<\/h2>\n<p>He was born in 1939, in Athens. Ever since childhood and adolescence, <strong>his unconventional personality begins to affect his life<\/strong>. Most schools expel him, labeling him a \u2018dangerous troublemaker\u2019. He frequents artistic circles of bohemian intellectuals, while, poet and philosopher, Giorgos Makris and writer, Kostas Tachtsis, become his major influences.&nbsp;<br \/>\nIn 1958, <strong>he travels to Paris on a motorcycle<\/strong>, where he is associated with artists and lives the intense, disorderly life of the post-war existentialism era. <strong>He also becomes a close friend of painter Thanos Tsingos, and starts painting on a regular basis.<\/strong> He returns to Greece in 1960, <strong>he is exempted from military service and exhibits his early works in Thessaloniki<\/strong> (<span class=\"iset_italics\">Veltsos<\/span>&nbsp;gallery, 1963). Shortly afterwards, <strong>his first major solo exhibition is presented at the Athens French Institute (1965)<\/strong>. He illustrates Nanos Valaoritis\u2019 innovative literary journal,&nbsp;<span class=\"iset_italics\">Pali<\/span>, designs rock music album covers and stage sets for experimental performances. <strong>His black and white drawing technique,&nbsp;<span class=\"iset_italics\">tsiki-tsiki<\/span>, dense, lacelike and labyrinthine, becomes a distinctive feature of his artwork, during the specific period.<\/strong>&nbsp;<br \/>\n<img loading=\"lazy\" decoding=\"async\" class=\"aligncenter size-full wp-image-18007\" src=\"https:\/\/ikastikos-kiklos.com\/wp-content\/uploads\/2018\/12\/akrithakis.jpg\" alt=\"\" width=\"960\" height=\"613\" srcset=\"https:\/\/ikastikos-kiklos.com\/wp-content\/uploads\/2018\/12\/akrithakis.jpg 960w, https:\/\/ikastikos-kiklos.com\/wp-content\/uploads\/2018\/12\/akrithakis-300x192.jpg 300w, https:\/\/ikastikos-kiklos.com\/wp-content\/uploads\/2018\/12\/akrithakis-768x490.jpg 768w, https:\/\/ikastikos-kiklos.com\/wp-content\/uploads\/2018\/12\/akrithakis-680x434.jpg 680w, https:\/\/ikastikos-kiklos.com\/wp-content\/uploads\/2018\/12\/akrithakis-700x447.jpg 700w, https:\/\/ikastikos-kiklos.com\/wp-content\/uploads\/2018\/12\/akrithakis-220x140.jpg 220w, https:\/\/ikastikos-kiklos.com\/wp-content\/uploads\/2018\/12\/akrithakis-140x89.jpg 140w, https:\/\/ikastikos-kiklos.com\/wp-content\/uploads\/2018\/12\/akrithakis-940x600.jpg 940w, https:\/\/ikastikos-kiklos.com\/wp-content\/uploads\/2018\/12\/akrithakis-350x223.jpg 350w, https:\/\/ikastikos-kiklos.com\/wp-content\/uploads\/2018\/12\/akrithakis-595x380.jpg 595w\" sizes=\"auto, (max-width: 960px) 100vw, 960px\" \/>In 1968, he settles in Berlin, funded by a DAAD scholarship. <strong>From 1970 onwards, he collaborates with gallerist, Alexander Iolas, travels back and forth between Germany and Greece, while he is actively involved in the greek and international art scene, with great success.<\/strong> His provocative and even extreme, at times, lifestyle is integrated in his artistic identity. His artwork is continuously enriched with a multitude of narrative, poetic and symbolic motifs in lively spot colours (i.e. birds, boats, hearts, airplanes, arrows and his emblematic suitcase), as well as <strong>collages or mixed media and wooden constructions. Additionally, he creates illustrations and designs objects and theatre stage sets<\/strong>.&nbsp;<\/p>\n<p><iframe loading=\"lazy\" src=\"https:\/\/www.youtube.com\/embed\/wqBfz15_aso\" width=\"560\" height=\"315\" frameborder=\"0\" allowfullscreen=\"allowfullscreen\"><\/iframe><\/p>\n<p>He returns to Greece permanently in 1984. By then, he is well established internationally, but his health is poor. He creates the&nbsp;<span class=\"iset_italics\">Circus<\/span>&nbsp;series (1986) in collaboration with the sculptor George Lappas and his painting becomes somewhat gloomier and more sarcastic, without losing its inherent lyricism. <strong>His death (1994, Athens) left the last section of his work incomplete: a series of drawings, inspired by his inmates in Dromokaitio psychiatric hospital.<\/strong>&nbsp;<br \/>\nRetrospective exhibitions of his work were organized in 1997 (Museum of Contemporary Art, Thessaloniki and National Gallery, Athens) and in 2003 (Neue National Galerie, Berlin). His monograph was published in 2005.[\/vc_column_text][\/vc_column][\/vc_row]<\/p>\n<\/div>","protected":false},"excerpt":{"rendered":"<p>[vc_row][vc_column][vc_column_text] Alexis Akrithakis He was born in 1939, in Athens. Ever since childhood and adolescence, &hellip;<\/p>\n","protected":false},"author":2,"featured_media":0,"parent":2905,"menu_order":0,"comment_status":"closed","ping_status":"closed","template":"page-zwgrafoi.php","meta":{"ngg_post_thumbnail":0,"footnotes":""},"class_list":["post-6067","page","type-page","status-publish","hentry"],"yoast_head":"<!-- This site is optimized with the Yoast SEO plugin v27.4 - https:\/\/yoast.com\/product\/yoast-seo-wordpress\/ -->\n<title>Akrithakis Alexis Artist at Ikastikos Kiklos Sianti Gallery<\/title>\n<meta name=\"description\" content=\"Akrithakis Alexis Artist at Ikastikos Kiklos Sianti Gallery.\" \/>\n<meta name=\"robots\" content=\"index, follow, max-snippet:-1, max-image-preview:large, max-video-preview:-1\" \/>\n<link rel=\"canonical\" href=\"https:\/\/ikastikos-kiklos.com\/en\/painters\/akrithakis-alexis\/\" \/>\n<meta property=\"og:locale\" content=\"en_US\" \/>\n<meta property=\"og:type\" content=\"article\" \/>\n<meta property=\"og:title\" content=\"Akrithakis Alexis Artist at Ikastikos Kiklos Sianti Gallery\" \/>\n<meta property=\"og:description\" content=\"Akrithakis Alexis Artist at Ikastikos Kiklos Sianti Gallery.\" \/>\n<meta property=\"og:url\" content=\"https:\/\/ikastikos-kiklos.com\/en\/painters\/akrithakis-alexis\/\" \/>\n<meta property=\"og:site_name\" content=\"Ikastikos Kiklos - Zografik\u00ed - Metaxotyp\u00edes - T\u00e9chniPainting - Silk Screen - Art\" \/>\n<meta property=\"article:publisher\" content=\"https:\/\/www.facebook.com\/ikastikoskiklossianti\/\" \/>\n<meta property=\"article:modified_time\" content=\"2020-07-03T18:22:30+00:00\" \/>\n<meta property=\"og:image\" content=\"https:\/\/ikastikos-kiklos.com\/wp-content\/uploads\/2018\/12\/akrithakis.jpg\" \/>\n<meta name=\"twitter:card\" content=\"summary_large_image\" \/>\n<meta name=\"twitter:label1\" content=\"Est. reading time\" \/>\n\t<meta name=\"twitter:data1\" content=\"2 minutes\" \/>\n<script type=\"application\/ld+json\" class=\"yoast-schema-graph\">{\"@context\":\"https:\\\/\\\/schema.org\",\"@graph\":[{\"@type\":\"WebPage\",\"@id\":\"https:\\\/\\\/ikastikos-kiklos.com\\\/en\\\/painters\\\/akrithakis-alexis\\\/\",\"url\":\"https:\\\/\\\/ikastikos-kiklos.com\\\/en\\\/painters\\\/akrithakis-alexis\\\/\",\"name\":\"Akrithakis Alexis Artist at Ikastikos Kiklos Sianti Gallery\",\"isPartOf\":{\"@id\":\"https:\\\/\\\/ikastikos-kiklos.com\\\/en\\\/#website\"},\"primaryImageOfPage\":{\"@id\":\"https:\\\/\\\/ikastikos-kiklos.com\\\/en\\\/painters\\\/akrithakis-alexis\\\/#primaryimage\"},\"image\":{\"@id\":\"https:\\\/\\\/ikastikos-kiklos.com\\\/en\\\/painters\\\/akrithakis-alexis\\\/#primaryimage\"},\"thumbnailUrl\":\"https:\\\/\\\/ikastikos-kiklos.com\\\/wp-content\\\/uploads\\\/2018\\\/12\\\/akrithakis.jpg\",\"datePublished\":\"2017-06-13T13:01:27+00:00\",\"dateModified\":\"2020-07-03T18:22:30+00:00\",\"description\":\"Akrithakis Alexis Artist at Ikastikos Kiklos Sianti Gallery.\",\"breadcrumb\":{\"@id\":\"https:\\\/\\\/ikastikos-kiklos.com\\\/en\\\/painters\\\/akrithakis-alexis\\\/#breadcrumb\"},\"inLanguage\":\"en-US\",\"potentialAction\":[{\"@type\":\"ReadAction\",\"target\":[\"https:\\\/\\\/ikastikos-kiklos.com\\\/en\\\/painters\\\/akrithakis-alexis\\\/\"]}]},{\"@type\":\"ImageObject\",\"inLanguage\":\"en-US\",\"@id\":\"https:\\\/\\\/ikastikos-kiklos.com\\\/en\\\/painters\\\/akrithakis-alexis\\\/#primaryimage\",\"url\":\"https:\\\/\\\/ikastikos-kiklos.com\\\/wp-content\\\/uploads\\\/2018\\\/12\\\/akrithakis.jpg\",\"contentUrl\":\"https:\\\/\\\/ikastikos-kiklos.com\\\/wp-content\\\/uploads\\\/2018\\\/12\\\/akrithakis.jpg\"},{\"@type\":\"BreadcrumbList\",\"@id\":\"https:\\\/\\\/ikastikos-kiklos.com\\\/en\\\/painters\\\/akrithakis-alexis\\\/#breadcrumb\",\"itemListElement\":[{\"@type\":\"ListItem\",\"position\":1,\"name\":\"Home\",\"item\":\"https:\\\/\\\/ikastikos-kiklos.com\\\/en\\\/\"},{\"@type\":\"ListItem\",\"position\":2,\"name\":\"Painters\",\"item\":\"https:\\\/\\\/ikastikos-kiklos.com\\\/en\\\/painters\\\/\"},{\"@type\":\"ListItem\",\"position\":3,\"name\":\"Akrithakis Alexis\"}]},{\"@type\":\"WebSite\",\"@id\":\"https:\\\/\\\/ikastikos-kiklos.com\\\/en\\\/#website\",\"url\":\"https:\\\/\\\/ikastikos-kiklos.com\\\/en\\\/\",\"name\":\"Ikastikos Kiklos - Zografik\u00ed - Metaxotyp\u00edes - T\u00e9chniPainting - Silk Screen - Art\",\"description\":\"\",\"publisher\":{\"@id\":\"https:\\\/\\\/ikastikos-kiklos.com\\\/en\\\/#organization\"},\"potentialAction\":[{\"@type\":\"SearchAction\",\"target\":{\"@type\":\"EntryPoint\",\"urlTemplate\":\"https:\\\/\\\/ikastikos-kiklos.com\\\/en\\\/?s={search_term_string}\"},\"query-input\":{\"@type\":\"PropertyValueSpecification\",\"valueRequired\":true,\"valueName\":\"search_term_string\"}}],\"inLanguage\":\"en-US\"},{\"@type\":\"Organization\",\"@id\":\"https:\\\/\\\/ikastikos-kiklos.com\\\/en\\\/#organization\",\"name\":\"Ikastikos Kiklos - Zografik\u00ed - Metaxotyp\u00edes - T\u00e9chniPainting - Silk Screen - Art\",\"url\":\"https:\\\/\\\/ikastikos-kiklos.com\\\/en\\\/\",\"logo\":{\"@type\":\"ImageObject\",\"inLanguage\":\"en-US\",\"@id\":\"https:\\\/\\\/ikastikos-kiklos.com\\\/en\\\/#\\\/schema\\\/logo\\\/image\\\/\",\"url\":\"https:\\\/\\\/ikastikos-kiklos.com\\\/wp-content\\\/uploads\\\/2022\\\/10\\\/cropped-favicon_ikastikos.png\",\"contentUrl\":\"https:\\\/\\\/ikastikos-kiklos.com\\\/wp-content\\\/uploads\\\/2022\\\/10\\\/cropped-favicon_ikastikos.png\",\"width\":512,\"height\":512,\"caption\":\"Ikastikos Kiklos - Zografik\u00ed - Metaxotyp\u00edes - T\u00e9chniPainting - Silk Screen - Art\"},\"image\":{\"@id\":\"https:\\\/\\\/ikastikos-kiklos.com\\\/en\\\/#\\\/schema\\\/logo\\\/image\\\/\"},\"sameAs\":[\"https:\\\/\\\/www.facebook.com\\\/ikastikoskiklossianti\\\/\"]}]}<\/script>\n<!-- \/ Yoast SEO plugin. -->","yoast_head_json":{"title":"Akrithakis Alexis Artist at Ikastikos Kiklos Sianti Gallery","description":"Akrithakis Alexis Artist at Ikastikos Kiklos Sianti Gallery.","robots":{"index":"index","follow":"follow","max-snippet":"max-snippet:-1","max-image-preview":"max-image-preview:large","max-video-preview":"max-video-preview:-1"},"canonical":"https:\/\/ikastikos-kiklos.com\/en\/painters\/akrithakis-alexis\/","og_locale":"en_US","og_type":"article","og_title":"Akrithakis Alexis Artist at Ikastikos Kiklos Sianti Gallery","og_description":"Akrithakis Alexis Artist at Ikastikos Kiklos Sianti Gallery.","og_url":"https:\/\/ikastikos-kiklos.com\/en\/painters\/akrithakis-alexis\/","og_site_name":"Ikastikos Kiklos - Zografik\u00ed - Metaxotyp\u00edes - T\u00e9chniPainting - Silk Screen - Art","article_publisher":"https:\/\/www.facebook.com\/ikastikoskiklossianti\/","article_modified_time":"2020-07-03T18:22:30+00:00","og_image":[{"url":"https:\/\/ikastikos-kiklos.com\/wp-content\/uploads\/2018\/12\/akrithakis.jpg","type":"","width":"","height":""}],"twitter_card":"summary_large_image","twitter_misc":{"Est. reading time":"2 minutes"},"schema":{"@context":"https:\/\/schema.org","@graph":[{"@type":"WebPage","@id":"https:\/\/ikastikos-kiklos.com\/en\/painters\/akrithakis-alexis\/","url":"https:\/\/ikastikos-kiklos.com\/en\/painters\/akrithakis-alexis\/","name":"Akrithakis Alexis Artist at Ikastikos Kiklos Sianti Gallery","isPartOf":{"@id":"https:\/\/ikastikos-kiklos.com\/en\/#website"},"primaryImageOfPage":{"@id":"https:\/\/ikastikos-kiklos.com\/en\/painters\/akrithakis-alexis\/#primaryimage"},"image":{"@id":"https:\/\/ikastikos-kiklos.com\/en\/painters\/akrithakis-alexis\/#primaryimage"},"thumbnailUrl":"https:\/\/ikastikos-kiklos.com\/wp-content\/uploads\/2018\/12\/akrithakis.jpg","datePublished":"2017-06-13T13:01:27+00:00","dateModified":"2020-07-03T18:22:30+00:00","description":"Akrithakis Alexis Artist at Ikastikos Kiklos Sianti Gallery.","breadcrumb":{"@id":"https:\/\/ikastikos-kiklos.com\/en\/painters\/akrithakis-alexis\/#breadcrumb"},"inLanguage":"en-US","potentialAction":[{"@type":"ReadAction","target":["https:\/\/ikastikos-kiklos.com\/en\/painters\/akrithakis-alexis\/"]}]},{"@type":"ImageObject","inLanguage":"en-US","@id":"https:\/\/ikastikos-kiklos.com\/en\/painters\/akrithakis-alexis\/#primaryimage","url":"https:\/\/ikastikos-kiklos.com\/wp-content\/uploads\/2018\/12\/akrithakis.jpg","contentUrl":"https:\/\/ikastikos-kiklos.com\/wp-content\/uploads\/2018\/12\/akrithakis.jpg"},{"@type":"BreadcrumbList","@id":"https:\/\/ikastikos-kiklos.com\/en\/painters\/akrithakis-alexis\/#breadcrumb","itemListElement":[{"@type":"ListItem","position":1,"name":"Home","item":"https:\/\/ikastikos-kiklos.com\/en\/"},{"@type":"ListItem","position":2,"name":"Painters","item":"https:\/\/ikastikos-kiklos.com\/en\/painters\/"},{"@type":"ListItem","position":3,"name":"Akrithakis Alexis"}]},{"@type":"WebSite","@id":"https:\/\/ikastikos-kiklos.com\/en\/#website","url":"https:\/\/ikastikos-kiklos.com\/en\/","name":"Ikastikos Kiklos - Zografik\u00ed - Metaxotyp\u00edes - T\u00e9chniPainting - Silk Screen - Art","description":"","publisher":{"@id":"https:\/\/ikastikos-kiklos.com\/en\/#organization"},"potentialAction":[{"@type":"SearchAction","target":{"@type":"EntryPoint","urlTemplate":"https:\/\/ikastikos-kiklos.com\/en\/?s={search_term_string}"},"query-input":{"@type":"PropertyValueSpecification","valueRequired":true,"valueName":"search_term_string"}}],"inLanguage":"en-US"},{"@type":"Organization","@id":"https:\/\/ikastikos-kiklos.com\/en\/#organization","name":"Ikastikos Kiklos - Zografik\u00ed - Metaxotyp\u00edes - T\u00e9chniPainting - Silk Screen - Art","url":"https:\/\/ikastikos-kiklos.com\/en\/","logo":{"@type":"ImageObject","inLanguage":"en-US","@id":"https:\/\/ikastikos-kiklos.com\/en\/#\/schema\/logo\/image\/","url":"https:\/\/ikastikos-kiklos.com\/wp-content\/uploads\/2022\/10\/cropped-favicon_ikastikos.png","contentUrl":"https:\/\/ikastikos-kiklos.com\/wp-content\/uploads\/2022\/10\/cropped-favicon_ikastikos.png","width":512,"height":512,"caption":"Ikastikos Kiklos - Zografik\u00ed - Metaxotyp\u00edes - T\u00e9chniPainting - Silk Screen - Art"},"image":{"@id":"https:\/\/ikastikos-kiklos.com\/en\/#\/schema\/logo\/image\/"},"sameAs":["https:\/\/www.facebook.com\/ikastikoskiklossianti\/"]}]}},"_links":{"self":[{"href":"https:\/\/ikastikos-kiklos.com\/en\/wp-json\/wp\/v2\/pages\/6067","targetHints":{"allow":["GET"]}}],"collection":[{"href":"https:\/\/ikastikos-kiklos.com\/en\/wp-json\/wp\/v2\/pages"}],"about":[{"href":"https:\/\/ikastikos-kiklos.com\/en\/wp-json\/wp\/v2\/types\/page"}],"author":[{"embeddable":true,"href":"https:\/\/ikastikos-kiklos.com\/en\/wp-json\/wp\/v2\/users\/2"}],"replies":[{"embeddable":true,"href":"https:\/\/ikastikos-kiklos.com\/en\/wp-json\/wp\/v2\/comments?post=6067"}],"version-history":[{"count":0,"href":"https:\/\/ikastikos-kiklos.com\/en\/wp-json\/wp\/v2\/pages\/6067\/revisions"}],"up":[{"embeddable":true,"href":"https:\/\/ikastikos-kiklos.com\/en\/wp-json\/wp\/v2\/pages\/2905"}],"wp:attachment":[{"href":"https:\/\/ikastikos-kiklos.com\/en\/wp-json\/wp\/v2\/media?parent=6067"}],"curies":[{"name":"wp","href":"https:\/\/api.w.org\/{rel}","templated":true}]}}