{"id":5709,"date":"2017-05-16T12:31:54","date_gmt":"2017-05-16T12:31:54","guid":{"rendered":"https:\/\/ikastikos-kiklos.com\/?page_id=5709\/"},"modified":"2017-11-20T12:12:47","modified_gmt":"2017-11-20T10:12:47","slug":"nea-gallery","status":"publish","type":"page","link":"https:\/\/ikastikos-kiklos.com\/en\/nea-gallery\/","title":{"rendered":"\u039d\u03ad\u03b1 \u03c4\u03b7\u03c2 \u0393\u03ba\u03b1\u03bb\u03b5\u03c1\u03af"},"content":{"rendered":"<div class=\"wpb-content-wrapper\"><p>[vc_row][vc_column][vc_empty_space][vc_column_text]    <div data-options='{&quot;id&quot;:&quot;5712&quot;,&quot;lazy_load&quot;:&quot;no&quot;,&quot;masonry_enable&quot;:&quot;no&quot;,&quot;view_type&quot;:&quot;grid&quot;}' id=\"post-grid-5712\" class=\"post-grid grid\">\n    \n\n\n    <div class=\"grid-items\">\n      <div class=\"item item-5493 skin flat even 0 \">\n        <div class=\"layer-wrapper layout-\">\n        <div class=\"layer-media\"><a href=\"https:\/\/ikastikos-kiklos.com\/en\/%ce%b5%ce%b9%ce%ba%ce%bf%ce%bd%ce%b9%ce%ba%ce%ae-%cf%80%ce%b5%cf%81%ce%b9%ce%ae%ce%b3%ce%b7%cf%83%ce%b7-virtual-tour\/\"><img decoding=\"async\" alt=\"\u0395\u03b9\u03ba\u03bf\u03bd\u03b9\u03ba\u03ae \u03a0\u03b5\u03c1\u03b9\u03ae\u03b3\u03b7\u03c3\u03b7 Virtual Tour \u03c3\u03c4\u03b7 gallery \u03c4\u03bf\u03c5 \u0395\u03b9\u03ba\u03b1\u03c3\u03c4\u03b9\u03ba\u03bf\u03cd \u039a\u03cd\u03ba\u03bb\u03bf\u03c5 Sianti\" src=\"https:\/\/ikastikos-kiklos.com\/wp-content\/uploads\/2017\/04\/feature-\u03b5\u03ba\u03b8\u03b5\u03c3\u03b5\u03b9\u03c2-Recovered-768x573.jpg\" \/><\/a><\/div>\n  <div class=\"layer-content\">\n        <div class=\"element element_0  title \">\r\n                    <a target=\"\"\r\n                href=\"https:\/\/ikastikos-kiklos.com\/en\/%ce%b5%ce%b9%ce%ba%ce%bf%ce%bd%ce%b9%ce%ba%ce%ae-%cf%80%ce%b5%cf%81%ce%b9%ce%ae%ce%b3%ce%b7%cf%83%ce%b7-virtual-tour\/\">Virtual Tour<\/a>\r\n            <\/div>\r\n    <div class=\"element element_1  excerpt \">\r\n        Ikastikos Kyklos Sianti is taking advantage of all            <\/div>\r\n    <hr class=\"element element_2  hr \">\r\n    <\/hr>\r\n    <div class=\"element element_3  post_date \">\r\n                    15-05-2021            <\/div>\r\n    <hr class=\"element element_4  hr \">\r\n    <\/hr>\r\n    <hr class=\"element element_5  hr \">\r\n    <\/hr>\r\n  <\/div>\n    <\/div>\n  <\/div><div class=\"item item-25212 skin flat odd 1 \">\n        <div class=\"layer-wrapper layout-\">\n        <div class=\"layer-media\"><a href=\"https:\/\/ikastikos-kiklos.com\/en\/en-eros-kalos-2121-artists-about-eros\/\"><img decoding=\"async\" alt=\"\" src=\"https:\/\/ikastikos-kiklos.com\/wp-content\/uploads\/2020\/02\/eros-feature.jpg\" \/><\/a><\/div>\n  <div class=\"layer-content\">\n        <div class=\"element element_0  title \">\r\n                    <a target=\"\"\r\n                href=\"https:\/\/ikastikos-kiklos.com\/en\/en-eros-kalos-2121-artists-about-eros\/\">GROUP EXHIBITION - \u201cPerfect Eros\u201d<\/a>\r\n            <\/div>\r\n    <div class=\"element element_1  excerpt \">\r\n        On Friday, March 6, 2020, Ikastikos Kiklos SIANTI            <\/div>\r\n    <hr class=\"element element_2  hr \">\r\n    <\/hr>\r\n    <div class=\"element element_3  post_date \">\r\n                    27-02-2020            <\/div>\r\n    <hr class=\"element element_4  hr \">\r\n    <\/hr>\r\n    <hr class=\"element element_5  hr \">\r\n    <\/hr>\r\n  <\/div>\n    <\/div>\n  <\/div><div class=\"item item-23837 skin flat even 2 \">\n        <div class=\"layer-wrapper layout-\">\n        <div class=\"layer-media\"><a href=\"https:\/\/ikastikos-kiklos.com\/en\/questions-panagiotis-siagreece\/\"><img decoding=\"async\" alt=\"Questions \u03b1\u03c4\u03bf\u03bc\u03b9\u03ba\u03ae \u03ad\u03ba\u03b8\u03b5\u03c3\u03b7 \u03b1\u03c0\u03cc \u03c4\u03bf\u03bd \u03a0\u03b1\u03bd\u03b1\u03b3\u03b9\u03ce\u03c4\u03b7 \u03a3\u03b9\u03ac\u03b3\u03ba\u03c1\u03b7\" src=\"https:\/\/ikastikos-kiklos.com\/wp-content\/uploads\/2019\/10\/feuture-768x642.jpg\" \/><\/a><\/div>\n  <div class=\"layer-content\">\n        <div class=\"element element_0  title \">\r\n                    <a target=\"\"\r\n                href=\"https:\/\/ikastikos-kiklos.com\/en\/questions-panagiotis-siagreece\/\">Questions - Panagiotis Siagreece<\/a>\r\n            <\/div>\r\n    <div class=\"element element_1  excerpt \">\r\n        Opening Day: Friday 8 November 2019 at 19.30            <\/div>\r\n    <hr class=\"element element_2  hr \">\r\n    <\/hr>\r\n    <div class=\"element element_3  post_date \">\r\n                    01-11-2019            <\/div>\r\n    <hr class=\"element element_4  hr \">\r\n    <\/hr>\r\n    <hr class=\"element element_5  hr \">\r\n    <\/hr>\r\n  <\/div>\n    <\/div>\n  <\/div><div class=\"item item-23643 skin flat odd 3 \">\n        <div class=\"layer-wrapper layout-\">\n        <div class=\"layer-media\"><a href=\"https:\/\/ikastikos-kiklos.com\/en\/partnership-with-ye-fine-art-gallery-in-shanghai\/\"><img decoding=\"async\" alt=\"\" src=\"https:\/\/ikastikos-kiklos.com\/wp-content\/uploads\/2019\/10\/feature-768x573.jpg\" \/><\/a><\/div>\n  <div class=\"layer-content\">\n        <div class=\"element element_0  title \">\r\n                    <a target=\"\"\r\n                href=\"https:\/\/ikastikos-kiklos.com\/en\/partnership-with-ye-fine-art-gallery-in-shanghai\/\">Partnership with YE FINE ART Gallery in Shanghai<\/a>\r\n            <\/div>\r\n    <div class=\"element element_1  excerpt \">\r\n        Ikastikos Kiklos Sianti Gallery is pleased to announce            <\/div>\r\n    <hr class=\"element element_2  hr \">\r\n    <\/hr>\r\n    <div class=\"element element_3  post_date \">\r\n                    18-10-2019            <\/div>\r\n    <hr class=\"element element_4  hr \">\r\n    <\/hr>\r\n    <hr class=\"element element_5  hr \">\r\n    <\/hr>\r\n  <\/div>\n    <\/div>\n  <\/div><div class=\"item item-5492 skin flat even 4 \">\n        <div class=\"layer-wrapper layout-\">\n        <div class=\"layer-media\"><a href=\"https:\/\/ikastikos-kiklos.com\/en\/virtual-gallery\/\"><img decoding=\"async\" alt=\"Virtual Gallery \u0395\u03b9\u03ba\u03bf\u03bd\u03b9\u03ba\u03ae \u0391\u03af\u03b8\u03bf\u03c5\u03c3\u03b1 \u03c4\u03ad\u03c7\u03bd\u03b7\u03c2 \u03b1\u03c0\u03cc \u03c4\u03bf\u03bd \u0395\u03b9\u03ba\u03b1\u03c3\u03c4\u03b9\u03ba\u03cc \u039a\u03cd\u03ba\u03bb\u03bf Sianti\" src=\"https:\/\/ikastikos-kiklos.com\/wp-content\/uploads\/2017\/04\/vg1-1-768x573.jpg\" \/><\/a><\/div>\n  <div class=\"layer-content\">\n        <div class=\"element element_0  title \">\r\n                    <a target=\"\"\r\n                href=\"https:\/\/ikastikos-kiklos.com\/en\/virtual-gallery\/\">Virtual Gallery<\/a>\r\n            <\/div>\r\n    <div class=\"element element_1  excerpt \">\r\n        As part of our gallery\u2019s Virtual Tour, Ikastikos            <\/div>\r\n    <hr class=\"element element_2  hr \">\r\n    <\/hr>\r\n    <div class=\"element element_3  post_date \">\r\n                    08-09-2019            <\/div>\r\n    <hr class=\"element element_4  hr \">\r\n    <\/hr>\r\n    <hr class=\"element element_5  hr \">\r\n    <\/hr>\r\n  <\/div>\n    <\/div>\n  <\/div><div class=\"item item-3765 skin flat odd 5 \">\n        <div class=\"layer-wrapper layout-\">\n        <div class=\"layer-media\"><a href=\"https:\/\/ikastikos-kiklos.com\/en\/%ce%bc%ce%b9%ce%ba%cf%81%ce%ac-%ce%b6%cf%89%ce%b3%cf%81%ce%b1%cf%86%ce%b9%ce%ba%ce%ac-%ce%ad%cf%81%ce%b3%ce%b1\/\"><img decoding=\"async\" src=\"http:\/\/ikastikos-kiklos.com\/wp-content\/uploads\/2016\/09\/1-1.jpg\" \/><\/a><\/div>\n  <div class=\"layer-content\">\n        <div class=\"element element_0  title \">\r\n                    <a target=\"\"\r\n                href=\"https:\/\/ikastikos-kiklos.com\/en\/%ce%bc%ce%b9%ce%ba%cf%81%ce%ac-%ce%b6%cf%89%ce%b3%cf%81%ce%b1%cf%86%ce%b9%ce%ba%ce%ac-%ce%ad%cf%81%ce%b3%ce%b1\/\">Small Paintings<\/a>\r\n            <\/div>\r\n    <div class=\"element element_1  excerpt \">\r\n        OPENING: Saturday, December 10 th 2016 OPENING HOURS:            <\/div>\r\n    <hr class=\"element element_2  hr \">\r\n    <\/hr>\r\n    <div class=\"element element_3  post_date \">\r\n                    25-11-2016            <\/div>\r\n    <hr class=\"element element_4  hr \">\r\n    <\/hr>\r\n    <hr class=\"element element_5  hr \">\r\n    <\/hr>\r\n  <\/div>\n    <\/div>\n  <\/div><div class=\"item item-2780 skin flat even 6 \">\n        <div class=\"layer-wrapper layout-\">\n        <div class=\"layer-media\"><a href=\"https:\/\/ikastikos-kiklos.com\/en\/%ce%bf-%ce%bd%ce%ad%ce%bf%cf%82-%cf%87%cf%8e%cf%81%ce%bf%cf%82-%cf%84%ce%bf%cf%85-%ce%b5%ce%b9%ce%ba%ce%b1%cf%83%cf%84%ce%b9%ce%ba%ce%bf%cf%8d-%ce%ba%cf%8d%ce%ba%ce%bb%ce%bf%cf%85-sianti\/\"><img decoding=\"async\" alt=\"\u039f \u039d\u03ad\u03bf\u03c2 \u03a7\u03ce\u03c1\u03bf\u03c2 \u03c4\u03bf\u03c5 \u0395\u03b9\u03ba\u03b1\u03c3\u03c4\u03b9\u03ba\u03bf\u03cd \u039a\u03cd\u03ba\u03bb\u03bf\u03c5 Sianti \u03ac\u03bd\u03bf\u03b9\u03be\u03b5 \u03ba\u03b1\u03b9 \u03c3\u03b1\u03c2 \u03c0\u03b5\u03c1\u03b9\u03bc\u03ad\u03bd\u03b5\u03b9\" src=\"https:\/\/ikastikos-kiklos.com\/wp-content\/uploads\/2016\/09\/fea.jpg\" \/><\/a><\/div>\n  <div class=\"layer-content\">\n        <div class=\"element element_0  title \">\r\n                    <a target=\"\"\r\n                href=\"https:\/\/ikastikos-kiklos.com\/en\/%ce%bf-%ce%bd%ce%ad%ce%bf%cf%82-%cf%87%cf%8e%cf%81%ce%bf%cf%82-%cf%84%ce%bf%cf%85-%ce%b5%ce%b9%ce%ba%ce%b1%cf%83%cf%84%ce%b9%ce%ba%ce%bf%cf%8d-%ce%ba%cf%8d%ce%ba%ce%bb%ce%bf%cf%85-sianti\/\">The Ikastikos Kiklos Sianti\u2019s new art space<\/a>\r\n            <\/div>\r\n    <div class=\"element element_1  excerpt \">\r\n        We would like to inform you that the            <\/div>\r\n    <hr class=\"element element_2  hr \">\r\n    <\/hr>\r\n    <div class=\"element element_3  post_date \">\r\n                    13-09-2016            <\/div>\r\n    <hr class=\"element element_4  hr \">\r\n    <\/hr>\r\n    <hr class=\"element element_5  hr \">\r\n    <\/hr>\r\n  <\/div>\n    <\/div>\n  <\/div>    <\/div>\n    <div class=\"pagination\">\n      <div class=\"paginate\">\n      <\/div>\n  <style type=\"text\/css\">\n    #post-grid-5712 .pagination .page-numbers {\n      font-size: 16px;\n      color: #fff;\n      background: #646464;\n    }\n\n    #post-grid-5712 .pagination .page-numbers:hover,\n    #post-grid-5712 .pagination .page-numbers.current {\n      background: #4b4b4b;\n    }\n  <\/style>\n  <\/div>\n      <style type=\"text\/css\">\n      \/*Write your CSS code here*\/    <\/style>\n      <script>\n          \/*Write your js code here*\/          <\/script>\n    <style type=\"text\/css\">\n    #post-grid-5712 .element_0 {\n      display: block;font-size: 19px;line-height: normal;padding: 4px 0px;text-align: left;\r\ncolor: rgb(22, 22, 22);    }\n\n    #post-grid-5712 .element_1 {\n      display: block;font-size: 13px;padding: 4px 0px;text-align: left;    }\n\n    #post-grid-5712 .element_2 {\n      font-size:12px;display:block;padding:10px;\r\ncolor: rgb(229, 229, 229);\r\n    }\n\n    #post-grid-5712 .element_3 {\n      font-size:12px;display:block;padding:10px;\r\ntext-align: left;    }\n\n    #post-grid-5712 .element_4 {\n      font-size:19px;display:block;padding:0px;\r\ncolor: rgb(0, 0, 0);\r\nbackground: rgb(0, 0, 0);    }\n\n    #post-grid-5712 .element_5 {\n      font-size:19px;display:block;padding:1px;\r\ncolor: rgb(0, 0, 0);\r\nbackground: rgb(0, 0, 0);    }\n\n    #post-grid-5712 .element_0:hover{}#post-grid-5712 .element_1:hover{}#post-grid-5712 .element_2:hover{}#post-grid-5712 .element_3:hover{}#post-grid-5712 .element_4:hover{}#post-grid-5712 .element_5:hover{}  <\/style>\n  <style type=\"text\/css\">\n    #post-grid-5712 {\n      padding: 25px;\n      background-color: #fff;\n          }\n\n    #post-grid-5712 .item {\n      padding: 0px;\n      background: #fff;\n          }\n\n    #post-grid-5712 .item .layer-media {\n      height:200px;    }\n\n    @media only screen and (min-width: 0px) and (max-width: 767px) {\n      #post-grid-5712 .grid-items {\n        text-align: center;\n              }\n\n      #post-grid-5712 .item {\n        width: 90%;\n        margin: 10px;\n        display: inline-block;\n        vertical-align: top;\n        height:420px;      }\n    }\n\n    @media only screen and (min-width: 768px) and (max-width: 1023px) {\n      #post-grid-5712 .grid-items {\n        text-align: center;\n              }\n\n      #post-grid-5712 .item {\n        width: 350px;\n        margin: 10px;\n        display: inline-block;\n        vertical-align: top;\n        max-height:auto;      }\n    }\n\n    @media only screen and (min-width: 1024px) {\n      #post-grid-5712 .grid-items {\n        text-align: center;\n              }\n\n      #post-grid-5712 .item {\n        width: 268px;\n        display: inline-block;\n        margin: 10px;\n        vertical-align: top;\n        height:420px;      }\n    }\n\n      <\/style>\n  <\/div>\n<br \/>\n[\/vc_column_text][\/vc_column][\/vc_row]<\/p>\n<\/div>","protected":false},"excerpt":{"rendered":"<p>[vc_row][vc_column][vc_empty_space][vc_column_text] [\/vc_column_text][\/vc_column][\/vc_row]<\/p>\n","protected":false},"author":4,"featured_media":0,"parent":0,"menu_order":0,"comment_status":"closed","ping_status":"closed","template":"","meta":{"ngg_post_thumbnail":0,"footnotes":""},"class_list":["post-5709","page","type-page","status-publish","hentry"],"yoast_head":"<!-- This site is optimized with the Yoast SEO plugin v27.4 - https:\/\/yoast.com\/product\/yoast-seo-wordpress\/ -->\n<title>\u039d\u03ad\u03b1 \u03c4\u03b7\u03c2 \u0393\u03ba\u03b1\u03bb\u03b5\u03c1\u03af - Ikastikos Kiklos - Zografik\u00ed - Metaxotyp\u00edes - T\u00e9chniPainting - Silk Screen - Art<\/title>\n<meta name=\"robots\" content=\"index, follow, max-snippet:-1, max-image-preview:large, max-video-preview:-1\" \/>\n<link rel=\"canonical\" href=\"https:\/\/ikastikos-kiklos.com\/nea-gallery\/\" \/>\n<meta property=\"og:locale\" content=\"en_US\" \/>\n<meta property=\"og:type\" content=\"article\" \/>\n<meta property=\"og:title\" content=\"\u039d\u03ad\u03b1 \u03c4\u03b7\u03c2 \u0393\u03ba\u03b1\u03bb\u03b5\u03c1\u03af - Ikastikos Kiklos - Zografik\u00ed - Metaxotyp\u00edes - T\u00e9chniPainting - Silk Screen - Art\" \/>\n<meta property=\"og:url\" content=\"https:\/\/ikastikos-kiklos.com\/nea-gallery\/\" \/>\n<meta property=\"og:site_name\" content=\"Ikastikos Kiklos - Zografik\u00ed - Metaxotyp\u00edes - T\u00e9chniPainting - Silk Screen - Art\" \/>\n<meta property=\"article:publisher\" content=\"https:\/\/www.facebook.com\/ikastikoskiklossianti\/\" \/>\n<meta property=\"article:modified_time\" content=\"2017-11-20T10:12:47+00:00\" \/>\n<meta name=\"twitter:card\" content=\"summary_large_image\" \/>\n<script type=\"application\/ld+json\" class=\"yoast-schema-graph\">{\"@context\":\"https:\\\/\\\/schema.org\",\"@graph\":[{\"@type\":\"WebPage\",\"@id\":\"https:\\\/\\\/ikastikos-kiklos.com\\\/nea-gallery\\\/\",\"url\":\"https:\\\/\\\/ikastikos-kiklos.com\\\/nea-gallery\\\/\",\"name\":\"\u039d\u03ad\u03b1 \u03c4\u03b7\u03c2 \u0393\u03ba\u03b1\u03bb\u03b5\u03c1\u03af - Ikastikos Kiklos - Zografik\u00ed - Metaxotyp\u00edes - T\u00e9chniPainting - Silk Screen - Art\",\"isPartOf\":{\"@id\":\"https:\\\/\\\/ikastikos-kiklos.com\\\/en\\\/#website\"},\"datePublished\":\"2017-05-16T12:31:54+00:00\",\"dateModified\":\"2017-11-20T10:12:47+00:00\",\"breadcrumb\":{\"@id\":\"https:\\\/\\\/ikastikos-kiklos.com\\\/nea-gallery\\\/#breadcrumb\"},\"inLanguage\":\"en-US\",\"potentialAction\":[{\"@type\":\"ReadAction\",\"target\":[\"https:\\\/\\\/ikastikos-kiklos.com\\\/nea-gallery\\\/\"]}]},{\"@type\":\"BreadcrumbList\",\"@id\":\"https:\\\/\\\/ikastikos-kiklos.com\\\/nea-gallery\\\/#breadcrumb\",\"itemListElement\":[{\"@type\":\"ListItem\",\"position\":1,\"name\":\"Home\",\"item\":\"https:\\\/\\\/ikastikos-kiklos.com\\\/en\\\/\"},{\"@type\":\"ListItem\",\"position\":2,\"name\":\"\u039d\u03ad\u03b1 \u03c4\u03b7\u03c2 \u0393\u03ba\u03b1\u03bb\u03b5\u03c1\u03af\"}]},{\"@type\":\"WebSite\",\"@id\":\"https:\\\/\\\/ikastikos-kiklos.com\\\/en\\\/#website\",\"url\":\"https:\\\/\\\/ikastikos-kiklos.com\\\/en\\\/\",\"name\":\"Ikastikos Kiklos - Zografik\u00ed - Metaxotyp\u00edes - T\u00e9chniPainting - Silk Screen - Art\",\"description\":\"\",\"publisher\":{\"@id\":\"https:\\\/\\\/ikastikos-kiklos.com\\\/en\\\/#organization\"},\"potentialAction\":[{\"@type\":\"SearchAction\",\"target\":{\"@type\":\"EntryPoint\",\"urlTemplate\":\"https:\\\/\\\/ikastikos-kiklos.com\\\/en\\\/?s={search_term_string}\"},\"query-input\":{\"@type\":\"PropertyValueSpecification\",\"valueRequired\":true,\"valueName\":\"search_term_string\"}}],\"inLanguage\":\"en-US\"},{\"@type\":\"Organization\",\"@id\":\"https:\\\/\\\/ikastikos-kiklos.com\\\/en\\\/#organization\",\"name\":\"Ikastikos Kiklos - Zografik\u00ed - Metaxotyp\u00edes - T\u00e9chniPainting - Silk Screen - Art\",\"url\":\"https:\\\/\\\/ikastikos-kiklos.com\\\/en\\\/\",\"logo\":{\"@type\":\"ImageObject\",\"inLanguage\":\"en-US\",\"@id\":\"https:\\\/\\\/ikastikos-kiklos.com\\\/en\\\/#\\\/schema\\\/logo\\\/image\\\/\",\"url\":\"https:\\\/\\\/ikastikos-kiklos.com\\\/wp-content\\\/uploads\\\/2022\\\/10\\\/cropped-favicon_ikastikos.png\",\"contentUrl\":\"https:\\\/\\\/ikastikos-kiklos.com\\\/wp-content\\\/uploads\\\/2022\\\/10\\\/cropped-favicon_ikastikos.png\",\"width\":512,\"height\":512,\"caption\":\"Ikastikos Kiklos - Zografik\u00ed - Metaxotyp\u00edes - T\u00e9chniPainting - Silk Screen - Art\"},\"image\":{\"@id\":\"https:\\\/\\\/ikastikos-kiklos.com\\\/en\\\/#\\\/schema\\\/logo\\\/image\\\/\"},\"sameAs\":[\"https:\\\/\\\/www.facebook.com\\\/ikastikoskiklossianti\\\/\"]}]}<\/script>\n<!-- \/ Yoast SEO plugin. -->","yoast_head_json":{"title":"\u039d\u03ad\u03b1 \u03c4\u03b7\u03c2 \u0393\u03ba\u03b1\u03bb\u03b5\u03c1\u03af - Ikastikos Kiklos - Zografik\u00ed - Metaxotyp\u00edes - T\u00e9chniPainting - Silk Screen - Art","robots":{"index":"index","follow":"follow","max-snippet":"max-snippet:-1","max-image-preview":"max-image-preview:large","max-video-preview":"max-video-preview:-1"},"canonical":"https:\/\/ikastikos-kiklos.com\/nea-gallery\/","og_locale":"en_US","og_type":"article","og_title":"\u039d\u03ad\u03b1 \u03c4\u03b7\u03c2 \u0393\u03ba\u03b1\u03bb\u03b5\u03c1\u03af - Ikastikos Kiklos - Zografik\u00ed - Metaxotyp\u00edes - T\u00e9chniPainting - Silk Screen - Art","og_url":"https:\/\/ikastikos-kiklos.com\/nea-gallery\/","og_site_name":"Ikastikos Kiklos - Zografik\u00ed - Metaxotyp\u00edes - T\u00e9chniPainting - Silk Screen - Art","article_publisher":"https:\/\/www.facebook.com\/ikastikoskiklossianti\/","article_modified_time":"2017-11-20T10:12:47+00:00","twitter_card":"summary_large_image","schema":{"@context":"https:\/\/schema.org","@graph":[{"@type":"WebPage","@id":"https:\/\/ikastikos-kiklos.com\/nea-gallery\/","url":"https:\/\/ikastikos-kiklos.com\/nea-gallery\/","name":"\u039d\u03ad\u03b1 \u03c4\u03b7\u03c2 \u0393\u03ba\u03b1\u03bb\u03b5\u03c1\u03af - Ikastikos Kiklos - Zografik\u00ed - Metaxotyp\u00edes - T\u00e9chniPainting - Silk Screen - Art","isPartOf":{"@id":"https:\/\/ikastikos-kiklos.com\/en\/#website"},"datePublished":"2017-05-16T12:31:54+00:00","dateModified":"2017-11-20T10:12:47+00:00","breadcrumb":{"@id":"https:\/\/ikastikos-kiklos.com\/nea-gallery\/#breadcrumb"},"inLanguage":"en-US","potentialAction":[{"@type":"ReadAction","target":["https:\/\/ikastikos-kiklos.com\/nea-gallery\/"]}]},{"@type":"BreadcrumbList","@id":"https:\/\/ikastikos-kiklos.com\/nea-gallery\/#breadcrumb","itemListElement":[{"@type":"ListItem","position":1,"name":"Home","item":"https:\/\/ikastikos-kiklos.com\/en\/"},{"@type":"ListItem","position":2,"name":"\u039d\u03ad\u03b1 \u03c4\u03b7\u03c2 \u0393\u03ba\u03b1\u03bb\u03b5\u03c1\u03af"}]},{"@type":"WebSite","@id":"https:\/\/ikastikos-kiklos.com\/en\/#website","url":"https:\/\/ikastikos-kiklos.com\/en\/","name":"Ikastikos Kiklos - Zografik\u00ed - Metaxotyp\u00edes - T\u00e9chniPainting - Silk Screen - Art","description":"","publisher":{"@id":"https:\/\/ikastikos-kiklos.com\/en\/#organization"},"potentialAction":[{"@type":"SearchAction","target":{"@type":"EntryPoint","urlTemplate":"https:\/\/ikastikos-kiklos.com\/en\/?s={search_term_string}"},"query-input":{"@type":"PropertyValueSpecification","valueRequired":true,"valueName":"search_term_string"}}],"inLanguage":"en-US"},{"@type":"Organization","@id":"https:\/\/ikastikos-kiklos.com\/en\/#organization","name":"Ikastikos Kiklos - Zografik\u00ed - Metaxotyp\u00edes - T\u00e9chniPainting - Silk Screen - Art","url":"https:\/\/ikastikos-kiklos.com\/en\/","logo":{"@type":"ImageObject","inLanguage":"en-US","@id":"https:\/\/ikastikos-kiklos.com\/en\/#\/schema\/logo\/image\/","url":"https:\/\/ikastikos-kiklos.com\/wp-content\/uploads\/2022\/10\/cropped-favicon_ikastikos.png","contentUrl":"https:\/\/ikastikos-kiklos.com\/wp-content\/uploads\/2022\/10\/cropped-favicon_ikastikos.png","width":512,"height":512,"caption":"Ikastikos Kiklos - Zografik\u00ed - Metaxotyp\u00edes - T\u00e9chniPainting - Silk Screen - Art"},"image":{"@id":"https:\/\/ikastikos-kiklos.com\/en\/#\/schema\/logo\/image\/"},"sameAs":["https:\/\/www.facebook.com\/ikastikoskiklossianti\/"]}]}},"_links":{"self":[{"href":"https:\/\/ikastikos-kiklos.com\/en\/wp-json\/wp\/v2\/pages\/5709","targetHints":{"allow":["GET"]}}],"collection":[{"href":"https:\/\/ikastikos-kiklos.com\/en\/wp-json\/wp\/v2\/pages"}],"about":[{"href":"https:\/\/ikastikos-kiklos.com\/en\/wp-json\/wp\/v2\/types\/page"}],"author":[{"embeddable":true,"href":"https:\/\/ikastikos-kiklos.com\/en\/wp-json\/wp\/v2\/users\/4"}],"replies":[{"embeddable":true,"href":"https:\/\/ikastikos-kiklos.com\/en\/wp-json\/wp\/v2\/comments?post=5709"}],"version-history":[{"count":0,"href":"https:\/\/ikastikos-kiklos.com\/en\/wp-json\/wp\/v2\/pages\/5709\/revisions"}],"wp:attachment":[{"href":"https:\/\/ikastikos-kiklos.com\/en\/wp-json\/wp\/v2\/media?parent=5709"}],"curies":[{"name":"wp","href":"https:\/\/api.w.org\/{rel}","templated":true}]}}