{"id":5521,"date":"2017-02-02T20:55:03","date_gmt":"2017-02-02T20:55:03","guid":{"rendered":"https:\/\/ikastikos-kiklos.com\/art-club\/"},"modified":"2021-01-30T09:35:17","modified_gmt":"2021-01-30T07:35:17","slug":"art-club","status":"publish","type":"page","link":"https:\/\/ikastikos-kiklos.com\/en\/art-club\/","title":{"rendered":"Art Club"},"content":{"rendered":"<div class=\"wpb-content-wrapper\"><p>[vc_row][vc_column][vc_empty_space height=&#8221;40px&#8221;][\/vc_column][\/vc_row][vc_row][vc_column][vc_single_image image=&#8221;30866&#8243; img_size=&#8221;full&#8221; alignment=&#8221;center&#8221;][\/vc_column][\/vc_row][vc_row][vc_column][vc_empty_space][\/vc_column][\/vc_row][vc_row][vc_column][vc_column_text]<\/p>\n<h3 style=\"text-align: center;\">ART CLUB<\/h3>\n<p style=\"text-align: center;\">We give our <strong>customers<\/strong> the opportunity to enjoy a number of <strong>benefits<\/strong> without any registration fee.<\/p>\n<p style=\"text-align: center;\">&#8211; <strong>Information<\/strong> about the current exhibitions and the news of our gallery.<br \/>\n&#8211; <strong>Free shipping and placement<\/strong> of projects (in the region of Attica).<br \/>\n&#8211; <strong>Free parking<\/strong> next to us with the receipt from our store.<br \/>\n&#8211; Ability to see our exhibitions <strong>1 day before the official opening<\/strong>.<\/p>\n<p>[\/vc_column_text][\/vc_column][\/vc_row][vc_row][vc_column][vc_empty_space height=&#8221;15px&#8221;][\/vc_column][\/vc_row][vc_row][vc_column][vc_empty_space height=&#8221;40px&#8221;][\/vc_column][\/vc_row]<\/p>\n<\/div>","protected":false},"excerpt":{"rendered":"<p>[vc_row][vc_column][vc_empty_space height=&#8221;40px&#8221;][\/vc_column][\/vc_row][vc_row][vc_column][vc_single_image image=&#8221;30866&#8243; img_size=&#8221;full&#8221; alignment=&#8221;center&#8221;][\/vc_column][\/vc_row][vc_row][vc_column][vc_empty_space][\/vc_column][\/vc_row][vc_row][vc_column][vc_column_text] ART CLUB We give our customers the opportunity to enjoy &hellip;<\/p>\n","protected":false},"author":4,"featured_media":0,"parent":0,"menu_order":0,"comment_status":"closed","ping_status":"closed","template":"page-full.php","meta":{"ngg_post_thumbnail":0,"footnotes":""},"class_list":["post-5521","page","type-page","status-publish","hentry"],"yoast_head":"<!-- This site is optimized with the Yoast SEO plugin v27.2 - https:\/\/yoast.com\/product\/yoast-seo-wordpress\/ -->\n<title>Art Club \u03a5\u03c0\u03b7\u03c1\u03b5\u03c3\u03af\u03b1 \u03c4\u03bf\u03c5 \u0395\u03b9\u03ba\u03b1\u03c3\u03c4\u03b9\u03ba\u03bf\u03cd \u039a\u03cd\u03ba\u03bb\u03bf\u03c5 Sianti \u03b3\u03b9\u03b1 \u03c4\u03b1 \u03c4\u03b1\u03ba\u03c4\u03b9\u03ba\u03ac \u03c4\u03bf\u03c5 \u03bc\u03ad\u03bb\u03b7<\/title>\n<meta name=\"description\" content=\"Art Club \u03a5\u03c0\u03b7\u03c1\u03b5\u03c3\u03af\u03b1 \u03c4\u03bf\u03c5 \u0395\u03b9\u03ba\u03b1\u03c3\u03c4\u03b9\u03ba\u03bf\u03cd \u039a\u03cd\u03ba\u03bb\u03bf\u03c5 Sianti \u03b3\u03b9\u03b1 \u03c4\u03b1 \u03c4\u03b1\u03ba\u03c4\u03b9\u03ba\u03ac \u03c4\u03bf\u03c5 \u03bc\u03ad\u03bb\u03b7. \u0391\u03c0\u03bf\u03bb\u03b1\u03cd\u03c3\u03c4\u03b5 \u03c4\u03b1 \u03be\u03b5\u03c7\u03c9\u03c1\u03b9\u03c3\u03c4\u03ac \u03c0\u03c1\u03bf\u03bd\u03cc\u03bc\u03b9\u03b1 \u03c0\u03bf\u03c5 \u03b1\u03c0\u03bf\u03bb\u03b1\u03bc\u03b2\u03ac\u03bd\u03bf\u03c5\u03bd \u03bf\u03b9 \u03c6\u03af\u03bb\u03bf\u03b9 \u03bc\u03b1\u03c2 \u03ba\u03b1\u03b9 \u03c4\u03b1 \u03bc\u03ad\u03bb\u03b7 \u03c4\u03bf\u03c5 club \u03bc\u03b1\u03c2\" \/>\n<meta name=\"robots\" content=\"index, follow, max-snippet:-1, max-image-preview:large, max-video-preview:-1\" \/>\n<link rel=\"canonical\" href=\"https:\/\/ikastikos-kiklos.com\/en\/art-club\/\" \/>\n<meta property=\"og:locale\" content=\"en_US\" \/>\n<meta property=\"og:type\" content=\"article\" \/>\n<meta property=\"og:title\" content=\"Art Club \u03a5\u03c0\u03b7\u03c1\u03b5\u03c3\u03af\u03b1 \u03c4\u03bf\u03c5 \u0395\u03b9\u03ba\u03b1\u03c3\u03c4\u03b9\u03ba\u03bf\u03cd \u039a\u03cd\u03ba\u03bb\u03bf\u03c5 Sianti \u03b3\u03b9\u03b1 \u03c4\u03b1 \u03c4\u03b1\u03ba\u03c4\u03b9\u03ba\u03ac \u03c4\u03bf\u03c5 \u03bc\u03ad\u03bb\u03b7\" \/>\n<meta property=\"og:description\" content=\"Art Club \u03a5\u03c0\u03b7\u03c1\u03b5\u03c3\u03af\u03b1 \u03c4\u03bf\u03c5 \u0395\u03b9\u03ba\u03b1\u03c3\u03c4\u03b9\u03ba\u03bf\u03cd \u039a\u03cd\u03ba\u03bb\u03bf\u03c5 Sianti \u03b3\u03b9\u03b1 \u03c4\u03b1 \u03c4\u03b1\u03ba\u03c4\u03b9\u03ba\u03ac \u03c4\u03bf\u03c5 \u03bc\u03ad\u03bb\u03b7. \u0391\u03c0\u03bf\u03bb\u03b1\u03cd\u03c3\u03c4\u03b5 \u03c4\u03b1 \u03be\u03b5\u03c7\u03c9\u03c1\u03b9\u03c3\u03c4\u03ac \u03c0\u03c1\u03bf\u03bd\u03cc\u03bc\u03b9\u03b1 \u03c0\u03bf\u03c5 \u03b1\u03c0\u03bf\u03bb\u03b1\u03bc\u03b2\u03ac\u03bd\u03bf\u03c5\u03bd \u03bf\u03b9 \u03c6\u03af\u03bb\u03bf\u03b9 \u03bc\u03b1\u03c2 \u03ba\u03b1\u03b9 \u03c4\u03b1 \u03bc\u03ad\u03bb\u03b7 \u03c4\u03bf\u03c5 club \u03bc\u03b1\u03c2\" \/>\n<meta property=\"og:url\" content=\"https:\/\/ikastikos-kiklos.com\/en\/art-club\/\" \/>\n<meta property=\"og:site_name\" content=\"Ikastikos Kiklos - Zografik\u00ed - Metaxotyp\u00edes - T\u00e9chniPainting - Silk Screen - Art\" \/>\n<meta property=\"article:publisher\" content=\"https:\/\/www.facebook.com\/ikastikoskiklossianti\/\" \/>\n<meta property=\"article:modified_time\" content=\"2021-01-30T07:35:17+00:00\" \/>\n<meta name=\"twitter:card\" content=\"summary_large_image\" \/>\n<meta name=\"twitter:label1\" content=\"Est. reading time\" \/>\n\t<meta name=\"twitter:data1\" content=\"1 minute\" \/>\n<script type=\"application\/ld+json\" class=\"yoast-schema-graph\">{\"@context\":\"https:\/\/schema.org\",\"@graph\":[{\"@type\":\"WebPage\",\"@id\":\"https:\/\/ikastikos-kiklos.com\/en\/art-club\/\",\"url\":\"https:\/\/ikastikos-kiklos.com\/en\/art-club\/\",\"name\":\"Art Club \u03a5\u03c0\u03b7\u03c1\u03b5\u03c3\u03af\u03b1 \u03c4\u03bf\u03c5 \u0395\u03b9\u03ba\u03b1\u03c3\u03c4\u03b9\u03ba\u03bf\u03cd \u039a\u03cd\u03ba\u03bb\u03bf\u03c5 Sianti \u03b3\u03b9\u03b1 \u03c4\u03b1 \u03c4\u03b1\u03ba\u03c4\u03b9\u03ba\u03ac \u03c4\u03bf\u03c5 \u03bc\u03ad\u03bb\u03b7\",\"isPartOf\":{\"@id\":\"https:\/\/ikastikos-kiklos.com\/en\/#website\"},\"datePublished\":\"2017-02-02T20:55:03+00:00\",\"dateModified\":\"2021-01-30T07:35:17+00:00\",\"description\":\"Art Club \u03a5\u03c0\u03b7\u03c1\u03b5\u03c3\u03af\u03b1 \u03c4\u03bf\u03c5 \u0395\u03b9\u03ba\u03b1\u03c3\u03c4\u03b9\u03ba\u03bf\u03cd \u039a\u03cd\u03ba\u03bb\u03bf\u03c5 Sianti \u03b3\u03b9\u03b1 \u03c4\u03b1 \u03c4\u03b1\u03ba\u03c4\u03b9\u03ba\u03ac \u03c4\u03bf\u03c5 \u03bc\u03ad\u03bb\u03b7. \u0391\u03c0\u03bf\u03bb\u03b1\u03cd\u03c3\u03c4\u03b5 \u03c4\u03b1 \u03be\u03b5\u03c7\u03c9\u03c1\u03b9\u03c3\u03c4\u03ac \u03c0\u03c1\u03bf\u03bd\u03cc\u03bc\u03b9\u03b1 \u03c0\u03bf\u03c5 \u03b1\u03c0\u03bf\u03bb\u03b1\u03bc\u03b2\u03ac\u03bd\u03bf\u03c5\u03bd \u03bf\u03b9 \u03c6\u03af\u03bb\u03bf\u03b9 \u03bc\u03b1\u03c2 \u03ba\u03b1\u03b9 \u03c4\u03b1 \u03bc\u03ad\u03bb\u03b7 \u03c4\u03bf\u03c5 club \u03bc\u03b1\u03c2\",\"breadcrumb\":{\"@id\":\"https:\/\/ikastikos-kiklos.com\/en\/art-club\/#breadcrumb\"},\"inLanguage\":\"en-US\",\"potentialAction\":[{\"@type\":\"ReadAction\",\"target\":[\"https:\/\/ikastikos-kiklos.com\/en\/art-club\/\"]}]},{\"@type\":\"BreadcrumbList\",\"@id\":\"https:\/\/ikastikos-kiklos.com\/en\/art-club\/#breadcrumb\",\"itemListElement\":[{\"@type\":\"ListItem\",\"position\":1,\"name\":\"Home\",\"item\":\"https:\/\/ikastikos-kiklos.com\/en\/\"},{\"@type\":\"ListItem\",\"position\":2,\"name\":\"Art Club\"}]},{\"@type\":\"WebSite\",\"@id\":\"https:\/\/ikastikos-kiklos.com\/en\/#website\",\"url\":\"https:\/\/ikastikos-kiklos.com\/en\/\",\"name\":\"Ikastikos Kiklos - Zografik\u00ed - Metaxotyp\u00edes - T\u00e9chniPainting - Silk Screen - Art\",\"description\":\"\",\"publisher\":{\"@id\":\"https:\/\/ikastikos-kiklos.com\/en\/#organization\"},\"potentialAction\":[{\"@type\":\"SearchAction\",\"target\":{\"@type\":\"EntryPoint\",\"urlTemplate\":\"https:\/\/ikastikos-kiklos.com\/en\/?s={search_term_string}\"},\"query-input\":{\"@type\":\"PropertyValueSpecification\",\"valueRequired\":true,\"valueName\":\"search_term_string\"}}],\"inLanguage\":\"en-US\"},{\"@type\":\"Organization\",\"@id\":\"https:\/\/ikastikos-kiklos.com\/en\/#organization\",\"name\":\"Ikastikos Kiklos - Zografik\u00ed - Metaxotyp\u00edes - T\u00e9chniPainting - Silk Screen - Art\",\"url\":\"https:\/\/ikastikos-kiklos.com\/en\/\",\"logo\":{\"@type\":\"ImageObject\",\"inLanguage\":\"en-US\",\"@id\":\"https:\/\/ikastikos-kiklos.com\/en\/#\/schema\/logo\/image\/\",\"url\":\"https:\/\/ikastikos-kiklos.com\/wp-content\/uploads\/2022\/10\/cropped-favicon_ikastikos.png\",\"contentUrl\":\"https:\/\/ikastikos-kiklos.com\/wp-content\/uploads\/2022\/10\/cropped-favicon_ikastikos.png\",\"width\":512,\"height\":512,\"caption\":\"Ikastikos Kiklos - Zografik\u00ed - Metaxotyp\u00edes - T\u00e9chniPainting - Silk Screen - Art\"},\"image\":{\"@id\":\"https:\/\/ikastikos-kiklos.com\/en\/#\/schema\/logo\/image\/\"},\"sameAs\":[\"https:\/\/www.facebook.com\/ikastikoskiklossianti\/\"]}]}<\/script>\n<!-- \/ Yoast SEO plugin. -->","yoast_head_json":{"title":"Art Club \u03a5\u03c0\u03b7\u03c1\u03b5\u03c3\u03af\u03b1 \u03c4\u03bf\u03c5 \u0395\u03b9\u03ba\u03b1\u03c3\u03c4\u03b9\u03ba\u03bf\u03cd \u039a\u03cd\u03ba\u03bb\u03bf\u03c5 Sianti \u03b3\u03b9\u03b1 \u03c4\u03b1 \u03c4\u03b1\u03ba\u03c4\u03b9\u03ba\u03ac \u03c4\u03bf\u03c5 \u03bc\u03ad\u03bb\u03b7","description":"Art Club \u03a5\u03c0\u03b7\u03c1\u03b5\u03c3\u03af\u03b1 \u03c4\u03bf\u03c5 \u0395\u03b9\u03ba\u03b1\u03c3\u03c4\u03b9\u03ba\u03bf\u03cd \u039a\u03cd\u03ba\u03bb\u03bf\u03c5 Sianti \u03b3\u03b9\u03b1 \u03c4\u03b1 \u03c4\u03b1\u03ba\u03c4\u03b9\u03ba\u03ac \u03c4\u03bf\u03c5 \u03bc\u03ad\u03bb\u03b7. \u0391\u03c0\u03bf\u03bb\u03b1\u03cd\u03c3\u03c4\u03b5 \u03c4\u03b1 \u03be\u03b5\u03c7\u03c9\u03c1\u03b9\u03c3\u03c4\u03ac \u03c0\u03c1\u03bf\u03bd\u03cc\u03bc\u03b9\u03b1 \u03c0\u03bf\u03c5 \u03b1\u03c0\u03bf\u03bb\u03b1\u03bc\u03b2\u03ac\u03bd\u03bf\u03c5\u03bd \u03bf\u03b9 \u03c6\u03af\u03bb\u03bf\u03b9 \u03bc\u03b1\u03c2 \u03ba\u03b1\u03b9 \u03c4\u03b1 \u03bc\u03ad\u03bb\u03b7 \u03c4\u03bf\u03c5 club \u03bc\u03b1\u03c2","robots":{"index":"index","follow":"follow","max-snippet":"max-snippet:-1","max-image-preview":"max-image-preview:large","max-video-preview":"max-video-preview:-1"},"canonical":"https:\/\/ikastikos-kiklos.com\/en\/art-club\/","og_locale":"en_US","og_type":"article","og_title":"Art Club \u03a5\u03c0\u03b7\u03c1\u03b5\u03c3\u03af\u03b1 \u03c4\u03bf\u03c5 \u0395\u03b9\u03ba\u03b1\u03c3\u03c4\u03b9\u03ba\u03bf\u03cd \u039a\u03cd\u03ba\u03bb\u03bf\u03c5 Sianti \u03b3\u03b9\u03b1 \u03c4\u03b1 \u03c4\u03b1\u03ba\u03c4\u03b9\u03ba\u03ac \u03c4\u03bf\u03c5 \u03bc\u03ad\u03bb\u03b7","og_description":"Art Club \u03a5\u03c0\u03b7\u03c1\u03b5\u03c3\u03af\u03b1 \u03c4\u03bf\u03c5 \u0395\u03b9\u03ba\u03b1\u03c3\u03c4\u03b9\u03ba\u03bf\u03cd \u039a\u03cd\u03ba\u03bb\u03bf\u03c5 Sianti \u03b3\u03b9\u03b1 \u03c4\u03b1 \u03c4\u03b1\u03ba\u03c4\u03b9\u03ba\u03ac \u03c4\u03bf\u03c5 \u03bc\u03ad\u03bb\u03b7. \u0391\u03c0\u03bf\u03bb\u03b1\u03cd\u03c3\u03c4\u03b5 \u03c4\u03b1 \u03be\u03b5\u03c7\u03c9\u03c1\u03b9\u03c3\u03c4\u03ac \u03c0\u03c1\u03bf\u03bd\u03cc\u03bc\u03b9\u03b1 \u03c0\u03bf\u03c5 \u03b1\u03c0\u03bf\u03bb\u03b1\u03bc\u03b2\u03ac\u03bd\u03bf\u03c5\u03bd \u03bf\u03b9 \u03c6\u03af\u03bb\u03bf\u03b9 \u03bc\u03b1\u03c2 \u03ba\u03b1\u03b9 \u03c4\u03b1 \u03bc\u03ad\u03bb\u03b7 \u03c4\u03bf\u03c5 club \u03bc\u03b1\u03c2","og_url":"https:\/\/ikastikos-kiklos.com\/en\/art-club\/","og_site_name":"Ikastikos Kiklos - Zografik\u00ed - Metaxotyp\u00edes - T\u00e9chniPainting - Silk Screen - Art","article_publisher":"https:\/\/www.facebook.com\/ikastikoskiklossianti\/","article_modified_time":"2021-01-30T07:35:17+00:00","twitter_card":"summary_large_image","twitter_misc":{"Est. reading time":"1 minute"},"schema":{"@context":"https:\/\/schema.org","@graph":[{"@type":"WebPage","@id":"https:\/\/ikastikos-kiklos.com\/en\/art-club\/","url":"https:\/\/ikastikos-kiklos.com\/en\/art-club\/","name":"Art Club \u03a5\u03c0\u03b7\u03c1\u03b5\u03c3\u03af\u03b1 \u03c4\u03bf\u03c5 \u0395\u03b9\u03ba\u03b1\u03c3\u03c4\u03b9\u03ba\u03bf\u03cd \u039a\u03cd\u03ba\u03bb\u03bf\u03c5 Sianti \u03b3\u03b9\u03b1 \u03c4\u03b1 \u03c4\u03b1\u03ba\u03c4\u03b9\u03ba\u03ac \u03c4\u03bf\u03c5 \u03bc\u03ad\u03bb\u03b7","isPartOf":{"@id":"https:\/\/ikastikos-kiklos.com\/en\/#website"},"datePublished":"2017-02-02T20:55:03+00:00","dateModified":"2021-01-30T07:35:17+00:00","description":"Art Club \u03a5\u03c0\u03b7\u03c1\u03b5\u03c3\u03af\u03b1 \u03c4\u03bf\u03c5 \u0395\u03b9\u03ba\u03b1\u03c3\u03c4\u03b9\u03ba\u03bf\u03cd \u039a\u03cd\u03ba\u03bb\u03bf\u03c5 Sianti \u03b3\u03b9\u03b1 \u03c4\u03b1 \u03c4\u03b1\u03ba\u03c4\u03b9\u03ba\u03ac \u03c4\u03bf\u03c5 \u03bc\u03ad\u03bb\u03b7. \u0391\u03c0\u03bf\u03bb\u03b1\u03cd\u03c3\u03c4\u03b5 \u03c4\u03b1 \u03be\u03b5\u03c7\u03c9\u03c1\u03b9\u03c3\u03c4\u03ac \u03c0\u03c1\u03bf\u03bd\u03cc\u03bc\u03b9\u03b1 \u03c0\u03bf\u03c5 \u03b1\u03c0\u03bf\u03bb\u03b1\u03bc\u03b2\u03ac\u03bd\u03bf\u03c5\u03bd \u03bf\u03b9 \u03c6\u03af\u03bb\u03bf\u03b9 \u03bc\u03b1\u03c2 \u03ba\u03b1\u03b9 \u03c4\u03b1 \u03bc\u03ad\u03bb\u03b7 \u03c4\u03bf\u03c5 club \u03bc\u03b1\u03c2","breadcrumb":{"@id":"https:\/\/ikastikos-kiklos.com\/en\/art-club\/#breadcrumb"},"inLanguage":"en-US","potentialAction":[{"@type":"ReadAction","target":["https:\/\/ikastikos-kiklos.com\/en\/art-club\/"]}]},{"@type":"BreadcrumbList","@id":"https:\/\/ikastikos-kiklos.com\/en\/art-club\/#breadcrumb","itemListElement":[{"@type":"ListItem","position":1,"name":"Home","item":"https:\/\/ikastikos-kiklos.com\/en\/"},{"@type":"ListItem","position":2,"name":"Art Club"}]},{"@type":"WebSite","@id":"https:\/\/ikastikos-kiklos.com\/en\/#website","url":"https:\/\/ikastikos-kiklos.com\/en\/","name":"Ikastikos Kiklos - Zografik\u00ed - Metaxotyp\u00edes - T\u00e9chniPainting - Silk Screen - Art","description":"","publisher":{"@id":"https:\/\/ikastikos-kiklos.com\/en\/#organization"},"potentialAction":[{"@type":"SearchAction","target":{"@type":"EntryPoint","urlTemplate":"https:\/\/ikastikos-kiklos.com\/en\/?s={search_term_string}"},"query-input":{"@type":"PropertyValueSpecification","valueRequired":true,"valueName":"search_term_string"}}],"inLanguage":"en-US"},{"@type":"Organization","@id":"https:\/\/ikastikos-kiklos.com\/en\/#organization","name":"Ikastikos Kiklos - Zografik\u00ed - Metaxotyp\u00edes - T\u00e9chniPainting - Silk Screen - Art","url":"https:\/\/ikastikos-kiklos.com\/en\/","logo":{"@type":"ImageObject","inLanguage":"en-US","@id":"https:\/\/ikastikos-kiklos.com\/en\/#\/schema\/logo\/image\/","url":"https:\/\/ikastikos-kiklos.com\/wp-content\/uploads\/2022\/10\/cropped-favicon_ikastikos.png","contentUrl":"https:\/\/ikastikos-kiklos.com\/wp-content\/uploads\/2022\/10\/cropped-favicon_ikastikos.png","width":512,"height":512,"caption":"Ikastikos Kiklos - Zografik\u00ed - Metaxotyp\u00edes - T\u00e9chniPainting - Silk Screen - Art"},"image":{"@id":"https:\/\/ikastikos-kiklos.com\/en\/#\/schema\/logo\/image\/"},"sameAs":["https:\/\/www.facebook.com\/ikastikoskiklossianti\/"]}]}},"_links":{"self":[{"href":"https:\/\/ikastikos-kiklos.com\/en\/wp-json\/wp\/v2\/pages\/5521","targetHints":{"allow":["GET"]}}],"collection":[{"href":"https:\/\/ikastikos-kiklos.com\/en\/wp-json\/wp\/v2\/pages"}],"about":[{"href":"https:\/\/ikastikos-kiklos.com\/en\/wp-json\/wp\/v2\/types\/page"}],"author":[{"embeddable":true,"href":"https:\/\/ikastikos-kiklos.com\/en\/wp-json\/wp\/v2\/users\/4"}],"replies":[{"embeddable":true,"href":"https:\/\/ikastikos-kiklos.com\/en\/wp-json\/wp\/v2\/comments?post=5521"}],"version-history":[{"count":0,"href":"https:\/\/ikastikos-kiklos.com\/en\/wp-json\/wp\/v2\/pages\/5521\/revisions"}],"wp:attachment":[{"href":"https:\/\/ikastikos-kiklos.com\/en\/wp-json\/wp\/v2\/media?parent=5521"}],"curies":[{"name":"wp","href":"https:\/\/api.w.org\/{rel}","templated":true}]}}