{"id":5507,"date":"2017-02-02T20:58:04","date_gmt":"2017-02-02T20:58:04","guid":{"rendered":"https:\/\/ikastikos-kiklos.com\/eikoniki-topothetisi\/"},"modified":"2017-06-26T00:08:15","modified_gmt":"2017-06-26T00:08:15","slug":"eikoniki-topothetisi","status":"publish","type":"page","link":"https:\/\/ikastikos-kiklos.com\/en\/eikoniki-topothetisi\/","title":{"rendered":"\u0395\u03b9\u03ba\u03bf\u03bd\u03b9\u03ba\u03ae \u03a4\u03bf\u03c0\u03bf\u03b8\u03ad\u03c4\u03b7\u03c3\u03b7 \u03c4\u03bf\u03c5 \u0388\u03c1\u03b3\u03bf\u03c5 \u03c3\u03b1\u03c2"},"content":{"rendered":"<div class=\"wpb-content-wrapper\"><p>[vc_row][vc_column][vc_empty_space height=&#8221;40px&#8221;][\/vc_column][\/vc_row][vc_row][vc_column][vc_single_image image=&#8221;5508&#8243; img_size=&#8221;full&#8221; alignment=&#8221;center&#8221;][\/vc_column][\/vc_row][vc_row][vc_column][vc_empty_space][\/vc_column][\/vc_row][vc_row][vc_column][vc_column_text]<\/p>\n<h3 style=\"text-align: center;\">\u0395\u0399\u039a\u039f\u039d\u0399\u039a\u0397 \u03a4\u039f\u03a0\u039f\u0398\u0395\u03a4\u0397\u03a3\u0397 \u03a4\u03a9\u039d \u0395\u03a1\u0393\u03a9\u039d \u03a3\u03a4\u039f\u039d \u03a7\u03a9\u03a1\u039f \u03a3\u0391\u03a3<\/h3>\n<p style=\"text-align: center;\">\u039f <strong>\u0395\u03b9\u03ba\u03b1\u03c3\u03c4\u03b9\u03ba\u03cc\u03c2 \u039a\u03cd\u03ba\u03bb\u03bf\u03c2 Sianti<\/strong> \u03b5\u03b3\u03ba\u03b1\u03b9\u03bd\u03b9\u03ac\u03b6\u03b5\u03b9 \u03bc\u03b9\u03b1 \u03bd\u03ad\u03b1 \u03c5\u03c0\u03b7\u03c1\u03b5\u03c3\u03af\u03b1 \u03b8\u03ad\u03bb\u03bf\u03bd\u03c4\u03b1\u03c2 \u03bd\u03b1 \u03c3\u03b1\u03c2 \u03b2\u03bf\u03b7\u03b8\u03ae\u03c3\u03b5\u03b9 \u03cc\u03c3\u03bf \u03c4\u03bf \u03b4\u03c5\u03bd\u03b1\u03c4\u03cc\u03bd \u03c0\u03b5\u03c1\u03b9\u03c3\u03c3\u03cc\u03c4\u03b5\u03c1\u03bf \u03c3\u03c4\u03b7\u03bd \u03b5\u03c0\u03b9\u03bb\u03bf\u03b3\u03ae \u03c4\u03bf\u03c5 \u03ad\u03c1\u03b3\u03bf\u03c5 \u03ae \u03c4\u03c9\u03bd \u03ad\u03c1\u03b3\u03c9\u03bd \u03c4\u03ad\u03c7\u03bd\u03b7\u03c2 \u03c0\u03bf\u03c5 \u03b8\u03b1 \u03b5\u03c0\u03b9\u03bb\u03ad\u03be\u03b5\u03c4\u03b5 \u03b3\u03b9\u03b1 \u03c4\u03bf<strong> \u03c7\u03ce\u03c1\u03bf \u03c3\u03b1\u03c2<\/strong>. \u0397 \u03b4\u03b9\u03b1\u03b4\u03b9\u03ba\u03b1\u03c3\u03af\u03b1 \u03b5\u03af\u03bd\u03b1\u03b9 \u03b1\u03c0\u03bb\u03ae. \u039c\u03b1\u03c2 \u03c3\u03c4\u03ad\u03bb\u03bd\u03b5\u03c4\u03b5 <strong>\u03c6\u03c9\u03c4\u03bf\u03b3\u03c1\u03b1\u03c6\u03af\u03b5\u03c2 \u03c4\u03bf\u03c5 \u03c7\u03ce\u03c1\u03bf\u03c5<\/strong> \u03c0\u03bf\u03c5 \u03b8\u03ad\u03bb\u03b5\u03c4\u03b5 \u03bd\u03b1 \u03b4\u03b9\u03b1\u03ba\u03bf\u03c3\u03bc\u03ae\u03c3\u03b5\u03c4\u03b5 \u03ba\u03b9 \u03b5\u03bc\u03b5\u03af\u03c2 \u03c3\u03b1\u03c2 \u03c3\u03c4\u03ad\u03bb\u03bd\u03bf\u03c5\u03bc\u03b5 \u03c4\u03b9\u03c2 \u03c0\u03c1\u03bf\u03c4\u03ac\u03c3\u03b5\u03b9\u03c2 \u03bc\u03b1\u03c2, \u03ad\u03c7\u03bf\u03bd\u03c4\u03b1\u03c2 <strong>\u03c4\u03bf\u03c0\u03bf\u03b8\u03b5\u03c4\u03ae\u03c3\u03b5\u03b9 \u03c3\u03c4\u03bf\u03c5\u03c2 \u03c4\u03bf\u03af\u03c7\u03bf\u03c5\u03c2<\/strong> \u03c3\u03b1\u03c2 \u03b5\u03c0\u03b9\u03bb\u03b5\u03b3\u03bc\u03ad\u03bd\u03b1 \u03ad\u03c1\u03b3\u03b1 \u03c4\u03ad\u03c7\u03bd\u03b7\u03c2.<\/p>\n<p style=\"text-align: center;\">\u039c\u03b5 \u03b1\u03c5\u03c4\u03cc \u03c4\u03bf\u03bd \u03c4\u03c1\u03cc\u03c0\u03bf \u03b8\u03b1 \u03b5\u03af\u03bd\u03b1\u03b9 \u03c0\u03b9\u03bf \u03b5\u03cd\u03ba\u03bf\u03bb\u03bf \u03bd\u03b1 \u03b4\u03b5\u03af\u03c4\u03b5 \u03b1\u03bd \u03c4\u03bf \u03ad\u03c1\u03b3\u03bf \u03c0\u03bf\u03c5 \u03b5\u03c0\u03b9\u03bb\u03ad\u03be\u03b1\u03c4\u03b5 \u03b5\u03af\u03bd\u03b1\u03b9 \u03b1\u03c1\u03bc\u03bf\u03bd\u03b9\u03ba\u03cc \u03bc\u03ad\u03c3\u03b1 \u03c3\u03c4\u03bf \u03c7\u03ce\u03c1\u03bf \u03c3\u03b1\u03c2. \u0398\u03b1 \u03ad\u03c7\u03b5\u03c4\u03b5 \u03bd\u03b1 \u03b5\u03c0\u03b9\u03bb\u03ad\u03be\u03b5\u03c4\u03b5 \u03bc\u03ad\u03c3\u03b1 \u03b1\u03c0\u03cc \u03c4\u03b9\u03c2 \u03c0\u03c1\u03bf\u03c4\u03ac\u03c3\u03b5\u03b9\u03c2 \u03b5\u03c0\u03b1\u03b3\u03b3\u03b5\u03bb\u03bc\u03b1\u03c4\u03b9\u03ce\u03bd \u03c4\u03b7\u03bd \u03ba\u03b1\u03bb\u03cd\u03c4\u03b5\u03c1\u03b7 \u03b3\u03b9\u03b1 \u03b5\u03c3\u03ac\u03c2 \u03b5\u03c0\u03b9\u03bb\u03bf\u03b3\u03ae \u03ba\u03b1\u03b9 \u03b8\u03b1 \u03b5\u03af\u03c3\u03c4\u03b5 \u03c3\u03af\u03b3\u03bf\u03c5\u03c1\u03bf\u03b9 \u03bc\u03b5 \u03c4\u03b7 \u03b2\u03bf\u03ae\u03b8\u03b5\u03b9\u03b1 \u03bc\u03b1\u03c2 \u03b3\u03b9\u03b1 \u03c4\u03b7\u03bd \u03b1\u03c0\u03cc\u03c6\u03b1\u03c3\u03ae \u03c3\u03b1\u03c2.<\/p>\n<p style=\"text-align: center;\">\u0397 <strong>\u03c1\u03b5\u03b1\u03bb\u03b9\u03c3\u03c4\u03b9\u03ba\u03ae \u03c8\u03b7\u03c6\u03b9\u03b1\u03ba\u03ae \u03b1\u03bd\u03b1\u03c0\u03b1\u03c1\u03ac\u03c3\u03c4\u03b1\u03c3\u03b7<\/strong> \u03b8\u03b1 \u03c3\u03b1\u03c2 \u03c0\u03c1\u03bf\u03c3\u03c6\u03ad\u03c1\u03b5\u03b9 \u03bc\u03b9\u03b1 \u03b1\u03c0\u03cc\u03bb\u03c5\u03c4\u03b1 \u03be\u03b5\u03ba\u03ac\u03b8\u03b1\u03c1\u03b7 \u03b5\u03b9\u03ba\u03cc\u03bd\u03b1 \u03c7\u03c9\u03c1\u03af\u03c2 \u03bd\u03b1 \u03c7\u03c1\u03b5\u03b9\u03ac\u03b6\u03b5\u03c4\u03b1\u03b9 \u03bd\u03b1 \u03c6\u03b1\u03bd\u03c4\u03ac\u03b6\u03b5\u03c3\u03c4\u03b5 \u03ba\u03b1\u03b9 \u03bd\u03b1 \u03b1\u03bc\u03c6\u03b9\u03b2\u03ac\u03bb\u03bb\u03b5\u03c4\u03b5. \u03a3\u03b7\u03bc\u03b1\u03bd\u03c4\u03b9\u03ba\u03cc \u03b5\u03af\u03bd\u03b1\u03b9 \u03c3\u03c4\u03b9\u03c2 \u03c6\u03c9\u03c4\u03bf\u03b3\u03c1\u03b1\u03c6\u03af\u03b5\u03c2 \u03c0\u03bf\u03c5 \u03b8\u03b1 \u03bc\u03b1\u03c2 \u03c3\u03c4\u03b5\u03af\u03bb\u03b5\u03c4\u03b5 \u03bd\u03b1 \u03bc\u03b7 \u03c6\u03b1\u03af\u03bd\u03b5\u03c4\u03b1\u03b9 \u03bc\u03cc\u03bd\u03bf \u03c4\u03bf \u03ba\u03bf\u03bc\u03bc\u03ac\u03c4\u03b9 \u03c4\u03bf\u03c5 \u03c4\u03bf\u03af\u03c7\u03bf\u03c5 \u03c0\u03bf\u03c5 \u03b8\u03ad\u03bb\u03b5\u03c4\u03b5 \u03bd\u03b1 \u03c4\u03bf\u03c0\u03bf\u03b8\u03b5\u03c4\u03b7\u03b8\u03b5\u03af \u03c4\u03bf \u03b6\u03c9\u03b3\u03c1\u03b1\u03c6\u03b9\u03ba\u03cc \u03ad\u03c1\u03b3\u03bf \u03ae \u03b7 \u03bc\u03b5\u03c4\u03b1\u03be\u03bf\u03c4\u03c5\u03c0\u03af\u03b1 \u03b1\u03bb\u03bb\u03ac \u03cc\u03bb\u03b7 \u03b7 \u00ab\u03b3\u03c9\u03bd\u03b9\u03ac\u00bb. \u03a0\u03b1\u03c1\u03ac\u03b4\u03b5\u03b9\u03b3\u03bc\u03b1 \u03bc\u03b7\u03bd \u03c0\u03c1\u03bf\u03c3\u03c0\u03b1\u03b8\u03ae\u03c3\u03b5\u03c4\u03b5 \u03bd\u03b1 \u03ba\u03c1\u03cd\u03c8\u03b5\u03c4\u03b5 \u03c4\u03bf\u03bd \u03ba\u03b1\u03bd\u03b1\u03c0\u03ad, \u03c4\u03bf \u03ba\u03c1\u03b5\u03b2\u03ac\u03c4\u03b9 \u03ae \u03c4\u03bf \u03b3\u03c1\u03b1\u03c6\u03b5\u03af\u03bf \u03c0\u03bf\u03c5 \u03b2\u03c1\u03af\u03c3\u03ba\u03b5\u03c4\u03b1\u03b9 \u03bc\u03c0\u03c1\u03bf\u03c3\u03c4\u03ac \u03b1\u03c0\u03cc \u03b1\u03c5\u03c4\u03cc \u03c4\u03bf\u03bd \u03c4\u03bf\u03af\u03c7\u03bf.<\/p>\n<p style=\"text-align: center;\">\u03a0\u03b1\u03c1\u03b1\u03ba\u03ac\u03c4\u03c9 \u03ad\u03c7\u03b5\u03c4\u03b5 \u03c4\u03b7\u03bd \u03b5\u03c5\u03ba\u03b1\u03b9\u03c1\u03af\u03b1 \u03bd\u03b1 \u03b4\u03b5\u03af\u03c4\u03b5<strong> \u03bc\u03b5\u03c1\u03b9\u03ba\u03ac \u03c0\u03b1\u03c1\u03b1\u03b4\u03b5\u03af\u03b3\u03bc\u03b1\u03c4\u03b1<\/strong> \u03c0\u03bf\u03c5 \u03b8\u03b1 \u03c3\u03b1\u03c2 \u03b2\u03bf\u03b7\u03b8\u03ae\u03c3\u03bf\u03c5\u03bd \u03bd\u03b1 \u03c6\u03c9\u03c4\u03bf\u03b3\u03c1\u03b1\u03c6\u03ae\u03c3\u03b5\u03c4\u03b5 \u03c3\u03c9\u03c3\u03c4\u03ac. \u0395\u03c4\u03bf\u03b9\u03bc\u03ac\u03c3\u03c4\u03b5 \u03c4\u03b1 \u03ba\u03b9\u03bd\u03b7\u03c4\u03ac \u03c3\u03b1\u03c2 \u03ba\u03b1\u03b9 \u03c4\u03b9\u03c2 \u03bc\u03b7\u03c7\u03b1\u03bd\u03ad\u03c2 \u03c3\u03b1\u03c2 \u03ba\u03b1\u03b9 \u03b5\u03bc\u03b5\u03af\u03c2 \u03b1\u03bd\u03b1\u03bb\u03b1\u03bc\u03b2\u03ac\u03bd\u03bf\u03c5\u03bc\u03b5 \u03cc\u03bb\u03b1 \u03c4\u03b1 \u03c5\u03c0\u03cc\u03bb\u03bf\u03b9\u03c0\u03b1. \u039c\u03b7 \u03c6\u03bf\u03b2\u03b7\u03b8\u03b5\u03af\u03c4\u03b5 \u03bd\u03b1 \u03b5\u03af\u03c3\u03c4\u03b5 <strong>\u03b4\u03b7\u03bc\u03b9\u03bf\u03c5\u03c1\u03b3\u03b9\u03ba\u03bf\u03af<\/strong> \u03ba\u03b1\u03b9 \u03b3\u03b9\u03b1 \u03c4\u03c5\u03c7\u03cc\u03bd \u03b1\u03c0\u03bf\u03c1\u03af\u03b5\u03c2 \u03b5\u03af\u03bc\u03b1\u03c3\u03c4\u03b5 <strong>\u03c0\u03ac\u03bd\u03c4\u03b1 \u03c3\u03c4\u03b7 \u03b4\u03b9\u03ac\u03b8\u03b5\u03c3\u03b7 \u03c3\u03b1\u03c2<\/strong>!<\/p>\n<p>[\/vc_column_text][\/vc_column][\/vc_row][vc_row][vc_empty_space height=&#8221;15px&#8221;][vc_column][vc_empty_space height=&#8221;15px&#8221;][\/vc_column][\/vc_row][vc_row][vc_column width=&#8221;1\/6&#8243;][\/vc_column][vc_column width=&#8221;2\/3&#8243;][vc_empty_space][vc_column_text]<\/p>\n<h3 style=\"text-align: center;\">\u03a1\u03c9\u03c4\u03ae\u03c3\u03c4\u03b5 \u03bc\u03b1\u03c2 \u03b3\u03b9\u03b1 \u03c4\u03b7\u03bd \u03c5\u03c0\u03b7\u03c1\u03b5\u03c3\u03af\u03b1 \u03b5\u03b9\u03ba\u03bf\u03bd\u03b9\u03ba\u03ae\u03c2 \u03c4\u03bf\u03c0\u03bf\u03b8\u03ad\u03c4\u03b7\u03c3\u03b7\u03c2:<\/h3>\n<p>[\/vc_column_text][vc_empty_space height=&#8221;12px&#8221;][nm_contact_form_7 id=&#8221;4598&#8243;][\/vc_column][vc_column width=&#8221;1\/6&#8243;][\/vc_column][\/vc_row][vc_row][vc_column][vc_empty_space height=&#8221;40px&#8221;][vc_single_image image=&#8221;6485&#8243; img_size=&#8221;large&#8221; alignment=&#8221;center&#8221;][vc_single_image image=&#8221;6486&#8243; img_size=&#8221;large&#8221; alignment=&#8221;center&#8221;][vc_single_image image=&#8221;6487&#8243; img_size=&#8221;large&#8221; alignment=&#8221;center&#8221;][vc_single_image image=&#8221;6491&#8243; img_size=&#8221;large&#8221; alignment=&#8221;center&#8221;][vc_single_image image=&#8221;6488&#8243; img_size=&#8221;large&#8221; alignment=&#8221;center&#8221;][vc_single_image image=&#8221;6490&#8243; img_size=&#8221;large&#8221; alignment=&#8221;center&#8221;][vc_single_image image=&#8221;6489&#8243; img_size=&#8221;large&#8221; alignment=&#8221;center&#8221;][\/vc_column][\/vc_row]<\/p>\n<\/div>","protected":false},"excerpt":{"rendered":"<p>[vc_row][vc_column][vc_empty_space height=&#8221;40px&#8221;][\/vc_column][\/vc_row][vc_row][vc_column][vc_single_image image=&#8221;5508&#8243; img_size=&#8221;full&#8221; alignment=&#8221;center&#8221;][\/vc_column][\/vc_row][vc_row][vc_column][vc_empty_space][\/vc_column][\/vc_row][vc_row][vc_column][vc_column_text] \u0395\u0399\u039a\u039f\u039d\u0399\u039a\u0397 \u03a4\u039f\u03a0\u039f\u0398\u0395\u03a4\u0397\u03a3\u0397 \u03a4\u03a9\u039d \u0395\u03a1\u0393\u03a9\u039d \u03a3\u03a4\u039f\u039d \u03a7\u03a9\u03a1\u039f \u03a3\u0391\u03a3 \u039f \u0395\u03b9\u03ba\u03b1\u03c3\u03c4\u03b9\u03ba\u03cc\u03c2 \u039a\u03cd\u03ba\u03bb\u03bf\u03c2 &hellip;<\/p>\n","protected":false},"author":4,"featured_media":0,"parent":0,"menu_order":0,"comment_status":"closed","ping_status":"closed","template":"page-full.php","meta":{"ngg_post_thumbnail":0,"footnotes":""},"class_list":["post-5507","page","type-page","status-publish","hentry"],"yoast_head":"<!-- This site is optimized with the Yoast SEO plugin v27.4 - https:\/\/yoast.com\/product\/yoast-seo-wordpress\/ -->\n<title>\u0395\u03b9\u03ba\u03bf\u03bd\u03b9\u03ba\u03ae \u03a4\u03bf\u03c0\u03bf\u03b8\u03ad\u03c4\u03b7\u03c3\u03b7 \u03c4\u03c9\u03bd \u0388\u03c1\u03b3\u03c9\u03bd \u03c3\u03c4\u03bf\u03bd \u03a7\u03ce\u03c1\u03bf \u03c3\u03b1\u03c2 \u03bc\u03b9\u03b1 \u03a5\u03c0\u03b7\u03c1\u03b5\u03c3\u03af\u03b1 \u03b1\u03c0\u03cc \u03c4\u03bf\u03bd \u0395\u03b9\u03ba\u03b1\u03c3\u03c4\u03b9\u03ba\u03cc \u039a\u03cd\u03ba\u03bb\u03bf Sianti<\/title>\n<meta name=\"description\" content=\"\u0395\u03b9\u03ba\u03bf\u03bd\u03b9\u03ba\u03ae \u03a4\u03bf\u03c0\u03bf\u03b8\u03ad\u03c4\u03b7\u03c3\u03b7 \u03c4\u03c9\u03bd \u0388\u03c1\u03b3\u03c9\u03bd \u03c3\u03c4\u03bf\u03bd \u03a7\u03ce\u03c1\u03bf \u03c3\u03b1\u03c2 \u03bc\u03b9\u03b1 \u03a5\u03c0\u03b7\u03c1\u03b5\u03c3\u03af\u03b1 \u03b1\u03c0\u03cc \u03c4\u03bf\u03bd \u0395\u03b9\u03ba\u03b1\u03c3\u03c4\u03b9\u03ba\u03cc \u039a\u03cd\u03ba\u03bb\u03bf Sianti. \u039c\u03b1\u03c2 \u03c3\u03c4\u03ad\u03bb\u03bd\u03b5\u03c4\u03b5 \u03c6\u03c9\u03c4\u03bf\u03b3\u03c1\u03b1\u03c6\u03af\u03b5\u03c2 \u03c4\u03bf\u03c5 \u03c7\u03ce\u03c1\u03bf\u03c5 \u03c0\u03bf\u03c5 \u03b8\u03ad\u03bb\u03b5\u03c4\u03b5 \u03bd\u03b1 \u03b4\u03b9\u03b1\u03ba\u03bf\u03c3\u03bc\u03ae\u03c3\u03b5\u03c4\u03b5 \u03ba\u03b9 \u03b5\u03bc\u03b5\u03af\u03c2 \u03c3\u03b1\u03c2 \u03c3\u03c4\u03ad\u03bb\u03bd\u03bf\u03c5\u03bc\u03b5 \u03c4\u03b9\u03c2 \u03c0\u03c1\u03bf\u03c4\u03ac\u03c3\u03b5\u03b9\u03c2 \u03bc\u03b1\u03c2\" \/>\n<meta name=\"robots\" content=\"index, follow, max-snippet:-1, max-image-preview:large, max-video-preview:-1\" \/>\n<link rel=\"canonical\" href=\"https:\/\/ikastikos-kiklos.com\/en\/eikoniki-topothetisi\/\" \/>\n<meta property=\"og:locale\" content=\"en_US\" \/>\n<meta property=\"og:type\" content=\"article\" \/>\n<meta property=\"og:title\" content=\"\u0395\u03b9\u03ba\u03bf\u03bd\u03b9\u03ba\u03ae \u03a4\u03bf\u03c0\u03bf\u03b8\u03ad\u03c4\u03b7\u03c3\u03b7 \u03c4\u03c9\u03bd \u0388\u03c1\u03b3\u03c9\u03bd \u03c3\u03c4\u03bf\u03bd \u03a7\u03ce\u03c1\u03bf \u03c3\u03b1\u03c2 \u03bc\u03b9\u03b1 \u03a5\u03c0\u03b7\u03c1\u03b5\u03c3\u03af\u03b1 \u03b1\u03c0\u03cc \u03c4\u03bf\u03bd \u0395\u03b9\u03ba\u03b1\u03c3\u03c4\u03b9\u03ba\u03cc \u039a\u03cd\u03ba\u03bb\u03bf Sianti\" \/>\n<meta property=\"og:description\" content=\"\u0395\u03b9\u03ba\u03bf\u03bd\u03b9\u03ba\u03ae \u03a4\u03bf\u03c0\u03bf\u03b8\u03ad\u03c4\u03b7\u03c3\u03b7 \u03c4\u03c9\u03bd \u0388\u03c1\u03b3\u03c9\u03bd \u03c3\u03c4\u03bf\u03bd \u03a7\u03ce\u03c1\u03bf \u03c3\u03b1\u03c2 \u03bc\u03b9\u03b1 \u03a5\u03c0\u03b7\u03c1\u03b5\u03c3\u03af\u03b1 \u03b1\u03c0\u03cc \u03c4\u03bf\u03bd \u0395\u03b9\u03ba\u03b1\u03c3\u03c4\u03b9\u03ba\u03cc \u039a\u03cd\u03ba\u03bb\u03bf Sianti. \u039c\u03b1\u03c2 \u03c3\u03c4\u03ad\u03bb\u03bd\u03b5\u03c4\u03b5 \u03c6\u03c9\u03c4\u03bf\u03b3\u03c1\u03b1\u03c6\u03af\u03b5\u03c2 \u03c4\u03bf\u03c5 \u03c7\u03ce\u03c1\u03bf\u03c5 \u03c0\u03bf\u03c5 \u03b8\u03ad\u03bb\u03b5\u03c4\u03b5 \u03bd\u03b1 \u03b4\u03b9\u03b1\u03ba\u03bf\u03c3\u03bc\u03ae\u03c3\u03b5\u03c4\u03b5 \u03ba\u03b9 \u03b5\u03bc\u03b5\u03af\u03c2 \u03c3\u03b1\u03c2 \u03c3\u03c4\u03ad\u03bb\u03bd\u03bf\u03c5\u03bc\u03b5 \u03c4\u03b9\u03c2 \u03c0\u03c1\u03bf\u03c4\u03ac\u03c3\u03b5\u03b9\u03c2 \u03bc\u03b1\u03c2\" \/>\n<meta property=\"og:url\" content=\"https:\/\/ikastikos-kiklos.com\/en\/eikoniki-topothetisi\/\" \/>\n<meta property=\"og:site_name\" content=\"Ikastikos Kiklos - Zografik\u00ed - Metaxotyp\u00edes - T\u00e9chniPainting - Silk Screen - Art\" \/>\n<meta property=\"article:publisher\" content=\"https:\/\/www.facebook.com\/ikastikoskiklossianti\/\" \/>\n<meta property=\"article:modified_time\" content=\"2017-06-26T00:08:15+00:00\" \/>\n<meta name=\"twitter:card\" content=\"summary_large_image\" \/>\n<meta name=\"twitter:label1\" content=\"Est. reading time\" \/>\n\t<meta name=\"twitter:data1\" content=\"1 minute\" \/>\n<script type=\"application\/ld+json\" class=\"yoast-schema-graph\">{\"@context\":\"https:\\\/\\\/schema.org\",\"@graph\":[{\"@type\":\"WebPage\",\"@id\":\"https:\\\/\\\/ikastikos-kiklos.com\\\/en\\\/eikoniki-topothetisi\\\/\",\"url\":\"https:\\\/\\\/ikastikos-kiklos.com\\\/en\\\/eikoniki-topothetisi\\\/\",\"name\":\"\u0395\u03b9\u03ba\u03bf\u03bd\u03b9\u03ba\u03ae \u03a4\u03bf\u03c0\u03bf\u03b8\u03ad\u03c4\u03b7\u03c3\u03b7 \u03c4\u03c9\u03bd \u0388\u03c1\u03b3\u03c9\u03bd \u03c3\u03c4\u03bf\u03bd \u03a7\u03ce\u03c1\u03bf \u03c3\u03b1\u03c2 \u03bc\u03b9\u03b1 \u03a5\u03c0\u03b7\u03c1\u03b5\u03c3\u03af\u03b1 \u03b1\u03c0\u03cc \u03c4\u03bf\u03bd \u0395\u03b9\u03ba\u03b1\u03c3\u03c4\u03b9\u03ba\u03cc \u039a\u03cd\u03ba\u03bb\u03bf Sianti\",\"isPartOf\":{\"@id\":\"https:\\\/\\\/ikastikos-kiklos.com\\\/en\\\/#website\"},\"datePublished\":\"2017-02-02T20:58:04+00:00\",\"dateModified\":\"2017-06-26T00:08:15+00:00\",\"description\":\"\u0395\u03b9\u03ba\u03bf\u03bd\u03b9\u03ba\u03ae \u03a4\u03bf\u03c0\u03bf\u03b8\u03ad\u03c4\u03b7\u03c3\u03b7 \u03c4\u03c9\u03bd \u0388\u03c1\u03b3\u03c9\u03bd \u03c3\u03c4\u03bf\u03bd \u03a7\u03ce\u03c1\u03bf \u03c3\u03b1\u03c2 \u03bc\u03b9\u03b1 \u03a5\u03c0\u03b7\u03c1\u03b5\u03c3\u03af\u03b1 \u03b1\u03c0\u03cc \u03c4\u03bf\u03bd \u0395\u03b9\u03ba\u03b1\u03c3\u03c4\u03b9\u03ba\u03cc \u039a\u03cd\u03ba\u03bb\u03bf Sianti. \u039c\u03b1\u03c2 \u03c3\u03c4\u03ad\u03bb\u03bd\u03b5\u03c4\u03b5 \u03c6\u03c9\u03c4\u03bf\u03b3\u03c1\u03b1\u03c6\u03af\u03b5\u03c2 \u03c4\u03bf\u03c5 \u03c7\u03ce\u03c1\u03bf\u03c5 \u03c0\u03bf\u03c5 \u03b8\u03ad\u03bb\u03b5\u03c4\u03b5 \u03bd\u03b1 \u03b4\u03b9\u03b1\u03ba\u03bf\u03c3\u03bc\u03ae\u03c3\u03b5\u03c4\u03b5 \u03ba\u03b9 \u03b5\u03bc\u03b5\u03af\u03c2 \u03c3\u03b1\u03c2 \u03c3\u03c4\u03ad\u03bb\u03bd\u03bf\u03c5\u03bc\u03b5 \u03c4\u03b9\u03c2 \u03c0\u03c1\u03bf\u03c4\u03ac\u03c3\u03b5\u03b9\u03c2 \u03bc\u03b1\u03c2\",\"breadcrumb\":{\"@id\":\"https:\\\/\\\/ikastikos-kiklos.com\\\/en\\\/eikoniki-topothetisi\\\/#breadcrumb\"},\"inLanguage\":\"en-US\",\"potentialAction\":[{\"@type\":\"ReadAction\",\"target\":[\"https:\\\/\\\/ikastikos-kiklos.com\\\/en\\\/eikoniki-topothetisi\\\/\"]}]},{\"@type\":\"BreadcrumbList\",\"@id\":\"https:\\\/\\\/ikastikos-kiklos.com\\\/en\\\/eikoniki-topothetisi\\\/#breadcrumb\",\"itemListElement\":[{\"@type\":\"ListItem\",\"position\":1,\"name\":\"Home\",\"item\":\"https:\\\/\\\/ikastikos-kiklos.com\\\/en\\\/\"},{\"@type\":\"ListItem\",\"position\":2,\"name\":\"\u0395\u03b9\u03ba\u03bf\u03bd\u03b9\u03ba\u03ae \u03a4\u03bf\u03c0\u03bf\u03b8\u03ad\u03c4\u03b7\u03c3\u03b7 \u03c4\u03bf\u03c5 \u0388\u03c1\u03b3\u03bf\u03c5 \u03c3\u03b1\u03c2\"}]},{\"@type\":\"WebSite\",\"@id\":\"https:\\\/\\\/ikastikos-kiklos.com\\\/en\\\/#website\",\"url\":\"https:\\\/\\\/ikastikos-kiklos.com\\\/en\\\/\",\"name\":\"Ikastikos Kiklos - Zografik\u00ed - Metaxotyp\u00edes - T\u00e9chniPainting - Silk Screen - Art\",\"description\":\"\",\"publisher\":{\"@id\":\"https:\\\/\\\/ikastikos-kiklos.com\\\/en\\\/#organization\"},\"potentialAction\":[{\"@type\":\"SearchAction\",\"target\":{\"@type\":\"EntryPoint\",\"urlTemplate\":\"https:\\\/\\\/ikastikos-kiklos.com\\\/en\\\/?s={search_term_string}\"},\"query-input\":{\"@type\":\"PropertyValueSpecification\",\"valueRequired\":true,\"valueName\":\"search_term_string\"}}],\"inLanguage\":\"en-US\"},{\"@type\":\"Organization\",\"@id\":\"https:\\\/\\\/ikastikos-kiklos.com\\\/en\\\/#organization\",\"name\":\"Ikastikos Kiklos - Zografik\u00ed - Metaxotyp\u00edes - T\u00e9chniPainting - Silk Screen - Art\",\"url\":\"https:\\\/\\\/ikastikos-kiklos.com\\\/en\\\/\",\"logo\":{\"@type\":\"ImageObject\",\"inLanguage\":\"en-US\",\"@id\":\"https:\\\/\\\/ikastikos-kiklos.com\\\/en\\\/#\\\/schema\\\/logo\\\/image\\\/\",\"url\":\"https:\\\/\\\/ikastikos-kiklos.com\\\/wp-content\\\/uploads\\\/2022\\\/10\\\/cropped-favicon_ikastikos.png\",\"contentUrl\":\"https:\\\/\\\/ikastikos-kiklos.com\\\/wp-content\\\/uploads\\\/2022\\\/10\\\/cropped-favicon_ikastikos.png\",\"width\":512,\"height\":512,\"caption\":\"Ikastikos Kiklos - Zografik\u00ed - Metaxotyp\u00edes - T\u00e9chniPainting - Silk Screen - Art\"},\"image\":{\"@id\":\"https:\\\/\\\/ikastikos-kiklos.com\\\/en\\\/#\\\/schema\\\/logo\\\/image\\\/\"},\"sameAs\":[\"https:\\\/\\\/www.facebook.com\\\/ikastikoskiklossianti\\\/\"]}]}<\/script>\n<!-- \/ Yoast SEO plugin. -->","yoast_head_json":{"title":"\u0395\u03b9\u03ba\u03bf\u03bd\u03b9\u03ba\u03ae \u03a4\u03bf\u03c0\u03bf\u03b8\u03ad\u03c4\u03b7\u03c3\u03b7 \u03c4\u03c9\u03bd \u0388\u03c1\u03b3\u03c9\u03bd \u03c3\u03c4\u03bf\u03bd \u03a7\u03ce\u03c1\u03bf \u03c3\u03b1\u03c2 \u03bc\u03b9\u03b1 \u03a5\u03c0\u03b7\u03c1\u03b5\u03c3\u03af\u03b1 \u03b1\u03c0\u03cc \u03c4\u03bf\u03bd \u0395\u03b9\u03ba\u03b1\u03c3\u03c4\u03b9\u03ba\u03cc \u039a\u03cd\u03ba\u03bb\u03bf Sianti","description":"\u0395\u03b9\u03ba\u03bf\u03bd\u03b9\u03ba\u03ae \u03a4\u03bf\u03c0\u03bf\u03b8\u03ad\u03c4\u03b7\u03c3\u03b7 \u03c4\u03c9\u03bd \u0388\u03c1\u03b3\u03c9\u03bd \u03c3\u03c4\u03bf\u03bd \u03a7\u03ce\u03c1\u03bf \u03c3\u03b1\u03c2 \u03bc\u03b9\u03b1 \u03a5\u03c0\u03b7\u03c1\u03b5\u03c3\u03af\u03b1 \u03b1\u03c0\u03cc \u03c4\u03bf\u03bd \u0395\u03b9\u03ba\u03b1\u03c3\u03c4\u03b9\u03ba\u03cc \u039a\u03cd\u03ba\u03bb\u03bf Sianti. \u039c\u03b1\u03c2 \u03c3\u03c4\u03ad\u03bb\u03bd\u03b5\u03c4\u03b5 \u03c6\u03c9\u03c4\u03bf\u03b3\u03c1\u03b1\u03c6\u03af\u03b5\u03c2 \u03c4\u03bf\u03c5 \u03c7\u03ce\u03c1\u03bf\u03c5 \u03c0\u03bf\u03c5 \u03b8\u03ad\u03bb\u03b5\u03c4\u03b5 \u03bd\u03b1 \u03b4\u03b9\u03b1\u03ba\u03bf\u03c3\u03bc\u03ae\u03c3\u03b5\u03c4\u03b5 \u03ba\u03b9 \u03b5\u03bc\u03b5\u03af\u03c2 \u03c3\u03b1\u03c2 \u03c3\u03c4\u03ad\u03bb\u03bd\u03bf\u03c5\u03bc\u03b5 \u03c4\u03b9\u03c2 \u03c0\u03c1\u03bf\u03c4\u03ac\u03c3\u03b5\u03b9\u03c2 \u03bc\u03b1\u03c2","robots":{"index":"index","follow":"follow","max-snippet":"max-snippet:-1","max-image-preview":"max-image-preview:large","max-video-preview":"max-video-preview:-1"},"canonical":"https:\/\/ikastikos-kiklos.com\/en\/eikoniki-topothetisi\/","og_locale":"en_US","og_type":"article","og_title":"\u0395\u03b9\u03ba\u03bf\u03bd\u03b9\u03ba\u03ae \u03a4\u03bf\u03c0\u03bf\u03b8\u03ad\u03c4\u03b7\u03c3\u03b7 \u03c4\u03c9\u03bd \u0388\u03c1\u03b3\u03c9\u03bd \u03c3\u03c4\u03bf\u03bd \u03a7\u03ce\u03c1\u03bf \u03c3\u03b1\u03c2 \u03bc\u03b9\u03b1 \u03a5\u03c0\u03b7\u03c1\u03b5\u03c3\u03af\u03b1 \u03b1\u03c0\u03cc \u03c4\u03bf\u03bd \u0395\u03b9\u03ba\u03b1\u03c3\u03c4\u03b9\u03ba\u03cc \u039a\u03cd\u03ba\u03bb\u03bf Sianti","og_description":"\u0395\u03b9\u03ba\u03bf\u03bd\u03b9\u03ba\u03ae \u03a4\u03bf\u03c0\u03bf\u03b8\u03ad\u03c4\u03b7\u03c3\u03b7 \u03c4\u03c9\u03bd \u0388\u03c1\u03b3\u03c9\u03bd \u03c3\u03c4\u03bf\u03bd \u03a7\u03ce\u03c1\u03bf \u03c3\u03b1\u03c2 \u03bc\u03b9\u03b1 \u03a5\u03c0\u03b7\u03c1\u03b5\u03c3\u03af\u03b1 \u03b1\u03c0\u03cc \u03c4\u03bf\u03bd \u0395\u03b9\u03ba\u03b1\u03c3\u03c4\u03b9\u03ba\u03cc \u039a\u03cd\u03ba\u03bb\u03bf Sianti. \u039c\u03b1\u03c2 \u03c3\u03c4\u03ad\u03bb\u03bd\u03b5\u03c4\u03b5 \u03c6\u03c9\u03c4\u03bf\u03b3\u03c1\u03b1\u03c6\u03af\u03b5\u03c2 \u03c4\u03bf\u03c5 \u03c7\u03ce\u03c1\u03bf\u03c5 \u03c0\u03bf\u03c5 \u03b8\u03ad\u03bb\u03b5\u03c4\u03b5 \u03bd\u03b1 \u03b4\u03b9\u03b1\u03ba\u03bf\u03c3\u03bc\u03ae\u03c3\u03b5\u03c4\u03b5 \u03ba\u03b9 \u03b5\u03bc\u03b5\u03af\u03c2 \u03c3\u03b1\u03c2 \u03c3\u03c4\u03ad\u03bb\u03bd\u03bf\u03c5\u03bc\u03b5 \u03c4\u03b9\u03c2 \u03c0\u03c1\u03bf\u03c4\u03ac\u03c3\u03b5\u03b9\u03c2 \u03bc\u03b1\u03c2","og_url":"https:\/\/ikastikos-kiklos.com\/en\/eikoniki-topothetisi\/","og_site_name":"Ikastikos Kiklos - Zografik\u00ed - Metaxotyp\u00edes - T\u00e9chniPainting - Silk Screen - Art","article_publisher":"https:\/\/www.facebook.com\/ikastikoskiklossianti\/","article_modified_time":"2017-06-26T00:08:15+00:00","twitter_card":"summary_large_image","twitter_misc":{"Est. reading time":"1 minute"},"schema":{"@context":"https:\/\/schema.org","@graph":[{"@type":"WebPage","@id":"https:\/\/ikastikos-kiklos.com\/en\/eikoniki-topothetisi\/","url":"https:\/\/ikastikos-kiklos.com\/en\/eikoniki-topothetisi\/","name":"\u0395\u03b9\u03ba\u03bf\u03bd\u03b9\u03ba\u03ae \u03a4\u03bf\u03c0\u03bf\u03b8\u03ad\u03c4\u03b7\u03c3\u03b7 \u03c4\u03c9\u03bd \u0388\u03c1\u03b3\u03c9\u03bd \u03c3\u03c4\u03bf\u03bd \u03a7\u03ce\u03c1\u03bf \u03c3\u03b1\u03c2 \u03bc\u03b9\u03b1 \u03a5\u03c0\u03b7\u03c1\u03b5\u03c3\u03af\u03b1 \u03b1\u03c0\u03cc \u03c4\u03bf\u03bd \u0395\u03b9\u03ba\u03b1\u03c3\u03c4\u03b9\u03ba\u03cc \u039a\u03cd\u03ba\u03bb\u03bf Sianti","isPartOf":{"@id":"https:\/\/ikastikos-kiklos.com\/en\/#website"},"datePublished":"2017-02-02T20:58:04+00:00","dateModified":"2017-06-26T00:08:15+00:00","description":"\u0395\u03b9\u03ba\u03bf\u03bd\u03b9\u03ba\u03ae \u03a4\u03bf\u03c0\u03bf\u03b8\u03ad\u03c4\u03b7\u03c3\u03b7 \u03c4\u03c9\u03bd \u0388\u03c1\u03b3\u03c9\u03bd \u03c3\u03c4\u03bf\u03bd \u03a7\u03ce\u03c1\u03bf \u03c3\u03b1\u03c2 \u03bc\u03b9\u03b1 \u03a5\u03c0\u03b7\u03c1\u03b5\u03c3\u03af\u03b1 \u03b1\u03c0\u03cc \u03c4\u03bf\u03bd \u0395\u03b9\u03ba\u03b1\u03c3\u03c4\u03b9\u03ba\u03cc \u039a\u03cd\u03ba\u03bb\u03bf Sianti. \u039c\u03b1\u03c2 \u03c3\u03c4\u03ad\u03bb\u03bd\u03b5\u03c4\u03b5 \u03c6\u03c9\u03c4\u03bf\u03b3\u03c1\u03b1\u03c6\u03af\u03b5\u03c2 \u03c4\u03bf\u03c5 \u03c7\u03ce\u03c1\u03bf\u03c5 \u03c0\u03bf\u03c5 \u03b8\u03ad\u03bb\u03b5\u03c4\u03b5 \u03bd\u03b1 \u03b4\u03b9\u03b1\u03ba\u03bf\u03c3\u03bc\u03ae\u03c3\u03b5\u03c4\u03b5 \u03ba\u03b9 \u03b5\u03bc\u03b5\u03af\u03c2 \u03c3\u03b1\u03c2 \u03c3\u03c4\u03ad\u03bb\u03bd\u03bf\u03c5\u03bc\u03b5 \u03c4\u03b9\u03c2 \u03c0\u03c1\u03bf\u03c4\u03ac\u03c3\u03b5\u03b9\u03c2 \u03bc\u03b1\u03c2","breadcrumb":{"@id":"https:\/\/ikastikos-kiklos.com\/en\/eikoniki-topothetisi\/#breadcrumb"},"inLanguage":"en-US","potentialAction":[{"@type":"ReadAction","target":["https:\/\/ikastikos-kiklos.com\/en\/eikoniki-topothetisi\/"]}]},{"@type":"BreadcrumbList","@id":"https:\/\/ikastikos-kiklos.com\/en\/eikoniki-topothetisi\/#breadcrumb","itemListElement":[{"@type":"ListItem","position":1,"name":"Home","item":"https:\/\/ikastikos-kiklos.com\/en\/"},{"@type":"ListItem","position":2,"name":"\u0395\u03b9\u03ba\u03bf\u03bd\u03b9\u03ba\u03ae \u03a4\u03bf\u03c0\u03bf\u03b8\u03ad\u03c4\u03b7\u03c3\u03b7 \u03c4\u03bf\u03c5 \u0388\u03c1\u03b3\u03bf\u03c5 \u03c3\u03b1\u03c2"}]},{"@type":"WebSite","@id":"https:\/\/ikastikos-kiklos.com\/en\/#website","url":"https:\/\/ikastikos-kiklos.com\/en\/","name":"Ikastikos Kiklos - Zografik\u00ed - Metaxotyp\u00edes - T\u00e9chniPainting - Silk Screen - Art","description":"","publisher":{"@id":"https:\/\/ikastikos-kiklos.com\/en\/#organization"},"potentialAction":[{"@type":"SearchAction","target":{"@type":"EntryPoint","urlTemplate":"https:\/\/ikastikos-kiklos.com\/en\/?s={search_term_string}"},"query-input":{"@type":"PropertyValueSpecification","valueRequired":true,"valueName":"search_term_string"}}],"inLanguage":"en-US"},{"@type":"Organization","@id":"https:\/\/ikastikos-kiklos.com\/en\/#organization","name":"Ikastikos Kiklos - Zografik\u00ed - Metaxotyp\u00edes - T\u00e9chniPainting - Silk Screen - Art","url":"https:\/\/ikastikos-kiklos.com\/en\/","logo":{"@type":"ImageObject","inLanguage":"en-US","@id":"https:\/\/ikastikos-kiklos.com\/en\/#\/schema\/logo\/image\/","url":"https:\/\/ikastikos-kiklos.com\/wp-content\/uploads\/2022\/10\/cropped-favicon_ikastikos.png","contentUrl":"https:\/\/ikastikos-kiklos.com\/wp-content\/uploads\/2022\/10\/cropped-favicon_ikastikos.png","width":512,"height":512,"caption":"Ikastikos Kiklos - Zografik\u00ed - Metaxotyp\u00edes - T\u00e9chniPainting - Silk Screen - Art"},"image":{"@id":"https:\/\/ikastikos-kiklos.com\/en\/#\/schema\/logo\/image\/"},"sameAs":["https:\/\/www.facebook.com\/ikastikoskiklossianti\/"]}]}},"_links":{"self":[{"href":"https:\/\/ikastikos-kiklos.com\/en\/wp-json\/wp\/v2\/pages\/5507","targetHints":{"allow":["GET"]}}],"collection":[{"href":"https:\/\/ikastikos-kiklos.com\/en\/wp-json\/wp\/v2\/pages"}],"about":[{"href":"https:\/\/ikastikos-kiklos.com\/en\/wp-json\/wp\/v2\/types\/page"}],"author":[{"embeddable":true,"href":"https:\/\/ikastikos-kiklos.com\/en\/wp-json\/wp\/v2\/users\/4"}],"replies":[{"embeddable":true,"href":"https:\/\/ikastikos-kiklos.com\/en\/wp-json\/wp\/v2\/comments?post=5507"}],"version-history":[{"count":0,"href":"https:\/\/ikastikos-kiklos.com\/en\/wp-json\/wp\/v2\/pages\/5507\/revisions"}],"wp:attachment":[{"href":"https:\/\/ikastikos-kiklos.com\/en\/wp-json\/wp\/v2\/media?parent=5507"}],"curies":[{"name":"wp","href":"https:\/\/api.w.org\/{rel}","templated":true}]}}