{"id":54259,"date":"2026-05-06T08:36:07","date_gmt":"2026-05-06T05:36:07","guid":{"rendered":"https:\/\/ikastikos-kiklos.com\/in-praise-of-sculpture-1st-sculpture-workshop-18-artists-honour-their-teacher-theodoros-papagiannis\/"},"modified":"2026-05-06T08:37:13","modified_gmt":"2026-05-06T05:37:13","slug":"in-praise-of-sculpture-1st-sculpture-workshop-18-artists-honour-their-teacher-theodoros-papagiannis","status":"publish","type":"page","link":"https:\/\/ikastikos-kiklos.com\/en\/in-praise-of-sculpture-1st-sculpture-workshop-18-artists-honour-their-teacher-theodoros-papagiannis\/","title":{"rendered":"\u201cIn Praise of Sculpture\u201d 1st Sculpture Workshop: 18 artists honour their teacher, Theodoros Papagiannis"},"content":{"rendered":"<div class=\"wpb-content-wrapper\"><p>[vc_row][vc_column width=&#8221;2\/3&#8243;]\n\t\t\t<div class=\"nm-banner content-full image-type-fluid text-color-dark\" style=\"\"><img decoding=\"async\" src=\"https:\/\/ikastikos-kiklos.com\/wp-content\/uploads\/2026\/05\/eng-PAPAGIANNIS-ESWTERIKO-PC.jpg\" alt=\"eng-PAPAGIANNIS ESWTERIKO PC\" \/>\n\t\t\t<\/div>[vc_empty_space height=&#8221;22px&#8221;][vc_custom_heading text=&#8221;\u201cIn Praise of Sculpture\u201d 1st Sculpture Workshop: 18 artists honour their teacher, Theodoros Papagiannis&#8221; google_fonts=&#8221;font_family:Ubuntu%20Condensed%3Aregular|font_style:400%20regular%3A400%3Anormal&#8221;][vc_empty_space height=&#8221;22px&#8221;][vc_column_text]<strong>Sianti Gallery<\/strong>&nbsp;presents the group sculpture exhibition&nbsp;<strong>\u201cIn Praise of Sculpture\u201d<\/strong>, a significant artistic event bringing together artworks by&nbsp;<strong>eighteen artists<\/strong>, all graduates of the 1st Sculpture Workshop of the Athens School of Fine Arts (ASFA). The exhibition pays tribute to their teacher,&nbsp;<strong>Theodoros Papagiannis<\/strong>, and opens on&nbsp;<strong>Friday, May 15, from 19:30 to 22:00<\/strong>,&nbsp;<strong>curated by<\/strong>&nbsp;Professor Emeritus of the National and Kapodistrian University of Athens,&nbsp;<strong>Manos Stefanidis<\/strong>.<\/p>\n<p>&nbsp;<\/p>\n<p>This exhibition carries a clear artistic and ideological direction, aiming to reintroduce sculpture as a public, social, and deeply political form of art. As the curator notes, \u201cthe work of art is a priori an act of love\u2026 even more so when it disturbs,\u201d emphasizing that the essence of art lies not in ease or aesthetic pleasure, but in its ability to question, unsettle, and awaken the viewer.<\/p>\n<p>&nbsp;<\/p>\n<p>At a time when commodification and cultural uniformity strongly shape the artistic landscape, sculpture\u2014perhaps the art form most directly connected to public space\u2014appears to be under pressure. \u201cNot only nature but art itself is under threat,\u201d Stefanidis remarks, indirectly referencing the concept of \u201csocial sculpture\u201d introduced by Joseph Beuys, and raising the question of whether contemporary art can still function as an act of resistance.<\/p>\n<p>&nbsp;<\/p>\n<p>The exhibition \u201cIn Praise of Sculpture\u201d responds to this question through the works of participating artists who, although belonging to different generations, are connected through a shared pedagogical and artistic experience. The long teaching career of Theodoros Papagiannis at the Athens School of Fine Arts, from 1970 to 2009, played a decisive role in shaping many of them.<\/p>\n<p>&nbsp;<\/p>\n<p>Papagiannis himself states:&nbsp;<em>\u201cI deeply believe that a teacher in an art school does not only give, but also receives,\u201d<\/em>&nbsp;describing a reciprocal relationship in which teaching is inseparable from continuous exploration and evolution. In his workshop, education extended beyond theory, focusing on direct engagement with materials, nature, and the creative process.&nbsp;<em>\u201cWe wanted students to learn to see with their own eyes,\u201d he notes, summarizing a philosophy that emphasized autonomy and personal expression.<\/em><\/p>\n<p>&nbsp;<\/p>\n<p>The works presented in the exhibition reflect precisely this approach: an ongoing confrontation with form, material, and space, as well as a deeper need to understand the world. Through diverse techniques and perspectives, the artists create a polyphonic body of work that highlights the vitality and dynamism of contemporary sculpture.<\/p>\n<p>&nbsp;<\/p>\n<p>At the same time, the exhibition engages in dialogue with the history of Greek sculpture, evoking figures such as Yannis Pappas, Christos Kapralos, and Giorgos Zongolopoulos, who shaped the country\u2019s modern artistic identity. This reference to tradition does not function nostalgically, but rather as a reminder of continuity and the responsibility borne by each new generation of creators. The central question of the exhibition remains whether sculpture today is an object of praise or moving toward a kind of \u201crequiem.\u201d The answer emerges through the exhibition experience itself: despite its challenges, sculpture continues to resist, transform, and assert its place in the contemporary world.<\/p>\n<p>&nbsp;<\/p>\n<p>As the curator emphasizes, \u201cknowledge of art is not a useless luxury but an act of essential self-awareness.\u201d This is precisely where \u201cIn Praise of Sculpture\u201d focuses: on art as necessity, as a means of understanding, and as a force capable of transforming everyday life into experience.<\/p>\n<p>&nbsp;<\/p>\n<p><strong>Theodoros Papagiannis<\/strong><br \/>\nTheodoros Papagiannis was born in 1942 in Elliniko, Ioannina. He studied on scholarship at the Athens School of Fine Arts and continued his education in Paris, focusing on new sculptural materials. During a sabbatical, he lived in New York. He has held over 50 solo exhibitions in Greece and abroad. He has been honoured by the President of the Hellenic Republic with the rank of Commander of the Order of the Phoenix, and by the Academy of Athens with the Silver Medal. The 10th Gymnasium of Ioannina bears his name. He is an Honorary Doctor of the University of Ioannina and taught for 39 years at the Athens School of Fine Arts. Today, he is Professor Emeritus of the institution. In 2009, he founded the Museum of Contemporary Art in Elliniko, Ioannina. He lives and works in Athens.<\/p>\n<p>&nbsp;<\/p>\n<p><strong>Participating Sculptors<\/strong><br \/>\nVassilis Vassili, Kostas Vryttias, Stelios Gavalas, Aspasia Gianneta, Kostas Dikefalos, Aris Katsilakis, Aphrodite Liti, Giorgos Lappas, Andreas Lolis, Loukas Loukidis, Thanasis Beroutsos, Antonia Papantzanaki, Periklis Pravitas, Dimitris Skalkotos, Giorgos Stamatopoulos, Nikos Tranos, Leonidas Chalepas, Dimitris Christogiannis.[\/vc_column_text][vc_empty_space height=&#8221;22px&#8221;][\/vc_column][vc_column width=&#8221;1\/3&#8243;]\n\t\t\t<div class=\"nm-banner content-full image-type-fluid text-color-dark\" style=\"\"><img decoding=\"async\" src=\"https:\/\/ikastikos-kiklos.com\/wp-content\/uploads\/2026\/05\/feature-papagiannis.jpg\" alt=\"feature-papagiannis\" \/>\n\t\t\t<\/div>[vc_empty_space height=&#8221;22px&#8221;][vc_column_text]OPENING<br \/>\n<strong>Friday 15 May at 7.30p.m.<\/strong><\/p>\n<p>DURATION<br \/>\n<strong>15\/5 &#8211; 6\/6\/2026<\/strong><\/p>\n<p>CURATION<br \/>\n<strong>Manos Stefanidis<\/strong>[\/vc_column_text][\/vc_column][\/vc_row]<\/p>\n<\/div>","protected":false},"excerpt":{"rendered":"<p>[vc_row][vc_column width=&#8221;2\/3&#8243;][vc_empty_space height=&#8221;22px&#8221;][vc_custom_heading text=&#8221;\u201cIn Praise of Sculpture\u201d 1st Sculpture Workshop: 18 artists honour their teacher, &hellip;<\/p>\n","protected":false},"author":3,"featured_media":0,"parent":0,"menu_order":0,"comment_status":"closed","ping_status":"closed","template":"","meta":{"ngg_post_thumbnail":0,"footnotes":""},"class_list":["post-54259","page","type-page","status-publish","hentry"],"yoast_head":"<!-- This site is optimized with the Yoast SEO plugin v27.4 - https:\/\/yoast.com\/product\/yoast-seo-wordpress\/ -->\n<title>\u201cIn Praise of Sculpture\u201d 18 artists honour Theodoros Papagiannis<\/title>\n<meta name=\"description\" content=\"\u201cIn Praise of Sculpture\u201d 1st Sculpture Workshop: 18 artists honour their teacher, Theodoros Papagiannis at Sianti Gallery\" \/>\n<meta name=\"robots\" content=\"index, follow, max-snippet:-1, max-image-preview:large, max-video-preview:-1\" \/>\n<link rel=\"canonical\" href=\"https:\/\/ikastikos-kiklos.com\/en\/in-praise-of-sculpture-1st-sculpture-workshop-18-artists-honour-their-teacher-theodoros-papagiannis\/\" \/>\n<meta property=\"og:locale\" content=\"en_US\" \/>\n<meta property=\"og:type\" content=\"article\" \/>\n<meta property=\"og:title\" content=\"\u201cIn Praise of Sculpture\u201d 18 artists honour Theodoros Papagiannis\" \/>\n<meta property=\"og:description\" content=\"\u201cIn Praise of Sculpture\u201d 1st Sculpture Workshop: 18 artists honour their teacher, Theodoros Papagiannis at Sianti Gallery\" \/>\n<meta property=\"og:url\" content=\"https:\/\/ikastikos-kiklos.com\/en\/in-praise-of-sculpture-1st-sculpture-workshop-18-artists-honour-their-teacher-theodoros-papagiannis\/\" \/>\n<meta property=\"og:site_name\" content=\"Ikastikos Kiklos - Zografik\u00ed - Metaxotyp\u00edes - T\u00e9chniPainting - Silk Screen - Art\" \/>\n<meta property=\"article:publisher\" content=\"https:\/\/www.facebook.com\/ikastikoskiklossianti\/\" \/>\n<meta property=\"article:modified_time\" content=\"2026-05-06T05:37:13+00:00\" \/>\n<meta name=\"twitter:card\" content=\"summary_large_image\" \/>\n<meta name=\"twitter:label1\" content=\"Est. reading time\" \/>\n\t<meta name=\"twitter:data1\" content=\"5 minutes\" \/>\n<script type=\"application\/ld+json\" class=\"yoast-schema-graph\">{\"@context\":\"https:\\\/\\\/schema.org\",\"@graph\":[{\"@type\":\"WebPage\",\"@id\":\"https:\\\/\\\/ikastikos-kiklos.com\\\/en\\\/in-praise-of-sculpture-1st-sculpture-workshop-18-artists-honour-their-teacher-theodoros-papagiannis\\\/\",\"url\":\"https:\\\/\\\/ikastikos-kiklos.com\\\/en\\\/in-praise-of-sculpture-1st-sculpture-workshop-18-artists-honour-their-teacher-theodoros-papagiannis\\\/\",\"name\":\"\u201cIn Praise of Sculpture\u201d 18 artists honour Theodoros Papagiannis\",\"isPartOf\":{\"@id\":\"https:\\\/\\\/ikastikos-kiklos.com\\\/en\\\/#website\"},\"datePublished\":\"2026-05-06T05:36:07+00:00\",\"dateModified\":\"2026-05-06T05:37:13+00:00\",\"description\":\"\u201cIn Praise of Sculpture\u201d 1st Sculpture Workshop: 18 artists honour their teacher, Theodoros Papagiannis at Sianti Gallery\",\"breadcrumb\":{\"@id\":\"https:\\\/\\\/ikastikos-kiklos.com\\\/en\\\/in-praise-of-sculpture-1st-sculpture-workshop-18-artists-honour-their-teacher-theodoros-papagiannis\\\/#breadcrumb\"},\"inLanguage\":\"en-US\",\"potentialAction\":[{\"@type\":\"ReadAction\",\"target\":[\"https:\\\/\\\/ikastikos-kiklos.com\\\/en\\\/in-praise-of-sculpture-1st-sculpture-workshop-18-artists-honour-their-teacher-theodoros-papagiannis\\\/\"]}]},{\"@type\":\"BreadcrumbList\",\"@id\":\"https:\\\/\\\/ikastikos-kiklos.com\\\/en\\\/in-praise-of-sculpture-1st-sculpture-workshop-18-artists-honour-their-teacher-theodoros-papagiannis\\\/#breadcrumb\",\"itemListElement\":[{\"@type\":\"ListItem\",\"position\":1,\"name\":\"Home\",\"item\":\"https:\\\/\\\/ikastikos-kiklos.com\\\/en\\\/\"},{\"@type\":\"ListItem\",\"position\":2,\"name\":\"\u201cIn Praise of Sculpture\u201d 1st Sculpture Workshop: 18 artists honour their teacher, Theodoros Papagiannis\"}]},{\"@type\":\"WebSite\",\"@id\":\"https:\\\/\\\/ikastikos-kiklos.com\\\/en\\\/#website\",\"url\":\"https:\\\/\\\/ikastikos-kiklos.com\\\/en\\\/\",\"name\":\"Ikastikos Kiklos - Zografik\u00ed - Metaxotyp\u00edes - T\u00e9chniPainting - Silk Screen - Art\",\"description\":\"\",\"publisher\":{\"@id\":\"https:\\\/\\\/ikastikos-kiklos.com\\\/en\\\/#organization\"},\"potentialAction\":[{\"@type\":\"SearchAction\",\"target\":{\"@type\":\"EntryPoint\",\"urlTemplate\":\"https:\\\/\\\/ikastikos-kiklos.com\\\/en\\\/?s={search_term_string}\"},\"query-input\":{\"@type\":\"PropertyValueSpecification\",\"valueRequired\":true,\"valueName\":\"search_term_string\"}}],\"inLanguage\":\"en-US\"},{\"@type\":\"Organization\",\"@id\":\"https:\\\/\\\/ikastikos-kiklos.com\\\/en\\\/#organization\",\"name\":\"Ikastikos Kiklos - Zografik\u00ed - Metaxotyp\u00edes - T\u00e9chniPainting - Silk Screen - Art\",\"url\":\"https:\\\/\\\/ikastikos-kiklos.com\\\/en\\\/\",\"logo\":{\"@type\":\"ImageObject\",\"inLanguage\":\"en-US\",\"@id\":\"https:\\\/\\\/ikastikos-kiklos.com\\\/en\\\/#\\\/schema\\\/logo\\\/image\\\/\",\"url\":\"https:\\\/\\\/ikastikos-kiklos.com\\\/wp-content\\\/uploads\\\/2022\\\/10\\\/cropped-favicon_ikastikos.png\",\"contentUrl\":\"https:\\\/\\\/ikastikos-kiklos.com\\\/wp-content\\\/uploads\\\/2022\\\/10\\\/cropped-favicon_ikastikos.png\",\"width\":512,\"height\":512,\"caption\":\"Ikastikos Kiklos - Zografik\u00ed - Metaxotyp\u00edes - T\u00e9chniPainting - Silk Screen - Art\"},\"image\":{\"@id\":\"https:\\\/\\\/ikastikos-kiklos.com\\\/en\\\/#\\\/schema\\\/logo\\\/image\\\/\"},\"sameAs\":[\"https:\\\/\\\/www.facebook.com\\\/ikastikoskiklossianti\\\/\"]}]}<\/script>\n<!-- \/ Yoast SEO plugin. -->","yoast_head_json":{"title":"\u201cIn Praise of Sculpture\u201d 18 artists honour Theodoros Papagiannis","description":"\u201cIn Praise of Sculpture\u201d 1st Sculpture Workshop: 18 artists honour their teacher, Theodoros Papagiannis at Sianti Gallery","robots":{"index":"index","follow":"follow","max-snippet":"max-snippet:-1","max-image-preview":"max-image-preview:large","max-video-preview":"max-video-preview:-1"},"canonical":"https:\/\/ikastikos-kiklos.com\/en\/in-praise-of-sculpture-1st-sculpture-workshop-18-artists-honour-their-teacher-theodoros-papagiannis\/","og_locale":"en_US","og_type":"article","og_title":"\u201cIn Praise of Sculpture\u201d 18 artists honour Theodoros Papagiannis","og_description":"\u201cIn Praise of Sculpture\u201d 1st Sculpture Workshop: 18 artists honour their teacher, Theodoros Papagiannis at Sianti Gallery","og_url":"https:\/\/ikastikos-kiklos.com\/en\/in-praise-of-sculpture-1st-sculpture-workshop-18-artists-honour-their-teacher-theodoros-papagiannis\/","og_site_name":"Ikastikos Kiklos - Zografik\u00ed - Metaxotyp\u00edes - T\u00e9chniPainting - Silk Screen - Art","article_publisher":"https:\/\/www.facebook.com\/ikastikoskiklossianti\/","article_modified_time":"2026-05-06T05:37:13+00:00","twitter_card":"summary_large_image","twitter_misc":{"Est. reading time":"5 minutes"},"schema":{"@context":"https:\/\/schema.org","@graph":[{"@type":"WebPage","@id":"https:\/\/ikastikos-kiklos.com\/en\/in-praise-of-sculpture-1st-sculpture-workshop-18-artists-honour-their-teacher-theodoros-papagiannis\/","url":"https:\/\/ikastikos-kiklos.com\/en\/in-praise-of-sculpture-1st-sculpture-workshop-18-artists-honour-their-teacher-theodoros-papagiannis\/","name":"\u201cIn Praise of Sculpture\u201d 18 artists honour Theodoros Papagiannis","isPartOf":{"@id":"https:\/\/ikastikos-kiklos.com\/en\/#website"},"datePublished":"2026-05-06T05:36:07+00:00","dateModified":"2026-05-06T05:37:13+00:00","description":"\u201cIn Praise of Sculpture\u201d 1st Sculpture Workshop: 18 artists honour their teacher, Theodoros Papagiannis at Sianti Gallery","breadcrumb":{"@id":"https:\/\/ikastikos-kiklos.com\/en\/in-praise-of-sculpture-1st-sculpture-workshop-18-artists-honour-their-teacher-theodoros-papagiannis\/#breadcrumb"},"inLanguage":"en-US","potentialAction":[{"@type":"ReadAction","target":["https:\/\/ikastikos-kiklos.com\/en\/in-praise-of-sculpture-1st-sculpture-workshop-18-artists-honour-their-teacher-theodoros-papagiannis\/"]}]},{"@type":"BreadcrumbList","@id":"https:\/\/ikastikos-kiklos.com\/en\/in-praise-of-sculpture-1st-sculpture-workshop-18-artists-honour-their-teacher-theodoros-papagiannis\/#breadcrumb","itemListElement":[{"@type":"ListItem","position":1,"name":"Home","item":"https:\/\/ikastikos-kiklos.com\/en\/"},{"@type":"ListItem","position":2,"name":"\u201cIn Praise of Sculpture\u201d 1st Sculpture Workshop: 18 artists honour their teacher, Theodoros Papagiannis"}]},{"@type":"WebSite","@id":"https:\/\/ikastikos-kiklos.com\/en\/#website","url":"https:\/\/ikastikos-kiklos.com\/en\/","name":"Ikastikos Kiklos - Zografik\u00ed - Metaxotyp\u00edes - T\u00e9chniPainting - Silk Screen - Art","description":"","publisher":{"@id":"https:\/\/ikastikos-kiklos.com\/en\/#organization"},"potentialAction":[{"@type":"SearchAction","target":{"@type":"EntryPoint","urlTemplate":"https:\/\/ikastikos-kiklos.com\/en\/?s={search_term_string}"},"query-input":{"@type":"PropertyValueSpecification","valueRequired":true,"valueName":"search_term_string"}}],"inLanguage":"en-US"},{"@type":"Organization","@id":"https:\/\/ikastikos-kiklos.com\/en\/#organization","name":"Ikastikos Kiklos - Zografik\u00ed - Metaxotyp\u00edes - T\u00e9chniPainting - Silk Screen - Art","url":"https:\/\/ikastikos-kiklos.com\/en\/","logo":{"@type":"ImageObject","inLanguage":"en-US","@id":"https:\/\/ikastikos-kiklos.com\/en\/#\/schema\/logo\/image\/","url":"https:\/\/ikastikos-kiklos.com\/wp-content\/uploads\/2022\/10\/cropped-favicon_ikastikos.png","contentUrl":"https:\/\/ikastikos-kiklos.com\/wp-content\/uploads\/2022\/10\/cropped-favicon_ikastikos.png","width":512,"height":512,"caption":"Ikastikos Kiklos - Zografik\u00ed - Metaxotyp\u00edes - T\u00e9chniPainting - Silk Screen - Art"},"image":{"@id":"https:\/\/ikastikos-kiklos.com\/en\/#\/schema\/logo\/image\/"},"sameAs":["https:\/\/www.facebook.com\/ikastikoskiklossianti\/"]}]}},"_links":{"self":[{"href":"https:\/\/ikastikos-kiklos.com\/en\/wp-json\/wp\/v2\/pages\/54259","targetHints":{"allow":["GET"]}}],"collection":[{"href":"https:\/\/ikastikos-kiklos.com\/en\/wp-json\/wp\/v2\/pages"}],"about":[{"href":"https:\/\/ikastikos-kiklos.com\/en\/wp-json\/wp\/v2\/types\/page"}],"author":[{"embeddable":true,"href":"https:\/\/ikastikos-kiklos.com\/en\/wp-json\/wp\/v2\/users\/3"}],"replies":[{"embeddable":true,"href":"https:\/\/ikastikos-kiklos.com\/en\/wp-json\/wp\/v2\/comments?post=54259"}],"version-history":[{"count":3,"href":"https:\/\/ikastikos-kiklos.com\/en\/wp-json\/wp\/v2\/pages\/54259\/revisions"}],"predecessor-version":[{"id":54264,"href":"https:\/\/ikastikos-kiklos.com\/en\/wp-json\/wp\/v2\/pages\/54259\/revisions\/54264"}],"wp:attachment":[{"href":"https:\/\/ikastikos-kiklos.com\/en\/wp-json\/wp\/v2\/media?parent=54259"}],"curies":[{"name":"wp","href":"https:\/\/api.w.org\/{rel}","templated":true}]}}