{"id":53713,"date":"2026-01-23T08:58:03","date_gmt":"2026-01-23T06:58:03","guid":{"rendered":"https:\/\/ikastikos-kiklos.com\/nikos-siskos-dessert\/"},"modified":"2026-02-09T19:02:09","modified_gmt":"2026-02-09T17:02:09","slug":"nikos-siskos-dessert","status":"publish","type":"page","link":"https:\/\/ikastikos-kiklos.com\/en\/nikos-siskos-dessert\/","title":{"rendered":"Nikos Siskos &#8220;DESSERT&#8221;"},"content":{"rendered":"<div class=\"wpb-content-wrapper\"><p>[vc_row][vc_column width=&#8221;2\/3&#8243;][vc_empty_space height=&#8221;12px&#8221;]\n\t\t\t<div class=\"nm-banner content-full image-type-fluid text-color-dark\" style=\"\"><img decoding=\"async\" src=\"https:\/\/ikastikos-kiklos.com\/wp-content\/uploads\/2026\/01\/SITE-BANNER-PC-\u0395\u039e\u03a9\u03a4\u0395\u03a1\u0399\u039a\u039f-eng.png\" alt=\"SITE BANNER PC \u0395\u039e\u03a9\u03a4\u0395\u03a1\u0399\u039a\u039f-eng\" \/>\n\t\t\t<\/div>[vc_empty_space height=&#8221;12px&#8221;][vc_custom_heading text=&#8221;&#8220;DESSERT&#8220; Nikos Siskos&#8221;][vc_empty_space height=&#8221;12px&#8221;][vc_column_text]Sianti Gallery inaugurates on Friday, February 6 at 19:00 pm the solo painting exhibition \u201cDESSERT\u201d by Nikos Siskos, presenting a new body of work that focuses on the concept of desire and its relationship with beauty and the uncanny.<\/p>\n<p>One of the most incisive portraitists of his generation, the artist approaches dessert not as a gastronomic pleasure, but as an idea. It carries the character of provocation and play, almost a subtle form of sacrilege: a sweet sin pursued with full awareness of its fleeting nature , a moment detached from the seriousness of rules and restraint.<\/p>\n<p>As noted by the exhibition\u2019s curator, George Mylonas, \u201c<em>In Dessert, the artist engages with images that our era produces faster than the eye can fully process: the \u2018faces\u2019 of social media, where appearance precedes experience and the shine of the profile is staged for public approval\u2026 Through this ironic dialogue with our digital age, Siskos constructs a painting in which pop gloss does not soothe the gaze but draws it deeper into the riddle of desire.<\/em>\u201d<\/p>\n<p><iframe style=\"width: 900px; height: 500px;\" src=\"https:\/\/online.fliphtml5.com\/aomdi\/bmai\/\" frameborder=\"0\" scrolling=\"no\" seamless=\"seamless\" allowfullscreen=\"allowfullscreen\"><\/iframe>&nbsp;<\/p>\n<p>In his works, human figures appear holding sweets, while insects, animals, and paradoxical elements move around them, disrupting visual balance. The sweet coexists with the threatening, the attractive with the uncanny. Pleasure is not presented as innocent; it contains tension and inner unrest.<\/p>\n<p>Siskos employs a meticulous, almost obsessive realism rooted in the Western painting tradition, enriched with pop chromatic references, in order to undermine conventional beauty. The \u201cbeautiful\u201d functions as bait for the eye: it attracts the viewer only to lead them into an experience where detail reveals cracks, deviations, and underlying threats. His figures do not present themselves to communicate; they are faces that seem to wear their own image as one would wear a mask.<\/p>\n<p>As the curator emphasizes, this body of work constitutes \u201ca commentary on the human condition \u2014 a subtle oscillation between attraction and protection, longing and caution. It does not seek to linger on the tongue like a fading taste, but to remain as a trace of desire.\u201d<\/p>\n<p><strong>SEE PHOTOS FROM THE OPENING NIGHT<\/strong><\/p>\nngg_shortcode_0_placeholder\n<p><strong>About the Artist<\/strong><\/p>\n<p>Nikos Siskos was born in 1974 in Volos, Greece. He studied painting at the Athens School of Fine Arts as a scholarship student from 2002 to 2004 and graduated with honors in 2006, having studied under Dimitris Sakellionas and Giorgos Kazazis. In 2007, he was awarded a prize by the Academy of Athens. His work emphasizes intense color contrasts and meticulous detail, developing a pictorial language that moves between pop aesthetics and surrealism. A central element of his practice is the transformation of the figure, with references to art history, pop culture, and advertising, reappearing in hybrid, \u201cnon-normative\u201d versions.[\/vc_column_text][vc_empty_space height=&#8221;12px&#8221;][\/vc_column][vc_column width=&#8221;1\/3&#8243;][vc_empty_space height=&#8221;12px&#8221;]<div class=\"nm-banner-slider slider-type-boxed slick-slider slick-controls-gray slick-dots-disabled\" >\n\t\t\t<div class=\"nm-banner content-full image-type-fluid text-color-dark\" style=\"\"><img decoding=\"async\" src=\"https:\/\/ikastikos-kiklos.com\/wp-content\/uploads\/2026\/01\/Screenshot-2026-01-20-at-12.37.20-PM.png\" alt=\"Screenshot 2026-01-20 at 12.37.20\u202fPM\" \/>\n\t\t\t<\/div>\n\t\t\t<div class=\"nm-banner content-full image-type-fluid text-color-dark\" style=\"\"><img decoding=\"async\" src=\"https:\/\/ikastikos-kiklos.com\/wp-content\/uploads\/2026\/01\/Screenshot-2026-01-20-at-12.37.30-PM.png\" alt=\"Screenshot 2026-01-20 at 12.37.30\u202fPM\" \/>\n\t\t\t<\/div>\n\t\t\t<div class=\"nm-banner content-full image-type-fluid text-color-dark\" style=\"\"><img decoding=\"async\" src=\"https:\/\/ikastikos-kiklos.com\/wp-content\/uploads\/2026\/01\/Screenshot-2026-01-20-at-12.37.00-PM.png\" alt=\"Screenshot 2026-01-20 at 12.37.00\u202fPM\" \/>\n\t\t\t<\/div><\/div>[vc_empty_space height=&#8221;12px&#8221;][vc_column_text]Solo Painting Exhibition <strong>\u00abDESSERT\u00bb by Nikos Siskos<br \/>\n<\/strong>Place: <strong>Sianti Gallery<\/strong><br \/>\nDuration: <strong>6 \u2013 28 February 2026<\/strong><br \/>\nCuration: <strong>George Mylonas<\/strong>[\/vc_column_text][vc_empty_space height=&#8221;12px&#8221;][vc_custom_heading text=&#8221;Press&#8221; google_fonts=&#8221;font_family:Ubuntu%3A300%2C300italic%2Cregular%2Citalic%2C500%2C500italic%2C700%2C700italic|font_style:400%20regular%3A400%3Anormal&#8221;][vc_empty_space height=&#8221;12px&#8221;]\n\t\t\t<div class=\"nm-banner content-full image-type-fluid text-color-dark\" style=\"\"><a href=\"https:\/\/en.protothema.gr\/2026\/02\/02\/dessert-painting-exhibition-by-nikos-siskos-at-sianti-gallery\/\" class=\"nm-banner-link nm-banner-link-full\" target=\"_blank\"><img decoding=\"async\" src=\"https:\/\/ikastikos-kiklos.com\/wp-content\/uploads\/2026\/02\/Screenshot-2026-02-04-at-8.31.42-AM-scaled.png\" alt=\"Screenshot 2026-02-04 at 8.31.42\u202fAM\" \/><\/a>\n\t\t\t<\/div>[\/vc_column][\/vc_row]<\/p>\n<\/div>","protected":false},"excerpt":{"rendered":"<p>[vc_row][vc_column width=&#8221;2\/3&#8243;][vc_empty_space height=&#8221;12px&#8221;][vc_empty_space height=&#8221;12px&#8221;][vc_custom_heading text=&#8221;&#8220;DESSERT&#8220; Nikos Siskos&#8221;][vc_empty_space height=&#8221;12px&#8221;][vc_column_text]Sianti Gallery inaugurates on Friday, February 6 at &hellip;<\/p>\n","protected":false},"author":3,"featured_media":0,"parent":0,"menu_order":0,"comment_status":"closed","ping_status":"closed","template":"","meta":{"ngg_post_thumbnail":0,"footnotes":""},"class_list":["post-53713","page","type-page","status-publish","hentry"],"yoast_head":"<!-- This site is optimized with the Yoast SEO plugin v27.4 - https:\/\/yoast.com\/product\/yoast-seo-wordpress\/ -->\n<title>Painting Solo Exhibition Nikos Siskos &quot;DESSERT&quot;<\/title>\n<meta name=\"description\" content=\"Painting Solo Exhibition Nikos Siskos &quot;DESSERT&quot; at Ikastikos Kiklos Sianti Gallery from 6 to 28 February 2026\" \/>\n<meta name=\"robots\" content=\"index, follow, max-snippet:-1, max-image-preview:large, max-video-preview:-1\" \/>\n<link rel=\"canonical\" href=\"https:\/\/ikastikos-kiklos.com\/en\/nikos-siskos-dessert\/\" \/>\n<meta property=\"og:locale\" content=\"en_US\" \/>\n<meta property=\"og:type\" content=\"article\" \/>\n<meta property=\"og:title\" content=\"Painting Solo Exhibition Nikos Siskos &quot;DESSERT&quot;\" \/>\n<meta property=\"og:description\" content=\"Painting Solo Exhibition Nikos Siskos &quot;DESSERT&quot; at Ikastikos Kiklos Sianti Gallery from 6 to 28 February 2026\" \/>\n<meta property=\"og:url\" content=\"https:\/\/ikastikos-kiklos.com\/en\/nikos-siskos-dessert\/\" \/>\n<meta property=\"og:site_name\" content=\"Ikastikos Kiklos - Zografik\u00ed - Metaxotyp\u00edes - T\u00e9chniPainting - Silk Screen - Art\" \/>\n<meta property=\"article:publisher\" content=\"https:\/\/www.facebook.com\/ikastikoskiklossianti\/\" \/>\n<meta property=\"article:modified_time\" content=\"2026-02-09T17:02:09+00:00\" \/>\n<meta name=\"twitter:card\" content=\"summary_large_image\" \/>\n<meta name=\"twitter:label1\" content=\"Est. reading time\" \/>\n\t<meta name=\"twitter:data1\" content=\"4 minutes\" \/>\n<script type=\"application\/ld+json\" class=\"yoast-schema-graph\">{\"@context\":\"https:\\\/\\\/schema.org\",\"@graph\":[{\"@type\":\"WebPage\",\"@id\":\"https:\\\/\\\/ikastikos-kiklos.com\\\/en\\\/nikos-siskos-dessert\\\/\",\"url\":\"https:\\\/\\\/ikastikos-kiklos.com\\\/en\\\/nikos-siskos-dessert\\\/\",\"name\":\"Painting Solo Exhibition Nikos Siskos \\\"DESSERT\\\"\",\"isPartOf\":{\"@id\":\"https:\\\/\\\/ikastikos-kiklos.com\\\/en\\\/#website\"},\"datePublished\":\"2026-01-23T06:58:03+00:00\",\"dateModified\":\"2026-02-09T17:02:09+00:00\",\"description\":\"Painting Solo Exhibition Nikos Siskos \\\"DESSERT\\\" at Ikastikos Kiklos Sianti Gallery from 6 to 28 February 2026\",\"breadcrumb\":{\"@id\":\"https:\\\/\\\/ikastikos-kiklos.com\\\/en\\\/nikos-siskos-dessert\\\/#breadcrumb\"},\"inLanguage\":\"en-US\",\"potentialAction\":[{\"@type\":\"ReadAction\",\"target\":[\"https:\\\/\\\/ikastikos-kiklos.com\\\/en\\\/nikos-siskos-dessert\\\/\"]}]},{\"@type\":\"BreadcrumbList\",\"@id\":\"https:\\\/\\\/ikastikos-kiklos.com\\\/en\\\/nikos-siskos-dessert\\\/#breadcrumb\",\"itemListElement\":[{\"@type\":\"ListItem\",\"position\":1,\"name\":\"Home\",\"item\":\"https:\\\/\\\/ikastikos-kiklos.com\\\/en\\\/\"},{\"@type\":\"ListItem\",\"position\":2,\"name\":\"Nikos Siskos &#8220;DESSERT&#8221;\"}]},{\"@type\":\"WebSite\",\"@id\":\"https:\\\/\\\/ikastikos-kiklos.com\\\/en\\\/#website\",\"url\":\"https:\\\/\\\/ikastikos-kiklos.com\\\/en\\\/\",\"name\":\"Ikastikos Kiklos - Zografik\u00ed - Metaxotyp\u00edes - T\u00e9chniPainting - Silk Screen - Art\",\"description\":\"\",\"publisher\":{\"@id\":\"https:\\\/\\\/ikastikos-kiklos.com\\\/en\\\/#organization\"},\"potentialAction\":[{\"@type\":\"SearchAction\",\"target\":{\"@type\":\"EntryPoint\",\"urlTemplate\":\"https:\\\/\\\/ikastikos-kiklos.com\\\/en\\\/?s={search_term_string}\"},\"query-input\":{\"@type\":\"PropertyValueSpecification\",\"valueRequired\":true,\"valueName\":\"search_term_string\"}}],\"inLanguage\":\"en-US\"},{\"@type\":\"Organization\",\"@id\":\"https:\\\/\\\/ikastikos-kiklos.com\\\/en\\\/#organization\",\"name\":\"Ikastikos Kiklos - Zografik\u00ed - Metaxotyp\u00edes - T\u00e9chniPainting - Silk Screen - Art\",\"url\":\"https:\\\/\\\/ikastikos-kiklos.com\\\/en\\\/\",\"logo\":{\"@type\":\"ImageObject\",\"inLanguage\":\"en-US\",\"@id\":\"https:\\\/\\\/ikastikos-kiklos.com\\\/en\\\/#\\\/schema\\\/logo\\\/image\\\/\",\"url\":\"https:\\\/\\\/ikastikos-kiklos.com\\\/wp-content\\\/uploads\\\/2022\\\/10\\\/cropped-favicon_ikastikos.png\",\"contentUrl\":\"https:\\\/\\\/ikastikos-kiklos.com\\\/wp-content\\\/uploads\\\/2022\\\/10\\\/cropped-favicon_ikastikos.png\",\"width\":512,\"height\":512,\"caption\":\"Ikastikos Kiklos - Zografik\u00ed - Metaxotyp\u00edes - T\u00e9chniPainting - Silk Screen - Art\"},\"image\":{\"@id\":\"https:\\\/\\\/ikastikos-kiklos.com\\\/en\\\/#\\\/schema\\\/logo\\\/image\\\/\"},\"sameAs\":[\"https:\\\/\\\/www.facebook.com\\\/ikastikoskiklossianti\\\/\"]}]}<\/script>\n<!-- \/ Yoast SEO plugin. -->","yoast_head_json":{"title":"Painting Solo Exhibition Nikos Siskos \"DESSERT\"","description":"Painting Solo Exhibition Nikos Siskos \"DESSERT\" at Ikastikos Kiklos Sianti Gallery from 6 to 28 February 2026","robots":{"index":"index","follow":"follow","max-snippet":"max-snippet:-1","max-image-preview":"max-image-preview:large","max-video-preview":"max-video-preview:-1"},"canonical":"https:\/\/ikastikos-kiklos.com\/en\/nikos-siskos-dessert\/","og_locale":"en_US","og_type":"article","og_title":"Painting Solo Exhibition Nikos Siskos \"DESSERT\"","og_description":"Painting Solo Exhibition Nikos Siskos \"DESSERT\" at Ikastikos Kiklos Sianti Gallery from 6 to 28 February 2026","og_url":"https:\/\/ikastikos-kiklos.com\/en\/nikos-siskos-dessert\/","og_site_name":"Ikastikos Kiklos - Zografik\u00ed - Metaxotyp\u00edes - T\u00e9chniPainting - Silk Screen - Art","article_publisher":"https:\/\/www.facebook.com\/ikastikoskiklossianti\/","article_modified_time":"2026-02-09T17:02:09+00:00","twitter_card":"summary_large_image","twitter_misc":{"Est. reading time":"4 minutes"},"schema":{"@context":"https:\/\/schema.org","@graph":[{"@type":"WebPage","@id":"https:\/\/ikastikos-kiklos.com\/en\/nikos-siskos-dessert\/","url":"https:\/\/ikastikos-kiklos.com\/en\/nikos-siskos-dessert\/","name":"Painting Solo Exhibition Nikos Siskos \"DESSERT\"","isPartOf":{"@id":"https:\/\/ikastikos-kiklos.com\/en\/#website"},"datePublished":"2026-01-23T06:58:03+00:00","dateModified":"2026-02-09T17:02:09+00:00","description":"Painting Solo Exhibition Nikos Siskos \"DESSERT\" at Ikastikos Kiklos Sianti Gallery from 6 to 28 February 2026","breadcrumb":{"@id":"https:\/\/ikastikos-kiklos.com\/en\/nikos-siskos-dessert\/#breadcrumb"},"inLanguage":"en-US","potentialAction":[{"@type":"ReadAction","target":["https:\/\/ikastikos-kiklos.com\/en\/nikos-siskos-dessert\/"]}]},{"@type":"BreadcrumbList","@id":"https:\/\/ikastikos-kiklos.com\/en\/nikos-siskos-dessert\/#breadcrumb","itemListElement":[{"@type":"ListItem","position":1,"name":"Home","item":"https:\/\/ikastikos-kiklos.com\/en\/"},{"@type":"ListItem","position":2,"name":"Nikos Siskos &#8220;DESSERT&#8221;"}]},{"@type":"WebSite","@id":"https:\/\/ikastikos-kiklos.com\/en\/#website","url":"https:\/\/ikastikos-kiklos.com\/en\/","name":"Ikastikos Kiklos - Zografik\u00ed - Metaxotyp\u00edes - T\u00e9chniPainting - Silk Screen - Art","description":"","publisher":{"@id":"https:\/\/ikastikos-kiklos.com\/en\/#organization"},"potentialAction":[{"@type":"SearchAction","target":{"@type":"EntryPoint","urlTemplate":"https:\/\/ikastikos-kiklos.com\/en\/?s={search_term_string}"},"query-input":{"@type":"PropertyValueSpecification","valueRequired":true,"valueName":"search_term_string"}}],"inLanguage":"en-US"},{"@type":"Organization","@id":"https:\/\/ikastikos-kiklos.com\/en\/#organization","name":"Ikastikos Kiklos - Zografik\u00ed - Metaxotyp\u00edes - T\u00e9chniPainting - Silk Screen - Art","url":"https:\/\/ikastikos-kiklos.com\/en\/","logo":{"@type":"ImageObject","inLanguage":"en-US","@id":"https:\/\/ikastikos-kiklos.com\/en\/#\/schema\/logo\/image\/","url":"https:\/\/ikastikos-kiklos.com\/wp-content\/uploads\/2022\/10\/cropped-favicon_ikastikos.png","contentUrl":"https:\/\/ikastikos-kiklos.com\/wp-content\/uploads\/2022\/10\/cropped-favicon_ikastikos.png","width":512,"height":512,"caption":"Ikastikos Kiklos - Zografik\u00ed - Metaxotyp\u00edes - T\u00e9chniPainting - Silk Screen - Art"},"image":{"@id":"https:\/\/ikastikos-kiklos.com\/en\/#\/schema\/logo\/image\/"},"sameAs":["https:\/\/www.facebook.com\/ikastikoskiklossianti\/"]}]}},"_links":{"self":[{"href":"https:\/\/ikastikos-kiklos.com\/en\/wp-json\/wp\/v2\/pages\/53713","targetHints":{"allow":["GET"]}}],"collection":[{"href":"https:\/\/ikastikos-kiklos.com\/en\/wp-json\/wp\/v2\/pages"}],"about":[{"href":"https:\/\/ikastikos-kiklos.com\/en\/wp-json\/wp\/v2\/types\/page"}],"author":[{"embeddable":true,"href":"https:\/\/ikastikos-kiklos.com\/en\/wp-json\/wp\/v2\/users\/3"}],"replies":[{"embeddable":true,"href":"https:\/\/ikastikos-kiklos.com\/en\/wp-json\/wp\/v2\/comments?post=53713"}],"version-history":[{"count":5,"href":"https:\/\/ikastikos-kiklos.com\/en\/wp-json\/wp\/v2\/pages\/53713\/revisions"}],"predecessor-version":[{"id":53935,"href":"https:\/\/ikastikos-kiklos.com\/en\/wp-json\/wp\/v2\/pages\/53713\/revisions\/53935"}],"wp:attachment":[{"href":"https:\/\/ikastikos-kiklos.com\/en\/wp-json\/wp\/v2\/media?parent=53713"}],"curies":[{"name":"wp","href":"https:\/\/api.w.org\/{rel}","templated":true}]}}