{"id":53294,"date":"2025-12-14T11:10:43","date_gmt":"2025-12-14T09:10:43","guid":{"rendered":"https:\/\/ikastikos-kiklos.com\/small-scale-paintings-2025-2026\/"},"modified":"2025-12-14T11:17:23","modified_gmt":"2025-12-14T09:17:23","slug":"small-scale-paintings-2025-2026","status":"publish","type":"page","link":"https:\/\/ikastikos-kiklos.com\/en\/small-scale-paintings-2025-2026\/","title":{"rendered":"\u201cSmall-Scale Paintings 2025\u20132026\u201d"},"content":{"rendered":"<div class=\"wpb-content-wrapper\"><p>[vc_row][vc_column width=&#8221;2\/3&#8243;]\n\t\t\t<div class=\"nm-banner content-full image-type-fluid text-color-dark\" style=\"\"><img decoding=\"async\" src=\"https:\/\/ikastikos-kiklos.com\/wp-content\/uploads\/2025\/12\/eng-home-ikastikos.jpg\" alt=\"eng-home-ikastikos\" \/>\n\t\t\t<\/div>[vc_empty_space][vc_custom_heading text=&#8221;\u201cSmall-Scale Paintings 2025\u20132026\u201d&#8221; google_fonts=&#8221;font_family:Ubuntu%20Condensed%3Aregular|font_style:400%20regular%3A400%3Anormal&#8221;][vc_empty_space][vc_column_text]<strong>Sianti Gallery<\/strong>&nbsp;inaugurates on&nbsp;<strong>Saturday, December 13, 2025<\/strong>,&nbsp;<strong>at 12:00 its annual group exhibition \u201cSmall-Scale Paintings 2025\u20132026,\u201d<\/strong>&nbsp;one of the gallery\u2019s most established and beloved institutions among art lovers. The exhibition continues the long-standing tradition of highlighting the creative power of small-format works, proving that limited dimensions can host a wealth of ideas, techniques, and emotions.<\/p>\n<p><strong>Small Canvases, Big Stories<\/strong><\/p>\n<p>This year\u2019s exhibition brings together small-scale artworks\u2014most measuring 30 \u00d7 30cm\u2014by both established and emerging Greek artists. Despite their modest size, these works offer a concentrated expression of each artist\u2019s personal vision, radiating intensity, complexity, and authenticity. Abstract approaches, landscapes, human<br \/>\nfigures, symbols, and material experimentation come together in a vibrant dialogue across generations and aesthetic explorations.<\/p>\n<p><strong>Participating artists include:&nbsp;<\/strong>Peter Reginato, Paschalis Angelidis, Stathis Alexopoulos, Angelos Antonopoulos, Mina Valyraki, Yiannis Valyrakis, Costas Varotsos, Stathis Vatanidis, Spyros Verykios, Stelios Gavalas, Leonidas Giannakopoulos, George Zongolopoulos, Gogo Ieromonachou, Theofilos Katsipanos, Dimitris Koukos, Kostas Lavdas, Thanassis Lalas, Lila Belivanaki, Lambrini Boviatsou, Nikiforos, Eva Papadopoulou, Angelos Panagiotidis, Christina Papaioannou, Nikos-Giorgos Papoutsidis, Christina Sarantopoulou, Vasilis Selimas, Panagiotis Siagreece, Nikos Siskos, Sotiris Sorogas, Angelos Spartalis, Giorgos Stathopoulos, Maria Stefou, Anna Stroubakou, Aliona Tzoufi, Sofia Fotiadou, Apostolos Chantzaras, Manolis Charos, Dimitra Chanioti.<\/p>\n<p>&nbsp;<\/p>\n<p><strong><u>Philanthropic Action \u2013 9th Year \u2013 Association of Friends of Children with Cancer \u201cELPIDA\u201d<\/u><\/strong><\/p>\n<p><img loading=\"lazy\" decoding=\"async\" class=\"aligncenter size-large wp-image-53262\" src=\"https:\/\/ikastikos-kiklos.com\/wp-content\/uploads\/2025\/12\/Untitled-5-1-1024x244.jpg\" alt=\"\" width=\"1024\" height=\"244\" srcset=\"https:\/\/ikastikos-kiklos.com\/wp-content\/uploads\/2025\/12\/Untitled-5-1-1024x244.jpg 1024w, https:\/\/ikastikos-kiklos.com\/wp-content\/uploads\/2025\/12\/Untitled-5-1-300x71.jpg 300w, https:\/\/ikastikos-kiklos.com\/wp-content\/uploads\/2025\/12\/Untitled-5-1-768x183.jpg 768w, https:\/\/ikastikos-kiklos.com\/wp-content\/uploads\/2025\/12\/Untitled-5-1-1536x366.jpg 1536w, https:\/\/ikastikos-kiklos.com\/wp-content\/uploads\/2025\/12\/Untitled-5-1-2048x488.jpg 2048w, https:\/\/ikastikos-kiklos.com\/wp-content\/uploads\/2025\/12\/Untitled-5-1-680x162.jpg 680w, https:\/\/ikastikos-kiklos.com\/wp-content\/uploads\/2025\/12\/Untitled-5-1-700x167.jpg 700w, https:\/\/ikastikos-kiklos.com\/wp-content\/uploads\/2025\/12\/Untitled-5-1-220x52.jpg 220w, https:\/\/ikastikos-kiklos.com\/wp-content\/uploads\/2025\/12\/Untitled-5-1-140x33.jpg 140w, https:\/\/ikastikos-kiklos.com\/wp-content\/uploads\/2025\/12\/Untitled-5-1-940x224.jpg 940w, https:\/\/ikastikos-kiklos.com\/wp-content\/uploads\/2025\/12\/Untitled-5-1-350x83.jpg 350w, https:\/\/ikastikos-kiklos.com\/wp-content\/uploads\/2025\/12\/Untitled-5-1-595x142.jpg 595w\" sizes=\"auto, (max-width: 1024px) 100vw, 1024px\" \/><\/p>\n<p>Within the framework of the exhibition, Sianti Gallery carries out for the ninth consecutive year an important act of social contribution, supporting the Association of Friends of Children with Cancer \u201cELPIDA,\u201d an organization with invaluable work for children and families facing serious challenges.<\/p>\n<div id=\"paragraph_with_max_height\" class=\"overflow-hidden\">\n<p>Renowned artists&nbsp;<strong>Dimitris Koukos<\/strong>,&nbsp;<strong>Thanassis Lalas<\/strong>, and&nbsp;<strong>Manolis Charos<\/strong>&nbsp;each generously offer a unique small-scale painting, created especially for the purpose of this initiative.<\/p>\n<p>&nbsp;<\/p>\n<p><strong>How to Participate<\/strong><\/p>\n<p>By purchasing a raffle ticket valued at \u20ac10, you can support the initiative and enter the draw to win one of the three donated artworks.<\/p>\n<p>&nbsp;<\/p>\n<p><strong>Raffle Tickets Available:<\/strong><\/p>\n<p>1. At Sianti Gallery<\/p>\n<p>2.Via bank transfer to the company\u2019s account (Reference: depositor\u2019s name &amp;amp; \u201cELPIDA\u201d)<br \/>\n<strong>ALPHA BANK \u2013 IBAN:<\/strong>&nbsp;GR1701403620362002002011883&nbsp;<strong>Beneficiary:<\/strong>&nbsp;Vassiliki &amp; Theodoros Siantis O.E.<\/p>\n<p>3. Through the Sianti Gallery&nbsp;<a href=\"https:\/\/siantigallery.com\/product\/%cf%83%cf%85%ce%bc%ce%bc%ce%b5%cf%84%ce%bf%cf%87%ce%ae-%cf%83%cf%84%ce%b7-%cf%86%ce%b9%ce%bb%ce%b1%ce%bd%ce%b8%cf%81%cf%89%cf%80%ce%b9%ce%ba%ce%ae-%ce%ba%ce%bb%ce%ae%cf%81%cf%89%cf%83%ce%b7\/\">e-shop<\/a><\/p>\n<p>&nbsp;<\/p>\n<p><strong>RAFFLE DRAW<\/strong><\/p>\n<p>The raffle draw for the three artworks will take place at the end of January 2026, in the presence of a representative of the \u201cELPIDA\u201d Association.<br \/>\nIn this way, the exhibition highlights once again that art can serve as a powerful vehicle for solidarity and giving.<\/p>\n<\/div>\n<p>[\/vc_column_text][\/vc_column][vc_column width=&#8221;1\/3&#8243;]<div class=\"nm-banner-slider slider-type-boxed slick-slider slick-controls-gray slick-dots-disabled\" >\n\t\t\t<div class=\"nm-banner content-full image-type-fluid text-color-dark\" style=\"\"><img decoding=\"async\" src=\"https:\/\/ikastikos-kiklos.com\/wp-content\/uploads\/2025\/12\/Ergo_9859.jpg\" alt=\"Ergo_9859\" \/>\n\t\t\t<\/div>\n\t\t\t<div class=\"nm-banner content-full image-type-fluid text-color-dark\" style=\"\"><img decoding=\"async\" src=\"https:\/\/ikastikos-kiklos.com\/wp-content\/uploads\/2025\/12\/Ergo_9861.jpg\" alt=\"Ergo_9861\" \/>\n\t\t\t<\/div>\n\t\t\t<div class=\"nm-banner content-full image-type-fluid text-color-dark\" style=\"\"><img decoding=\"async\" src=\"https:\/\/ikastikos-kiklos.com\/wp-content\/uploads\/2025\/12\/thumbnail_Apollos-Dream-Christina-Papaioannou.jpg\" alt=\"thumbnail_Apollo&#8217;s Dream &#8211; Christina Papaioannou\" \/>\n\t\t\t<\/div>\n\t\t\t<div class=\"nm-banner content-full image-type-fluid text-color-dark\" style=\"\"><img decoding=\"async\" src=\"https:\/\/ikastikos-kiklos.com\/wp-content\/uploads\/2025\/12\/\u03c7\u03bf\u03c1\u03b5\u03cd\u03bf\u03bd\u03c4\u03b1\u03c2-\u03bb\u03ac\u03bb\u03b1\u03c2-\u03b8\u03b1\u03bd\u03ac\u03c3\u03b7\u03c2-\u03b6\u03c9\u03b3\u03c1\u03b1\u03c6\u03b9\u03ba\u03ae-\u03c0\u03af\u03bd\u03b1\u03ba\u03b1\u03c2-\u03ad\u03c1\u03b3\u03bf-\u03c4\u03ad\u03c7\u03bd\u03b7\u03c2-\u03c3\u03cd\u03b3\u03c7\u03c1\u03bf\u03bd\u03b7-\u03b5\u03bb\u03bb\u03b7\u03bd\u03b9\u03ba\u03ae-\u03c4\u03ad\u03c7\u03bd\u03b7.jpg\" alt=\"\u03c7\u03bf\u03c1\u03b5\u03c5\u0301\u03bf\u03bd\u03c4\u03b1\u03c2-\u03bb\u03b1\u0301\u03bb\u03b1\u03c2-\u03b8\u03b1\u03bd\u03b1\u0301\u03c3\u03b7\u03c2-\u03b6\u03c9\u03b3\u03c1\u03b1\u03c6\u03b9\u03ba\u03b7\u0301-\u03c0\u03b9\u0301\u03bd\u03b1\u03ba\u03b1\u03c2-\u03b5\u0301\u03c1\u03b3\u03bf-\u03c4\u03b5\u0301\u03c7\u03bd\u03b7\u03c2-\u03c3\u03c5\u0301\u03b3\u03c7\u03c1\u03bf\u03bd\u03b7-\u03b5\u03bb\u03bb\u03b7\u03bd\u03b9\u03ba\u03b7\u0301-\u03c4\u03b5\u0301\u03c7\u03bd\u03b7\" \/>\n\t\t\t<\/div><\/div>[vc_empty_space][vc_column_text]OPENING<br \/>\nSaturday 13 December 2025 at 12:00<\/p>\n<p>DURATION<br \/>\n13 December 2025 &#8211; 10 January 2026[\/vc_column_text][vc_empty_space][\/vc_column][\/vc_row]<\/p>\n<\/div>","protected":false},"excerpt":{"rendered":"<p>[vc_row][vc_column width=&#8221;2\/3&#8243;][vc_empty_space][vc_custom_heading text=&#8221;\u201cSmall-Scale Paintings 2025\u20132026\u201d&#8221; google_fonts=&#8221;font_family:Ubuntu%20Condensed%3Aregular|font_style:400%20regular%3A400%3Anormal&#8221;][vc_empty_space][vc_column_text]Sianti Gallery&nbsp;inaugurates on&nbsp;Saturday, December 13, 2025,&nbsp;at 12:00 its annual group &hellip;<\/p>\n","protected":false},"author":3,"featured_media":0,"parent":0,"menu_order":0,"comment_status":"closed","ping_status":"closed","template":"","meta":{"ngg_post_thumbnail":0,"footnotes":""},"class_list":["post-53294","page","type-page","status-publish","hentry"],"yoast_head":"<!-- This site is optimized with the Yoast SEO plugin v27.4 - https:\/\/yoast.com\/product\/yoast-seo-wordpress\/ -->\n<title>\u201cSmall-Scale Paintings 2025\u20132026\u201d<\/title>\n<meta name=\"description\" content=\"\u201cSmall-Scale Paintings 2025\u20132026\u201d Annual Exhibition at Ikastikos Kiklos Sianti Gallery from December 13, 2025 to January 10, 2026\" \/>\n<meta name=\"robots\" content=\"index, follow, max-snippet:-1, max-image-preview:large, max-video-preview:-1\" \/>\n<link rel=\"canonical\" href=\"https:\/\/ikastikos-kiklos.com\/en\/small-scale-paintings-2025-2026\/\" \/>\n<meta property=\"og:locale\" content=\"en_US\" \/>\n<meta property=\"og:type\" content=\"article\" \/>\n<meta property=\"og:title\" content=\"\u201cSmall-Scale Paintings 2025\u20132026\u201d\" \/>\n<meta property=\"og:description\" content=\"\u201cSmall-Scale Paintings 2025\u20132026\u201d Annual Exhibition at Ikastikos Kiklos Sianti Gallery from December 13, 2025 to January 10, 2026\" \/>\n<meta property=\"og:url\" content=\"https:\/\/ikastikos-kiklos.com\/en\/small-scale-paintings-2025-2026\/\" \/>\n<meta property=\"og:site_name\" content=\"Ikastikos Kiklos - Zografik\u00ed - Metaxotyp\u00edes - T\u00e9chniPainting - Silk Screen - Art\" \/>\n<meta property=\"article:publisher\" content=\"https:\/\/www.facebook.com\/ikastikoskiklossianti\/\" \/>\n<meta property=\"article:modified_time\" content=\"2025-12-14T09:17:23+00:00\" \/>\n<meta property=\"og:image\" content=\"https:\/\/ikastikos-kiklos.com\/wp-content\/uploads\/2025\/12\/Untitled-5-1-1024x244.jpg\" \/>\n<meta name=\"twitter:card\" content=\"summary_large_image\" \/>\n<meta name=\"twitter:label1\" content=\"Est. reading time\" \/>\n\t<meta name=\"twitter:data1\" content=\"3 minutes\" \/>\n<script type=\"application\/ld+json\" class=\"yoast-schema-graph\">{\"@context\":\"https:\\\/\\\/schema.org\",\"@graph\":[{\"@type\":\"WebPage\",\"@id\":\"https:\\\/\\\/ikastikos-kiklos.com\\\/en\\\/small-scale-paintings-2025-2026\\\/\",\"url\":\"https:\\\/\\\/ikastikos-kiklos.com\\\/en\\\/small-scale-paintings-2025-2026\\\/\",\"name\":\"\u201cSmall-Scale Paintings 2025\u20132026\u201d\",\"isPartOf\":{\"@id\":\"https:\\\/\\\/ikastikos-kiklos.com\\\/en\\\/#website\"},\"primaryImageOfPage\":{\"@id\":\"https:\\\/\\\/ikastikos-kiklos.com\\\/en\\\/small-scale-paintings-2025-2026\\\/#primaryimage\"},\"image\":{\"@id\":\"https:\\\/\\\/ikastikos-kiklos.com\\\/en\\\/small-scale-paintings-2025-2026\\\/#primaryimage\"},\"thumbnailUrl\":\"https:\\\/\\\/ikastikos-kiklos.com\\\/wp-content\\\/uploads\\\/2025\\\/12\\\/Untitled-5-1-1024x244.jpg\",\"datePublished\":\"2025-12-14T09:10:43+00:00\",\"dateModified\":\"2025-12-14T09:17:23+00:00\",\"description\":\"\u201cSmall-Scale Paintings 2025\u20132026\u201d Annual Exhibition at Ikastikos Kiklos Sianti Gallery from December 13, 2025 to January 10, 2026\",\"breadcrumb\":{\"@id\":\"https:\\\/\\\/ikastikos-kiklos.com\\\/en\\\/small-scale-paintings-2025-2026\\\/#breadcrumb\"},\"inLanguage\":\"en-US\",\"potentialAction\":[{\"@type\":\"ReadAction\",\"target\":[\"https:\\\/\\\/ikastikos-kiklos.com\\\/en\\\/small-scale-paintings-2025-2026\\\/\"]}]},{\"@type\":\"ImageObject\",\"inLanguage\":\"en-US\",\"@id\":\"https:\\\/\\\/ikastikos-kiklos.com\\\/en\\\/small-scale-paintings-2025-2026\\\/#primaryimage\",\"url\":\"https:\\\/\\\/ikastikos-kiklos.com\\\/wp-content\\\/uploads\\\/2025\\\/12\\\/Untitled-5-1-1024x244.jpg\",\"contentUrl\":\"https:\\\/\\\/ikastikos-kiklos.com\\\/wp-content\\\/uploads\\\/2025\\\/12\\\/Untitled-5-1-1024x244.jpg\"},{\"@type\":\"BreadcrumbList\",\"@id\":\"https:\\\/\\\/ikastikos-kiklos.com\\\/en\\\/small-scale-paintings-2025-2026\\\/#breadcrumb\",\"itemListElement\":[{\"@type\":\"ListItem\",\"position\":1,\"name\":\"Home\",\"item\":\"https:\\\/\\\/ikastikos-kiklos.com\\\/en\\\/\"},{\"@type\":\"ListItem\",\"position\":2,\"name\":\"\u201cSmall-Scale Paintings 2025\u20132026\u201d\"}]},{\"@type\":\"WebSite\",\"@id\":\"https:\\\/\\\/ikastikos-kiklos.com\\\/en\\\/#website\",\"url\":\"https:\\\/\\\/ikastikos-kiklos.com\\\/en\\\/\",\"name\":\"Ikastikos Kiklos - Zografik\u00ed - Metaxotyp\u00edes - T\u00e9chniPainting - Silk Screen - Art\",\"description\":\"\",\"publisher\":{\"@id\":\"https:\\\/\\\/ikastikos-kiklos.com\\\/en\\\/#organization\"},\"potentialAction\":[{\"@type\":\"SearchAction\",\"target\":{\"@type\":\"EntryPoint\",\"urlTemplate\":\"https:\\\/\\\/ikastikos-kiklos.com\\\/en\\\/?s={search_term_string}\"},\"query-input\":{\"@type\":\"PropertyValueSpecification\",\"valueRequired\":true,\"valueName\":\"search_term_string\"}}],\"inLanguage\":\"en-US\"},{\"@type\":\"Organization\",\"@id\":\"https:\\\/\\\/ikastikos-kiklos.com\\\/en\\\/#organization\",\"name\":\"Ikastikos Kiklos - Zografik\u00ed - Metaxotyp\u00edes - T\u00e9chniPainting - Silk Screen - Art\",\"url\":\"https:\\\/\\\/ikastikos-kiklos.com\\\/en\\\/\",\"logo\":{\"@type\":\"ImageObject\",\"inLanguage\":\"en-US\",\"@id\":\"https:\\\/\\\/ikastikos-kiklos.com\\\/en\\\/#\\\/schema\\\/logo\\\/image\\\/\",\"url\":\"https:\\\/\\\/ikastikos-kiklos.com\\\/wp-content\\\/uploads\\\/2022\\\/10\\\/cropped-favicon_ikastikos.png\",\"contentUrl\":\"https:\\\/\\\/ikastikos-kiklos.com\\\/wp-content\\\/uploads\\\/2022\\\/10\\\/cropped-favicon_ikastikos.png\",\"width\":512,\"height\":512,\"caption\":\"Ikastikos Kiklos - Zografik\u00ed - Metaxotyp\u00edes - T\u00e9chniPainting - Silk Screen - Art\"},\"image\":{\"@id\":\"https:\\\/\\\/ikastikos-kiklos.com\\\/en\\\/#\\\/schema\\\/logo\\\/image\\\/\"},\"sameAs\":[\"https:\\\/\\\/www.facebook.com\\\/ikastikoskiklossianti\\\/\"]}]}<\/script>\n<!-- \/ Yoast SEO plugin. -->","yoast_head_json":{"title":"\u201cSmall-Scale Paintings 2025\u20132026\u201d","description":"\u201cSmall-Scale Paintings 2025\u20132026\u201d Annual Exhibition at Ikastikos Kiklos Sianti Gallery from December 13, 2025 to January 10, 2026","robots":{"index":"index","follow":"follow","max-snippet":"max-snippet:-1","max-image-preview":"max-image-preview:large","max-video-preview":"max-video-preview:-1"},"canonical":"https:\/\/ikastikos-kiklos.com\/en\/small-scale-paintings-2025-2026\/","og_locale":"en_US","og_type":"article","og_title":"\u201cSmall-Scale Paintings 2025\u20132026\u201d","og_description":"\u201cSmall-Scale Paintings 2025\u20132026\u201d Annual Exhibition at Ikastikos Kiklos Sianti Gallery from December 13, 2025 to January 10, 2026","og_url":"https:\/\/ikastikos-kiklos.com\/en\/small-scale-paintings-2025-2026\/","og_site_name":"Ikastikos Kiklos - Zografik\u00ed - Metaxotyp\u00edes - T\u00e9chniPainting - Silk Screen - Art","article_publisher":"https:\/\/www.facebook.com\/ikastikoskiklossianti\/","article_modified_time":"2025-12-14T09:17:23+00:00","og_image":[{"url":"https:\/\/ikastikos-kiklos.com\/wp-content\/uploads\/2025\/12\/Untitled-5-1-1024x244.jpg","type":"","width":"","height":""}],"twitter_card":"summary_large_image","twitter_misc":{"Est. reading time":"3 minutes"},"schema":{"@context":"https:\/\/schema.org","@graph":[{"@type":"WebPage","@id":"https:\/\/ikastikos-kiklos.com\/en\/small-scale-paintings-2025-2026\/","url":"https:\/\/ikastikos-kiklos.com\/en\/small-scale-paintings-2025-2026\/","name":"\u201cSmall-Scale Paintings 2025\u20132026\u201d","isPartOf":{"@id":"https:\/\/ikastikos-kiklos.com\/en\/#website"},"primaryImageOfPage":{"@id":"https:\/\/ikastikos-kiklos.com\/en\/small-scale-paintings-2025-2026\/#primaryimage"},"image":{"@id":"https:\/\/ikastikos-kiklos.com\/en\/small-scale-paintings-2025-2026\/#primaryimage"},"thumbnailUrl":"https:\/\/ikastikos-kiklos.com\/wp-content\/uploads\/2025\/12\/Untitled-5-1-1024x244.jpg","datePublished":"2025-12-14T09:10:43+00:00","dateModified":"2025-12-14T09:17:23+00:00","description":"\u201cSmall-Scale Paintings 2025\u20132026\u201d Annual Exhibition at Ikastikos Kiklos Sianti Gallery from December 13, 2025 to January 10, 2026","breadcrumb":{"@id":"https:\/\/ikastikos-kiklos.com\/en\/small-scale-paintings-2025-2026\/#breadcrumb"},"inLanguage":"en-US","potentialAction":[{"@type":"ReadAction","target":["https:\/\/ikastikos-kiklos.com\/en\/small-scale-paintings-2025-2026\/"]}]},{"@type":"ImageObject","inLanguage":"en-US","@id":"https:\/\/ikastikos-kiklos.com\/en\/small-scale-paintings-2025-2026\/#primaryimage","url":"https:\/\/ikastikos-kiklos.com\/wp-content\/uploads\/2025\/12\/Untitled-5-1-1024x244.jpg","contentUrl":"https:\/\/ikastikos-kiklos.com\/wp-content\/uploads\/2025\/12\/Untitled-5-1-1024x244.jpg"},{"@type":"BreadcrumbList","@id":"https:\/\/ikastikos-kiklos.com\/en\/small-scale-paintings-2025-2026\/#breadcrumb","itemListElement":[{"@type":"ListItem","position":1,"name":"Home","item":"https:\/\/ikastikos-kiklos.com\/en\/"},{"@type":"ListItem","position":2,"name":"\u201cSmall-Scale Paintings 2025\u20132026\u201d"}]},{"@type":"WebSite","@id":"https:\/\/ikastikos-kiklos.com\/en\/#website","url":"https:\/\/ikastikos-kiklos.com\/en\/","name":"Ikastikos Kiklos - Zografik\u00ed - Metaxotyp\u00edes - T\u00e9chniPainting - Silk Screen - Art","description":"","publisher":{"@id":"https:\/\/ikastikos-kiklos.com\/en\/#organization"},"potentialAction":[{"@type":"SearchAction","target":{"@type":"EntryPoint","urlTemplate":"https:\/\/ikastikos-kiklos.com\/en\/?s={search_term_string}"},"query-input":{"@type":"PropertyValueSpecification","valueRequired":true,"valueName":"search_term_string"}}],"inLanguage":"en-US"},{"@type":"Organization","@id":"https:\/\/ikastikos-kiklos.com\/en\/#organization","name":"Ikastikos Kiklos - Zografik\u00ed - Metaxotyp\u00edes - T\u00e9chniPainting - Silk Screen - Art","url":"https:\/\/ikastikos-kiklos.com\/en\/","logo":{"@type":"ImageObject","inLanguage":"en-US","@id":"https:\/\/ikastikos-kiklos.com\/en\/#\/schema\/logo\/image\/","url":"https:\/\/ikastikos-kiklos.com\/wp-content\/uploads\/2022\/10\/cropped-favicon_ikastikos.png","contentUrl":"https:\/\/ikastikos-kiklos.com\/wp-content\/uploads\/2022\/10\/cropped-favicon_ikastikos.png","width":512,"height":512,"caption":"Ikastikos Kiklos - Zografik\u00ed - Metaxotyp\u00edes - T\u00e9chniPainting - Silk Screen - Art"},"image":{"@id":"https:\/\/ikastikos-kiklos.com\/en\/#\/schema\/logo\/image\/"},"sameAs":["https:\/\/www.facebook.com\/ikastikoskiklossianti\/"]}]}},"_links":{"self":[{"href":"https:\/\/ikastikos-kiklos.com\/en\/wp-json\/wp\/v2\/pages\/53294","targetHints":{"allow":["GET"]}}],"collection":[{"href":"https:\/\/ikastikos-kiklos.com\/en\/wp-json\/wp\/v2\/pages"}],"about":[{"href":"https:\/\/ikastikos-kiklos.com\/en\/wp-json\/wp\/v2\/types\/page"}],"author":[{"embeddable":true,"href":"https:\/\/ikastikos-kiklos.com\/en\/wp-json\/wp\/v2\/users\/3"}],"replies":[{"embeddable":true,"href":"https:\/\/ikastikos-kiklos.com\/en\/wp-json\/wp\/v2\/comments?post=53294"}],"version-history":[{"count":4,"href":"https:\/\/ikastikos-kiklos.com\/en\/wp-json\/wp\/v2\/pages\/53294\/revisions"}],"predecessor-version":[{"id":53300,"href":"https:\/\/ikastikos-kiklos.com\/en\/wp-json\/wp\/v2\/pages\/53294\/revisions\/53300"}],"wp:attachment":[{"href":"https:\/\/ikastikos-kiklos.com\/en\/wp-json\/wp\/v2\/media?parent=53294"}],"curies":[{"name":"wp","href":"https:\/\/api.w.org\/{rel}","templated":true}]}}