{"id":53084,"date":"2025-11-18T10:03:49","date_gmt":"2025-11-18T08:03:49","guid":{"rendered":"https:\/\/ikastikos-kiklos.com\/nikiforos-just-believe-it\/"},"modified":"2025-11-19T12:51:48","modified_gmt":"2025-11-19T10:51:48","slug":"nikiforos-just-believe-it","status":"publish","type":"page","link":"https:\/\/ikastikos-kiklos.com\/en\/nikiforos-just-believe-it\/","title":{"rendered":"NIKIFOROS \u201cJust Believe It\u201d"},"content":{"rendered":"<div class=\"wpb-content-wrapper\"><p>[vc_row][vc_column width=&#8221;2\/3&#8243;]\n\t\t\t<div class=\"nm-banner content-full image-type-fluid text-color-dark\" style=\"\"><img decoding=\"async\" src=\"https:\/\/ikastikos-kiklos.com\/wp-content\/uploads\/2025\/11\/site-banner.png\" alt=\"site banner\" \/>\n\t\t\t<\/div>[vc_empty_space height=&#8221;25px&#8221;][vc_custom_heading text=&#8221;NIKIFOROS \u201cJust Believe It\u201d&#8221; google_fonts=&#8221;font_family:Ubuntu%20Condensed%3Aregular|font_style:400%20regular%3A400%3Anormal&#8221;][vc_empty_space height=&#8221;25px&#8221;][vc_column_text]Ikastikos Kiklos Sianti Gallery presents the exhibition \u201cJust Believe\u201d, dedicated to the power of art and diversity, through the work of Nikiforos, a talented 14-year-old artist on the autism spectrum who invites us to see the world through his colors.<\/p>\n<p>&nbsp;<\/p>\n<p>This exhibition is more than a collection of paintings \u2014 it is a story about faith, creativity, and the transformative strength of art. It speaks of art\u2019s ability to unite worlds, soften hardships, and change the way we perceive life. It reminds us that even through the most unique paths, light, hope, and creation can emerge.<\/p>\n<p>&nbsp;<\/p>\n<p>With his sensitivity and deep observation, Nikiforos transforms every stimulus \u2014 a light, a sound, a small detail of everyday life \u2014 into image. His works authentically capture his inner world: full of light, color, joy, truth, and motion. His circular lines and expressive brushstrokes speak of a mind that knows no limits and constantly seeks the infinite.<\/p>\n<p><strong>SEE THE CATALOGUE<\/strong><\/p>\n<p><iframe style=\"width: 900px; height: 500px;\" src=\"https:\/\/online.fliphtml5.com\/aomdi\/qdnm\/\" frameborder=\"0\" scrolling=\"no\" seamless=\"seamless\" allowfullscreen=\"allowfullscreen\"><\/iframe>&nbsp;<\/p>\n<p>Painting is his voice \u2014 his way of communicating with the world and expressing what cannot be said in words. Through his canvas, Nikiforos reminds us that every achievement is a small miracle, every step forward a reason for hope. As the exhibition\u2019s title says, \u201cJust Believe\u201d \u2014 because willpower can transcend boundaries, and diversity can become a source of strength and inspiration.<\/p>\n<p><strong>SEE OPENING PHOTOS<\/strong><\/p>\n<p>ngg_shortcode_0_placeholderNikiforos\u2019 story reminds us all that diversity is not a limitation but a strength; that art can be a tool of acceptance and inclusion; that every child, when believed in and given the right environment to express themselves, can conquer the world.<\/p>\n<p>&nbsp;<\/p>\n<p>Through art, we are invited to see the world as he does \u2014 without prejudice, without barriers, and full of possibilities.<\/p>\n<p>&nbsp;<\/p>\n<p>As art historian and exhibition curator Hera Papapostolou notes: \u201cNikiforos loves colors and painting \u2014 and that is evident in every one of his works. He doesn\u2019t just create shapes; he possesses a profound sense of the world around him while simultaneously understanding the image of his own soul. Painting is his voice to speak to the world, and through it, he offers us a profound lesson in life.<\/p>\n<p>&nbsp;<\/p>\n<p>Through his art, a different way of seeing reality unfolds \u2014 clearer, more honest, free from the conventions and expectations that society often imposes. Nikiforos\u2019 work invites us to redefine the notions of creativity, acceptance, and inclusion, showing us that every unique perspective is precious and necessary for understanding the world in all its complexity.\u201d<\/p>\n<p>&nbsp;<\/p>\n<p>At the opening event, mezzo-soprano and vocal professor Eirini Karagianni will present a special live performance \u2014 playing the piano and singing, while Nikiforos paints alongside her, creating a magical dialogue between music and art.<\/p>\n<p>&nbsp;<\/p>\n<p>As part of the event, Nakas Conservatory will offer a music scholarship to a young talent, actively supporting creativity and artistic expression among children.<\/p>\n<p>&nbsp;<\/p>\n<p>Throughout the exhibition, talks and educational programs for children will be organized, highlighting what it means to be on the autism spectrum and how this experience can enrich creativity and artistic expression.[\/vc_column_text][vc_empty_space][\/vc_column][vc_column width=&#8221;1\/3&#8243;]<div class=\"nm-banner-slider slider-type-boxed slick-slider slick-controls-gray slick-dots-disabled\" >\n\t\t\t<div class=\"nm-banner content-full image-type-fluid text-color-dark\" style=\"\"><img decoding=\"async\" src=\"https:\/\/ikastikos-kiklos.com\/wp-content\/uploads\/2025\/11\/9T2A3554.jpg\" alt=\"9T2A3554.\" \/>\n\t\t\t<\/div>\n\t\t\t<div class=\"nm-banner content-full image-type-fluid text-color-dark\" style=\"\"><img decoding=\"async\" src=\"https:\/\/ikastikos-kiklos.com\/wp-content\/uploads\/2025\/11\/9T2A3564.jpg\" alt=\"9T2A3564.\" \/>\n\t\t\t<\/div>\n\t\t\t<div class=\"nm-banner content-full image-type-fluid text-color-dark\" style=\"\"><img decoding=\"async\" src=\"https:\/\/ikastikos-kiklos.com\/wp-content\/uploads\/2025\/11\/9T2A3570.jpg\" alt=\"9T2A3570.\" \/>\n\t\t\t<\/div>\n\t\t\t<div class=\"nm-banner content-full image-type-fluid text-color-dark\" style=\"\"><img decoding=\"async\" src=\"https:\/\/ikastikos-kiklos.com\/wp-content\/uploads\/2025\/11\/9T2A3588.jpg\" alt=\"9T2A3588.\" \/>\n\t\t\t<\/div>\n\t\t\t<div class=\"nm-banner content-full image-type-fluid text-color-dark\" style=\"\"><img decoding=\"async\" src=\"https:\/\/ikastikos-kiklos.com\/wp-content\/uploads\/2025\/11\/9T2A3599.jpg\" alt=\"9T2A3599.\" \/>\n\t\t\t<\/div>\n\t\t\t<div class=\"nm-banner content-full image-type-fluid text-color-dark\" style=\"\"><img decoding=\"async\" src=\"https:\/\/ikastikos-kiklos.com\/wp-content\/uploads\/2025\/11\/9T2A3602.jpg\" alt=\"9T2A3602.\" \/>\n\t\t\t<\/div>\n\t\t\t<div class=\"nm-banner content-full image-type-fluid text-color-dark\" style=\"\"><img decoding=\"async\" src=\"https:\/\/ikastikos-kiklos.com\/wp-content\/uploads\/2025\/11\/9T2A3605-3.48.04-\u03c0\u03bc.jpg\" alt=\"9T2A3605 3.48.04 \u03c0\u03bc\" \/>\n\t\t\t<\/div>\n\t\t\t<div class=\"nm-banner content-full image-type-fluid text-color-dark\" style=\"\"><img decoding=\"async\" src=\"https:\/\/ikastikos-kiklos.com\/wp-content\/uploads\/2025\/11\/9T2A3612.jpg\" alt=\"9T2A3612.\" \/>\n\t\t\t<\/div>\n\t\t\t<div class=\"nm-banner content-full image-type-fluid text-color-dark\" style=\"\"><img decoding=\"async\" src=\"https:\/\/ikastikos-kiklos.com\/wp-content\/uploads\/2025\/11\/9T2A3670.jpg\" alt=\"9T2A3670.\" \/>\n\t\t\t<\/div><\/div>[vc_empty_space][vc_video link=&#8221;https:\/\/www.youtube.com\/watch?v=ahar2U9lwrM&#8221;][vc_empty_space][vc_column_text]<strong>Duration<\/strong>: 14 November \u2013 6 December 2025<\/p>\n<p><strong>Opening<\/strong>: Friday 14 November 2025, 19:00<\/p>\n<p><strong>Adress<\/strong>: Sianti Gallery, Vasileos Alexandrou 2 &amp; Niriidon 18, Athens[\/vc_column_text][vc_empty_space][\/vc_column][\/vc_row]<\/p>\n<\/div>","protected":false},"excerpt":{"rendered":"<p>[vc_row][vc_column width=&#8221;2\/3&#8243;][vc_empty_space height=&#8221;25px&#8221;][vc_custom_heading text=&#8221;NIKIFOROS \u201cJust Believe It\u201d&#8221; google_fonts=&#8221;font_family:Ubuntu%20Condensed%3Aregular|font_style:400%20regular%3A400%3Anormal&#8221;][vc_empty_space height=&#8221;25px&#8221;][vc_column_text]Ikastikos Kiklos Sianti Gallery presents the exhibition &hellip;<\/p>\n","protected":false},"author":3,"featured_media":0,"parent":0,"menu_order":0,"comment_status":"closed","ping_status":"closed","template":"","meta":{"ngg_post_thumbnail":0,"footnotes":""},"class_list":["post-53084","page","type-page","status-publish","hentry"],"yoast_head":"<!-- This site is optimized with the Yoast SEO plugin v27.2 - https:\/\/yoast.com\/product\/yoast-seo-wordpress\/ -->\n<title>NIKIFOROS \u201cJust Believe It\u201d<\/title>\n<meta name=\"description\" content=\"NIKIFOROS \u201cJust Believe It\u201d solo painting exhibition at Ikastikos Kiklos Sianti Gallery from November 14 to December 6, 2025\" \/>\n<meta name=\"robots\" content=\"index, follow, max-snippet:-1, max-image-preview:large, max-video-preview:-1\" \/>\n<link rel=\"canonical\" href=\"https:\/\/ikastikos-kiklos.com\/en\/nikiforos-just-believe-it\/\" \/>\n<meta property=\"og:locale\" content=\"en_US\" \/>\n<meta property=\"og:type\" content=\"article\" \/>\n<meta property=\"og:title\" content=\"NIKIFOROS \u201cJust Believe It\u201d\" \/>\n<meta property=\"og:description\" content=\"NIKIFOROS \u201cJust Believe It\u201d solo painting exhibition at Ikastikos Kiklos Sianti Gallery from November 14 to December 6, 2025\" \/>\n<meta property=\"og:url\" content=\"https:\/\/ikastikos-kiklos.com\/en\/nikiforos-just-believe-it\/\" \/>\n<meta property=\"og:site_name\" content=\"Ikastikos Kiklos - Zografik\u00ed - Metaxotyp\u00edes - T\u00e9chniPainting - Silk Screen - Art\" \/>\n<meta property=\"article:publisher\" content=\"https:\/\/www.facebook.com\/ikastikoskiklossianti\/\" \/>\n<meta property=\"article:modified_time\" content=\"2025-11-19T10:51:48+00:00\" \/>\n<meta name=\"twitter:card\" content=\"summary_large_image\" \/>\n<meta name=\"twitter:label1\" content=\"Est. reading time\" \/>\n\t<meta name=\"twitter:data1\" content=\"5 minutes\" \/>\n<script type=\"application\/ld+json\" class=\"yoast-schema-graph\">{\"@context\":\"https:\/\/schema.org\",\"@graph\":[{\"@type\":\"WebPage\",\"@id\":\"https:\/\/ikastikos-kiklos.com\/en\/nikiforos-just-believe-it\/\",\"url\":\"https:\/\/ikastikos-kiklos.com\/en\/nikiforos-just-believe-it\/\",\"name\":\"NIKIFOROS \u201cJust Believe It\u201d\",\"isPartOf\":{\"@id\":\"https:\/\/ikastikos-kiklos.com\/en\/#website\"},\"datePublished\":\"2025-11-18T08:03:49+00:00\",\"dateModified\":\"2025-11-19T10:51:48+00:00\",\"description\":\"NIKIFOROS \u201cJust Believe It\u201d solo painting exhibition at Ikastikos Kiklos Sianti Gallery from November 14 to December 6, 2025\",\"breadcrumb\":{\"@id\":\"https:\/\/ikastikos-kiklos.com\/en\/nikiforos-just-believe-it\/#breadcrumb\"},\"inLanguage\":\"en-US\",\"potentialAction\":[{\"@type\":\"ReadAction\",\"target\":[\"https:\/\/ikastikos-kiklos.com\/en\/nikiforos-just-believe-it\/\"]}]},{\"@type\":\"BreadcrumbList\",\"@id\":\"https:\/\/ikastikos-kiklos.com\/en\/nikiforos-just-believe-it\/#breadcrumb\",\"itemListElement\":[{\"@type\":\"ListItem\",\"position\":1,\"name\":\"Home\",\"item\":\"https:\/\/ikastikos-kiklos.com\/en\/\"},{\"@type\":\"ListItem\",\"position\":2,\"name\":\"NIKIFOROS \u201cJust Believe It\u201d\"}]},{\"@type\":\"WebSite\",\"@id\":\"https:\/\/ikastikos-kiklos.com\/en\/#website\",\"url\":\"https:\/\/ikastikos-kiklos.com\/en\/\",\"name\":\"Ikastikos Kiklos - Zografik\u00ed - Metaxotyp\u00edes - T\u00e9chniPainting - Silk Screen - Art\",\"description\":\"\",\"publisher\":{\"@id\":\"https:\/\/ikastikos-kiklos.com\/en\/#organization\"},\"potentialAction\":[{\"@type\":\"SearchAction\",\"target\":{\"@type\":\"EntryPoint\",\"urlTemplate\":\"https:\/\/ikastikos-kiklos.com\/en\/?s={search_term_string}\"},\"query-input\":{\"@type\":\"PropertyValueSpecification\",\"valueRequired\":true,\"valueName\":\"search_term_string\"}}],\"inLanguage\":\"en-US\"},{\"@type\":\"Organization\",\"@id\":\"https:\/\/ikastikos-kiklos.com\/en\/#organization\",\"name\":\"Ikastikos Kiklos - Zografik\u00ed - Metaxotyp\u00edes - T\u00e9chniPainting - Silk Screen - Art\",\"url\":\"https:\/\/ikastikos-kiklos.com\/en\/\",\"logo\":{\"@type\":\"ImageObject\",\"inLanguage\":\"en-US\",\"@id\":\"https:\/\/ikastikos-kiklos.com\/en\/#\/schema\/logo\/image\/\",\"url\":\"https:\/\/ikastikos-kiklos.com\/wp-content\/uploads\/2022\/10\/cropped-favicon_ikastikos.png\",\"contentUrl\":\"https:\/\/ikastikos-kiklos.com\/wp-content\/uploads\/2022\/10\/cropped-favicon_ikastikos.png\",\"width\":512,\"height\":512,\"caption\":\"Ikastikos Kiklos - Zografik\u00ed - Metaxotyp\u00edes - T\u00e9chniPainting - Silk Screen - Art\"},\"image\":{\"@id\":\"https:\/\/ikastikos-kiklos.com\/en\/#\/schema\/logo\/image\/\"},\"sameAs\":[\"https:\/\/www.facebook.com\/ikastikoskiklossianti\/\"]}]}<\/script>\n<!-- \/ Yoast SEO plugin. -->","yoast_head_json":{"title":"NIKIFOROS \u201cJust Believe It\u201d","description":"NIKIFOROS \u201cJust Believe It\u201d solo painting exhibition at Ikastikos Kiklos Sianti Gallery from November 14 to December 6, 2025","robots":{"index":"index","follow":"follow","max-snippet":"max-snippet:-1","max-image-preview":"max-image-preview:large","max-video-preview":"max-video-preview:-1"},"canonical":"https:\/\/ikastikos-kiklos.com\/en\/nikiforos-just-believe-it\/","og_locale":"en_US","og_type":"article","og_title":"NIKIFOROS \u201cJust Believe It\u201d","og_description":"NIKIFOROS \u201cJust Believe It\u201d solo painting exhibition at Ikastikos Kiklos Sianti Gallery from November 14 to December 6, 2025","og_url":"https:\/\/ikastikos-kiklos.com\/en\/nikiforos-just-believe-it\/","og_site_name":"Ikastikos Kiklos - Zografik\u00ed - Metaxotyp\u00edes - T\u00e9chniPainting - Silk Screen - Art","article_publisher":"https:\/\/www.facebook.com\/ikastikoskiklossianti\/","article_modified_time":"2025-11-19T10:51:48+00:00","twitter_card":"summary_large_image","twitter_misc":{"Est. reading time":"5 minutes"},"schema":{"@context":"https:\/\/schema.org","@graph":[{"@type":"WebPage","@id":"https:\/\/ikastikos-kiklos.com\/en\/nikiforos-just-believe-it\/","url":"https:\/\/ikastikos-kiklos.com\/en\/nikiforos-just-believe-it\/","name":"NIKIFOROS \u201cJust Believe It\u201d","isPartOf":{"@id":"https:\/\/ikastikos-kiklos.com\/en\/#website"},"datePublished":"2025-11-18T08:03:49+00:00","dateModified":"2025-11-19T10:51:48+00:00","description":"NIKIFOROS \u201cJust Believe It\u201d solo painting exhibition at Ikastikos Kiklos Sianti Gallery from November 14 to December 6, 2025","breadcrumb":{"@id":"https:\/\/ikastikos-kiklos.com\/en\/nikiforos-just-believe-it\/#breadcrumb"},"inLanguage":"en-US","potentialAction":[{"@type":"ReadAction","target":["https:\/\/ikastikos-kiklos.com\/en\/nikiforos-just-believe-it\/"]}]},{"@type":"BreadcrumbList","@id":"https:\/\/ikastikos-kiklos.com\/en\/nikiforos-just-believe-it\/#breadcrumb","itemListElement":[{"@type":"ListItem","position":1,"name":"Home","item":"https:\/\/ikastikos-kiklos.com\/en\/"},{"@type":"ListItem","position":2,"name":"NIKIFOROS \u201cJust Believe It\u201d"}]},{"@type":"WebSite","@id":"https:\/\/ikastikos-kiklos.com\/en\/#website","url":"https:\/\/ikastikos-kiklos.com\/en\/","name":"Ikastikos Kiklos - Zografik\u00ed - Metaxotyp\u00edes - T\u00e9chniPainting - Silk Screen - Art","description":"","publisher":{"@id":"https:\/\/ikastikos-kiklos.com\/en\/#organization"},"potentialAction":[{"@type":"SearchAction","target":{"@type":"EntryPoint","urlTemplate":"https:\/\/ikastikos-kiklos.com\/en\/?s={search_term_string}"},"query-input":{"@type":"PropertyValueSpecification","valueRequired":true,"valueName":"search_term_string"}}],"inLanguage":"en-US"},{"@type":"Organization","@id":"https:\/\/ikastikos-kiklos.com\/en\/#organization","name":"Ikastikos Kiklos - Zografik\u00ed - Metaxotyp\u00edes - T\u00e9chniPainting - Silk Screen - Art","url":"https:\/\/ikastikos-kiklos.com\/en\/","logo":{"@type":"ImageObject","inLanguage":"en-US","@id":"https:\/\/ikastikos-kiklos.com\/en\/#\/schema\/logo\/image\/","url":"https:\/\/ikastikos-kiklos.com\/wp-content\/uploads\/2022\/10\/cropped-favicon_ikastikos.png","contentUrl":"https:\/\/ikastikos-kiklos.com\/wp-content\/uploads\/2022\/10\/cropped-favicon_ikastikos.png","width":512,"height":512,"caption":"Ikastikos Kiklos - Zografik\u00ed - Metaxotyp\u00edes - T\u00e9chniPainting - Silk Screen - Art"},"image":{"@id":"https:\/\/ikastikos-kiklos.com\/en\/#\/schema\/logo\/image\/"},"sameAs":["https:\/\/www.facebook.com\/ikastikoskiklossianti\/"]}]}},"_links":{"self":[{"href":"https:\/\/ikastikos-kiklos.com\/en\/wp-json\/wp\/v2\/pages\/53084","targetHints":{"allow":["GET"]}}],"collection":[{"href":"https:\/\/ikastikos-kiklos.com\/en\/wp-json\/wp\/v2\/pages"}],"about":[{"href":"https:\/\/ikastikos-kiklos.com\/en\/wp-json\/wp\/v2\/types\/page"}],"author":[{"embeddable":true,"href":"https:\/\/ikastikos-kiklos.com\/en\/wp-json\/wp\/v2\/users\/3"}],"replies":[{"embeddable":true,"href":"https:\/\/ikastikos-kiklos.com\/en\/wp-json\/wp\/v2\/comments?post=53084"}],"version-history":[{"count":5,"href":"https:\/\/ikastikos-kiklos.com\/en\/wp-json\/wp\/v2\/pages\/53084\/revisions"}],"predecessor-version":[{"id":53117,"href":"https:\/\/ikastikos-kiklos.com\/en\/wp-json\/wp\/v2\/pages\/53084\/revisions\/53117"}],"wp:attachment":[{"href":"https:\/\/ikastikos-kiklos.com\/en\/wp-json\/wp\/v2\/media?parent=53084"}],"curies":[{"name":"wp","href":"https:\/\/api.w.org\/{rel}","templated":true}]}}