{"id":52952,"date":"2025-10-21T09:15:26","date_gmt":"2025-10-21T06:15:26","guid":{"rendered":"https:\/\/ikastikos-kiklos.com\/stathis-alexopoulos-the-shape-of-desire\/"},"modified":"2025-11-07T21:31:07","modified_gmt":"2025-11-07T19:31:07","slug":"stathis-alexopoulos-the-shape-of-desire","status":"publish","type":"page","link":"https:\/\/ikastikos-kiklos.com\/en\/stathis-alexopoulos-the-shape-of-desire\/","title":{"rendered":"Stathis Alexopoulos \u2013 The Shape of Desire"},"content":{"rendered":"<div class=\"wpb-content-wrapper\"><p>[vc_row][vc_column width=&#8221;2\/3&#8243;][vc_empty_space height=&#8221;25px&#8221;]\n\t\t\t<div class=\"nm-banner content-full image-type-fluid text-color-dark\" style=\"\"><img decoding=\"async\" src=\"https:\/\/ikastikos-kiklos.com\/wp-content\/uploads\/2025\/10\/ALEXOPOULOS-SITE-BANNER-\u0395\u039e\u03a9\u03a4\u0395\u03a1\u0399\u039a\u039f-ENG.jpg\" alt=\"ALEXOPOULOS SITE BANNER \u0395\u039e\u03a9\u03a4\u0395\u03a1\u0399\u039a\u039f-ENG\" \/>\n\t\t\t<\/div>[vc_empty_space height=&#8221;25px&#8221;][vc_custom_heading text=&#8221;Stathis Alexopoulos \u2013 The Shape of Desire&#8221; google_fonts=&#8221;font_family:Ubuntu%20Condensed%3Aregular|font_style:400%20regular%3A400%3Anormal&#8221;][vc_empty_space height=&#8221;25px&#8221;][vc_column_text]<em>NYX Esperia Palace and Sianti Gallery establish a new dialogue between culture and&nbsp;<\/em><em>hospitality in the heart of Athens.&nbsp;<\/em><em>NYX Esperia Palace and Sianti Gallery join forces once again in a collaboration that<\/em><br \/>\n<em>brings contemporary art to the very center of hospitality.&nbsp;<\/em><em>With \u201cThe Shape of Desire\u201d by Stathis Alexopoulos, desire takes on an artistic&nbsp;<\/em><em>dimension and invites visitors to discover it as an organic part of the hospitality&nbsp;<\/em><em>experience.<\/em><\/p>\n<p>&nbsp;<\/p>\n<p>On Friday, October 31, at 19:00, the exhibition opens to the public at NYX Esperia Palace (22 Stadiou &amp; Edouardou Lo) and will run through November 30. Through sculptures inspired by speed, freedom, nostalgia, and love, the hotel is transformed into a space where artistic creation engages seamlessly with moments of leisure.<\/p>\n<p><strong>SEE PHOTOS FROM THE OPENING NIGHT<\/strong><\/p>\n<p>ngg_shortcode_0_placeholderThe Shape of Desire explores humanity\u2019s timeless relationship with objects of desire. From the elegant curves of the Jaguar E-Type and the legendary Porsche 911, to the adrenaline of Formula 1, the vintage Lambretta, the PlayStation joystick, and the ever-beloved heart shape, Alexopoulos\u2019 sculptures transform familiar forms into contemporary works of art. Meticulously crafted, they invite viewers to look at these objects not merely as material things, but as vessels of memory, desire, and freedom.<\/p>\n<p>&nbsp;<\/p>\n<p>In this way, NYX Esperia Palace and Sianti Gallery set the tone for a collaboration that transcends the boundaries of a traditional exhibition, highlighting the power of contemporary art to transform spaces and offer the public an experience with a lasting impact.<\/p>\n<p>&nbsp;<\/p>\n<p><strong>Vassiliki Sianti<\/strong>, Director of Sianti Gallery, stated:&nbsp;<em>\u201cIt is a great pleasure for us to continue our collaboration with NYX Esperia Palace \u2014 a space that allows the artworks to \u2018breathe\u2019 and engage with the audience in a different way. Stathis Alexopoulos\u2019 sculptures integrate harmoniously into the hotel environment, showing how contemporary art can live outside galleries or museums, becoming part of everyday life and reaching wider audiences.\u201d<\/em><\/p>\n<p>&nbsp;<\/p>\n<p><strong>Nino Konstantinou<\/strong>, General Manager of NYX Esperia Palace, added:&nbsp;<em>\u201cOur partnership with Sianti Gallery reflects the philosophy of NYX Hotels in the clearest way. We give a creative dimension to a space that not only hosts guests but also important artists like Stathis Alexopoulos, who spark dialogue and enrich the<\/em><br \/>\n<em>cultural heartbeat of Athens.\u201d<\/em><\/p>\n<p>&nbsp;[\/vc_column_text][\/vc_column][vc_column width=&#8221;1\/3&#8243;]<div class=\"nm-banner-slider slider-type-boxed slick-slider slick-controls-gray slick-dots-disabled\" >\n\t\t\t<div class=\"nm-banner content-full image-type-fluid text-color-dark\" style=\"\"><img decoding=\"async\" src=\"https:\/\/ikastikos-kiklos.com\/wp-content\/uploads\/2025\/09\/LAMBRETTA-\u03b1\u03bb\u03b5\u03be\u03cc\u03c0\u03bf\u03c5\u03bb\u03bf\u03c2-\u03c3\u03c4\u03ac\u03b8\u03b7\u03c2-\u03c3\u03cd\u03c7\u03b3\u03c1\u03bf\u03bd\u03b7-\u03b5\u03bb\u03bb\u03b7\u03bd\u03b9\u03ba\u03ae-\u03b3\u03bb\u03c5\u03c0\u03c4\u03b9\u03ba\u03ae-90X36X50.jpg\" alt=\"LAMBRETTA-\u03b1\u03bb\u03b5\u03be\u03cc\u03c0\u03bf\u03c5\u03bb\u03bf\u03c2-\u03c3\u03c4\u03ac\u03b8\u03b7\u03c2-\u03c3\u03cd\u03c7\u03b3\u03c1\u03bf\u03bd\u03b7-\u03b5\u03bb\u03bb\u03b7\u03bd\u03b9\u03ba\u03ae-\u03b3\u03bb\u03c5\u03c0\u03c4\u03b9\u03ba\u03ae- 90X36X50\" \/>\n\t\t\t<\/div>\n\t\t\t<div class=\"nm-banner content-full image-type-fluid text-color-dark\" style=\"\"><img decoding=\"async\" src=\"https:\/\/ikastikos-kiklos.com\/wp-content\/uploads\/2025\/09\/JOYSTICK-\u03b1\u03bb\u03b5\u03be\u03cc\u03c0\u03bf\u03c5\u03bb\u03bf\u03c2-\u03c3\u03c4\u03ac\u03b8\u03b7\u03c2-\u03c3\u03cd\u03c7\u03b3\u03c1\u03bf\u03bd\u03b7-\u03b5\u03bb\u03bb\u03b7\u03bd\u03b9\u03ba\u03ae-\u03b3\u03bb\u03c5\u03c0\u03c4\u03b9\u03ba\u03ae.jpg\" alt=\"JOYSTICK-\u03b1\u03bb\u03b5\u03be\u03cc\u03c0\u03bf\u03c5\u03bb\u03bf\u03c2-\u03c3\u03c4\u03ac\u03b8\u03b7\u03c2-\u03c3\u03cd\u03c7\u03b3\u03c1\u03bf\u03bd\u03b7-\u03b5\u03bb\u03bb\u03b7\u03bd\u03b9\u03ba\u03ae-\u03b3\u03bb\u03c5\u03c0\u03c4\u03b9\u03ba\u03ae\" \/>\n\t\t\t<\/div>\n\t\t\t<div class=\"nm-banner content-full image-type-fluid text-color-dark\" style=\"\"><img decoding=\"async\" src=\"https:\/\/ikastikos-kiklos.com\/wp-content\/uploads\/2025\/09\/F1-\u03b1\u03bb\u03b5\u03be\u03cc\u03c0\u03bf\u03c5\u03bb\u03bf\u03c2-\u03c3\u03c4\u03ac\u03b8\u03b7\u03c2-\u03c3\u03cd\u03c7\u03b3\u03c1\u03bf\u03bd\u03b7-\u03b5\u03bb\u03bb\u03b7\u03bd\u03b9\u03ba\u03ae-\u03b3\u03bb\u03c5\u03c0\u03c4\u03b9\u03ba\u03ae.jpg\" alt=\"F1-\u03b1\u03bb\u03b5\u03be\u03cc\u03c0\u03bf\u03c5\u03bb\u03bf\u03c2-\u03c3\u03c4\u03ac\u03b8\u03b7\u03c2-\u03c3\u03cd\u03c7\u03b3\u03c1\u03bf\u03bd\u03b7-\u03b5\u03bb\u03bb\u03b7\u03bd\u03b9\u03ba\u03ae-\u03b3\u03bb\u03c5\u03c0\u03c4\u03b9\u03ba\u03ae\" \/>\n\t\t\t<\/div><\/div>[vc_empty_space height=&#8221;25px&#8221;][vc_column_text]<strong>DURATION<\/strong><br \/>\n31\/10 &#8211; 30\/11\/2025<\/p>\n<p><strong>NYX Esperia Palace<\/strong><br \/>\nStadiou 22 &amp; Edourdou Lo[\/vc_column_text][vc_empty_space height=&#8221;25px&#8221;][\/vc_column][\/vc_row]<\/p>\n<\/div>","protected":false},"excerpt":{"rendered":"<p>[vc_row][vc_column width=&#8221;2\/3&#8243;][vc_empty_space height=&#8221;25px&#8221;][vc_empty_space height=&#8221;25px&#8221;][vc_custom_heading text=&#8221;Stathis Alexopoulos \u2013 The Shape of Desire&#8221; google_fonts=&#8221;font_family:Ubuntu%20Condensed%3Aregular|font_style:400%20regular%3A400%3Anormal&#8221;][vc_empty_space height=&#8221;25px&#8221;][vc_column_text]NYX Esperia Palace &hellip;<\/p>\n","protected":false},"author":3,"featured_media":0,"parent":0,"menu_order":0,"comment_status":"closed","ping_status":"closed","template":"","meta":{"ngg_post_thumbnail":0,"footnotes":""},"class_list":["post-52952","page","type-page","status-publish","hentry"],"yoast_head":"<!-- This site is optimized with the Yoast SEO plugin v27.4 - https:\/\/yoast.com\/product\/yoast-seo-wordpress\/ -->\n<title>Stathis Alexopoulos \u2013 The Shape of Desire<\/title>\n<meta name=\"description\" content=\"Stathis Alexopoulos \u2013 The Shape of Desire from October 31 to November 30, 2025 at NYX Esperia Palace by Ikastikos Kiklos Sianti\" \/>\n<meta name=\"robots\" content=\"index, follow, max-snippet:-1, max-image-preview:large, max-video-preview:-1\" \/>\n<link rel=\"canonical\" href=\"https:\/\/ikastikos-kiklos.com\/en\/stathis-alexopoulos-the-shape-of-desire\/\" \/>\n<meta property=\"og:locale\" content=\"en_US\" \/>\n<meta property=\"og:type\" content=\"article\" \/>\n<meta property=\"og:title\" content=\"Stathis Alexopoulos \u2013 The Shape of Desire\" \/>\n<meta property=\"og:description\" content=\"Stathis Alexopoulos \u2013 The Shape of Desire from October 31 to November 30, 2025 at NYX Esperia Palace by Ikastikos Kiklos Sianti\" \/>\n<meta property=\"og:url\" content=\"https:\/\/ikastikos-kiklos.com\/en\/stathis-alexopoulos-the-shape-of-desire\/\" \/>\n<meta property=\"og:site_name\" content=\"Ikastikos Kiklos - Zografik\u00ed - Metaxotyp\u00edes - T\u00e9chniPainting - Silk Screen - Art\" \/>\n<meta property=\"article:publisher\" content=\"https:\/\/www.facebook.com\/ikastikoskiklossianti\/\" \/>\n<meta property=\"article:modified_time\" content=\"2025-11-07T19:31:07+00:00\" \/>\n<meta name=\"twitter:card\" content=\"summary_large_image\" \/>\n<meta name=\"twitter:label1\" content=\"Est. reading time\" \/>\n\t<meta name=\"twitter:data1\" content=\"4 minutes\" \/>\n<script type=\"application\/ld+json\" class=\"yoast-schema-graph\">{\"@context\":\"https:\\\/\\\/schema.org\",\"@graph\":[{\"@type\":\"WebPage\",\"@id\":\"https:\\\/\\\/ikastikos-kiklos.com\\\/en\\\/stathis-alexopoulos-the-shape-of-desire\\\/\",\"url\":\"https:\\\/\\\/ikastikos-kiklos.com\\\/en\\\/stathis-alexopoulos-the-shape-of-desire\\\/\",\"name\":\"Stathis Alexopoulos \u2013 The Shape of Desire\",\"isPartOf\":{\"@id\":\"https:\\\/\\\/ikastikos-kiklos.com\\\/en\\\/#website\"},\"datePublished\":\"2025-10-21T06:15:26+00:00\",\"dateModified\":\"2025-11-07T19:31:07+00:00\",\"description\":\"Stathis Alexopoulos \u2013 The Shape of Desire from October 31 to November 30, 2025 at NYX Esperia Palace by Ikastikos Kiklos Sianti\",\"breadcrumb\":{\"@id\":\"https:\\\/\\\/ikastikos-kiklos.com\\\/en\\\/stathis-alexopoulos-the-shape-of-desire\\\/#breadcrumb\"},\"inLanguage\":\"en-US\",\"potentialAction\":[{\"@type\":\"ReadAction\",\"target\":[\"https:\\\/\\\/ikastikos-kiklos.com\\\/en\\\/stathis-alexopoulos-the-shape-of-desire\\\/\"]}]},{\"@type\":\"BreadcrumbList\",\"@id\":\"https:\\\/\\\/ikastikos-kiklos.com\\\/en\\\/stathis-alexopoulos-the-shape-of-desire\\\/#breadcrumb\",\"itemListElement\":[{\"@type\":\"ListItem\",\"position\":1,\"name\":\"Home\",\"item\":\"https:\\\/\\\/ikastikos-kiklos.com\\\/en\\\/\"},{\"@type\":\"ListItem\",\"position\":2,\"name\":\"Stathis Alexopoulos \u2013 The Shape of Desire\"}]},{\"@type\":\"WebSite\",\"@id\":\"https:\\\/\\\/ikastikos-kiklos.com\\\/en\\\/#website\",\"url\":\"https:\\\/\\\/ikastikos-kiklos.com\\\/en\\\/\",\"name\":\"Ikastikos Kiklos - Zografik\u00ed - Metaxotyp\u00edes - T\u00e9chniPainting - Silk Screen - Art\",\"description\":\"\",\"publisher\":{\"@id\":\"https:\\\/\\\/ikastikos-kiklos.com\\\/en\\\/#organization\"},\"potentialAction\":[{\"@type\":\"SearchAction\",\"target\":{\"@type\":\"EntryPoint\",\"urlTemplate\":\"https:\\\/\\\/ikastikos-kiklos.com\\\/en\\\/?s={search_term_string}\"},\"query-input\":{\"@type\":\"PropertyValueSpecification\",\"valueRequired\":true,\"valueName\":\"search_term_string\"}}],\"inLanguage\":\"en-US\"},{\"@type\":\"Organization\",\"@id\":\"https:\\\/\\\/ikastikos-kiklos.com\\\/en\\\/#organization\",\"name\":\"Ikastikos Kiklos - Zografik\u00ed - Metaxotyp\u00edes - T\u00e9chniPainting - Silk Screen - Art\",\"url\":\"https:\\\/\\\/ikastikos-kiklos.com\\\/en\\\/\",\"logo\":{\"@type\":\"ImageObject\",\"inLanguage\":\"en-US\",\"@id\":\"https:\\\/\\\/ikastikos-kiklos.com\\\/en\\\/#\\\/schema\\\/logo\\\/image\\\/\",\"url\":\"https:\\\/\\\/ikastikos-kiklos.com\\\/wp-content\\\/uploads\\\/2022\\\/10\\\/cropped-favicon_ikastikos.png\",\"contentUrl\":\"https:\\\/\\\/ikastikos-kiklos.com\\\/wp-content\\\/uploads\\\/2022\\\/10\\\/cropped-favicon_ikastikos.png\",\"width\":512,\"height\":512,\"caption\":\"Ikastikos Kiklos - Zografik\u00ed - Metaxotyp\u00edes - T\u00e9chniPainting - Silk Screen - Art\"},\"image\":{\"@id\":\"https:\\\/\\\/ikastikos-kiklos.com\\\/en\\\/#\\\/schema\\\/logo\\\/image\\\/\"},\"sameAs\":[\"https:\\\/\\\/www.facebook.com\\\/ikastikoskiklossianti\\\/\"]}]}<\/script>\n<!-- \/ Yoast SEO plugin. -->","yoast_head_json":{"title":"Stathis Alexopoulos \u2013 The Shape of Desire","description":"Stathis Alexopoulos \u2013 The Shape of Desire from October 31 to November 30, 2025 at NYX Esperia Palace by Ikastikos Kiklos Sianti","robots":{"index":"index","follow":"follow","max-snippet":"max-snippet:-1","max-image-preview":"max-image-preview:large","max-video-preview":"max-video-preview:-1"},"canonical":"https:\/\/ikastikos-kiklos.com\/en\/stathis-alexopoulos-the-shape-of-desire\/","og_locale":"en_US","og_type":"article","og_title":"Stathis Alexopoulos \u2013 The Shape of Desire","og_description":"Stathis Alexopoulos \u2013 The Shape of Desire from October 31 to November 30, 2025 at NYX Esperia Palace by Ikastikos Kiklos Sianti","og_url":"https:\/\/ikastikos-kiklos.com\/en\/stathis-alexopoulos-the-shape-of-desire\/","og_site_name":"Ikastikos Kiklos - Zografik\u00ed - Metaxotyp\u00edes - T\u00e9chniPainting - Silk Screen - Art","article_publisher":"https:\/\/www.facebook.com\/ikastikoskiklossianti\/","article_modified_time":"2025-11-07T19:31:07+00:00","twitter_card":"summary_large_image","twitter_misc":{"Est. reading time":"4 minutes"},"schema":{"@context":"https:\/\/schema.org","@graph":[{"@type":"WebPage","@id":"https:\/\/ikastikos-kiklos.com\/en\/stathis-alexopoulos-the-shape-of-desire\/","url":"https:\/\/ikastikos-kiklos.com\/en\/stathis-alexopoulos-the-shape-of-desire\/","name":"Stathis Alexopoulos \u2013 The Shape of Desire","isPartOf":{"@id":"https:\/\/ikastikos-kiklos.com\/en\/#website"},"datePublished":"2025-10-21T06:15:26+00:00","dateModified":"2025-11-07T19:31:07+00:00","description":"Stathis Alexopoulos \u2013 The Shape of Desire from October 31 to November 30, 2025 at NYX Esperia Palace by Ikastikos Kiklos Sianti","breadcrumb":{"@id":"https:\/\/ikastikos-kiklos.com\/en\/stathis-alexopoulos-the-shape-of-desire\/#breadcrumb"},"inLanguage":"en-US","potentialAction":[{"@type":"ReadAction","target":["https:\/\/ikastikos-kiklos.com\/en\/stathis-alexopoulos-the-shape-of-desire\/"]}]},{"@type":"BreadcrumbList","@id":"https:\/\/ikastikos-kiklos.com\/en\/stathis-alexopoulos-the-shape-of-desire\/#breadcrumb","itemListElement":[{"@type":"ListItem","position":1,"name":"Home","item":"https:\/\/ikastikos-kiklos.com\/en\/"},{"@type":"ListItem","position":2,"name":"Stathis Alexopoulos \u2013 The Shape of Desire"}]},{"@type":"WebSite","@id":"https:\/\/ikastikos-kiklos.com\/en\/#website","url":"https:\/\/ikastikos-kiklos.com\/en\/","name":"Ikastikos Kiklos - Zografik\u00ed - Metaxotyp\u00edes - T\u00e9chniPainting - Silk Screen - Art","description":"","publisher":{"@id":"https:\/\/ikastikos-kiklos.com\/en\/#organization"},"potentialAction":[{"@type":"SearchAction","target":{"@type":"EntryPoint","urlTemplate":"https:\/\/ikastikos-kiklos.com\/en\/?s={search_term_string}"},"query-input":{"@type":"PropertyValueSpecification","valueRequired":true,"valueName":"search_term_string"}}],"inLanguage":"en-US"},{"@type":"Organization","@id":"https:\/\/ikastikos-kiklos.com\/en\/#organization","name":"Ikastikos Kiklos - Zografik\u00ed - Metaxotyp\u00edes - T\u00e9chniPainting - Silk Screen - Art","url":"https:\/\/ikastikos-kiklos.com\/en\/","logo":{"@type":"ImageObject","inLanguage":"en-US","@id":"https:\/\/ikastikos-kiklos.com\/en\/#\/schema\/logo\/image\/","url":"https:\/\/ikastikos-kiklos.com\/wp-content\/uploads\/2022\/10\/cropped-favicon_ikastikos.png","contentUrl":"https:\/\/ikastikos-kiklos.com\/wp-content\/uploads\/2022\/10\/cropped-favicon_ikastikos.png","width":512,"height":512,"caption":"Ikastikos Kiklos - Zografik\u00ed - Metaxotyp\u00edes - T\u00e9chniPainting - Silk Screen - Art"},"image":{"@id":"https:\/\/ikastikos-kiklos.com\/en\/#\/schema\/logo\/image\/"},"sameAs":["https:\/\/www.facebook.com\/ikastikoskiklossianti\/"]}]}},"_links":{"self":[{"href":"https:\/\/ikastikos-kiklos.com\/en\/wp-json\/wp\/v2\/pages\/52952","targetHints":{"allow":["GET"]}}],"collection":[{"href":"https:\/\/ikastikos-kiklos.com\/en\/wp-json\/wp\/v2\/pages"}],"about":[{"href":"https:\/\/ikastikos-kiklos.com\/en\/wp-json\/wp\/v2\/types\/page"}],"author":[{"embeddable":true,"href":"https:\/\/ikastikos-kiklos.com\/en\/wp-json\/wp\/v2\/users\/3"}],"replies":[{"embeddable":true,"href":"https:\/\/ikastikos-kiklos.com\/en\/wp-json\/wp\/v2\/comments?post=52952"}],"version-history":[{"count":4,"href":"https:\/\/ikastikos-kiklos.com\/en\/wp-json\/wp\/v2\/pages\/52952\/revisions"}],"predecessor-version":[{"id":53023,"href":"https:\/\/ikastikos-kiklos.com\/en\/wp-json\/wp\/v2\/pages\/52952\/revisions\/53023"}],"wp:attachment":[{"href":"https:\/\/ikastikos-kiklos.com\/en\/wp-json\/wp\/v2\/media?parent=52952"}],"curies":[{"name":"wp","href":"https:\/\/api.w.org\/{rel}","templated":true}]}}