{"id":52047,"date":"2025-06-04T09:56:44","date_gmt":"2025-06-04T06:56:44","guid":{"rendered":"https:\/\/ikastikos-kiklos.com\/outdoor-art-x-where-inspiration-breathes-sianti-gallery-x-columbia\/"},"modified":"2025-06-04T09:58:29","modified_gmt":"2025-06-04T06:58:29","slug":"outdoor-art-x-where-inspiration-breathes-sianti-gallery-x-columbia","status":"publish","type":"page","link":"https:\/\/ikastikos-kiklos.com\/en\/outdoor-art-x-where-inspiration-breathes-sianti-gallery-x-columbia\/","title":{"rendered":"Outdoor Art x Where Inspiration Breathes | Sianti Gallery x Columbia"},"content":{"rendered":"<div class=\"wpb-content-wrapper\"><p>[vc_row][vc_column width=&#8221;2\/3&#8243;]<div class=\"nm-banner-slider slider-type-boxed slick-slider slick-controls-gray slick-dots-disabled\" >\n\t\t\t<div class=\"nm-banner content-full image-type-fluid text-color-dark\" style=\"\"><img decoding=\"async\" src=\"https:\/\/ikastikos-kiklos.com\/wp-content\/uploads\/2025\/06\/COLUMBIA-SITE-BANNER-IN.jpg\" alt=\"COLUMBIA SITE BANNER IN\" \/>\n\t\t\t<\/div><\/div>[vc_empty_space height=&#8221;20px&#8221;][vc_column_text]<\/p>\n<p class=\"text-[24px] font-extrabold leading-[120%] pb-8\">The exhibition hosts work by 17 young artists, inspired by the cloths and accessories of Columbia.<\/p>\n<div id=\"paragraph_with_max_height\" class=\"overflow-hidden\">\n<p>Sianti Gallery, continuing its innovative collaborations, will be hosting the&nbsp;<em>Sianti<\/em>&nbsp;<em>Gallery&nbsp;<\/em><em>x<\/em>&nbsp;<em>Columbia<\/em><em>&nbsp;\u2013&nbsp;<\/em><em>Outdoor<\/em>&nbsp;<em>Art<\/em>&nbsp;<em>x<\/em>&nbsp;<em>Where<\/em>&nbsp;<em>Inspiration<\/em>&nbsp;<em>Breathes&nbsp;<\/em>project, on June 12-19, 2025. The opening will take place on Thursday, 12 June, at 19:00, combining art with the outdoor philosophy for the first time in Athens. It is an exhibition, which brings together modern art with the spirit of nature and exploration, showcasing new roads of expression.<\/p>\n<p>&nbsp;<\/p>\n<p>The exhibition hosts work by 17 young artists, inspired by the cloths and accessories of Columbia. Taking the ideas of form, functionality and aesthetics as their starting point, the artists create unique works, which explore the interaction of man with nature and adventure, resulting in an innovative and creative view on the outdoor lifestyle.<\/p>\n<p>&nbsp;<\/p>\n<p>Sianti Gallery, having displayed all these years a steadfast respect towards the environment by following the philosophy of the&nbsp;<em>\u201c<\/em><em>save<\/em>&nbsp;<em>the<\/em>&nbsp;<em>environment<\/em><em>\u201c<\/em>&nbsp;movement, finds in this particular collaboration with Columbia, an ideal companion. They both share the conviction that man was born in nature and should live in harmony with it, a value which characterizes the whole project.<\/p>\n<p>&nbsp;<\/p>\n<p>In an era, in which our relationship with the natural world is being redefined, the&nbsp;<em>Outdoor<\/em>&nbsp;<em>Art<\/em>&nbsp;<em>x<\/em>&nbsp;<em>Where<\/em>&nbsp;<em>Inspiration<\/em>&nbsp;<em>Breathes<\/em>&nbsp;exhibition \u2013 a project realized in collaboration of the&nbsp;<a href=\"https:\/\/thpaul.com\/\">thpaul.com<\/a>&nbsp; company \u2013 proposes a new field of dialogue between art, design, and an environmental consciousness. It is a reminder that inspiration breaths where creativity meets nature.<\/p>\n<p>&nbsp;<\/p>\n<p>Participating Artists (in alphabetical order):&nbsp;<em>Athanasakis Nikos, Artopoulou Nikoleta, Dourmoysoglou Lena, Gandu Zacharia, Kazantzaki Fedra-Luna, Kazantzoglou Odiseas, Kordolemis Lampros, Mavri Christina, Meidanis Panos, Memmou Elli, Ballas Michalis, Badourakis Dimitris, Benekou Ami, Strevlou Rafaela, Stroubakou Anna, Tzoufi Aliona, Chanioti Dimitra, Christodoulou Vassilis<\/em><\/p>\n<\/div>\n<p>[\/vc_column_text][vc_empty_space height=&#8221;20px&#8221;][\/vc_column][vc_column width=&#8221;1\/3&#8243;][vc_video link=&#8221;https:\/\/youtu.be\/TzcjYEHmCmg&#8221;][vc_empty_space height=&#8221;20px&#8221;][vc_column_text]<strong>DURATION<\/strong><br \/>\n12-19 June 2025[\/vc_column_text][vc_empty_space height=&#8221;20px&#8221;][\/vc_column][\/vc_row]<\/p>\n<\/div>","protected":false},"excerpt":{"rendered":"<p>[vc_row][vc_column width=&#8221;2\/3&#8243;][vc_empty_space height=&#8221;20px&#8221;][vc_column_text] The exhibition hosts work by 17 young artists, inspired by the cloths &hellip;<\/p>\n","protected":false},"author":3,"featured_media":0,"parent":0,"menu_order":0,"comment_status":"closed","ping_status":"closed","template":"","meta":{"ngg_post_thumbnail":0,"footnotes":""},"class_list":["post-52047","page","type-page","status-publish","hentry"],"yoast_head":"<!-- This site is optimized with the Yoast SEO plugin v27.4 - https:\/\/yoast.com\/product\/yoast-seo-wordpress\/ -->\n<title>Outdoor Art x Where Inspiration Breathes<\/title>\n<meta name=\"description\" content=\"Outdoor Art x Where Inspiration Breathes | Sianti Gallery x Columbia from 12 to 19 June 2025 at Ikastikos Kiklos Sianti Gallery\" \/>\n<meta name=\"robots\" content=\"index, follow, max-snippet:-1, max-image-preview:large, max-video-preview:-1\" \/>\n<link rel=\"canonical\" href=\"https:\/\/ikastikos-kiklos.com\/en\/outdoor-art-x-where-inspiration-breathes-sianti-gallery-x-columbia\/\" \/>\n<meta property=\"og:locale\" content=\"en_US\" \/>\n<meta property=\"og:type\" content=\"article\" \/>\n<meta property=\"og:title\" content=\"Outdoor Art x Where Inspiration Breathes\" \/>\n<meta property=\"og:description\" content=\"Outdoor Art x Where Inspiration Breathes | Sianti Gallery x Columbia from 12 to 19 June 2025 at Ikastikos Kiklos Sianti Gallery\" \/>\n<meta property=\"og:url\" content=\"https:\/\/ikastikos-kiklos.com\/en\/outdoor-art-x-where-inspiration-breathes-sianti-gallery-x-columbia\/\" \/>\n<meta property=\"og:site_name\" content=\"Ikastikos Kiklos - Zografik\u00ed - Metaxotyp\u00edes - T\u00e9chniPainting - Silk Screen - Art\" \/>\n<meta property=\"article:publisher\" content=\"https:\/\/www.facebook.com\/ikastikoskiklossianti\/\" \/>\n<meta property=\"article:modified_time\" content=\"2025-06-04T06:58:29+00:00\" \/>\n<meta name=\"twitter:card\" content=\"summary_large_image\" \/>\n<meta name=\"twitter:label1\" content=\"Est. reading time\" \/>\n\t<meta name=\"twitter:data1\" content=\"2 minutes\" \/>\n<script type=\"application\/ld+json\" class=\"yoast-schema-graph\">{\"@context\":\"https:\\\/\\\/schema.org\",\"@graph\":[{\"@type\":\"WebPage\",\"@id\":\"https:\\\/\\\/ikastikos-kiklos.com\\\/en\\\/outdoor-art-x-where-inspiration-breathes-sianti-gallery-x-columbia\\\/\",\"url\":\"https:\\\/\\\/ikastikos-kiklos.com\\\/en\\\/outdoor-art-x-where-inspiration-breathes-sianti-gallery-x-columbia\\\/\",\"name\":\"Outdoor Art x Where Inspiration Breathes\",\"isPartOf\":{\"@id\":\"https:\\\/\\\/ikastikos-kiklos.com\\\/en\\\/#website\"},\"datePublished\":\"2025-06-04T06:56:44+00:00\",\"dateModified\":\"2025-06-04T06:58:29+00:00\",\"description\":\"Outdoor Art x Where Inspiration Breathes | Sianti Gallery x Columbia from 12 to 19 June 2025 at Ikastikos Kiklos Sianti Gallery\",\"breadcrumb\":{\"@id\":\"https:\\\/\\\/ikastikos-kiklos.com\\\/en\\\/outdoor-art-x-where-inspiration-breathes-sianti-gallery-x-columbia\\\/#breadcrumb\"},\"inLanguage\":\"en-US\",\"potentialAction\":[{\"@type\":\"ReadAction\",\"target\":[\"https:\\\/\\\/ikastikos-kiklos.com\\\/en\\\/outdoor-art-x-where-inspiration-breathes-sianti-gallery-x-columbia\\\/\"]}]},{\"@type\":\"BreadcrumbList\",\"@id\":\"https:\\\/\\\/ikastikos-kiklos.com\\\/en\\\/outdoor-art-x-where-inspiration-breathes-sianti-gallery-x-columbia\\\/#breadcrumb\",\"itemListElement\":[{\"@type\":\"ListItem\",\"position\":1,\"name\":\"Home\",\"item\":\"https:\\\/\\\/ikastikos-kiklos.com\\\/en\\\/\"},{\"@type\":\"ListItem\",\"position\":2,\"name\":\"Outdoor Art x Where Inspiration Breathes | Sianti Gallery x Columbia\"}]},{\"@type\":\"WebSite\",\"@id\":\"https:\\\/\\\/ikastikos-kiklos.com\\\/en\\\/#website\",\"url\":\"https:\\\/\\\/ikastikos-kiklos.com\\\/en\\\/\",\"name\":\"Ikastikos Kiklos - Zografik\u00ed - Metaxotyp\u00edes - T\u00e9chniPainting - Silk Screen - Art\",\"description\":\"\",\"publisher\":{\"@id\":\"https:\\\/\\\/ikastikos-kiklos.com\\\/en\\\/#organization\"},\"potentialAction\":[{\"@type\":\"SearchAction\",\"target\":{\"@type\":\"EntryPoint\",\"urlTemplate\":\"https:\\\/\\\/ikastikos-kiklos.com\\\/en\\\/?s={search_term_string}\"},\"query-input\":{\"@type\":\"PropertyValueSpecification\",\"valueRequired\":true,\"valueName\":\"search_term_string\"}}],\"inLanguage\":\"en-US\"},{\"@type\":\"Organization\",\"@id\":\"https:\\\/\\\/ikastikos-kiklos.com\\\/en\\\/#organization\",\"name\":\"Ikastikos Kiklos - Zografik\u00ed - Metaxotyp\u00edes - T\u00e9chniPainting - Silk Screen - Art\",\"url\":\"https:\\\/\\\/ikastikos-kiklos.com\\\/en\\\/\",\"logo\":{\"@type\":\"ImageObject\",\"inLanguage\":\"en-US\",\"@id\":\"https:\\\/\\\/ikastikos-kiklos.com\\\/en\\\/#\\\/schema\\\/logo\\\/image\\\/\",\"url\":\"https:\\\/\\\/ikastikos-kiklos.com\\\/wp-content\\\/uploads\\\/2022\\\/10\\\/cropped-favicon_ikastikos.png\",\"contentUrl\":\"https:\\\/\\\/ikastikos-kiklos.com\\\/wp-content\\\/uploads\\\/2022\\\/10\\\/cropped-favicon_ikastikos.png\",\"width\":512,\"height\":512,\"caption\":\"Ikastikos Kiklos - Zografik\u00ed - Metaxotyp\u00edes - T\u00e9chniPainting - Silk Screen - Art\"},\"image\":{\"@id\":\"https:\\\/\\\/ikastikos-kiklos.com\\\/en\\\/#\\\/schema\\\/logo\\\/image\\\/\"},\"sameAs\":[\"https:\\\/\\\/www.facebook.com\\\/ikastikoskiklossianti\\\/\"]}]}<\/script>\n<!-- \/ Yoast SEO plugin. -->","yoast_head_json":{"title":"Outdoor Art x Where Inspiration Breathes","description":"Outdoor Art x Where Inspiration Breathes | Sianti Gallery x Columbia from 12 to 19 June 2025 at Ikastikos Kiklos Sianti Gallery","robots":{"index":"index","follow":"follow","max-snippet":"max-snippet:-1","max-image-preview":"max-image-preview:large","max-video-preview":"max-video-preview:-1"},"canonical":"https:\/\/ikastikos-kiklos.com\/en\/outdoor-art-x-where-inspiration-breathes-sianti-gallery-x-columbia\/","og_locale":"en_US","og_type":"article","og_title":"Outdoor Art x Where Inspiration Breathes","og_description":"Outdoor Art x Where Inspiration Breathes | Sianti Gallery x Columbia from 12 to 19 June 2025 at Ikastikos Kiklos Sianti Gallery","og_url":"https:\/\/ikastikos-kiklos.com\/en\/outdoor-art-x-where-inspiration-breathes-sianti-gallery-x-columbia\/","og_site_name":"Ikastikos Kiklos - Zografik\u00ed - Metaxotyp\u00edes - T\u00e9chniPainting - Silk Screen - Art","article_publisher":"https:\/\/www.facebook.com\/ikastikoskiklossianti\/","article_modified_time":"2025-06-04T06:58:29+00:00","twitter_card":"summary_large_image","twitter_misc":{"Est. reading time":"2 minutes"},"schema":{"@context":"https:\/\/schema.org","@graph":[{"@type":"WebPage","@id":"https:\/\/ikastikos-kiklos.com\/en\/outdoor-art-x-where-inspiration-breathes-sianti-gallery-x-columbia\/","url":"https:\/\/ikastikos-kiklos.com\/en\/outdoor-art-x-where-inspiration-breathes-sianti-gallery-x-columbia\/","name":"Outdoor Art x Where Inspiration Breathes","isPartOf":{"@id":"https:\/\/ikastikos-kiklos.com\/en\/#website"},"datePublished":"2025-06-04T06:56:44+00:00","dateModified":"2025-06-04T06:58:29+00:00","description":"Outdoor Art x Where Inspiration Breathes | Sianti Gallery x Columbia from 12 to 19 June 2025 at Ikastikos Kiklos Sianti Gallery","breadcrumb":{"@id":"https:\/\/ikastikos-kiklos.com\/en\/outdoor-art-x-where-inspiration-breathes-sianti-gallery-x-columbia\/#breadcrumb"},"inLanguage":"en-US","potentialAction":[{"@type":"ReadAction","target":["https:\/\/ikastikos-kiklos.com\/en\/outdoor-art-x-where-inspiration-breathes-sianti-gallery-x-columbia\/"]}]},{"@type":"BreadcrumbList","@id":"https:\/\/ikastikos-kiklos.com\/en\/outdoor-art-x-where-inspiration-breathes-sianti-gallery-x-columbia\/#breadcrumb","itemListElement":[{"@type":"ListItem","position":1,"name":"Home","item":"https:\/\/ikastikos-kiklos.com\/en\/"},{"@type":"ListItem","position":2,"name":"Outdoor Art x Where Inspiration Breathes | Sianti Gallery x Columbia"}]},{"@type":"WebSite","@id":"https:\/\/ikastikos-kiklos.com\/en\/#website","url":"https:\/\/ikastikos-kiklos.com\/en\/","name":"Ikastikos Kiklos - Zografik\u00ed - Metaxotyp\u00edes - T\u00e9chniPainting - Silk Screen - Art","description":"","publisher":{"@id":"https:\/\/ikastikos-kiklos.com\/en\/#organization"},"potentialAction":[{"@type":"SearchAction","target":{"@type":"EntryPoint","urlTemplate":"https:\/\/ikastikos-kiklos.com\/en\/?s={search_term_string}"},"query-input":{"@type":"PropertyValueSpecification","valueRequired":true,"valueName":"search_term_string"}}],"inLanguage":"en-US"},{"@type":"Organization","@id":"https:\/\/ikastikos-kiklos.com\/en\/#organization","name":"Ikastikos Kiklos - Zografik\u00ed - Metaxotyp\u00edes - T\u00e9chniPainting - Silk Screen - Art","url":"https:\/\/ikastikos-kiklos.com\/en\/","logo":{"@type":"ImageObject","inLanguage":"en-US","@id":"https:\/\/ikastikos-kiklos.com\/en\/#\/schema\/logo\/image\/","url":"https:\/\/ikastikos-kiklos.com\/wp-content\/uploads\/2022\/10\/cropped-favicon_ikastikos.png","contentUrl":"https:\/\/ikastikos-kiklos.com\/wp-content\/uploads\/2022\/10\/cropped-favicon_ikastikos.png","width":512,"height":512,"caption":"Ikastikos Kiklos - Zografik\u00ed - Metaxotyp\u00edes - T\u00e9chniPainting - Silk Screen - Art"},"image":{"@id":"https:\/\/ikastikos-kiklos.com\/en\/#\/schema\/logo\/image\/"},"sameAs":["https:\/\/www.facebook.com\/ikastikoskiklossianti\/"]}]}},"_links":{"self":[{"href":"https:\/\/ikastikos-kiklos.com\/en\/wp-json\/wp\/v2\/pages\/52047","targetHints":{"allow":["GET"]}}],"collection":[{"href":"https:\/\/ikastikos-kiklos.com\/en\/wp-json\/wp\/v2\/pages"}],"about":[{"href":"https:\/\/ikastikos-kiklos.com\/en\/wp-json\/wp\/v2\/types\/page"}],"author":[{"embeddable":true,"href":"https:\/\/ikastikos-kiklos.com\/en\/wp-json\/wp\/v2\/users\/3"}],"replies":[{"embeddable":true,"href":"https:\/\/ikastikos-kiklos.com\/en\/wp-json\/wp\/v2\/comments?post=52047"}],"version-history":[{"count":3,"href":"https:\/\/ikastikos-kiklos.com\/en\/wp-json\/wp\/v2\/pages\/52047\/revisions"}],"predecessor-version":[{"id":52052,"href":"https:\/\/ikastikos-kiklos.com\/en\/wp-json\/wp\/v2\/pages\/52047\/revisions\/52052"}],"wp:attachment":[{"href":"https:\/\/ikastikos-kiklos.com\/en\/wp-json\/wp\/v2\/media?parent=52047"}],"curies":[{"name":"wp","href":"https:\/\/api.w.org\/{rel}","templated":true}]}}