{"id":51895,"date":"2025-05-19T15:45:06","date_gmt":"2025-05-19T12:45:06","guid":{"rendered":"https:\/\/ikastikos-kiklos.com\/the-nights-rainbow-and-the-seventeen-tomorrows-like-today-thanasis-lalas\/"},"modified":"2025-06-04T09:39:18","modified_gmt":"2025-06-04T06:39:18","slug":"the-nights-rainbow-and-the-seventeen-tomorrows-like-today-thanasis-lalas","status":"publish","type":"page","link":"https:\/\/ikastikos-kiklos.com\/en\/the-nights-rainbow-and-the-seventeen-tomorrows-like-today-thanasis-lalas\/","title":{"rendered":"\u201cThe Night\u2019s Rainbow and The Seventeen Tomorrows Like Today\u201d \u2013 Thanasis Lalas"},"content":{"rendered":"<div class=\"wpb-content-wrapper\"><p>[vc_row][vc_column width=&#8221;2\/3&#8243;]\n\t\t\t<div class=\"nm-banner content-full image-type-fluid text-color-dark\" style=\"\"><img decoding=\"async\" src=\"https:\/\/ikastikos-kiklos.com\/wp-content\/uploads\/2025\/06\/LALAS-DURATION-ENG-1.jpg\" alt=\"LALAS-DURATION-ENG\" \/>\n\t\t\t<\/div>[vc_empty_space height=&#8221;25px&#8221;][vc_custom_heading text=&#8221;\u201cThe Night\u2019s Rainbow and The Seventeen Tomorrows Like Today\u201d \u2013 Thanasis Lalas&#8221; google_fonts=&#8221;font_family:Ubuntu%3A300%2C300italic%2Cregular%2Citalic%2C500%2C500italic%2C700%2C700italic|font_style:400%20regular%3A400%3Anormal&#8221;][vc_empty_space height=&#8221;25px&#8221;][vc_column_text]Sianti Gallery, continuing its collaboration with&nbsp;<strong>NYX Esperia Palace Hotel Athens<\/strong>, presented <strong>Thanasis Lalas<\/strong>&nbsp;in a unique visual art event on&nbsp;<strong>Tuesday, May 27<\/strong>. The artist will paint live in front of the eyes of visitors and passersby at the hotel entrance, offering a unique experience to the public.<\/p>\n<p><strong>SEE THE CATALOGUE<\/strong><\/p>\n<p><iframe style=\"width: 900px; height: 500px;\" src=\"https:\/\/online.fliphtml5.com\/aomdi\/yygk\/\" frameborder=\"0\" scrolling=\"no\" seamless=\"seamless\" allowfullscreen=\"allowfullscreen\"><\/iframe>&nbsp;<\/p>\n<p>Titled \u201cThe Night\u2019s Rainbow and The Seventeen Tomorrows Like Today\u201d, the exhibition explores the idea of tomorrow\u2014through seventeen thought-provoking artworks that question whether the future is truly unknown, or simply a reflection of a familiar present or past. As the next featured artist in the \u201cSianti Gallery Under the Spell of NYX\u201d project, Lalas brings his distinctive style and deeply symbolic universe to the NYX Esperia Hotel.<\/p>\n<p><strong>SEE PHOTOS OF THE OPENING NIGHT<\/strong><\/p>\n<p>ngg_shortcode_0_placeholderWhat is \u201ctomorrow\u201d? Does it truly exist, or is it merely today on repeat? \u201cTomorrow, scientists will create outrageous systems\u2026 Scientists will become the new entertainers.\u201d Has tomorrow already arrived? These are just some of the questions that Lalas invites the audience to contemplate. His vibrant colors, persistent use of symbolism, and a narrative quality that borders on literary, define his work. His brushstrokes echo the complex layers of contemporary life, always seen through a personal and poetic lens. During the opening, the artist will also speak with attendees about his inspirations and the stories behind his works.<\/p>\n<p>&nbsp;<\/p>\n<p>The project \u201cSianti Gallery Under the Spell of NYX\u201d aims to bring art closer to all\u2014inviting locals, travelers, and art enthusiasts alike to step into an inspiring space and experience the transformative power of creativity. At its core, the project reflects the belief that art can be experienced anywhere, anytime, and by anyone. It is not confined by space or occasion\u2014because art lives everywhere.<\/p>\n<p>&nbsp;<\/p>\n<p>The exhibition entitled \u201cThe Rainbow of the Night and Seventeen Tomorrows as Today\u201d will be hosted throughout the hotel and will be open to the public during the day until June 22.[\/vc_column_text][vc_empty_space height=&#8221;25px&#8221;][\/vc_column][vc_column width=&#8221;1\/3&#8243;]<div class=\"nm-banner-slider slider-type-boxed slick-slider slick-controls-gray slick-dots-disabled\" data-arrows=\"true\" >\n\t\t\t<div class=\"nm-banner content-full image-type-fluid text-color-dark\" style=\"\"><a href=\"https:\/\/www.likewoman.gr\/gia-proti-fora-stin-ellada-o-vraveymenos-me-to-guggenheim-fellowship-kallitechnis-peter-reginato\/\" class=\"nm-banner-link nm-banner-link-full\" target=\"_blank\"><img decoding=\"async\" src=\"https:\/\/ikastikos-kiklos.com\/wp-content\/uploads\/2025\/05\/6c57ae73-03eb-4e74-86c0-2eb71f111580-1.jpg\" alt=\"6c57ae73-03eb-4e74-86c0-2eb71f111580 (1)\" \/><\/a>\n\t\t\t<\/div>\n\t\t\t<div class=\"nm-banner content-full image-type-fluid text-color-dark\" style=\"\"><a href=\"https:\/\/asllinea.org\/peter-reginato-paintings\/\" class=\"nm-banner-link nm-banner-link-full\" target=\"_blank\"><img decoding=\"async\" src=\"https:\/\/ikastikos-kiklos.com\/wp-content\/uploads\/2025\/05\/IMG-1777.jpg\" alt=\"IMG-1777\" \/><\/a>\n\t\t\t<\/div>\n\t\t\t<div class=\"nm-banner content-full image-type-fluid text-color-dark\" style=\"\"><a href=\"https:\/\/www.debop.gr\/events\/peter-reginato-chroma-\" class=\"nm-banner-link nm-banner-link-full\" target=\"_blank\"><img decoding=\"async\" src=\"https:\/\/ikastikos-kiklos.com\/wp-content\/uploads\/2025\/05\/1200x1200-7.jpg\" alt=\"1200&#215;1200-7\" \/><\/a>\n\t\t\t<\/div>\n\t\t\t<div class=\"nm-banner content-full image-type-fluid text-color-dark\" style=\"\"><a href=\"https:\/\/www.lifo.gr\/guide\/arts\/events\/peter-reginato-chroma\" class=\"nm-banner-link nm-banner-link-full\" target=\"_blank\"><img decoding=\"async\" src=\"https:\/\/ikastikos-kiklos.com\/wp-content\/uploads\/2025\/05\/Screenshot-2025-05-12-at-16.00.12-scaled.png\" alt=\"Screenshot 2025-05-12 at 16.00.12\" \/><\/a>\n\t\t\t<\/div><\/div>[vc_empty_space height=&#8221;25px&#8221;][vc_column_text]<strong>DURATION<br \/>\n<\/strong><span class=\"ml-2 tracking-tight uppercase\">27 MAY &#8211; 28 JUNE 2025<\/span><\/p>\n<div class=\"item-meta flex items-center text-body font-bold py-2 text-xs md:ml-3 w-full md:w-fit\"><a class=\"ml-2 tracking-tight uppercase hover:text-black\" href=\"https:\/\/maps.google.com\/?q=NYX%20Esperia%20Palace%20Hotel%20Athens\" target=\"_blank\" rel=\"noopener\">NYX Esperia Palace Hotel Athens<\/a><\/div>\n<p>[\/vc_column_text][vc_empty_space height=&#8221;25px&#8221;][vc_column_text]<\/p>\n<p class=\"style-scope ytd-watch-metadata\"><strong>Q&amp;A with the artist at his studio<\/strong><\/p>\n<p>[\/vc_column_text][vc_video link=&#8221;https:\/\/www.youtube.com\/watch?v=5cKqSCOnerI&amp;ab_channel=SiantiGallery&#8221;][vc_empty_space height=&#8221;25px&#8221;][\/vc_column][\/vc_row]<\/p>\n<\/div>","protected":false},"excerpt":{"rendered":"<p>[vc_row][vc_column width=&#8221;2\/3&#8243;][vc_empty_space height=&#8221;25px&#8221;][vc_custom_heading text=&#8221;\u201cThe Night\u2019s Rainbow and The Seventeen Tomorrows Like Today\u201d \u2013 Thanasis Lalas&#8221; &hellip;<\/p>\n","protected":false},"author":3,"featured_media":0,"parent":0,"menu_order":0,"comment_status":"closed","ping_status":"closed","template":"","meta":{"ngg_post_thumbnail":0,"footnotes":""},"class_list":["post-51895","page","type-page","status-publish","hentry"],"yoast_head":"<!-- This site is optimized with the Yoast SEO plugin v27.2 - https:\/\/yoast.com\/product\/yoast-seo-wordpress\/ -->\n<title>\u201cThe Night\u2019s Rainbow and The Seventeen Tomorrows Like Today\u201d \u2013 Thanasis Lalas<\/title>\n<meta name=\"description\" content=\"\u201cThe Night\u2019s Rainbow and The Seventeen Tomorrows Like Today\u201d \u2013 Thanasis Lalas from 27 May to 21 June 2025\" \/>\n<meta name=\"robots\" content=\"index, follow, max-snippet:-1, max-image-preview:large, max-video-preview:-1\" \/>\n<link rel=\"canonical\" href=\"https:\/\/ikastikos-kiklos.com\/en\/the-nights-rainbow-and-the-seventeen-tomorrows-like-today-thanasis-lalas\/\" \/>\n<meta property=\"og:locale\" content=\"en_US\" \/>\n<meta property=\"og:type\" content=\"article\" \/>\n<meta property=\"og:title\" content=\"\u201cThe Night\u2019s Rainbow and The Seventeen Tomorrows Like Today\u201d \u2013 Thanasis Lalas\" \/>\n<meta property=\"og:description\" content=\"\u201cThe Night\u2019s Rainbow and The Seventeen Tomorrows Like Today\u201d \u2013 Thanasis Lalas from 27 May to 21 June 2025\" \/>\n<meta property=\"og:url\" content=\"https:\/\/ikastikos-kiklos.com\/en\/the-nights-rainbow-and-the-seventeen-tomorrows-like-today-thanasis-lalas\/\" \/>\n<meta property=\"og:site_name\" content=\"Ikastikos Kiklos - Zografik\u00ed - Metaxotyp\u00edes - T\u00e9chniPainting - Silk Screen - Art\" \/>\n<meta property=\"article:publisher\" content=\"https:\/\/www.facebook.com\/ikastikoskiklossianti\/\" \/>\n<meta property=\"article:modified_time\" content=\"2025-06-04T06:39:18+00:00\" \/>\n<meta name=\"twitter:card\" content=\"summary_large_image\" \/>\n<meta name=\"twitter:label1\" content=\"Est. reading time\" \/>\n\t<meta name=\"twitter:data1\" content=\"4 minutes\" \/>\n<script type=\"application\/ld+json\" class=\"yoast-schema-graph\">{\"@context\":\"https:\/\/schema.org\",\"@graph\":[{\"@type\":\"WebPage\",\"@id\":\"https:\/\/ikastikos-kiklos.com\/en\/the-nights-rainbow-and-the-seventeen-tomorrows-like-today-thanasis-lalas\/\",\"url\":\"https:\/\/ikastikos-kiklos.com\/en\/the-nights-rainbow-and-the-seventeen-tomorrows-like-today-thanasis-lalas\/\",\"name\":\"\u201cThe Night\u2019s Rainbow and The Seventeen Tomorrows Like Today\u201d \u2013 Thanasis Lalas\",\"isPartOf\":{\"@id\":\"https:\/\/ikastikos-kiklos.com\/en\/#website\"},\"datePublished\":\"2025-05-19T12:45:06+00:00\",\"dateModified\":\"2025-06-04T06:39:18+00:00\",\"description\":\"\u201cThe Night\u2019s Rainbow and The Seventeen Tomorrows Like Today\u201d \u2013 Thanasis Lalas from 27 May to 21 June 2025\",\"breadcrumb\":{\"@id\":\"https:\/\/ikastikos-kiklos.com\/en\/the-nights-rainbow-and-the-seventeen-tomorrows-like-today-thanasis-lalas\/#breadcrumb\"},\"inLanguage\":\"en-US\",\"potentialAction\":[{\"@type\":\"ReadAction\",\"target\":[\"https:\/\/ikastikos-kiklos.com\/en\/the-nights-rainbow-and-the-seventeen-tomorrows-like-today-thanasis-lalas\/\"]}]},{\"@type\":\"BreadcrumbList\",\"@id\":\"https:\/\/ikastikos-kiklos.com\/en\/the-nights-rainbow-and-the-seventeen-tomorrows-like-today-thanasis-lalas\/#breadcrumb\",\"itemListElement\":[{\"@type\":\"ListItem\",\"position\":1,\"name\":\"Home\",\"item\":\"https:\/\/ikastikos-kiklos.com\/en\/\"},{\"@type\":\"ListItem\",\"position\":2,\"name\":\"\u201cThe Night\u2019s Rainbow and The Seventeen Tomorrows Like Today\u201d \u2013 Thanasis Lalas\"}]},{\"@type\":\"WebSite\",\"@id\":\"https:\/\/ikastikos-kiklos.com\/en\/#website\",\"url\":\"https:\/\/ikastikos-kiklos.com\/en\/\",\"name\":\"Ikastikos Kiklos - Zografik\u00ed - Metaxotyp\u00edes - T\u00e9chniPainting - Silk Screen - Art\",\"description\":\"\",\"publisher\":{\"@id\":\"https:\/\/ikastikos-kiklos.com\/en\/#organization\"},\"potentialAction\":[{\"@type\":\"SearchAction\",\"target\":{\"@type\":\"EntryPoint\",\"urlTemplate\":\"https:\/\/ikastikos-kiklos.com\/en\/?s={search_term_string}\"},\"query-input\":{\"@type\":\"PropertyValueSpecification\",\"valueRequired\":true,\"valueName\":\"search_term_string\"}}],\"inLanguage\":\"en-US\"},{\"@type\":\"Organization\",\"@id\":\"https:\/\/ikastikos-kiklos.com\/en\/#organization\",\"name\":\"Ikastikos Kiklos - Zografik\u00ed - Metaxotyp\u00edes - T\u00e9chniPainting - Silk Screen - Art\",\"url\":\"https:\/\/ikastikos-kiklos.com\/en\/\",\"logo\":{\"@type\":\"ImageObject\",\"inLanguage\":\"en-US\",\"@id\":\"https:\/\/ikastikos-kiklos.com\/en\/#\/schema\/logo\/image\/\",\"url\":\"https:\/\/ikastikos-kiklos.com\/wp-content\/uploads\/2022\/10\/cropped-favicon_ikastikos.png\",\"contentUrl\":\"https:\/\/ikastikos-kiklos.com\/wp-content\/uploads\/2022\/10\/cropped-favicon_ikastikos.png\",\"width\":512,\"height\":512,\"caption\":\"Ikastikos Kiklos - Zografik\u00ed - Metaxotyp\u00edes - T\u00e9chniPainting - Silk Screen - Art\"},\"image\":{\"@id\":\"https:\/\/ikastikos-kiklos.com\/en\/#\/schema\/logo\/image\/\"},\"sameAs\":[\"https:\/\/www.facebook.com\/ikastikoskiklossianti\/\"]}]}<\/script>\n<!-- \/ Yoast SEO plugin. -->","yoast_head_json":{"title":"\u201cThe Night\u2019s Rainbow and The Seventeen Tomorrows Like Today\u201d \u2013 Thanasis Lalas","description":"\u201cThe Night\u2019s Rainbow and The Seventeen Tomorrows Like Today\u201d \u2013 Thanasis Lalas from 27 May to 21 June 2025","robots":{"index":"index","follow":"follow","max-snippet":"max-snippet:-1","max-image-preview":"max-image-preview:large","max-video-preview":"max-video-preview:-1"},"canonical":"https:\/\/ikastikos-kiklos.com\/en\/the-nights-rainbow-and-the-seventeen-tomorrows-like-today-thanasis-lalas\/","og_locale":"en_US","og_type":"article","og_title":"\u201cThe Night\u2019s Rainbow and The Seventeen Tomorrows Like Today\u201d \u2013 Thanasis Lalas","og_description":"\u201cThe Night\u2019s Rainbow and The Seventeen Tomorrows Like Today\u201d \u2013 Thanasis Lalas from 27 May to 21 June 2025","og_url":"https:\/\/ikastikos-kiklos.com\/en\/the-nights-rainbow-and-the-seventeen-tomorrows-like-today-thanasis-lalas\/","og_site_name":"Ikastikos Kiklos - Zografik\u00ed - Metaxotyp\u00edes - T\u00e9chniPainting - Silk Screen - Art","article_publisher":"https:\/\/www.facebook.com\/ikastikoskiklossianti\/","article_modified_time":"2025-06-04T06:39:18+00:00","twitter_card":"summary_large_image","twitter_misc":{"Est. reading time":"4 minutes"},"schema":{"@context":"https:\/\/schema.org","@graph":[{"@type":"WebPage","@id":"https:\/\/ikastikos-kiklos.com\/en\/the-nights-rainbow-and-the-seventeen-tomorrows-like-today-thanasis-lalas\/","url":"https:\/\/ikastikos-kiklos.com\/en\/the-nights-rainbow-and-the-seventeen-tomorrows-like-today-thanasis-lalas\/","name":"\u201cThe Night\u2019s Rainbow and The Seventeen Tomorrows Like Today\u201d \u2013 Thanasis Lalas","isPartOf":{"@id":"https:\/\/ikastikos-kiklos.com\/en\/#website"},"datePublished":"2025-05-19T12:45:06+00:00","dateModified":"2025-06-04T06:39:18+00:00","description":"\u201cThe Night\u2019s Rainbow and The Seventeen Tomorrows Like Today\u201d \u2013 Thanasis Lalas from 27 May to 21 June 2025","breadcrumb":{"@id":"https:\/\/ikastikos-kiklos.com\/en\/the-nights-rainbow-and-the-seventeen-tomorrows-like-today-thanasis-lalas\/#breadcrumb"},"inLanguage":"en-US","potentialAction":[{"@type":"ReadAction","target":["https:\/\/ikastikos-kiklos.com\/en\/the-nights-rainbow-and-the-seventeen-tomorrows-like-today-thanasis-lalas\/"]}]},{"@type":"BreadcrumbList","@id":"https:\/\/ikastikos-kiklos.com\/en\/the-nights-rainbow-and-the-seventeen-tomorrows-like-today-thanasis-lalas\/#breadcrumb","itemListElement":[{"@type":"ListItem","position":1,"name":"Home","item":"https:\/\/ikastikos-kiklos.com\/en\/"},{"@type":"ListItem","position":2,"name":"\u201cThe Night\u2019s Rainbow and The Seventeen Tomorrows Like Today\u201d \u2013 Thanasis Lalas"}]},{"@type":"WebSite","@id":"https:\/\/ikastikos-kiklos.com\/en\/#website","url":"https:\/\/ikastikos-kiklos.com\/en\/","name":"Ikastikos Kiklos - Zografik\u00ed - Metaxotyp\u00edes - T\u00e9chniPainting - Silk Screen - Art","description":"","publisher":{"@id":"https:\/\/ikastikos-kiklos.com\/en\/#organization"},"potentialAction":[{"@type":"SearchAction","target":{"@type":"EntryPoint","urlTemplate":"https:\/\/ikastikos-kiklos.com\/en\/?s={search_term_string}"},"query-input":{"@type":"PropertyValueSpecification","valueRequired":true,"valueName":"search_term_string"}}],"inLanguage":"en-US"},{"@type":"Organization","@id":"https:\/\/ikastikos-kiklos.com\/en\/#organization","name":"Ikastikos Kiklos - Zografik\u00ed - Metaxotyp\u00edes - T\u00e9chniPainting - Silk Screen - Art","url":"https:\/\/ikastikos-kiklos.com\/en\/","logo":{"@type":"ImageObject","inLanguage":"en-US","@id":"https:\/\/ikastikos-kiklos.com\/en\/#\/schema\/logo\/image\/","url":"https:\/\/ikastikos-kiklos.com\/wp-content\/uploads\/2022\/10\/cropped-favicon_ikastikos.png","contentUrl":"https:\/\/ikastikos-kiklos.com\/wp-content\/uploads\/2022\/10\/cropped-favicon_ikastikos.png","width":512,"height":512,"caption":"Ikastikos Kiklos - Zografik\u00ed - Metaxotyp\u00edes - T\u00e9chniPainting - Silk Screen - Art"},"image":{"@id":"https:\/\/ikastikos-kiklos.com\/en\/#\/schema\/logo\/image\/"},"sameAs":["https:\/\/www.facebook.com\/ikastikoskiklossianti\/"]}]}},"_links":{"self":[{"href":"https:\/\/ikastikos-kiklos.com\/en\/wp-json\/wp\/v2\/pages\/51895","targetHints":{"allow":["GET"]}}],"collection":[{"href":"https:\/\/ikastikos-kiklos.com\/en\/wp-json\/wp\/v2\/pages"}],"about":[{"href":"https:\/\/ikastikos-kiklos.com\/en\/wp-json\/wp\/v2\/types\/page"}],"author":[{"embeddable":true,"href":"https:\/\/ikastikos-kiklos.com\/en\/wp-json\/wp\/v2\/users\/3"}],"replies":[{"embeddable":true,"href":"https:\/\/ikastikos-kiklos.com\/en\/wp-json\/wp\/v2\/comments?post=51895"}],"version-history":[{"count":5,"href":"https:\/\/ikastikos-kiklos.com\/en\/wp-json\/wp\/v2\/pages\/51895\/revisions"}],"predecessor-version":[{"id":52046,"href":"https:\/\/ikastikos-kiklos.com\/en\/wp-json\/wp\/v2\/pages\/51895\/revisions\/52046"}],"wp:attachment":[{"href":"https:\/\/ikastikos-kiklos.com\/en\/wp-json\/wp\/v2\/media?parent=51895"}],"curies":[{"name":"wp","href":"https:\/\/api.w.org\/{rel}","templated":true}]}}