{"id":5180,"date":"2016-07-12T13:36:00","date_gmt":"2016-07-12T13:36:00","guid":{"rendered":"https:\/\/ikastikos-kiklos.com\/sculptors\/%ce%bc%cf%8c%cf%81%ce%b1%ce%bb%ce%b7-%cf%87%cf%81%ce%b9%cf%83%cf%84%ce%af%ce%bd%ce%b1\/"},"modified":"2020-07-03T14:24:43","modified_gmt":"2020-07-03T11:24:43","slug":"%ce%bc%cf%8c%cf%81%ce%b1%ce%bb%ce%b7-%cf%87%cf%81%ce%b9%cf%83%cf%84%ce%af%ce%bd%ce%b1","status":"publish","type":"page","link":"https:\/\/ikastikos-kiklos.com\/en\/sculptors\/%ce%bc%cf%8c%cf%81%ce%b1%ce%bb%ce%b7-%cf%87%cf%81%ce%b9%cf%83%cf%84%ce%af%ce%bd%ce%b1\/","title":{"rendered":"Morali Christina"},"content":{"rendered":"<div class=\"wpb-content-wrapper\"><p>[vc_row][vc_column][vc_custom_heading text=&#8221;CV&#8221;][\/vc_column][\/vc_row][vc_row][vc_column][vc_column_text]<\/p>\n<h1>Morali Christina<\/h1>\n<p>She <strong>studied Interior Decorating at the Athenaeum Technological Institute of the Doxiades College<\/strong> and pottery at the Hammersmith College of Art, in England. Since 1976, she lives in Athens, where she keeps her own pottery studio. <strong>She likes to engage in many techniques, mainly fire clay<\/strong> (stoneware \u2013 porcelain). Since 1990,<strong> she is experimenting with metals<\/strong> (aluminum \/ bronze), <strong>creating works<\/strong>, which are inspired by <strong>industrial products<\/strong>, as well as everyday objects of past decades. She has participated in many exhibitions, in Greece and abroad.[\/vc_column_text][\/vc_column][\/vc_row][vc_row][vc_column][vc_single_image image=&#8221;5181&#8243; img_size=&#8221;large&#8221; alignment=&#8221;center&#8221;][vc_empty_space][vc_video link=&#8221;https:\/\/www.youtube.com\/watch?v=vumg-6_HgYw&#8221; el_width=&#8221;80&#8243; align=&#8221;center&#8221;][\/vc_column][\/vc_row]<\/p>\n<\/div>","protected":false},"excerpt":{"rendered":"<p>[vc_row][vc_column][vc_custom_heading text=&#8221;CV&#8221;][\/vc_column][\/vc_row][vc_row][vc_column][vc_column_text] Morali Christina She studied Interior Decorating at the Athenaeum Technological Institute of the &hellip;<\/p>\n","protected":false},"author":3,"featured_media":0,"parent":2906,"menu_order":0,"comment_status":"closed","ping_status":"closed","template":"page-glyptes.php","meta":{"ngg_post_thumbnail":0,"footnotes":""},"class_list":["post-5180","page","type-page","status-publish","hentry"],"yoast_head":"<!-- This site is optimized with the Yoast SEO plugin v27.2 - https:\/\/yoast.com\/product\/yoast-seo-wordpress\/ -->\n<title>Morali Christina Profile at Ikastikos Kiklos Sianti Gallery<\/title>\n<meta name=\"description\" content=\"Morali Christina Profile at Ikastikos Kiklos Sianti Gallery. Find art objects for sale at great prices\" \/>\n<meta name=\"robots\" content=\"index, follow, max-snippet:-1, max-image-preview:large, max-video-preview:-1\" \/>\n<link rel=\"canonical\" href=\"https:\/\/ikastikos-kiklos.com\/en\/sculptors\/\u03bc\u03cc\u03c1\u03b1\u03bb\u03b7-\u03c7\u03c1\u03b9\u03c3\u03c4\u03af\u03bd\u03b1\/\" \/>\n<meta property=\"og:locale\" content=\"en_US\" \/>\n<meta property=\"og:type\" content=\"article\" \/>\n<meta property=\"og:title\" content=\"Morali Christina Profile at Ikastikos Kiklos Sianti Gallery\" \/>\n<meta property=\"og:description\" content=\"Morali Christina Profile at Ikastikos Kiklos Sianti Gallery. Find art objects for sale at great prices\" \/>\n<meta property=\"og:url\" content=\"https:\/\/ikastikos-kiklos.com\/en\/sculptors\/\u03bc\u03cc\u03c1\u03b1\u03bb\u03b7-\u03c7\u03c1\u03b9\u03c3\u03c4\u03af\u03bd\u03b1\/\" \/>\n<meta property=\"og:site_name\" content=\"Ikastikos Kiklos - Zografik\u00ed - Metaxotyp\u00edes - T\u00e9chniPainting - Silk Screen - Art\" \/>\n<meta property=\"article:publisher\" content=\"https:\/\/www.facebook.com\/ikastikoskiklossianti\/\" \/>\n<meta property=\"article:modified_time\" content=\"2020-07-03T11:24:43+00:00\" \/>\n<meta name=\"twitter:card\" content=\"summary_large_image\" \/>\n<meta name=\"twitter:label1\" content=\"Est. reading time\" \/>\n\t<meta name=\"twitter:data1\" content=\"1 minute\" \/>\n<script type=\"application\/ld+json\" class=\"yoast-schema-graph\">{\"@context\":\"https:\/\/schema.org\",\"@graph\":[{\"@type\":\"WebPage\",\"@id\":\"https:\/\/ikastikos-kiklos.com\/en\/sculptors\/%ce%bc%cf%8c%cf%81%ce%b1%ce%bb%ce%b7-%cf%87%cf%81%ce%b9%cf%83%cf%84%ce%af%ce%bd%ce%b1\/\",\"url\":\"https:\/\/ikastikos-kiklos.com\/en\/sculptors\/%ce%bc%cf%8c%cf%81%ce%b1%ce%bb%ce%b7-%cf%87%cf%81%ce%b9%cf%83%cf%84%ce%af%ce%bd%ce%b1\/\",\"name\":\"Morali Christina Profile at Ikastikos Kiklos Sianti Gallery\",\"isPartOf\":{\"@id\":\"https:\/\/ikastikos-kiklos.com\/en\/#website\"},\"datePublished\":\"2016-07-12T13:36:00+00:00\",\"dateModified\":\"2020-07-03T11:24:43+00:00\",\"description\":\"Morali Christina Profile at Ikastikos Kiklos Sianti Gallery. Find art objects for sale at great prices\",\"breadcrumb\":{\"@id\":\"https:\/\/ikastikos-kiklos.com\/en\/sculptors\/%ce%bc%cf%8c%cf%81%ce%b1%ce%bb%ce%b7-%cf%87%cf%81%ce%b9%cf%83%cf%84%ce%af%ce%bd%ce%b1\/#breadcrumb\"},\"inLanguage\":\"en-US\",\"potentialAction\":[{\"@type\":\"ReadAction\",\"target\":[\"https:\/\/ikastikos-kiklos.com\/en\/sculptors\/%ce%bc%cf%8c%cf%81%ce%b1%ce%bb%ce%b7-%cf%87%cf%81%ce%b9%cf%83%cf%84%ce%af%ce%bd%ce%b1\/\"]}]},{\"@type\":\"BreadcrumbList\",\"@id\":\"https:\/\/ikastikos-kiklos.com\/en\/sculptors\/%ce%bc%cf%8c%cf%81%ce%b1%ce%bb%ce%b7-%cf%87%cf%81%ce%b9%cf%83%cf%84%ce%af%ce%bd%ce%b1\/#breadcrumb\",\"itemListElement\":[{\"@type\":\"ListItem\",\"position\":1,\"name\":\"Home\",\"item\":\"https:\/\/ikastikos-kiklos.com\/en\/\"},{\"@type\":\"ListItem\",\"position\":2,\"name\":\"Sculptors\",\"item\":\"https:\/\/ikastikos-kiklos.com\/en\/sculptors\/\"},{\"@type\":\"ListItem\",\"position\":3,\"name\":\"Morali Christina\"}]},{\"@type\":\"WebSite\",\"@id\":\"https:\/\/ikastikos-kiklos.com\/en\/#website\",\"url\":\"https:\/\/ikastikos-kiklos.com\/en\/\",\"name\":\"Ikastikos Kiklos - Zografik\u00ed - Metaxotyp\u00edes - T\u00e9chniPainting - Silk Screen - Art\",\"description\":\"\",\"publisher\":{\"@id\":\"https:\/\/ikastikos-kiklos.com\/en\/#organization\"},\"potentialAction\":[{\"@type\":\"SearchAction\",\"target\":{\"@type\":\"EntryPoint\",\"urlTemplate\":\"https:\/\/ikastikos-kiklos.com\/en\/?s={search_term_string}\"},\"query-input\":{\"@type\":\"PropertyValueSpecification\",\"valueRequired\":true,\"valueName\":\"search_term_string\"}}],\"inLanguage\":\"en-US\"},{\"@type\":\"Organization\",\"@id\":\"https:\/\/ikastikos-kiklos.com\/en\/#organization\",\"name\":\"Ikastikos Kiklos - Zografik\u00ed - Metaxotyp\u00edes - T\u00e9chniPainting - Silk Screen - Art\",\"url\":\"https:\/\/ikastikos-kiklos.com\/en\/\",\"logo\":{\"@type\":\"ImageObject\",\"inLanguage\":\"en-US\",\"@id\":\"https:\/\/ikastikos-kiklos.com\/en\/#\/schema\/logo\/image\/\",\"url\":\"https:\/\/ikastikos-kiklos.com\/wp-content\/uploads\/2022\/10\/cropped-favicon_ikastikos.png\",\"contentUrl\":\"https:\/\/ikastikos-kiklos.com\/wp-content\/uploads\/2022\/10\/cropped-favicon_ikastikos.png\",\"width\":512,\"height\":512,\"caption\":\"Ikastikos Kiklos - Zografik\u00ed - Metaxotyp\u00edes - T\u00e9chniPainting - Silk Screen - Art\"},\"image\":{\"@id\":\"https:\/\/ikastikos-kiklos.com\/en\/#\/schema\/logo\/image\/\"},\"sameAs\":[\"https:\/\/www.facebook.com\/ikastikoskiklossianti\/\"]}]}<\/script>\n<!-- \/ Yoast SEO plugin. -->","yoast_head_json":{"title":"Morali Christina Profile at Ikastikos Kiklos Sianti Gallery","description":"Morali Christina Profile at Ikastikos Kiklos Sianti Gallery. Find art objects for sale at great prices","robots":{"index":"index","follow":"follow","max-snippet":"max-snippet:-1","max-image-preview":"max-image-preview:large","max-video-preview":"max-video-preview:-1"},"canonical":"https:\/\/ikastikos-kiklos.com\/en\/sculptors\/\u03bc\u03cc\u03c1\u03b1\u03bb\u03b7-\u03c7\u03c1\u03b9\u03c3\u03c4\u03af\u03bd\u03b1\/","og_locale":"en_US","og_type":"article","og_title":"Morali Christina Profile at Ikastikos Kiklos Sianti Gallery","og_description":"Morali Christina Profile at Ikastikos Kiklos Sianti Gallery. Find art objects for sale at great prices","og_url":"https:\/\/ikastikos-kiklos.com\/en\/sculptors\/\u03bc\u03cc\u03c1\u03b1\u03bb\u03b7-\u03c7\u03c1\u03b9\u03c3\u03c4\u03af\u03bd\u03b1\/","og_site_name":"Ikastikos Kiklos - Zografik\u00ed - Metaxotyp\u00edes - T\u00e9chniPainting - Silk Screen - Art","article_publisher":"https:\/\/www.facebook.com\/ikastikoskiklossianti\/","article_modified_time":"2020-07-03T11:24:43+00:00","twitter_card":"summary_large_image","twitter_misc":{"Est. reading time":"1 minute"},"schema":{"@context":"https:\/\/schema.org","@graph":[{"@type":"WebPage","@id":"https:\/\/ikastikos-kiklos.com\/en\/sculptors\/%ce%bc%cf%8c%cf%81%ce%b1%ce%bb%ce%b7-%cf%87%cf%81%ce%b9%cf%83%cf%84%ce%af%ce%bd%ce%b1\/","url":"https:\/\/ikastikos-kiklos.com\/en\/sculptors\/%ce%bc%cf%8c%cf%81%ce%b1%ce%bb%ce%b7-%cf%87%cf%81%ce%b9%cf%83%cf%84%ce%af%ce%bd%ce%b1\/","name":"Morali Christina Profile at Ikastikos Kiklos Sianti Gallery","isPartOf":{"@id":"https:\/\/ikastikos-kiklos.com\/en\/#website"},"datePublished":"2016-07-12T13:36:00+00:00","dateModified":"2020-07-03T11:24:43+00:00","description":"Morali Christina Profile at Ikastikos Kiklos Sianti Gallery. Find art objects for sale at great prices","breadcrumb":{"@id":"https:\/\/ikastikos-kiklos.com\/en\/sculptors\/%ce%bc%cf%8c%cf%81%ce%b1%ce%bb%ce%b7-%cf%87%cf%81%ce%b9%cf%83%cf%84%ce%af%ce%bd%ce%b1\/#breadcrumb"},"inLanguage":"en-US","potentialAction":[{"@type":"ReadAction","target":["https:\/\/ikastikos-kiklos.com\/en\/sculptors\/%ce%bc%cf%8c%cf%81%ce%b1%ce%bb%ce%b7-%cf%87%cf%81%ce%b9%cf%83%cf%84%ce%af%ce%bd%ce%b1\/"]}]},{"@type":"BreadcrumbList","@id":"https:\/\/ikastikos-kiklos.com\/en\/sculptors\/%ce%bc%cf%8c%cf%81%ce%b1%ce%bb%ce%b7-%cf%87%cf%81%ce%b9%cf%83%cf%84%ce%af%ce%bd%ce%b1\/#breadcrumb","itemListElement":[{"@type":"ListItem","position":1,"name":"Home","item":"https:\/\/ikastikos-kiklos.com\/en\/"},{"@type":"ListItem","position":2,"name":"Sculptors","item":"https:\/\/ikastikos-kiklos.com\/en\/sculptors\/"},{"@type":"ListItem","position":3,"name":"Morali Christina"}]},{"@type":"WebSite","@id":"https:\/\/ikastikos-kiklos.com\/en\/#website","url":"https:\/\/ikastikos-kiklos.com\/en\/","name":"Ikastikos Kiklos - Zografik\u00ed - Metaxotyp\u00edes - T\u00e9chniPainting - Silk Screen - Art","description":"","publisher":{"@id":"https:\/\/ikastikos-kiklos.com\/en\/#organization"},"potentialAction":[{"@type":"SearchAction","target":{"@type":"EntryPoint","urlTemplate":"https:\/\/ikastikos-kiklos.com\/en\/?s={search_term_string}"},"query-input":{"@type":"PropertyValueSpecification","valueRequired":true,"valueName":"search_term_string"}}],"inLanguage":"en-US"},{"@type":"Organization","@id":"https:\/\/ikastikos-kiklos.com\/en\/#organization","name":"Ikastikos Kiklos - Zografik\u00ed - Metaxotyp\u00edes - T\u00e9chniPainting - Silk Screen - Art","url":"https:\/\/ikastikos-kiklos.com\/en\/","logo":{"@type":"ImageObject","inLanguage":"en-US","@id":"https:\/\/ikastikos-kiklos.com\/en\/#\/schema\/logo\/image\/","url":"https:\/\/ikastikos-kiklos.com\/wp-content\/uploads\/2022\/10\/cropped-favicon_ikastikos.png","contentUrl":"https:\/\/ikastikos-kiklos.com\/wp-content\/uploads\/2022\/10\/cropped-favicon_ikastikos.png","width":512,"height":512,"caption":"Ikastikos Kiklos - Zografik\u00ed - Metaxotyp\u00edes - T\u00e9chniPainting - Silk Screen - Art"},"image":{"@id":"https:\/\/ikastikos-kiklos.com\/en\/#\/schema\/logo\/image\/"},"sameAs":["https:\/\/www.facebook.com\/ikastikoskiklossianti\/"]}]}},"_links":{"self":[{"href":"https:\/\/ikastikos-kiklos.com\/en\/wp-json\/wp\/v2\/pages\/5180","targetHints":{"allow":["GET"]}}],"collection":[{"href":"https:\/\/ikastikos-kiklos.com\/en\/wp-json\/wp\/v2\/pages"}],"about":[{"href":"https:\/\/ikastikos-kiklos.com\/en\/wp-json\/wp\/v2\/types\/page"}],"author":[{"embeddable":true,"href":"https:\/\/ikastikos-kiklos.com\/en\/wp-json\/wp\/v2\/users\/3"}],"replies":[{"embeddable":true,"href":"https:\/\/ikastikos-kiklos.com\/en\/wp-json\/wp\/v2\/comments?post=5180"}],"version-history":[{"count":0,"href":"https:\/\/ikastikos-kiklos.com\/en\/wp-json\/wp\/v2\/pages\/5180\/revisions"}],"up":[{"embeddable":true,"href":"https:\/\/ikastikos-kiklos.com\/en\/wp-json\/wp\/v2\/pages\/2906"}],"wp:attachment":[{"href":"https:\/\/ikastikos-kiklos.com\/en\/wp-json\/wp\/v2\/media?parent=5180"}],"curies":[{"name":"wp","href":"https:\/\/api.w.org\/{rel}","templated":true}]}}