{"id":5178,"date":"2016-07-12T13:42:06","date_gmt":"2016-07-12T13:42:06","guid":{"rendered":"https:\/\/ikastikos-kiklos.com\/sculptors\/%ce%b3%ce%b5%cf%89%cf%81%ce%b3%ce%b9%ce%ac%ce%b4%ce%b7%cf%82-%ce%b3%ce%b9%cf%8e%cf%81%ce%b3%ce%bf%cf%82\/"},"modified":"2020-07-03T14:33:28","modified_gmt":"2020-07-03T11:33:28","slug":"%ce%b3%ce%b5%cf%89%cf%81%ce%b3%ce%b9%ce%ac%ce%b4%ce%b7%cf%82-%ce%b3%ce%b9%cf%8e%cf%81%ce%b3%ce%bf%cf%82","status":"publish","type":"page","link":"https:\/\/ikastikos-kiklos.com\/en\/sculptors\/%ce%b3%ce%b5%cf%89%cf%81%ce%b3%ce%b9%ce%ac%ce%b4%ce%b7%cf%82-%ce%b3%ce%b9%cf%8e%cf%81%ce%b3%ce%bf%cf%82\/","title":{"rendered":"Georgiadis Giorgos"},"content":{"rendered":"<div class=\"wpb-content-wrapper\"><p>[vc_row][vc_column][vc_custom_heading text=&#8221;CV&#8221;][\/vc_column][\/vc_row][vc_row][vc_column][vc_column_text]<\/p>\n<h1>Georgiadis Giorgos<\/h1>\n<div class=\"nm-row nm-row-full \">\n<div class=\"col-sm-12 nm_column\">\n<div class=\"wpb_wrapper\">\n<div class=\"wpb_text_column wpb_content_element \">\n<div class=\"wpb_wrapper\">\n<header class=\"title-container\">\n<p class=\"title\">He was born in 1934 in Maroussi (Athens). He <strong>studied sculpture at the Fine Arts School of Athens<\/strong>, near G. Pappas and M. Tombros (1954-1959). In 1959 he goes to Florence, Italy on a scholarship by Eugenides Foundation and <strong>he is taught the art of metal near Bruno Bearzi<\/strong>.<\/p>\n<p class=\"title\"><iframe loading=\"lazy\" src=\"https:\/\/www.youtube.com\/embed\/0pLL8l_1HFE\" width=\"560\" height=\"315\" frameborder=\"0\" allowfullscreen=\"allowfullscreen\"><\/iframe><br \/>\n<strong>His sculptural style is mainly expressionist and his themes are anthropocentric with symbolist hints.<\/strong> Seated female forms are his dominant theme, often headless, alone or in groups, and in positions indicating physical and mental tension. <strong>His technique is complete and rather traditional, with subtle deformations which stress expression. Most of his works are cast in bronze.<\/strong> A humanitarian vein and a critical commentary of social problems characterize his entire work, aesthetically and thematically.<br \/>\nHis first solo exhibition was in 1974 in Athens (<span class=\"iset_italics\">Nees Morfes<\/span>&nbsp;gallery). More solo exhibitions would soon follow in Athens, Thessaloniki and other European cities. In 1994, an honorary retrospective exhibition was organized at the Cultural Center of Maroussi.<br \/>\nHe has participated in many group exhibitions in Greece and abroad (France, Italy, Egypt, Netherlands, Monaco, Norway, Tai Pei, U.S.A.). In 1984, he represented Greece at the 41st Venice Biennale, along with painter Christos Karas. Part of his work has been created in collaboration with architects for building decoration. <strong>His sculptures can also be found in Greek public places.<\/strong><\/p>\n<p class=\"title\"><iframe loading=\"lazy\" src=\"https:\/\/www.youtube.com\/embed\/xJerHBdXVZE\" width=\"560\" height=\"315\" frameborder=\"0\" allowfullscreen=\"allowfullscreen\"><\/iframe><br \/>\n<strong>He has been honored with many awards<\/strong>: 1st sculpture prize at the Nationwide Exhibition (Panelladiki) for Young Artists (1961), a grant from Ford Foundation (1975), 1st sculpture prize at the exhibition Les Arts en Europe (Brussels, 1976), 2nd sculpture prize at the Biennale of Alexandria in the same year, Italian journalists award (Todi, Italy, 1985), gold medal of the Italian Academy of Arts and Sciences of Liguria (1993), etc.<br \/>\n<strong>He taught drawing for twenty years at the Athens Technological Institute (1960-1980) and was a member of the Classification and Evaluation Committee of the Greek Chamber of Fine Arts.<\/strong><\/p>\n<\/header>\n<\/div>\n<\/div>\n<\/div>\n<\/div>\n<\/div>\n<div class=\"nm-row nm-row-full \">\n<div class=\"col-sm-12 nm_column\">\n<div class=\"wpb_wrapper\">&nbsp;<\/div>\n<\/div>\n<\/div>\n<p>[\/vc_column_text][\/vc_column][\/vc_row][vc_row][vc_column][vc_empty_space][\/vc_column][\/vc_row][vc_row][vc_column][vc_video link=&#8221;https:\/\/www.youtube.com\/watch?v=xJerHBdXVZE&#8221; el_width=&#8221;80&#8243; align=&#8221;center&#8221;][\/vc_column][\/vc_row]<\/p>\n<\/div>","protected":false},"excerpt":{"rendered":"<p>[vc_row][vc_column][vc_custom_heading text=&#8221;CV&#8221;][\/vc_column][\/vc_row][vc_row][vc_column][vc_column_text] Georgiadis Giorgos He was born in 1934 in Maroussi (Athens). He studied sculpture &hellip;<\/p>\n","protected":false},"author":3,"featured_media":0,"parent":2906,"menu_order":0,"comment_status":"closed","ping_status":"closed","template":"page-glyptes.php","meta":{"ngg_post_thumbnail":0,"footnotes":""},"class_list":["post-5178","page","type-page","status-publish","hentry"],"yoast_head":"<!-- This site is optimized with the Yoast SEO plugin v27.2 - https:\/\/yoast.com\/product\/yoast-seo-wordpress\/ -->\n<title>Georgiadis Giorgos Sculptor at Ikastikos Kiklos Sianti Gallery.<\/title>\n<meta name=\"description\" content=\"Georgiadis Giorgos Sculptor at Ikastikos Kiklos Sianti Gallery. Find sculpture and microsculpture for sale at great prices.\" \/>\n<meta name=\"robots\" content=\"index, follow, max-snippet:-1, max-image-preview:large, max-video-preview:-1\" \/>\n<link rel=\"canonical\" href=\"https:\/\/ikastikos-kiklos.com\/en\/sculptors\/\u03b3\u03b5\u03c9\u03c1\u03b3\u03b9\u03ac\u03b4\u03b7\u03c2-\u03b3\u03b9\u03ce\u03c1\u03b3\u03bf\u03c2\/\" \/>\n<meta property=\"og:locale\" content=\"en_US\" \/>\n<meta property=\"og:type\" content=\"article\" \/>\n<meta property=\"og:title\" content=\"Georgiadis Giorgos Sculptor at Ikastikos Kiklos Sianti Gallery.\" \/>\n<meta property=\"og:description\" content=\"Georgiadis Giorgos Sculptor at Ikastikos Kiklos Sianti Gallery. Find sculpture and microsculpture for sale at great prices.\" \/>\n<meta property=\"og:url\" content=\"https:\/\/ikastikos-kiklos.com\/en\/sculptors\/\u03b3\u03b5\u03c9\u03c1\u03b3\u03b9\u03ac\u03b4\u03b7\u03c2-\u03b3\u03b9\u03ce\u03c1\u03b3\u03bf\u03c2\/\" \/>\n<meta property=\"og:site_name\" content=\"Ikastikos Kiklos - Zografik\u00ed - Metaxotyp\u00edes - T\u00e9chniPainting - Silk Screen - Art\" \/>\n<meta property=\"article:publisher\" content=\"https:\/\/www.facebook.com\/ikastikoskiklossianti\/\" \/>\n<meta property=\"article:modified_time\" content=\"2020-07-03T11:33:28+00:00\" \/>\n<meta name=\"twitter:card\" content=\"summary_large_image\" \/>\n<meta name=\"twitter:label1\" content=\"Est. reading time\" \/>\n\t<meta name=\"twitter:data1\" content=\"2 minutes\" \/>\n<script type=\"application\/ld+json\" class=\"yoast-schema-graph\">{\"@context\":\"https:\/\/schema.org\",\"@graph\":[{\"@type\":\"WebPage\",\"@id\":\"https:\/\/ikastikos-kiklos.com\/en\/sculptors\/%ce%b3%ce%b5%cf%89%cf%81%ce%b3%ce%b9%ce%ac%ce%b4%ce%b7%cf%82-%ce%b3%ce%b9%cf%8e%cf%81%ce%b3%ce%bf%cf%82\/\",\"url\":\"https:\/\/ikastikos-kiklos.com\/en\/sculptors\/%ce%b3%ce%b5%cf%89%cf%81%ce%b3%ce%b9%ce%ac%ce%b4%ce%b7%cf%82-%ce%b3%ce%b9%cf%8e%cf%81%ce%b3%ce%bf%cf%82\/\",\"name\":\"Georgiadis Giorgos Sculptor at Ikastikos Kiklos Sianti Gallery.\",\"isPartOf\":{\"@id\":\"https:\/\/ikastikos-kiklos.com\/en\/#website\"},\"datePublished\":\"2016-07-12T13:42:06+00:00\",\"dateModified\":\"2020-07-03T11:33:28+00:00\",\"description\":\"Georgiadis Giorgos Sculptor at Ikastikos Kiklos Sianti Gallery. Find sculpture and microsculpture for sale at great prices.\",\"breadcrumb\":{\"@id\":\"https:\/\/ikastikos-kiklos.com\/en\/sculptors\/%ce%b3%ce%b5%cf%89%cf%81%ce%b3%ce%b9%ce%ac%ce%b4%ce%b7%cf%82-%ce%b3%ce%b9%cf%8e%cf%81%ce%b3%ce%bf%cf%82\/#breadcrumb\"},\"inLanguage\":\"en-US\",\"potentialAction\":[{\"@type\":\"ReadAction\",\"target\":[\"https:\/\/ikastikos-kiklos.com\/en\/sculptors\/%ce%b3%ce%b5%cf%89%cf%81%ce%b3%ce%b9%ce%ac%ce%b4%ce%b7%cf%82-%ce%b3%ce%b9%cf%8e%cf%81%ce%b3%ce%bf%cf%82\/\"]}]},{\"@type\":\"BreadcrumbList\",\"@id\":\"https:\/\/ikastikos-kiklos.com\/en\/sculptors\/%ce%b3%ce%b5%cf%89%cf%81%ce%b3%ce%b9%ce%ac%ce%b4%ce%b7%cf%82-%ce%b3%ce%b9%cf%8e%cf%81%ce%b3%ce%bf%cf%82\/#breadcrumb\",\"itemListElement\":[{\"@type\":\"ListItem\",\"position\":1,\"name\":\"Home\",\"item\":\"https:\/\/ikastikos-kiklos.com\/en\/\"},{\"@type\":\"ListItem\",\"position\":2,\"name\":\"Sculptors\",\"item\":\"https:\/\/ikastikos-kiklos.com\/en\/sculptors\/\"},{\"@type\":\"ListItem\",\"position\":3,\"name\":\"Georgiadis Giorgos\"}]},{\"@type\":\"WebSite\",\"@id\":\"https:\/\/ikastikos-kiklos.com\/en\/#website\",\"url\":\"https:\/\/ikastikos-kiklos.com\/en\/\",\"name\":\"Ikastikos Kiklos - Zografik\u00ed - Metaxotyp\u00edes - T\u00e9chniPainting - Silk Screen - Art\",\"description\":\"\",\"publisher\":{\"@id\":\"https:\/\/ikastikos-kiklos.com\/en\/#organization\"},\"potentialAction\":[{\"@type\":\"SearchAction\",\"target\":{\"@type\":\"EntryPoint\",\"urlTemplate\":\"https:\/\/ikastikos-kiklos.com\/en\/?s={search_term_string}\"},\"query-input\":{\"@type\":\"PropertyValueSpecification\",\"valueRequired\":true,\"valueName\":\"search_term_string\"}}],\"inLanguage\":\"en-US\"},{\"@type\":\"Organization\",\"@id\":\"https:\/\/ikastikos-kiklos.com\/en\/#organization\",\"name\":\"Ikastikos Kiklos - Zografik\u00ed - Metaxotyp\u00edes - T\u00e9chniPainting - Silk Screen - Art\",\"url\":\"https:\/\/ikastikos-kiklos.com\/en\/\",\"logo\":{\"@type\":\"ImageObject\",\"inLanguage\":\"en-US\",\"@id\":\"https:\/\/ikastikos-kiklos.com\/en\/#\/schema\/logo\/image\/\",\"url\":\"https:\/\/ikastikos-kiklos.com\/wp-content\/uploads\/2022\/10\/cropped-favicon_ikastikos.png\",\"contentUrl\":\"https:\/\/ikastikos-kiklos.com\/wp-content\/uploads\/2022\/10\/cropped-favicon_ikastikos.png\",\"width\":512,\"height\":512,\"caption\":\"Ikastikos Kiklos - Zografik\u00ed - Metaxotyp\u00edes - T\u00e9chniPainting - Silk Screen - Art\"},\"image\":{\"@id\":\"https:\/\/ikastikos-kiklos.com\/en\/#\/schema\/logo\/image\/\"},\"sameAs\":[\"https:\/\/www.facebook.com\/ikastikoskiklossianti\/\"]}]}<\/script>\n<!-- \/ Yoast SEO plugin. -->","yoast_head_json":{"title":"Georgiadis Giorgos Sculptor at Ikastikos Kiklos Sianti Gallery.","description":"Georgiadis Giorgos Sculptor at Ikastikos Kiklos Sianti Gallery. Find sculpture and microsculpture for sale at great prices.","robots":{"index":"index","follow":"follow","max-snippet":"max-snippet:-1","max-image-preview":"max-image-preview:large","max-video-preview":"max-video-preview:-1"},"canonical":"https:\/\/ikastikos-kiklos.com\/en\/sculptors\/\u03b3\u03b5\u03c9\u03c1\u03b3\u03b9\u03ac\u03b4\u03b7\u03c2-\u03b3\u03b9\u03ce\u03c1\u03b3\u03bf\u03c2\/","og_locale":"en_US","og_type":"article","og_title":"Georgiadis Giorgos Sculptor at Ikastikos Kiklos Sianti Gallery.","og_description":"Georgiadis Giorgos Sculptor at Ikastikos Kiklos Sianti Gallery. Find sculpture and microsculpture for sale at great prices.","og_url":"https:\/\/ikastikos-kiklos.com\/en\/sculptors\/\u03b3\u03b5\u03c9\u03c1\u03b3\u03b9\u03ac\u03b4\u03b7\u03c2-\u03b3\u03b9\u03ce\u03c1\u03b3\u03bf\u03c2\/","og_site_name":"Ikastikos Kiklos - Zografik\u00ed - Metaxotyp\u00edes - T\u00e9chniPainting - Silk Screen - Art","article_publisher":"https:\/\/www.facebook.com\/ikastikoskiklossianti\/","article_modified_time":"2020-07-03T11:33:28+00:00","twitter_card":"summary_large_image","twitter_misc":{"Est. reading time":"2 minutes"},"schema":{"@context":"https:\/\/schema.org","@graph":[{"@type":"WebPage","@id":"https:\/\/ikastikos-kiklos.com\/en\/sculptors\/%ce%b3%ce%b5%cf%89%cf%81%ce%b3%ce%b9%ce%ac%ce%b4%ce%b7%cf%82-%ce%b3%ce%b9%cf%8e%cf%81%ce%b3%ce%bf%cf%82\/","url":"https:\/\/ikastikos-kiklos.com\/en\/sculptors\/%ce%b3%ce%b5%cf%89%cf%81%ce%b3%ce%b9%ce%ac%ce%b4%ce%b7%cf%82-%ce%b3%ce%b9%cf%8e%cf%81%ce%b3%ce%bf%cf%82\/","name":"Georgiadis Giorgos Sculptor at Ikastikos Kiklos Sianti Gallery.","isPartOf":{"@id":"https:\/\/ikastikos-kiklos.com\/en\/#website"},"datePublished":"2016-07-12T13:42:06+00:00","dateModified":"2020-07-03T11:33:28+00:00","description":"Georgiadis Giorgos Sculptor at Ikastikos Kiklos Sianti Gallery. Find sculpture and microsculpture for sale at great prices.","breadcrumb":{"@id":"https:\/\/ikastikos-kiklos.com\/en\/sculptors\/%ce%b3%ce%b5%cf%89%cf%81%ce%b3%ce%b9%ce%ac%ce%b4%ce%b7%cf%82-%ce%b3%ce%b9%cf%8e%cf%81%ce%b3%ce%bf%cf%82\/#breadcrumb"},"inLanguage":"en-US","potentialAction":[{"@type":"ReadAction","target":["https:\/\/ikastikos-kiklos.com\/en\/sculptors\/%ce%b3%ce%b5%cf%89%cf%81%ce%b3%ce%b9%ce%ac%ce%b4%ce%b7%cf%82-%ce%b3%ce%b9%cf%8e%cf%81%ce%b3%ce%bf%cf%82\/"]}]},{"@type":"BreadcrumbList","@id":"https:\/\/ikastikos-kiklos.com\/en\/sculptors\/%ce%b3%ce%b5%cf%89%cf%81%ce%b3%ce%b9%ce%ac%ce%b4%ce%b7%cf%82-%ce%b3%ce%b9%cf%8e%cf%81%ce%b3%ce%bf%cf%82\/#breadcrumb","itemListElement":[{"@type":"ListItem","position":1,"name":"Home","item":"https:\/\/ikastikos-kiklos.com\/en\/"},{"@type":"ListItem","position":2,"name":"Sculptors","item":"https:\/\/ikastikos-kiklos.com\/en\/sculptors\/"},{"@type":"ListItem","position":3,"name":"Georgiadis Giorgos"}]},{"@type":"WebSite","@id":"https:\/\/ikastikos-kiklos.com\/en\/#website","url":"https:\/\/ikastikos-kiklos.com\/en\/","name":"Ikastikos Kiklos - Zografik\u00ed - Metaxotyp\u00edes - T\u00e9chniPainting - Silk Screen - Art","description":"","publisher":{"@id":"https:\/\/ikastikos-kiklos.com\/en\/#organization"},"potentialAction":[{"@type":"SearchAction","target":{"@type":"EntryPoint","urlTemplate":"https:\/\/ikastikos-kiklos.com\/en\/?s={search_term_string}"},"query-input":{"@type":"PropertyValueSpecification","valueRequired":true,"valueName":"search_term_string"}}],"inLanguage":"en-US"},{"@type":"Organization","@id":"https:\/\/ikastikos-kiklos.com\/en\/#organization","name":"Ikastikos Kiklos - Zografik\u00ed - Metaxotyp\u00edes - T\u00e9chniPainting - Silk Screen - Art","url":"https:\/\/ikastikos-kiklos.com\/en\/","logo":{"@type":"ImageObject","inLanguage":"en-US","@id":"https:\/\/ikastikos-kiklos.com\/en\/#\/schema\/logo\/image\/","url":"https:\/\/ikastikos-kiklos.com\/wp-content\/uploads\/2022\/10\/cropped-favicon_ikastikos.png","contentUrl":"https:\/\/ikastikos-kiklos.com\/wp-content\/uploads\/2022\/10\/cropped-favicon_ikastikos.png","width":512,"height":512,"caption":"Ikastikos Kiklos - Zografik\u00ed - Metaxotyp\u00edes - T\u00e9chniPainting - Silk Screen - Art"},"image":{"@id":"https:\/\/ikastikos-kiklos.com\/en\/#\/schema\/logo\/image\/"},"sameAs":["https:\/\/www.facebook.com\/ikastikoskiklossianti\/"]}]}},"_links":{"self":[{"href":"https:\/\/ikastikos-kiklos.com\/en\/wp-json\/wp\/v2\/pages\/5178","targetHints":{"allow":["GET"]}}],"collection":[{"href":"https:\/\/ikastikos-kiklos.com\/en\/wp-json\/wp\/v2\/pages"}],"about":[{"href":"https:\/\/ikastikos-kiklos.com\/en\/wp-json\/wp\/v2\/types\/page"}],"author":[{"embeddable":true,"href":"https:\/\/ikastikos-kiklos.com\/en\/wp-json\/wp\/v2\/users\/3"}],"replies":[{"embeddable":true,"href":"https:\/\/ikastikos-kiklos.com\/en\/wp-json\/wp\/v2\/comments?post=5178"}],"version-history":[{"count":0,"href":"https:\/\/ikastikos-kiklos.com\/en\/wp-json\/wp\/v2\/pages\/5178\/revisions"}],"up":[{"embeddable":true,"href":"https:\/\/ikastikos-kiklos.com\/en\/wp-json\/wp\/v2\/pages\/2906"}],"wp:attachment":[{"href":"https:\/\/ikastikos-kiklos.com\/en\/wp-json\/wp\/v2\/media?parent=5178"}],"curies":[{"name":"wp","href":"https:\/\/api.w.org\/{rel}","templated":true}]}}