{"id":51441,"date":"2025-04-01T11:07:07","date_gmt":"2025-04-01T08:07:07","guid":{"rendered":"https:\/\/ikastikos-kiklos.com\/the-path-eva-papadopoulou\/"},"modified":"2025-04-11T08:53:12","modified_gmt":"2025-04-11T05:53:12","slug":"the-path-eva-papadopoulou","status":"publish","type":"page","link":"https:\/\/ikastikos-kiklos.com\/en\/the-path-eva-papadopoulou\/","title":{"rendered":"&#8220;The Path&#8221; Eva Papadopoulou"},"content":{"rendered":"<div class=\"wpb-content-wrapper\"><p>[vc_row][vc_column width=&#8221;2\/3&#8243;]\n\t\t\t<div class=\"nm-banner content-full image-type-fluid text-color-dark\" style=\"\"><img decoding=\"async\" src=\"https:\/\/ikastikos-kiklos.com\/wp-content\/uploads\/2025\/04\/papadopoulou-desktop-eng.jpg\" alt=\"papadopoulou-desktop-eng\" \/>\n\t\t\t<\/div>[vc_empty_space height=&#8221;22px&#8221;][vc_custom_heading text=&#8221;&#8220;The Path&#8220; Eva Papadopoulou&#8221; google_fonts=&#8221;font_family:Ubuntu%20Condensed%3Aregular|font_style:400%20regular%3A400%3Anormal&#8221;][vc_empty_space height=&#8221;22px&#8221;][vc_column_text]<strong>On<\/strong>&nbsp;<strong>Thursday&nbsp;<\/strong><strong>10 April&nbsp;<\/strong><strong>2025, <\/strong><strong>Ikastikos Kiklos Sianti <\/strong>presented the solo exhibition of sculptor Eva Papadopoulou under the title \u201c<strong>The Path<\/strong>\u201d. For the sculptor, nature and tradition have always been an endless source of inspiration, while the timeless quality of experience is mirrored throughout her work, from her first creations to her more recent ones. This particular series of works represents her artistic search arranged in two different sections:&nbsp;<strong>Nature&nbsp;<\/strong>and&nbsp;<strong>Homecoming.<\/strong><\/p>\n<p>&nbsp;<\/p>\n<p>In the first section,&nbsp;<strong>Nature,&nbsp;<\/strong>the source of inspiration is nature itself. The structure and the flow of light, the shades of dawn and dusk, as well as the ancient myths are being molded into sculpted forms full of motion and harmony. The works, which investigate mythic symbols in particular (i.e. the depiction of Hercules or of the golden rain) give the art of sculpture a kind of narrational dimension.<\/p>\n<p>&nbsp;<\/p>\n<p>The second section,&nbsp;<strong>Homecoming,&nbsp;<\/strong>is a sculpted flashback into memory through personal experiences and references to childhood. Everyday objects, such as an ice cream in the summer, granny\u2019s chocolate treats, the rite of gatherings and Greek coffee or the images of her mother\u2019s embroideries of Skyros, are transformed into symbols of longing and belonging.<\/p>\n<p>&nbsp;<\/p>\n<p>Art historian Ira Papapostolou describes her work with the following words:&nbsp;<em>\u201cEva works driven by her instinct and experiential knowledge. She follows the laws of nature and, through her poetic imagination, she creates true works of art\u201d.&nbsp;<\/em>In addition, art critic Denis Zacharopoulos notes:&nbsp;<em>\u201cThe fragments of marble are being presented as fragments of a larger piece of nature and material reality. Eva Papadopoulou has found an unexpected way of confronting the gravity of history with the lightness of visual practices, which are being deconstructed and reconstructed at the turn of a new millennium of art\u201d.<\/em><\/p>\n<p>&nbsp;<\/p>\n<p>In Eva\u2019s works, hundreds of fragments of marble are placed vertically on the frame\u2019s surface creating a powerful anaglyph, which balances between sculpture and painting. Her compositions give a sense of motion, bearing something of a renewed, contemporary impressionism, in spite of the material\u2019s intrinsic hardness. As the artist herself underlines:&nbsp;<em>\u201cIt is a challenge to use an undisciplined material for the creation of an image which seems unbearably light\u201d.<\/em><\/p>\n<p>&nbsp;<\/p>\n<p>Her work, experienced as an incessant existential experience, sets free a number of personal images. Anaglyphic, functional sculpted objects and sculptures of monumental dimensions create an independent, sculpted world balancing between the past and the present, between memory and imagination.<\/p>\n<p>&nbsp;<\/p>\n<p>In the end, the&nbsp;<strong>\u201cPath\u201d<\/strong>&nbsp;wishes to depict all those moments, which shape our identity and our memories, inviting the viewers to an experiential journey from the past to the present, from dream to reality.[\/vc_column_text][vc_empty_space height=&#8221;22px&#8221;][\/vc_column][vc_column width=&#8221;1\/3&#8243;]<div class=\"nm-banner-slider slider-type-boxed slick-slider slick-controls-gray slick-dots-disabled\" >\n\t\t\t<div class=\"nm-banner content-full image-type-fluid text-color-dark\" style=\"\"><img decoding=\"async\" src=\"https:\/\/ikastikos-kiklos.com\/wp-content\/uploads\/2025\/04\/12-1-scaled.jpg\" alt=\"12 (1)\" \/>\n\t\t\t<\/div>\n\t\t\t<div class=\"nm-banner content-full image-type-fluid text-color-dark\" style=\"\"><img decoding=\"async\" src=\"https:\/\/ikastikos-kiklos.com\/wp-content\/uploads\/2025\/04\/810_3213-copy-2-scaled.jpg\" alt=\"810_3213 copy 2\" \/>\n\t\t\t<\/div>\n\t\t\t<div class=\"nm-banner content-full image-type-fluid text-color-dark\" style=\"\"><img decoding=\"async\" src=\"https:\/\/ikastikos-kiklos.com\/wp-content\/uploads\/2025\/04\/810_3641-copy-scaled.jpg\" alt=\"810_3641 copy\" \/>\n\t\t\t<\/div><\/div>[vc_empty_space height=&#8221;22px&#8221;][vc_column_text]DURATION<br \/>\n<strong>10 April &#8211; 3 May 2025<\/strong>[\/vc_column_text][vc_empty_space height=&#8221;22px&#8221;][vc_video link=&#8221;https:\/\/www.youtube.com\/watch?v=CcH53NX0QtQ&#8221;][vc_empty_space height=&#8221;22px&#8221;][\/vc_column][\/vc_row]<\/p>\n<\/div>","protected":false},"excerpt":{"rendered":"<p>[vc_row][vc_column width=&#8221;2\/3&#8243;][vc_empty_space height=&#8221;22px&#8221;][vc_custom_heading text=&#8221;&#8220;The Path&#8220; Eva Papadopoulou&#8221; google_fonts=&#8221;font_family:Ubuntu%20Condensed%3Aregular|font_style:400%20regular%3A400%3Anormal&#8221;][vc_empty_space height=&#8221;22px&#8221;][vc_column_text]On&nbsp;Thursday&nbsp;10 April&nbsp;2025, Ikastikos Kiklos Sianti presented the &hellip;<\/p>\n","protected":false},"author":3,"featured_media":0,"parent":0,"menu_order":0,"comment_status":"closed","ping_status":"closed","template":"","meta":{"ngg_post_thumbnail":0,"footnotes":""},"class_list":["post-51441","page","type-page","status-publish","hentry"],"yoast_head":"<!-- This site is optimized with the Yoast SEO plugin v27.2 - https:\/\/yoast.com\/product\/yoast-seo-wordpress\/ -->\n<title>&quot;The Path&quot; Eva Papadopoulou Solo Sculpture Exhibition<\/title>\n<meta name=\"description\" content=\"&quot;The Path&quot; Eva Papadopoulou Solo Sculpture Exhibition from April 10 to May 3, 2025 at Ikastikos Kiklos Sianti\" \/>\n<meta name=\"robots\" content=\"index, follow, max-snippet:-1, max-image-preview:large, max-video-preview:-1\" \/>\n<link rel=\"canonical\" href=\"https:\/\/ikastikos-kiklos.com\/en\/the-path-eva-papadopoulou\/\" \/>\n<meta property=\"og:locale\" content=\"en_US\" \/>\n<meta property=\"og:type\" content=\"article\" \/>\n<meta property=\"og:title\" content=\"&quot;The Path&quot; Eva Papadopoulou Solo Sculpture Exhibition\" \/>\n<meta property=\"og:description\" content=\"&quot;The Path&quot; Eva Papadopoulou Solo Sculpture Exhibition from April 10 to May 3, 2025 at Ikastikos Kiklos Sianti\" \/>\n<meta property=\"og:url\" content=\"https:\/\/ikastikos-kiklos.com\/en\/the-path-eva-papadopoulou\/\" \/>\n<meta property=\"og:site_name\" content=\"Ikastikos Kiklos - Zografik\u00ed - Metaxotyp\u00edes - T\u00e9chniPainting - Silk Screen - Art\" \/>\n<meta property=\"article:publisher\" content=\"https:\/\/www.facebook.com\/ikastikoskiklossianti\/\" \/>\n<meta property=\"article:modified_time\" content=\"2025-04-11T05:53:12+00:00\" \/>\n<meta name=\"twitter:card\" content=\"summary_large_image\" \/>\n<meta name=\"twitter:label1\" content=\"Est. reading time\" \/>\n\t<meta name=\"twitter:data1\" content=\"4 minutes\" \/>\n<script type=\"application\/ld+json\" class=\"yoast-schema-graph\">{\"@context\":\"https:\/\/schema.org\",\"@graph\":[{\"@type\":\"WebPage\",\"@id\":\"https:\/\/ikastikos-kiklos.com\/en\/the-path-eva-papadopoulou\/\",\"url\":\"https:\/\/ikastikos-kiklos.com\/en\/the-path-eva-papadopoulou\/\",\"name\":\"\\\"The Path\\\" Eva Papadopoulou Solo Sculpture Exhibition\",\"isPartOf\":{\"@id\":\"https:\/\/ikastikos-kiklos.com\/en\/#website\"},\"datePublished\":\"2025-04-01T08:07:07+00:00\",\"dateModified\":\"2025-04-11T05:53:12+00:00\",\"description\":\"\\\"The Path\\\" Eva Papadopoulou Solo Sculpture Exhibition from April 10 to May 3, 2025 at Ikastikos Kiklos Sianti\",\"breadcrumb\":{\"@id\":\"https:\/\/ikastikos-kiklos.com\/en\/the-path-eva-papadopoulou\/#breadcrumb\"},\"inLanguage\":\"en-US\",\"potentialAction\":[{\"@type\":\"ReadAction\",\"target\":[\"https:\/\/ikastikos-kiklos.com\/en\/the-path-eva-papadopoulou\/\"]}]},{\"@type\":\"BreadcrumbList\",\"@id\":\"https:\/\/ikastikos-kiklos.com\/en\/the-path-eva-papadopoulou\/#breadcrumb\",\"itemListElement\":[{\"@type\":\"ListItem\",\"position\":1,\"name\":\"Home\",\"item\":\"https:\/\/ikastikos-kiklos.com\/en\/\"},{\"@type\":\"ListItem\",\"position\":2,\"name\":\"&#8220;The Path&#8221; Eva Papadopoulou\"}]},{\"@type\":\"WebSite\",\"@id\":\"https:\/\/ikastikos-kiklos.com\/en\/#website\",\"url\":\"https:\/\/ikastikos-kiklos.com\/en\/\",\"name\":\"Ikastikos Kiklos - Zografik\u00ed - Metaxotyp\u00edes - T\u00e9chniPainting - Silk Screen - Art\",\"description\":\"\",\"publisher\":{\"@id\":\"https:\/\/ikastikos-kiklos.com\/en\/#organization\"},\"potentialAction\":[{\"@type\":\"SearchAction\",\"target\":{\"@type\":\"EntryPoint\",\"urlTemplate\":\"https:\/\/ikastikos-kiklos.com\/en\/?s={search_term_string}\"},\"query-input\":{\"@type\":\"PropertyValueSpecification\",\"valueRequired\":true,\"valueName\":\"search_term_string\"}}],\"inLanguage\":\"en-US\"},{\"@type\":\"Organization\",\"@id\":\"https:\/\/ikastikos-kiklos.com\/en\/#organization\",\"name\":\"Ikastikos Kiklos - Zografik\u00ed - Metaxotyp\u00edes - T\u00e9chniPainting - Silk Screen - Art\",\"url\":\"https:\/\/ikastikos-kiklos.com\/en\/\",\"logo\":{\"@type\":\"ImageObject\",\"inLanguage\":\"en-US\",\"@id\":\"https:\/\/ikastikos-kiklos.com\/en\/#\/schema\/logo\/image\/\",\"url\":\"https:\/\/ikastikos-kiklos.com\/wp-content\/uploads\/2022\/10\/cropped-favicon_ikastikos.png\",\"contentUrl\":\"https:\/\/ikastikos-kiklos.com\/wp-content\/uploads\/2022\/10\/cropped-favicon_ikastikos.png\",\"width\":512,\"height\":512,\"caption\":\"Ikastikos Kiklos - Zografik\u00ed - Metaxotyp\u00edes - T\u00e9chniPainting - Silk Screen - Art\"},\"image\":{\"@id\":\"https:\/\/ikastikos-kiklos.com\/en\/#\/schema\/logo\/image\/\"},\"sameAs\":[\"https:\/\/www.facebook.com\/ikastikoskiklossianti\/\"]}]}<\/script>\n<!-- \/ Yoast SEO plugin. -->","yoast_head_json":{"title":"\"The Path\" Eva Papadopoulou Solo Sculpture Exhibition","description":"\"The Path\" Eva Papadopoulou Solo Sculpture Exhibition from April 10 to May 3, 2025 at Ikastikos Kiklos Sianti","robots":{"index":"index","follow":"follow","max-snippet":"max-snippet:-1","max-image-preview":"max-image-preview:large","max-video-preview":"max-video-preview:-1"},"canonical":"https:\/\/ikastikos-kiklos.com\/en\/the-path-eva-papadopoulou\/","og_locale":"en_US","og_type":"article","og_title":"\"The Path\" Eva Papadopoulou Solo Sculpture Exhibition","og_description":"\"The Path\" Eva Papadopoulou Solo Sculpture Exhibition from April 10 to May 3, 2025 at Ikastikos Kiklos Sianti","og_url":"https:\/\/ikastikos-kiklos.com\/en\/the-path-eva-papadopoulou\/","og_site_name":"Ikastikos Kiklos - Zografik\u00ed - Metaxotyp\u00edes - T\u00e9chniPainting - Silk Screen - Art","article_publisher":"https:\/\/www.facebook.com\/ikastikoskiklossianti\/","article_modified_time":"2025-04-11T05:53:12+00:00","twitter_card":"summary_large_image","twitter_misc":{"Est. reading time":"4 minutes"},"schema":{"@context":"https:\/\/schema.org","@graph":[{"@type":"WebPage","@id":"https:\/\/ikastikos-kiklos.com\/en\/the-path-eva-papadopoulou\/","url":"https:\/\/ikastikos-kiklos.com\/en\/the-path-eva-papadopoulou\/","name":"\"The Path\" Eva Papadopoulou Solo Sculpture Exhibition","isPartOf":{"@id":"https:\/\/ikastikos-kiklos.com\/en\/#website"},"datePublished":"2025-04-01T08:07:07+00:00","dateModified":"2025-04-11T05:53:12+00:00","description":"\"The Path\" Eva Papadopoulou Solo Sculpture Exhibition from April 10 to May 3, 2025 at Ikastikos Kiklos Sianti","breadcrumb":{"@id":"https:\/\/ikastikos-kiklos.com\/en\/the-path-eva-papadopoulou\/#breadcrumb"},"inLanguage":"en-US","potentialAction":[{"@type":"ReadAction","target":["https:\/\/ikastikos-kiklos.com\/en\/the-path-eva-papadopoulou\/"]}]},{"@type":"BreadcrumbList","@id":"https:\/\/ikastikos-kiklos.com\/en\/the-path-eva-papadopoulou\/#breadcrumb","itemListElement":[{"@type":"ListItem","position":1,"name":"Home","item":"https:\/\/ikastikos-kiklos.com\/en\/"},{"@type":"ListItem","position":2,"name":"&#8220;The Path&#8221; Eva Papadopoulou"}]},{"@type":"WebSite","@id":"https:\/\/ikastikos-kiklos.com\/en\/#website","url":"https:\/\/ikastikos-kiklos.com\/en\/","name":"Ikastikos Kiklos - Zografik\u00ed - Metaxotyp\u00edes - T\u00e9chniPainting - Silk Screen - Art","description":"","publisher":{"@id":"https:\/\/ikastikos-kiklos.com\/en\/#organization"},"potentialAction":[{"@type":"SearchAction","target":{"@type":"EntryPoint","urlTemplate":"https:\/\/ikastikos-kiklos.com\/en\/?s={search_term_string}"},"query-input":{"@type":"PropertyValueSpecification","valueRequired":true,"valueName":"search_term_string"}}],"inLanguage":"en-US"},{"@type":"Organization","@id":"https:\/\/ikastikos-kiklos.com\/en\/#organization","name":"Ikastikos Kiklos - Zografik\u00ed - Metaxotyp\u00edes - T\u00e9chniPainting - Silk Screen - Art","url":"https:\/\/ikastikos-kiklos.com\/en\/","logo":{"@type":"ImageObject","inLanguage":"en-US","@id":"https:\/\/ikastikos-kiklos.com\/en\/#\/schema\/logo\/image\/","url":"https:\/\/ikastikos-kiklos.com\/wp-content\/uploads\/2022\/10\/cropped-favicon_ikastikos.png","contentUrl":"https:\/\/ikastikos-kiklos.com\/wp-content\/uploads\/2022\/10\/cropped-favicon_ikastikos.png","width":512,"height":512,"caption":"Ikastikos Kiklos - Zografik\u00ed - Metaxotyp\u00edes - T\u00e9chniPainting - Silk Screen - Art"},"image":{"@id":"https:\/\/ikastikos-kiklos.com\/en\/#\/schema\/logo\/image\/"},"sameAs":["https:\/\/www.facebook.com\/ikastikoskiklossianti\/"]}]}},"_links":{"self":[{"href":"https:\/\/ikastikos-kiklos.com\/en\/wp-json\/wp\/v2\/pages\/51441","targetHints":{"allow":["GET"]}}],"collection":[{"href":"https:\/\/ikastikos-kiklos.com\/en\/wp-json\/wp\/v2\/pages"}],"about":[{"href":"https:\/\/ikastikos-kiklos.com\/en\/wp-json\/wp\/v2\/types\/page"}],"author":[{"embeddable":true,"href":"https:\/\/ikastikos-kiklos.com\/en\/wp-json\/wp\/v2\/users\/3"}],"replies":[{"embeddable":true,"href":"https:\/\/ikastikos-kiklos.com\/en\/wp-json\/wp\/v2\/comments?post=51441"}],"version-history":[{"count":5,"href":"https:\/\/ikastikos-kiklos.com\/en\/wp-json\/wp\/v2\/pages\/51441\/revisions"}],"predecessor-version":[{"id":51667,"href":"https:\/\/ikastikos-kiklos.com\/en\/wp-json\/wp\/v2\/pages\/51441\/revisions\/51667"}],"wp:attachment":[{"href":"https:\/\/ikastikos-kiklos.com\/en\/wp-json\/wp\/v2\/media?parent=51441"}],"curies":[{"name":"wp","href":"https:\/\/api.w.org\/{rel}","templated":true}]}}