{"id":51257,"date":"2025-03-12T13:33:18","date_gmt":"2025-03-12T11:33:18","guid":{"rendered":"https:\/\/ikastikos-kiklos.com\/hug-me-%ce%ac%ce%bd%ce%b1%ce%be-%ce%b9%ce%b1%ce%ba-%ce%ac%ce%bd%ce%b1%ce%be-angelos-spartalis\/"},"modified":"2025-03-19T19:49:01","modified_gmt":"2025-03-19T17:49:01","slug":"hug-me-%ce%ac%ce%bd%ce%b1%ce%be-%ce%b9%ce%b1%ce%ba-%ce%ac%ce%bd%ce%b1%ce%be-angelos-spartalis","status":"publish","type":"page","link":"https:\/\/ikastikos-kiklos.com\/en\/hug-me-%ce%ac%ce%bd%ce%b1%ce%be-%ce%b9%ce%b1%ce%ba-%ce%ac%ce%bd%ce%b1%ce%be-angelos-spartalis\/","title":{"rendered":"\u201cHug me \/ \u03ac\u03bd\u03b1\u03be \u03b9\u03b1\u03ba \u03ac\u03bd\u03b1\u03be\u201d Angelos Spartalis"},"content":{"rendered":"<div class=\"wpb-content-wrapper\"><p>[vc_row][vc_column width=&#8221;2\/3&#8243;][vc_single_image image=&#8221;51262&#8243; img_size=&#8221;full&#8221;][vc_empty_space height=&#8221;25px&#8221;][vc_custom_heading text=&#8221;\u201cHug me \/ \u03ac\u03bd\u03b1\u03be \u03b9\u03b1\u03ba \u03ac\u03bd\u03b1\u03be\u201d Angelos Spartalis&#8221; google_fonts=&#8221;font_family:Ubuntu%3A300%2C300italic%2Cregular%2Citalic%2C500%2C500italic%2C700%2C700italic|font_style:400%20regular%3A400%3Anormal&#8221;][vc_empty_space height=&#8221;25px&#8221;][vc_column_text]<\/p>\n<div id=\"paragraph_with_max_height\" class=\"overflow-hidden\">\n<p><strong>On<\/strong>&nbsp;<strong>Friday, 14 March 2025, Sianti Gallery <\/strong>had the pleasure of presenting a solo exhibition by Angelos Spartalis, titled \u00ab<strong>Hug me \/&nbsp;<\/strong><strong>\u03ac\u03bd\u03b1\u03be<\/strong>&nbsp;<strong>\u03b9\u03b1\u03ba<\/strong>&nbsp;<strong>\u03ac\u03bd\u03b1\u03be<\/strong>\u00bb, with the subtitle&nbsp;<strong><em>\u201ca tender result through acts of violence\u201d.<\/em><\/strong>&nbsp;The artist takes a retrospect look at his personal, artistic past using painting, pottery, and his cinematic language, as he studies the concept of embrace, the touching of bodies. It is a thematic idea born though the experience of the pandemic, which has developed as a visual answer to the criminalization of physical contact. Under the slogan&nbsp;<strong><em>\u201cSince we cannot hug\u2026 let\u2019s paint about&nbsp; it\u201d,&nbsp;<\/em><\/strong>the artist himself notes&nbsp; in the clearest of ways, regarding this tender approach of bodies:&nbsp;<em>\u201cIt is far from being an innocent or a sweet experiment. And I say this, because, nowadays, my embraces may seem sweet. But they are not sweet, Yet, they surely are tender. And this very tenderness of my hugs is the result of violent acts, such as curfews, the lust of terror, the illiteracy in social media, the general indifference and many more.\u201d<\/em><\/p>\n<p>&nbsp;<\/p>\n<p>The exhibition is a combination of three different series of the artist\u2019s works, which stand autonomously, but intertwine both thematically, and aesthetically.<\/p>\n<ul>\n<li><strong>\u00abCarr\u00e9-Carr\u00e9\u00bb<\/strong>&nbsp;(painting, cinema \/ 2019-2025)<\/li>\n<li><strong>\u00abRaku-Raku\u00bb<\/strong>&nbsp;(pottery, cinema \/ 2022-2025)<\/li>\n<li><strong>\u00ab\u0388\u03c1\u03c9\u03c2 \u03ba\u03b1\u03c4\u03bf\u03c0\u03c4\u03c1\u03b9\u03ba\u03cc\u03c2\u00bb<\/strong>&nbsp;(painting,sculpture \/ 2024-2025)<\/li>\n<\/ul>\n<p>&nbsp;<\/p>\n<p>At the same time, we will be presenting&nbsp;<strong>two<\/strong>&nbsp;<strong>large<\/strong>&nbsp;<strong>erotic<\/strong>&nbsp;<strong>banners<\/strong>&nbsp;(oil on linen), as well as various independent paintings, depicting the touching of bodies.<\/p>\n<p><strong>SEE THE CATALOGUE<\/strong><\/p>\n<p><iframe style=\"width: 900px; height: 500px;\" src=\"https:\/\/online.fliphtml5.com\/aomdi\/tzqu\/\" frameborder=\"0\" scrolling=\"no\" seamless=\"seamless\" allowfullscreen=\"allowfullscreen\"><\/iframe>&nbsp;<\/p>\n<p>The first part of the&nbsp;<strong>\u00ab<\/strong><strong>Carr<\/strong><strong>\u00e9-<\/strong><strong>Carr<\/strong><strong>\u00e9\u00bb&nbsp;<\/strong>series<strong>,<\/strong>&nbsp;presented in 2021 at Sianti Gallery, was the instigator for Spartalis\u2019 multiannual work. As Manos Stefanidis notes in the catalogue by the same name, regarding the handmade, painted movies:&nbsp;<em>\u201c\u2026Spartalis shows with surgical accuracy the way, with which the most tender, sincere, spontaneous thing, a kiss or a hug, can become \u2013 under special circumstances \u2013 a mortal threat. How desire and love can become a kind of death\u201d.&nbsp;<\/em>Haris Kambouridis has characterized this visual-cinematic work as an exceptional and attractive artistic conception, as well as a kind of meaningful content:&nbsp;<em>\u201cI heartedly congratulate him and feel proud of him. I thank him for his impulsion and inspiration, which led him, at a time of universal pause, to create innovative works, hybrids lingering between the edgy montage of filmmaking , and the strong brush strokes of painting.\u201d<\/em><\/p>\n<p>&nbsp;<\/p>\n<p>With the series \u00ab<strong>Raku-Raku<\/strong>\u00bb, &nbsp;the ancient arts of pottery, engraving and painting interwind harmoniously with the newly born art of cinema, while&nbsp;<strong><em>\u201cMirroring Eros\u201d<\/em><\/strong>&nbsp;, an invention of collector Giorgos Sambatakos, consists of double-faced paintings.<\/p>\n<p>&nbsp;<\/p>\n<p>Tit is made of 30 sculptures in the shape of a bifurcating column made of iron, mirrors, glass, acrylic and oil on double-faced paper. Writer Giorgos-Icaros Babasakis, referring to the mirroring loves of Angelos Spartalis, notes:<\/p>\n<p><em>\u201cThe most modern phrase for the most post-modern, the contemporary phase of love, is this:&nbsp;<\/em><em>\u201c<\/em><em>Das<\/em>&nbsp;<em>Selbstbewusstsein<\/em>&nbsp;<em>erreicht<\/em>&nbsp;<em>seine<\/em>&nbsp;<em>Befriedigung<\/em>&nbsp;<em>nur<\/em>&nbsp;<em>in<\/em>&nbsp;<em>einem<\/em>&nbsp;<em>anderen<\/em>&nbsp;<em>Selbstbewusstsein<\/em><em>\u2019\u2019 [<\/em><em>Hegel<\/em><em>,&nbsp;<\/em><em>Ph<\/em><em>\u00e4<\/em><em>nomenologie<\/em>&nbsp;<em>des<\/em>&nbsp;<em>Geistes<\/em><em>,&nbsp;<\/em><em>\u03b5\u03ba\u03b4<\/em><em>.&nbsp;<\/em><em>Suhrkamp,&nbsp;<\/em><em>\u03c3<\/em><em>. 144], meaning \u201cSelf-consciousness is fulfilled only through another self-consciousness\u201d [ Hegel, Phenomenology of the Mind]. It denotes that the loved one is a mirroring image of his\/her partner, the ultimate inter-existence, the penetration\/self-loss\/ejaculating of two egos into the noble furnace of passion until their final merging. Anything else is sheer&nbsp; bourgeois philistinism and hilarious old-fashionism\u201d.<\/em><\/p>\n<p>&nbsp;<\/p>\n<p>At the end of the day, Spartalis\u2019 hugs are a circle closing and reopening \u2013 an act repeating itself, much like the human need for connection. Yet, each hug includes a form of domination. In the ancient years, \u201c<strong>\u1f04<\/strong><strong>\u03bd\u03b1\u03be<\/strong><strong>\u201d&nbsp;<\/strong>meant the leader, him who determined the fate of his people. In our hugs, our \u201c<strong>\u1f04<\/strong><strong>\u03bd\u03b1\u03be<\/strong><strong>\u201d&nbsp;<\/strong>is our need for tenderness, the unbeatable force, which urges us to break any barriers, to defy distance, to become, once again, bodies touching one another. And&nbsp;<strong>again.<\/strong>&nbsp;And&nbsp;<strong>again.<\/strong><\/p>\n<\/div>\n<p>[\/vc_column_text][\/vc_column][vc_column width=&#8221;1\/3&#8243;]\n\t\t\t<div class=\"nm-banner content-full image-type-fluid text-color-dark\" style=\"\"><img decoding=\"async\" src=\"https:\/\/ikastikos-kiklos.com\/wp-content\/uploads\/2024\/07\/\u03c7\u03c1\u03c5\u03c3\u03ae-\u03b1\u03b3\u03ba\u03b1\u03bb\u03b9\u03ac-\u03c3\u03c0\u03ac\u03c1\u03c4\u03b1\u03bb\u03b7\u03c2-\u03ac\u03b3\u03b3\u03b5\u03bb\u03bf\u03c2-2.jpg\" alt=\"\u03c7\u03c1\u03c5\u03c3\u03ae-\u03b1\u03b3\u03ba\u03b1\u03bb\u03b9\u03ac-\u03c3\u03c0\u03ac\u03c1\u03c4\u03b1\u03bb\u03b7\u03c2-\u03ac\u03b3\u03b3\u03b5\u03bb\u03bf\u03c2 (2)\" \/>\n\t\t\t<\/div>[vc_empty_space height=&#8221;25px&#8221;][vc_column_text]DURATION<br \/>\n<strong>14 March &#8211; 5 April 2025<\/strong>[\/vc_column_text][vc_empty_space height=&#8221;25px&#8221;][vc_video link=&#8221;https:\/\/www.youtube.com\/watch?v=33By8p4ZFlw&amp;ab_channel=SiantiGallery&#8221;][\/vc_column][\/vc_row]<\/p>\n<\/div>","protected":false},"excerpt":{"rendered":"<p>[vc_row][vc_column width=&#8221;2\/3&#8243;][vc_single_image image=&#8221;51262&#8243; img_size=&#8221;full&#8221;][vc_empty_space height=&#8221;25px&#8221;][vc_custom_heading text=&#8221;\u201cHug me \/ \u03ac\u03bd\u03b1\u03be \u03b9\u03b1\u03ba \u03ac\u03bd\u03b1\u03be\u201d Angelos Spartalis&#8221; google_fonts=&#8221;font_family:Ubuntu%3A300%2C300italic%2Cregular%2Citalic%2C500%2C500italic%2C700%2C700italic|font_style:400%20regular%3A400%3Anormal&#8221;][vc_empty_space height=&#8221;25px&#8221;][vc_column_text] &hellip;<\/p>\n","protected":false},"author":3,"featured_media":0,"parent":0,"menu_order":0,"comment_status":"closed","ping_status":"closed","template":"","meta":{"ngg_post_thumbnail":0,"footnotes":""},"class_list":["post-51257","page","type-page","status-publish","hentry"],"yoast_head":"<!-- This site is optimized with the Yoast SEO plugin v27.2 - https:\/\/yoast.com\/product\/yoast-seo-wordpress\/ -->\n<title>\u201cHug me \/ \u03ac\u03bd\u03b1\u03be \u03b9\u03b1\u03ba \u03ac\u03bd\u03b1\u03be\u201d Angelos Spartalis<\/title>\n<meta name=\"description\" content=\"\u201cHug me \/ \u03ac\u03bd\u03b1\u03be \u03b9\u03b1\u03ba \u03ac\u03bd\u03b1\u03be\u201d Angelos Spartalis Solo Exhibition at Ikastikos Kiklos Sianti\" \/>\n<meta name=\"robots\" content=\"index, follow, max-snippet:-1, max-image-preview:large, max-video-preview:-1\" \/>\n<link rel=\"canonical\" href=\"https:\/\/ikastikos-kiklos.com\/en\/hug-me-\u03ac\u03bd\u03b1\u03be-\u03b9\u03b1\u03ba-\u03ac\u03bd\u03b1\u03be-angelos-spartalis\/\" \/>\n<meta property=\"og:locale\" content=\"en_US\" \/>\n<meta property=\"og:type\" content=\"article\" \/>\n<meta property=\"og:title\" content=\"\u201cHug me \/ \u03ac\u03bd\u03b1\u03be \u03b9\u03b1\u03ba \u03ac\u03bd\u03b1\u03be\u201d Angelos Spartalis\" \/>\n<meta property=\"og:description\" content=\"\u201cHug me \/ \u03ac\u03bd\u03b1\u03be \u03b9\u03b1\u03ba \u03ac\u03bd\u03b1\u03be\u201d Angelos Spartalis Solo Exhibition at Ikastikos Kiklos Sianti\" \/>\n<meta property=\"og:url\" content=\"https:\/\/ikastikos-kiklos.com\/en\/hug-me-\u03ac\u03bd\u03b1\u03be-\u03b9\u03b1\u03ba-\u03ac\u03bd\u03b1\u03be-angelos-spartalis\/\" \/>\n<meta property=\"og:site_name\" content=\"Ikastikos Kiklos - Zografik\u00ed - Metaxotyp\u00edes - T\u00e9chniPainting - Silk Screen - Art\" \/>\n<meta property=\"article:publisher\" content=\"https:\/\/www.facebook.com\/ikastikoskiklossianti\/\" \/>\n<meta property=\"article:modified_time\" content=\"2025-03-19T17:49:01+00:00\" \/>\n<meta name=\"twitter:card\" content=\"summary_large_image\" \/>\n<meta name=\"twitter:label1\" content=\"Est. reading time\" \/>\n\t<meta name=\"twitter:data1\" content=\"5 minutes\" \/>\n<script type=\"application\/ld+json\" class=\"yoast-schema-graph\">{\"@context\":\"https:\/\/schema.org\",\"@graph\":[{\"@type\":\"WebPage\",\"@id\":\"https:\/\/ikastikos-kiklos.com\/en\/hug-me-%ce%ac%ce%bd%ce%b1%ce%be-%ce%b9%ce%b1%ce%ba-%ce%ac%ce%bd%ce%b1%ce%be-angelos-spartalis\/\",\"url\":\"https:\/\/ikastikos-kiklos.com\/en\/hug-me-%ce%ac%ce%bd%ce%b1%ce%be-%ce%b9%ce%b1%ce%ba-%ce%ac%ce%bd%ce%b1%ce%be-angelos-spartalis\/\",\"name\":\"\u201cHug me \/ \u03ac\u03bd\u03b1\u03be \u03b9\u03b1\u03ba \u03ac\u03bd\u03b1\u03be\u201d Angelos Spartalis\",\"isPartOf\":{\"@id\":\"https:\/\/ikastikos-kiklos.com\/en\/#website\"},\"datePublished\":\"2025-03-12T11:33:18+00:00\",\"dateModified\":\"2025-03-19T17:49:01+00:00\",\"description\":\"\u201cHug me \/ \u03ac\u03bd\u03b1\u03be \u03b9\u03b1\u03ba \u03ac\u03bd\u03b1\u03be\u201d Angelos Spartalis Solo Exhibition at Ikastikos Kiklos Sianti\",\"breadcrumb\":{\"@id\":\"https:\/\/ikastikos-kiklos.com\/en\/hug-me-%ce%ac%ce%bd%ce%b1%ce%be-%ce%b9%ce%b1%ce%ba-%ce%ac%ce%bd%ce%b1%ce%be-angelos-spartalis\/#breadcrumb\"},\"inLanguage\":\"en-US\",\"potentialAction\":[{\"@type\":\"ReadAction\",\"target\":[\"https:\/\/ikastikos-kiklos.com\/en\/hug-me-%ce%ac%ce%bd%ce%b1%ce%be-%ce%b9%ce%b1%ce%ba-%ce%ac%ce%bd%ce%b1%ce%be-angelos-spartalis\/\"]}]},{\"@type\":\"BreadcrumbList\",\"@id\":\"https:\/\/ikastikos-kiklos.com\/en\/hug-me-%ce%ac%ce%bd%ce%b1%ce%be-%ce%b9%ce%b1%ce%ba-%ce%ac%ce%bd%ce%b1%ce%be-angelos-spartalis\/#breadcrumb\",\"itemListElement\":[{\"@type\":\"ListItem\",\"position\":1,\"name\":\"Home\",\"item\":\"https:\/\/ikastikos-kiklos.com\/en\/\"},{\"@type\":\"ListItem\",\"position\":2,\"name\":\"\u201cHug me \/ \u03ac\u03bd\u03b1\u03be \u03b9\u03b1\u03ba \u03ac\u03bd\u03b1\u03be\u201d Angelos Spartalis\"}]},{\"@type\":\"WebSite\",\"@id\":\"https:\/\/ikastikos-kiklos.com\/en\/#website\",\"url\":\"https:\/\/ikastikos-kiklos.com\/en\/\",\"name\":\"Ikastikos Kiklos - Zografik\u00ed - Metaxotyp\u00edes - T\u00e9chniPainting - Silk Screen - Art\",\"description\":\"\",\"publisher\":{\"@id\":\"https:\/\/ikastikos-kiklos.com\/en\/#organization\"},\"potentialAction\":[{\"@type\":\"SearchAction\",\"target\":{\"@type\":\"EntryPoint\",\"urlTemplate\":\"https:\/\/ikastikos-kiklos.com\/en\/?s={search_term_string}\"},\"query-input\":{\"@type\":\"PropertyValueSpecification\",\"valueRequired\":true,\"valueName\":\"search_term_string\"}}],\"inLanguage\":\"en-US\"},{\"@type\":\"Organization\",\"@id\":\"https:\/\/ikastikos-kiklos.com\/en\/#organization\",\"name\":\"Ikastikos Kiklos - Zografik\u00ed - Metaxotyp\u00edes - T\u00e9chniPainting - Silk Screen - Art\",\"url\":\"https:\/\/ikastikos-kiklos.com\/en\/\",\"logo\":{\"@type\":\"ImageObject\",\"inLanguage\":\"en-US\",\"@id\":\"https:\/\/ikastikos-kiklos.com\/en\/#\/schema\/logo\/image\/\",\"url\":\"https:\/\/ikastikos-kiklos.com\/wp-content\/uploads\/2022\/10\/cropped-favicon_ikastikos.png\",\"contentUrl\":\"https:\/\/ikastikos-kiklos.com\/wp-content\/uploads\/2022\/10\/cropped-favicon_ikastikos.png\",\"width\":512,\"height\":512,\"caption\":\"Ikastikos Kiklos - Zografik\u00ed - Metaxotyp\u00edes - T\u00e9chniPainting - Silk Screen - Art\"},\"image\":{\"@id\":\"https:\/\/ikastikos-kiklos.com\/en\/#\/schema\/logo\/image\/\"},\"sameAs\":[\"https:\/\/www.facebook.com\/ikastikoskiklossianti\/\"]}]}<\/script>\n<!-- \/ Yoast SEO plugin. -->","yoast_head_json":{"title":"\u201cHug me \/ \u03ac\u03bd\u03b1\u03be \u03b9\u03b1\u03ba \u03ac\u03bd\u03b1\u03be\u201d Angelos Spartalis","description":"\u201cHug me \/ \u03ac\u03bd\u03b1\u03be \u03b9\u03b1\u03ba \u03ac\u03bd\u03b1\u03be\u201d Angelos Spartalis Solo Exhibition at Ikastikos Kiklos Sianti","robots":{"index":"index","follow":"follow","max-snippet":"max-snippet:-1","max-image-preview":"max-image-preview:large","max-video-preview":"max-video-preview:-1"},"canonical":"https:\/\/ikastikos-kiklos.com\/en\/hug-me-\u03ac\u03bd\u03b1\u03be-\u03b9\u03b1\u03ba-\u03ac\u03bd\u03b1\u03be-angelos-spartalis\/","og_locale":"en_US","og_type":"article","og_title":"\u201cHug me \/ \u03ac\u03bd\u03b1\u03be \u03b9\u03b1\u03ba \u03ac\u03bd\u03b1\u03be\u201d Angelos Spartalis","og_description":"\u201cHug me \/ \u03ac\u03bd\u03b1\u03be \u03b9\u03b1\u03ba \u03ac\u03bd\u03b1\u03be\u201d Angelos Spartalis Solo Exhibition at Ikastikos Kiklos Sianti","og_url":"https:\/\/ikastikos-kiklos.com\/en\/hug-me-\u03ac\u03bd\u03b1\u03be-\u03b9\u03b1\u03ba-\u03ac\u03bd\u03b1\u03be-angelos-spartalis\/","og_site_name":"Ikastikos Kiklos - Zografik\u00ed - Metaxotyp\u00edes - T\u00e9chniPainting - Silk Screen - Art","article_publisher":"https:\/\/www.facebook.com\/ikastikoskiklossianti\/","article_modified_time":"2025-03-19T17:49:01+00:00","twitter_card":"summary_large_image","twitter_misc":{"Est. reading time":"5 minutes"},"schema":{"@context":"https:\/\/schema.org","@graph":[{"@type":"WebPage","@id":"https:\/\/ikastikos-kiklos.com\/en\/hug-me-%ce%ac%ce%bd%ce%b1%ce%be-%ce%b9%ce%b1%ce%ba-%ce%ac%ce%bd%ce%b1%ce%be-angelos-spartalis\/","url":"https:\/\/ikastikos-kiklos.com\/en\/hug-me-%ce%ac%ce%bd%ce%b1%ce%be-%ce%b9%ce%b1%ce%ba-%ce%ac%ce%bd%ce%b1%ce%be-angelos-spartalis\/","name":"\u201cHug me \/ \u03ac\u03bd\u03b1\u03be \u03b9\u03b1\u03ba \u03ac\u03bd\u03b1\u03be\u201d Angelos Spartalis","isPartOf":{"@id":"https:\/\/ikastikos-kiklos.com\/en\/#website"},"datePublished":"2025-03-12T11:33:18+00:00","dateModified":"2025-03-19T17:49:01+00:00","description":"\u201cHug me \/ \u03ac\u03bd\u03b1\u03be \u03b9\u03b1\u03ba \u03ac\u03bd\u03b1\u03be\u201d Angelos Spartalis Solo Exhibition at Ikastikos Kiklos Sianti","breadcrumb":{"@id":"https:\/\/ikastikos-kiklos.com\/en\/hug-me-%ce%ac%ce%bd%ce%b1%ce%be-%ce%b9%ce%b1%ce%ba-%ce%ac%ce%bd%ce%b1%ce%be-angelos-spartalis\/#breadcrumb"},"inLanguage":"en-US","potentialAction":[{"@type":"ReadAction","target":["https:\/\/ikastikos-kiklos.com\/en\/hug-me-%ce%ac%ce%bd%ce%b1%ce%be-%ce%b9%ce%b1%ce%ba-%ce%ac%ce%bd%ce%b1%ce%be-angelos-spartalis\/"]}]},{"@type":"BreadcrumbList","@id":"https:\/\/ikastikos-kiklos.com\/en\/hug-me-%ce%ac%ce%bd%ce%b1%ce%be-%ce%b9%ce%b1%ce%ba-%ce%ac%ce%bd%ce%b1%ce%be-angelos-spartalis\/#breadcrumb","itemListElement":[{"@type":"ListItem","position":1,"name":"Home","item":"https:\/\/ikastikos-kiklos.com\/en\/"},{"@type":"ListItem","position":2,"name":"\u201cHug me \/ \u03ac\u03bd\u03b1\u03be \u03b9\u03b1\u03ba \u03ac\u03bd\u03b1\u03be\u201d Angelos Spartalis"}]},{"@type":"WebSite","@id":"https:\/\/ikastikos-kiklos.com\/en\/#website","url":"https:\/\/ikastikos-kiklos.com\/en\/","name":"Ikastikos Kiklos - Zografik\u00ed - Metaxotyp\u00edes - T\u00e9chniPainting - Silk Screen - Art","description":"","publisher":{"@id":"https:\/\/ikastikos-kiklos.com\/en\/#organization"},"potentialAction":[{"@type":"SearchAction","target":{"@type":"EntryPoint","urlTemplate":"https:\/\/ikastikos-kiklos.com\/en\/?s={search_term_string}"},"query-input":{"@type":"PropertyValueSpecification","valueRequired":true,"valueName":"search_term_string"}}],"inLanguage":"en-US"},{"@type":"Organization","@id":"https:\/\/ikastikos-kiklos.com\/en\/#organization","name":"Ikastikos Kiklos - Zografik\u00ed - Metaxotyp\u00edes - T\u00e9chniPainting - Silk Screen - Art","url":"https:\/\/ikastikos-kiklos.com\/en\/","logo":{"@type":"ImageObject","inLanguage":"en-US","@id":"https:\/\/ikastikos-kiklos.com\/en\/#\/schema\/logo\/image\/","url":"https:\/\/ikastikos-kiklos.com\/wp-content\/uploads\/2022\/10\/cropped-favicon_ikastikos.png","contentUrl":"https:\/\/ikastikos-kiklos.com\/wp-content\/uploads\/2022\/10\/cropped-favicon_ikastikos.png","width":512,"height":512,"caption":"Ikastikos Kiklos - Zografik\u00ed - Metaxotyp\u00edes - T\u00e9chniPainting - Silk Screen - Art"},"image":{"@id":"https:\/\/ikastikos-kiklos.com\/en\/#\/schema\/logo\/image\/"},"sameAs":["https:\/\/www.facebook.com\/ikastikoskiklossianti\/"]}]}},"_links":{"self":[{"href":"https:\/\/ikastikos-kiklos.com\/en\/wp-json\/wp\/v2\/pages\/51257","targetHints":{"allow":["GET"]}}],"collection":[{"href":"https:\/\/ikastikos-kiklos.com\/en\/wp-json\/wp\/v2\/pages"}],"about":[{"href":"https:\/\/ikastikos-kiklos.com\/en\/wp-json\/wp\/v2\/types\/page"}],"author":[{"embeddable":true,"href":"https:\/\/ikastikos-kiklos.com\/en\/wp-json\/wp\/v2\/users\/3"}],"replies":[{"embeddable":true,"href":"https:\/\/ikastikos-kiklos.com\/en\/wp-json\/wp\/v2\/comments?post=51257"}],"version-history":[{"count":5,"href":"https:\/\/ikastikos-kiklos.com\/en\/wp-json\/wp\/v2\/pages\/51257\/revisions"}],"predecessor-version":[{"id":51346,"href":"https:\/\/ikastikos-kiklos.com\/en\/wp-json\/wp\/v2\/pages\/51257\/revisions\/51346"}],"wp:attachment":[{"href":"https:\/\/ikastikos-kiklos.com\/en\/wp-json\/wp\/v2\/media?parent=51257"}],"curies":[{"name":"wp","href":"https:\/\/api.w.org\/{rel}","templated":true}]}}