{"id":51161,"date":"2025-03-07T17:00:01","date_gmt":"2025-03-07T15:00:01","guid":{"rendered":"https:\/\/ikastikos-kiklos.com\/goddess-vision-sofia-fotiadou\/"},"modified":"2025-03-19T18:28:09","modified_gmt":"2025-03-19T16:28:09","slug":"goddess-vision-sofia-fotiadou","status":"publish","type":"page","link":"https:\/\/ikastikos-kiklos.com\/en\/goddess-vision-sofia-fotiadou\/","title":{"rendered":"Goddess Vision \u2013 Sofia Fotiadou"},"content":{"rendered":"<div class=\"wpb-content-wrapper\"><p>[vc_row][vc_column width=&#8221;2\/3&#8243;][vc_single_image image=&#8221;51152&#8243; img_size=&#8221;full&#8221;][vc_empty_space height=&#8221;25px&#8221;][vc_custom_heading text=&#8221;Goddess Vision \u2013 Sofia Fotiadou&#8221; google_fonts=&#8221;font_family:Ubuntu%3A300%2C300italic%2Cregular%2Citalic%2C500%2C500italic%2C700%2C700italic|font_style:400%20regular%3A400%3Anormal&#8221;][vc_empty_space height=&#8221;25px&#8221;][vc_column_text]<strong>Sianti Gallery<\/strong>, unites forces with&nbsp;<a href=\"https:\/\/www.google.com\/maps\/place\/NYX+Esperia+Palace+Hotel+Athens\/@37.9789229,23.7326552,17z\/data=!3m1!4b1!4m9!3m8!1s0x14a1bd3be9bac9d5:0x6aea6bb0bd1244f!5m2!4m1!1i2!8m2!3d37.9789229!4d23.7326552!16s%2Fg%2F11f662_54n?entry=ttu&amp;g_ep=EgoyMDI1MDMwMi4wIKXMDSoASAFQAw%3D%3D\"><strong>NYX Esperia<\/strong>&nbsp;<strong>Palace Hotel Athens&nbsp;<\/strong><\/a>infusing Art to the hotel\u2019s vibe in a unique cultural collaboration. In this iconically urban, mystical and funky hotel at the heart of Athens, on&nbsp;<strong>Friday, 7 March, <\/strong>we had the great pleasure of presenting a solo exhibition by renowned visual artist Sofia Fotiadou, titled <strong>\u201cGoddess Vision\u201d<\/strong>, in a blasting synergy between art and hospitality.<\/p>\n<p><strong>SEE THE CATALOGUE<\/strong><\/p>\n<p><iframe style=\"width: 700px; height: 400px;\" src=\"https:\/\/online.fliphtml5.com\/aomdi\/iwvg\/\" frameborder=\"0\" scrolling=\"no\" seamless=\"seamless\" allowfullscreen=\"allowfullscreen\"><\/iframe>&nbsp;<\/p>\n<p>The curtain of&nbsp;<strong>Serie A<\/strong>&nbsp;is opening and&nbsp;Fotiadou\u2019s female deities invite us to discover our inner world and transcend superficial images. Bearing a sensual aura, her forms become symbols of sentimentality and mirrors of inner reflection, not only for the viewer, but for the depicted figures, as well.<\/p>\n<p>&nbsp;<\/p>\n<p>The artist herself notes regarding this series of works, which are exploring female form as a symbol of power, mystery and bonding with nature:&nbsp;<em>\u201c\u2026from the portraits inspired by the Old Masters to the modern compositions where the human body is attuned with the natural elements, this exhibition denotes the inner dimensions and existential issues of womanhood. A visual narration of deeper essence that exceeds physical form, revealing all the transformations, which do not limit the female energy that empowers us as it surges through us. Symbols of rebirth, initiation, and awakening imprint the traces of godly essence, which vibrates inside us. Woman emerges as an archetype and, elsewhere, as a fragile, yet indomitable presence \u2013 always a bearer of life and transformation. The connection with nature is organic and mutual, as her body and soul intertwine with the physical world, underlying the unity between the ephemeral and the eternal, between decay and rebirth\u201d.<\/em><\/p>\n<p><strong>SEE PHOTOS FROM THE OPENING NIGHT<\/strong><\/p>\n<p>ngg_shortcode_0_placeholderAt the end of the day, Sophia Fotiadou with her deep knowledge and chromatic sensitivity, creates a unique, personal world full of creatures yearning for a paradise lost or dreaming of a new one. In her paintings, we find all the classical visual values, combined with a very modern view of things. In other words, a delicate, sometimes humoristic and sometimes melancholic view of the way things could be\u2026<\/p>\n<p>&nbsp;<\/p>\n<p>The exhibition, being a tribute to female nature and its universal power, is a proof that art can break out of a gallery\u2019s narrow walls.&nbsp;<strong>Sianti Gallery,&nbsp;<\/strong>an established Athenian art gallery, in collaboration with&nbsp;<strong>NYX Esperia<\/strong>&nbsp;<strong>Palace Hotel Athens,&nbsp;<\/strong>which looms over the busy center of the city, are placing the standards for a visual, urban innovation, while proving, once again, that Art has no limits.[\/vc_column_text][\/vc_column][vc_column width=&#8221;1\/3&#8243;]<div class=\"nm-banner-slider slider-type-boxed slick-slider slick-controls-gray slick-dots-disabled\" >\n\t\t\t<div class=\"nm-banner content-full image-type-fluid text-color-dark\" style=\"\"><img decoding=\"async\" src=\"https:\/\/ikastikos-kiklos.com\/wp-content\/uploads\/2024\/02\/Conversation-\u03c6\u03c9\u03c4\u03b9\u03ac\u03b4\u03bf\u03c5-\u03c3\u03bf\u03c6\u03af\u03b1.jpg\" alt=\"Conversation-\u03c6\u03c9\u03c4\u03b9\u03ac\u03b4\u03bf\u03c5-\u03c3\u03bf\u03c6\u03af\u03b1\" \/>\n\t\t\t<\/div>\n\t\t\t<div class=\"nm-banner content-full image-type-fluid text-color-dark\" style=\"\"><img decoding=\"async\" src=\"https:\/\/ikastikos-kiklos.com\/wp-content\/uploads\/2024\/02\/her-song-is-music-to-my-heart-\u03c3\u03bf\u03c6\u03af\u03b1-\u03c6\u03c9\u03c4\u03b9\u03ac\u03b4\u03bf\u03c5.jpg\" alt=\"her-song-is-music-to-my-heart-\u03c3\u03bf\u03c6\u03af\u03b1-\u03c6\u03c9\u03c4\u03b9\u03ac\u03b4\u03bf\u03c5\" \/>\n\t\t\t<\/div>\n\t\t\t<div class=\"nm-banner content-full image-type-fluid text-color-dark\" style=\"\"><img decoding=\"async\" src=\"https:\/\/ikastikos-kiklos.com\/wp-content\/uploads\/2023\/04\/Lets-fly-\u03c6\u03c9\u03c4\u03b9\u03ac\u03b4\u03bf\u03c5-\u03c3\u03bf\u03c6\u03af\u03b1.jpg\" alt=\"Lets-fly-\u03c6\u03c9\u03c4\u03b9\u03ac\u03b4\u03bf\u03c5-\u03c3\u03bf\u03c6\u03af\u03b1\" \/>\n\t\t\t<\/div><\/div>[vc_empty_space height=&#8221;25px&#8221;][vc_column_text]DURATION<br \/>\n<strong>15 &#8211; 30 March 2025<\/strong>[\/vc_column_text][\/vc_column][\/vc_row]<\/p>\n<\/div>","protected":false},"excerpt":{"rendered":"<p>[vc_row][vc_column width=&#8221;2\/3&#8243;][vc_single_image image=&#8221;51152&#8243; img_size=&#8221;full&#8221;][vc_empty_space height=&#8221;25px&#8221;][vc_custom_heading text=&#8221;Goddess Vision \u2013 Sofia Fotiadou&#8221; google_fonts=&#8221;font_family:Ubuntu%3A300%2C300italic%2Cregular%2Citalic%2C500%2C500italic%2C700%2C700italic|font_style:400%20regular%3A400%3Anormal&#8221;][vc_empty_space height=&#8221;25px&#8221;][vc_column_text]Sianti Gallery, unites forces &hellip;<\/p>\n","protected":false},"author":3,"featured_media":0,"parent":0,"menu_order":0,"comment_status":"closed","ping_status":"closed","template":"","meta":{"ngg_post_thumbnail":0,"footnotes":""},"class_list":["post-51161","page","type-page","status-publish","hentry"],"yoast_head":"<!-- This site is optimized with the Yoast SEO plugin v27.2 - https:\/\/yoast.com\/product\/yoast-seo-wordpress\/ -->\n<title>Goddess Vision \u2013 Sofia Fotiadou<\/title>\n<meta name=\"description\" content=\"Goddess Vision \u2013 Sofia Fotiadou at NYX Esperia Palace Hotel by Ikastikos Kiklos Sianti &amp; Sianti Gallery\" \/>\n<meta name=\"robots\" content=\"index, follow, max-snippet:-1, max-image-preview:large, max-video-preview:-1\" \/>\n<link rel=\"canonical\" href=\"https:\/\/ikastikos-kiklos.com\/en\/goddess-vision-sofia-fotiadou\/\" \/>\n<meta property=\"og:locale\" content=\"en_US\" \/>\n<meta property=\"og:type\" content=\"article\" \/>\n<meta property=\"og:title\" content=\"Goddess Vision \u2013 Sofia Fotiadou\" \/>\n<meta property=\"og:description\" content=\"Goddess Vision \u2013 Sofia Fotiadou at NYX Esperia Palace Hotel by Ikastikos Kiklos Sianti &amp; Sianti Gallery\" \/>\n<meta property=\"og:url\" content=\"https:\/\/ikastikos-kiklos.com\/en\/goddess-vision-sofia-fotiadou\/\" \/>\n<meta property=\"og:site_name\" content=\"Ikastikos Kiklos - Zografik\u00ed - Metaxotyp\u00edes - T\u00e9chniPainting - Silk Screen - Art\" \/>\n<meta property=\"article:publisher\" content=\"https:\/\/www.facebook.com\/ikastikoskiklossianti\/\" \/>\n<meta property=\"article:modified_time\" content=\"2025-03-19T16:28:09+00:00\" \/>\n<meta name=\"twitter:card\" content=\"summary_large_image\" \/>\n<meta name=\"twitter:label1\" content=\"Est. reading time\" \/>\n\t<meta name=\"twitter:data1\" content=\"4 minutes\" \/>\n<script type=\"application\/ld+json\" class=\"yoast-schema-graph\">{\"@context\":\"https:\/\/schema.org\",\"@graph\":[{\"@type\":\"WebPage\",\"@id\":\"https:\/\/ikastikos-kiklos.com\/en\/goddess-vision-sofia-fotiadou\/\",\"url\":\"https:\/\/ikastikos-kiklos.com\/en\/goddess-vision-sofia-fotiadou\/\",\"name\":\"Goddess Vision \u2013 Sofia Fotiadou\",\"isPartOf\":{\"@id\":\"https:\/\/ikastikos-kiklos.com\/en\/#website\"},\"datePublished\":\"2025-03-07T15:00:01+00:00\",\"dateModified\":\"2025-03-19T16:28:09+00:00\",\"description\":\"Goddess Vision \u2013 Sofia Fotiadou at NYX Esperia Palace Hotel by Ikastikos Kiklos Sianti & Sianti Gallery\",\"breadcrumb\":{\"@id\":\"https:\/\/ikastikos-kiklos.com\/en\/goddess-vision-sofia-fotiadou\/#breadcrumb\"},\"inLanguage\":\"en-US\",\"potentialAction\":[{\"@type\":\"ReadAction\",\"target\":[\"https:\/\/ikastikos-kiklos.com\/en\/goddess-vision-sofia-fotiadou\/\"]}]},{\"@type\":\"BreadcrumbList\",\"@id\":\"https:\/\/ikastikos-kiklos.com\/en\/goddess-vision-sofia-fotiadou\/#breadcrumb\",\"itemListElement\":[{\"@type\":\"ListItem\",\"position\":1,\"name\":\"Home\",\"item\":\"https:\/\/ikastikos-kiklos.com\/en\/\"},{\"@type\":\"ListItem\",\"position\":2,\"name\":\"Goddess Vision \u2013 Sofia Fotiadou\"}]},{\"@type\":\"WebSite\",\"@id\":\"https:\/\/ikastikos-kiklos.com\/en\/#website\",\"url\":\"https:\/\/ikastikos-kiklos.com\/en\/\",\"name\":\"Ikastikos Kiklos - Zografik\u00ed - Metaxotyp\u00edes - T\u00e9chniPainting - Silk Screen - Art\",\"description\":\"\",\"publisher\":{\"@id\":\"https:\/\/ikastikos-kiklos.com\/en\/#organization\"},\"potentialAction\":[{\"@type\":\"SearchAction\",\"target\":{\"@type\":\"EntryPoint\",\"urlTemplate\":\"https:\/\/ikastikos-kiklos.com\/en\/?s={search_term_string}\"},\"query-input\":{\"@type\":\"PropertyValueSpecification\",\"valueRequired\":true,\"valueName\":\"search_term_string\"}}],\"inLanguage\":\"en-US\"},{\"@type\":\"Organization\",\"@id\":\"https:\/\/ikastikos-kiklos.com\/en\/#organization\",\"name\":\"Ikastikos Kiklos - Zografik\u00ed - Metaxotyp\u00edes - T\u00e9chniPainting - Silk Screen - Art\",\"url\":\"https:\/\/ikastikos-kiklos.com\/en\/\",\"logo\":{\"@type\":\"ImageObject\",\"inLanguage\":\"en-US\",\"@id\":\"https:\/\/ikastikos-kiklos.com\/en\/#\/schema\/logo\/image\/\",\"url\":\"https:\/\/ikastikos-kiklos.com\/wp-content\/uploads\/2022\/10\/cropped-favicon_ikastikos.png\",\"contentUrl\":\"https:\/\/ikastikos-kiklos.com\/wp-content\/uploads\/2022\/10\/cropped-favicon_ikastikos.png\",\"width\":512,\"height\":512,\"caption\":\"Ikastikos Kiklos - Zografik\u00ed - Metaxotyp\u00edes - T\u00e9chniPainting - Silk Screen - Art\"},\"image\":{\"@id\":\"https:\/\/ikastikos-kiklos.com\/en\/#\/schema\/logo\/image\/\"},\"sameAs\":[\"https:\/\/www.facebook.com\/ikastikoskiklossianti\/\"]}]}<\/script>\n<!-- \/ Yoast SEO plugin. -->","yoast_head_json":{"title":"Goddess Vision \u2013 Sofia Fotiadou","description":"Goddess Vision \u2013 Sofia Fotiadou at NYX Esperia Palace Hotel by Ikastikos Kiklos Sianti & Sianti Gallery","robots":{"index":"index","follow":"follow","max-snippet":"max-snippet:-1","max-image-preview":"max-image-preview:large","max-video-preview":"max-video-preview:-1"},"canonical":"https:\/\/ikastikos-kiklos.com\/en\/goddess-vision-sofia-fotiadou\/","og_locale":"en_US","og_type":"article","og_title":"Goddess Vision \u2013 Sofia Fotiadou","og_description":"Goddess Vision \u2013 Sofia Fotiadou at NYX Esperia Palace Hotel by Ikastikos Kiklos Sianti & Sianti Gallery","og_url":"https:\/\/ikastikos-kiklos.com\/en\/goddess-vision-sofia-fotiadou\/","og_site_name":"Ikastikos Kiklos - Zografik\u00ed - Metaxotyp\u00edes - T\u00e9chniPainting - Silk Screen - Art","article_publisher":"https:\/\/www.facebook.com\/ikastikoskiklossianti\/","article_modified_time":"2025-03-19T16:28:09+00:00","twitter_card":"summary_large_image","twitter_misc":{"Est. reading time":"4 minutes"},"schema":{"@context":"https:\/\/schema.org","@graph":[{"@type":"WebPage","@id":"https:\/\/ikastikos-kiklos.com\/en\/goddess-vision-sofia-fotiadou\/","url":"https:\/\/ikastikos-kiklos.com\/en\/goddess-vision-sofia-fotiadou\/","name":"Goddess Vision \u2013 Sofia Fotiadou","isPartOf":{"@id":"https:\/\/ikastikos-kiklos.com\/en\/#website"},"datePublished":"2025-03-07T15:00:01+00:00","dateModified":"2025-03-19T16:28:09+00:00","description":"Goddess Vision \u2013 Sofia Fotiadou at NYX Esperia Palace Hotel by Ikastikos Kiklos Sianti & Sianti Gallery","breadcrumb":{"@id":"https:\/\/ikastikos-kiklos.com\/en\/goddess-vision-sofia-fotiadou\/#breadcrumb"},"inLanguage":"en-US","potentialAction":[{"@type":"ReadAction","target":["https:\/\/ikastikos-kiklos.com\/en\/goddess-vision-sofia-fotiadou\/"]}]},{"@type":"BreadcrumbList","@id":"https:\/\/ikastikos-kiklos.com\/en\/goddess-vision-sofia-fotiadou\/#breadcrumb","itemListElement":[{"@type":"ListItem","position":1,"name":"Home","item":"https:\/\/ikastikos-kiklos.com\/en\/"},{"@type":"ListItem","position":2,"name":"Goddess Vision \u2013 Sofia Fotiadou"}]},{"@type":"WebSite","@id":"https:\/\/ikastikos-kiklos.com\/en\/#website","url":"https:\/\/ikastikos-kiklos.com\/en\/","name":"Ikastikos Kiklos - Zografik\u00ed - Metaxotyp\u00edes - T\u00e9chniPainting - Silk Screen - Art","description":"","publisher":{"@id":"https:\/\/ikastikos-kiklos.com\/en\/#organization"},"potentialAction":[{"@type":"SearchAction","target":{"@type":"EntryPoint","urlTemplate":"https:\/\/ikastikos-kiklos.com\/en\/?s={search_term_string}"},"query-input":{"@type":"PropertyValueSpecification","valueRequired":true,"valueName":"search_term_string"}}],"inLanguage":"en-US"},{"@type":"Organization","@id":"https:\/\/ikastikos-kiklos.com\/en\/#organization","name":"Ikastikos Kiklos - Zografik\u00ed - Metaxotyp\u00edes - T\u00e9chniPainting - Silk Screen - Art","url":"https:\/\/ikastikos-kiklos.com\/en\/","logo":{"@type":"ImageObject","inLanguage":"en-US","@id":"https:\/\/ikastikos-kiklos.com\/en\/#\/schema\/logo\/image\/","url":"https:\/\/ikastikos-kiklos.com\/wp-content\/uploads\/2022\/10\/cropped-favicon_ikastikos.png","contentUrl":"https:\/\/ikastikos-kiklos.com\/wp-content\/uploads\/2022\/10\/cropped-favicon_ikastikos.png","width":512,"height":512,"caption":"Ikastikos Kiklos - Zografik\u00ed - Metaxotyp\u00edes - T\u00e9chniPainting - Silk Screen - Art"},"image":{"@id":"https:\/\/ikastikos-kiklos.com\/en\/#\/schema\/logo\/image\/"},"sameAs":["https:\/\/www.facebook.com\/ikastikoskiklossianti\/"]}]}},"_links":{"self":[{"href":"https:\/\/ikastikos-kiklos.com\/en\/wp-json\/wp\/v2\/pages\/51161","targetHints":{"allow":["GET"]}}],"collection":[{"href":"https:\/\/ikastikos-kiklos.com\/en\/wp-json\/wp\/v2\/pages"}],"about":[{"href":"https:\/\/ikastikos-kiklos.com\/en\/wp-json\/wp\/v2\/types\/page"}],"author":[{"embeddable":true,"href":"https:\/\/ikastikos-kiklos.com\/en\/wp-json\/wp\/v2\/users\/3"}],"replies":[{"embeddable":true,"href":"https:\/\/ikastikos-kiklos.com\/en\/wp-json\/wp\/v2\/comments?post=51161"}],"version-history":[{"count":4,"href":"https:\/\/ikastikos-kiklos.com\/en\/wp-json\/wp\/v2\/pages\/51161\/revisions"}],"predecessor-version":[{"id":51344,"href":"https:\/\/ikastikos-kiklos.com\/en\/wp-json\/wp\/v2\/pages\/51161\/revisions\/51344"}],"wp:attachment":[{"href":"https:\/\/ikastikos-kiklos.com\/en\/wp-json\/wp\/v2\/media?parent=51161"}],"curies":[{"name":"wp","href":"https:\/\/api.w.org\/{rel}","templated":true}]}}