{"id":51003,"date":"2025-02-07T23:24:17","date_gmt":"2025-02-07T21:24:17","guid":{"rendered":"https:\/\/ikastikos-kiklos.com\/in-love-love-in-art\/"},"modified":"2025-03-12T12:49:54","modified_gmt":"2025-03-12T10:49:54","slug":"in-love-love-in-art","status":"publish","type":"page","link":"https:\/\/ikastikos-kiklos.com\/en\/in-love-love-in-art\/","title":{"rendered":"In Love \u2013 Love in Art"},"content":{"rendered":"<div class=\"wpb-content-wrapper\"><p>[vc_row][vc_column width=&#8221;2\/3&#8243;]<div class=\"nm-banner-slider slider-type-boxed slick-slider slick-controls-gray slick-dots-disabled\" >\n\t\t\t<div class=\"nm-banner content-full image-type-fluid text-color-dark\" style=\"\"><img decoding=\"async\" src=\"https:\/\/ikastikos-kiklos.com\/wp-content\/uploads\/2025\/02\/slider.jpg\" alt=\"slider\" \/>\n\t\t\t<\/div><\/div>[vc_empty_space][vc_column_text]<\/p>\n<h1>In Love \u2013 Love in Art<\/h1>\n<p>[\/vc_column_text][vc_empty_space height=&#8221;15px&#8221;][vc_column_text]<\/p>\n<h3>Ikastikos Kiklos Sianti launches the most erotic exhibition of the year.<\/h3>\n<div id=\"paragraph_with_max_height\" class=\"overflow-hidden\">\n<p>On&nbsp;<strong>Friday, 14 February 2025<\/strong><strong>,&nbsp;<\/strong>Sianti Gallery has presented a <strong>group&nbsp;<\/strong>exhibition titled \u201cIn Love: Love in Art\u201d, curated by art historian&nbsp;<strong>Hera Papapostolou<\/strong>.<\/p>\n<p>Love is a deep and complex emotion associated with attraction, passion and tenderness between two people. But in recent years, it is being shaped almost completely by social changes, technology and the fast pace of modern life. Thus, the question \u201cWhat is Love?\u201d keeps coming to the forefront as we strive to find an answer through various art forms.<strong>&nbsp;<\/strong><\/p>\n<p>Robert Graves in his poetry expresses various surrounding questions, such as&nbsp;<em>\u201cDoes it have to do with the return to our center, to the familiar core of innocence, still full of trust? Is it the primal and wild outburst of our existence, an effort to take radical measures in order to reach omniscience just for a few hours? Is it the ancient vision, which shines on our path full of dangerous omens, calling upon the timely intervention of death?<\/em><\/p>\n<p>Everyone has struggled with this question at some point of their lives, a fact which motivated Sianti Gallery to organize a group exhibition. Twety-seven contemporary Greek artists, painters and sculptors \u2013 well known, as well as younger ones \u2013 are portraying Love in their own way. Large, as well as medium scale paintings, along with large and medium scale sculptures, like love sonnets, compose the most erotic exhibition of the year.<\/p>\n<p>Hera Papapostolou, curator of the exhibition, notes in the catalogue of the exhibition:<\/p>\n<p><em>\u201cFor neurologist-psychiatrist Mattheos Josaphat, things are quite clear: \u2018Love is the projection of our needs on other people who, we hope, will fulfill them. And because we want them to fulfill them, we idolize them, believing they are the ones we want.&nbsp;<\/em><em>[\u2026]&nbsp;<\/em><em>Love is our only chance of compensating for everything our mother and father didn\u2019t give us.\u2019 On the other hand, had there not been this inner need, we wouldn\u2019t have so many books, poems, sculptures, music, choreographies, plays and paintings. All because Love inspires us, and has been at the core of artistic work throughout the centuries\u201d.<\/em><\/p>\n<p>In any case, love is a power, which can give meaning to our lives, while, at the same time, it may very well fill us with uncertainty, pain and tension. And for this reason, the artworks are sometimes peaceful and dreamy, and sometimes harsh and surreal. Yet, through them, we can see our inner self. How each artist experiences this intense and contradicting journey, is something, which comes to light through the \u201cIn Love: Love in Art\u201d exhibition\u201d where Love takes on different shapes and colors.<\/p>\n<\/div>\n<p>[\/vc_column_text][vc_empty_space height=&#8221;15px&#8221;][\/vc_column][vc_column width=&#8221;1\/3&#8243;]<div class=\"nm-banner-slider slider-type-boxed slick-slider slick-controls-gray slick-dots-disabled\" >\n\t\t\t<div class=\"nm-banner content-full image-type-fluid text-color-dark\" style=\"\"><img decoding=\"async\" src=\"https:\/\/ikastikos-kiklos.com\/wp-content\/uploads\/2025\/02\/1200x1200-asargiotaki.jpg\" alt=\"1200&#215;1200-asargiotaki\" \/>\n\t\t\t<\/div>\n\t\t\t<div class=\"nm-banner content-full image-type-fluid text-color-dark\" style=\"\"><img decoding=\"async\" src=\"https:\/\/ikastikos-kiklos.com\/wp-content\/uploads\/2025\/02\/1200x1200-belivanaki.jpg\" alt=\"1200&#215;1200-belivanaki\" \/>\n\t\t\t<\/div>\n\t\t\t<div class=\"nm-banner content-full image-type-fluid text-color-dark\" style=\"\"><img decoding=\"async\" src=\"https:\/\/ikastikos-kiklos.com\/wp-content\/uploads\/2025\/02\/1200x1200-katsipanos.jpg\" alt=\"1200&#215;1200-katsipanos\" \/>\n\t\t\t<\/div>\n\t\t\t<div class=\"nm-banner content-full image-type-fluid text-color-dark\" style=\"\"><img decoding=\"async\" src=\"https:\/\/ikastikos-kiklos.com\/wp-content\/uploads\/2025\/02\/1200x1200-papaioannou.jpg\" alt=\"1200&#215;1200-papaioannou\" \/>\n\t\t\t<\/div>\n\t\t\t<div class=\"nm-banner content-full image-type-fluid text-color-dark\" style=\"\"><img decoding=\"async\" src=\"https:\/\/ikastikos-kiklos.com\/wp-content\/uploads\/2025\/02\/1200x1200-siskos.jpg\" alt=\"1200&#215;1200-siskos\" \/>\n\t\t\t<\/div><\/div>[vc_empty_space height=&#8221;15px&#8221;][vc_column_text]DURATION<br \/>\n<strong>14 February &#8211; 8 March 2025<\/strong><\/p>\n<p>CURATION<br \/>\n<strong>Hera Papapostolou<\/strong>[\/vc_column_text][vc_empty_space height=&#8221;15px&#8221;][vc_column_text]<strong>Participating painters<\/strong>&nbsp;(in alphabetical order):&nbsp;<em>Alithinos Dimitris<\/em><em>&nbsp;,&nbsp;<\/em><em>Antonaropoulos Christos<\/em><em>,&nbsp;<\/em><em>Asargiotaki Calliope<\/em><em>, Belivanaki Lila, Boviatsou Lamprini, Chanioti Dimitra, Chantzaras Apostolos, Fotiadou Sofia,&nbsp;<\/em><em>Georgiopoulou Vicki,&nbsp;<\/em><em>Ginaki Anastasia,&nbsp;<\/em><em>Ieromonachou Gogo, Katsipanos Theophilos, &nbsp;Kondelis Andreas, Lalas Thanassis,&nbsp;<\/em><em>&nbsp;Papaioannou Christina, , Siagkris Panagiotis, Siskos Nikos,&nbsp;<\/em><em>Spartalis Aggelos<\/em><em>,&nbsp;<\/em><em>Valirakis Giannis<\/em><\/p>\n<p>and&nbsp;<strong>sculptors<\/strong>:&nbsp;<em>&nbsp;Vasiliki, Alexopoulos Stathis, Gavalas Stelios, Georgiadis Giorgos, Papagiannis Theodoros, Papoutsidis Nikos-Giorgos,<\/em>&nbsp;<em>Parmakeli Eleni, Stamatakou Aggeliki.<\/em>[\/vc_column_text][vc_empty_space height=&#8221;15px&#8221;][vc_column_text]PRESS[\/vc_column_text][vc_empty_space height=&#8221;15px&#8221;]\n\t\t\t<div class=\"nm-banner content-full image-type-fluid text-color-dark\" style=\"\"><a href=\"https:\/\/elculture.com\/exhibition\/in-love-love-in-art-at-sianti-gallery-27-contemporary-greek-artists-portray-love-through-their-own-eyes\/\" class=\"nm-banner-link nm-banner-link-full\" target=\"_blank\"><img decoding=\"async\" src=\"https:\/\/ikastikos-kiklos.com\/wp-content\/uploads\/2025\/03\/Screenshot-2025-03-12-at-12.10.25.png\" alt=\"Screenshot 2025-03-12 at 12.10.25\" \/><\/a>\n\t\t\t<\/div>[\/vc_column][\/vc_row]<\/p>\n<\/div>","protected":false},"excerpt":{"rendered":"<p>[vc_row][vc_column width=&#8221;2\/3&#8243;][vc_empty_space][vc_column_text] In Love \u2013 Love in Art [\/vc_column_text][vc_empty_space height=&#8221;15px&#8221;][vc_column_text] Ikastikos Kiklos Sianti launches the &hellip;<\/p>\n","protected":false},"author":3,"featured_media":0,"parent":0,"menu_order":0,"comment_status":"closed","ping_status":"closed","template":"","meta":{"ngg_post_thumbnail":0,"footnotes":""},"class_list":["post-51003","page","type-page","status-publish","hentry"],"yoast_head":"<!-- This site is optimized with the Yoast SEO plugin v27.2 - https:\/\/yoast.com\/product\/yoast-seo-wordpress\/ -->\n<title>In Love \u2013 Love in Art<\/title>\n<meta name=\"description\" content=\"In Love \u2013 Love in Art Group Exhibition for love at Ikastikos Kiklos Sianti curated by Hera Papapostolou\" \/>\n<meta name=\"robots\" content=\"index, follow, max-snippet:-1, max-image-preview:large, max-video-preview:-1\" \/>\n<link rel=\"canonical\" href=\"https:\/\/ikastikos-kiklos.com\/en\/in-love-love-in-art\/\" \/>\n<meta property=\"og:locale\" content=\"en_US\" \/>\n<meta property=\"og:type\" content=\"article\" \/>\n<meta property=\"og:title\" content=\"In Love \u2013 Love in Art\" \/>\n<meta property=\"og:description\" content=\"In Love \u2013 Love in Art Group Exhibition for love at Ikastikos Kiklos Sianti curated by Hera Papapostolou\" \/>\n<meta property=\"og:url\" content=\"https:\/\/ikastikos-kiklos.com\/en\/in-love-love-in-art\/\" \/>\n<meta property=\"og:site_name\" content=\"Ikastikos Kiklos - Zografik\u00ed - Metaxotyp\u00edes - T\u00e9chniPainting - Silk Screen - Art\" \/>\n<meta property=\"article:publisher\" content=\"https:\/\/www.facebook.com\/ikastikoskiklossianti\/\" \/>\n<meta property=\"article:modified_time\" content=\"2025-03-12T10:49:54+00:00\" \/>\n<meta name=\"twitter:card\" content=\"summary_large_image\" \/>\n<meta name=\"twitter:label1\" content=\"Est. reading time\" \/>\n\t<meta name=\"twitter:data1\" content=\"5 minutes\" \/>\n<script type=\"application\/ld+json\" class=\"yoast-schema-graph\">{\"@context\":\"https:\/\/schema.org\",\"@graph\":[{\"@type\":\"WebPage\",\"@id\":\"https:\/\/ikastikos-kiklos.com\/en\/in-love-love-in-art\/\",\"url\":\"https:\/\/ikastikos-kiklos.com\/en\/in-love-love-in-art\/\",\"name\":\"In Love \u2013 Love in Art\",\"isPartOf\":{\"@id\":\"https:\/\/ikastikos-kiklos.com\/en\/#website\"},\"datePublished\":\"2025-02-07T21:24:17+00:00\",\"dateModified\":\"2025-03-12T10:49:54+00:00\",\"description\":\"In Love \u2013 Love in Art Group Exhibition for love at Ikastikos Kiklos Sianti curated by Hera Papapostolou\",\"breadcrumb\":{\"@id\":\"https:\/\/ikastikos-kiklos.com\/en\/in-love-love-in-art\/#breadcrumb\"},\"inLanguage\":\"en-US\",\"potentialAction\":[{\"@type\":\"ReadAction\",\"target\":[\"https:\/\/ikastikos-kiklos.com\/en\/in-love-love-in-art\/\"]}]},{\"@type\":\"BreadcrumbList\",\"@id\":\"https:\/\/ikastikos-kiklos.com\/en\/in-love-love-in-art\/#breadcrumb\",\"itemListElement\":[{\"@type\":\"ListItem\",\"position\":1,\"name\":\"Home\",\"item\":\"https:\/\/ikastikos-kiklos.com\/en\/\"},{\"@type\":\"ListItem\",\"position\":2,\"name\":\"In Love \u2013 Love in Art\"}]},{\"@type\":\"WebSite\",\"@id\":\"https:\/\/ikastikos-kiklos.com\/en\/#website\",\"url\":\"https:\/\/ikastikos-kiklos.com\/en\/\",\"name\":\"Ikastikos Kiklos - Zografik\u00ed - Metaxotyp\u00edes - T\u00e9chniPainting - Silk Screen - Art\",\"description\":\"\",\"publisher\":{\"@id\":\"https:\/\/ikastikos-kiklos.com\/en\/#organization\"},\"potentialAction\":[{\"@type\":\"SearchAction\",\"target\":{\"@type\":\"EntryPoint\",\"urlTemplate\":\"https:\/\/ikastikos-kiklos.com\/en\/?s={search_term_string}\"},\"query-input\":{\"@type\":\"PropertyValueSpecification\",\"valueRequired\":true,\"valueName\":\"search_term_string\"}}],\"inLanguage\":\"en-US\"},{\"@type\":\"Organization\",\"@id\":\"https:\/\/ikastikos-kiklos.com\/en\/#organization\",\"name\":\"Ikastikos Kiklos - Zografik\u00ed - Metaxotyp\u00edes - T\u00e9chniPainting - Silk Screen - Art\",\"url\":\"https:\/\/ikastikos-kiklos.com\/en\/\",\"logo\":{\"@type\":\"ImageObject\",\"inLanguage\":\"en-US\",\"@id\":\"https:\/\/ikastikos-kiklos.com\/en\/#\/schema\/logo\/image\/\",\"url\":\"https:\/\/ikastikos-kiklos.com\/wp-content\/uploads\/2022\/10\/cropped-favicon_ikastikos.png\",\"contentUrl\":\"https:\/\/ikastikos-kiklos.com\/wp-content\/uploads\/2022\/10\/cropped-favicon_ikastikos.png\",\"width\":512,\"height\":512,\"caption\":\"Ikastikos Kiklos - Zografik\u00ed - Metaxotyp\u00edes - T\u00e9chniPainting - Silk Screen - Art\"},\"image\":{\"@id\":\"https:\/\/ikastikos-kiklos.com\/en\/#\/schema\/logo\/image\/\"},\"sameAs\":[\"https:\/\/www.facebook.com\/ikastikoskiklossianti\/\"]}]}<\/script>\n<!-- \/ Yoast SEO plugin. -->","yoast_head_json":{"title":"In Love \u2013 Love in Art","description":"In Love \u2013 Love in Art Group Exhibition for love at Ikastikos Kiklos Sianti curated by Hera Papapostolou","robots":{"index":"index","follow":"follow","max-snippet":"max-snippet:-1","max-image-preview":"max-image-preview:large","max-video-preview":"max-video-preview:-1"},"canonical":"https:\/\/ikastikos-kiklos.com\/en\/in-love-love-in-art\/","og_locale":"en_US","og_type":"article","og_title":"In Love \u2013 Love in Art","og_description":"In Love \u2013 Love in Art Group Exhibition for love at Ikastikos Kiklos Sianti curated by Hera Papapostolou","og_url":"https:\/\/ikastikos-kiklos.com\/en\/in-love-love-in-art\/","og_site_name":"Ikastikos Kiklos - Zografik\u00ed - Metaxotyp\u00edes - T\u00e9chniPainting - Silk Screen - Art","article_publisher":"https:\/\/www.facebook.com\/ikastikoskiklossianti\/","article_modified_time":"2025-03-12T10:49:54+00:00","twitter_card":"summary_large_image","twitter_misc":{"Est. reading time":"5 minutes"},"schema":{"@context":"https:\/\/schema.org","@graph":[{"@type":"WebPage","@id":"https:\/\/ikastikos-kiklos.com\/en\/in-love-love-in-art\/","url":"https:\/\/ikastikos-kiklos.com\/en\/in-love-love-in-art\/","name":"In Love \u2013 Love in Art","isPartOf":{"@id":"https:\/\/ikastikos-kiklos.com\/en\/#website"},"datePublished":"2025-02-07T21:24:17+00:00","dateModified":"2025-03-12T10:49:54+00:00","description":"In Love \u2013 Love in Art Group Exhibition for love at Ikastikos Kiklos Sianti curated by Hera Papapostolou","breadcrumb":{"@id":"https:\/\/ikastikos-kiklos.com\/en\/in-love-love-in-art\/#breadcrumb"},"inLanguage":"en-US","potentialAction":[{"@type":"ReadAction","target":["https:\/\/ikastikos-kiklos.com\/en\/in-love-love-in-art\/"]}]},{"@type":"BreadcrumbList","@id":"https:\/\/ikastikos-kiklos.com\/en\/in-love-love-in-art\/#breadcrumb","itemListElement":[{"@type":"ListItem","position":1,"name":"Home","item":"https:\/\/ikastikos-kiklos.com\/en\/"},{"@type":"ListItem","position":2,"name":"In Love \u2013 Love in Art"}]},{"@type":"WebSite","@id":"https:\/\/ikastikos-kiklos.com\/en\/#website","url":"https:\/\/ikastikos-kiklos.com\/en\/","name":"Ikastikos Kiklos - Zografik\u00ed - Metaxotyp\u00edes - T\u00e9chniPainting - Silk Screen - Art","description":"","publisher":{"@id":"https:\/\/ikastikos-kiklos.com\/en\/#organization"},"potentialAction":[{"@type":"SearchAction","target":{"@type":"EntryPoint","urlTemplate":"https:\/\/ikastikos-kiklos.com\/en\/?s={search_term_string}"},"query-input":{"@type":"PropertyValueSpecification","valueRequired":true,"valueName":"search_term_string"}}],"inLanguage":"en-US"},{"@type":"Organization","@id":"https:\/\/ikastikos-kiklos.com\/en\/#organization","name":"Ikastikos Kiklos - Zografik\u00ed - Metaxotyp\u00edes - T\u00e9chniPainting - Silk Screen - Art","url":"https:\/\/ikastikos-kiklos.com\/en\/","logo":{"@type":"ImageObject","inLanguage":"en-US","@id":"https:\/\/ikastikos-kiklos.com\/en\/#\/schema\/logo\/image\/","url":"https:\/\/ikastikos-kiklos.com\/wp-content\/uploads\/2022\/10\/cropped-favicon_ikastikos.png","contentUrl":"https:\/\/ikastikos-kiklos.com\/wp-content\/uploads\/2022\/10\/cropped-favicon_ikastikos.png","width":512,"height":512,"caption":"Ikastikos Kiklos - Zografik\u00ed - Metaxotyp\u00edes - T\u00e9chniPainting - Silk Screen - Art"},"image":{"@id":"https:\/\/ikastikos-kiklos.com\/en\/#\/schema\/logo\/image\/"},"sameAs":["https:\/\/www.facebook.com\/ikastikoskiklossianti\/"]}]}},"_links":{"self":[{"href":"https:\/\/ikastikos-kiklos.com\/en\/wp-json\/wp\/v2\/pages\/51003","targetHints":{"allow":["GET"]}}],"collection":[{"href":"https:\/\/ikastikos-kiklos.com\/en\/wp-json\/wp\/v2\/pages"}],"about":[{"href":"https:\/\/ikastikos-kiklos.com\/en\/wp-json\/wp\/v2\/types\/page"}],"author":[{"embeddable":true,"href":"https:\/\/ikastikos-kiklos.com\/en\/wp-json\/wp\/v2\/users\/3"}],"replies":[{"embeddable":true,"href":"https:\/\/ikastikos-kiklos.com\/en\/wp-json\/wp\/v2\/comments?post=51003"}],"version-history":[{"count":5,"href":"https:\/\/ikastikos-kiklos.com\/en\/wp-json\/wp\/v2\/pages\/51003\/revisions"}],"predecessor-version":[{"id":51230,"href":"https:\/\/ikastikos-kiklos.com\/en\/wp-json\/wp\/v2\/pages\/51003\/revisions\/51230"}],"wp:attachment":[{"href":"https:\/\/ikastikos-kiklos.com\/en\/wp-json\/wp\/v2\/media?parent=51003"}],"curies":[{"name":"wp","href":"https:\/\/api.w.org\/{rel}","templated":true}]}}