{"id":50775,"date":"2025-01-13T08:52:44","date_gmt":"2025-01-13T06:52:44","guid":{"rendered":"https:\/\/ikastikos-kiklos.com\/reinstatement-72-centuries-a-c-giorgos-georgiadis\/"},"modified":"2025-01-24T13:58:47","modified_gmt":"2025-01-24T11:58:47","slug":"reinstatement-72-centuries-a-c-giorgos-georgiadis","status":"publish","type":"page","link":"https:\/\/ikastikos-kiklos.com\/en\/reinstatement-72-centuries-a-c-giorgos-georgiadis\/","title":{"rendered":"\u201cReinstatement >72 centuries A.C.\u201d Giorgos Georgiadis"},"content":{"rendered":"<div class=\"wpb-content-wrapper\"><p>[vc_row][vc_column width=&#8221;2\/3&#8243;][vc_empty_space height=&#8221;20px&#8221;]\n\t\t\t<div class=\"nm-banner content-full image-type-fluid text-color-dark\" style=\"\"><img decoding=\"async\" src=\"https:\/\/ikastikos-kiklos.com\/wp-content\/uploads\/2025\/01\/\u0393\u0395\u03a9\u03a1\u0393\u0399\u0391\u0394\u0397\u03a3-\u0394\u0399\u0391\u03a1\u039a\u0395\u0399\u0391-LANDING-PAGE-BANNER-eng.png\" alt=\"\u0393\u0395\u03a9\u03a1\u0393\u0399\u0391\u0394\u0397\u03a3 \u0394\u0399\u0391\u03a1\u039a\u0395\u0399\u0391 LANDING PAGE BANNER-eng\" \/>\n\t\t\t<\/div>[vc_empty_space height=&#8221;20px&#8221;][vc_custom_heading text=&#8221;\u201cReinstatement &gt;72 centuries A.C.\u201d Solo Exhibition of Giorgos Georgiadis&#8221; google_fonts=&#8221;font_family:Ubuntu%20Condensed%3Aregular|font_style:400%20regular%3A400%3Anormal&#8221;][vc_empty_space height=&#8221;20px&#8221;][vc_column_text]<\/p>\n<div id=\"paragraph_with_max_height\" class=\"overflow-hidden\">\n<p>On&nbsp;<strong>Friday, 17 January, at 19:00<\/strong>,&nbsp;<strong>Sianti Gallery<\/strong> presented the solo exhibition of a restless sculptor, <strong>Giorgos Georgiadis, titled \u201cReinstatement &gt;72 centuries A.C.\u201d<\/strong>&nbsp;with&nbsp;<strong>works created during the last decade<\/strong>.&nbsp;<strong>Curator of the exhibition is Iris Kritikou<\/strong>, an archaeologist and art critic, who, deeply impressed by the artist\u2019s skills and overpowering humor (as he chose to sculpt apes with various human features), underlines:<\/p>\n<p>&nbsp;<\/p>\n<p><em>\u201c\u2026Georgiadis human apes, have, above all, style, along with a radiant vintage allure. As the artist&nbsp;<\/em><em>himself, they exhibit an everlasting wisdom, an effortless kind of humor, an acute self-sarcasm, an&nbsp;<\/em><em>inner gentleness and a vigorous sense of youth. They pose with self-satisfaction, decorated with&nbsp;<\/em><em>sunglasses and flowing scarfs, carrying the light backpacks of a future heavenly excursion. They flirt&nbsp;<\/em><em>and they fall in love. They breed. They hold protectively their newly-borns in their arms. They make&nbsp;<\/em><em>speeches, they talk about politics and they shout. They fight and they lose control. They eat bananas.&nbsp;<\/em><em>They wear flat caps and top hats. They wave the American flag with evident arrogance. They travel.&nbsp;<\/em><em>They balance on bicycles; they drive expensive cars with characteristic ease or ride old bikes with&nbsp;<\/em><em>bravery. Sometimes they meet on the carousels of an invisible night circus like lunatics under the&nbsp;<\/em><em>moon, and sometimes they\u2019re packed in the insides of an Indian bus full of garlands, lights and other&nbsp;<\/em><em>glamourous, yet transient wedding decorations. Georgiadis\u2019 ape men form circles and music bands,&nbsp;<\/em><em>they rock and cannot wait to engage in new adventures. Like true imitative beings, the steal roles&nbsp;<\/em><em>and human behaviors. They steal whatever catches their eye and whatever shines. They steal&nbsp;<\/em><em>attention, in general.\u201d<\/em><\/p>\n<p><strong>SEE PHOTOS FROM THE OPENING NIGHT<\/strong><\/p>\n<p>ngg_shortcode_0_placeholder&nbsp;The works as a whole \u2013 each of them unique and unnumbered \u2013 along with the 15 smaller works of the same series, were created during 2014-2024, along with those of the previous group, titled \u201cReverse Mythology\u201d. For the artist himself it is a challenge to work with two slip cast ceramic stoneware in an effort to depict the twists in human relationships:<em>&nbsp;\u201c\u2026As time passed by, I saw in my&nbsp;<\/em><em>fantasy how people, as they reached their higher level of evolution, begun a gradual return to their&nbsp;<\/em><em>primal roots, i.e. the primates \u2013 as they are called in the Theory of Evolution by the English&nbsp;<\/em><em>physiologist Charles Darwin. A total return to their point of beginning. The special characteristic of&nbsp;<\/em><em>this mutation might be that, during their trajectory, they will keep some of the habits they exhibited&nbsp;<\/em><em>in their previous lives as Homo Sapiens: their erect walking, as well as some traits of appearance, but&nbsp;<\/em><em>mostly their love of technology and machinery. And bikes, in this case, is a lasting symbol of Man\u2019s&nbsp;<\/em><em>mechanical evolution\u201d.<\/em>&nbsp;In the end, Iris Kritikou notes in connection to Georgiadis\u2019 charismatic pack:&nbsp;<em>\u201c\u2026we understand even&nbsp;<\/em><em>better his connotational motive, his mastery and acute intellect, which he infuses into this game of&nbsp;<\/em><em>loud and superficially funny transformations, the mimicry following in its communicative force the&nbsp;<\/em><em>flow of public opinion reminding us, in a way, the epidemic of \u2018rhinoceroses, as conceived by the&nbsp;<\/em><em>great Romanian writer, Ionesco. Yet, it is in our hand to resist the political and universal gloom, the&nbsp;<\/em><em>hypocrisy and the conformative hypnosis, the vast loneliness of individuality, the catalyzing and void&nbsp;<\/em><em>demureness through art, beauty and inexhaustible humoristic seriousness\u201d.<\/em>&nbsp;<\/p>\n<p><strong>ARTIST\u2019S BIO<\/strong><\/p>\n<p>Giorgos Georgiadis was born in 1934, in Amarousio. In 1954-1959, he studied sculpture at the School of Fine Arts with a scholarship by the State Scholarships Foundation, at the workshops of M. Tombros and G. Papas. In 1958, he studied folk art in Lesvos with a scholarship. In 1959, with a scholarship of the Eugenides Foundation, he studied metal techniques in Florence under Bruno Bearzi. In 1975, he was sponsored by the Ford Foundation. In 1069-1980, he taught sketching at the Doxiades Athenian Technical Organization. He has presented 11 solo exhibitions, and has participated in many group exhibitions in Greece and abroad. In 1984, he represented Greece at the Venice Biennale. He has been awarded: the 1 st Prize of Young Panhellenic (1961), the honorary Diploma of the Greek Writers Society (1974), the 1 st Prize of an international exhibition held by the European Council in Brussels and the 2 nd Prize of the Second Biennale of Alexandria (1976), the Award of the Italian Journalists (1985), the Award of the Athenian Municipality and the 2 nd Prize of the International Exhibition of Monte Carlo (1988). In 1990 he received the \u201cArte e Sport\u201d Award, in 1991 the \u201cFontane di Roma\u201d Award, and in 1993 the golden medal of the Italian Academy of Letters and Science of Liguria. He has been honored by the Municipalities of Pefki and Amarousio for the<br \/>\nsum of his work. He is a member of the Chamber of Fine Arts of Greece, where he served as a member of the Grading Committee. He is, also, a member of the Sculptor and Graduates Societies of the School of Fine Arts.<\/p>\n<\/div>\n<p>[\/vc_column_text][\/vc_column][vc_column width=&#8221;1\/3&#8243;]<div class=\"nm-banner-slider slider-type-boxed slick-slider slick-controls-gray slick-dots-disabled\" >\n\t\t\t<div class=\"nm-banner content-full image-type-fluid text-color-dark\" style=\"\"><img decoding=\"async\" src=\"https:\/\/ikastikos-kiklos.com\/wp-content\/uploads\/2025\/01\/Georgiadis_GV__6414_PhotographedByGiorgosVitsaropoulos-scaled.jpg\" alt=\"Georgiadis_GV__6414_PhotographedByGiorgosVitsaropoulos\" \/>\n\t\t\t<\/div>\n\t\t\t<div class=\"nm-banner content-full image-type-fluid text-color-dark\" style=\"\"><img decoding=\"async\" src=\"https:\/\/ikastikos-kiklos.com\/wp-content\/uploads\/2025\/01\/Georgiadis_GV__6347_PhotographedByGiorgosVitsaropoulos-scaled.jpg\" alt=\"Georgiadis_GV__6347_PhotographedByGiorgosVitsaropoulos\" \/>\n\t\t\t<\/div>\n\t\t\t<div class=\"nm-banner content-full image-type-fluid text-color-dark\" style=\"\"><img decoding=\"async\" src=\"https:\/\/ikastikos-kiklos.com\/wp-content\/uploads\/2025\/01\/Georgiadis_GV__6334_PhotographedByGiorgosVitsaropoulos-scaled.jpg\" alt=\"Georgiadis_GV__6334_PhotographedByGiorgosVitsaropoulos\" \/>\n\t\t\t<\/div><\/div>[vc_empty_space height=&#8221;20px&#8221;][vc_column_text]OPENING<strong><br \/>\nFriday 17 January, at 19.00<\/strong><\/p>\n<p>DURATION<br \/>\n<strong>17 January &#8211; 7 February 2025<\/strong><\/p>\n<p>CURATION<br \/>\n<strong>Iris Kritikou<\/strong>[\/vc_column_text][vc_empty_space height=&#8221;20px&#8221;][\/vc_column][\/vc_row]<\/p>\n<\/div>","protected":false},"excerpt":{"rendered":"<p>[vc_row][vc_column width=&#8221;2\/3&#8243;][vc_empty_space height=&#8221;20px&#8221;][vc_empty_space height=&#8221;20px&#8221;][vc_custom_heading text=&#8221;\u201cReinstatement &gt;72 centuries A.C.\u201d Solo Exhibition of Giorgos Georgiadis&#8221; google_fonts=&#8221;font_family:Ubuntu%20Condensed%3Aregular|font_style:400%20regular%3A400%3Anormal&#8221;][vc_empty_space height=&#8221;20px&#8221;][vc_column_text] &hellip;<\/p>\n","protected":false},"author":3,"featured_media":0,"parent":0,"menu_order":0,"comment_status":"closed","ping_status":"closed","template":"","meta":{"ngg_post_thumbnail":0,"footnotes":""},"class_list":["post-50775","page","type-page","status-publish","hentry"],"yoast_head":"<!-- This site is optimized with the Yoast SEO plugin v27.2 - https:\/\/yoast.com\/product\/yoast-seo-wordpress\/ -->\n<title>\u201cReinstatement &gt;72 centuries A.C.\u201d Giorgos Georgiadis<\/title>\n<meta name=\"description\" content=\"\u201cReinstatement &gt;72 centuries A.C.\u201d Giorgos Georgiadis from 17 January to 7 February 2025 at Ikastikos Kiklos Sianti\" \/>\n<meta name=\"robots\" content=\"index, follow, max-snippet:-1, max-image-preview:large, max-video-preview:-1\" \/>\n<link rel=\"canonical\" href=\"https:\/\/ikastikos-kiklos.com\/en\/reinstatement-72-centuries-a-c-giorgos-georgiadis\/\" \/>\n<meta property=\"og:locale\" content=\"en_US\" \/>\n<meta property=\"og:type\" content=\"article\" \/>\n<meta property=\"og:title\" content=\"\u201cReinstatement &gt;72 centuries A.C.\u201d Giorgos Georgiadis\" \/>\n<meta property=\"og:description\" content=\"\u201cReinstatement &gt;72 centuries A.C.\u201d Giorgos Georgiadis from 17 January to 7 February 2025 at Ikastikos Kiklos Sianti\" \/>\n<meta property=\"og:url\" content=\"https:\/\/ikastikos-kiklos.com\/en\/reinstatement-72-centuries-a-c-giorgos-georgiadis\/\" \/>\n<meta property=\"og:site_name\" content=\"Ikastikos Kiklos - Zografik\u00ed - Metaxotyp\u00edes - T\u00e9chniPainting - Silk Screen - Art\" \/>\n<meta property=\"article:publisher\" content=\"https:\/\/www.facebook.com\/ikastikoskiklossianti\/\" \/>\n<meta property=\"article:modified_time\" content=\"2025-01-24T11:58:47+00:00\" \/>\n<meta name=\"twitter:card\" content=\"summary_large_image\" \/>\n<meta name=\"twitter:label1\" content=\"Est. reading time\" \/>\n\t<meta name=\"twitter:data1\" content=\"6 minutes\" \/>\n<script type=\"application\/ld+json\" class=\"yoast-schema-graph\">{\"@context\":\"https:\/\/schema.org\",\"@graph\":[{\"@type\":\"WebPage\",\"@id\":\"https:\/\/ikastikos-kiklos.com\/en\/reinstatement-72-centuries-a-c-giorgos-georgiadis\/\",\"url\":\"https:\/\/ikastikos-kiklos.com\/en\/reinstatement-72-centuries-a-c-giorgos-georgiadis\/\",\"name\":\"\u201cReinstatement >72 centuries A.C.\u201d Giorgos Georgiadis\",\"isPartOf\":{\"@id\":\"https:\/\/ikastikos-kiklos.com\/en\/#website\"},\"datePublished\":\"2025-01-13T06:52:44+00:00\",\"dateModified\":\"2025-01-24T11:58:47+00:00\",\"description\":\"\u201cReinstatement >72 centuries A.C.\u201d Giorgos Georgiadis from 17 January to 7 February 2025 at Ikastikos Kiklos Sianti\",\"breadcrumb\":{\"@id\":\"https:\/\/ikastikos-kiklos.com\/en\/reinstatement-72-centuries-a-c-giorgos-georgiadis\/#breadcrumb\"},\"inLanguage\":\"en-US\",\"potentialAction\":[{\"@type\":\"ReadAction\",\"target\":[\"https:\/\/ikastikos-kiklos.com\/en\/reinstatement-72-centuries-a-c-giorgos-georgiadis\/\"]}]},{\"@type\":\"BreadcrumbList\",\"@id\":\"https:\/\/ikastikos-kiklos.com\/en\/reinstatement-72-centuries-a-c-giorgos-georgiadis\/#breadcrumb\",\"itemListElement\":[{\"@type\":\"ListItem\",\"position\":1,\"name\":\"Home\",\"item\":\"https:\/\/ikastikos-kiklos.com\/en\/\"},{\"@type\":\"ListItem\",\"position\":2,\"name\":\"\u201cReinstatement >72 centuries A.C.\u201d Giorgos Georgiadis\"}]},{\"@type\":\"WebSite\",\"@id\":\"https:\/\/ikastikos-kiklos.com\/en\/#website\",\"url\":\"https:\/\/ikastikos-kiklos.com\/en\/\",\"name\":\"Ikastikos Kiklos - Zografik\u00ed - Metaxotyp\u00edes - T\u00e9chniPainting - Silk Screen - Art\",\"description\":\"\",\"publisher\":{\"@id\":\"https:\/\/ikastikos-kiklos.com\/en\/#organization\"},\"potentialAction\":[{\"@type\":\"SearchAction\",\"target\":{\"@type\":\"EntryPoint\",\"urlTemplate\":\"https:\/\/ikastikos-kiklos.com\/en\/?s={search_term_string}\"},\"query-input\":{\"@type\":\"PropertyValueSpecification\",\"valueRequired\":true,\"valueName\":\"search_term_string\"}}],\"inLanguage\":\"en-US\"},{\"@type\":\"Organization\",\"@id\":\"https:\/\/ikastikos-kiklos.com\/en\/#organization\",\"name\":\"Ikastikos Kiklos - Zografik\u00ed - Metaxotyp\u00edes - T\u00e9chniPainting - Silk Screen - Art\",\"url\":\"https:\/\/ikastikos-kiklos.com\/en\/\",\"logo\":{\"@type\":\"ImageObject\",\"inLanguage\":\"en-US\",\"@id\":\"https:\/\/ikastikos-kiklos.com\/en\/#\/schema\/logo\/image\/\",\"url\":\"https:\/\/ikastikos-kiklos.com\/wp-content\/uploads\/2022\/10\/cropped-favicon_ikastikos.png\",\"contentUrl\":\"https:\/\/ikastikos-kiklos.com\/wp-content\/uploads\/2022\/10\/cropped-favicon_ikastikos.png\",\"width\":512,\"height\":512,\"caption\":\"Ikastikos Kiklos - Zografik\u00ed - Metaxotyp\u00edes - T\u00e9chniPainting - Silk Screen - Art\"},\"image\":{\"@id\":\"https:\/\/ikastikos-kiklos.com\/en\/#\/schema\/logo\/image\/\"},\"sameAs\":[\"https:\/\/www.facebook.com\/ikastikoskiklossianti\/\"]}]}<\/script>\n<!-- \/ Yoast SEO plugin. -->","yoast_head_json":{"title":"\u201cReinstatement >72 centuries A.C.\u201d Giorgos Georgiadis","description":"\u201cReinstatement >72 centuries A.C.\u201d Giorgos Georgiadis from 17 January to 7 February 2025 at Ikastikos Kiklos Sianti","robots":{"index":"index","follow":"follow","max-snippet":"max-snippet:-1","max-image-preview":"max-image-preview:large","max-video-preview":"max-video-preview:-1"},"canonical":"https:\/\/ikastikos-kiklos.com\/en\/reinstatement-72-centuries-a-c-giorgos-georgiadis\/","og_locale":"en_US","og_type":"article","og_title":"\u201cReinstatement >72 centuries A.C.\u201d Giorgos Georgiadis","og_description":"\u201cReinstatement >72 centuries A.C.\u201d Giorgos Georgiadis from 17 January to 7 February 2025 at Ikastikos Kiklos Sianti","og_url":"https:\/\/ikastikos-kiklos.com\/en\/reinstatement-72-centuries-a-c-giorgos-georgiadis\/","og_site_name":"Ikastikos Kiklos - Zografik\u00ed - Metaxotyp\u00edes - T\u00e9chniPainting - Silk Screen - Art","article_publisher":"https:\/\/www.facebook.com\/ikastikoskiklossianti\/","article_modified_time":"2025-01-24T11:58:47+00:00","twitter_card":"summary_large_image","twitter_misc":{"Est. reading time":"6 minutes"},"schema":{"@context":"https:\/\/schema.org","@graph":[{"@type":"WebPage","@id":"https:\/\/ikastikos-kiklos.com\/en\/reinstatement-72-centuries-a-c-giorgos-georgiadis\/","url":"https:\/\/ikastikos-kiklos.com\/en\/reinstatement-72-centuries-a-c-giorgos-georgiadis\/","name":"\u201cReinstatement >72 centuries A.C.\u201d Giorgos Georgiadis","isPartOf":{"@id":"https:\/\/ikastikos-kiklos.com\/en\/#website"},"datePublished":"2025-01-13T06:52:44+00:00","dateModified":"2025-01-24T11:58:47+00:00","description":"\u201cReinstatement >72 centuries A.C.\u201d Giorgos Georgiadis from 17 January to 7 February 2025 at Ikastikos Kiklos Sianti","breadcrumb":{"@id":"https:\/\/ikastikos-kiklos.com\/en\/reinstatement-72-centuries-a-c-giorgos-georgiadis\/#breadcrumb"},"inLanguage":"en-US","potentialAction":[{"@type":"ReadAction","target":["https:\/\/ikastikos-kiklos.com\/en\/reinstatement-72-centuries-a-c-giorgos-georgiadis\/"]}]},{"@type":"BreadcrumbList","@id":"https:\/\/ikastikos-kiklos.com\/en\/reinstatement-72-centuries-a-c-giorgos-georgiadis\/#breadcrumb","itemListElement":[{"@type":"ListItem","position":1,"name":"Home","item":"https:\/\/ikastikos-kiklos.com\/en\/"},{"@type":"ListItem","position":2,"name":"\u201cReinstatement >72 centuries A.C.\u201d Giorgos Georgiadis"}]},{"@type":"WebSite","@id":"https:\/\/ikastikos-kiklos.com\/en\/#website","url":"https:\/\/ikastikos-kiklos.com\/en\/","name":"Ikastikos Kiklos - Zografik\u00ed - Metaxotyp\u00edes - T\u00e9chniPainting - Silk Screen - Art","description":"","publisher":{"@id":"https:\/\/ikastikos-kiklos.com\/en\/#organization"},"potentialAction":[{"@type":"SearchAction","target":{"@type":"EntryPoint","urlTemplate":"https:\/\/ikastikos-kiklos.com\/en\/?s={search_term_string}"},"query-input":{"@type":"PropertyValueSpecification","valueRequired":true,"valueName":"search_term_string"}}],"inLanguage":"en-US"},{"@type":"Organization","@id":"https:\/\/ikastikos-kiklos.com\/en\/#organization","name":"Ikastikos Kiklos - Zografik\u00ed - Metaxotyp\u00edes - T\u00e9chniPainting - Silk Screen - Art","url":"https:\/\/ikastikos-kiklos.com\/en\/","logo":{"@type":"ImageObject","inLanguage":"en-US","@id":"https:\/\/ikastikos-kiklos.com\/en\/#\/schema\/logo\/image\/","url":"https:\/\/ikastikos-kiklos.com\/wp-content\/uploads\/2022\/10\/cropped-favicon_ikastikos.png","contentUrl":"https:\/\/ikastikos-kiklos.com\/wp-content\/uploads\/2022\/10\/cropped-favicon_ikastikos.png","width":512,"height":512,"caption":"Ikastikos Kiklos - Zografik\u00ed - Metaxotyp\u00edes - T\u00e9chniPainting - Silk Screen - Art"},"image":{"@id":"https:\/\/ikastikos-kiklos.com\/en\/#\/schema\/logo\/image\/"},"sameAs":["https:\/\/www.facebook.com\/ikastikoskiklossianti\/"]}]}},"_links":{"self":[{"href":"https:\/\/ikastikos-kiklos.com\/en\/wp-json\/wp\/v2\/pages\/50775","targetHints":{"allow":["GET"]}}],"collection":[{"href":"https:\/\/ikastikos-kiklos.com\/en\/wp-json\/wp\/v2\/pages"}],"about":[{"href":"https:\/\/ikastikos-kiklos.com\/en\/wp-json\/wp\/v2\/types\/page"}],"author":[{"embeddable":true,"href":"https:\/\/ikastikos-kiklos.com\/en\/wp-json\/wp\/v2\/users\/3"}],"replies":[{"embeddable":true,"href":"https:\/\/ikastikos-kiklos.com\/en\/wp-json\/wp\/v2\/comments?post=50775"}],"version-history":[{"count":5,"href":"https:\/\/ikastikos-kiklos.com\/en\/wp-json\/wp\/v2\/pages\/50775\/revisions"}],"predecessor-version":[{"id":50911,"href":"https:\/\/ikastikos-kiklos.com\/en\/wp-json\/wp\/v2\/pages\/50775\/revisions\/50911"}],"wp:attachment":[{"href":"https:\/\/ikastikos-kiklos.com\/en\/wp-json\/wp\/v2\/media?parent=50775"}],"curies":[{"name":"wp","href":"https:\/\/api.w.org\/{rel}","templated":true}]}}