{"id":50484,"date":"2024-12-07T01:01:11","date_gmt":"2024-12-06T23:01:11","guid":{"rendered":"https:\/\/ikastikos-kiklos.com\/small-paintings-24-25\/"},"modified":"2024-12-17T16:14:49","modified_gmt":"2024-12-17T14:14:49","slug":"small-paintings-24-25","status":"publish","type":"page","link":"https:\/\/ikastikos-kiklos.com\/en\/small-paintings-24-25\/","title":{"rendered":"SMALL PAINTINGS &#8217;24-&#8217;25"},"content":{"rendered":"<div class=\"wpb-content-wrapper\"><p>[vc_row][vc_column width=&#8221;2\/3&#8243;][vc_empty_space height=&#8221;20px&#8221;]\n\t\t\t<div class=\"nm-banner content-full image-type-fluid text-color-dark\" style=\"\"><img decoding=\"async\" src=\"https:\/\/ikastikos-kiklos.com\/wp-content\/uploads\/2024\/12\/new-desktop-eng.jpg\" alt=\"new desktop-eng\" \/>\n\t\t\t<\/div>[vc_empty_space height=&#8221;20px&#8221;][vc_custom_heading text=&#8221;SMALL PAINTINGS &#8217;24-&#8217;25&#8221; google_fonts=&#8221;font_family:Ubuntu%20Condensed%3Aregular|font_style:400%20regular%3A400%3Anormal&#8221;][vc_empty_space height=&#8221;20px&#8221;][vc_column_text]<\/p>\n<p class=\"text-[24px] font-extrabold leading-[120%] pb-8\">Art meets the magic of Christmas<\/p>\n<div id=\"paragraph_with_max_height\" class=\"overflow-hidden\">\n<p>On&nbsp;<strong>Saturday, 14 December 2024, <\/strong><strong>Sianti<\/strong>&nbsp;<strong>Gallery&nbsp;<\/strong>presented its annual, <strong>Christmas group exhibition<\/strong>&nbsp;under the title&nbsp;<strong>\u201cSmall Paintings 2024-2025\u201d.&nbsp;<\/strong>The exhibition, which has become one of our gallery\u2019s favorite traditions, introduce to our visitors works of approximately 30X30 cm., created by our new and old collaborators in an effort to fill the days of Christmas with colors and our best wishes. Participating in this celebratory event, are <strong>34 visual artists,<\/strong>&nbsp;who welcome us through their artworks to a magical world of intimacy and wonder.<\/p>\n<p>&nbsp;<\/p>\n<p><strong><u>Sianti Gallery actively supports \u201cELPIDA-Association of Friends of Children with cancer\u201d<\/u><\/strong><\/p>\n<p>&nbsp;<\/p>\n<p>As part of the exhibition, Sianti Gallery has the pleasure of hosting its 8<sup>th<\/sup> annual lottery, in order to support the Elpida Association. Our visitors will have the opportunity of contributing to this charity by purchasing lottery tickets at the price of 10 euros each, which are available for the duration of the exhibition. All revenues will go to the Elpida Association. Through the purchase of these lottery tickets, our visitors will not only have the opportunity of supporting an important cause, but they will also have a chance of winning a painting by Kostas Spiriounis titled \u201cLaurel and Olive\u201d as the prize of the lottery, which will take place at the end of January, in the presence of a representative of the Elpida Association.<\/p>\n<p>&nbsp;<\/p>\n<p><strong><u>Paintings made by children, an offering of love to children<\/u><\/strong><\/p>\n<p>&nbsp;<\/p>\n<p>On&nbsp;<strong>December the 14<sup>th<\/sup>, <\/strong>our gallery\u2019s little friends also had the opportunity of participating in this charity event, creating paintings and wishing cards, which they dedicate by name and offer as a gift to the children of the Children\u2019s Oncology Unit. On the day of the lottery for the painting of Kostas Spiriounis, our little friends\u2019 creations will be exhibited at the gallery, and the children will be rewarded for this act of love.<\/p>\n<p>&nbsp;<\/p>\n<p><strong><u>Small<\/u><\/strong>&nbsp;<strong><u>canvasses<\/u><\/strong><strong><u>,&nbsp;<\/u><\/strong><strong><u>great<\/u><\/strong>&nbsp;<strong><u>stories<\/u><\/strong><\/p>\n<p>&nbsp;<\/p>\n<p>Through the \u201cSmall Paintings\u201d exhibition, Sianti Gallery wishes to promote the idea that even the smallest work of art can be great in power and substance. Small artworks are present throughout the History of Art, since the ancient years: the miniatures of Medieval Europe, the art on the Medieval manuscripts, the small Renaissance portraits made with oil or watercolors, which were used as mementoes or jewelry.<\/p>\n<p>Until today, small artworks present a great challenge for every artist: it is an opportunity of experimenting and of trying new techniques, while the use of colors and shapes in a limited space leads to a unique way of expression. The artist is inspired by the need of depicting details with accuracy in order to create a personal bond of familiarity with the viewer.<\/p>\n<p><em><strong>In this way, Art becomes a unifying force, Christmas becomes an inspiration for us all, and the offerings of love become a source of warmth in people\u2019s hearts.<\/strong><\/em><\/p>\n<\/div>\n<p>[\/vc_column_text][\/vc_column][vc_column width=&#8221;1\/3&#8243;]<div class=\"nm-banner-slider slider-type-boxed slick-slider slick-controls-gray slick-dots-disabled\" >\n\t\t\t<div class=\"nm-banner content-full image-type-fluid text-color-dark\" style=\"\"><img decoding=\"async\" src=\"https:\/\/ikastikos-kiklos.com\/wp-content\/uploads\/2024\/12\/WhatsApp-Image-2024-12-16-at-15.30.30-scaled.jpeg\" alt=\"WhatsApp Image 2024-12-16 at 15.30.30\" \/>\n\t\t\t<\/div>\n\t\t\t<div class=\"nm-banner content-full image-type-fluid text-color-dark\" style=\"\"><img decoding=\"async\" src=\"https:\/\/ikastikos-kiklos.com\/wp-content\/uploads\/2024\/12\/WhatsApp-Image-2024-12-16-at-15.30.51-scaled.jpeg\" alt=\"WhatsApp Image 2024-12-16 at 15.30.51\" \/>\n\t\t\t<\/div>\n\t\t\t<div class=\"nm-banner content-full image-type-fluid text-color-dark\" style=\"\"><img decoding=\"async\" src=\"https:\/\/ikastikos-kiklos.com\/wp-content\/uploads\/2024\/12\/WhatsApp-Image-2024-12-16-at-15.30.30-1-scaled.jpg\" alt=\"WhatsApp Image 2024-12-16 at 15.30.30 (1)\" \/>\n\t\t\t<\/div>\n\t\t\t<div class=\"nm-banner content-full image-type-fluid text-color-dark\" style=\"\"><img decoding=\"async\" src=\"https:\/\/ikastikos-kiklos.com\/wp-content\/uploads\/2024\/12\/WhatsApp-Image-2024-12-16-at-15.30.50-scaled.jpeg\" alt=\"WhatsApp Image 2024-12-16 at 15.30.50\" \/>\n\t\t\t<\/div>\n\t\t\t<div class=\"nm-banner content-full image-type-fluid text-color-dark\" style=\"\"><img decoding=\"async\" src=\"https:\/\/ikastikos-kiklos.com\/wp-content\/uploads\/2024\/12\/WhatsApp-Image-2024-12-16-at-15.30.50-1-scaled.jpeg\" alt=\"WhatsApp Image 2024-12-16 at 15.30.50 (1)\" \/>\n\t\t\t<\/div>\n\t\t\t<div class=\"nm-banner content-full image-type-fluid text-color-dark\" style=\"\"><img decoding=\"async\" src=\"https:\/\/ikastikos-kiklos.com\/wp-content\/uploads\/2024\/12\/WhatsApp-Image-2024-12-16-at-15.30.33-scaled.jpeg\" alt=\"WhatsApp Image 2024-12-16 at 15.30.33\" \/>\n\t\t\t<\/div><\/div>[vc_empty_space height=&#8221;20px&#8221;][vc_column_text]DURATION<br \/>\n<strong>14 December 2024 &#8211; 11 January 2025<\/strong>[\/vc_column_text][vc_empty_space height=&#8221;20px&#8221;][vc_column_text]<strong>Participating artists <\/strong>: Aggelidis Paschalis, &nbsp;Alexopoulos Stathis, Antonaropoulos Christos, Belivanaki Lila, Boviatsou Labrini, Chanioti Dimitra, Chantzaras Apostolos, Charos Manolis, Fotiadou Sofia, Gavalas Stelios, Georgiopoulou Viki, Giannakopoulos Leonidas, Ieromonachou Gogo, Kavounis Giorgos, Kavounis Giorgos, Kana Irini, Katsipanos Theophilos, Koukos Dimitris, Kountouris Michalis, Lavdas Kostas, Lalas Thanasis, Panagiotidis Aggelos, &nbsp;Papaioannou Christina, Selimas Vasilis, Siagris Panagiotis, Siskos Nikos, Spartalis Aggelos, Spiriounis Kostas, Stathopoulos Giorgos, Tzermias Vagelis, Tolis Konstantinos, Valiraki Mina, Valirakis Giannis, Varotsos Kostas, Zogolopoulos Giorgos[\/vc_column_text][vc_empty_space height=&#8221;20px&#8221;][vc_column_text]<b>SEE THE CATALOGUE<\/b>[\/vc_column_text][vc_column_text]<iframe style=\"width: 300px; height: 401px;\" src=\"https:\/\/online.fliphtml5.com\/aomdi\/ogbb\/\" frameborder=\"0\" scrolling=\"no\" seamless=\"seamless\" allowfullscreen=\"allowfullscreen\"><\/iframe>[\/vc_column_text][vc_empty_space height=&#8221;20px&#8221;][vc_column_text]<b>PAINTINGS MADE BY CHILDREN<\/b>[\/vc_column_text]<div class=\"nm-banner-slider slider-type-boxed slick-slider slick-controls-gray slick-dots-disabled\" >\n\t\t\t<div class=\"nm-banner content-full image-type-fluid text-color-dark\" style=\"\"><img decoding=\"async\" src=\"https:\/\/ikastikos-kiklos.com\/wp-content\/uploads\/2024\/12\/IMG_4308.jpg\" alt=\"IMG_4308\" \/>\n\t\t\t<\/div>\n\t\t\t<div class=\"nm-banner content-full image-type-fluid text-color-dark\" style=\"\"><img decoding=\"async\" src=\"https:\/\/ikastikos-kiklos.com\/wp-content\/uploads\/2024\/12\/IMG_4301-1.jpg\" alt=\"IMG_4301\" \/>\n\t\t\t<\/div>\n\t\t\t<div class=\"nm-banner content-full image-type-fluid text-color-dark\" style=\"\"><img decoding=\"async\" src=\"https:\/\/ikastikos-kiklos.com\/wp-content\/uploads\/2024\/12\/IMG_4309-1.jpg\" alt=\"IMG_4309\" \/>\n\t\t\t<\/div>\n\t\t\t<div class=\"nm-banner content-full image-type-fluid text-color-dark\" style=\"\"><img decoding=\"async\" src=\"https:\/\/ikastikos-kiklos.com\/wp-content\/uploads\/2024\/12\/IMG_4310.jpg\" alt=\"IMG_4310\" \/>\n\t\t\t<\/div>\n\t\t\t<div class=\"nm-banner content-full image-type-fluid text-color-dark\" style=\"\"><img decoding=\"async\" src=\"https:\/\/ikastikos-kiklos.com\/wp-content\/uploads\/2024\/12\/IMG_4311.jpg\" alt=\"IMG_4311\" \/>\n\t\t\t<\/div>\n\t\t\t<div class=\"nm-banner content-full image-type-fluid text-color-dark\" style=\"\"><img decoding=\"async\" src=\"https:\/\/ikastikos-kiklos.com\/wp-content\/uploads\/2024\/12\/IMG_4314.jpg\" alt=\"IMG_4314\" \/>\n\t\t\t<\/div><\/div>[\/vc_column][\/vc_row]<\/p>\n<\/div>","protected":false},"excerpt":{"rendered":"<p>[vc_row][vc_column width=&#8221;2\/3&#8243;][vc_empty_space height=&#8221;20px&#8221;][vc_empty_space height=&#8221;20px&#8221;][vc_custom_heading text=&#8221;SMALL PAINTINGS &#8217;24-&#8217;25&#8221; google_fonts=&#8221;font_family:Ubuntu%20Condensed%3Aregular|font_style:400%20regular%3A400%3Anormal&#8221;][vc_empty_space height=&#8221;20px&#8221;][vc_column_text] Art meets the magic of Christmas &hellip;<\/p>\n","protected":false},"author":3,"featured_media":0,"parent":0,"menu_order":0,"comment_status":"closed","ping_status":"closed","template":"","meta":{"ngg_post_thumbnail":0,"footnotes":""},"class_list":["post-50484","page","type-page","status-publish","hentry"],"yoast_head":"<!-- This site is optimized with the Yoast SEO plugin v27.2 - https:\/\/yoast.com\/product\/yoast-seo-wordpress\/ -->\n<title>SMALL PAINTINGS &#039;24-&#039;25<\/title>\n<meta name=\"description\" content=\"SMALL PAINTINGS &#039;24-&#039;25 from December 14 to January 11, 2025 at Sianti Gallery\" \/>\n<meta name=\"robots\" content=\"index, follow, max-snippet:-1, max-image-preview:large, max-video-preview:-1\" \/>\n<link rel=\"canonical\" href=\"https:\/\/ikastikos-kiklos.com\/en\/small-paintings-24-25\/\" \/>\n<meta property=\"og:locale\" content=\"en_US\" \/>\n<meta property=\"og:type\" content=\"article\" \/>\n<meta property=\"og:title\" content=\"SMALL PAINTINGS &#039;24-&#039;25\" \/>\n<meta property=\"og:description\" content=\"SMALL PAINTINGS &#039;24-&#039;25 from December 14 to January 11, 2025 at Sianti Gallery\" \/>\n<meta property=\"og:url\" content=\"https:\/\/ikastikos-kiklos.com\/en\/small-paintings-24-25\/\" \/>\n<meta property=\"og:site_name\" content=\"Ikastikos Kiklos - Zografik\u00ed - Metaxotyp\u00edes - T\u00e9chniPainting - Silk Screen - Art\" \/>\n<meta property=\"article:publisher\" content=\"https:\/\/www.facebook.com\/ikastikoskiklossianti\/\" \/>\n<meta property=\"article:modified_time\" content=\"2024-12-17T14:14:49+00:00\" \/>\n<meta name=\"twitter:card\" content=\"summary_large_image\" \/>\n<meta name=\"twitter:label1\" content=\"Est. reading time\" \/>\n\t<meta name=\"twitter:data1\" content=\"6 minutes\" \/>\n<script type=\"application\/ld+json\" class=\"yoast-schema-graph\">{\"@context\":\"https:\/\/schema.org\",\"@graph\":[{\"@type\":\"WebPage\",\"@id\":\"https:\/\/ikastikos-kiklos.com\/en\/small-paintings-24-25\/\",\"url\":\"https:\/\/ikastikos-kiklos.com\/en\/small-paintings-24-25\/\",\"name\":\"SMALL PAINTINGS '24-'25\",\"isPartOf\":{\"@id\":\"https:\/\/ikastikos-kiklos.com\/en\/#website\"},\"datePublished\":\"2024-12-06T23:01:11+00:00\",\"dateModified\":\"2024-12-17T14:14:49+00:00\",\"description\":\"SMALL PAINTINGS '24-'25 from December 14 to January 11, 2025 at Sianti Gallery\",\"breadcrumb\":{\"@id\":\"https:\/\/ikastikos-kiklos.com\/en\/small-paintings-24-25\/#breadcrumb\"},\"inLanguage\":\"en-US\",\"potentialAction\":[{\"@type\":\"ReadAction\",\"target\":[\"https:\/\/ikastikos-kiklos.com\/en\/small-paintings-24-25\/\"]}]},{\"@type\":\"BreadcrumbList\",\"@id\":\"https:\/\/ikastikos-kiklos.com\/en\/small-paintings-24-25\/#breadcrumb\",\"itemListElement\":[{\"@type\":\"ListItem\",\"position\":1,\"name\":\"Home\",\"item\":\"https:\/\/ikastikos-kiklos.com\/en\/\"},{\"@type\":\"ListItem\",\"position\":2,\"name\":\"SMALL PAINTINGS &#8217;24-&#8217;25\"}]},{\"@type\":\"WebSite\",\"@id\":\"https:\/\/ikastikos-kiklos.com\/en\/#website\",\"url\":\"https:\/\/ikastikos-kiklos.com\/en\/\",\"name\":\"Ikastikos Kiklos - Zografik\u00ed - Metaxotyp\u00edes - T\u00e9chniPainting - Silk Screen - Art\",\"description\":\"\",\"publisher\":{\"@id\":\"https:\/\/ikastikos-kiklos.com\/en\/#organization\"},\"potentialAction\":[{\"@type\":\"SearchAction\",\"target\":{\"@type\":\"EntryPoint\",\"urlTemplate\":\"https:\/\/ikastikos-kiklos.com\/en\/?s={search_term_string}\"},\"query-input\":{\"@type\":\"PropertyValueSpecification\",\"valueRequired\":true,\"valueName\":\"search_term_string\"}}],\"inLanguage\":\"en-US\"},{\"@type\":\"Organization\",\"@id\":\"https:\/\/ikastikos-kiklos.com\/en\/#organization\",\"name\":\"Ikastikos Kiklos - Zografik\u00ed - Metaxotyp\u00edes - T\u00e9chniPainting - Silk Screen - Art\",\"url\":\"https:\/\/ikastikos-kiklos.com\/en\/\",\"logo\":{\"@type\":\"ImageObject\",\"inLanguage\":\"en-US\",\"@id\":\"https:\/\/ikastikos-kiklos.com\/en\/#\/schema\/logo\/image\/\",\"url\":\"https:\/\/ikastikos-kiklos.com\/wp-content\/uploads\/2022\/10\/cropped-favicon_ikastikos.png\",\"contentUrl\":\"https:\/\/ikastikos-kiklos.com\/wp-content\/uploads\/2022\/10\/cropped-favicon_ikastikos.png\",\"width\":512,\"height\":512,\"caption\":\"Ikastikos Kiklos - Zografik\u00ed - Metaxotyp\u00edes - T\u00e9chniPainting - Silk Screen - Art\"},\"image\":{\"@id\":\"https:\/\/ikastikos-kiklos.com\/en\/#\/schema\/logo\/image\/\"},\"sameAs\":[\"https:\/\/www.facebook.com\/ikastikoskiklossianti\/\"]}]}<\/script>\n<!-- \/ Yoast SEO plugin. -->","yoast_head_json":{"title":"SMALL PAINTINGS '24-'25","description":"SMALL PAINTINGS '24-'25 from December 14 to January 11, 2025 at Sianti Gallery","robots":{"index":"index","follow":"follow","max-snippet":"max-snippet:-1","max-image-preview":"max-image-preview:large","max-video-preview":"max-video-preview:-1"},"canonical":"https:\/\/ikastikos-kiklos.com\/en\/small-paintings-24-25\/","og_locale":"en_US","og_type":"article","og_title":"SMALL PAINTINGS '24-'25","og_description":"SMALL PAINTINGS '24-'25 from December 14 to January 11, 2025 at Sianti Gallery","og_url":"https:\/\/ikastikos-kiklos.com\/en\/small-paintings-24-25\/","og_site_name":"Ikastikos Kiklos - Zografik\u00ed - Metaxotyp\u00edes - T\u00e9chniPainting - Silk Screen - Art","article_publisher":"https:\/\/www.facebook.com\/ikastikoskiklossianti\/","article_modified_time":"2024-12-17T14:14:49+00:00","twitter_card":"summary_large_image","twitter_misc":{"Est. reading time":"6 minutes"},"schema":{"@context":"https:\/\/schema.org","@graph":[{"@type":"WebPage","@id":"https:\/\/ikastikos-kiklos.com\/en\/small-paintings-24-25\/","url":"https:\/\/ikastikos-kiklos.com\/en\/small-paintings-24-25\/","name":"SMALL PAINTINGS '24-'25","isPartOf":{"@id":"https:\/\/ikastikos-kiklos.com\/en\/#website"},"datePublished":"2024-12-06T23:01:11+00:00","dateModified":"2024-12-17T14:14:49+00:00","description":"SMALL PAINTINGS '24-'25 from December 14 to January 11, 2025 at Sianti Gallery","breadcrumb":{"@id":"https:\/\/ikastikos-kiklos.com\/en\/small-paintings-24-25\/#breadcrumb"},"inLanguage":"en-US","potentialAction":[{"@type":"ReadAction","target":["https:\/\/ikastikos-kiklos.com\/en\/small-paintings-24-25\/"]}]},{"@type":"BreadcrumbList","@id":"https:\/\/ikastikos-kiklos.com\/en\/small-paintings-24-25\/#breadcrumb","itemListElement":[{"@type":"ListItem","position":1,"name":"Home","item":"https:\/\/ikastikos-kiklos.com\/en\/"},{"@type":"ListItem","position":2,"name":"SMALL PAINTINGS &#8217;24-&#8217;25"}]},{"@type":"WebSite","@id":"https:\/\/ikastikos-kiklos.com\/en\/#website","url":"https:\/\/ikastikos-kiklos.com\/en\/","name":"Ikastikos Kiklos - Zografik\u00ed - Metaxotyp\u00edes - T\u00e9chniPainting - Silk Screen - Art","description":"","publisher":{"@id":"https:\/\/ikastikos-kiklos.com\/en\/#organization"},"potentialAction":[{"@type":"SearchAction","target":{"@type":"EntryPoint","urlTemplate":"https:\/\/ikastikos-kiklos.com\/en\/?s={search_term_string}"},"query-input":{"@type":"PropertyValueSpecification","valueRequired":true,"valueName":"search_term_string"}}],"inLanguage":"en-US"},{"@type":"Organization","@id":"https:\/\/ikastikos-kiklos.com\/en\/#organization","name":"Ikastikos Kiklos - Zografik\u00ed - Metaxotyp\u00edes - T\u00e9chniPainting - Silk Screen - Art","url":"https:\/\/ikastikos-kiklos.com\/en\/","logo":{"@type":"ImageObject","inLanguage":"en-US","@id":"https:\/\/ikastikos-kiklos.com\/en\/#\/schema\/logo\/image\/","url":"https:\/\/ikastikos-kiklos.com\/wp-content\/uploads\/2022\/10\/cropped-favicon_ikastikos.png","contentUrl":"https:\/\/ikastikos-kiklos.com\/wp-content\/uploads\/2022\/10\/cropped-favicon_ikastikos.png","width":512,"height":512,"caption":"Ikastikos Kiklos - Zografik\u00ed - Metaxotyp\u00edes - T\u00e9chniPainting - Silk Screen - Art"},"image":{"@id":"https:\/\/ikastikos-kiklos.com\/en\/#\/schema\/logo\/image\/"},"sameAs":["https:\/\/www.facebook.com\/ikastikoskiklossianti\/"]}]}},"_links":{"self":[{"href":"https:\/\/ikastikos-kiklos.com\/en\/wp-json\/wp\/v2\/pages\/50484","targetHints":{"allow":["GET"]}}],"collection":[{"href":"https:\/\/ikastikos-kiklos.com\/en\/wp-json\/wp\/v2\/pages"}],"about":[{"href":"https:\/\/ikastikos-kiklos.com\/en\/wp-json\/wp\/v2\/types\/page"}],"author":[{"embeddable":true,"href":"https:\/\/ikastikos-kiklos.com\/en\/wp-json\/wp\/v2\/users\/3"}],"replies":[{"embeddable":true,"href":"https:\/\/ikastikos-kiklos.com\/en\/wp-json\/wp\/v2\/comments?post=50484"}],"version-history":[{"count":5,"href":"https:\/\/ikastikos-kiklos.com\/en\/wp-json\/wp\/v2\/pages\/50484\/revisions"}],"predecessor-version":[{"id":50571,"href":"https:\/\/ikastikos-kiklos.com\/en\/wp-json\/wp\/v2\/pages\/50484\/revisions\/50571"}],"wp:attachment":[{"href":"https:\/\/ikastikos-kiklos.com\/en\/wp-json\/wp\/v2\/media?parent=50484"}],"curies":[{"name":"wp","href":"https:\/\/api.w.org\/{rel}","templated":true}]}}