{"id":50073,"date":"2024-11-06T07:32:34","date_gmt":"2024-11-06T05:32:34","guid":{"rendered":"https:\/\/ikastikos-kiklos.com\/transpositions-panagiotis-siagreece-solo-exhibition\/"},"modified":"2024-11-13T21:49:53","modified_gmt":"2024-11-13T19:49:53","slug":"transpositions-panagiotis-siagreece-solo-exhibition","status":"publish","type":"page","link":"https:\/\/ikastikos-kiklos.com\/en\/transpositions-panagiotis-siagreece-solo-exhibition\/","title":{"rendered":"TRANSPOSITIONS Panagiotis Siagreece \u2013 Solo Exhibition"},"content":{"rendered":"<div class=\"wpb-content-wrapper\"><p>[vc_row][vc_column width=&#8221;2\/3&#8243;]\n\t\t\t<div class=\"nm-banner content-full image-type-fluid text-color-dark\" style=\"\"><img decoding=\"async\" src=\"https:\/\/ikastikos-kiklos.com\/wp-content\/uploads\/2024\/11\/slider-siagris-duration-2-eng.png\" alt=\"slider-siagris-duration-2-eng\" \/>\n\t\t\t<\/div>[vc_empty_space height=&#8221;15px&#8221;][vc_custom_heading text=&#8221;TRANSPOSITIONS Solo Exhibition by Panagiotis Siagreece&#8221; google_fonts=&#8221;font_family:Ubuntu%20Condensed%3Aregular|font_style:400%20regular%3A400%3Anormal&#8221;][vc_empty_space height=&#8221;15px&#8221;][vc_column_text]On&nbsp;<strong>Friday, 8 November,<\/strong>&nbsp;at<strong>&nbsp;19.30,<\/strong>&nbsp;Sianti Gallery has the pleasure of presenting the solo exhibition of the painter&nbsp;<strong>Panagiotis Siagris,&nbsp;<\/strong>under the title&nbsp;<strong>\u201cTranspositions\u201d.<\/strong><\/p>\n<p>&nbsp;<\/p>\n<p>The curator of the exhibition, Mr.&nbsp;<strong>Dimitris Trikas<\/strong>, journalist and museologist, eloquently underlines:<\/p>\n<p>&nbsp;<\/p>\n<p><em>\u201cThrough the use of some of his favorite and familiar materials<\/em><em>&nbsp;such as canvas, oil, acrylics and plexiglass, the artist addresses a variety of issues in an attempt to awaken the viewer. As always, nature and the urban landscape take a prominent position in his work, yet in the works of this particular exhibition, a newly introduced factor creates additional intellectual transitions: it is none other than the human will and our capacity to make choices, something which brings forth a kind of reflection on the de-stressed era we live in, rising a number of questions in connection to the artist\u2019s concerns for all the things, which cast a shade of gray on our world.<\/em><\/p>\n<p>&nbsp;<\/p>\n<p><em>As a true geometer and architect, Panagiotis Siagris molds the space he wishes to appropriate, seeking a feeling of balance, tranquility and safety, which is of the outmost importance, while, as the restless spirit that he is, he searches and constructs multiple points of escape, allowing a constant freedom of the being. In this way, he justifies the human paradox, the simultaneous need for rest and motion, familiarity and adventure, and in the end, stability and freedom. Siagris performs his chromatic alchemy in order to reconstruct the World, making it livable instead of fallen and unlivable, in the spirit of Socrates, who, during his trial, insisted that this is Mankind\u2019s one and only true value: not only to live, but to live worthily, to live a livable life which will honor the essence of being, giving it meaning and purpose.<\/em><\/p>\n<p>&nbsp;<\/p>\n<p><em>Siagris, in his 11<sup>th<\/sup>&nbsp;solo exhibition, seems to have left behind (I wonder, for good or just for now?) all previous objet trouv\u00e8, the rust and mesh of his modernistic past. Here, he seems to be diving into the depths of pure painting, leaving the safety of the blue shades which made him widely known and won him the favor of his viewers, in order to bring to the forefront emotions and tensions much more suited to our present, war-driven and feverish world.\u201d<\/em><\/p>\n<p>&nbsp;<\/p>\n<p>Using examples from the corpus of the exhibition, the curator writes in his catalogue notes:<\/p>\n<p>&nbsp;<\/p>\n<p><em>\u2026\u201d<\/em><em>I would like to conclude with one more example of artistic bravery, the white-black-gray work titled \u2018Eleven Points of Escape\u2019. Here, an empty house in the woods creates a powerful, yet simple image, screaming in its absolute silence, while the points of escape created by the artist through the use of scattered brushstrokes of pearl on plastic color, are reserved solely for the viewer\u2019s eye, since there\u2019s no one else there to make an escape or \u2013 if you prefer \u2013 to disrupt the landscape\u2019s thundering silence.<\/em><\/p>\n<p>&nbsp;<\/p>\n<p><em>But in the end, the color blue will return, embellishing life with the water element and, more importantly, making a sea-bed under the tall, protective trees. And the creator, who has passed through the reds of war and the purples of loneliness, will find a point of reference, returning to the livable life he always yearned fo<\/em><em>r\u2026\u201d<\/em><\/p>\n<p>&nbsp;<\/p>\n<p>Finally, as Kostas Leimonis, attorney of Law and art connoisseur, underlines in his personal notes:<\/p>\n<p>&nbsp;<\/p>\n<p><em>\u201cThe artist\u2019s technique doesn\u2019t follow the usual, well-tested and safer paths, but manages, with great mastery, to bind randomness with logic and a specific moment with the purpose which created it. The idea of transposition has to do with the sentiment created through atmospheres and emotions, through the landscapes or the scenery, or even through the idea of timeless time, as we see the notions of \u201cthen\u201d, \u201cnow\u201d and \u201ctomorrow\u201d conversing and antagonizing one another without an obvious winner \u2013 thankfully for us. And it is this uncertainty around \u2018when\u2019 and \u2018where\u2019, which makes each work so unique, since the painter doesn\u2019t necessarily confine the viewer to a particular point or message. He could just as well see a nostalgic past, an auspicious present or an illegible future.\u201d<\/em>[\/vc_column_text][\/vc_column][vc_column width=&#8221;1\/3&#8243;]<div class=\"nm-banner-slider slider-type-boxed slick-slider slick-controls-gray slick-dots-disabled\" data-arrows=\"true\" >\n\t\t\t<div class=\"nm-banner content-full image-type-fluid text-color-dark\" style=\"\"><img decoding=\"async\" src=\"https:\/\/ikastikos-kiklos.com\/wp-content\/uploads\/2024\/11\/Ergo_8207-nai.jpg\" alt=\"Ergo_8207 nai\" \/>\n\t\t\t<\/div>\n\t\t\t<div class=\"nm-banner content-full image-type-fluid text-color-dark\" style=\"\"><img decoding=\"async\" src=\"https:\/\/ikastikos-kiklos.com\/wp-content\/uploads\/2024\/11\/Ergo_8210-nai.jpg\" alt=\"Ergo_8210 nai\" \/>\n\t\t\t<\/div>\n\t\t\t<div class=\"nm-banner content-full image-type-fluid text-color-dark\" style=\"\"><img decoding=\"async\" src=\"https:\/\/ikastikos-kiklos.com\/wp-content\/uploads\/2024\/11\/Ergo_8213-nai.jpg\" alt=\"Ergo_8213 nai\" \/>\n\t\t\t<\/div><\/div>[vc_empty_space height=&#8221;15px&#8221;][vc_column_text]<strong>OPENING<\/strong><br \/>\nFriday 8 November 2024 at 19.30<\/p>\n<p><strong>DURATION<\/strong><br \/>\n8 November &#8211; 7 December 2024<\/p>\n<p><strong>CURATION<\/strong><br \/>\nDimitris Trikas<\/p>\n<p><strong>ADDRESS<\/strong><br \/>\nVas. Alexandrou 2 &amp; Niriidon 18, 11634 (Hilton Area)<br \/>\nBehind the National Gallery<br \/>\nMetro Evangelismos<\/p>\n<p><strong>OPERATION HOURS<\/strong><br \/>\nTuesday \u2013 Thursday &#8211; Friday 10.00 \u2013 20.00<br \/>\nWednesday 10.00 \u2013 15.00<br \/>\nSaturday 10.00 \u2013 16.00[\/vc_column_text][vc_empty_space height=&#8221;15px&#8221;][\/vc_column][\/vc_row]<\/p>\n<\/div>","protected":false},"excerpt":{"rendered":"<p>[vc_row][vc_column width=&#8221;2\/3&#8243;][vc_empty_space height=&#8221;15px&#8221;][vc_custom_heading text=&#8221;TRANSPOSITIONS Solo Exhibition by Panagiotis Siagreece&#8221; google_fonts=&#8221;font_family:Ubuntu%20Condensed%3Aregular|font_style:400%20regular%3A400%3Anormal&#8221;][vc_empty_space height=&#8221;15px&#8221;][vc_column_text]On&nbsp;Friday, 8 November,&nbsp;at&nbsp;19.30,&nbsp;Sianti Gallery has &hellip;<\/p>\n","protected":false},"author":3,"featured_media":0,"parent":0,"menu_order":0,"comment_status":"closed","ping_status":"closed","template":"","meta":{"ngg_post_thumbnail":0,"footnotes":""},"class_list":["post-50073","page","type-page","status-publish","hentry"],"yoast_head":"<!-- This site is optimized with the Yoast SEO plugin v27.2 - https:\/\/yoast.com\/product\/yoast-seo-wordpress\/ -->\n<title>TRANSPOSITIONS Panagiotis Siagreece \u2013 Solo Exhibition<\/title>\n<meta name=\"description\" content=\"TRANSPOSITIONS Panagiotis Siagreece \u2013 Solo Exhibition from November 8, to December 7, 2024 at Sianti Gallery\" \/>\n<meta name=\"robots\" content=\"index, follow, max-snippet:-1, max-image-preview:large, max-video-preview:-1\" \/>\n<link rel=\"canonical\" href=\"https:\/\/ikastikos-kiklos.com\/en\/transpositions-panagiotis-siagreece-solo-exhibition\/\" \/>\n<meta property=\"og:locale\" content=\"en_US\" \/>\n<meta property=\"og:type\" content=\"article\" \/>\n<meta property=\"og:title\" content=\"TRANSPOSITIONS Panagiotis Siagreece \u2013 Solo Exhibition\" \/>\n<meta property=\"og:description\" content=\"TRANSPOSITIONS Panagiotis Siagreece \u2013 Solo Exhibition from November 8, to December 7, 2024 at Sianti Gallery\" \/>\n<meta property=\"og:url\" content=\"https:\/\/ikastikos-kiklos.com\/en\/transpositions-panagiotis-siagreece-solo-exhibition\/\" \/>\n<meta property=\"og:site_name\" content=\"Ikastikos Kiklos - Zografik\u00ed - Metaxotyp\u00edes - T\u00e9chniPainting - Silk Screen - Art\" \/>\n<meta property=\"article:publisher\" content=\"https:\/\/www.facebook.com\/ikastikoskiklossianti\/\" \/>\n<meta property=\"article:modified_time\" content=\"2024-11-13T19:49:53+00:00\" \/>\n<meta name=\"twitter:card\" content=\"summary_large_image\" \/>\n<meta name=\"twitter:label1\" content=\"Est. reading time\" \/>\n\t<meta name=\"twitter:data1\" content=\"5 minutes\" \/>\n<script type=\"application\/ld+json\" class=\"yoast-schema-graph\">{\"@context\":\"https:\/\/schema.org\",\"@graph\":[{\"@type\":\"WebPage\",\"@id\":\"https:\/\/ikastikos-kiklos.com\/en\/transpositions-panagiotis-siagreece-solo-exhibition\/\",\"url\":\"https:\/\/ikastikos-kiklos.com\/en\/transpositions-panagiotis-siagreece-solo-exhibition\/\",\"name\":\"TRANSPOSITIONS Panagiotis Siagreece \u2013 Solo Exhibition\",\"isPartOf\":{\"@id\":\"https:\/\/ikastikos-kiklos.com\/en\/#website\"},\"datePublished\":\"2024-11-06T05:32:34+00:00\",\"dateModified\":\"2024-11-13T19:49:53+00:00\",\"description\":\"TRANSPOSITIONS Panagiotis Siagreece \u2013 Solo Exhibition from November 8, to December 7, 2024 at Sianti Gallery\",\"breadcrumb\":{\"@id\":\"https:\/\/ikastikos-kiklos.com\/en\/transpositions-panagiotis-siagreece-solo-exhibition\/#breadcrumb\"},\"inLanguage\":\"en-US\",\"potentialAction\":[{\"@type\":\"ReadAction\",\"target\":[\"https:\/\/ikastikos-kiklos.com\/en\/transpositions-panagiotis-siagreece-solo-exhibition\/\"]}]},{\"@type\":\"BreadcrumbList\",\"@id\":\"https:\/\/ikastikos-kiklos.com\/en\/transpositions-panagiotis-siagreece-solo-exhibition\/#breadcrumb\",\"itemListElement\":[{\"@type\":\"ListItem\",\"position\":1,\"name\":\"Home\",\"item\":\"https:\/\/ikastikos-kiklos.com\/en\/\"},{\"@type\":\"ListItem\",\"position\":2,\"name\":\"TRANSPOSITIONS Panagiotis Siagreece \u2013 Solo Exhibition\"}]},{\"@type\":\"WebSite\",\"@id\":\"https:\/\/ikastikos-kiklos.com\/en\/#website\",\"url\":\"https:\/\/ikastikos-kiklos.com\/en\/\",\"name\":\"Ikastikos Kiklos - Zografik\u00ed - Metaxotyp\u00edes - T\u00e9chniPainting - Silk Screen - Art\",\"description\":\"\",\"publisher\":{\"@id\":\"https:\/\/ikastikos-kiklos.com\/en\/#organization\"},\"potentialAction\":[{\"@type\":\"SearchAction\",\"target\":{\"@type\":\"EntryPoint\",\"urlTemplate\":\"https:\/\/ikastikos-kiklos.com\/en\/?s={search_term_string}\"},\"query-input\":{\"@type\":\"PropertyValueSpecification\",\"valueRequired\":true,\"valueName\":\"search_term_string\"}}],\"inLanguage\":\"en-US\"},{\"@type\":\"Organization\",\"@id\":\"https:\/\/ikastikos-kiklos.com\/en\/#organization\",\"name\":\"Ikastikos Kiklos - Zografik\u00ed - Metaxotyp\u00edes - T\u00e9chniPainting - Silk Screen - Art\",\"url\":\"https:\/\/ikastikos-kiklos.com\/en\/\",\"logo\":{\"@type\":\"ImageObject\",\"inLanguage\":\"en-US\",\"@id\":\"https:\/\/ikastikos-kiklos.com\/en\/#\/schema\/logo\/image\/\",\"url\":\"https:\/\/ikastikos-kiklos.com\/wp-content\/uploads\/2022\/10\/cropped-favicon_ikastikos.png\",\"contentUrl\":\"https:\/\/ikastikos-kiklos.com\/wp-content\/uploads\/2022\/10\/cropped-favicon_ikastikos.png\",\"width\":512,\"height\":512,\"caption\":\"Ikastikos Kiklos - Zografik\u00ed - Metaxotyp\u00edes - T\u00e9chniPainting - Silk Screen - Art\"},\"image\":{\"@id\":\"https:\/\/ikastikos-kiklos.com\/en\/#\/schema\/logo\/image\/\"},\"sameAs\":[\"https:\/\/www.facebook.com\/ikastikoskiklossianti\/\"]}]}<\/script>\n<!-- \/ Yoast SEO plugin. -->","yoast_head_json":{"title":"TRANSPOSITIONS Panagiotis Siagreece \u2013 Solo Exhibition","description":"TRANSPOSITIONS Panagiotis Siagreece \u2013 Solo Exhibition from November 8, to December 7, 2024 at Sianti Gallery","robots":{"index":"index","follow":"follow","max-snippet":"max-snippet:-1","max-image-preview":"max-image-preview:large","max-video-preview":"max-video-preview:-1"},"canonical":"https:\/\/ikastikos-kiklos.com\/en\/transpositions-panagiotis-siagreece-solo-exhibition\/","og_locale":"en_US","og_type":"article","og_title":"TRANSPOSITIONS Panagiotis Siagreece \u2013 Solo Exhibition","og_description":"TRANSPOSITIONS Panagiotis Siagreece \u2013 Solo Exhibition from November 8, to December 7, 2024 at Sianti Gallery","og_url":"https:\/\/ikastikos-kiklos.com\/en\/transpositions-panagiotis-siagreece-solo-exhibition\/","og_site_name":"Ikastikos Kiklos - Zografik\u00ed - Metaxotyp\u00edes - T\u00e9chniPainting - Silk Screen - Art","article_publisher":"https:\/\/www.facebook.com\/ikastikoskiklossianti\/","article_modified_time":"2024-11-13T19:49:53+00:00","twitter_card":"summary_large_image","twitter_misc":{"Est. reading time":"5 minutes"},"schema":{"@context":"https:\/\/schema.org","@graph":[{"@type":"WebPage","@id":"https:\/\/ikastikos-kiklos.com\/en\/transpositions-panagiotis-siagreece-solo-exhibition\/","url":"https:\/\/ikastikos-kiklos.com\/en\/transpositions-panagiotis-siagreece-solo-exhibition\/","name":"TRANSPOSITIONS Panagiotis Siagreece \u2013 Solo Exhibition","isPartOf":{"@id":"https:\/\/ikastikos-kiklos.com\/en\/#website"},"datePublished":"2024-11-06T05:32:34+00:00","dateModified":"2024-11-13T19:49:53+00:00","description":"TRANSPOSITIONS Panagiotis Siagreece \u2013 Solo Exhibition from November 8, to December 7, 2024 at Sianti Gallery","breadcrumb":{"@id":"https:\/\/ikastikos-kiklos.com\/en\/transpositions-panagiotis-siagreece-solo-exhibition\/#breadcrumb"},"inLanguage":"en-US","potentialAction":[{"@type":"ReadAction","target":["https:\/\/ikastikos-kiklos.com\/en\/transpositions-panagiotis-siagreece-solo-exhibition\/"]}]},{"@type":"BreadcrumbList","@id":"https:\/\/ikastikos-kiklos.com\/en\/transpositions-panagiotis-siagreece-solo-exhibition\/#breadcrumb","itemListElement":[{"@type":"ListItem","position":1,"name":"Home","item":"https:\/\/ikastikos-kiklos.com\/en\/"},{"@type":"ListItem","position":2,"name":"TRANSPOSITIONS Panagiotis Siagreece \u2013 Solo Exhibition"}]},{"@type":"WebSite","@id":"https:\/\/ikastikos-kiklos.com\/en\/#website","url":"https:\/\/ikastikos-kiklos.com\/en\/","name":"Ikastikos Kiklos - Zografik\u00ed - Metaxotyp\u00edes - T\u00e9chniPainting - Silk Screen - Art","description":"","publisher":{"@id":"https:\/\/ikastikos-kiklos.com\/en\/#organization"},"potentialAction":[{"@type":"SearchAction","target":{"@type":"EntryPoint","urlTemplate":"https:\/\/ikastikos-kiklos.com\/en\/?s={search_term_string}"},"query-input":{"@type":"PropertyValueSpecification","valueRequired":true,"valueName":"search_term_string"}}],"inLanguage":"en-US"},{"@type":"Organization","@id":"https:\/\/ikastikos-kiklos.com\/en\/#organization","name":"Ikastikos Kiklos - Zografik\u00ed - Metaxotyp\u00edes - T\u00e9chniPainting - Silk Screen - Art","url":"https:\/\/ikastikos-kiklos.com\/en\/","logo":{"@type":"ImageObject","inLanguage":"en-US","@id":"https:\/\/ikastikos-kiklos.com\/en\/#\/schema\/logo\/image\/","url":"https:\/\/ikastikos-kiklos.com\/wp-content\/uploads\/2022\/10\/cropped-favicon_ikastikos.png","contentUrl":"https:\/\/ikastikos-kiklos.com\/wp-content\/uploads\/2022\/10\/cropped-favicon_ikastikos.png","width":512,"height":512,"caption":"Ikastikos Kiklos - Zografik\u00ed - Metaxotyp\u00edes - T\u00e9chniPainting - Silk Screen - Art"},"image":{"@id":"https:\/\/ikastikos-kiklos.com\/en\/#\/schema\/logo\/image\/"},"sameAs":["https:\/\/www.facebook.com\/ikastikoskiklossianti\/"]}]}},"_links":{"self":[{"href":"https:\/\/ikastikos-kiklos.com\/en\/wp-json\/wp\/v2\/pages\/50073","targetHints":{"allow":["GET"]}}],"collection":[{"href":"https:\/\/ikastikos-kiklos.com\/en\/wp-json\/wp\/v2\/pages"}],"about":[{"href":"https:\/\/ikastikos-kiklos.com\/en\/wp-json\/wp\/v2\/types\/page"}],"author":[{"embeddable":true,"href":"https:\/\/ikastikos-kiklos.com\/en\/wp-json\/wp\/v2\/users\/3"}],"replies":[{"embeddable":true,"href":"https:\/\/ikastikos-kiklos.com\/en\/wp-json\/wp\/v2\/comments?post=50073"}],"version-history":[{"count":4,"href":"https:\/\/ikastikos-kiklos.com\/en\/wp-json\/wp\/v2\/pages\/50073\/revisions"}],"predecessor-version":[{"id":50167,"href":"https:\/\/ikastikos-kiklos.com\/en\/wp-json\/wp\/v2\/pages\/50073\/revisions\/50167"}],"wp:attachment":[{"href":"https:\/\/ikastikos-kiklos.com\/en\/wp-json\/wp\/v2\/media?parent=50073"}],"curies":[{"name":"wp","href":"https:\/\/api.w.org\/{rel}","templated":true}]}}