{"id":49815,"date":"2024-10-12T13:42:19","date_gmt":"2024-10-12T10:42:19","guid":{"rendered":"https:\/\/ikastikos-kiklos.com\/collectible\/"},"modified":"2024-10-12T13:59:56","modified_gmt":"2024-10-12T10:59:56","slug":"collectible","status":"publish","type":"page","link":"https:\/\/ikastikos-kiklos.com\/en\/collectible\/","title":{"rendered":"Collectible"},"content":{"rendered":"<div class=\"wpb-content-wrapper\"><p>[vc_row type=&#8221;full-nopad&#8221;][vc_column css_animation=&#8221;none&#8221;][vc_single_image image=&#8221;11225&#8243; img_size=&#8221;full&#8221; alignment=&#8221;center&#8221;][vc_empty_space height=&#8221;20px&#8221;][\/vc_column][\/vc_row][vc_row][vc_column css_animation=&#8221;none&#8221;][vc_empty_space height=&#8221;20px&#8221;][vc_custom_heading text=&#8221;Collectibles&#8221; use_theme_fonts=&#8221;yes&#8221; css_animation=&#8221;left-to-right&#8221;][\/vc_column][\/vc_row][vc_row][vc_column][vc_empty_space height=&#8221;15px&#8221;][\/vc_column][\/vc_row][vc_row][vc_column][vc_empty_space height=&#8221;10px&#8221;][vc_separator border_width=&#8221;2&#8243; accent_color=&#8221;#e5e5e5&#8243;][vc_empty_space height=&#8221;10px&#8221;][\/vc_column][\/vc_row][vc_row][vc_column][vc_empty_space height=&#8221;15px&#8221;][\/vc_column][\/vc_row][vc_row][vc_column width=&#8221;1\/4&#8243;][vc_single_image image=&#8221;49783&#8243; img_size=&#8221;300&#215;185&#8243; style=&#8221;vc_box_shadow&#8221; onclick=&#8221;custom_link&#8221; link=&#8221;https:\/\/ikastikos-kiklos.com\/en\/painters\/akrithakis-alexis\/&#8221;][vc_empty_space height=&#8221;8px&#8221;][vc_column_text]Akrithakis Alexis[\/vc_column_text][vc_empty_space height=&#8221;35px&#8221;][\/vc_column][vc_column width=&#8221;1\/4&#8243;][vc_single_image image=&#8221;5366&#8243; img_size=&#8221;300&#215;185&#8243; style=&#8221;vc_box_shadow&#8221; onclick=&#8221;custom_link&#8221; link=&#8221;https:\/\/ikastikos-kiklos.com\/en\/painters\/apergis-antonis-en\/&#8221;][vc_empty_space height=&#8221;8px&#8221;][vc_column_text]Apergis Antonis[\/vc_column_text][vc_empty_space height=&#8221;35px&#8221;][\/vc_column][vc_column width=&#8221;1\/4&#8243;][vc_single_image image=&#8221;44837&#8243; img_size=&#8221;300&#215;185&#8243; style=&#8221;vc_box_shadow&#8221; onclick=&#8221;custom_link&#8221; link=&#8221;https:\/\/ikastikos-kiklos.com\/en\/painters\/chryssa-vardea\/&#8221;][vc_empty_space height=&#8221;8px&#8221;][vc_column_text]Chryssa (Vardea)[\/vc_column_text][vc_empty_space height=&#8221;35px&#8221;][\/vc_column][vc_column width=&#8221;1\/4&#8243;][vc_single_image image=&#8221;2657&#8243; img_size=&#8221;300&#215;185&#8243; style=&#8221;vc_box_shadow&#8221; onclick=&#8221;custom_link&#8221; link=&#8221;`{`vc_single_image image=&#8220;5402&#8220; img_size=&#8220;300&#215;185&#8220; style=&#8220;vc_box_shadow&#8220; onclick=&#8220;custom_link&#8220; link=&#8220;https:\/\/ikastikos-kiklos.com\/%ce%b6%cf%89%ce%b3%cf%81%ce%ac%cf%86%ce%bf%ce%b9\/%cf%84%cf%83%ce%b1%cf%81%ce%bf%cf%8d%cf%87%ce%b7%cf%82-%ce%b3%ce%b9%ce%ac%ce%bd%ce%bd%ce%b7%cf%82\/&#8220;`}`&#8221;][vc_empty_space height=&#8221;8px&#8221;][vc_column_text]Fassianos Alekos[\/vc_column_text][vc_empty_space height=&#8221;35px&#8221;][\/vc_column][\/vc_row][vc_row][vc_column width=&#8221;1\/4&#8243;][vc_single_image image=&#8221;5372&#8243; img_size=&#8221;300&#215;185&#8243; style=&#8221;vc_box_shadow&#8221; onclick=&#8221;custom_link&#8221; link=&#8221;https:\/\/ikastikos-kiklos.com\/en\/painters\/gaitis-yiannis\/&#8221;][vc_empty_space height=&#8221;8px&#8221;][vc_column_text]Gaitis Yiannis[\/vc_column_text][vc_empty_space height=&#8221;35px&#8221;][\/vc_column][vc_column width=&#8221;1\/4&#8243;][vc_single_image image=&#8221;5375&#8243; img_size=&#8221;300&#215;185&#8243; style=&#8221;vc_box_shadow&#8221; onclick=&#8221;custom_link&#8221; link=&#8221;https:\/\/ikastikos-kiklos.com\/en\/painters\/gikas-hadjikyriakos-nikos\/&#8221;][vc_empty_space height=&#8221;8px&#8221;][vc_column_text]<\/p>\n<p class=\"LC20lb MBeuO DKV0Md\">Ghikas Hadjikyriakos Nikos<\/p>\n<p>[\/vc_column_text][vc_empty_space height=&#8221;35px&#8221;][\/vc_column][vc_column width=&#8221;1\/4&#8243;][vc_single_image image=&#8221;5376&#8243; img_size=&#8221;300&#215;185&#8243; style=&#8221;vc_box_shadow&#8221; onclick=&#8221;custom_link&#8221; link=&#8221;https:\/\/ikastikos-kiklos.com\/en\/painters\/grammatopoulos-kostas\/&#8221;][vc_empty_space height=&#8221;8px&#8221;][vc_column_text]Grammatopoulos Kostas[\/vc_column_text][vc_empty_space height=&#8221;35px&#8221;][\/vc_column][vc_column width=&#8221;1\/4&#8243;][vc_single_image image=&#8221;21549&#8243; img_size=&#8221;300&#215;185&#8243; style=&#8221;vc_box_shadow&#8221; onclick=&#8221;custom_link&#8221; link=&#8221;https:\/\/ikastikos-kiklos.com\/en\/painters\/gravalos-panagiotis\/&#8221;][vc_empty_space height=&#8221;8px&#8221;][vc_column_text]Gravalos Panagiotis[\/vc_column_text][vc_empty_space height=&#8221;35px&#8221;][\/vc_column][\/vc_row][vc_row][vc_column width=&#8221;1\/4&#8243;][vc_single_image image=&#8221;48215&#8243; img_size=&#8221;300&#215;185&#8243; style=&#8221;vc_box_shadow&#8221; onclick=&#8221;custom_link&#8221; link=&#8221;https:\/\/ikastikos-kiklos.com\/en\/painters\/karas-christos\/&#8221;][vc_empty_space height=&#8221;8px&#8221;][vc_column_text]Karas Christos[\/vc_column_text][vc_empty_space height=&#8221;35px&#8221;][\/vc_column][vc_column width=&#8221;1\/4&#8243;][vc_single_image image=&#8221;5233&#8243; img_size=&#8221;300&#215;185&#8243; style=&#8221;vc_box_shadow&#8221; onclick=&#8221;custom_link&#8221; link=&#8221;https:\/\/ikastikos-kiklos.com\/en\/painters\/karavouzis-sarantis\/&#8221;][vc_empty_space height=&#8221;8px&#8221;][vc_column_text]Karavouzis Sarantis[\/vc_column_text][vc_empty_space height=&#8221;35px&#8221;][\/vc_column][vc_column width=&#8221;1\/4&#8243;][vc_single_image image=&#8221;36096&#8243; img_size=&#8221;300&#215;185&#8243; style=&#8221;vc_box_shadow&#8221; onclick=&#8221;custom_link&#8221; link=&#8221;https:\/\/ikastikos-kiklos.com\/en\/painters\/kokkinidis-dimosthenis\/&#8221;][vc_empty_space height=&#8221;8px&#8221;][vc_column_text]Kokkinidis Dimosthenis[\/vc_column_text][vc_empty_space height=&#8221;35px&#8221;][\/vc_column][vc_column width=&#8221;1\/4&#8243;][vc_single_image image=&#8221;5237&#8243; img_size=&#8221;300&#215;185&#8243; style=&#8221;vc_box_shadow&#8221; onclick=&#8221;custom_link&#8221; link=&#8221;https:\/\/ikastikos-kiklos.com\/%ce%b6%cf%89%ce%b3%cf%81%ce%ac%cf%86%ce%bf%ce%b9\/%ce%ba%ce%bf%cf%85%ce%bb%ce%b5%ce%bd%cf%84%ce%b9%ce%b1%ce%bd%cf%8c%cf%82-%ce%ba%cf%8e%cf%83%cf%84%ce%b1%cf%82\/&#8221;][vc_empty_space height=&#8221;8px&#8221;][vc_column_text]Koulentianos Kostas[\/vc_column_text][vc_empty_space height=&#8221;35px&#8221;][\/vc_column][\/vc_row][vc_row][vc_column width=&#8221;1\/4&#8243;][vc_single_image image=&#8221;5240&#8243; img_size=&#8221;300&#215;185&#8243; style=&#8221;vc_box_shadow&#8221; onclick=&#8221;custom_link&#8221; link=&#8221;https:\/\/ikastikos-kiklos.com\/en\/painters\/malamos-kostas\/&#8221;][vc_empty_space height=&#8221;8px&#8221;][vc_column_text]Malamos Kostas[\/vc_column_text][vc_empty_space height=&#8221;35px&#8221;][\/vc_column][vc_column width=&#8221;1\/4&#8243;][vc_single_image image=&#8221;11966&#8243; img_size=&#8221;300&#215;185&#8243; style=&#8221;vc_box_shadow&#8221; onclick=&#8221;custom_link&#8221; link=&#8221;https:\/\/ikastikos-kiklos.com\/en\/painters\/makroulakis-michalis\/&#8221;][vc_empty_space height=&#8221;8px&#8221;][vc_column_text]Makroulakis Michalis[\/vc_column_text][vc_empty_space height=&#8221;35px&#8221;][\/vc_column][vc_column width=&#8221;1\/4&#8243;][vc_single_image image=&#8221;5388&#8243; img_size=&#8221;300&#215;185&#8243; style=&#8221;vc_box_shadow&#8221; onclick=&#8221;custom_link&#8221; link=&#8221;https:\/\/ikastikos-kiklos.com\/en\/painters\/mytaras-dimitris\/&#8221;][vc_empty_space height=&#8221;8px&#8221;][vc_column_text]Mytaras Dimitris[\/vc_column_text][vc_empty_space height=&#8221;35px&#8221;][\/vc_column][vc_column width=&#8221;1\/4&#8243;][vc_single_image image=&#8221;5744&#8243; img_size=&#8221;300&#215;185&#8243; style=&#8221;vc_box_shadow&#8221; onclick=&#8221;custom_link&#8221; link=&#8221;https:\/\/ikastikos-kiklos.com\/en\/painters\/nikolaou-nikos\/&#8221;][vc_empty_space height=&#8221;8px&#8221;][vc_column_text]Nikolaou Nikos[\/vc_column_text][vc_empty_space height=&#8221;35px&#8221;][\/vc_column][\/vc_row][vc_row][vc_column width=&#8221;1\/4&#8243;][vc_single_image image=&#8221;5389&#8243; img_size=&#8221;300&#215;185&#8243; style=&#8221;vc_box_shadow&#8221; onclick=&#8221;custom_link&#8221; link=&#8221;https:\/\/ikastikos-kiklos.com\/en\/painters\/paniaras-kostas\/&#8221;][vc_empty_space height=&#8221;8px&#8221;][vc_column_text]Paniaras Kostas[\/vc_column_text][vc_empty_space height=&#8221;35px&#8221;][\/vc_column][vc_column width=&#8221;1\/4&#8243;][vc_single_image image=&#8221;5391&#8243; img_size=&#8221;300&#215;185&#8243; style=&#8221;vc_box_shadow&#8221; onclick=&#8221;custom_link&#8221; link=&#8221;https:\/\/ikastikos-kiklos.com\/en\/painters\/prekas-paris\/&#8221;][vc_empty_space height=&#8221;8px&#8221;][vc_column_text]Prekas Paris[\/vc_column_text][vc_empty_space height=&#8221;35px&#8221;][\/vc_column][vc_column width=&#8221;1\/4&#8243;][vc_single_image image=&#8221;25589&#8243; img_size=&#8221;300&#215;185&#8243; style=&#8221;vc_box_shadow&#8221; onclick=&#8221;custom_link&#8221; link=&#8221;https:\/\/ikastikos-kiklos.com\/en\/painters\/samios-pavlos\/&#8221;][vc_empty_space height=&#8221;8px&#8221;][vc_column_text]Samios Pavlos[\/vc_column_text][vc_empty_space height=&#8221;35px&#8221;][\/vc_column][vc_column width=&#8221;1\/4&#8243;][vc_single_image image=&#8221;28115&#8243; img_size=&#8221;300&#215;185&#8243; style=&#8221;vc_box_shadow&#8221; onclick=&#8221;custom_link&#8221; link=&#8221;https:\/\/ikastikos-kiklos.com\/en\/painters\/sarakatsianos-christos\/&#8221;][vc_empty_space height=&#8221;8px&#8221;][vc_column_text]Sarakatsianos Christos[\/vc_column_text][vc_empty_space height=&#8221;35px&#8221;][\/vc_column][\/vc_row][vc_row][vc_column width=&#8221;1\/4&#8243;][vc_single_image image=&#8221;5745&#8243; img_size=&#8221;300&#215;185&#8243; style=&#8221;vc_box_shadow&#8221; onclick=&#8221;custom_link&#8221; link=&#8221;https:\/\/ikastikos-kiklos.com\/%CE%B6%CF%89%CE%B3%CF%81%CE%AC%CF%86%CE%BF%CE%B9\/%CE%B3%CE%B9%CF%8E%CF%81%CE%B3%CE%BF%CF%82-%CF%83%CE%B9%CE%BA%CE%B5%CE%BB%CE%B9%CF%8E%CF%84%CE%B7%CF%82\/&#8221;][vc_empty_space height=&#8221;8px&#8221;][vc_column_text]Sikeliotis Giorgos[\/vc_column_text][vc_empty_space height=&#8221;35px&#8221;][\/vc_column][vc_column width=&#8221;1\/4&#8243;][vc_single_image image=&#8221;5260&#8243; img_size=&#8221;300&#215;185&#8243; style=&#8221;vc_box_shadow&#8221; onclick=&#8221;custom_link&#8221; link=&#8221;https:\/\/ikastikos-kiklos.com\/en\/painters\/stamos-theodoros\/&#8221;][vc_empty_space height=&#8221;8px&#8221;][vc_column_text]Stamos Theodoros[\/vc_column_text][vc_empty_space height=&#8221;35px&#8221;][\/vc_column][vc_column width=&#8221;1\/4&#8243;][vc_single_image image=&#8221;5400&#8243; img_size=&#8221;300&#215;185&#8243; style=&#8221;vc_box_shadow&#8221; onclick=&#8221;custom_link&#8221; link=&#8221;https:\/\/ikastikos-kiklos.com\/en\/painters\/tetsis-panagiotis\/&#8221;][vc_empty_space height=&#8221;8px&#8221;][vc_column_text]Tetsis Panagiotis[\/vc_column_text][vc_empty_space height=&#8221;35px&#8221;][\/vc_column][vc_column width=&#8221;1\/4&#8243;][vc_single_image image=&#8221;5402&#8243; img_size=&#8221;300&#215;185&#8243; style=&#8221;vc_box_shadow&#8221; onclick=&#8221;custom_link&#8221; link=&#8221;https:\/\/ikastikos-kiklos.com\/en\/painters\/tsarouchis-yannis\/&#8221;][vc_empty_space height=&#8221;8px&#8221;][vc_column_text]Tsarouchis Yiannis[\/vc_column_text][vc_empty_space height=&#8221;35px&#8221;][\/vc_column][\/vc_row][vc_row][vc_column width=&#8221;1\/4&#8243;][vc_single_image image=&#8221;5367&#8243; img_size=&#8221;300&#215;185&#8243; style=&#8221;vc_box_shadow&#8221; onclick=&#8221;custom_link&#8221; link=&#8221;https:\/\/ikastikos-kiklos.com\/en\/painters\/varlamos-giorgos\/&#8221;][vc_empty_space height=&#8221;8px&#8221;][vc_column_text]Varlamos Giorgos[\/vc_column_text][vc_empty_space height=&#8221;35px&#8221;][\/vc_column][vc_column width=&#8221;1\/4&#8243;][vc_single_image image=&#8221;5369&#8243; img_size=&#8221;300&#215;185&#8243; style=&#8221;vc_box_shadow&#8221; onclick=&#8221;custom_link&#8221; link=&#8221;https:\/\/ikastikos-kiklos.com\/en\/painters\/vasiliou-spiros\/&#8221;][vc_empty_space height=&#8221;8px&#8221;][vc_column_text]Vassileiou Spyros[\/vc_column_text][vc_empty_space height=&#8221;35px&#8221;][\/vc_column][vc_column width=&#8221;1\/4&#8243;][vc_single_image image=&#8221;5379&#8243; img_size=&#8221;300&#215;185&#8243; style=&#8221;vc_box_shadow&#8221; onclick=&#8221;custom_link&#8221; link=&#8221;https:\/\/ikastikos-kiklos.com\/en\/painters\/zounis-opi\/&#8221;][vc_empty_space height=&#8221;8px&#8221;][vc_column_text]Zouni Opy[\/vc_column_text][vc_empty_space height=&#8221;35px&#8221;][\/vc_column][vc_column width=&#8221;1\/4&#8243;][vc_empty_space height=&#8221;8px&#8221;][vc_empty_space height=&#8221;35px&#8221;][\/vc_column][\/vc_row][vc_row][vc_column][vc_empty_space height=&#8221;15px&#8221;][\/vc_column][\/vc_row][vc_row][vc_column width=&#8221;1\/6&#8243;][\/vc_column][vc_column width=&#8221;2\/3&#8243;][vc_empty_space][vc_column_text]<\/p>\n<h3 style=\"text-align: center;\">Ask about out Artists:<\/h3>\n<p>[\/vc_column_text][vc_empty_space height=&#8221;12px&#8221;][\/vc_column][vc_column width=&#8221;1\/6&#8243;][\/vc_column][\/vc_row][vc_row][vc_column][vc_empty_space height=&#8221;40px&#8221;][\/vc_column][\/vc_row][vc_row][vc_column][vc_pinterest][\/vc_column][\/vc_row][vc_row][vc_column][\/vc_column][\/vc_row]<\/p>\n<\/div>","protected":false},"excerpt":{"rendered":"<p>[vc_row type=&#8221;full-nopad&#8221;][vc_column css_animation=&#8221;none&#8221;][vc_single_image image=&#8221;11225&#8243; img_size=&#8221;full&#8221; alignment=&#8221;center&#8221;][vc_empty_space height=&#8221;20px&#8221;][\/vc_column][\/vc_row][vc_row][vc_column css_animation=&#8221;none&#8221;][vc_empty_space height=&#8221;20px&#8221;][vc_custom_heading text=&#8221;Collectibles&#8221; use_theme_fonts=&#8221;yes&#8221; css_animation=&#8221;left-to-right&#8221;][\/vc_column][\/vc_row][vc_row][vc_column][vc_empty_space height=&#8221;15px&#8221;][\/vc_column][\/vc_row][vc_row][vc_column][vc_empty_space height=&#8221;10px&#8221;][vc_separator border_width=&#8221;2&#8243; &hellip;<\/p>\n","protected":false},"author":4,"featured_media":0,"parent":0,"menu_order":0,"comment_status":"closed","ping_status":"closed","template":"","meta":{"ngg_post_thumbnail":0,"footnotes":""},"class_list":["post-49815","page","type-page","status-publish","hentry"],"yoast_head":"<!-- This site is optimized with the Yoast SEO plugin v27.2 - https:\/\/yoast.com\/product\/yoast-seo-wordpress\/ -->\n<title>Silkscreen prints to collect by Ikastikos Kiklos Sianti<\/title>\n<meta name=\"description\" content=\"Silkscreen prints to collect by Ikastikos Kiklos Sianti\" \/>\n<meta name=\"robots\" content=\"index, follow, max-snippet:-1, max-image-preview:large, max-video-preview:-1\" \/>\n<link rel=\"canonical\" href=\"https:\/\/ikastikos-kiklos.com\/en\/collectible\/\" \/>\n<meta property=\"og:locale\" content=\"en_US\" \/>\n<meta property=\"og:type\" content=\"article\" \/>\n<meta property=\"og:title\" content=\"Silkscreen prints to collect by Ikastikos Kiklos Sianti\" \/>\n<meta property=\"og:description\" content=\"Silkscreen prints to collect by Ikastikos Kiklos Sianti\" \/>\n<meta property=\"og:url\" content=\"https:\/\/ikastikos-kiklos.com\/en\/collectible\/\" \/>\n<meta property=\"og:site_name\" content=\"Ikastikos Kiklos - Zografik\u00ed - Metaxotyp\u00edes - T\u00e9chniPainting - Silk Screen - Art\" \/>\n<meta property=\"article:publisher\" content=\"https:\/\/www.facebook.com\/ikastikoskiklossianti\/\" \/>\n<meta property=\"article:modified_time\" content=\"2024-10-12T10:59:56+00:00\" \/>\n<meta name=\"twitter:card\" content=\"summary_large_image\" \/>\n<meta name=\"twitter:label1\" content=\"Est. reading time\" \/>\n\t<meta name=\"twitter:data1\" content=\"8 minutes\" \/>\n<script type=\"application\/ld+json\" class=\"yoast-schema-graph\">{\"@context\":\"https:\/\/schema.org\",\"@graph\":[{\"@type\":\"WebPage\",\"@id\":\"https:\/\/ikastikos-kiklos.com\/en\/collectible\/\",\"url\":\"https:\/\/ikastikos-kiklos.com\/en\/collectible\/\",\"name\":\"Silkscreen prints to collect by Ikastikos Kiklos Sianti\",\"isPartOf\":{\"@id\":\"https:\/\/ikastikos-kiklos.com\/en\/#website\"},\"datePublished\":\"2024-10-12T10:42:19+00:00\",\"dateModified\":\"2024-10-12T10:59:56+00:00\",\"description\":\"Silkscreen prints to collect by Ikastikos Kiklos Sianti\",\"breadcrumb\":{\"@id\":\"https:\/\/ikastikos-kiklos.com\/en\/collectible\/#breadcrumb\"},\"inLanguage\":\"en-US\",\"potentialAction\":[{\"@type\":\"ReadAction\",\"target\":[\"https:\/\/ikastikos-kiklos.com\/en\/collectible\/\"]}]},{\"@type\":\"BreadcrumbList\",\"@id\":\"https:\/\/ikastikos-kiklos.com\/en\/collectible\/#breadcrumb\",\"itemListElement\":[{\"@type\":\"ListItem\",\"position\":1,\"name\":\"Home\",\"item\":\"https:\/\/ikastikos-kiklos.com\/en\/\"},{\"@type\":\"ListItem\",\"position\":2,\"name\":\"Collectible\"}]},{\"@type\":\"WebSite\",\"@id\":\"https:\/\/ikastikos-kiklos.com\/en\/#website\",\"url\":\"https:\/\/ikastikos-kiklos.com\/en\/\",\"name\":\"Ikastikos Kiklos - Zografik\u00ed - Metaxotyp\u00edes - T\u00e9chniPainting - Silk Screen - Art\",\"description\":\"\",\"publisher\":{\"@id\":\"https:\/\/ikastikos-kiklos.com\/en\/#organization\"},\"potentialAction\":[{\"@type\":\"SearchAction\",\"target\":{\"@type\":\"EntryPoint\",\"urlTemplate\":\"https:\/\/ikastikos-kiklos.com\/en\/?s={search_term_string}\"},\"query-input\":{\"@type\":\"PropertyValueSpecification\",\"valueRequired\":true,\"valueName\":\"search_term_string\"}}],\"inLanguage\":\"en-US\"},{\"@type\":\"Organization\",\"@id\":\"https:\/\/ikastikos-kiklos.com\/en\/#organization\",\"name\":\"Ikastikos Kiklos - Zografik\u00ed - Metaxotyp\u00edes - T\u00e9chniPainting - Silk Screen - Art\",\"url\":\"https:\/\/ikastikos-kiklos.com\/en\/\",\"logo\":{\"@type\":\"ImageObject\",\"inLanguage\":\"en-US\",\"@id\":\"https:\/\/ikastikos-kiklos.com\/en\/#\/schema\/logo\/image\/\",\"url\":\"https:\/\/ikastikos-kiklos.com\/wp-content\/uploads\/2022\/10\/cropped-favicon_ikastikos.png\",\"contentUrl\":\"https:\/\/ikastikos-kiklos.com\/wp-content\/uploads\/2022\/10\/cropped-favicon_ikastikos.png\",\"width\":512,\"height\":512,\"caption\":\"Ikastikos Kiklos - Zografik\u00ed - Metaxotyp\u00edes - T\u00e9chniPainting - Silk Screen - Art\"},\"image\":{\"@id\":\"https:\/\/ikastikos-kiklos.com\/en\/#\/schema\/logo\/image\/\"},\"sameAs\":[\"https:\/\/www.facebook.com\/ikastikoskiklossianti\/\"]}]}<\/script>\n<!-- \/ Yoast SEO plugin. -->","yoast_head_json":{"title":"Silkscreen prints to collect by Ikastikos Kiklos Sianti","description":"Silkscreen prints to collect by Ikastikos Kiklos Sianti","robots":{"index":"index","follow":"follow","max-snippet":"max-snippet:-1","max-image-preview":"max-image-preview:large","max-video-preview":"max-video-preview:-1"},"canonical":"https:\/\/ikastikos-kiklos.com\/en\/collectible\/","og_locale":"en_US","og_type":"article","og_title":"Silkscreen prints to collect by Ikastikos Kiklos Sianti","og_description":"Silkscreen prints to collect by Ikastikos Kiklos Sianti","og_url":"https:\/\/ikastikos-kiklos.com\/en\/collectible\/","og_site_name":"Ikastikos Kiklos - Zografik\u00ed - Metaxotyp\u00edes - T\u00e9chniPainting - Silk Screen - Art","article_publisher":"https:\/\/www.facebook.com\/ikastikoskiklossianti\/","article_modified_time":"2024-10-12T10:59:56+00:00","twitter_card":"summary_large_image","twitter_misc":{"Est. reading time":"8 minutes"},"schema":{"@context":"https:\/\/schema.org","@graph":[{"@type":"WebPage","@id":"https:\/\/ikastikos-kiklos.com\/en\/collectible\/","url":"https:\/\/ikastikos-kiklos.com\/en\/collectible\/","name":"Silkscreen prints to collect by Ikastikos Kiklos Sianti","isPartOf":{"@id":"https:\/\/ikastikos-kiklos.com\/en\/#website"},"datePublished":"2024-10-12T10:42:19+00:00","dateModified":"2024-10-12T10:59:56+00:00","description":"Silkscreen prints to collect by Ikastikos Kiklos Sianti","breadcrumb":{"@id":"https:\/\/ikastikos-kiklos.com\/en\/collectible\/#breadcrumb"},"inLanguage":"en-US","potentialAction":[{"@type":"ReadAction","target":["https:\/\/ikastikos-kiklos.com\/en\/collectible\/"]}]},{"@type":"BreadcrumbList","@id":"https:\/\/ikastikos-kiklos.com\/en\/collectible\/#breadcrumb","itemListElement":[{"@type":"ListItem","position":1,"name":"Home","item":"https:\/\/ikastikos-kiklos.com\/en\/"},{"@type":"ListItem","position":2,"name":"Collectible"}]},{"@type":"WebSite","@id":"https:\/\/ikastikos-kiklos.com\/en\/#website","url":"https:\/\/ikastikos-kiklos.com\/en\/","name":"Ikastikos Kiklos - Zografik\u00ed - Metaxotyp\u00edes - T\u00e9chniPainting - Silk Screen - Art","description":"","publisher":{"@id":"https:\/\/ikastikos-kiklos.com\/en\/#organization"},"potentialAction":[{"@type":"SearchAction","target":{"@type":"EntryPoint","urlTemplate":"https:\/\/ikastikos-kiklos.com\/en\/?s={search_term_string}"},"query-input":{"@type":"PropertyValueSpecification","valueRequired":true,"valueName":"search_term_string"}}],"inLanguage":"en-US"},{"@type":"Organization","@id":"https:\/\/ikastikos-kiklos.com\/en\/#organization","name":"Ikastikos Kiklos - Zografik\u00ed - Metaxotyp\u00edes - T\u00e9chniPainting - Silk Screen - Art","url":"https:\/\/ikastikos-kiklos.com\/en\/","logo":{"@type":"ImageObject","inLanguage":"en-US","@id":"https:\/\/ikastikos-kiklos.com\/en\/#\/schema\/logo\/image\/","url":"https:\/\/ikastikos-kiklos.com\/wp-content\/uploads\/2022\/10\/cropped-favicon_ikastikos.png","contentUrl":"https:\/\/ikastikos-kiklos.com\/wp-content\/uploads\/2022\/10\/cropped-favicon_ikastikos.png","width":512,"height":512,"caption":"Ikastikos Kiklos - Zografik\u00ed - Metaxotyp\u00edes - T\u00e9chniPainting - Silk Screen - Art"},"image":{"@id":"https:\/\/ikastikos-kiklos.com\/en\/#\/schema\/logo\/image\/"},"sameAs":["https:\/\/www.facebook.com\/ikastikoskiklossianti\/"]}]}},"_links":{"self":[{"href":"https:\/\/ikastikos-kiklos.com\/en\/wp-json\/wp\/v2\/pages\/49815","targetHints":{"allow":["GET"]}}],"collection":[{"href":"https:\/\/ikastikos-kiklos.com\/en\/wp-json\/wp\/v2\/pages"}],"about":[{"href":"https:\/\/ikastikos-kiklos.com\/en\/wp-json\/wp\/v2\/types\/page"}],"author":[{"embeddable":true,"href":"https:\/\/ikastikos-kiklos.com\/en\/wp-json\/wp\/v2\/users\/4"}],"replies":[{"embeddable":true,"href":"https:\/\/ikastikos-kiklos.com\/en\/wp-json\/wp\/v2\/comments?post=49815"}],"version-history":[{"count":4,"href":"https:\/\/ikastikos-kiklos.com\/en\/wp-json\/wp\/v2\/pages\/49815\/revisions"}],"predecessor-version":[{"id":49819,"href":"https:\/\/ikastikos-kiklos.com\/en\/wp-json\/wp\/v2\/pages\/49815\/revisions\/49819"}],"wp:attachment":[{"href":"https:\/\/ikastikos-kiklos.com\/en\/wp-json\/wp\/v2\/media?parent=49815"}],"curies":[{"name":"wp","href":"https:\/\/api.w.org\/{rel}","templated":true}]}}