{"id":49586,"date":"2024-10-02T12:13:43","date_gmt":"2024-10-02T09:13:43","guid":{"rendered":"https:\/\/ikastikos-kiklos.com\/black-humor-the-revolution-of-the-spirit-group-exhibition\/"},"modified":"2024-10-14T10:55:50","modified_gmt":"2024-10-14T07:55:50","slug":"black-humor-the-revolution-of-the-spirit-group-exhibition","status":"publish","type":"page","link":"https:\/\/ikastikos-kiklos.com\/en\/black-humor-the-revolution-of-the-spirit-group-exhibition\/","title":{"rendered":"\u201cBlack Humor\u201d The revolution of the spirit | Group Exhibition"},"content":{"rendered":"<div class=\"wpb-content-wrapper\"><p>[vc_row][vc_column width=&#8221;2\/3&#8243;]<div class=\"nm-banner-slider slider-type-boxed slick-slider slick-controls-gray slick-dots-disabled\" >\n\t\t\t<div class=\"nm-banner content-full image-type-fluid text-color-dark\" style=\"\"><img decoding=\"async\" src=\"https:\/\/ikastikos-kiklos.com\/wp-content\/uploads\/2024\/10\/site-landing-page.jpg\" alt=\"site-landing-page\" \/>\n\t\t\t<\/div><\/div>[vc_empty_space height=&#8221;12px&#8221;][vc_custom_heading text=&#8221;\u201cBlack Humor\u201d The revolution of the spirit | Group Exhibition&#8221; google_fonts=&#8221;font_family:Ubuntu%20Condensed%3Aregular|font_style:400%20regular%3A400%3Anormal&#8221;][vc_empty_space height=&#8221;12px&#8221;][vc_column_text]<\/p>\n<div id=\"paragraph_with_max_height\" class=\"overflow-hidden\">\n<p>On&nbsp;<strong>Friday, 11 October 2024 at 19.30, Sianti Gallery<\/strong> presented a <strong>group exhibition<\/strong>&nbsp;titled&nbsp;<strong>\u201cBlack Humor\u201d \u2013 The Revolution of the Spirit<\/strong>.&nbsp;<strong>Curator of the exhibition is Hera Papapostolou<\/strong>, critic and historian of Art, who wishes to remind us that, as it has been scientifically proven, laughter as a cultural phenomenon is connected to various social and historical groups of people.<\/p>\n<p>She herself discerns various types of humor: spontaneous humor, blunt humor, surrealistic humor, satire, parody, self-sarcasm, as well as black humor. In this last type of humor, the intended witticism or satire refers to negative events or situations, and is more vulnerable to rejection<\/p>\n<p>The curator underlines in the catalogue of the exhibition: \u00abAs Otto Hahn once wrote, the History of the Arts does not usually include instances of humor. Only artists like Calder, Miro, Dubuffet or Tinguely have the boldness of introducing humor into the museums. The reason is quite simple: joy is not part of grand sentiments. Painters and sculptors leave this area to cartoonists and graphic designers, who are considered to be second-rate artists \u2013 and rightly so\u201d.<\/p>\n<\/div>\n<h3>SEE OPENING NIGHT PHOTOS<\/h3>\nngg_shortcode_0_placeholder\n<div id=\"paragraph_with_max_height\" class=\"overflow-hidden\">\n<p>Yet, is this true nowadays? The idea of humor itself is somewhat new. In its contemporary form, it makes its first appearance in England, in 1682. But, what does it really mean in our contemporary world? Does it connote a kind of sadness, which is being transformed into a bad or a good joke? Could it be the ultimate revolution of the spirit? It may be so. The only thing that we are certain of, is that it liberates and elevates us. \u201cFreud once said it\u2019s time we got familiar with many characteristics of humor. Humor is not liberating only from a spiritual or a comic point of view, it also includes something majestic and elevating, signs which cannot be retraced in these two classes of pleasure-seeking through intellectual activity [\u2026]\u201d.<\/p>\n<p>Contemporary Greek painters use the concept of humor in their works, but in which form? Is it an underlying kind of humor, a sort of didactic humor, sarcastic humor, a paradoxology or an irony? Is it the kind of humor that satires current events? And whom is it addressed to? Is it addressed the intellectual elite or just everybody? Does black humor even exist in Greek painting? Fourteen contemporary artists are here to tell us that it does, each of them using it in his\/her own particular way, in order to produce unique works especially created for this exhibition.<\/p>\n<p><strong>Participating artists<\/strong>: Belivanaki Lila, Boviantsou Labrini, Foriadou Sofia, Georgiopoulou Vicki, Kavounis Giorgos, Kontouris Michalis, Lavdas Kostas, Misouras Tasos, Papadimitriou Vivi, Perros Vasilis, Pistonis Achileas, Siagris Panagiotis, Siskos Nikos, Theocharis Stamatis.<\/p>\n<\/div>\n<p>[\/vc_column_text][\/vc_column][vc_column width=&#8221;1\/3&#8243;]<div class=\"nm-banner-slider slider-type-boxed slick-slider slick-controls-gray slick-dots-disabled\" >\n\t\t\t<div class=\"nm-banner content-full image-type-fluid text-color-dark\" style=\"\"><img decoding=\"async\" src=\"https:\/\/ikastikos-kiklos.com\/wp-content\/uploads\/2024\/10\/AX106805-scaled.jpg\" alt=\"AX106805\" \/>\n\t\t\t<\/div>\n\t\t\t<div class=\"nm-banner content-full image-type-fluid text-color-dark\" style=\"\"><img decoding=\"async\" src=\"https:\/\/ikastikos-kiklos.com\/wp-content\/uploads\/2024\/10\/AX106834-scaled.jpg\" alt=\"AX106834\" \/>\n\t\t\t<\/div>\n\t\t\t<div class=\"nm-banner content-full image-type-fluid text-color-dark\" style=\"\"><img decoding=\"async\" src=\"https:\/\/ikastikos-kiklos.com\/wp-content\/uploads\/2024\/10\/AX106811-scaled.jpg\" alt=\"AX106811\" \/>\n\t\t\t<\/div>\n\t\t\t<div class=\"nm-banner content-full image-type-fluid text-color-dark\" style=\"\"><img decoding=\"async\" src=\"https:\/\/ikastikos-kiklos.com\/wp-content\/uploads\/2024\/10\/AX106814-scaled.jpg\" alt=\"AX106814\" \/>\n\t\t\t<\/div>\n\t\t\t<div class=\"nm-banner content-full image-type-fluid text-color-dark\" style=\"\"><img decoding=\"async\" src=\"https:\/\/ikastikos-kiklos.com\/wp-content\/uploads\/2024\/10\/AX106816-scaled.jpg\" alt=\"AX106816\" \/>\n\t\t\t<\/div>\n\t\t\t<div class=\"nm-banner content-full image-type-fluid text-color-dark\" style=\"\"><img decoding=\"async\" src=\"https:\/\/ikastikos-kiklos.com\/wp-content\/uploads\/2024\/10\/AX106817-scaled.jpg\" alt=\"AX106817\" \/>\n\t\t\t<\/div>\n\t\t\t<div class=\"nm-banner content-full image-type-fluid text-color-dark\" style=\"\"><img decoding=\"async\" src=\"https:\/\/ikastikos-kiklos.com\/wp-content\/uploads\/2024\/10\/AX106818-scaled.jpg\" alt=\"AX106818\" \/>\n\t\t\t<\/div>\n\t\t\t<div class=\"nm-banner content-full image-type-fluid text-color-dark\" style=\"\"><img decoding=\"async\" src=\"https:\/\/ikastikos-kiklos.com\/wp-content\/uploads\/2024\/10\/AX106823-scaled.jpg\" alt=\"AX106823\" \/>\n\t\t\t<\/div>\n\t\t\t<div class=\"nm-banner content-full image-type-fluid text-color-dark\" style=\"\"><img decoding=\"async\" src=\"https:\/\/ikastikos-kiklos.com\/wp-content\/uploads\/2024\/10\/AX106825-scaled.jpg\" alt=\"AX106825\" \/>\n\t\t\t<\/div>\n\t\t\t<div class=\"nm-banner content-full image-type-fluid text-color-dark\" style=\"\"><img decoding=\"async\" src=\"https:\/\/ikastikos-kiklos.com\/wp-content\/uploads\/2024\/10\/AX106827-scaled.jpg\" alt=\"AX106827\" \/>\n\t\t\t<\/div>\n\t\t\t<div class=\"nm-banner content-full image-type-fluid text-color-dark\" style=\"\"><img decoding=\"async\" src=\"https:\/\/ikastikos-kiklos.com\/wp-content\/uploads\/2024\/10\/AX106830-scaled.jpg\" alt=\"AX106830\" \/>\n\t\t\t<\/div><\/div>[vc_empty_space height=&#8221;12px&#8221;][vc_column_text]DURATION<br \/>\n<strong>11 October &#8211; 2 November 2024<\/strong><\/p>\n<p>CURATION<br \/>\n<strong>Hra Papapostolou<\/strong>[\/vc_column_text][vc_empty_space height=&#8221;12px&#8221;][vc_column_text]<strong>PRESS<\/strong>[\/vc_column_text][vc_empty_space height=&#8221;12px&#8221;]<div class=\"nm-banner-slider slider-type-boxed slick-slider slick-controls-gray slick-dots-disabled\" >\n\t\t\t<div class=\"nm-banner content-full image-type-fluid text-color-dark\" style=\"\"><a href=\"https:\/\/artsceneathens.com\/2024\/10\/12\/black-humour-at-sianti-gallery\/\" class=\"nm-banner-link nm-banner-link-full\" target=\"_blank\"><img decoding=\"async\" src=\"https:\/\/ikastikos-kiklos.com\/wp-content\/uploads\/2024\/10\/Screenshot-2024-10-14-at-07.38.35.png\" alt=\"Screenshot 2024-10-14 at 07.38.35\" \/><\/a>\n\t\t\t<\/div>\n\t\t\t<div class=\"nm-banner content-full image-type-fluid text-color-dark\" style=\"\"><a href=\"https:\/\/www.tovima.com\/culture\/sianti-gallery-presents-black-humor-the-revolution-of-the-spirit\/\" class=\"nm-banner-link nm-banner-link-full\" target=\"_blank\"><img decoding=\"async\" src=\"https:\/\/ikastikos-kiklos.com\/wp-content\/uploads\/2024\/10\/Screenshot-2024-10-14-at-07.38.52.png\" alt=\"Screenshot 2024-10-14 at 07.38.52\" \/><\/a>\n\t\t\t<\/div><\/div>[\/vc_column][\/vc_row]<\/p>\n<\/div>","protected":false},"excerpt":{"rendered":"<p>[vc_row][vc_column width=&#8221;2\/3&#8243;][vc_empty_space height=&#8221;12px&#8221;][vc_custom_heading text=&#8221;\u201cBlack Humor\u201d The revolution of the spirit | Group Exhibition&#8221; google_fonts=&#8221;font_family:Ubuntu%20Condensed%3Aregular|font_style:400%20regular%3A400%3Anormal&#8221;][vc_empty_space height=&#8221;12px&#8221;][vc_column_text] &hellip;<\/p>\n","protected":false},"author":3,"featured_media":0,"parent":0,"menu_order":0,"comment_status":"closed","ping_status":"closed","template":"","meta":{"ngg_post_thumbnail":0,"footnotes":""},"class_list":["post-49586","page","type-page","status-publish","hentry"],"yoast_head":"<!-- This site is optimized with the Yoast SEO plugin v27.2 - https:\/\/yoast.com\/product\/yoast-seo-wordpress\/ -->\n<title>\u201cBlack Humor\u201d The revolution of the spirit | Group Exhibition<\/title>\n<meta name=\"description\" content=\"\u201cBlack Humor\u201d The revolution of the spirit | Group Exhibition curated by Hra Papapostolou\" \/>\n<meta name=\"robots\" content=\"index, follow, max-snippet:-1, max-image-preview:large, max-video-preview:-1\" \/>\n<link rel=\"canonical\" href=\"https:\/\/ikastikos-kiklos.com\/en\/black-humor-the-revolution-of-the-spirit-group-exhibition\/\" \/>\n<meta property=\"og:locale\" content=\"en_US\" \/>\n<meta property=\"og:type\" content=\"article\" \/>\n<meta property=\"og:title\" content=\"\u201cBlack Humor\u201d The revolution of the spirit | Group Exhibition\" \/>\n<meta property=\"og:description\" content=\"\u201cBlack Humor\u201d The revolution of the spirit | Group Exhibition curated by Hra Papapostolou\" \/>\n<meta property=\"og:url\" content=\"https:\/\/ikastikos-kiklos.com\/en\/black-humor-the-revolution-of-the-spirit-group-exhibition\/\" \/>\n<meta property=\"og:site_name\" content=\"Ikastikos Kiklos - Zografik\u00ed - Metaxotyp\u00edes - T\u00e9chniPainting - Silk Screen - Art\" \/>\n<meta property=\"article:publisher\" content=\"https:\/\/www.facebook.com\/ikastikoskiklossianti\/\" \/>\n<meta property=\"article:modified_time\" content=\"2024-10-14T07:55:50+00:00\" \/>\n<meta name=\"twitter:card\" content=\"summary_large_image\" \/>\n<meta name=\"twitter:label1\" content=\"Est. reading time\" \/>\n\t<meta name=\"twitter:data1\" content=\"6 minutes\" \/>\n<script type=\"application\/ld+json\" class=\"yoast-schema-graph\">{\"@context\":\"https:\/\/schema.org\",\"@graph\":[{\"@type\":\"WebPage\",\"@id\":\"https:\/\/ikastikos-kiklos.com\/en\/black-humor-the-revolution-of-the-spirit-group-exhibition\/\",\"url\":\"https:\/\/ikastikos-kiklos.com\/en\/black-humor-the-revolution-of-the-spirit-group-exhibition\/\",\"name\":\"\u201cBlack Humor\u201d The revolution of the spirit | Group Exhibition\",\"isPartOf\":{\"@id\":\"https:\/\/ikastikos-kiklos.com\/en\/#website\"},\"datePublished\":\"2024-10-02T09:13:43+00:00\",\"dateModified\":\"2024-10-14T07:55:50+00:00\",\"description\":\"\u201cBlack Humor\u201d The revolution of the spirit | Group Exhibition curated by Hra Papapostolou\",\"breadcrumb\":{\"@id\":\"https:\/\/ikastikos-kiklos.com\/en\/black-humor-the-revolution-of-the-spirit-group-exhibition\/#breadcrumb\"},\"inLanguage\":\"en-US\",\"potentialAction\":[{\"@type\":\"ReadAction\",\"target\":[\"https:\/\/ikastikos-kiklos.com\/en\/black-humor-the-revolution-of-the-spirit-group-exhibition\/\"]}]},{\"@type\":\"BreadcrumbList\",\"@id\":\"https:\/\/ikastikos-kiklos.com\/en\/black-humor-the-revolution-of-the-spirit-group-exhibition\/#breadcrumb\",\"itemListElement\":[{\"@type\":\"ListItem\",\"position\":1,\"name\":\"Home\",\"item\":\"https:\/\/ikastikos-kiklos.com\/en\/\"},{\"@type\":\"ListItem\",\"position\":2,\"name\":\"\u201cBlack Humor\u201d The revolution of the spirit | Group Exhibition\"}]},{\"@type\":\"WebSite\",\"@id\":\"https:\/\/ikastikos-kiklos.com\/en\/#website\",\"url\":\"https:\/\/ikastikos-kiklos.com\/en\/\",\"name\":\"Ikastikos Kiklos - Zografik\u00ed - Metaxotyp\u00edes - T\u00e9chniPainting - Silk Screen - Art\",\"description\":\"\",\"publisher\":{\"@id\":\"https:\/\/ikastikos-kiklos.com\/en\/#organization\"},\"potentialAction\":[{\"@type\":\"SearchAction\",\"target\":{\"@type\":\"EntryPoint\",\"urlTemplate\":\"https:\/\/ikastikos-kiklos.com\/en\/?s={search_term_string}\"},\"query-input\":{\"@type\":\"PropertyValueSpecification\",\"valueRequired\":true,\"valueName\":\"search_term_string\"}}],\"inLanguage\":\"en-US\"},{\"@type\":\"Organization\",\"@id\":\"https:\/\/ikastikos-kiklos.com\/en\/#organization\",\"name\":\"Ikastikos Kiklos - Zografik\u00ed - Metaxotyp\u00edes - T\u00e9chniPainting - Silk Screen - Art\",\"url\":\"https:\/\/ikastikos-kiklos.com\/en\/\",\"logo\":{\"@type\":\"ImageObject\",\"inLanguage\":\"en-US\",\"@id\":\"https:\/\/ikastikos-kiklos.com\/en\/#\/schema\/logo\/image\/\",\"url\":\"https:\/\/ikastikos-kiklos.com\/wp-content\/uploads\/2022\/10\/cropped-favicon_ikastikos.png\",\"contentUrl\":\"https:\/\/ikastikos-kiklos.com\/wp-content\/uploads\/2022\/10\/cropped-favicon_ikastikos.png\",\"width\":512,\"height\":512,\"caption\":\"Ikastikos Kiklos - Zografik\u00ed - Metaxotyp\u00edes - T\u00e9chniPainting - Silk Screen - Art\"},\"image\":{\"@id\":\"https:\/\/ikastikos-kiklos.com\/en\/#\/schema\/logo\/image\/\"},\"sameAs\":[\"https:\/\/www.facebook.com\/ikastikoskiklossianti\/\"]}]}<\/script>\n<!-- \/ Yoast SEO plugin. -->","yoast_head_json":{"title":"\u201cBlack Humor\u201d The revolution of the spirit | Group Exhibition","description":"\u201cBlack Humor\u201d The revolution of the spirit | Group Exhibition curated by Hra Papapostolou","robots":{"index":"index","follow":"follow","max-snippet":"max-snippet:-1","max-image-preview":"max-image-preview:large","max-video-preview":"max-video-preview:-1"},"canonical":"https:\/\/ikastikos-kiklos.com\/en\/black-humor-the-revolution-of-the-spirit-group-exhibition\/","og_locale":"en_US","og_type":"article","og_title":"\u201cBlack Humor\u201d The revolution of the spirit | Group Exhibition","og_description":"\u201cBlack Humor\u201d The revolution of the spirit | Group Exhibition curated by Hra Papapostolou","og_url":"https:\/\/ikastikos-kiklos.com\/en\/black-humor-the-revolution-of-the-spirit-group-exhibition\/","og_site_name":"Ikastikos Kiklos - Zografik\u00ed - Metaxotyp\u00edes - T\u00e9chniPainting - Silk Screen - Art","article_publisher":"https:\/\/www.facebook.com\/ikastikoskiklossianti\/","article_modified_time":"2024-10-14T07:55:50+00:00","twitter_card":"summary_large_image","twitter_misc":{"Est. reading time":"6 minutes"},"schema":{"@context":"https:\/\/schema.org","@graph":[{"@type":"WebPage","@id":"https:\/\/ikastikos-kiklos.com\/en\/black-humor-the-revolution-of-the-spirit-group-exhibition\/","url":"https:\/\/ikastikos-kiklos.com\/en\/black-humor-the-revolution-of-the-spirit-group-exhibition\/","name":"\u201cBlack Humor\u201d The revolution of the spirit | Group Exhibition","isPartOf":{"@id":"https:\/\/ikastikos-kiklos.com\/en\/#website"},"datePublished":"2024-10-02T09:13:43+00:00","dateModified":"2024-10-14T07:55:50+00:00","description":"\u201cBlack Humor\u201d The revolution of the spirit | Group Exhibition curated by Hra Papapostolou","breadcrumb":{"@id":"https:\/\/ikastikos-kiklos.com\/en\/black-humor-the-revolution-of-the-spirit-group-exhibition\/#breadcrumb"},"inLanguage":"en-US","potentialAction":[{"@type":"ReadAction","target":["https:\/\/ikastikos-kiklos.com\/en\/black-humor-the-revolution-of-the-spirit-group-exhibition\/"]}]},{"@type":"BreadcrumbList","@id":"https:\/\/ikastikos-kiklos.com\/en\/black-humor-the-revolution-of-the-spirit-group-exhibition\/#breadcrumb","itemListElement":[{"@type":"ListItem","position":1,"name":"Home","item":"https:\/\/ikastikos-kiklos.com\/en\/"},{"@type":"ListItem","position":2,"name":"\u201cBlack Humor\u201d The revolution of the spirit | Group Exhibition"}]},{"@type":"WebSite","@id":"https:\/\/ikastikos-kiklos.com\/en\/#website","url":"https:\/\/ikastikos-kiklos.com\/en\/","name":"Ikastikos Kiklos - Zografik\u00ed - Metaxotyp\u00edes - T\u00e9chniPainting - Silk Screen - Art","description":"","publisher":{"@id":"https:\/\/ikastikos-kiklos.com\/en\/#organization"},"potentialAction":[{"@type":"SearchAction","target":{"@type":"EntryPoint","urlTemplate":"https:\/\/ikastikos-kiklos.com\/en\/?s={search_term_string}"},"query-input":{"@type":"PropertyValueSpecification","valueRequired":true,"valueName":"search_term_string"}}],"inLanguage":"en-US"},{"@type":"Organization","@id":"https:\/\/ikastikos-kiklos.com\/en\/#organization","name":"Ikastikos Kiklos - Zografik\u00ed - Metaxotyp\u00edes - T\u00e9chniPainting - Silk Screen - Art","url":"https:\/\/ikastikos-kiklos.com\/en\/","logo":{"@type":"ImageObject","inLanguage":"en-US","@id":"https:\/\/ikastikos-kiklos.com\/en\/#\/schema\/logo\/image\/","url":"https:\/\/ikastikos-kiklos.com\/wp-content\/uploads\/2022\/10\/cropped-favicon_ikastikos.png","contentUrl":"https:\/\/ikastikos-kiklos.com\/wp-content\/uploads\/2022\/10\/cropped-favicon_ikastikos.png","width":512,"height":512,"caption":"Ikastikos Kiklos - Zografik\u00ed - Metaxotyp\u00edes - T\u00e9chniPainting - Silk Screen - Art"},"image":{"@id":"https:\/\/ikastikos-kiklos.com\/en\/#\/schema\/logo\/image\/"},"sameAs":["https:\/\/www.facebook.com\/ikastikoskiklossianti\/"]}]}},"_links":{"self":[{"href":"https:\/\/ikastikos-kiklos.com\/en\/wp-json\/wp\/v2\/pages\/49586","targetHints":{"allow":["GET"]}}],"collection":[{"href":"https:\/\/ikastikos-kiklos.com\/en\/wp-json\/wp\/v2\/pages"}],"about":[{"href":"https:\/\/ikastikos-kiklos.com\/en\/wp-json\/wp\/v2\/types\/page"}],"author":[{"embeddable":true,"href":"https:\/\/ikastikos-kiklos.com\/en\/wp-json\/wp\/v2\/users\/3"}],"replies":[{"embeddable":true,"href":"https:\/\/ikastikos-kiklos.com\/en\/wp-json\/wp\/v2\/comments?post=49586"}],"version-history":[{"count":5,"href":"https:\/\/ikastikos-kiklos.com\/en\/wp-json\/wp\/v2\/pages\/49586\/revisions"}],"predecessor-version":[{"id":49953,"href":"https:\/\/ikastikos-kiklos.com\/en\/wp-json\/wp\/v2\/pages\/49586\/revisions\/49953"}],"wp:attachment":[{"href":"https:\/\/ikastikos-kiklos.com\/en\/wp-json\/wp\/v2\/media?parent=49586"}],"curies":[{"name":"wp","href":"https:\/\/api.w.org\/{rel}","templated":true}]}}