{"id":49421,"date":"2024-09-06T10:06:21","date_gmt":"2024-09-06T07:06:21","guid":{"rendered":"https:\/\/ikastikos-kiklos.com\/art-athina-2024-three-paintings-of-illusion\/"},"modified":"2024-09-07T10:23:32","modified_gmt":"2024-09-07T07:23:32","slug":"art-athina-2024-three-paintings-of-illusion","status":"publish","type":"page","link":"https:\/\/ikastikos-kiklos.com\/en\/art-athina-2024-three-paintings-of-illusion\/","title":{"rendered":"Art Athina 2024 \u2013 \u201cThree Paintings of Illusion\u201d"},"content":{"rendered":"<div class=\"wpb-content-wrapper\"><p>[vc_row][vc_column width=&#8221;2\/3&#8243;]<div class=\"nm-banner-slider slider-type-boxed slick-slider slick-controls-gray slick-dots-disabled\" >\n\t\t\t<div class=\"nm-banner content-full image-type-fluid text-color-dark\" style=\"\"><img decoding=\"async\" src=\"https:\/\/ikastikos-kiklos.com\/wp-content\/uploads\/2024\/09\/site-banner-2.png\" alt=\"site banner 2\" \/>\n\t\t\t<\/div><\/div>[vc_empty_space height=&#8221;20px&#8221;][vc_custom_heading text=&#8221;Art Athina 2024 \u2013 \u201cThree Paintings of Illusion\u201d L. Giannakopoulos | L. Belivanaki | V. Selimas&#8221; google_fonts=&#8221;font_family:Ubuntu%20Condensed%3Aregular|font_style:400%20regular%3A400%3Anormal&#8221;][vc_empty_space height=&#8221;20px&#8221;][vc_column_text]<\/p>\n<div id=\"paragraph_with_max_height\" class=\"overflow-hidden\">\n<p>The biggest annual visual event in Greece,&nbsp;<strong>Art Athina 2024<\/strong>, gives the art- loving public the opportunity to get to know the latest proposals of the galleries, to see not only historical works but also contemporary ones and to get in touch with the prevailing trends and currents in Greece and abroad. The&nbsp;<strong>Zappeion Megaro<\/strong>&nbsp;for one more year from&nbsp;<strong>September 19 to 23<\/strong>&nbsp;becomes a meeting point of different artistic paths with contemporary art as a central axis.&nbsp;<strong>Sianti Gallery at Booth L27<\/strong>&nbsp;participates in the diverse event, which is again this year under the auspices of S.A. of the President of the Republic, Katerina Sakellaropoulou, with&nbsp;<strong>\u201cThree Paintings of the Illusion\u201d<\/strong>.<\/p>\n<p>Three artists, Leonidas Giannakopoulos, Lila Belivanaki and Vassilis Selimas, recognizing the urgent need to renew painting, exhibit post- surrealist works, which complete the visual identity of the fair. The curator of the exhibition, Thanasis Moutsopoulos notes about this parasthetic, visionary puzzle, which synthesizes all aspects of mass culture, comics and street art, video games and even tattoos.<\/p>\n<p><em>\u201cA whole history of painting parades before the viewer, from medieval motifs to painted versions of the modern and from there to pop art and comics and even video games. The three of them accept that the painting perspective has changed and use the process of television zapping or internet surfing as components of a new painting perception. If the so- called Leipzig school in Europe and the Californian scene around the magazine of longing broke the pre- modern taboo of using a single painting language in a box, introducing all kinds of modifications, these three painters explore the (from what it seems, limitless) possibilities of this painting mixture\u2026\u201d<\/em><\/p>\n<h3>SEE THE CATALOGUE<br \/>\n<iframe style=\"width: 900px; height: 500px;\" src=\"https:\/\/online.fliphtml5.com\/aomdi\/yutr\/\" frameborder=\"0\" scrolling=\"no\" seamless=\"seamless\" allowfullscreen=\"allowfullscreen\"><\/iframe><\/h3>\n<p><strong>Leonidas Giannakopoulos<\/strong>&nbsp;lives and works in two parallel universes, that of one of the most active street artists in Athens and Europe and that of a painter in the contemporary art universe. A large part of his work is black and white with the main characteristic being hybrid forms where parts and fragments of pre-existing objects or beings are intertwined into a complex whole. Ultimately, human flesh, machines and ruins of newly constructed buildings are crushed in his painting.<\/p>\n<p><strong>Lila Belivanaki<\/strong>&nbsp;presents a complex Totem consisting of painting compositions. The work \u201cOtoteman-In Memoriam\u201d includes elements of two different cultures and manages to tie them into a harmonious visual presentation. The individual projects, which also operate autonomously, are lined up in a Totem formation. After all, these phrases reflect the way Indian tribes and Western civilization say goodbye to their dead.<\/p>\n<p><strong>Vassilis Selimas<\/strong>&nbsp;makes a kind of painting collage: Everything is dissolved, fragmented, reassembled. He tells his personal stories using the human figure as raw material, while children are the core of his work. It is the artist\u2019s need to converse with the inner child and explore the roots of trauma. Therefore, the body dominant element is marked by dots\/stickers\/badges, disintegrated, cut and sewn, becoming in the end a deconstructed sum of fragments and fragments.<\/p>\n<p><strong>At booth L27 of the fair, the marginal deconstruction of forms and symbols distort the architectural space itself into another psychedelic aesthetic. Ultimately, the three artists manage to strike a balance between raw reality and visionary absurdity. This is an achievement. The breaking of narratives that turn them into paintings is also an achievement. And they even defend it furiously.<\/strong><\/p>\n<\/div>\n<p>[\/vc_column_text][vc_empty_space height=&#8221;20px&#8221;][\/vc_column][vc_column width=&#8221;1\/3&#8243;]<div class=\"nm-banner-slider slider-type-boxed slick-slider slick-controls-gray slick-dots-disabled\" >\n\t\t\t<div class=\"nm-banner content-full image-type-fluid text-color-dark\" style=\"\"><img decoding=\"async\" src=\"https:\/\/ikastikos-kiklos.com\/wp-content\/uploads\/2024\/09\/1.A\u03cd\u03c1\u03b1-\u03b1\u03ba\u03c1\u03c5\u03bb\u03b9\u03ba\u03ac-\u03c3\u03b5-\u03ba\u03b1\u03bc\u03b2\u03ac-40x40-cm-2022.jpg\" alt=\"1.A\u03c5\u0301\u03c1\u03b1, \u03b1\u03ba\u03c1\u03c5\u03bb\u03b9\u03ba\u03b1\u0301 \u03c3\u03b5 \u03ba\u03b1\u03bc\u03b2\u03b1\u0301, 40&#215;40 cm, 2022\" \/>\n\t\t\t<\/div>\n\t\t\t<div class=\"nm-banner content-full image-type-fluid text-color-dark\" style=\"\"><img decoding=\"async\" src=\"https:\/\/ikastikos-kiklos.com\/wp-content\/uploads\/2024\/09\/Ergo_6807-scaled.jpg\" alt=\"Ergo_6807\" \/>\n\t\t\t<\/div>\n\t\t\t<div class=\"nm-banner content-full image-type-fluid text-color-dark\" style=\"\"><img decoding=\"async\" src=\"https:\/\/ikastikos-kiklos.com\/wp-content\/uploads\/2024\/09\/The-garden-of-lost-prophecies-2022-2023-100x129-cm-ink-on-paper1-scaled.jpg\" alt=\"The garden of lost prophecies 2022-2023 100&#215;129 cm ink on paper1\" \/>\n\t\t\t<\/div><\/div>[vc_empty_space height=&#8221;20px&#8221;][vc_column_text]<strong>When?<\/strong> 19-23 September 2024<br \/>\n<strong>Where?<\/strong> Zappeion Megaron[\/vc_column_text][vc_empty_space height=&#8221;20px&#8221;][\/vc_column][\/vc_row]<\/p>\n<\/div>","protected":false},"excerpt":{"rendered":"<p>[vc_row][vc_column width=&#8221;2\/3&#8243;][vc_empty_space height=&#8221;20px&#8221;][vc_custom_heading text=&#8221;Art Athina 2024 \u2013 \u201cThree Paintings of Illusion\u201d L. Giannakopoulos | L. &hellip;<\/p>\n","protected":false},"author":3,"featured_media":0,"parent":0,"menu_order":0,"comment_status":"closed","ping_status":"closed","template":"","meta":{"ngg_post_thumbnail":0,"footnotes":""},"class_list":["post-49421","page","type-page","status-publish","hentry"],"yoast_head":"<!-- This site is optimized with the Yoast SEO plugin v27.2 - https:\/\/yoast.com\/product\/yoast-seo-wordpress\/ -->\n<title>Art Athina 2024 \u2013 \u201cThree Paintings of Illusion\u201d<\/title>\n<meta name=\"description\" content=\"Art Athina 2024 \u2013 \u201cThree Paintings of Illusion\u201d Leonidas Giannakopoulos, Lila Belivanaki and Vassilis Selimas in Booth L27\" \/>\n<meta name=\"robots\" content=\"index, follow, max-snippet:-1, max-image-preview:large, max-video-preview:-1\" \/>\n<link rel=\"canonical\" href=\"https:\/\/ikastikos-kiklos.com\/en\/art-athina-2024-three-paintings-of-illusion\/\" \/>\n<meta property=\"og:locale\" content=\"en_US\" \/>\n<meta property=\"og:type\" content=\"article\" \/>\n<meta property=\"og:title\" content=\"Art Athina 2024 \u2013 \u201cThree Paintings of Illusion\u201d\" \/>\n<meta property=\"og:description\" content=\"Art Athina 2024 \u2013 \u201cThree Paintings of Illusion\u201d Leonidas Giannakopoulos, Lila Belivanaki and Vassilis Selimas in Booth L27\" \/>\n<meta property=\"og:url\" content=\"https:\/\/ikastikos-kiklos.com\/en\/art-athina-2024-three-paintings-of-illusion\/\" \/>\n<meta property=\"og:site_name\" content=\"Ikastikos Kiklos - Zografik\u00ed - Metaxotyp\u00edes - T\u00e9chniPainting - Silk Screen - Art\" \/>\n<meta property=\"article:publisher\" content=\"https:\/\/www.facebook.com\/ikastikoskiklossianti\/\" \/>\n<meta property=\"article:modified_time\" content=\"2024-09-07T07:23:32+00:00\" \/>\n<meta name=\"twitter:card\" content=\"summary_large_image\" \/>\n<meta name=\"twitter:label1\" content=\"Est. reading time\" \/>\n\t<meta name=\"twitter:data1\" content=\"5 minutes\" \/>\n<script type=\"application\/ld+json\" class=\"yoast-schema-graph\">{\"@context\":\"https:\/\/schema.org\",\"@graph\":[{\"@type\":\"WebPage\",\"@id\":\"https:\/\/ikastikos-kiklos.com\/en\/art-athina-2024-three-paintings-of-illusion\/\",\"url\":\"https:\/\/ikastikos-kiklos.com\/en\/art-athina-2024-three-paintings-of-illusion\/\",\"name\":\"Art Athina 2024 \u2013 \u201cThree Paintings of Illusion\u201d\",\"isPartOf\":{\"@id\":\"https:\/\/ikastikos-kiklos.com\/en\/#website\"},\"datePublished\":\"2024-09-06T07:06:21+00:00\",\"dateModified\":\"2024-09-07T07:23:32+00:00\",\"description\":\"Art Athina 2024 \u2013 \u201cThree Paintings of Illusion\u201d Leonidas Giannakopoulos, Lila Belivanaki and Vassilis Selimas in Booth L27\",\"breadcrumb\":{\"@id\":\"https:\/\/ikastikos-kiklos.com\/en\/art-athina-2024-three-paintings-of-illusion\/#breadcrumb\"},\"inLanguage\":\"en-US\",\"potentialAction\":[{\"@type\":\"ReadAction\",\"target\":[\"https:\/\/ikastikos-kiklos.com\/en\/art-athina-2024-three-paintings-of-illusion\/\"]}]},{\"@type\":\"BreadcrumbList\",\"@id\":\"https:\/\/ikastikos-kiklos.com\/en\/art-athina-2024-three-paintings-of-illusion\/#breadcrumb\",\"itemListElement\":[{\"@type\":\"ListItem\",\"position\":1,\"name\":\"Home\",\"item\":\"https:\/\/ikastikos-kiklos.com\/en\/\"},{\"@type\":\"ListItem\",\"position\":2,\"name\":\"Art Athina 2024 \u2013 \u201cThree Paintings of Illusion\u201d\"}]},{\"@type\":\"WebSite\",\"@id\":\"https:\/\/ikastikos-kiklos.com\/en\/#website\",\"url\":\"https:\/\/ikastikos-kiklos.com\/en\/\",\"name\":\"Ikastikos Kiklos - Zografik\u00ed - Metaxotyp\u00edes - T\u00e9chniPainting - Silk Screen - Art\",\"description\":\"\",\"publisher\":{\"@id\":\"https:\/\/ikastikos-kiklos.com\/en\/#organization\"},\"potentialAction\":[{\"@type\":\"SearchAction\",\"target\":{\"@type\":\"EntryPoint\",\"urlTemplate\":\"https:\/\/ikastikos-kiklos.com\/en\/?s={search_term_string}\"},\"query-input\":{\"@type\":\"PropertyValueSpecification\",\"valueRequired\":true,\"valueName\":\"search_term_string\"}}],\"inLanguage\":\"en-US\"},{\"@type\":\"Organization\",\"@id\":\"https:\/\/ikastikos-kiklos.com\/en\/#organization\",\"name\":\"Ikastikos Kiklos - Zografik\u00ed - Metaxotyp\u00edes - T\u00e9chniPainting - Silk Screen - Art\",\"url\":\"https:\/\/ikastikos-kiklos.com\/en\/\",\"logo\":{\"@type\":\"ImageObject\",\"inLanguage\":\"en-US\",\"@id\":\"https:\/\/ikastikos-kiklos.com\/en\/#\/schema\/logo\/image\/\",\"url\":\"https:\/\/ikastikos-kiklos.com\/wp-content\/uploads\/2022\/10\/cropped-favicon_ikastikos.png\",\"contentUrl\":\"https:\/\/ikastikos-kiklos.com\/wp-content\/uploads\/2022\/10\/cropped-favicon_ikastikos.png\",\"width\":512,\"height\":512,\"caption\":\"Ikastikos Kiklos - Zografik\u00ed - Metaxotyp\u00edes - T\u00e9chniPainting - Silk Screen - Art\"},\"image\":{\"@id\":\"https:\/\/ikastikos-kiklos.com\/en\/#\/schema\/logo\/image\/\"},\"sameAs\":[\"https:\/\/www.facebook.com\/ikastikoskiklossianti\/\"]}]}<\/script>\n<!-- \/ Yoast SEO plugin. -->","yoast_head_json":{"title":"Art Athina 2024 \u2013 \u201cThree Paintings of Illusion\u201d","description":"Art Athina 2024 \u2013 \u201cThree Paintings of Illusion\u201d Leonidas Giannakopoulos, Lila Belivanaki and Vassilis Selimas in Booth L27","robots":{"index":"index","follow":"follow","max-snippet":"max-snippet:-1","max-image-preview":"max-image-preview:large","max-video-preview":"max-video-preview:-1"},"canonical":"https:\/\/ikastikos-kiklos.com\/en\/art-athina-2024-three-paintings-of-illusion\/","og_locale":"en_US","og_type":"article","og_title":"Art Athina 2024 \u2013 \u201cThree Paintings of Illusion\u201d","og_description":"Art Athina 2024 \u2013 \u201cThree Paintings of Illusion\u201d Leonidas Giannakopoulos, Lila Belivanaki and Vassilis Selimas in Booth L27","og_url":"https:\/\/ikastikos-kiklos.com\/en\/art-athina-2024-three-paintings-of-illusion\/","og_site_name":"Ikastikos Kiklos - Zografik\u00ed - Metaxotyp\u00edes - T\u00e9chniPainting - Silk Screen - Art","article_publisher":"https:\/\/www.facebook.com\/ikastikoskiklossianti\/","article_modified_time":"2024-09-07T07:23:32+00:00","twitter_card":"summary_large_image","twitter_misc":{"Est. reading time":"5 minutes"},"schema":{"@context":"https:\/\/schema.org","@graph":[{"@type":"WebPage","@id":"https:\/\/ikastikos-kiklos.com\/en\/art-athina-2024-three-paintings-of-illusion\/","url":"https:\/\/ikastikos-kiklos.com\/en\/art-athina-2024-three-paintings-of-illusion\/","name":"Art Athina 2024 \u2013 \u201cThree Paintings of Illusion\u201d","isPartOf":{"@id":"https:\/\/ikastikos-kiklos.com\/en\/#website"},"datePublished":"2024-09-06T07:06:21+00:00","dateModified":"2024-09-07T07:23:32+00:00","description":"Art Athina 2024 \u2013 \u201cThree Paintings of Illusion\u201d Leonidas Giannakopoulos, Lila Belivanaki and Vassilis Selimas in Booth L27","breadcrumb":{"@id":"https:\/\/ikastikos-kiklos.com\/en\/art-athina-2024-three-paintings-of-illusion\/#breadcrumb"},"inLanguage":"en-US","potentialAction":[{"@type":"ReadAction","target":["https:\/\/ikastikos-kiklos.com\/en\/art-athina-2024-three-paintings-of-illusion\/"]}]},{"@type":"BreadcrumbList","@id":"https:\/\/ikastikos-kiklos.com\/en\/art-athina-2024-three-paintings-of-illusion\/#breadcrumb","itemListElement":[{"@type":"ListItem","position":1,"name":"Home","item":"https:\/\/ikastikos-kiklos.com\/en\/"},{"@type":"ListItem","position":2,"name":"Art Athina 2024 \u2013 \u201cThree Paintings of Illusion\u201d"}]},{"@type":"WebSite","@id":"https:\/\/ikastikos-kiklos.com\/en\/#website","url":"https:\/\/ikastikos-kiklos.com\/en\/","name":"Ikastikos Kiklos - Zografik\u00ed - Metaxotyp\u00edes - T\u00e9chniPainting - Silk Screen - Art","description":"","publisher":{"@id":"https:\/\/ikastikos-kiklos.com\/en\/#organization"},"potentialAction":[{"@type":"SearchAction","target":{"@type":"EntryPoint","urlTemplate":"https:\/\/ikastikos-kiklos.com\/en\/?s={search_term_string}"},"query-input":{"@type":"PropertyValueSpecification","valueRequired":true,"valueName":"search_term_string"}}],"inLanguage":"en-US"},{"@type":"Organization","@id":"https:\/\/ikastikos-kiklos.com\/en\/#organization","name":"Ikastikos Kiklos - Zografik\u00ed - Metaxotyp\u00edes - T\u00e9chniPainting - Silk Screen - Art","url":"https:\/\/ikastikos-kiklos.com\/en\/","logo":{"@type":"ImageObject","inLanguage":"en-US","@id":"https:\/\/ikastikos-kiklos.com\/en\/#\/schema\/logo\/image\/","url":"https:\/\/ikastikos-kiklos.com\/wp-content\/uploads\/2022\/10\/cropped-favicon_ikastikos.png","contentUrl":"https:\/\/ikastikos-kiklos.com\/wp-content\/uploads\/2022\/10\/cropped-favicon_ikastikos.png","width":512,"height":512,"caption":"Ikastikos Kiklos - Zografik\u00ed - Metaxotyp\u00edes - T\u00e9chniPainting - Silk Screen - Art"},"image":{"@id":"https:\/\/ikastikos-kiklos.com\/en\/#\/schema\/logo\/image\/"},"sameAs":["https:\/\/www.facebook.com\/ikastikoskiklossianti\/"]}]}},"_links":{"self":[{"href":"https:\/\/ikastikos-kiklos.com\/en\/wp-json\/wp\/v2\/pages\/49421","targetHints":{"allow":["GET"]}}],"collection":[{"href":"https:\/\/ikastikos-kiklos.com\/en\/wp-json\/wp\/v2\/pages"}],"about":[{"href":"https:\/\/ikastikos-kiklos.com\/en\/wp-json\/wp\/v2\/types\/page"}],"author":[{"embeddable":true,"href":"https:\/\/ikastikos-kiklos.com\/en\/wp-json\/wp\/v2\/users\/3"}],"replies":[{"embeddable":true,"href":"https:\/\/ikastikos-kiklos.com\/en\/wp-json\/wp\/v2\/comments?post=49421"}],"version-history":[{"count":4,"href":"https:\/\/ikastikos-kiklos.com\/en\/wp-json\/wp\/v2\/pages\/49421\/revisions"}],"predecessor-version":[{"id":49427,"href":"https:\/\/ikastikos-kiklos.com\/en\/wp-json\/wp\/v2\/pages\/49421\/revisions\/49427"}],"wp:attachment":[{"href":"https:\/\/ikastikos-kiklos.com\/en\/wp-json\/wp\/v2\/media?parent=49421"}],"curies":[{"name":"wp","href":"https:\/\/api.w.org\/{rel}","templated":true}]}}