{"id":48481,"date":"2024-04-20T17:05:23","date_gmt":"2024-04-20T14:05:23","guid":{"rendered":"https:\/\/ikastikos-kiklos.com\/solo-exhibition-stelios-gavalas-equal-line\/"},"modified":"2024-04-20T17:15:47","modified_gmt":"2024-04-20T14:15:47","slug":"solo-exhibition-stelios-gavalas-equal-line","status":"publish","type":"page","link":"https:\/\/ikastikos-kiklos.com\/en\/solo-exhibition-stelios-gavalas-equal-line\/","title":{"rendered":"Solo Exhibition Stelios Gavalas \u201cEqual Line\u201d"},"content":{"rendered":"<div class=\"wpb-content-wrapper\"><p>[vc_row][vc_column width=&#8221;2\/3&#8243;]\n\t\t\t<div class=\"nm-banner content-full image-type-fluid text-color-dark\" style=\"\"><img decoding=\"async\" src=\"https:\/\/ikastikos-kiklos.com\/wp-content\/uploads\/2024\/04\/SITE-BANNER-\u0394\u0399\u0391\u03a1\u039a\u0395\u0399\u0391-eng.png\" alt=\"SITE BANNER \u0394\u0399\u0391\u03a1\u039a\u0395\u0399\u0391-eng\" \/>\n\t\t\t<\/div>[vc_empty_space height=&#8221;20px&#8221;][vc_custom_heading text=&#8221;Stelios Gavalas \u201cEqual Line\u201d&#8221; google_fonts=&#8221;font_family:Ubuntu%20Condensed%3Aregular|font_style:400%20regular%3A400%3Anormal&#8221;][vc_empty_space height=&#8221;20px&#8221;][vc_column_text]<\/p>\n<div id=\"paragraph_with_max_height\" class=\"overflow-hidden\">\n<p>Sianti Gallery on&nbsp;<strong>Thursday 9 May 2024 at 19.30<\/strong>&nbsp;opens the solo sculpture exhibition of&nbsp;<strong>Stelios Gavalas entitled \u201cEqual Line\u201d<\/strong>&nbsp;curated by&nbsp;<strong>Yiannis Kolokotronis<\/strong>, professor of Western Art.<\/p>\n<p>In the present exhibition, a charming approach is taken to sculpture works, which evoke spatial experiences, adopting the characteristics and qualities of architectural creation. These are works that recreate, define as \u201clandmarks\u201d or even delimit the space, always highlighting the place in which they are created.<\/p>\n<p>One such is the workshop of Stelios Gavalas. Filled with tools it is still a microcosm in itself, reflecting the artist\u2019s method of creation. The curator of the exhibition, Yiannis Kolokotronis, writes about the works in this apparent chaos:&nbsp;<em>\u201c\u2026 From 2020 onwards, Stelios Gavalas has reopened to a different exploration than the utopian scaffolding series of his neoclassical houses Athens of the 1930s where clouds, floating boats and floating states met. His new project is a combined effort to weave a web of experiences that transcend the boundaries of time and technology and to take the viewer on a journey of auditory sensation, memory and emotion that connects people. Five polished ships\u2019 portholes lose their functional status and become conduits for a symphony of sounds. Also equipped such as the Musical Fougaros of Alimos with built- in speakers inside their cylindrical bodies, with strings and musical keys outside, echoing the sounds of the sea and the wind, amplifying the acoustic experience of the space, transforming their realistic context and altering the memory&nbsp;<\/em><em>to be replaced by modern acoustic aesthetics.\u201d<\/em><\/p>\n<p>Gavalas\u2019 works reduce sculpture to an experiential experience, where perception and senses are stimulated. And this is because the sculptures were sculpted based on the characteristics of the natural landscape, within which each of us emotionally harmonizes. That is why the curator of the exhibition notes that symbolism, metaphor, and allegory complement the tools in the sculptor\u2019s workshop, emphasizing:&nbsp;<em>\u201c\u2026Each of his works is a powerful antidote to contemporary visual mnemonic poetry. And the sea, as a central point of reference, becomes something more than a simple natural entity: it becomes a repository of shared experiences, feelings and reflections about the beauty and fragility of our natural world. And this is a political and social statement about the human journey through the lens of hope and optimism for a better world.\u201d<\/em><\/p>\n<p>Ultimately, the treatment of the sculptures\u2019 materials, their scale, the relationship between full and empty, the play with light and sound, remove them from the category of exhibits, which are limited only to their observation by the viewer. They work more like a challenge for each of us to \u201cexperience\u201d them, to listen to our own needs.&nbsp;<strong>Mainly to travel through the senses to the experiences that the works present. However, which aspect of them the viewer will follow is his choice\u2026<\/strong><\/p>\n<\/div>\n<p>[\/vc_column_text][\/vc_column][vc_column width=&#8221;1\/3&#8243;]<div class=\"nm-banner-slider slider-type-boxed slick-slider slick-controls-gray slick-dots-disabled\" data-arrows=\"true\" >\n\t\t\t<div class=\"nm-banner content-full image-type-fluid text-color-dark\" style=\"\"><img decoding=\"async\" src=\"https:\/\/ikastikos-kiklos.com\/wp-content\/uploads\/2024\/04\/Ydatopyrgos-0857.jpg\" alt=\"Ydatopyrgos 0857\" \/>\n\t\t\t<\/div>\n\t\t\t<div class=\"nm-banner content-full image-type-fluid text-color-dark\" style=\"\"><img decoding=\"async\" src=\"https:\/\/ikastikos-kiklos.com\/wp-content\/uploads\/2024\/04\/destra-3530.jpg\" alt=\"destra 3530\" \/>\n\t\t\t<\/div>\n\t\t\t<div class=\"nm-banner content-full image-type-fluid text-color-dark\" style=\"\"><img decoding=\"async\" src=\"https:\/\/ikastikos-kiklos.com\/wp-content\/uploads\/2024\/04\/Fougaro-0852.jpg\" alt=\"Fougaro 0852\" \/>\n\t\t\t<\/div><\/div>[vc_empty_space height=&#8221;20px&#8221;][vc_column_text]OPENING<br \/>\n<strong>Thursday 9th of May 2024,&nbsp;<\/strong>at&nbsp;<strong>7.30p.m.<\/strong><\/p>\n<p>DURATION<br \/>\n<strong>9\/5 &#8211; 1\/6\/2024<\/strong><\/p>\n<p>CURATION<br \/>\n<strong>Giannis Kolokotronis<\/strong>[\/vc_column_text][\/vc_column][\/vc_row]<\/p>\n<\/div>","protected":false},"excerpt":{"rendered":"<p>[vc_row][vc_column width=&#8221;2\/3&#8243;][vc_empty_space height=&#8221;20px&#8221;][vc_custom_heading text=&#8221;Stelios Gavalas \u201cEqual Line\u201d&#8221; google_fonts=&#8221;font_family:Ubuntu%20Condensed%3Aregular|font_style:400%20regular%3A400%3Anormal&#8221;][vc_empty_space height=&#8221;20px&#8221;][vc_column_text] Sianti Gallery on&nbsp;Thursday 9 May 2024 &hellip;<\/p>\n","protected":false},"author":3,"featured_media":0,"parent":0,"menu_order":0,"comment_status":"closed","ping_status":"closed","template":"","meta":{"ngg_post_thumbnail":0,"footnotes":""},"class_list":["post-48481","page","type-page","status-publish","hentry"],"yoast_head":"<!-- This site is optimized with the Yoast SEO plugin v27.2 - https:\/\/yoast.com\/product\/yoast-seo-wordpress\/ -->\n<title>Stelios Gavalas \u201cEqual Line\u201d<\/title>\n<meta name=\"description\" content=\"Stelios Gavalas \u201cEqual Line\u201d Solo Exhibition at Sianti Gallery from 9 May to 1 June 2024 curated by Giannis Kolokotronis\" \/>\n<meta name=\"robots\" content=\"index, follow, max-snippet:-1, max-image-preview:large, max-video-preview:-1\" \/>\n<link rel=\"canonical\" href=\"https:\/\/ikastikos-kiklos.com\/en\/solo-exhibition-stelios-gavalas-equal-line\/\" \/>\n<meta property=\"og:locale\" content=\"en_US\" \/>\n<meta property=\"og:type\" content=\"article\" \/>\n<meta property=\"og:title\" content=\"Stelios Gavalas \u201cEqual Line\u201d\" \/>\n<meta property=\"og:description\" content=\"Stelios Gavalas \u201cEqual Line\u201d Solo Exhibition at Sianti Gallery from 9 May to 1 June 2024 curated by Giannis Kolokotronis\" \/>\n<meta property=\"og:url\" content=\"https:\/\/ikastikos-kiklos.com\/en\/solo-exhibition-stelios-gavalas-equal-line\/\" \/>\n<meta property=\"og:site_name\" content=\"Ikastikos Kiklos - Zografik\u00ed - Metaxotyp\u00edes - T\u00e9chniPainting - Silk Screen - Art\" \/>\n<meta property=\"article:publisher\" content=\"https:\/\/www.facebook.com\/ikastikoskiklossianti\/\" \/>\n<meta property=\"article:modified_time\" content=\"2024-04-20T14:15:47+00:00\" \/>\n<meta name=\"twitter:card\" content=\"summary_large_image\" \/>\n<meta name=\"twitter:label1\" content=\"Est. reading time\" \/>\n\t<meta name=\"twitter:data1\" content=\"4 minutes\" \/>\n<script type=\"application\/ld+json\" class=\"yoast-schema-graph\">{\"@context\":\"https:\/\/schema.org\",\"@graph\":[{\"@type\":\"WebPage\",\"@id\":\"https:\/\/ikastikos-kiklos.com\/en\/solo-exhibition-stelios-gavalas-equal-line\/\",\"url\":\"https:\/\/ikastikos-kiklos.com\/en\/solo-exhibition-stelios-gavalas-equal-line\/\",\"name\":\"Stelios Gavalas \u201cEqual Line\u201d\",\"isPartOf\":{\"@id\":\"https:\/\/ikastikos-kiklos.com\/en\/#website\"},\"datePublished\":\"2024-04-20T14:05:23+00:00\",\"dateModified\":\"2024-04-20T14:15:47+00:00\",\"description\":\"Stelios Gavalas \u201cEqual Line\u201d Solo Exhibition at Sianti Gallery from 9 May to 1 June 2024 curated by Giannis Kolokotronis\",\"breadcrumb\":{\"@id\":\"https:\/\/ikastikos-kiklos.com\/en\/solo-exhibition-stelios-gavalas-equal-line\/#breadcrumb\"},\"inLanguage\":\"en-US\",\"potentialAction\":[{\"@type\":\"ReadAction\",\"target\":[\"https:\/\/ikastikos-kiklos.com\/en\/solo-exhibition-stelios-gavalas-equal-line\/\"]}]},{\"@type\":\"BreadcrumbList\",\"@id\":\"https:\/\/ikastikos-kiklos.com\/en\/solo-exhibition-stelios-gavalas-equal-line\/#breadcrumb\",\"itemListElement\":[{\"@type\":\"ListItem\",\"position\":1,\"name\":\"Home\",\"item\":\"https:\/\/ikastikos-kiklos.com\/en\/\"},{\"@type\":\"ListItem\",\"position\":2,\"name\":\"Solo Exhibition Stelios Gavalas \u201cEqual Line\u201d\"}]},{\"@type\":\"WebSite\",\"@id\":\"https:\/\/ikastikos-kiklos.com\/en\/#website\",\"url\":\"https:\/\/ikastikos-kiklos.com\/en\/\",\"name\":\"Ikastikos Kiklos - Zografik\u00ed - Metaxotyp\u00edes - T\u00e9chniPainting - Silk Screen - Art\",\"description\":\"\",\"publisher\":{\"@id\":\"https:\/\/ikastikos-kiklos.com\/en\/#organization\"},\"potentialAction\":[{\"@type\":\"SearchAction\",\"target\":{\"@type\":\"EntryPoint\",\"urlTemplate\":\"https:\/\/ikastikos-kiklos.com\/en\/?s={search_term_string}\"},\"query-input\":{\"@type\":\"PropertyValueSpecification\",\"valueRequired\":true,\"valueName\":\"search_term_string\"}}],\"inLanguage\":\"en-US\"},{\"@type\":\"Organization\",\"@id\":\"https:\/\/ikastikos-kiklos.com\/en\/#organization\",\"name\":\"Ikastikos Kiklos - Zografik\u00ed - Metaxotyp\u00edes - T\u00e9chniPainting - Silk Screen - Art\",\"url\":\"https:\/\/ikastikos-kiklos.com\/en\/\",\"logo\":{\"@type\":\"ImageObject\",\"inLanguage\":\"en-US\",\"@id\":\"https:\/\/ikastikos-kiklos.com\/en\/#\/schema\/logo\/image\/\",\"url\":\"https:\/\/ikastikos-kiklos.com\/wp-content\/uploads\/2022\/10\/cropped-favicon_ikastikos.png\",\"contentUrl\":\"https:\/\/ikastikos-kiklos.com\/wp-content\/uploads\/2022\/10\/cropped-favicon_ikastikos.png\",\"width\":512,\"height\":512,\"caption\":\"Ikastikos Kiklos - Zografik\u00ed - Metaxotyp\u00edes - T\u00e9chniPainting - Silk Screen - Art\"},\"image\":{\"@id\":\"https:\/\/ikastikos-kiklos.com\/en\/#\/schema\/logo\/image\/\"},\"sameAs\":[\"https:\/\/www.facebook.com\/ikastikoskiklossianti\/\"]}]}<\/script>\n<!-- \/ Yoast SEO plugin. -->","yoast_head_json":{"title":"Stelios Gavalas \u201cEqual Line\u201d","description":"Stelios Gavalas \u201cEqual Line\u201d Solo Exhibition at Sianti Gallery from 9 May to 1 June 2024 curated by Giannis Kolokotronis","robots":{"index":"index","follow":"follow","max-snippet":"max-snippet:-1","max-image-preview":"max-image-preview:large","max-video-preview":"max-video-preview:-1"},"canonical":"https:\/\/ikastikos-kiklos.com\/en\/solo-exhibition-stelios-gavalas-equal-line\/","og_locale":"en_US","og_type":"article","og_title":"Stelios Gavalas \u201cEqual Line\u201d","og_description":"Stelios Gavalas \u201cEqual Line\u201d Solo Exhibition at Sianti Gallery from 9 May to 1 June 2024 curated by Giannis Kolokotronis","og_url":"https:\/\/ikastikos-kiklos.com\/en\/solo-exhibition-stelios-gavalas-equal-line\/","og_site_name":"Ikastikos Kiklos - Zografik\u00ed - Metaxotyp\u00edes - T\u00e9chniPainting - Silk Screen - Art","article_publisher":"https:\/\/www.facebook.com\/ikastikoskiklossianti\/","article_modified_time":"2024-04-20T14:15:47+00:00","twitter_card":"summary_large_image","twitter_misc":{"Est. reading time":"4 minutes"},"schema":{"@context":"https:\/\/schema.org","@graph":[{"@type":"WebPage","@id":"https:\/\/ikastikos-kiklos.com\/en\/solo-exhibition-stelios-gavalas-equal-line\/","url":"https:\/\/ikastikos-kiklos.com\/en\/solo-exhibition-stelios-gavalas-equal-line\/","name":"Stelios Gavalas \u201cEqual Line\u201d","isPartOf":{"@id":"https:\/\/ikastikos-kiklos.com\/en\/#website"},"datePublished":"2024-04-20T14:05:23+00:00","dateModified":"2024-04-20T14:15:47+00:00","description":"Stelios Gavalas \u201cEqual Line\u201d Solo Exhibition at Sianti Gallery from 9 May to 1 June 2024 curated by Giannis Kolokotronis","breadcrumb":{"@id":"https:\/\/ikastikos-kiklos.com\/en\/solo-exhibition-stelios-gavalas-equal-line\/#breadcrumb"},"inLanguage":"en-US","potentialAction":[{"@type":"ReadAction","target":["https:\/\/ikastikos-kiklos.com\/en\/solo-exhibition-stelios-gavalas-equal-line\/"]}]},{"@type":"BreadcrumbList","@id":"https:\/\/ikastikos-kiklos.com\/en\/solo-exhibition-stelios-gavalas-equal-line\/#breadcrumb","itemListElement":[{"@type":"ListItem","position":1,"name":"Home","item":"https:\/\/ikastikos-kiklos.com\/en\/"},{"@type":"ListItem","position":2,"name":"Solo Exhibition Stelios Gavalas \u201cEqual Line\u201d"}]},{"@type":"WebSite","@id":"https:\/\/ikastikos-kiklos.com\/en\/#website","url":"https:\/\/ikastikos-kiklos.com\/en\/","name":"Ikastikos Kiklos - Zografik\u00ed - Metaxotyp\u00edes - T\u00e9chniPainting - Silk Screen - Art","description":"","publisher":{"@id":"https:\/\/ikastikos-kiklos.com\/en\/#organization"},"potentialAction":[{"@type":"SearchAction","target":{"@type":"EntryPoint","urlTemplate":"https:\/\/ikastikos-kiklos.com\/en\/?s={search_term_string}"},"query-input":{"@type":"PropertyValueSpecification","valueRequired":true,"valueName":"search_term_string"}}],"inLanguage":"en-US"},{"@type":"Organization","@id":"https:\/\/ikastikos-kiklos.com\/en\/#organization","name":"Ikastikos Kiklos - Zografik\u00ed - Metaxotyp\u00edes - T\u00e9chniPainting - Silk Screen - Art","url":"https:\/\/ikastikos-kiklos.com\/en\/","logo":{"@type":"ImageObject","inLanguage":"en-US","@id":"https:\/\/ikastikos-kiklos.com\/en\/#\/schema\/logo\/image\/","url":"https:\/\/ikastikos-kiklos.com\/wp-content\/uploads\/2022\/10\/cropped-favicon_ikastikos.png","contentUrl":"https:\/\/ikastikos-kiklos.com\/wp-content\/uploads\/2022\/10\/cropped-favicon_ikastikos.png","width":512,"height":512,"caption":"Ikastikos Kiklos - Zografik\u00ed - Metaxotyp\u00edes - T\u00e9chniPainting - Silk Screen - Art"},"image":{"@id":"https:\/\/ikastikos-kiklos.com\/en\/#\/schema\/logo\/image\/"},"sameAs":["https:\/\/www.facebook.com\/ikastikoskiklossianti\/"]}]}},"_links":{"self":[{"href":"https:\/\/ikastikos-kiklos.com\/en\/wp-json\/wp\/v2\/pages\/48481","targetHints":{"allow":["GET"]}}],"collection":[{"href":"https:\/\/ikastikos-kiklos.com\/en\/wp-json\/wp\/v2\/pages"}],"about":[{"href":"https:\/\/ikastikos-kiklos.com\/en\/wp-json\/wp\/v2\/types\/page"}],"author":[{"embeddable":true,"href":"https:\/\/ikastikos-kiklos.com\/en\/wp-json\/wp\/v2\/users\/3"}],"replies":[{"embeddable":true,"href":"https:\/\/ikastikos-kiklos.com\/en\/wp-json\/wp\/v2\/comments?post=48481"}],"version-history":[{"count":4,"href":"https:\/\/ikastikos-kiklos.com\/en\/wp-json\/wp\/v2\/pages\/48481\/revisions"}],"predecessor-version":[{"id":48489,"href":"https:\/\/ikastikos-kiklos.com\/en\/wp-json\/wp\/v2\/pages\/48481\/revisions\/48489"}],"wp:attachment":[{"href":"https:\/\/ikastikos-kiklos.com\/en\/wp-json\/wp\/v2\/media?parent=48481"}],"curies":[{"name":"wp","href":"https:\/\/api.w.org\/{rel}","templated":true}]}}