{"id":47797,"date":"2024-02-06T17:01:53","date_gmt":"2024-02-06T15:01:53","guid":{"rendered":"https:\/\/ikastikos-kiklos.com\/sofia-fotiadou-out-of-the-box_fearless-solo-exhibition\/"},"modified":"2024-02-21T14:22:49","modified_gmt":"2024-02-21T12:22:49","slug":"sofia-fotiadou-out-of-the-box_fearless-solo-exhibition","status":"publish","type":"page","link":"https:\/\/ikastikos-kiklos.com\/en\/sofia-fotiadou-out-of-the-box_fearless-solo-exhibition\/","title":{"rendered":"Sofia Fotiadou &#8220;Out of the box_Fearless&#8221; Solo Exhibition"},"content":{"rendered":"<div class=\"wpb-content-wrapper\"><p>[vc_row][vc_column width=&#8221;2\/3&#8243;]<div class=\"nm-banner-slider slider-type-boxed slick-slider slick-controls-gray slick-dots-disabled\" >\n\t\t\t<div class=\"nm-banner content-full image-type-fluid text-color-dark\" style=\"\"><img decoding=\"async\" src=\"https:\/\/ikastikos-kiklos.com\/wp-content\/uploads\/2024\/02\/SITE-BANNER-\u039c\u0395-\u0394\u0399\u0391\u03a1\u039a\u0395\u0399\u0391-1.jpg\" alt=\"SITE BANNER \u039c\u0395 \u0394\u0399\u0391\u03a1\u039a\u0395\u0399\u0391\" \/>\n\t\t\t<\/div><\/div>[vc_empty_space height=&#8221;25px&#8221;][vc_custom_heading text=&#8221;Sofia Fotiadou &quot;Out of the box_Fearless&quot; Solo Exhibition&#8221; google_fonts=&#8221;font_family:Ubuntu%3A300%2C300italic%2Cregular%2Citalic%2C500%2C500italic%2C700%2C700italic|font_style:400%20regular%3A400%3Anormal&#8221;][vc_empty_space height=&#8221;25px&#8221;][vc_column_text]<br \/>\n<strong>Sianti Gallery<\/strong>\u00a0on\u00a0<strong>Friday 16 February 2024 at 19.00<\/strong> opened the solo exhibition of <strong>Sofia Fotiadou<\/strong>\u00a0entitled\u00a0<strong>\u201cOut of the box_Fearless\u201d<\/strong>. It is an exhibition, where she explores human subjects rendered with another original painting language: the choice<br \/>\nbetween (the \u201cappearance\u201d and the \u201cbeing\u201d) rationality and irrationality, the issues of truth and desire but also its taming and above all the spiritual quality of human existence. The enigmatic world of Fotiadou is made up of wonderful and strange, undeniably peculiar figures, who move between the past and the present.<\/p>\n<p>This hyper \u2013 realistic but masterful presentation of these fictional characters is passionately defended by the professor of history of Western Art,\u00a0<strong>Yiannis Kolokotronis, who also curates the exhibition<\/strong>:\u00a0<em>\u201c\u2026 In the timelessness of art, which today is defined by digital technology, the past is constantly present and Fotiadou\u2019s works are recommended for holistic readings. Based on this reflection, Sofia\u2019s new painting unit entitled \u201cOut of the box\u201d \u2018old masters\u2019 is developed. Portraits of \u2018great\u2019 masters of the past feed her imagination to weave a narrative that extends beyond the canvas. Not as a simple exploration of the symbiotic relationship between fashion, culture and economy that shaped the identity of places and times, but as a modern and demanding representation of coded emotions, moods and states of being imposed by our time.\u201d<\/em><\/p>\n<p>After all, Sophia\u2019s works are a combination of realistic description and surreal fantasy, ultimately demonstrating her desire to transcend the conventional boundaries of representation. The eye that has replaced the head gives the viewer a reason to treat it as much more than an organ of biology. That is why the curator of the exhibition emphasizes that eye contact allows or forbids people to violate each other\u2019s boundaries or not: \u201c\u2026 In an age when the image dominates as never before and the value of the gaze is increasingly questioned and more, our gaze makes us who we are.<\/p>\n<p>For antiquarians, the painted eyes on either side of the ships\u2019 bows were apotropaic. For mystics the \u2018third\u2019 eye opens the way to self- knowledge. For the religious, the eye of God on the church icons watches over without intervening. For futurists, eye enhancements blur the organic from the synthetic. For authoritarian politicians the omnipresent eye of the camera constantly surveils and controls, encroaching on privacy and human autonomy. All magnified nowadays, especially by social media that reshapes our lives on the basis of illusions and doubt.<\/p>\n<p>\u201cUltimately, utilizing the vast tradition of surrealist iconography as well as the idiosyncratic creatures or benevolent monsters of an Archibold, a Hieronymus Bosch or a Salvador Dali, Sofia Fotiadou with knowledge and a special color sensitivity sets up her completely special personal world with creatures that yearn for a lost paradise or dream of a new one.<\/p>\n<p>In her painting, both classical painting values and a very modern perspective of things coexist. In other words, the elegant sometimes humorous and sometimes melancholic view of things as they could be..<br \/>\n[\/vc_column_text][\/vc_column][vc_column width=&#8221;1\/3&#8243;]<div class=\"nm-banner-slider slider-type-boxed slick-slider slick-controls-gray slick-dots-disabled\" data-arrows=\"true\" >\n\t\t\t<div class=\"nm-banner content-full image-type-fluid text-color-dark\" style=\"\"><img decoding=\"async\" src=\"https:\/\/ikastikos-kiklos.com\/wp-content\/uploads\/2024\/02\/2.-\u2018Reflections-130x100cm-oil-on-canvas-2022-scaled.jpg\" alt=\"2. \u2018\u2019Reflections\u2019\u2019, 130x100cm, oil on canvas, 2022\" \/>\n\t\t\t<\/div>\n\t\t\t<div class=\"nm-banner content-full image-type-fluid text-color-dark\" style=\"\"><img decoding=\"async\" src=\"https:\/\/ikastikos-kiklos.com\/wp-content\/uploads\/2023\/04\/On-the-moonlight-\u03c6\u03c9\u03c4\u03b9\u03ac\u03b4\u03bf\u03c5-\u03c3\u03bf\u03c6\u03af\u03b1.jpg\" alt=\"On-the-moonlight-\u03c6\u03c9\u03c4\u03b9\u03ac\u03b4\u03bf\u03c5-\u03c3\u03bf\u03c6\u03af\u03b1\" \/>\n\t\t\t<\/div><\/div>[vc_empty_space height=&#8221;25px&#8221;][vc_column_text]DURATION<br \/>\n<strong>16 February &#8211; 16 March 2024<\/strong><\/p>\n<p>CURATION<br \/>\n<strong>Yiannis Kolokotronis<\/strong>[\/vc_column_text][vc_empty_space height=&#8221;25px&#8221;][vc_column_text]<strong>SEE THE VIDEO<\/strong>[\/vc_column_text][vc_empty_space height=&#8221;25px&#8221;][vc_column_text]<iframe loading=\"lazy\" title=\"YouTube video player\" src=\"https:\/\/www.youtube.com\/embed\/9hMClBo06ww?si=93VqhhRNmtpoyL2O\" width=\"560\" height=\"315\" frameborder=\"0\" allowfullscreen=\"allowfullscreen\"><\/iframe>[\/vc_column_text][vc_empty_space height=&#8221;25px&#8221;][vc_column_text]<strong>PRESS<\/strong>[\/vc_column_text][vc_empty_space height=&#8221;25px&#8221;]<div class=\"nm-banner-slider slider-type-boxed slick-slider slick-controls-gray slick-dots-disabled\" >\n\t\t\t<div class=\"nm-banner content-full image-type-fluid text-color-dark\" style=\"\"><a href=\"https:\/\/www.naftemporiki.gr\/culture\/arts\/1591886\/out-of-the-box-_-fearless-nea-atomiki-ekthesi-tis-sofias-fotiadoy\/?utm_source=rss&#038;utm_medium=rss&#038;utm_campaign=out-of-the-box-_-fearless-nea-atomiki-ekthesi-tis-sofias-fotiadoy\" class=\"nm-banner-link nm-banner-link-full\" target=\"_blank\"><img decoding=\"async\" src=\"https:\/\/ikastikos-kiklos.com\/wp-content\/uploads\/2024\/02\/Screenshot-2024-02-19-at-19.17.20.png\" alt=\"Screenshot 2024-02-19 at 19.17.20\" \/><\/a>\n\t\t\t<\/div>\n\t\t\t<div class=\"nm-banner content-full image-type-fluid text-color-dark\" style=\"\"><a href=\"https:\/\/www.culturenow.gr\/sofia-fotiadoy-out-of-the-box-fearless-ekthesi-stin-sianti-gallery\/\" class=\"nm-banner-link nm-banner-link-full\" target=\"_blank\"><img decoding=\"async\" src=\"https:\/\/ikastikos-kiklos.com\/wp-content\/uploads\/2024\/02\/Screenshot-2024-02-19-at-19.17.20.png\" alt=\"Screenshot 2024-02-19 at 19.17.20\" \/><\/a>\n\t\t\t<\/div>\n\t\t\t<div class=\"nm-banner content-full image-type-fluid text-color-dark\" style=\"\"><a href=\"https:\/\/www.lifo.gr\/guide\/arts\/events\/sofia-fotiadoy-out-box-fearless\" class=\"nm-banner-link nm-banner-link-full\" target=\"_blank\"><img decoding=\"async\" src=\"https:\/\/ikastikos-kiklos.com\/wp-content\/uploads\/2024\/02\/Screenshot-2024-02-19-at-19.17.59.png\" alt=\"Screenshot 2024-02-19 at 19.17.59\" \/><\/a>\n\t\t\t<\/div>\n\t\t\t<div class=\"nm-banner content-full image-type-fluid text-color-dark\" style=\"\"><a href=\"https:\/\/www.monopoli.gr\/2024\/02\/15\/showtimes\/exhibitions\/759856\/zografiki-out-of-the-box-ta-afova-fantastika-onta-tis-sofias-fotiadou\/\" class=\"nm-banner-link nm-banner-link-full\" target=\"_blank\"><img decoding=\"async\" src=\"https:\/\/ikastikos-kiklos.com\/wp-content\/uploads\/2024\/02\/Screenshot-2024-02-19-at-19.18.15.png\" alt=\"Screenshot 2024-02-19 at 19.18.15\" \/><\/a>\n\t\t\t<\/div>\n\t\t\t<div class=\"nm-banner content-full image-type-fluid text-color-dark\" style=\"\"><a href=\"https:\/\/www.athinorama.gr\/texnes\/3025848\/out-of-the-box_fearless-i-sofia-fotiadou-apotuponei-ta-anthropina-themata-me-mia-prototupi-zografiki-glossa\/\" class=\"nm-banner-link nm-banner-link-full\" target=\"_blank\"><img decoding=\"async\" src=\"https:\/\/ikastikos-kiklos.com\/wp-content\/uploads\/2024\/02\/Screenshot-2024-02-19-at-19.18.28.png\" alt=\"Screenshot 2024-02-19 at 19.18.28\" \/><\/a>\n\t\t\t<\/div>\n\t\t\t<div class=\"nm-banner content-full image-type-fluid text-color-dark\" style=\"\"><a href=\"https:\/\/www.likewoman.gr\/out-of-the-box-fearless-i-nea-atomiki-ekthesi-tis-sofias-fotiadoy\/\" class=\"nm-banner-link nm-banner-link-full\" target=\"_blank\"><img decoding=\"async\" src=\"https:\/\/ikastikos-kiklos.com\/wp-content\/uploads\/2024\/02\/Screenshot-2024-02-19-at-19.18.40.png\" alt=\"Screenshot 2024-02-19 at 19.18.40\" \/><\/a>\n\t\t\t<\/div>\n\t\t\t<div class=\"nm-banner content-full image-type-fluid text-color-dark\" style=\"\"><a href=\"https:\/\/www.artandlife.gr\/athens\/events\/sofia_fotiadoy_ekthesi_out_of_the_box_fearless\" class=\"nm-banner-link nm-banner-link-full\" target=\"_blank\"><img decoding=\"async\" src=\"https:\/\/ikastikos-kiklos.com\/wp-content\/uploads\/2024\/02\/Screenshot-2024-02-19-at-19.18.53.png\" alt=\"Screenshot 2024-02-19 at 19.18.53\" \/><\/a>\n\t\t\t<\/div>\n\t\t\t<div class=\"nm-banner content-full image-type-fluid text-color-dark\" style=\"\"><a href=\"https:\/\/www.debop.gr\/eikastika\" class=\"nm-banner-link nm-banner-link-full\" target=\"_blank\"><img decoding=\"async\" src=\"https:\/\/ikastikos-kiklos.com\/wp-content\/uploads\/2024\/02\/Screenshot-2024-02-19-at-19.19.15.png\" alt=\"Screenshot 2024-02-19 at 19.19.15\" \/><\/a>\n\t\t\t<\/div>\n\t\t\t<div class=\"nm-banner content-full image-type-fluid text-color-dark\" style=\"\"><a href=\"https:\/\/www.currentathens.gr\/events\/event\/4783-out-of-the-box-fearless\" class=\"nm-banner-link nm-banner-link-full\" target=\"_blank\"><img decoding=\"async\" src=\"https:\/\/ikastikos-kiklos.com\/wp-content\/uploads\/2024\/02\/Screenshot-2024-02-19-at-19.19.44.png\" alt=\"Screenshot 2024-02-19 at 19.19.44\" \/><\/a>\n\t\t\t<\/div>\n\t\t\t<div class=\"nm-banner content-full image-type-fluid text-color-dark\" style=\"\"><a href=\"https:\/\/all24.gr\/out-of-the-box-_-fearless-%CE%BD%CE%AD%CE%B1-%CE%B1%CF%84%CE%BF%CE%BC%CE%B9%CE%BA%CE%AE-%CE%AD%CE%BA%CE%B8%CE%B5%CF%83%CE%B7-%CF%84%CE%B7%CF%82-%CF%83%CE%BF%CF%86%CE%AF%CE%B1%CF%82\/\" class=\"nm-banner-link nm-banner-link-full\" target=\"_blank\"><img decoding=\"async\" src=\"https:\/\/ikastikos-kiklos.com\/wp-content\/uploads\/2024\/02\/Screenshot-2024-02-19-at-19.20.05.png\" alt=\"Screenshot 2024-02-19 at 19.20.05\" \/><\/a>\n\t\t\t<\/div>\n\t\t\t<div class=\"nm-banner content-full image-type-fluid text-color-dark\" style=\"\"><a href=\"http:\/\/www.china.org.cn\/world\/Off_the_Wire\/2024-02\/19\/content_117007638.htm\" class=\"nm-banner-link nm-banner-link-full\" target=\"_blank\"><img decoding=\"async\" src=\"https:\/\/ikastikos-kiklos.com\/wp-content\/uploads\/2024\/02\/Screenshot-2024-02-19-at-19.20.30.png\" alt=\"Screenshot 2024-02-19 at 19.20.30\" \/><\/a>\n\t\t\t<\/div>\n\t\t\t<div class=\"nm-banner content-full image-type-fluid text-color-dark\" style=\"\"><a href=\"https:\/\/www.athinorama.gr\/texnes\/3025848\/out-of-the-box_fearless-i-sofia-fotiadou-apotuponei-ta-anthropina-themata-me-mia-prototupi-zografiki-glossa\/\" class=\"nm-banner-link nm-banner-link-full\" target=\"_blank\"><img decoding=\"async\" src=\"https:\/\/ikastikos-kiklos.com\/wp-content\/uploads\/2024\/02\/Screenshot-2024-02-19-at-19.20.54.png\" alt=\"Screenshot 2024-02-19 at 19.20.54\" \/><\/a>\n\t\t\t<\/div><\/div>[\/vc_column][\/vc_row]<\/p>\n<\/div>","protected":false},"excerpt":{"rendered":"<p>[vc_row][vc_column width=&#8221;2\/3&#8243;][vc_empty_space height=&#8221;25px&#8221;][vc_custom_heading text=&#8221;Sofia Fotiadou &quot;Out of the box_Fearless&quot; Solo Exhibition&#8221; google_fonts=&#8221;font_family:Ubuntu%3A300%2C300italic%2Cregular%2Citalic%2C500%2C500italic%2C700%2C700italic|font_style:400%20regular%3A400%3Anormal&#8221;][vc_empty_space height=&#8221;25px&#8221;][vc_column_text] Sianti Gallery\u00a0on\u00a0Friday &hellip;<\/p>\n","protected":false},"author":3,"featured_media":0,"parent":0,"menu_order":0,"comment_status":"closed","ping_status":"closed","template":"","meta":{"ngg_post_thumbnail":0,"footnotes":""},"class_list":["post-47797","page","type-page","status-publish","hentry"],"yoast_head":"<!-- This site is optimized with the Yoast SEO plugin v27.2 - https:\/\/yoast.com\/product\/yoast-seo-wordpress\/ -->\n<title>Sofia Fotiadou &quot;Out of the box_Fearless&quot; Solo Exhibition<\/title>\n<meta name=\"description\" content=\"Sofia Fotiadou &quot;Out of the box_Fearless&quot; Solo Exhibition at Sianti Gallery - Ikastikos Kiklos Sianti\" \/>\n<meta name=\"robots\" content=\"index, follow, max-snippet:-1, max-image-preview:large, max-video-preview:-1\" \/>\n<link rel=\"canonical\" href=\"https:\/\/ikastikos-kiklos.com\/en\/sofia-fotiadou-out-of-the-box_fearless-solo-exhibition\/\" \/>\n<meta property=\"og:locale\" content=\"en_US\" \/>\n<meta property=\"og:type\" content=\"article\" \/>\n<meta property=\"og:title\" content=\"Sofia Fotiadou &quot;Out of the box_Fearless&quot; Solo Exhibition\" \/>\n<meta property=\"og:description\" content=\"Sofia Fotiadou &quot;Out of the box_Fearless&quot; Solo Exhibition at Sianti Gallery - Ikastikos Kiklos Sianti\" \/>\n<meta property=\"og:url\" content=\"https:\/\/ikastikos-kiklos.com\/en\/sofia-fotiadou-out-of-the-box_fearless-solo-exhibition\/\" \/>\n<meta property=\"og:site_name\" content=\"Ikastikos Kiklos - Zografik\u00ed - Metaxotyp\u00edes - T\u00e9chniPainting - Silk Screen - Art\" \/>\n<meta property=\"article:publisher\" content=\"https:\/\/www.facebook.com\/ikastikoskiklossianti\/\" \/>\n<meta property=\"article:modified_time\" content=\"2024-02-21T12:22:49+00:00\" \/>\n<meta name=\"twitter:card\" content=\"summary_large_image\" \/>\n<meta name=\"twitter:label1\" content=\"Est. reading time\" \/>\n\t<meta name=\"twitter:data1\" content=\"4 minutes\" \/>\n<script type=\"application\/ld+json\" class=\"yoast-schema-graph\">{\"@context\":\"https:\/\/schema.org\",\"@graph\":[{\"@type\":\"WebPage\",\"@id\":\"https:\/\/ikastikos-kiklos.com\/en\/sofia-fotiadou-out-of-the-box_fearless-solo-exhibition\/\",\"url\":\"https:\/\/ikastikos-kiklos.com\/en\/sofia-fotiadou-out-of-the-box_fearless-solo-exhibition\/\",\"name\":\"Sofia Fotiadou \\\"Out of the box_Fearless\\\" Solo Exhibition\",\"isPartOf\":{\"@id\":\"https:\/\/ikastikos-kiklos.com\/en\/#website\"},\"datePublished\":\"2024-02-06T15:01:53+00:00\",\"dateModified\":\"2024-02-21T12:22:49+00:00\",\"description\":\"Sofia Fotiadou \\\"Out of the box_Fearless\\\" Solo Exhibition at Sianti Gallery - Ikastikos Kiklos Sianti\",\"breadcrumb\":{\"@id\":\"https:\/\/ikastikos-kiklos.com\/en\/sofia-fotiadou-out-of-the-box_fearless-solo-exhibition\/#breadcrumb\"},\"inLanguage\":\"en-US\",\"potentialAction\":[{\"@type\":\"ReadAction\",\"target\":[\"https:\/\/ikastikos-kiklos.com\/en\/sofia-fotiadou-out-of-the-box_fearless-solo-exhibition\/\"]}]},{\"@type\":\"BreadcrumbList\",\"@id\":\"https:\/\/ikastikos-kiklos.com\/en\/sofia-fotiadou-out-of-the-box_fearless-solo-exhibition\/#breadcrumb\",\"itemListElement\":[{\"@type\":\"ListItem\",\"position\":1,\"name\":\"Home\",\"item\":\"https:\/\/ikastikos-kiklos.com\/en\/\"},{\"@type\":\"ListItem\",\"position\":2,\"name\":\"Sofia Fotiadou &#8220;Out of the box_Fearless&#8221; Solo Exhibition\"}]},{\"@type\":\"WebSite\",\"@id\":\"https:\/\/ikastikos-kiklos.com\/en\/#website\",\"url\":\"https:\/\/ikastikos-kiklos.com\/en\/\",\"name\":\"Ikastikos Kiklos - Zografik\u00ed - Metaxotyp\u00edes - T\u00e9chniPainting - Silk Screen - Art\",\"description\":\"\",\"publisher\":{\"@id\":\"https:\/\/ikastikos-kiklos.com\/en\/#organization\"},\"potentialAction\":[{\"@type\":\"SearchAction\",\"target\":{\"@type\":\"EntryPoint\",\"urlTemplate\":\"https:\/\/ikastikos-kiklos.com\/en\/?s={search_term_string}\"},\"query-input\":{\"@type\":\"PropertyValueSpecification\",\"valueRequired\":true,\"valueName\":\"search_term_string\"}}],\"inLanguage\":\"en-US\"},{\"@type\":\"Organization\",\"@id\":\"https:\/\/ikastikos-kiklos.com\/en\/#organization\",\"name\":\"Ikastikos Kiklos - Zografik\u00ed - Metaxotyp\u00edes - T\u00e9chniPainting - Silk Screen - Art\",\"url\":\"https:\/\/ikastikos-kiklos.com\/en\/\",\"logo\":{\"@type\":\"ImageObject\",\"inLanguage\":\"en-US\",\"@id\":\"https:\/\/ikastikos-kiklos.com\/en\/#\/schema\/logo\/image\/\",\"url\":\"https:\/\/ikastikos-kiklos.com\/wp-content\/uploads\/2022\/10\/cropped-favicon_ikastikos.png\",\"contentUrl\":\"https:\/\/ikastikos-kiklos.com\/wp-content\/uploads\/2022\/10\/cropped-favicon_ikastikos.png\",\"width\":512,\"height\":512,\"caption\":\"Ikastikos Kiklos - Zografik\u00ed - Metaxotyp\u00edes - T\u00e9chniPainting - Silk Screen - Art\"},\"image\":{\"@id\":\"https:\/\/ikastikos-kiklos.com\/en\/#\/schema\/logo\/image\/\"},\"sameAs\":[\"https:\/\/www.facebook.com\/ikastikoskiklossianti\/\"]}]}<\/script>\n<!-- \/ Yoast SEO plugin. -->","yoast_head_json":{"title":"Sofia Fotiadou \"Out of the box_Fearless\" Solo Exhibition","description":"Sofia Fotiadou \"Out of the box_Fearless\" Solo Exhibition at Sianti Gallery - Ikastikos Kiklos Sianti","robots":{"index":"index","follow":"follow","max-snippet":"max-snippet:-1","max-image-preview":"max-image-preview:large","max-video-preview":"max-video-preview:-1"},"canonical":"https:\/\/ikastikos-kiklos.com\/en\/sofia-fotiadou-out-of-the-box_fearless-solo-exhibition\/","og_locale":"en_US","og_type":"article","og_title":"Sofia Fotiadou \"Out of the box_Fearless\" Solo Exhibition","og_description":"Sofia Fotiadou \"Out of the box_Fearless\" Solo Exhibition at Sianti Gallery - Ikastikos Kiklos Sianti","og_url":"https:\/\/ikastikos-kiklos.com\/en\/sofia-fotiadou-out-of-the-box_fearless-solo-exhibition\/","og_site_name":"Ikastikos Kiklos - Zografik\u00ed - Metaxotyp\u00edes - T\u00e9chniPainting - Silk Screen - Art","article_publisher":"https:\/\/www.facebook.com\/ikastikoskiklossianti\/","article_modified_time":"2024-02-21T12:22:49+00:00","twitter_card":"summary_large_image","twitter_misc":{"Est. reading time":"4 minutes"},"schema":{"@context":"https:\/\/schema.org","@graph":[{"@type":"WebPage","@id":"https:\/\/ikastikos-kiklos.com\/en\/sofia-fotiadou-out-of-the-box_fearless-solo-exhibition\/","url":"https:\/\/ikastikos-kiklos.com\/en\/sofia-fotiadou-out-of-the-box_fearless-solo-exhibition\/","name":"Sofia Fotiadou \"Out of the box_Fearless\" Solo Exhibition","isPartOf":{"@id":"https:\/\/ikastikos-kiklos.com\/en\/#website"},"datePublished":"2024-02-06T15:01:53+00:00","dateModified":"2024-02-21T12:22:49+00:00","description":"Sofia Fotiadou \"Out of the box_Fearless\" Solo Exhibition at Sianti Gallery - Ikastikos Kiklos Sianti","breadcrumb":{"@id":"https:\/\/ikastikos-kiklos.com\/en\/sofia-fotiadou-out-of-the-box_fearless-solo-exhibition\/#breadcrumb"},"inLanguage":"en-US","potentialAction":[{"@type":"ReadAction","target":["https:\/\/ikastikos-kiklos.com\/en\/sofia-fotiadou-out-of-the-box_fearless-solo-exhibition\/"]}]},{"@type":"BreadcrumbList","@id":"https:\/\/ikastikos-kiklos.com\/en\/sofia-fotiadou-out-of-the-box_fearless-solo-exhibition\/#breadcrumb","itemListElement":[{"@type":"ListItem","position":1,"name":"Home","item":"https:\/\/ikastikos-kiklos.com\/en\/"},{"@type":"ListItem","position":2,"name":"Sofia Fotiadou &#8220;Out of the box_Fearless&#8221; Solo Exhibition"}]},{"@type":"WebSite","@id":"https:\/\/ikastikos-kiklos.com\/en\/#website","url":"https:\/\/ikastikos-kiklos.com\/en\/","name":"Ikastikos Kiklos - Zografik\u00ed - Metaxotyp\u00edes - T\u00e9chniPainting - Silk Screen - Art","description":"","publisher":{"@id":"https:\/\/ikastikos-kiklos.com\/en\/#organization"},"potentialAction":[{"@type":"SearchAction","target":{"@type":"EntryPoint","urlTemplate":"https:\/\/ikastikos-kiklos.com\/en\/?s={search_term_string}"},"query-input":{"@type":"PropertyValueSpecification","valueRequired":true,"valueName":"search_term_string"}}],"inLanguage":"en-US"},{"@type":"Organization","@id":"https:\/\/ikastikos-kiklos.com\/en\/#organization","name":"Ikastikos Kiklos - Zografik\u00ed - Metaxotyp\u00edes - T\u00e9chniPainting - Silk Screen - Art","url":"https:\/\/ikastikos-kiklos.com\/en\/","logo":{"@type":"ImageObject","inLanguage":"en-US","@id":"https:\/\/ikastikos-kiklos.com\/en\/#\/schema\/logo\/image\/","url":"https:\/\/ikastikos-kiklos.com\/wp-content\/uploads\/2022\/10\/cropped-favicon_ikastikos.png","contentUrl":"https:\/\/ikastikos-kiklos.com\/wp-content\/uploads\/2022\/10\/cropped-favicon_ikastikos.png","width":512,"height":512,"caption":"Ikastikos Kiklos - Zografik\u00ed - Metaxotyp\u00edes - T\u00e9chniPainting - Silk Screen - Art"},"image":{"@id":"https:\/\/ikastikos-kiklos.com\/en\/#\/schema\/logo\/image\/"},"sameAs":["https:\/\/www.facebook.com\/ikastikoskiklossianti\/"]}]}},"_links":{"self":[{"href":"https:\/\/ikastikos-kiklos.com\/en\/wp-json\/wp\/v2\/pages\/47797","targetHints":{"allow":["GET"]}}],"collection":[{"href":"https:\/\/ikastikos-kiklos.com\/en\/wp-json\/wp\/v2\/pages"}],"about":[{"href":"https:\/\/ikastikos-kiklos.com\/en\/wp-json\/wp\/v2\/types\/page"}],"author":[{"embeddable":true,"href":"https:\/\/ikastikos-kiklos.com\/en\/wp-json\/wp\/v2\/users\/3"}],"replies":[{"embeddable":true,"href":"https:\/\/ikastikos-kiklos.com\/en\/wp-json\/wp\/v2\/comments?post=47797"}],"version-history":[{"count":5,"href":"https:\/\/ikastikos-kiklos.com\/en\/wp-json\/wp\/v2\/pages\/47797\/revisions"}],"predecessor-version":[{"id":48007,"href":"https:\/\/ikastikos-kiklos.com\/en\/wp-json\/wp\/v2\/pages\/47797\/revisions\/48007"}],"wp:attachment":[{"href":"https:\/\/ikastikos-kiklos.com\/en\/wp-json\/wp\/v2\/media?parent=47797"}],"curies":[{"name":"wp","href":"https:\/\/api.w.org\/{rel}","templated":true}]}}