{"id":47773,"date":"2024-02-02T17:21:32","date_gmt":"2024-02-02T15:21:32","guid":{"rendered":"https:\/\/ikastikos-kiklos.com\/painters\/aggelidis-paschalis\/"},"modified":"2024-02-02T17:21:32","modified_gmt":"2024-02-02T15:21:32","slug":"aggelidis-paschalis","status":"publish","type":"page","link":"https:\/\/ikastikos-kiklos.com\/en\/painters\/aggelidis-paschalis\/","title":{"rendered":"Aggelidis Paschalis"},"content":{"rendered":"<p><strong>Aggelidis Paschalis<\/strong><\/p>\n<p class=\"font_8 wixui-rich-text__text\">Paschalis was born in Alexandroupoli on February 1955. He studied art decoration, free drawing and colour composition in the city of Thessaloniki.<\/p>\n<p class=\"font_8 wixui-rich-text__text\">\n<p class=\"font_8 wixui-rich-text__text\">He studied under the instructions of the painter Dimitris Scretas in the engraving technique of the metal surface. He worked as a scene-painter and costume of stage-designer in various public theatres. He paints large dimensional wall-paintings in public and famous private establishments.<\/p>\n<p class=\"font_8 wixui-rich-text__text\">\n<p class=\"font_8 wixui-rich-text__text\">He lives in Makrinitsa, Pelion and the city of Volos since 1989. Often we use an idea in order to understandthe reality. The artist skilfully isolates it andmakes it stand out the immobility of the ancientstatues, that are imbued with continuity. Then he transfers to these portraits, human feeling sand he unexpectedly creates a theatrical scene, where the confessional monologue is prevailing. Aggelidis compromises indirectly the duration of human feelings. The artist adopts a negative stand against the art of antiquity of anxiously tries to relieve the contemporary man from the excessive seriousness and the mechanical way of living, offering himself the pleasure of questioning through his paintings.<\/p>\n<p class=\"font_8 wixui-rich-text__text\">\n<p class=\"font_8 wixui-rich-text__text\">The sophist Gorgias in one of his juridical speeches supports that in tragedy and in painting the one who cheats more, creating creatures similar to real ones, he is the best, because the poet\u2019s and the technician\u2019s goal is not the truth, but the people\u2019s pleasure.<\/p>\n","protected":false},"excerpt":{"rendered":"<p>Aggelidis Paschalis Paschalis was born in Alexandroupoli on February 1955. He studied art decoration, free &hellip;<\/p>\n","protected":false},"author":2,"featured_media":0,"parent":2905,"menu_order":0,"comment_status":"closed","ping_status":"closed","template":"page-zwgrafoi.php","meta":{"ngg_post_thumbnail":0,"footnotes":""},"class_list":["post-47773","page","type-page","status-publish","hentry"],"yoast_head":"<!-- This site is optimized with the Yoast SEO plugin v27.2 - https:\/\/yoast.com\/product\/yoast-seo-wordpress\/ -->\n<title>Aggelidis Paschalis Painter | Ikastikos Kiklos<\/title>\n<meta name=\"description\" content=\"Aggelidis Paschalis Painter at Ikastikos Kiklos Sianti\" \/>\n<meta name=\"robots\" content=\"index, follow, max-snippet:-1, max-image-preview:large, max-video-preview:-1\" \/>\n<link rel=\"canonical\" href=\"https:\/\/ikastikos-kiklos.com\/en\/painters\/aggelidis-paschalis\/\" \/>\n<meta property=\"og:locale\" content=\"en_US\" \/>\n<meta property=\"og:type\" content=\"article\" \/>\n<meta property=\"og:title\" content=\"Aggelidis Paschalis Painter | Ikastikos Kiklos\" \/>\n<meta property=\"og:description\" content=\"Aggelidis Paschalis Painter at Ikastikos Kiklos Sianti\" \/>\n<meta property=\"og:url\" content=\"https:\/\/ikastikos-kiklos.com\/en\/painters\/aggelidis-paschalis\/\" \/>\n<meta property=\"og:site_name\" content=\"Ikastikos Kiklos - Zografik\u00ed - Metaxotyp\u00edes - T\u00e9chniPainting - Silk Screen - Art\" \/>\n<meta property=\"article:publisher\" content=\"https:\/\/www.facebook.com\/ikastikoskiklossianti\/\" \/>\n<meta name=\"twitter:card\" content=\"summary_large_image\" \/>\n<meta name=\"twitter:label1\" content=\"Est. reading time\" \/>\n\t<meta name=\"twitter:data1\" content=\"1 minute\" \/>\n<script type=\"application\/ld+json\" class=\"yoast-schema-graph\">{\"@context\":\"https:\/\/schema.org\",\"@graph\":[{\"@type\":\"WebPage\",\"@id\":\"https:\/\/ikastikos-kiklos.com\/en\/painters\/aggelidis-paschalis\/\",\"url\":\"https:\/\/ikastikos-kiklos.com\/en\/painters\/aggelidis-paschalis\/\",\"name\":\"Aggelidis Paschalis Painter | Ikastikos Kiklos\",\"isPartOf\":{\"@id\":\"https:\/\/ikastikos-kiklos.com\/en\/#website\"},\"datePublished\":\"2024-02-02T15:21:32+00:00\",\"description\":\"Aggelidis Paschalis Painter at Ikastikos Kiklos Sianti\",\"breadcrumb\":{\"@id\":\"https:\/\/ikastikos-kiklos.com\/en\/painters\/aggelidis-paschalis\/#breadcrumb\"},\"inLanguage\":\"en-US\",\"potentialAction\":[{\"@type\":\"ReadAction\",\"target\":[\"https:\/\/ikastikos-kiklos.com\/en\/painters\/aggelidis-paschalis\/\"]}]},{\"@type\":\"BreadcrumbList\",\"@id\":\"https:\/\/ikastikos-kiklos.com\/en\/painters\/aggelidis-paschalis\/#breadcrumb\",\"itemListElement\":[{\"@type\":\"ListItem\",\"position\":1,\"name\":\"Home\",\"item\":\"https:\/\/ikastikos-kiklos.com\/en\/\"},{\"@type\":\"ListItem\",\"position\":2,\"name\":\"Painters\",\"item\":\"https:\/\/ikastikos-kiklos.com\/en\/painters\/\"},{\"@type\":\"ListItem\",\"position\":3,\"name\":\"Aggelidis Paschalis\"}]},{\"@type\":\"WebSite\",\"@id\":\"https:\/\/ikastikos-kiklos.com\/en\/#website\",\"url\":\"https:\/\/ikastikos-kiklos.com\/en\/\",\"name\":\"Ikastikos Kiklos - Zografik\u00ed - Metaxotyp\u00edes - T\u00e9chniPainting - Silk Screen - Art\",\"description\":\"\",\"publisher\":{\"@id\":\"https:\/\/ikastikos-kiklos.com\/en\/#organization\"},\"potentialAction\":[{\"@type\":\"SearchAction\",\"target\":{\"@type\":\"EntryPoint\",\"urlTemplate\":\"https:\/\/ikastikos-kiklos.com\/en\/?s={search_term_string}\"},\"query-input\":{\"@type\":\"PropertyValueSpecification\",\"valueRequired\":true,\"valueName\":\"search_term_string\"}}],\"inLanguage\":\"en-US\"},{\"@type\":\"Organization\",\"@id\":\"https:\/\/ikastikos-kiklos.com\/en\/#organization\",\"name\":\"Ikastikos Kiklos - Zografik\u00ed - Metaxotyp\u00edes - T\u00e9chniPainting - Silk Screen - Art\",\"url\":\"https:\/\/ikastikos-kiklos.com\/en\/\",\"logo\":{\"@type\":\"ImageObject\",\"inLanguage\":\"en-US\",\"@id\":\"https:\/\/ikastikos-kiklos.com\/en\/#\/schema\/logo\/image\/\",\"url\":\"https:\/\/ikastikos-kiklos.com\/wp-content\/uploads\/2022\/10\/cropped-favicon_ikastikos.png\",\"contentUrl\":\"https:\/\/ikastikos-kiklos.com\/wp-content\/uploads\/2022\/10\/cropped-favicon_ikastikos.png\",\"width\":512,\"height\":512,\"caption\":\"Ikastikos Kiklos - Zografik\u00ed - Metaxotyp\u00edes - T\u00e9chniPainting - Silk Screen - Art\"},\"image\":{\"@id\":\"https:\/\/ikastikos-kiklos.com\/en\/#\/schema\/logo\/image\/\"},\"sameAs\":[\"https:\/\/www.facebook.com\/ikastikoskiklossianti\/\"]}]}<\/script>\n<!-- \/ Yoast SEO plugin. -->","yoast_head_json":{"title":"Aggelidis Paschalis Painter | Ikastikos Kiklos","description":"Aggelidis Paschalis Painter at Ikastikos Kiklos Sianti","robots":{"index":"index","follow":"follow","max-snippet":"max-snippet:-1","max-image-preview":"max-image-preview:large","max-video-preview":"max-video-preview:-1"},"canonical":"https:\/\/ikastikos-kiklos.com\/en\/painters\/aggelidis-paschalis\/","og_locale":"en_US","og_type":"article","og_title":"Aggelidis Paschalis Painter | Ikastikos Kiklos","og_description":"Aggelidis Paschalis Painter at Ikastikos Kiklos Sianti","og_url":"https:\/\/ikastikos-kiklos.com\/en\/painters\/aggelidis-paschalis\/","og_site_name":"Ikastikos Kiklos - Zografik\u00ed - Metaxotyp\u00edes - T\u00e9chniPainting - Silk Screen - Art","article_publisher":"https:\/\/www.facebook.com\/ikastikoskiklossianti\/","twitter_card":"summary_large_image","twitter_misc":{"Est. reading time":"1 minute"},"schema":{"@context":"https:\/\/schema.org","@graph":[{"@type":"WebPage","@id":"https:\/\/ikastikos-kiklos.com\/en\/painters\/aggelidis-paschalis\/","url":"https:\/\/ikastikos-kiklos.com\/en\/painters\/aggelidis-paschalis\/","name":"Aggelidis Paschalis Painter | Ikastikos Kiklos","isPartOf":{"@id":"https:\/\/ikastikos-kiklos.com\/en\/#website"},"datePublished":"2024-02-02T15:21:32+00:00","description":"Aggelidis Paschalis Painter at Ikastikos Kiklos Sianti","breadcrumb":{"@id":"https:\/\/ikastikos-kiklos.com\/en\/painters\/aggelidis-paschalis\/#breadcrumb"},"inLanguage":"en-US","potentialAction":[{"@type":"ReadAction","target":["https:\/\/ikastikos-kiklos.com\/en\/painters\/aggelidis-paschalis\/"]}]},{"@type":"BreadcrumbList","@id":"https:\/\/ikastikos-kiklos.com\/en\/painters\/aggelidis-paschalis\/#breadcrumb","itemListElement":[{"@type":"ListItem","position":1,"name":"Home","item":"https:\/\/ikastikos-kiklos.com\/en\/"},{"@type":"ListItem","position":2,"name":"Painters","item":"https:\/\/ikastikos-kiklos.com\/en\/painters\/"},{"@type":"ListItem","position":3,"name":"Aggelidis Paschalis"}]},{"@type":"WebSite","@id":"https:\/\/ikastikos-kiklos.com\/en\/#website","url":"https:\/\/ikastikos-kiklos.com\/en\/","name":"Ikastikos Kiklos - Zografik\u00ed - Metaxotyp\u00edes - T\u00e9chniPainting - Silk Screen - Art","description":"","publisher":{"@id":"https:\/\/ikastikos-kiklos.com\/en\/#organization"},"potentialAction":[{"@type":"SearchAction","target":{"@type":"EntryPoint","urlTemplate":"https:\/\/ikastikos-kiklos.com\/en\/?s={search_term_string}"},"query-input":{"@type":"PropertyValueSpecification","valueRequired":true,"valueName":"search_term_string"}}],"inLanguage":"en-US"},{"@type":"Organization","@id":"https:\/\/ikastikos-kiklos.com\/en\/#organization","name":"Ikastikos Kiklos - Zografik\u00ed - Metaxotyp\u00edes - T\u00e9chniPainting - Silk Screen - Art","url":"https:\/\/ikastikos-kiklos.com\/en\/","logo":{"@type":"ImageObject","inLanguage":"en-US","@id":"https:\/\/ikastikos-kiklos.com\/en\/#\/schema\/logo\/image\/","url":"https:\/\/ikastikos-kiklos.com\/wp-content\/uploads\/2022\/10\/cropped-favicon_ikastikos.png","contentUrl":"https:\/\/ikastikos-kiklos.com\/wp-content\/uploads\/2022\/10\/cropped-favicon_ikastikos.png","width":512,"height":512,"caption":"Ikastikos Kiklos - Zografik\u00ed - Metaxotyp\u00edes - T\u00e9chniPainting - Silk Screen - Art"},"image":{"@id":"https:\/\/ikastikos-kiklos.com\/en\/#\/schema\/logo\/image\/"},"sameAs":["https:\/\/www.facebook.com\/ikastikoskiklossianti\/"]}]}},"_links":{"self":[{"href":"https:\/\/ikastikos-kiklos.com\/en\/wp-json\/wp\/v2\/pages\/47773","targetHints":{"allow":["GET"]}}],"collection":[{"href":"https:\/\/ikastikos-kiklos.com\/en\/wp-json\/wp\/v2\/pages"}],"about":[{"href":"https:\/\/ikastikos-kiklos.com\/en\/wp-json\/wp\/v2\/types\/page"}],"author":[{"embeddable":true,"href":"https:\/\/ikastikos-kiklos.com\/en\/wp-json\/wp\/v2\/users\/2"}],"replies":[{"embeddable":true,"href":"https:\/\/ikastikos-kiklos.com\/en\/wp-json\/wp\/v2\/comments?post=47773"}],"version-history":[{"count":0,"href":"https:\/\/ikastikos-kiklos.com\/en\/wp-json\/wp\/v2\/pages\/47773\/revisions"}],"up":[{"embeddable":true,"href":"https:\/\/ikastikos-kiklos.com\/en\/wp-json\/wp\/v2\/pages\/2905"}],"wp:attachment":[{"href":"https:\/\/ikastikos-kiklos.com\/en\/wp-json\/wp\/v2\/media?parent=47773"}],"curies":[{"name":"wp","href":"https:\/\/api.w.org\/{rel}","templated":true}]}}