{"id":47764,"date":"2024-02-02T15:54:07","date_gmt":"2024-02-02T13:54:07","guid":{"rendered":"https:\/\/ikastikos-kiklos.com\/painters\/lavdas-kostas\/"},"modified":"2024-02-02T15:54:07","modified_gmt":"2024-02-02T13:54:07","slug":"lavdas-kostas","status":"publish","type":"page","link":"https:\/\/ikastikos-kiklos.com\/en\/painters\/lavdas-kostas\/","title":{"rendered":"Lavdas Kostas"},"content":{"rendered":"<p class=\"wnd-align-left\">Kostas Lavdas is a painter, trained as an iconographer, with part of his artistic descendance rooted in Byzantine painting. As far as visual language goes, the structure of his work steps on the deep painting tradition of the east. Stylistically however, it alludes to pop culture, lowbrow, anime and street art. Curiously balancing between iconography and street art, the works have a retro-contemporary feel about them. Drawing mostly from situations that he experiences intensely, he is particularly fascinated with the interaction between the two sexes, the way relationships form as a result of everyday situations, under the pressure of daily life, and the battle between different personalities, dreams and aspirations. Rather than using canvases, he prefers to paint on salvaged wood and objects found on the street, giving them a new life, also injecting the artworks with the personality of the objets trouves.<\/p>\n","protected":false},"excerpt":{"rendered":"<p>Kostas Lavdas is a painter, trained as an iconographer, with part of his artistic descendance &hellip;<\/p>\n","protected":false},"author":2,"featured_media":0,"parent":2905,"menu_order":0,"comment_status":"closed","ping_status":"closed","template":"page-zwgrafoi.php","meta":{"ngg_post_thumbnail":0,"footnotes":""},"class_list":["post-47764","page","type-page","status-publish","hentry"],"yoast_head":"<!-- This site is optimized with the Yoast SEO plugin v27.2 - https:\/\/yoast.com\/product\/yoast-seo-wordpress\/ -->\n<title>Lavdas Kostas Painter | Ikastikos Kiklos Sianti<\/title>\n<meta name=\"description\" content=\"Lavdas Kostas Painter at Ikastikos Kiklos Sianti.\" \/>\n<meta name=\"robots\" content=\"index, follow, max-snippet:-1, max-image-preview:large, max-video-preview:-1\" \/>\n<link rel=\"canonical\" href=\"https:\/\/ikastikos-kiklos.com\/en\/painters\/lavdas-kostas\/\" \/>\n<meta property=\"og:locale\" content=\"en_US\" \/>\n<meta property=\"og:type\" content=\"article\" \/>\n<meta property=\"og:title\" content=\"Lavdas Kostas Painter | Ikastikos Kiklos Sianti\" \/>\n<meta property=\"og:description\" content=\"Lavdas Kostas Painter at Ikastikos Kiklos Sianti.\" \/>\n<meta property=\"og:url\" content=\"https:\/\/ikastikos-kiklos.com\/en\/painters\/lavdas-kostas\/\" \/>\n<meta property=\"og:site_name\" content=\"Ikastikos Kiklos - Zografik\u00ed - Metaxotyp\u00edes - T\u00e9chniPainting - Silk Screen - Art\" \/>\n<meta property=\"article:publisher\" content=\"https:\/\/www.facebook.com\/ikastikoskiklossianti\/\" \/>\n<meta name=\"twitter:card\" content=\"summary_large_image\" \/>\n<meta name=\"twitter:label1\" content=\"Est. reading time\" \/>\n\t<meta name=\"twitter:data1\" content=\"1 minute\" \/>\n<script type=\"application\/ld+json\" class=\"yoast-schema-graph\">{\"@context\":\"https:\/\/schema.org\",\"@graph\":[{\"@type\":\"WebPage\",\"@id\":\"https:\/\/ikastikos-kiklos.com\/en\/painters\/lavdas-kostas\/\",\"url\":\"https:\/\/ikastikos-kiklos.com\/en\/painters\/lavdas-kostas\/\",\"name\":\"Lavdas Kostas Painter | Ikastikos Kiklos Sianti\",\"isPartOf\":{\"@id\":\"https:\/\/ikastikos-kiklos.com\/en\/#website\"},\"datePublished\":\"2024-02-02T13:54:07+00:00\",\"description\":\"Lavdas Kostas Painter at Ikastikos Kiklos Sianti.\",\"breadcrumb\":{\"@id\":\"https:\/\/ikastikos-kiklos.com\/en\/painters\/lavdas-kostas\/#breadcrumb\"},\"inLanguage\":\"en-US\",\"potentialAction\":[{\"@type\":\"ReadAction\",\"target\":[\"https:\/\/ikastikos-kiklos.com\/en\/painters\/lavdas-kostas\/\"]}]},{\"@type\":\"BreadcrumbList\",\"@id\":\"https:\/\/ikastikos-kiklos.com\/en\/painters\/lavdas-kostas\/#breadcrumb\",\"itemListElement\":[{\"@type\":\"ListItem\",\"position\":1,\"name\":\"Home\",\"item\":\"https:\/\/ikastikos-kiklos.com\/en\/\"},{\"@type\":\"ListItem\",\"position\":2,\"name\":\"Painters\",\"item\":\"https:\/\/ikastikos-kiklos.com\/en\/painters\/\"},{\"@type\":\"ListItem\",\"position\":3,\"name\":\"Lavdas Kostas\"}]},{\"@type\":\"WebSite\",\"@id\":\"https:\/\/ikastikos-kiklos.com\/en\/#website\",\"url\":\"https:\/\/ikastikos-kiklos.com\/en\/\",\"name\":\"Ikastikos Kiklos - Zografik\u00ed - Metaxotyp\u00edes - T\u00e9chniPainting - Silk Screen - Art\",\"description\":\"\",\"publisher\":{\"@id\":\"https:\/\/ikastikos-kiklos.com\/en\/#organization\"},\"potentialAction\":[{\"@type\":\"SearchAction\",\"target\":{\"@type\":\"EntryPoint\",\"urlTemplate\":\"https:\/\/ikastikos-kiklos.com\/en\/?s={search_term_string}\"},\"query-input\":{\"@type\":\"PropertyValueSpecification\",\"valueRequired\":true,\"valueName\":\"search_term_string\"}}],\"inLanguage\":\"en-US\"},{\"@type\":\"Organization\",\"@id\":\"https:\/\/ikastikos-kiklos.com\/en\/#organization\",\"name\":\"Ikastikos Kiklos - Zografik\u00ed - Metaxotyp\u00edes - T\u00e9chniPainting - Silk Screen - Art\",\"url\":\"https:\/\/ikastikos-kiklos.com\/en\/\",\"logo\":{\"@type\":\"ImageObject\",\"inLanguage\":\"en-US\",\"@id\":\"https:\/\/ikastikos-kiklos.com\/en\/#\/schema\/logo\/image\/\",\"url\":\"https:\/\/ikastikos-kiklos.com\/wp-content\/uploads\/2022\/10\/cropped-favicon_ikastikos.png\",\"contentUrl\":\"https:\/\/ikastikos-kiklos.com\/wp-content\/uploads\/2022\/10\/cropped-favicon_ikastikos.png\",\"width\":512,\"height\":512,\"caption\":\"Ikastikos Kiklos - Zografik\u00ed - Metaxotyp\u00edes - T\u00e9chniPainting - Silk Screen - Art\"},\"image\":{\"@id\":\"https:\/\/ikastikos-kiklos.com\/en\/#\/schema\/logo\/image\/\"},\"sameAs\":[\"https:\/\/www.facebook.com\/ikastikoskiklossianti\/\"]}]}<\/script>\n<!-- \/ Yoast SEO plugin. -->","yoast_head_json":{"title":"Lavdas Kostas Painter | Ikastikos Kiklos Sianti","description":"Lavdas Kostas Painter at Ikastikos Kiklos Sianti.","robots":{"index":"index","follow":"follow","max-snippet":"max-snippet:-1","max-image-preview":"max-image-preview:large","max-video-preview":"max-video-preview:-1"},"canonical":"https:\/\/ikastikos-kiklos.com\/en\/painters\/lavdas-kostas\/","og_locale":"en_US","og_type":"article","og_title":"Lavdas Kostas Painter | Ikastikos Kiklos Sianti","og_description":"Lavdas Kostas Painter at Ikastikos Kiklos Sianti.","og_url":"https:\/\/ikastikos-kiklos.com\/en\/painters\/lavdas-kostas\/","og_site_name":"Ikastikos Kiklos - Zografik\u00ed - Metaxotyp\u00edes - T\u00e9chniPainting - Silk Screen - Art","article_publisher":"https:\/\/www.facebook.com\/ikastikoskiklossianti\/","twitter_card":"summary_large_image","twitter_misc":{"Est. reading time":"1 minute"},"schema":{"@context":"https:\/\/schema.org","@graph":[{"@type":"WebPage","@id":"https:\/\/ikastikos-kiklos.com\/en\/painters\/lavdas-kostas\/","url":"https:\/\/ikastikos-kiklos.com\/en\/painters\/lavdas-kostas\/","name":"Lavdas Kostas Painter | Ikastikos Kiklos Sianti","isPartOf":{"@id":"https:\/\/ikastikos-kiklos.com\/en\/#website"},"datePublished":"2024-02-02T13:54:07+00:00","description":"Lavdas Kostas Painter at Ikastikos Kiklos Sianti.","breadcrumb":{"@id":"https:\/\/ikastikos-kiklos.com\/en\/painters\/lavdas-kostas\/#breadcrumb"},"inLanguage":"en-US","potentialAction":[{"@type":"ReadAction","target":["https:\/\/ikastikos-kiklos.com\/en\/painters\/lavdas-kostas\/"]}]},{"@type":"BreadcrumbList","@id":"https:\/\/ikastikos-kiklos.com\/en\/painters\/lavdas-kostas\/#breadcrumb","itemListElement":[{"@type":"ListItem","position":1,"name":"Home","item":"https:\/\/ikastikos-kiklos.com\/en\/"},{"@type":"ListItem","position":2,"name":"Painters","item":"https:\/\/ikastikos-kiklos.com\/en\/painters\/"},{"@type":"ListItem","position":3,"name":"Lavdas Kostas"}]},{"@type":"WebSite","@id":"https:\/\/ikastikos-kiklos.com\/en\/#website","url":"https:\/\/ikastikos-kiklos.com\/en\/","name":"Ikastikos Kiklos - Zografik\u00ed - Metaxotyp\u00edes - T\u00e9chniPainting - Silk Screen - Art","description":"","publisher":{"@id":"https:\/\/ikastikos-kiklos.com\/en\/#organization"},"potentialAction":[{"@type":"SearchAction","target":{"@type":"EntryPoint","urlTemplate":"https:\/\/ikastikos-kiklos.com\/en\/?s={search_term_string}"},"query-input":{"@type":"PropertyValueSpecification","valueRequired":true,"valueName":"search_term_string"}}],"inLanguage":"en-US"},{"@type":"Organization","@id":"https:\/\/ikastikos-kiklos.com\/en\/#organization","name":"Ikastikos Kiklos - Zografik\u00ed - Metaxotyp\u00edes - T\u00e9chniPainting - Silk Screen - Art","url":"https:\/\/ikastikos-kiklos.com\/en\/","logo":{"@type":"ImageObject","inLanguage":"en-US","@id":"https:\/\/ikastikos-kiklos.com\/en\/#\/schema\/logo\/image\/","url":"https:\/\/ikastikos-kiklos.com\/wp-content\/uploads\/2022\/10\/cropped-favicon_ikastikos.png","contentUrl":"https:\/\/ikastikos-kiklos.com\/wp-content\/uploads\/2022\/10\/cropped-favicon_ikastikos.png","width":512,"height":512,"caption":"Ikastikos Kiklos - Zografik\u00ed - Metaxotyp\u00edes - T\u00e9chniPainting - Silk Screen - Art"},"image":{"@id":"https:\/\/ikastikos-kiklos.com\/en\/#\/schema\/logo\/image\/"},"sameAs":["https:\/\/www.facebook.com\/ikastikoskiklossianti\/"]}]}},"_links":{"self":[{"href":"https:\/\/ikastikos-kiklos.com\/en\/wp-json\/wp\/v2\/pages\/47764","targetHints":{"allow":["GET"]}}],"collection":[{"href":"https:\/\/ikastikos-kiklos.com\/en\/wp-json\/wp\/v2\/pages"}],"about":[{"href":"https:\/\/ikastikos-kiklos.com\/en\/wp-json\/wp\/v2\/types\/page"}],"author":[{"embeddable":true,"href":"https:\/\/ikastikos-kiklos.com\/en\/wp-json\/wp\/v2\/users\/2"}],"replies":[{"embeddable":true,"href":"https:\/\/ikastikos-kiklos.com\/en\/wp-json\/wp\/v2\/comments?post=47764"}],"version-history":[{"count":0,"href":"https:\/\/ikastikos-kiklos.com\/en\/wp-json\/wp\/v2\/pages\/47764\/revisions"}],"up":[{"embeddable":true,"href":"https:\/\/ikastikos-kiklos.com\/en\/wp-json\/wp\/v2\/pages\/2905"}],"wp:attachment":[{"href":"https:\/\/ikastikos-kiklos.com\/en\/wp-json\/wp\/v2\/media?parent=47764"}],"curies":[{"name":"wp","href":"https:\/\/api.w.org\/{rel}","templated":true}]}}