{"id":47763,"date":"2024-02-02T14:07:39","date_gmt":"2024-02-02T12:07:39","guid":{"rendered":"https:\/\/ikastikos-kiklos.com\/painters\/chryssa-vardea\/"},"modified":"2024-02-02T14:07:39","modified_gmt":"2024-02-02T12:07:39","slug":"chryssa-vardea","status":"publish","type":"page","link":"https:\/\/ikastikos-kiklos.com\/en\/painters\/chryssa-vardea\/","title":{"rendered":"Chryssa Vardea"},"content":{"rendered":"<p>Chryssa Vardea\u00a0studied at the Academie de la Grande Chaumiere (1953-1954) in Paris and the San Francisco School of Fine Arts (1954-1955). She has been living in New York since 1955.<\/p>\n<p>Her first solo exhibition in 1961 in Betty Parsons Gallery, New York was followed by many solo events in Greece and other countries, including the New York Museum of Modern Art, the Solomon R. Guggenheim Museum, the Whitney Museum of American Art, the Montreal Museum of Contemporary Art, the Modern Art Museum in Paris, the National Gallery in Athens and the Cycladic Art Museum in Athens. Her numerous contributions to group exhibitions in Greece and abroad include exhibitions at the Whitney, the New York Museum of Modern Art, the Sao Paulo Biennale (1963 and 1969) and the Venice Biennale (1972), exhibitions at the Modern Art Institutes in Boston and London, \u201cElectra\u201d at the Museum of Modern Art in Paris and \u201cMetamorphoses of the Modern\u201d at the National Gallery in Athens.<\/p>\n<p>Chryssa\u2019s sculptural production is characterized by incessant searching as well as the use of accidents. Beginning around 1955 with on-the-wall compositions featuring arrows and letters, showcasing the interplay of light and shadow, in 1957 she entered a five-year period of experimentations. Thus, \u201cCycladic Books\u201d emerged out of plaster randomly cast into paper boxes \u2013 a series considered as the precursor of minimalism. A distinctive characteristic of her work has been her involvement with writing and the exploration of its visual possibilities disregarding the content. Whether engraving capital letters in horizontal bands or creating patterns from a single letter, she focuses on the effect of obscuring the meaning of letters and words, exploring paintings inspired by newspaper layout. Since 1962, she has been working with neon lights, which became her trademark, combining the material with technology as well as impressions inspired by New York. Her effort culminated in \u201cThe Gates of Times Square\u201d, a collage of diverse materials. Her experiences, emanating from the metropolitan cityscape as well as technology, fuel her inexhaustible inspiration.<\/p>\n","protected":false},"excerpt":{"rendered":"<p>Chryssa Vardea\u00a0studied at the Academie de la Grande Chaumiere (1953-1954) in Paris and the San &hellip;<\/p>\n","protected":false},"author":2,"featured_media":0,"parent":2905,"menu_order":0,"comment_status":"closed","ping_status":"closed","template":"page-zwgrafoi.php","meta":{"ngg_post_thumbnail":0,"footnotes":""},"class_list":["post-47763","page","type-page","status-publish","hentry"],"yoast_head":"<!-- This site is optimized with the Yoast SEO plugin v27.2 - https:\/\/yoast.com\/product\/yoast-seo-wordpress\/ -->\n<title>Chryssa Vardea Silkscreens | Ikastikos Kiklos<\/title>\n<meta name=\"description\" content=\"Chryssa Vardea Silkscreens in one of the most historic galleries in Athens\" \/>\n<meta name=\"robots\" content=\"index, follow, max-snippet:-1, max-image-preview:large, max-video-preview:-1\" \/>\n<link rel=\"canonical\" href=\"https:\/\/ikastikos-kiklos.com\/en\/painters\/chryssa-vardea\/\" \/>\n<meta property=\"og:locale\" content=\"en_US\" \/>\n<meta property=\"og:type\" content=\"article\" \/>\n<meta property=\"og:title\" content=\"Chryssa Vardea Silkscreens | Ikastikos Kiklos\" \/>\n<meta property=\"og:description\" content=\"Chryssa Vardea Silkscreens in one of the most historic galleries in Athens\" \/>\n<meta property=\"og:url\" content=\"https:\/\/ikastikos-kiklos.com\/en\/painters\/chryssa-vardea\/\" \/>\n<meta property=\"og:site_name\" content=\"Ikastikos Kiklos - Zografik\u00ed - Metaxotyp\u00edes - T\u00e9chniPainting - Silk Screen - Art\" \/>\n<meta property=\"article:publisher\" content=\"https:\/\/www.facebook.com\/ikastikoskiklossianti\/\" \/>\n<meta name=\"twitter:card\" content=\"summary_large_image\" \/>\n<meta name=\"twitter:label1\" content=\"Est. reading time\" \/>\n\t<meta name=\"twitter:data1\" content=\"2 minutes\" \/>\n<script type=\"application\/ld+json\" class=\"yoast-schema-graph\">{\"@context\":\"https:\/\/schema.org\",\"@graph\":[{\"@type\":\"WebPage\",\"@id\":\"https:\/\/ikastikos-kiklos.com\/en\/painters\/chryssa-vardea\/\",\"url\":\"https:\/\/ikastikos-kiklos.com\/en\/painters\/chryssa-vardea\/\",\"name\":\"Chryssa Vardea Silkscreens | Ikastikos Kiklos\",\"isPartOf\":{\"@id\":\"https:\/\/ikastikos-kiklos.com\/en\/#website\"},\"datePublished\":\"2024-02-02T12:07:39+00:00\",\"description\":\"Chryssa Vardea Silkscreens in one of the most historic galleries in Athens\",\"breadcrumb\":{\"@id\":\"https:\/\/ikastikos-kiklos.com\/en\/painters\/chryssa-vardea\/#breadcrumb\"},\"inLanguage\":\"en-US\",\"potentialAction\":[{\"@type\":\"ReadAction\",\"target\":[\"https:\/\/ikastikos-kiklos.com\/en\/painters\/chryssa-vardea\/\"]}]},{\"@type\":\"BreadcrumbList\",\"@id\":\"https:\/\/ikastikos-kiklos.com\/en\/painters\/chryssa-vardea\/#breadcrumb\",\"itemListElement\":[{\"@type\":\"ListItem\",\"position\":1,\"name\":\"Home\",\"item\":\"https:\/\/ikastikos-kiklos.com\/en\/\"},{\"@type\":\"ListItem\",\"position\":2,\"name\":\"Painters\",\"item\":\"https:\/\/ikastikos-kiklos.com\/en\/painters\/\"},{\"@type\":\"ListItem\",\"position\":3,\"name\":\"Chryssa Vardea\"}]},{\"@type\":\"WebSite\",\"@id\":\"https:\/\/ikastikos-kiklos.com\/en\/#website\",\"url\":\"https:\/\/ikastikos-kiklos.com\/en\/\",\"name\":\"Ikastikos Kiklos - Zografik\u00ed - Metaxotyp\u00edes - T\u00e9chniPainting - Silk Screen - Art\",\"description\":\"\",\"publisher\":{\"@id\":\"https:\/\/ikastikos-kiklos.com\/en\/#organization\"},\"potentialAction\":[{\"@type\":\"SearchAction\",\"target\":{\"@type\":\"EntryPoint\",\"urlTemplate\":\"https:\/\/ikastikos-kiklos.com\/en\/?s={search_term_string}\"},\"query-input\":{\"@type\":\"PropertyValueSpecification\",\"valueRequired\":true,\"valueName\":\"search_term_string\"}}],\"inLanguage\":\"en-US\"},{\"@type\":\"Organization\",\"@id\":\"https:\/\/ikastikos-kiklos.com\/en\/#organization\",\"name\":\"Ikastikos Kiklos - Zografik\u00ed - Metaxotyp\u00edes - T\u00e9chniPainting - Silk Screen - Art\",\"url\":\"https:\/\/ikastikos-kiklos.com\/en\/\",\"logo\":{\"@type\":\"ImageObject\",\"inLanguage\":\"en-US\",\"@id\":\"https:\/\/ikastikos-kiklos.com\/en\/#\/schema\/logo\/image\/\",\"url\":\"https:\/\/ikastikos-kiklos.com\/wp-content\/uploads\/2022\/10\/cropped-favicon_ikastikos.png\",\"contentUrl\":\"https:\/\/ikastikos-kiklos.com\/wp-content\/uploads\/2022\/10\/cropped-favicon_ikastikos.png\",\"width\":512,\"height\":512,\"caption\":\"Ikastikos Kiklos - Zografik\u00ed - Metaxotyp\u00edes - T\u00e9chniPainting - Silk Screen - Art\"},\"image\":{\"@id\":\"https:\/\/ikastikos-kiklos.com\/en\/#\/schema\/logo\/image\/\"},\"sameAs\":[\"https:\/\/www.facebook.com\/ikastikoskiklossianti\/\"]}]}<\/script>\n<!-- \/ Yoast SEO plugin. -->","yoast_head_json":{"title":"Chryssa Vardea Silkscreens | Ikastikos Kiklos","description":"Chryssa Vardea Silkscreens in one of the most historic galleries in Athens","robots":{"index":"index","follow":"follow","max-snippet":"max-snippet:-1","max-image-preview":"max-image-preview:large","max-video-preview":"max-video-preview:-1"},"canonical":"https:\/\/ikastikos-kiklos.com\/en\/painters\/chryssa-vardea\/","og_locale":"en_US","og_type":"article","og_title":"Chryssa Vardea Silkscreens | Ikastikos Kiklos","og_description":"Chryssa Vardea Silkscreens in one of the most historic galleries in Athens","og_url":"https:\/\/ikastikos-kiklos.com\/en\/painters\/chryssa-vardea\/","og_site_name":"Ikastikos Kiklos - Zografik\u00ed - Metaxotyp\u00edes - T\u00e9chniPainting - Silk Screen - Art","article_publisher":"https:\/\/www.facebook.com\/ikastikoskiklossianti\/","twitter_card":"summary_large_image","twitter_misc":{"Est. reading time":"2 minutes"},"schema":{"@context":"https:\/\/schema.org","@graph":[{"@type":"WebPage","@id":"https:\/\/ikastikos-kiklos.com\/en\/painters\/chryssa-vardea\/","url":"https:\/\/ikastikos-kiklos.com\/en\/painters\/chryssa-vardea\/","name":"Chryssa Vardea Silkscreens | Ikastikos Kiklos","isPartOf":{"@id":"https:\/\/ikastikos-kiklos.com\/en\/#website"},"datePublished":"2024-02-02T12:07:39+00:00","description":"Chryssa Vardea Silkscreens in one of the most historic galleries in Athens","breadcrumb":{"@id":"https:\/\/ikastikos-kiklos.com\/en\/painters\/chryssa-vardea\/#breadcrumb"},"inLanguage":"en-US","potentialAction":[{"@type":"ReadAction","target":["https:\/\/ikastikos-kiklos.com\/en\/painters\/chryssa-vardea\/"]}]},{"@type":"BreadcrumbList","@id":"https:\/\/ikastikos-kiklos.com\/en\/painters\/chryssa-vardea\/#breadcrumb","itemListElement":[{"@type":"ListItem","position":1,"name":"Home","item":"https:\/\/ikastikos-kiklos.com\/en\/"},{"@type":"ListItem","position":2,"name":"Painters","item":"https:\/\/ikastikos-kiklos.com\/en\/painters\/"},{"@type":"ListItem","position":3,"name":"Chryssa Vardea"}]},{"@type":"WebSite","@id":"https:\/\/ikastikos-kiklos.com\/en\/#website","url":"https:\/\/ikastikos-kiklos.com\/en\/","name":"Ikastikos Kiklos - Zografik\u00ed - Metaxotyp\u00edes - T\u00e9chniPainting - Silk Screen - Art","description":"","publisher":{"@id":"https:\/\/ikastikos-kiklos.com\/en\/#organization"},"potentialAction":[{"@type":"SearchAction","target":{"@type":"EntryPoint","urlTemplate":"https:\/\/ikastikos-kiklos.com\/en\/?s={search_term_string}"},"query-input":{"@type":"PropertyValueSpecification","valueRequired":true,"valueName":"search_term_string"}}],"inLanguage":"en-US"},{"@type":"Organization","@id":"https:\/\/ikastikos-kiklos.com\/en\/#organization","name":"Ikastikos Kiklos - Zografik\u00ed - Metaxotyp\u00edes - T\u00e9chniPainting - Silk Screen - Art","url":"https:\/\/ikastikos-kiklos.com\/en\/","logo":{"@type":"ImageObject","inLanguage":"en-US","@id":"https:\/\/ikastikos-kiklos.com\/en\/#\/schema\/logo\/image\/","url":"https:\/\/ikastikos-kiklos.com\/wp-content\/uploads\/2022\/10\/cropped-favicon_ikastikos.png","contentUrl":"https:\/\/ikastikos-kiklos.com\/wp-content\/uploads\/2022\/10\/cropped-favicon_ikastikos.png","width":512,"height":512,"caption":"Ikastikos Kiklos - Zografik\u00ed - Metaxotyp\u00edes - T\u00e9chniPainting - Silk Screen - Art"},"image":{"@id":"https:\/\/ikastikos-kiklos.com\/en\/#\/schema\/logo\/image\/"},"sameAs":["https:\/\/www.facebook.com\/ikastikoskiklossianti\/"]}]}},"_links":{"self":[{"href":"https:\/\/ikastikos-kiklos.com\/en\/wp-json\/wp\/v2\/pages\/47763","targetHints":{"allow":["GET"]}}],"collection":[{"href":"https:\/\/ikastikos-kiklos.com\/en\/wp-json\/wp\/v2\/pages"}],"about":[{"href":"https:\/\/ikastikos-kiklos.com\/en\/wp-json\/wp\/v2\/types\/page"}],"author":[{"embeddable":true,"href":"https:\/\/ikastikos-kiklos.com\/en\/wp-json\/wp\/v2\/users\/2"}],"replies":[{"embeddable":true,"href":"https:\/\/ikastikos-kiklos.com\/en\/wp-json\/wp\/v2\/comments?post=47763"}],"version-history":[{"count":0,"href":"https:\/\/ikastikos-kiklos.com\/en\/wp-json\/wp\/v2\/pages\/47763\/revisions"}],"up":[{"embeddable":true,"href":"https:\/\/ikastikos-kiklos.com\/en\/wp-json\/wp\/v2\/pages\/2905"}],"wp:attachment":[{"href":"https:\/\/ikastikos-kiklos.com\/en\/wp-json\/wp\/v2\/media?parent=47763"}],"curies":[{"name":"wp","href":"https:\/\/api.w.org\/{rel}","templated":true}]}}