{"id":47762,"date":"2024-02-02T14:00:30","date_gmt":"2024-02-02T12:00:30","guid":{"rendered":"https:\/\/ikastikos-kiklos.com\/sculptors\/papayannis-theodoros\/"},"modified":"2024-02-02T14:00:30","modified_gmt":"2024-02-02T12:00:30","slug":"papayannis-theodoros","status":"publish","type":"page","link":"https:\/\/ikastikos-kiklos.com\/en\/sculptors\/papayannis-theodoros\/","title":{"rendered":"Papayannis Theodoros"},"content":{"rendered":"<p><strong>CV<\/strong><\/p>\n<p>Theodoros Papayannis was born in Ellinikon of Ioannina in 1942. He studied at the School of Fine Arts as a scholarship student from 1961 to 1966, with Yannis Pappas as his teacher.<br \/>\nIn 1967, with a two-year scholarship of the State Foundation of Scholarships (IKY), he pursued the study of Ancient Greek Art in Greece and the wider Mediterranean area, effecting a series of travels in Egypt, Asia Minor, Cyprus, Southern Italy and Sicily.<br \/>\nIn 1970 he was appointed Assistant Professor at the School of Fine Arts of Athens, next to his teacher, Yannis Pappas.<br \/>\nIn 1974 he co-organized with other 24 colleagues the Center for Visual Arts (KET).<br \/>\nIn 1981-1982 he pursued further training in Ecole Nationale Des Arts Appliques et des Metiers d&#8217; Art in Paris, in the latest materials and techniques of sculpture.<br \/>\nIn 1996-67, while on a six-month sabbatical, he visited the US in order to acquaint himself with the educational programs and the setting-up of sculpture studios at the School of Fine Arts of New York.<br \/>\nIn the line of educational exchanges of the Erasmus Program, he has cohosted frequent workshops at the School of Berlin, Brera and Bologna.<br \/>\nFor over twenty years he has been leading in the setting up of Sculpture Symposia in different cities of Greece and Cyprus, creating and leaving behind large scale sculptures in public places. Those sculptures were created on site.<br \/>\nHe has organized 45 individual exhibitions and has participated in multiple group exhibitions in Greece and abroad.<br \/>\nMonumental sculptures of his are located in private areas, museums and private collections, both in Greece and abroad.<br \/>\nHe has sculpted busts and statues of prominent personalities as well as many medals, coins and large sculptural compositions placed in public and private spaces.<br \/>\nHe has been awarded with many prizes in different competitions that he participated; his last one was the first prize in the international competition for a sculpture at the Chicago Airport.<br \/>\nDaily press, periodicals and mass media have repeatedly commented on his work, in Greece as well as abroad.<br \/>\nTheodoros Papayannis is today Professor Emeritus of Sculpture in the School of Fine Arts. He was proclaimed also Emeritus Professor of the University of Ioannina, in the Department of Plastic Arts.<br \/>\nIn 2009 he created the Museum of Contemporary Art &#8220;Theodoros Papayannis&#8221;.<br \/>\nIn 2015 was honored by the president of the Rebublic mr Karolos Papoulias with the grand commander of the order of the phoinix.<br \/>\nIn 2017 the 10th Junior High School of Ioannina honored him by giving his name to their school.<br \/>\nIn 2019 he haw be honored by the Greek Academy with the silver medal<br \/>\nHe lives and works in Athens.<\/p>\n","protected":false},"excerpt":{"rendered":"<p>CV Theodoros Papayannis was born in Ellinikon of Ioannina in 1942. He studied at the &hellip;<\/p>\n","protected":false},"author":2,"featured_media":0,"parent":2906,"menu_order":0,"comment_status":"closed","ping_status":"closed","template":"page-glyptes.php","meta":{"ngg_post_thumbnail":0,"footnotes":""},"class_list":["post-47762","page","type-page","status-publish","hentry"],"yoast_head":"<!-- This site is optimized with the Yoast SEO plugin v27.2 - https:\/\/yoast.com\/product\/yoast-seo-wordpress\/ -->\n<title>Papayannis Theodoros at Ikastikos Kiklos Sianti<\/title>\n<meta name=\"description\" content=\"Papayannis Theodoros at Ikastikos Kiklos Sianti. Sculptures and microsculptures in one of the most historic galleries in Athens\" \/>\n<meta name=\"robots\" content=\"index, follow, max-snippet:-1, max-image-preview:large, max-video-preview:-1\" \/>\n<link rel=\"canonical\" href=\"https:\/\/ikastikos-kiklos.com\/en\/sculptors\/papayannis-theodoros\/\" \/>\n<meta property=\"og:locale\" content=\"en_US\" \/>\n<meta property=\"og:type\" content=\"article\" \/>\n<meta property=\"og:title\" content=\"Papayannis Theodoros at Ikastikos Kiklos Sianti\" \/>\n<meta property=\"og:description\" content=\"Papayannis Theodoros at Ikastikos Kiklos Sianti. Sculptures and microsculptures in one of the most historic galleries in Athens\" \/>\n<meta property=\"og:url\" content=\"https:\/\/ikastikos-kiklos.com\/en\/sculptors\/papayannis-theodoros\/\" \/>\n<meta property=\"og:site_name\" content=\"Ikastikos Kiklos - Zografik\u00ed - Metaxotyp\u00edes - T\u00e9chniPainting - Silk Screen - Art\" \/>\n<meta property=\"article:publisher\" content=\"https:\/\/www.facebook.com\/ikastikoskiklossianti\/\" \/>\n<meta name=\"twitter:card\" content=\"summary_large_image\" \/>\n<meta name=\"twitter:label1\" content=\"Est. reading time\" \/>\n\t<meta name=\"twitter:data1\" content=\"2 minutes\" \/>\n<script type=\"application\/ld+json\" class=\"yoast-schema-graph\">{\"@context\":\"https:\/\/schema.org\",\"@graph\":[{\"@type\":\"WebPage\",\"@id\":\"https:\/\/ikastikos-kiklos.com\/en\/sculptors\/papayannis-theodoros\/\",\"url\":\"https:\/\/ikastikos-kiklos.com\/en\/sculptors\/papayannis-theodoros\/\",\"name\":\"Papayannis Theodoros at Ikastikos Kiklos Sianti\",\"isPartOf\":{\"@id\":\"https:\/\/ikastikos-kiklos.com\/en\/#website\"},\"datePublished\":\"2024-02-02T12:00:30+00:00\",\"description\":\"Papayannis Theodoros at Ikastikos Kiklos Sianti. Sculptures and microsculptures in one of the most historic galleries in Athens\",\"breadcrumb\":{\"@id\":\"https:\/\/ikastikos-kiklos.com\/en\/sculptors\/papayannis-theodoros\/#breadcrumb\"},\"inLanguage\":\"en-US\",\"potentialAction\":[{\"@type\":\"ReadAction\",\"target\":[\"https:\/\/ikastikos-kiklos.com\/en\/sculptors\/papayannis-theodoros\/\"]}]},{\"@type\":\"BreadcrumbList\",\"@id\":\"https:\/\/ikastikos-kiklos.com\/en\/sculptors\/papayannis-theodoros\/#breadcrumb\",\"itemListElement\":[{\"@type\":\"ListItem\",\"position\":1,\"name\":\"Home\",\"item\":\"https:\/\/ikastikos-kiklos.com\/en\/\"},{\"@type\":\"ListItem\",\"position\":2,\"name\":\"Sculptors\",\"item\":\"https:\/\/ikastikos-kiklos.com\/en\/sculptors\/\"},{\"@type\":\"ListItem\",\"position\":3,\"name\":\"Papayannis Theodoros\"}]},{\"@type\":\"WebSite\",\"@id\":\"https:\/\/ikastikos-kiklos.com\/en\/#website\",\"url\":\"https:\/\/ikastikos-kiklos.com\/en\/\",\"name\":\"Ikastikos Kiklos - Zografik\u00ed - Metaxotyp\u00edes - T\u00e9chniPainting - Silk Screen - Art\",\"description\":\"\",\"publisher\":{\"@id\":\"https:\/\/ikastikos-kiklos.com\/en\/#organization\"},\"potentialAction\":[{\"@type\":\"SearchAction\",\"target\":{\"@type\":\"EntryPoint\",\"urlTemplate\":\"https:\/\/ikastikos-kiklos.com\/en\/?s={search_term_string}\"},\"query-input\":{\"@type\":\"PropertyValueSpecification\",\"valueRequired\":true,\"valueName\":\"search_term_string\"}}],\"inLanguage\":\"en-US\"},{\"@type\":\"Organization\",\"@id\":\"https:\/\/ikastikos-kiklos.com\/en\/#organization\",\"name\":\"Ikastikos Kiklos - Zografik\u00ed - Metaxotyp\u00edes - T\u00e9chniPainting - Silk Screen - Art\",\"url\":\"https:\/\/ikastikos-kiklos.com\/en\/\",\"logo\":{\"@type\":\"ImageObject\",\"inLanguage\":\"en-US\",\"@id\":\"https:\/\/ikastikos-kiklos.com\/en\/#\/schema\/logo\/image\/\",\"url\":\"https:\/\/ikastikos-kiklos.com\/wp-content\/uploads\/2022\/10\/cropped-favicon_ikastikos.png\",\"contentUrl\":\"https:\/\/ikastikos-kiklos.com\/wp-content\/uploads\/2022\/10\/cropped-favicon_ikastikos.png\",\"width\":512,\"height\":512,\"caption\":\"Ikastikos Kiklos - Zografik\u00ed - Metaxotyp\u00edes - T\u00e9chniPainting - Silk Screen - Art\"},\"image\":{\"@id\":\"https:\/\/ikastikos-kiklos.com\/en\/#\/schema\/logo\/image\/\"},\"sameAs\":[\"https:\/\/www.facebook.com\/ikastikoskiklossianti\/\"]}]}<\/script>\n<!-- \/ Yoast SEO plugin. -->","yoast_head_json":{"title":"Papayannis Theodoros at Ikastikos Kiklos Sianti","description":"Papayannis Theodoros at Ikastikos Kiklos Sianti. Sculptures and microsculptures in one of the most historic galleries in Athens","robots":{"index":"index","follow":"follow","max-snippet":"max-snippet:-1","max-image-preview":"max-image-preview:large","max-video-preview":"max-video-preview:-1"},"canonical":"https:\/\/ikastikos-kiklos.com\/en\/sculptors\/papayannis-theodoros\/","og_locale":"en_US","og_type":"article","og_title":"Papayannis Theodoros at Ikastikos Kiklos Sianti","og_description":"Papayannis Theodoros at Ikastikos Kiklos Sianti. Sculptures and microsculptures in one of the most historic galleries in Athens","og_url":"https:\/\/ikastikos-kiklos.com\/en\/sculptors\/papayannis-theodoros\/","og_site_name":"Ikastikos Kiklos - Zografik\u00ed - Metaxotyp\u00edes - T\u00e9chniPainting - Silk Screen - Art","article_publisher":"https:\/\/www.facebook.com\/ikastikoskiklossianti\/","twitter_card":"summary_large_image","twitter_misc":{"Est. reading time":"2 minutes"},"schema":{"@context":"https:\/\/schema.org","@graph":[{"@type":"WebPage","@id":"https:\/\/ikastikos-kiklos.com\/en\/sculptors\/papayannis-theodoros\/","url":"https:\/\/ikastikos-kiklos.com\/en\/sculptors\/papayannis-theodoros\/","name":"Papayannis Theodoros at Ikastikos Kiklos Sianti","isPartOf":{"@id":"https:\/\/ikastikos-kiklos.com\/en\/#website"},"datePublished":"2024-02-02T12:00:30+00:00","description":"Papayannis Theodoros at Ikastikos Kiklos Sianti. Sculptures and microsculptures in one of the most historic galleries in Athens","breadcrumb":{"@id":"https:\/\/ikastikos-kiklos.com\/en\/sculptors\/papayannis-theodoros\/#breadcrumb"},"inLanguage":"en-US","potentialAction":[{"@type":"ReadAction","target":["https:\/\/ikastikos-kiklos.com\/en\/sculptors\/papayannis-theodoros\/"]}]},{"@type":"BreadcrumbList","@id":"https:\/\/ikastikos-kiklos.com\/en\/sculptors\/papayannis-theodoros\/#breadcrumb","itemListElement":[{"@type":"ListItem","position":1,"name":"Home","item":"https:\/\/ikastikos-kiklos.com\/en\/"},{"@type":"ListItem","position":2,"name":"Sculptors","item":"https:\/\/ikastikos-kiklos.com\/en\/sculptors\/"},{"@type":"ListItem","position":3,"name":"Papayannis Theodoros"}]},{"@type":"WebSite","@id":"https:\/\/ikastikos-kiklos.com\/en\/#website","url":"https:\/\/ikastikos-kiklos.com\/en\/","name":"Ikastikos Kiklos - Zografik\u00ed - Metaxotyp\u00edes - T\u00e9chniPainting - Silk Screen - Art","description":"","publisher":{"@id":"https:\/\/ikastikos-kiklos.com\/en\/#organization"},"potentialAction":[{"@type":"SearchAction","target":{"@type":"EntryPoint","urlTemplate":"https:\/\/ikastikos-kiklos.com\/en\/?s={search_term_string}"},"query-input":{"@type":"PropertyValueSpecification","valueRequired":true,"valueName":"search_term_string"}}],"inLanguage":"en-US"},{"@type":"Organization","@id":"https:\/\/ikastikos-kiklos.com\/en\/#organization","name":"Ikastikos Kiklos - Zografik\u00ed - Metaxotyp\u00edes - T\u00e9chniPainting - Silk Screen - Art","url":"https:\/\/ikastikos-kiklos.com\/en\/","logo":{"@type":"ImageObject","inLanguage":"en-US","@id":"https:\/\/ikastikos-kiklos.com\/en\/#\/schema\/logo\/image\/","url":"https:\/\/ikastikos-kiklos.com\/wp-content\/uploads\/2022\/10\/cropped-favicon_ikastikos.png","contentUrl":"https:\/\/ikastikos-kiklos.com\/wp-content\/uploads\/2022\/10\/cropped-favicon_ikastikos.png","width":512,"height":512,"caption":"Ikastikos Kiklos - Zografik\u00ed - Metaxotyp\u00edes - T\u00e9chniPainting - Silk Screen - Art"},"image":{"@id":"https:\/\/ikastikos-kiklos.com\/en\/#\/schema\/logo\/image\/"},"sameAs":["https:\/\/www.facebook.com\/ikastikoskiklossianti\/"]}]}},"_links":{"self":[{"href":"https:\/\/ikastikos-kiklos.com\/en\/wp-json\/wp\/v2\/pages\/47762","targetHints":{"allow":["GET"]}}],"collection":[{"href":"https:\/\/ikastikos-kiklos.com\/en\/wp-json\/wp\/v2\/pages"}],"about":[{"href":"https:\/\/ikastikos-kiklos.com\/en\/wp-json\/wp\/v2\/types\/page"}],"author":[{"embeddable":true,"href":"https:\/\/ikastikos-kiklos.com\/en\/wp-json\/wp\/v2\/users\/2"}],"replies":[{"embeddable":true,"href":"https:\/\/ikastikos-kiklos.com\/en\/wp-json\/wp\/v2\/comments?post=47762"}],"version-history":[{"count":0,"href":"https:\/\/ikastikos-kiklos.com\/en\/wp-json\/wp\/v2\/pages\/47762\/revisions"}],"up":[{"embeddable":true,"href":"https:\/\/ikastikos-kiklos.com\/en\/wp-json\/wp\/v2\/pages\/2906"}],"wp:attachment":[{"href":"https:\/\/ikastikos-kiklos.com\/en\/wp-json\/wp\/v2\/media?parent=47762"}],"curies":[{"name":"wp","href":"https:\/\/api.w.org\/{rel}","templated":true}]}}