{"id":4766,"date":"2016-09-07T13:58:37","date_gmt":"2016-09-07T13:58:37","guid":{"rendered":"https:\/\/ikastikos-kiklos.com\/sculptors\/%ce%b2%ce%bb%ce%ac%cf%83%cf%83%ce%b7%cf%82-%ce%b4%ce%b7%ce%bc%ce%ae%cf%84%cf%81%ce%b7%cf%82\/"},"modified":"2020-07-03T10:06:27","modified_gmt":"2020-07-03T07:06:27","slug":"%ce%b2%ce%bb%ce%ac%cf%83%cf%83%ce%b7%cf%82-%ce%b4%ce%b7%ce%bc%ce%ae%cf%84%cf%81%ce%b7%cf%82","status":"publish","type":"page","link":"https:\/\/ikastikos-kiklos.com\/en\/sculptors\/%ce%b2%ce%bb%ce%ac%cf%83%cf%83%ce%b7%cf%82-%ce%b4%ce%b7%ce%bc%ce%ae%cf%84%cf%81%ce%b7%cf%82\/","title":{"rendered":"Vlassis Dimitris"},"content":{"rendered":"<div class=\"wpb-content-wrapper\"><p>[vc_row][vc_column][vc_custom_heading text=&#8221;CV&#8221;][\/vc_column][\/vc_row][vc_row][vc_column][vc_column_text]<\/p>\n<h1>Vlassis Dimitris<\/h1>\n<p>He was born in Piraeus, in 1946. In 1969, he graduated from the School of Architecture of the National Technical University of Athens and since then, he has been working as an architect, designer and sculptor, having created a substantial number of architectural works and design objects, writing books, giving lectures, teaching, publishing articles for conventional and electronic media and participating in many painting exhibitions (both personal and group evets, in Greece and abroad). He has also studied theater and has been working as a play writer, director and scenographer.<br \/>\n[\/vc_column_text][\/vc_column][\/vc_row][vc_row][vc_column][vc_empty_space][\/vc_column][\/vc_row][vc_row][vc_column][vc_video link=&#8221;https:\/\/www.youtube.com\/watch?v=ukyBhtd91iE&#8221; el_width=&#8221;80&#8243; align=&#8221;center&#8221;][vc_empty_space][vc_single_image image=&#8221;5049&#8243; img_size=&#8221;full&#8221; alignment=&#8221;center&#8221;][vc_empty_space][vc_single_image image=&#8221;5047&#8243; img_size=&#8221;full&#8221; alignment=&#8221;center&#8221;][vc_empty_space][vc_single_image image=&#8221;5048&#8243; img_size=&#8221;full&#8221; alignment=&#8221;center&#8221;][\/vc_column][\/vc_row]<\/p>\n<\/div>","protected":false},"excerpt":{"rendered":"<p>[vc_row][vc_column][vc_custom_heading text=&#8221;CV&#8221;][\/vc_column][\/vc_row][vc_row][vc_column][vc_column_text] Vlassis Dimitris He was born in Piraeus, in 1946. In 1969, he graduated &hellip;<\/p>\n","protected":false},"author":1,"featured_media":0,"parent":2906,"menu_order":0,"comment_status":"closed","ping_status":"closed","template":"page-glyptes.php","meta":{"ngg_post_thumbnail":0,"footnotes":""},"class_list":["post-4766","page","type-page","status-publish","hentry"],"yoast_head":"<!-- This site is optimized with the Yoast SEO plugin v27.2 - https:\/\/yoast.com\/product\/yoast-seo-wordpress\/ -->\n<title>Vlassis Dimitris Sculptor at Ikastikos Kiklos Sianti Gallery<\/title>\n<meta name=\"description\" content=\"Vlassis Dimitris Sculptor at Ikastikos Kiklos Sianti Gallery. Find sculptures and microsculptures for sale at great prices\" \/>\n<meta name=\"robots\" content=\"index, follow, max-snippet:-1, max-image-preview:large, max-video-preview:-1\" \/>\n<link rel=\"canonical\" href=\"https:\/\/ikastikos-kiklos.com\/en\/sculptors\/\u03b2\u03bb\u03ac\u03c3\u03c3\u03b7\u03c2-\u03b4\u03b7\u03bc\u03ae\u03c4\u03c1\u03b7\u03c2\/\" \/>\n<meta property=\"og:locale\" content=\"en_US\" \/>\n<meta property=\"og:type\" content=\"article\" \/>\n<meta property=\"og:title\" content=\"Vlassis Dimitris Sculptor at Ikastikos Kiklos Sianti Gallery\" \/>\n<meta property=\"og:description\" content=\"Vlassis Dimitris Sculptor at Ikastikos Kiklos Sianti Gallery. Find sculptures and microsculptures for sale at great prices\" \/>\n<meta property=\"og:url\" content=\"https:\/\/ikastikos-kiklos.com\/en\/sculptors\/\u03b2\u03bb\u03ac\u03c3\u03c3\u03b7\u03c2-\u03b4\u03b7\u03bc\u03ae\u03c4\u03c1\u03b7\u03c2\/\" \/>\n<meta property=\"og:site_name\" content=\"Ikastikos Kiklos - Zografik\u00ed - Metaxotyp\u00edes - T\u00e9chniPainting - Silk Screen - Art\" \/>\n<meta property=\"article:publisher\" content=\"https:\/\/www.facebook.com\/ikastikoskiklossianti\/\" \/>\n<meta property=\"article:modified_time\" content=\"2020-07-03T07:06:27+00:00\" \/>\n<meta name=\"twitter:card\" content=\"summary_large_image\" \/>\n<meta name=\"twitter:label1\" content=\"Est. reading time\" \/>\n\t<meta name=\"twitter:data1\" content=\"1 minute\" \/>\n<script type=\"application\/ld+json\" class=\"yoast-schema-graph\">{\"@context\":\"https:\/\/schema.org\",\"@graph\":[{\"@type\":\"WebPage\",\"@id\":\"https:\/\/ikastikos-kiklos.com\/en\/sculptors\/%ce%b2%ce%bb%ce%ac%cf%83%cf%83%ce%b7%cf%82-%ce%b4%ce%b7%ce%bc%ce%ae%cf%84%cf%81%ce%b7%cf%82\/\",\"url\":\"https:\/\/ikastikos-kiklos.com\/en\/sculptors\/%ce%b2%ce%bb%ce%ac%cf%83%cf%83%ce%b7%cf%82-%ce%b4%ce%b7%ce%bc%ce%ae%cf%84%cf%81%ce%b7%cf%82\/\",\"name\":\"Vlassis Dimitris Sculptor at Ikastikos Kiklos Sianti Gallery\",\"isPartOf\":{\"@id\":\"https:\/\/ikastikos-kiklos.com\/en\/#website\"},\"datePublished\":\"2016-09-07T13:58:37+00:00\",\"dateModified\":\"2020-07-03T07:06:27+00:00\",\"description\":\"Vlassis Dimitris Sculptor at Ikastikos Kiklos Sianti Gallery. Find sculptures and microsculptures for sale at great prices\",\"breadcrumb\":{\"@id\":\"https:\/\/ikastikos-kiklos.com\/en\/sculptors\/%ce%b2%ce%bb%ce%ac%cf%83%cf%83%ce%b7%cf%82-%ce%b4%ce%b7%ce%bc%ce%ae%cf%84%cf%81%ce%b7%cf%82\/#breadcrumb\"},\"inLanguage\":\"en-US\",\"potentialAction\":[{\"@type\":\"ReadAction\",\"target\":[\"https:\/\/ikastikos-kiklos.com\/en\/sculptors\/%ce%b2%ce%bb%ce%ac%cf%83%cf%83%ce%b7%cf%82-%ce%b4%ce%b7%ce%bc%ce%ae%cf%84%cf%81%ce%b7%cf%82\/\"]}]},{\"@type\":\"BreadcrumbList\",\"@id\":\"https:\/\/ikastikos-kiklos.com\/en\/sculptors\/%ce%b2%ce%bb%ce%ac%cf%83%cf%83%ce%b7%cf%82-%ce%b4%ce%b7%ce%bc%ce%ae%cf%84%cf%81%ce%b7%cf%82\/#breadcrumb\",\"itemListElement\":[{\"@type\":\"ListItem\",\"position\":1,\"name\":\"Home\",\"item\":\"https:\/\/ikastikos-kiklos.com\/en\/\"},{\"@type\":\"ListItem\",\"position\":2,\"name\":\"Sculptors\",\"item\":\"https:\/\/ikastikos-kiklos.com\/en\/sculptors\/\"},{\"@type\":\"ListItem\",\"position\":3,\"name\":\"Vlassis Dimitris\"}]},{\"@type\":\"WebSite\",\"@id\":\"https:\/\/ikastikos-kiklos.com\/en\/#website\",\"url\":\"https:\/\/ikastikos-kiklos.com\/en\/\",\"name\":\"Ikastikos Kiklos - Zografik\u00ed - Metaxotyp\u00edes - T\u00e9chniPainting - Silk Screen - Art\",\"description\":\"\",\"publisher\":{\"@id\":\"https:\/\/ikastikos-kiklos.com\/en\/#organization\"},\"potentialAction\":[{\"@type\":\"SearchAction\",\"target\":{\"@type\":\"EntryPoint\",\"urlTemplate\":\"https:\/\/ikastikos-kiklos.com\/en\/?s={search_term_string}\"},\"query-input\":{\"@type\":\"PropertyValueSpecification\",\"valueRequired\":true,\"valueName\":\"search_term_string\"}}],\"inLanguage\":\"en-US\"},{\"@type\":\"Organization\",\"@id\":\"https:\/\/ikastikos-kiklos.com\/en\/#organization\",\"name\":\"Ikastikos Kiklos - Zografik\u00ed - Metaxotyp\u00edes - T\u00e9chniPainting - Silk Screen - Art\",\"url\":\"https:\/\/ikastikos-kiklos.com\/en\/\",\"logo\":{\"@type\":\"ImageObject\",\"inLanguage\":\"en-US\",\"@id\":\"https:\/\/ikastikos-kiklos.com\/en\/#\/schema\/logo\/image\/\",\"url\":\"https:\/\/ikastikos-kiklos.com\/wp-content\/uploads\/2022\/10\/cropped-favicon_ikastikos.png\",\"contentUrl\":\"https:\/\/ikastikos-kiklos.com\/wp-content\/uploads\/2022\/10\/cropped-favicon_ikastikos.png\",\"width\":512,\"height\":512,\"caption\":\"Ikastikos Kiklos - Zografik\u00ed - Metaxotyp\u00edes - T\u00e9chniPainting - Silk Screen - Art\"},\"image\":{\"@id\":\"https:\/\/ikastikos-kiklos.com\/en\/#\/schema\/logo\/image\/\"},\"sameAs\":[\"https:\/\/www.facebook.com\/ikastikoskiklossianti\/\"]}]}<\/script>\n<!-- \/ Yoast SEO plugin. -->","yoast_head_json":{"title":"Vlassis Dimitris Sculptor at Ikastikos Kiklos Sianti Gallery","description":"Vlassis Dimitris Sculptor at Ikastikos Kiklos Sianti Gallery. Find sculptures and microsculptures for sale at great prices","robots":{"index":"index","follow":"follow","max-snippet":"max-snippet:-1","max-image-preview":"max-image-preview:large","max-video-preview":"max-video-preview:-1"},"canonical":"https:\/\/ikastikos-kiklos.com\/en\/sculptors\/\u03b2\u03bb\u03ac\u03c3\u03c3\u03b7\u03c2-\u03b4\u03b7\u03bc\u03ae\u03c4\u03c1\u03b7\u03c2\/","og_locale":"en_US","og_type":"article","og_title":"Vlassis Dimitris Sculptor at Ikastikos Kiklos Sianti Gallery","og_description":"Vlassis Dimitris Sculptor at Ikastikos Kiklos Sianti Gallery. Find sculptures and microsculptures for sale at great prices","og_url":"https:\/\/ikastikos-kiklos.com\/en\/sculptors\/\u03b2\u03bb\u03ac\u03c3\u03c3\u03b7\u03c2-\u03b4\u03b7\u03bc\u03ae\u03c4\u03c1\u03b7\u03c2\/","og_site_name":"Ikastikos Kiklos - Zografik\u00ed - Metaxotyp\u00edes - T\u00e9chniPainting - Silk Screen - Art","article_publisher":"https:\/\/www.facebook.com\/ikastikoskiklossianti\/","article_modified_time":"2020-07-03T07:06:27+00:00","twitter_card":"summary_large_image","twitter_misc":{"Est. reading time":"1 minute"},"schema":{"@context":"https:\/\/schema.org","@graph":[{"@type":"WebPage","@id":"https:\/\/ikastikos-kiklos.com\/en\/sculptors\/%ce%b2%ce%bb%ce%ac%cf%83%cf%83%ce%b7%cf%82-%ce%b4%ce%b7%ce%bc%ce%ae%cf%84%cf%81%ce%b7%cf%82\/","url":"https:\/\/ikastikos-kiklos.com\/en\/sculptors\/%ce%b2%ce%bb%ce%ac%cf%83%cf%83%ce%b7%cf%82-%ce%b4%ce%b7%ce%bc%ce%ae%cf%84%cf%81%ce%b7%cf%82\/","name":"Vlassis Dimitris Sculptor at Ikastikos Kiklos Sianti Gallery","isPartOf":{"@id":"https:\/\/ikastikos-kiklos.com\/en\/#website"},"datePublished":"2016-09-07T13:58:37+00:00","dateModified":"2020-07-03T07:06:27+00:00","description":"Vlassis Dimitris Sculptor at Ikastikos Kiklos Sianti Gallery. Find sculptures and microsculptures for sale at great prices","breadcrumb":{"@id":"https:\/\/ikastikos-kiklos.com\/en\/sculptors\/%ce%b2%ce%bb%ce%ac%cf%83%cf%83%ce%b7%cf%82-%ce%b4%ce%b7%ce%bc%ce%ae%cf%84%cf%81%ce%b7%cf%82\/#breadcrumb"},"inLanguage":"en-US","potentialAction":[{"@type":"ReadAction","target":["https:\/\/ikastikos-kiklos.com\/en\/sculptors\/%ce%b2%ce%bb%ce%ac%cf%83%cf%83%ce%b7%cf%82-%ce%b4%ce%b7%ce%bc%ce%ae%cf%84%cf%81%ce%b7%cf%82\/"]}]},{"@type":"BreadcrumbList","@id":"https:\/\/ikastikos-kiklos.com\/en\/sculptors\/%ce%b2%ce%bb%ce%ac%cf%83%cf%83%ce%b7%cf%82-%ce%b4%ce%b7%ce%bc%ce%ae%cf%84%cf%81%ce%b7%cf%82\/#breadcrumb","itemListElement":[{"@type":"ListItem","position":1,"name":"Home","item":"https:\/\/ikastikos-kiklos.com\/en\/"},{"@type":"ListItem","position":2,"name":"Sculptors","item":"https:\/\/ikastikos-kiklos.com\/en\/sculptors\/"},{"@type":"ListItem","position":3,"name":"Vlassis Dimitris"}]},{"@type":"WebSite","@id":"https:\/\/ikastikos-kiklos.com\/en\/#website","url":"https:\/\/ikastikos-kiklos.com\/en\/","name":"Ikastikos Kiklos - Zografik\u00ed - Metaxotyp\u00edes - T\u00e9chniPainting - Silk Screen - Art","description":"","publisher":{"@id":"https:\/\/ikastikos-kiklos.com\/en\/#organization"},"potentialAction":[{"@type":"SearchAction","target":{"@type":"EntryPoint","urlTemplate":"https:\/\/ikastikos-kiklos.com\/en\/?s={search_term_string}"},"query-input":{"@type":"PropertyValueSpecification","valueRequired":true,"valueName":"search_term_string"}}],"inLanguage":"en-US"},{"@type":"Organization","@id":"https:\/\/ikastikos-kiklos.com\/en\/#organization","name":"Ikastikos Kiklos - Zografik\u00ed - Metaxotyp\u00edes - T\u00e9chniPainting - Silk Screen - Art","url":"https:\/\/ikastikos-kiklos.com\/en\/","logo":{"@type":"ImageObject","inLanguage":"en-US","@id":"https:\/\/ikastikos-kiklos.com\/en\/#\/schema\/logo\/image\/","url":"https:\/\/ikastikos-kiklos.com\/wp-content\/uploads\/2022\/10\/cropped-favicon_ikastikos.png","contentUrl":"https:\/\/ikastikos-kiklos.com\/wp-content\/uploads\/2022\/10\/cropped-favicon_ikastikos.png","width":512,"height":512,"caption":"Ikastikos Kiklos - Zografik\u00ed - Metaxotyp\u00edes - T\u00e9chniPainting - Silk Screen - Art"},"image":{"@id":"https:\/\/ikastikos-kiklos.com\/en\/#\/schema\/logo\/image\/"},"sameAs":["https:\/\/www.facebook.com\/ikastikoskiklossianti\/"]}]}},"_links":{"self":[{"href":"https:\/\/ikastikos-kiklos.com\/en\/wp-json\/wp\/v2\/pages\/4766","targetHints":{"allow":["GET"]}}],"collection":[{"href":"https:\/\/ikastikos-kiklos.com\/en\/wp-json\/wp\/v2\/pages"}],"about":[{"href":"https:\/\/ikastikos-kiklos.com\/en\/wp-json\/wp\/v2\/types\/page"}],"author":[{"embeddable":true,"href":"https:\/\/ikastikos-kiklos.com\/en\/wp-json\/wp\/v2\/users\/1"}],"replies":[{"embeddable":true,"href":"https:\/\/ikastikos-kiklos.com\/en\/wp-json\/wp\/v2\/comments?post=4766"}],"version-history":[{"count":0,"href":"https:\/\/ikastikos-kiklos.com\/en\/wp-json\/wp\/v2\/pages\/4766\/revisions"}],"up":[{"embeddable":true,"href":"https:\/\/ikastikos-kiklos.com\/en\/wp-json\/wp\/v2\/pages\/2906"}],"wp:attachment":[{"href":"https:\/\/ikastikos-kiklos.com\/en\/wp-json\/wp\/v2\/media?parent=4766"}],"curies":[{"name":"wp","href":"https:\/\/api.w.org\/{rel}","templated":true}]}}