{"id":46031,"date":"2023-10-09T11:18:06","date_gmt":"2023-10-09T08:18:06","guid":{"rendered":"https:\/\/ikastikos-kiklos.com\/kostas-varotsos-kostas-paniaras-sotiris-sorogas-secret-language\/"},"modified":"2023-10-24T15:43:15","modified_gmt":"2023-10-24T12:43:15","slug":"kostas-varotsos-kostas-paniaras-sotiris-sorogas-secret-language","status":"publish","type":"page","link":"https:\/\/ikastikos-kiklos.com\/en\/kostas-varotsos-kostas-paniaras-sotiris-sorogas-secret-language\/","title":{"rendered":"&#8220;Kostas Varotsos &#8211; Kostas Paniaras &#8211; Sotiris Sorogas | &#8216;Secret Language'&#8221;"},"content":{"rendered":"<div class=\"wpb-content-wrapper\"><p>[vc_row][vc_column width=&#8221;2\/3&#8243;][vc_single_image image=&#8221;46034&#8243; img_size=&#8221;full&#8221;][vc_empty_space height=&#8221;25px&#8221;][vc_column_text]The <strong>Sianti Gallery<\/strong> opens the group exhibition of <strong>Kostas Varotsos, Kostas Paniaras and Sotiris Sorogas entitled &#8220;Secret Language&#8221;<\/strong>, which is accompanied by the catalog of the same title. The curator is the art historian, <strong>George Mylonas<\/strong>, who underlines that this company of visual artists undoubtedly influences the artistic education of the state, as they are separate chapters in our modern visual tradition.<\/p>\n<div id='gallery-1' class='gallery galleryid-46031 gallery-columns-3 gallery-size-full'><dl class='gallery-item'>\n\t\t\t<dt class='gallery-icon landscape'>\n\t\t\t\t<a href='https:\/\/ikastikos-kiklos.com\/en\/kostas-varotsos-kostas-paniaras-sotiris-sorogas-secret-language\/394083372_833782428754391_1219002386217862502_n-2\/'><img loading=\"lazy\" decoding=\"async\" width=\"1795\" height=\"1281\" src=\"https:\/\/ikastikos-kiklos.com\/wp-content\/uploads\/2023\/10\/394083372_833782428754391_1219002386217862502_n.jpg\" class=\"attachment-full size-full\" alt=\"\" aria-describedby=\"gallery-1-46216\" srcset=\"https:\/\/ikastikos-kiklos.com\/wp-content\/uploads\/2023\/10\/394083372_833782428754391_1219002386217862502_n.jpg 1795w, https:\/\/ikastikos-kiklos.com\/wp-content\/uploads\/2023\/10\/394083372_833782428754391_1219002386217862502_n-300x214.jpg 300w, https:\/\/ikastikos-kiklos.com\/wp-content\/uploads\/2023\/10\/394083372_833782428754391_1219002386217862502_n-1024x731.jpg 1024w, https:\/\/ikastikos-kiklos.com\/wp-content\/uploads\/2023\/10\/394083372_833782428754391_1219002386217862502_n-768x548.jpg 768w, https:\/\/ikastikos-kiklos.com\/wp-content\/uploads\/2023\/10\/394083372_833782428754391_1219002386217862502_n-1536x1096.jpg 1536w, https:\/\/ikastikos-kiklos.com\/wp-content\/uploads\/2023\/10\/394083372_833782428754391_1219002386217862502_n-680x485.jpg 680w, https:\/\/ikastikos-kiklos.com\/wp-content\/uploads\/2023\/10\/394083372_833782428754391_1219002386217862502_n-700x500.jpg 700w, https:\/\/ikastikos-kiklos.com\/wp-content\/uploads\/2023\/10\/394083372_833782428754391_1219002386217862502_n-220x157.jpg 220w, https:\/\/ikastikos-kiklos.com\/wp-content\/uploads\/2023\/10\/394083372_833782428754391_1219002386217862502_n-140x100.jpg 140w, https:\/\/ikastikos-kiklos.com\/wp-content\/uploads\/2023\/10\/394083372_833782428754391_1219002386217862502_n-940x671.jpg 940w, https:\/\/ikastikos-kiklos.com\/wp-content\/uploads\/2023\/10\/394083372_833782428754391_1219002386217862502_n-350x250.jpg 350w, https:\/\/ikastikos-kiklos.com\/wp-content\/uploads\/2023\/10\/394083372_833782428754391_1219002386217862502_n-595x425.jpg 595w\" sizes=\"auto, (max-width: 1795px) 100vw, 1795px\" \/><\/a>\n\t\t\t<\/dt>\n\t\t\t\t<dd class='wp-caption-text gallery-caption' id='gallery-1-46216'>\n\t\t\t\tSotiris Sorogas, Giorgos Mylonas\n\t\t\t\t<\/dd><\/dl><dl class='gallery-item'>\n\t\t\t<dt class='gallery-icon portrait'>\n\t\t\t\t<a href='https:\/\/ikastikos-kiklos.com\/en\/kostas-varotsos-kostas-paniaras-sotiris-sorogas-secret-language\/393916010_833784938754140_4588326862212016974_n-2\/'><img loading=\"lazy\" decoding=\"async\" width=\"918\" height=\"991\" src=\"https:\/\/ikastikos-kiklos.com\/wp-content\/uploads\/2023\/10\/393916010_833784938754140_4588326862212016974_n.jpg\" class=\"attachment-full size-full\" alt=\"\" aria-describedby=\"gallery-1-46220\" srcset=\"https:\/\/ikastikos-kiklos.com\/wp-content\/uploads\/2023\/10\/393916010_833784938754140_4588326862212016974_n.jpg 918w, https:\/\/ikastikos-kiklos.com\/wp-content\/uploads\/2023\/10\/393916010_833784938754140_4588326862212016974_n-278x300.jpg 278w, https:\/\/ikastikos-kiklos.com\/wp-content\/uploads\/2023\/10\/393916010_833784938754140_4588326862212016974_n-768x829.jpg 768w, https:\/\/ikastikos-kiklos.com\/wp-content\/uploads\/2023\/10\/393916010_833784938754140_4588326862212016974_n-680x734.jpg 680w, https:\/\/ikastikos-kiklos.com\/wp-content\/uploads\/2023\/10\/393916010_833784938754140_4588326862212016974_n-700x756.jpg 700w, https:\/\/ikastikos-kiklos.com\/wp-content\/uploads\/2023\/10\/393916010_833784938754140_4588326862212016974_n-220x237.jpg 220w, https:\/\/ikastikos-kiklos.com\/wp-content\/uploads\/2023\/10\/393916010_833784938754140_4588326862212016974_n-140x151.jpg 140w, https:\/\/ikastikos-kiklos.com\/wp-content\/uploads\/2023\/10\/393916010_833784938754140_4588326862212016974_n-350x378.jpg 350w, https:\/\/ikastikos-kiklos.com\/wp-content\/uploads\/2023\/10\/393916010_833784938754140_4588326862212016974_n-595x642.jpg 595w\" sizes=\"auto, (max-width: 918px) 100vw, 918px\" \/><\/a>\n\t\t\t<\/dt>\n\t\t\t\t<dd class='wp-caption-text gallery-caption' id='gallery-1-46220'>\n\t\t\t\tVassiliki Sianti\n\t\t\t\t<\/dd><\/dl><dl class='gallery-item'>\n\t\t\t<dt class='gallery-icon portrait'>\n\t\t\t\t<a href='https:\/\/ikastikos-kiklos.com\/en\/kostas-varotsos-kostas-paniaras-sotiris-sorogas-secret-language\/391625154_833788092087158_8979743680762639935_n-2\/'><img loading=\"lazy\" decoding=\"async\" width=\"1024\" height=\"1280\" src=\"https:\/\/ikastikos-kiklos.com\/wp-content\/uploads\/2023\/10\/391625154_833788092087158_8979743680762639935_n.jpg\" class=\"attachment-full size-full\" alt=\"\" aria-describedby=\"gallery-1-46218\" srcset=\"https:\/\/ikastikos-kiklos.com\/wp-content\/uploads\/2023\/10\/391625154_833788092087158_8979743680762639935_n.jpg 1024w, https:\/\/ikastikos-kiklos.com\/wp-content\/uploads\/2023\/10\/391625154_833788092087158_8979743680762639935_n-240x300.jpg 240w, https:\/\/ikastikos-kiklos.com\/wp-content\/uploads\/2023\/10\/391625154_833788092087158_8979743680762639935_n-819x1024.jpg 819w, https:\/\/ikastikos-kiklos.com\/wp-content\/uploads\/2023\/10\/391625154_833788092087158_8979743680762639935_n-768x960.jpg 768w, https:\/\/ikastikos-kiklos.com\/wp-content\/uploads\/2023\/10\/391625154_833788092087158_8979743680762639935_n-680x850.jpg 680w, https:\/\/ikastikos-kiklos.com\/wp-content\/uploads\/2023\/10\/391625154_833788092087158_8979743680762639935_n-700x875.jpg 700w, https:\/\/ikastikos-kiklos.com\/wp-content\/uploads\/2023\/10\/391625154_833788092087158_8979743680762639935_n-220x275.jpg 220w, https:\/\/ikastikos-kiklos.com\/wp-content\/uploads\/2023\/10\/391625154_833788092087158_8979743680762639935_n-140x175.jpg 140w, https:\/\/ikastikos-kiklos.com\/wp-content\/uploads\/2023\/10\/391625154_833788092087158_8979743680762639935_n-940x1175.jpg 940w, https:\/\/ikastikos-kiklos.com\/wp-content\/uploads\/2023\/10\/391625154_833788092087158_8979743680762639935_n-350x438.jpg 350w, https:\/\/ikastikos-kiklos.com\/wp-content\/uploads\/2023\/10\/391625154_833788092087158_8979743680762639935_n-595x744.jpg 595w\" sizes=\"auto, (max-width: 1024px) 100vw, 1024px\" \/><\/a>\n\t\t\t<\/dt>\n\t\t\t\t<dd class='wp-caption-text gallery-caption' id='gallery-1-46218'>\n\t\t\t\tKostas Varotsos, Fanis Siantis\n\t\t\t\t<\/dd><\/dl><br style=\"clear: both\" \/>\n\t\t<\/div>\n\n<p>The three artistic personalities are presented in an unpredictable, but essential dialogue: The late Kostas Paniaras with his volcanic colors and explosive kinetic painting, the lyricist of visual memory and the silent submission of images, Sotiris Sorogas and, finally, Kostas Varotsos, a a creator who combines in his sculptural forms technology and the poetic aura of things, of different materials, the transparency but at the same time the dynamic imposition that can distinguish a sculptural construction.<\/p>\n<h4>SEE THE EXHIBITION&#8217;S CATALOGUE<\/h4>\n<p><iframe style=\"width: 900px; height: 500px;\" src=\"https:\/\/online.fliphtml5.com\/aomdi\/fewb\/\" frameborder=\"0\" scrolling=\"no\" seamless=\"seamless\" allowfullscreen=\"allowfullscreen\"><\/iframe>&nbsp;<\/p>\n<p>This unpredictable combination of the three visual arts is the reason why the curator of the exhibition passionately defends them: &#8220;&#8230; In the work of Kostas Paniaras, time flows like a wide river through what we make, moving away from utility. The color is the star in almost all phases of his work, whether in explosive monochromes or in unexpected combinations. With this flood of colors, I see Paniaras&#8217; works captivating us, becoming our banners. Kostas Varotsos is also an artist of the world, a runner who shows his work in densely populated centers or remote places. But even in his small works, Varotsos feels like a lover of the moment, he looks into her eyes where the fleeting flutters. On the other hand, Sorogas rebels against time. Almost all his works bear the trace of the other use of things, of human toil, of time itself. It transforms the elements, such as stone and dry stone, into symbols, which in turn produce other life.&#8221;<\/p>\n<h4>SEE PHOTOS FROM THE OPENING NIGHT<\/h4>\n<p>ngg_shortcode_0_placeholder<strong>Ultimately, the works of all three artists work their magic. In fact, the element is noteworthy, when they tackle on the one hand the immortalization of the timeless Myth. On the one hand, with the expression of the problems faced by modern man, but always art is a constant, a refuge and a way out together. It is an original exhibition which, it would not be an exaggeration to say, condenses key achievements and subversive, aesthetic proposals in the critical transition from the 20th to the 21st century. An exhibition organized with the deepest desire to feel the explosion of colors, the austerity of the subjects but also the naturalness of the materials with the air they exude giving an undeniable balance!<\/strong>[\/vc_column_text][\/vc_column][vc_column width=&#8221;1\/3&#8243;]<div class=\"nm-banner-slider slider-type-boxed slick-slider slick-controls-gray slick-dots-disabled\" data-arrows=\"true\" >\n\t\t\t<div class=\"nm-banner content-full image-type-fluid text-color-dark\" style=\"\"><img decoding=\"async\" src=\"https:\/\/ikastikos-kiklos.com\/wp-content\/uploads\/2023\/10\/\u03c6\u03c9\u03c4\u03bf-1-\u03b5\u03ba\u03b8\u03b5\u03c3\u03b7\u03c2-scaled-1.jpg\" alt=\"\u03c6\u03c9\u03c4\u03bf-1-\u03b5\u03ba\u03b8\u03b5\u03c3\u03b7\u03c2-scaled\" \/>\n\t\t\t<\/div>\n\t\t\t<div class=\"nm-banner content-full image-type-fluid text-color-dark\" style=\"\"><img decoding=\"async\" src=\"https:\/\/ikastikos-kiklos.com\/wp-content\/uploads\/2023\/10\/\u03c6\u03c9\u03c4\u03bf-2-\u03b5\u03ba\u03b8\u03b5\u03c3\u03b7\u03c2-scaled-1.jpg\" alt=\"\u03c6\u03c9\u03c4\u03bf-2-\u03b5\u03ba\u03b8\u03b5\u03c3\u03b7\u03c2-scaled\" \/>\n\t\t\t<\/div>\n\t\t\t<div class=\"nm-banner content-full image-type-fluid text-color-dark\" style=\"\"><img decoding=\"async\" src=\"https:\/\/ikastikos-kiklos.com\/wp-content\/uploads\/2023\/10\/photo-\u03be\u03b5\u03bd\u03ac\u03b3\u03b7\u03c3\u03b7.jpg\" alt=\"photo-\u03be\u03b5\u03bd\u03ac\u03b3\u03b7\u03c3\u03b7\" \/>\n\t\t\t<\/div>\n\t\t\t<div class=\"nm-banner content-full image-type-fluid text-color-dark\" style=\"\"><img decoding=\"async\" src=\"https:\/\/ikastikos-kiklos.com\/wp-content\/uploads\/2023\/10\/photo-\u03be\u03b5\u03bd\u03ac\u03b3\u03b7\u03c3\u03b7-2.jpg\" alt=\"\u0391\u03bd\u03ce\u03bd\u03c5\u03bc\u03bf \u03c3\u03c7\u03ad\u03b4\u03b9\u03bf &#8211; 1\" \/>\n\t\t\t<\/div><\/div>[vc_empty_space height=&#8221;25px&#8221;][vc_column_text]Exhibition Duration<strong><br \/>\n<\/strong><strong>Friday 20 October <\/strong><strong>\u2013 Saturday 18 November 2023<\/strong><\/p>\n<p>Curator<strong><br \/>\n<\/strong><strong>Giorgos Mylonas<\/strong>[\/vc_column_text][\/vc_column][\/vc_row]<\/p>\n<\/div>","protected":false},"excerpt":{"rendered":"<p>[vc_row][vc_column width=&#8221;2\/3&#8243;][vc_single_image image=&#8221;46034&#8243; img_size=&#8221;full&#8221;][vc_empty_space height=&#8221;25px&#8221;][vc_column_text]The Sianti Gallery opens the group exhibition of Kostas Varotsos, Kostas &hellip;<\/p>\n","protected":false},"author":3,"featured_media":46006,"parent":0,"menu_order":0,"comment_status":"closed","ping_status":"closed","template":"","meta":{"ngg_post_thumbnail":0,"footnotes":""},"class_list":["post-46031","page","type-page","status-publish","has-post-thumbnail","hentry"],"yoast_head":"<!-- This site is optimized with the Yoast SEO plugin v27.2 - https:\/\/yoast.com\/product\/yoast-seo-wordpress\/ -->\n<title>&quot;Kostas Varotsos - Kostas Paniaras - Sotiris Sorogas | &#039;Secret Language&#039;&quot;<\/title>\n<meta name=\"description\" content=\"&quot;Kostas Varotsos - Kostas Paniaras - Sotiris Sorogas | &#039;Secret Language&#039;&quot; at Ikastikos Kiklos Sianti\" \/>\n<meta name=\"robots\" content=\"index, follow, max-snippet:-1, max-image-preview:large, max-video-preview:-1\" \/>\n<link rel=\"canonical\" href=\"https:\/\/ikastikos-kiklos.com\/en\/kostas-varotsos-kostas-paniaras-sotiris-sorogas-secret-language\/\" \/>\n<meta property=\"og:locale\" content=\"en_US\" \/>\n<meta property=\"og:type\" content=\"article\" \/>\n<meta property=\"og:title\" content=\"&quot;Kostas Varotsos - Kostas Paniaras - Sotiris Sorogas | &#039;Secret Language&#039;&quot;\" \/>\n<meta property=\"og:description\" content=\"&quot;Kostas Varotsos - Kostas Paniaras - Sotiris Sorogas | &#039;Secret Language&#039;&quot; at Ikastikos Kiklos Sianti\" \/>\n<meta property=\"og:url\" content=\"https:\/\/ikastikos-kiklos.com\/en\/kostas-varotsos-kostas-paniaras-sotiris-sorogas-secret-language\/\" \/>\n<meta property=\"og:site_name\" content=\"Ikastikos Kiklos - Zografik\u00ed - Metaxotyp\u00edes - T\u00e9chniPainting - Silk Screen - Art\" \/>\n<meta property=\"article:publisher\" content=\"https:\/\/www.facebook.com\/ikastikoskiklossianti\/\" \/>\n<meta property=\"article:modified_time\" content=\"2023-10-24T12:43:15+00:00\" \/>\n<meta property=\"og:image\" content=\"https:\/\/ikastikos-kiklos.com\/wp-content\/uploads\/2023\/10\/feature-mustiki-glossa.jpg\" \/>\n\t<meta property=\"og:image:width\" content=\"768\" \/>\n\t<meta property=\"og:image:height\" content=\"573\" \/>\n\t<meta property=\"og:image:type\" content=\"image\/jpeg\" \/>\n<meta name=\"twitter:card\" content=\"summary_large_image\" \/>\n<meta name=\"twitter:label1\" content=\"Est. reading time\" \/>\n\t<meta name=\"twitter:data1\" content=\"3 minutes\" \/>\n<script type=\"application\/ld+json\" class=\"yoast-schema-graph\">{\"@context\":\"https:\/\/schema.org\",\"@graph\":[{\"@type\":\"WebPage\",\"@id\":\"https:\/\/ikastikos-kiklos.com\/en\/kostas-varotsos-kostas-paniaras-sotiris-sorogas-secret-language\/\",\"url\":\"https:\/\/ikastikos-kiklos.com\/en\/kostas-varotsos-kostas-paniaras-sotiris-sorogas-secret-language\/\",\"name\":\"\\\"Kostas Varotsos - Kostas Paniaras - Sotiris Sorogas | 'Secret Language'\\\"\",\"isPartOf\":{\"@id\":\"https:\/\/ikastikos-kiklos.com\/en\/#website\"},\"primaryImageOfPage\":{\"@id\":\"https:\/\/ikastikos-kiklos.com\/en\/kostas-varotsos-kostas-paniaras-sotiris-sorogas-secret-language\/#primaryimage\"},\"image\":{\"@id\":\"https:\/\/ikastikos-kiklos.com\/en\/kostas-varotsos-kostas-paniaras-sotiris-sorogas-secret-language\/#primaryimage\"},\"thumbnailUrl\":\"https:\/\/ikastikos-kiklos.com\/wp-content\/uploads\/2023\/10\/feature-mustiki-glossa.jpg\",\"datePublished\":\"2023-10-09T08:18:06+00:00\",\"dateModified\":\"2023-10-24T12:43:15+00:00\",\"description\":\"\\\"Kostas Varotsos - Kostas Paniaras - Sotiris Sorogas | 'Secret Language'\\\" at Ikastikos Kiklos Sianti\",\"breadcrumb\":{\"@id\":\"https:\/\/ikastikos-kiklos.com\/en\/kostas-varotsos-kostas-paniaras-sotiris-sorogas-secret-language\/#breadcrumb\"},\"inLanguage\":\"en-US\",\"potentialAction\":[{\"@type\":\"ReadAction\",\"target\":[\"https:\/\/ikastikos-kiklos.com\/en\/kostas-varotsos-kostas-paniaras-sotiris-sorogas-secret-language\/\"]}]},{\"@type\":\"ImageObject\",\"inLanguage\":\"en-US\",\"@id\":\"https:\/\/ikastikos-kiklos.com\/en\/kostas-varotsos-kostas-paniaras-sotiris-sorogas-secret-language\/#primaryimage\",\"url\":\"https:\/\/ikastikos-kiklos.com\/wp-content\/uploads\/2023\/10\/feature-mustiki-glossa.jpg\",\"contentUrl\":\"https:\/\/ikastikos-kiklos.com\/wp-content\/uploads\/2023\/10\/feature-mustiki-glossa.jpg\",\"width\":768,\"height\":573},{\"@type\":\"BreadcrumbList\",\"@id\":\"https:\/\/ikastikos-kiklos.com\/en\/kostas-varotsos-kostas-paniaras-sotiris-sorogas-secret-language\/#breadcrumb\",\"itemListElement\":[{\"@type\":\"ListItem\",\"position\":1,\"name\":\"Home\",\"item\":\"https:\/\/ikastikos-kiklos.com\/en\/\"},{\"@type\":\"ListItem\",\"position\":2,\"name\":\"&#8220;Kostas Varotsos &#8211; Kostas Paniaras &#8211; Sotiris Sorogas | &#8216;Secret Language'&#8221;\"}]},{\"@type\":\"WebSite\",\"@id\":\"https:\/\/ikastikos-kiklos.com\/en\/#website\",\"url\":\"https:\/\/ikastikos-kiklos.com\/en\/\",\"name\":\"Ikastikos Kiklos - Zografik\u00ed - Metaxotyp\u00edes - T\u00e9chniPainting - Silk Screen - Art\",\"description\":\"\",\"publisher\":{\"@id\":\"https:\/\/ikastikos-kiklos.com\/en\/#organization\"},\"potentialAction\":[{\"@type\":\"SearchAction\",\"target\":{\"@type\":\"EntryPoint\",\"urlTemplate\":\"https:\/\/ikastikos-kiklos.com\/en\/?s={search_term_string}\"},\"query-input\":{\"@type\":\"PropertyValueSpecification\",\"valueRequired\":true,\"valueName\":\"search_term_string\"}}],\"inLanguage\":\"en-US\"},{\"@type\":\"Organization\",\"@id\":\"https:\/\/ikastikos-kiklos.com\/en\/#organization\",\"name\":\"Ikastikos Kiklos - Zografik\u00ed - Metaxotyp\u00edes - T\u00e9chniPainting - Silk Screen - Art\",\"url\":\"https:\/\/ikastikos-kiklos.com\/en\/\",\"logo\":{\"@type\":\"ImageObject\",\"inLanguage\":\"en-US\",\"@id\":\"https:\/\/ikastikos-kiklos.com\/en\/#\/schema\/logo\/image\/\",\"url\":\"https:\/\/ikastikos-kiklos.com\/wp-content\/uploads\/2022\/10\/cropped-favicon_ikastikos.png\",\"contentUrl\":\"https:\/\/ikastikos-kiklos.com\/wp-content\/uploads\/2022\/10\/cropped-favicon_ikastikos.png\",\"width\":512,\"height\":512,\"caption\":\"Ikastikos Kiklos - Zografik\u00ed - Metaxotyp\u00edes - T\u00e9chniPainting - Silk Screen - Art\"},\"image\":{\"@id\":\"https:\/\/ikastikos-kiklos.com\/en\/#\/schema\/logo\/image\/\"},\"sameAs\":[\"https:\/\/www.facebook.com\/ikastikoskiklossianti\/\"]}]}<\/script>\n<!-- \/ Yoast SEO plugin. -->","yoast_head_json":{"title":"\"Kostas Varotsos - Kostas Paniaras - Sotiris Sorogas | 'Secret Language'\"","description":"\"Kostas Varotsos - Kostas Paniaras - Sotiris Sorogas | 'Secret Language'\" at Ikastikos Kiklos Sianti","robots":{"index":"index","follow":"follow","max-snippet":"max-snippet:-1","max-image-preview":"max-image-preview:large","max-video-preview":"max-video-preview:-1"},"canonical":"https:\/\/ikastikos-kiklos.com\/en\/kostas-varotsos-kostas-paniaras-sotiris-sorogas-secret-language\/","og_locale":"en_US","og_type":"article","og_title":"\"Kostas Varotsos - Kostas Paniaras - Sotiris Sorogas | 'Secret Language'\"","og_description":"\"Kostas Varotsos - Kostas Paniaras - Sotiris Sorogas | 'Secret Language'\" at Ikastikos Kiklos Sianti","og_url":"https:\/\/ikastikos-kiklos.com\/en\/kostas-varotsos-kostas-paniaras-sotiris-sorogas-secret-language\/","og_site_name":"Ikastikos Kiklos - Zografik\u00ed - Metaxotyp\u00edes - T\u00e9chniPainting - Silk Screen - Art","article_publisher":"https:\/\/www.facebook.com\/ikastikoskiklossianti\/","article_modified_time":"2023-10-24T12:43:15+00:00","og_image":[{"width":768,"height":573,"url":"https:\/\/ikastikos-kiklos.com\/wp-content\/uploads\/2023\/10\/feature-mustiki-glossa.jpg","type":"image\/jpeg"}],"twitter_card":"summary_large_image","twitter_misc":{"Est. reading time":"3 minutes"},"schema":{"@context":"https:\/\/schema.org","@graph":[{"@type":"WebPage","@id":"https:\/\/ikastikos-kiklos.com\/en\/kostas-varotsos-kostas-paniaras-sotiris-sorogas-secret-language\/","url":"https:\/\/ikastikos-kiklos.com\/en\/kostas-varotsos-kostas-paniaras-sotiris-sorogas-secret-language\/","name":"\"Kostas Varotsos - Kostas Paniaras - Sotiris Sorogas | 'Secret Language'\"","isPartOf":{"@id":"https:\/\/ikastikos-kiklos.com\/en\/#website"},"primaryImageOfPage":{"@id":"https:\/\/ikastikos-kiklos.com\/en\/kostas-varotsos-kostas-paniaras-sotiris-sorogas-secret-language\/#primaryimage"},"image":{"@id":"https:\/\/ikastikos-kiklos.com\/en\/kostas-varotsos-kostas-paniaras-sotiris-sorogas-secret-language\/#primaryimage"},"thumbnailUrl":"https:\/\/ikastikos-kiklos.com\/wp-content\/uploads\/2023\/10\/feature-mustiki-glossa.jpg","datePublished":"2023-10-09T08:18:06+00:00","dateModified":"2023-10-24T12:43:15+00:00","description":"\"Kostas Varotsos - Kostas Paniaras - Sotiris Sorogas | 'Secret Language'\" at Ikastikos Kiklos Sianti","breadcrumb":{"@id":"https:\/\/ikastikos-kiklos.com\/en\/kostas-varotsos-kostas-paniaras-sotiris-sorogas-secret-language\/#breadcrumb"},"inLanguage":"en-US","potentialAction":[{"@type":"ReadAction","target":["https:\/\/ikastikos-kiklos.com\/en\/kostas-varotsos-kostas-paniaras-sotiris-sorogas-secret-language\/"]}]},{"@type":"ImageObject","inLanguage":"en-US","@id":"https:\/\/ikastikos-kiklos.com\/en\/kostas-varotsos-kostas-paniaras-sotiris-sorogas-secret-language\/#primaryimage","url":"https:\/\/ikastikos-kiklos.com\/wp-content\/uploads\/2023\/10\/feature-mustiki-glossa.jpg","contentUrl":"https:\/\/ikastikos-kiklos.com\/wp-content\/uploads\/2023\/10\/feature-mustiki-glossa.jpg","width":768,"height":573},{"@type":"BreadcrumbList","@id":"https:\/\/ikastikos-kiklos.com\/en\/kostas-varotsos-kostas-paniaras-sotiris-sorogas-secret-language\/#breadcrumb","itemListElement":[{"@type":"ListItem","position":1,"name":"Home","item":"https:\/\/ikastikos-kiklos.com\/en\/"},{"@type":"ListItem","position":2,"name":"&#8220;Kostas Varotsos &#8211; Kostas Paniaras &#8211; Sotiris Sorogas | &#8216;Secret Language'&#8221;"}]},{"@type":"WebSite","@id":"https:\/\/ikastikos-kiklos.com\/en\/#website","url":"https:\/\/ikastikos-kiklos.com\/en\/","name":"Ikastikos Kiklos - Zografik\u00ed - Metaxotyp\u00edes - T\u00e9chniPainting - Silk Screen - Art","description":"","publisher":{"@id":"https:\/\/ikastikos-kiklos.com\/en\/#organization"},"potentialAction":[{"@type":"SearchAction","target":{"@type":"EntryPoint","urlTemplate":"https:\/\/ikastikos-kiklos.com\/en\/?s={search_term_string}"},"query-input":{"@type":"PropertyValueSpecification","valueRequired":true,"valueName":"search_term_string"}}],"inLanguage":"en-US"},{"@type":"Organization","@id":"https:\/\/ikastikos-kiklos.com\/en\/#organization","name":"Ikastikos Kiklos - Zografik\u00ed - Metaxotyp\u00edes - T\u00e9chniPainting - Silk Screen - Art","url":"https:\/\/ikastikos-kiklos.com\/en\/","logo":{"@type":"ImageObject","inLanguage":"en-US","@id":"https:\/\/ikastikos-kiklos.com\/en\/#\/schema\/logo\/image\/","url":"https:\/\/ikastikos-kiklos.com\/wp-content\/uploads\/2022\/10\/cropped-favicon_ikastikos.png","contentUrl":"https:\/\/ikastikos-kiklos.com\/wp-content\/uploads\/2022\/10\/cropped-favicon_ikastikos.png","width":512,"height":512,"caption":"Ikastikos Kiklos - Zografik\u00ed - Metaxotyp\u00edes - T\u00e9chniPainting - Silk Screen - Art"},"image":{"@id":"https:\/\/ikastikos-kiklos.com\/en\/#\/schema\/logo\/image\/"},"sameAs":["https:\/\/www.facebook.com\/ikastikoskiklossianti\/"]}]}},"_links":{"self":[{"href":"https:\/\/ikastikos-kiklos.com\/en\/wp-json\/wp\/v2\/pages\/46031","targetHints":{"allow":["GET"]}}],"collection":[{"href":"https:\/\/ikastikos-kiklos.com\/en\/wp-json\/wp\/v2\/pages"}],"about":[{"href":"https:\/\/ikastikos-kiklos.com\/en\/wp-json\/wp\/v2\/types\/page"}],"author":[{"embeddable":true,"href":"https:\/\/ikastikos-kiklos.com\/en\/wp-json\/wp\/v2\/users\/3"}],"replies":[{"embeddable":true,"href":"https:\/\/ikastikos-kiklos.com\/en\/wp-json\/wp\/v2\/comments?post=46031"}],"version-history":[{"count":5,"href":"https:\/\/ikastikos-kiklos.com\/en\/wp-json\/wp\/v2\/pages\/46031\/revisions"}],"predecessor-version":[{"id":46333,"href":"https:\/\/ikastikos-kiklos.com\/en\/wp-json\/wp\/v2\/pages\/46031\/revisions\/46333"}],"wp:featuredmedia":[{"embeddable":true,"href":"https:\/\/ikastikos-kiklos.com\/en\/wp-json\/wp\/v2\/media\/46006"}],"wp:attachment":[{"href":"https:\/\/ikastikos-kiklos.com\/en\/wp-json\/wp\/v2\/media?parent=46031"}],"curies":[{"name":"wp","href":"https:\/\/api.w.org\/{rel}","templated":true}]}}