{"id":45750,"date":"2023-09-22T15:58:57","date_gmt":"2023-09-22T12:58:57","guid":{"rendered":"https:\/\/ikastikos-kiklos.com\/?page_id=45750"},"modified":"2023-09-22T15:58:57","modified_gmt":"2023-09-22T12:58:57","slug":"%ce%b3%ce%b9%ce%b1%ce%bd%ce%bd%ce%b1%ce%ba%cf%8c%cf%80%ce%bf%cf%85%ce%bb%ce%bf%cf%82-%ce%bb%ce%b5%cf%89%ce%bd%ce%af%ce%b4%ce%b1%cf%82","status":"publish","type":"page","link":"https:\/\/ikastikos-kiklos.com\/en\/%ce%b6%cf%89%ce%b3%cf%81%ce%ac%cf%86%ce%bf%ce%b9\/%ce%b3%ce%b9%ce%b1%ce%bd%ce%bd%ce%b1%ce%ba%cf%8c%cf%80%ce%bf%cf%85%ce%bb%ce%bf%cf%82-%ce%bb%ce%b5%cf%89%ce%bd%ce%af%ce%b4%ce%b1%cf%82\/","title":{"rendered":"\u0393\u03b9\u03b1\u03bd\u03bd\u03b1\u03ba\u03cc\u03c0\u03bf\u03c5\u03bb\u03bf\u03c2 \u039b\u03b5\u03c9\u03bd\u03af\u03b4\u03b1\u03c2"},"content":{"rendered":"<p><strong>\u0393\u03b9\u03b1\u03bd\u03bd\u03b1\u03ba\u03cc\u03c0\u03bf\u03c5\u03bb\u03bf\u03c2 \u039b\u03b5\u03c9\u03bd\u03af\u03b4\u03b1\u03c2<\/strong><\/p>\n<p>\u039f \u039b\u03b5\u03c9\u03bd\u03af\u03b4\u03b1\u03c2 \u0393\u03b9\u03b1\u03bd\u03bd\u03b1\u03ba\u03cc\u03c0\u03bf\u03c5\u03bb\u03bf\u03c2 \u03b3\u03b5\u03bd\u03bd\u03ae\u03b8\u03b7\u03ba\u03b5&nbsp; \u03c3\u03c4\u03b1 \u03a7\u03b1\u03bd\u03b9\u03ac \u03c4\u03b7\u03c2 \u039a\u03c1\u03ae\u03c4\u03b7\u03c2<\/p>\n<p>\u03a3\u03c0\u03bf\u03cd\u03b4\u03b1\u03c3\u03b5 \u03b6\u03c9\u03b3\u03c1\u03b1\u03c6\u03b9\u03ba\u03ae \u03ba\u03b1\u03b9 \u03c7\u03b1\u03c1\u03b1\u03ba\u03c4\u03b9\u03ba\u03ae \u03c3\u03c4\u03b7\u03bd \u0391\u03bd\u03c9\u03c4\u03ac\u03c4\u03b7 \u03c3\u03c7\u03bf\u03bb\u03ae \u03ba\u03b1\u03bb\u03ce\u03bd \u03c4\u03b5\u03c7\u03bd\u03ce\u03bd \u03c4\u03b7\u03c2 \u0391\u03b8\u03ae\u03bd\u03b1\u03c2 \u03ba\u03b1\u03b9 \u03b1\u03c0\u03bf\u03c6\u03bf\u03af\u03c4\u03b7\u03c3\u03b5&nbsp; \u03bc\u03b5 \u03c0\u03c4\u03c5\u03c7\u03af\u03bf \u03c7\u03b1\u03c1\u03b1\u03ba\u03c4\u03b9\u03ba\u03ae\u03c2 \u03c4\u03bf 2011.<\/p>\n<p>&nbsp;<\/p>\n<p>\u0388\u03c7\u03b5\u03b9 \u03c0\u03c1\u03b1\u03b3\u03bc\u03b1\u03c4\u03bf\u03c0\u03bf\u03b9\u03ae\u03c3\u03b5\u03b9 \u03b4\u03cd\u03bf \u03b1\u03c4\u03bf\u03bc\u03b9\u03ba\u03ad\u03c2 \u03b5\u03ba\u03b8\u03ad\u03c3\u03b5\u03b9\u03c2 \u03c3\u03c4\u03b7\u03bd \u0391\u03b8\u03ae\u03bd\u03b1&nbsp;( elika gallery 2012 ,agathi gallery-Art Athina fair 2017 )&nbsp;<\/p>\n<p>\u03ba\u03b1\u03b9 \u03ad\u03c7\u03b5\u03b9 \u03c3\u03c5\u03bc\u03bc\u03b5\u03c4\u03ac\u03c3\u03c7\u03b5\u03b9 \u03c3\u03b5 \u03bf\u03bc\u03b1\u03b4\u03b9\u03ba\u03ad\u03c2 \u03b5\u03ba\u03b8\u03ad\u03c3\u03b5\u03b9\u03c2 \u03ba\u03b1\u03b9&nbsp;art fairs \u03c3\u03c4\u03b7\u03bd \u0395\u03bb\u03bb\u03ac\u03b4\u03b1 \u03ba\u03b1\u03b9 \u03c4\u03bf \u03b5\u03be\u03c9\u03c4\u03b5\u03c1\u03b9\u03ba\u03cc&nbsp;( Drawing now Paris , Art Athina , super market art fair Stockholm , Remap ).<\/p>\n<p>&nbsp;<\/p>\n<p>\u03a0\u03b1\u03c1\u03ac\u03bb\u03bb\u03b7\u03bb\u03b1 , \u03c4\u03bf\u03c5 \u03ad\u03c7\u03b5\u03b9 \u03b1\u03bd\u03b1\u03c4\u03b5\u03b8\u03b5\u03af \u03bd\u03b1 \u03b6\u03c9\u03b3\u03c1\u03b1\u03c6\u03af\u03c3\u03b5\u03b9 \u03c4\u03bf\u03b9\u03c7\u03bf\u03b3\u03c1\u03b1\u03c6\u03af\u03b5\u03c2 \u03b3\u03b9\u03ac \u03b4\u03ae\u03bc\u03bf\u03c5\u03c2,\u03c6\u03b5\u03c3\u03c4\u03b9\u03b2\u03ac\u03bb, \u03b4\u03b7\u03bc\u03cc\u03c3\u03b9\u03b1 \u03ba\u03c4\u03ae\u03c1\u03b9\u03b1,\u03b9\u03b4\u03b9\u03c9\u03c4\u03b9\u03ba\u03ad\u03c2 \u03b5\u03c4\u03b1\u03b9\u03c1\u03af\u03b5\u03c2 \u03c3\u03b5 \u0395\u03bb\u03bb\u03ac\u03b4\u03b1&nbsp;\u03ba\u03b1\u03b9 \u0395\u03c5\u03c1\u03ce\u03c0\u03b7.<\/p>\n<p>&nbsp;<\/p>\n<p>\u0396\u03b5\u03af \u03ba\u03b1\u03b9 \u03b5\u03c1\u03b3\u03ac\u03b6\u03b5\u03c4\u03b1\u03b9 \u03c3\u03c4\u03b7\u03bd \u0391\u03b8\u03ae\u03bd\u03b1.<\/p>\n","protected":false},"excerpt":{"rendered":"<p>\u0393\u03b9\u03b1\u03bd\u03bd\u03b1\u03ba\u03cc\u03c0\u03bf\u03c5\u03bb\u03bf\u03c2 \u039b\u03b5\u03c9\u03bd\u03af\u03b4\u03b1\u03c2 \u039f \u039b\u03b5\u03c9\u03bd\u03af\u03b4\u03b1\u03c2 \u0393\u03b9\u03b1\u03bd\u03bd\u03b1\u03ba\u03cc\u03c0\u03bf\u03c5\u03bb\u03bf\u03c2 \u03b3\u03b5\u03bd\u03bd\u03ae\u03b8\u03b7\u03ba\u03b5&nbsp; \u03c3\u03c4\u03b1 \u03a7\u03b1\u03bd\u03b9\u03ac \u03c4\u03b7\u03c2 \u039a\u03c1\u03ae\u03c4\u03b7\u03c2 \u03a3\u03c0\u03bf\u03cd\u03b4\u03b1\u03c3\u03b5 \u03b6\u03c9\u03b3\u03c1\u03b1\u03c6\u03b9\u03ba\u03ae \u03ba\u03b1\u03b9 \u03c7\u03b1\u03c1\u03b1\u03ba\u03c4\u03b9\u03ba\u03ae \u03c3\u03c4\u03b7\u03bd &hellip;<\/p>\n","protected":false},"author":2,"featured_media":0,"parent":915,"menu_order":0,"comment_status":"closed","ping_status":"closed","template":"page-zwgrafoi.php","meta":{"ngg_post_thumbnail":0,"footnotes":""},"class_list":["post-45750","page","type-page","status-publish","hentry"],"yoast_head":"<!-- This site is optimized with the Yoast SEO plugin v27.4 - https:\/\/yoast.com\/product\/yoast-seo-wordpress\/ -->\n<title>\u0393\u03b9\u03b1\u03bd\u03bd\u03b1\u03ba\u03cc\u03c0\u03bf\u03c5\u03bb\u03bf\u03c2 \u039b\u03b5\u03c9\u03bd\u03af\u03b4\u03b1\u03c2 \u0396\u03c9\u03b3\u03c1\u03ac\u03c6\u03bf\u03c2 | \u0395\u03b9\u03ba\u03b1\u03c3\u03c4\u03b9\u03ba\u03cc\u03c2 \u039a\u03cd\u03ba\u03bb\u03bf\u03c2<\/title>\n<meta name=\"description\" content=\"\u0393\u03b9\u03b1\u03bd\u03bd\u03b1\u03ba\u03cc\u03c0\u03bf\u03c5\u03bb\u03bf\u03c2 \u039b\u03b5\u03c9\u03bd\u03af\u03b4\u03b1\u03c2 \u0396\u03c9\u03b3\u03c1\u03ac\u03c6\u03bf\u03c2 \u03c3\u03c4\u03bf\u03bd \u0395\u03b9\u03ba\u03b1\u03c3\u03c4\u03b9\u03ba\u03cc \u039a\u03cd\u03ba\u03bb\u03bf Sianti\" \/>\n<meta name=\"robots\" content=\"index, follow, max-snippet:-1, max-image-preview:large, max-video-preview:-1\" \/>\n<link rel=\"canonical\" href=\"https:\/\/ikastikos-kiklos.com\/\u03b6\u03c9\u03b3\u03c1\u03ac\u03c6\u03bf\u03b9\/\u03b3\u03b9\u03b1\u03bd\u03bd\u03b1\u03ba\u03cc\u03c0\u03bf\u03c5\u03bb\u03bf\u03c2-\u03bb\u03b5\u03c9\u03bd\u03af\u03b4\u03b1\u03c2\/\" \/>\n<meta property=\"og:locale\" content=\"en_US\" \/>\n<meta property=\"og:type\" content=\"article\" \/>\n<meta property=\"og:title\" content=\"\u0393\u03b9\u03b1\u03bd\u03bd\u03b1\u03ba\u03cc\u03c0\u03bf\u03c5\u03bb\u03bf\u03c2 \u039b\u03b5\u03c9\u03bd\u03af\u03b4\u03b1\u03c2 \u0396\u03c9\u03b3\u03c1\u03ac\u03c6\u03bf\u03c2 | \u0395\u03b9\u03ba\u03b1\u03c3\u03c4\u03b9\u03ba\u03cc\u03c2 \u039a\u03cd\u03ba\u03bb\u03bf\u03c2\" \/>\n<meta property=\"og:description\" content=\"\u0393\u03b9\u03b1\u03bd\u03bd\u03b1\u03ba\u03cc\u03c0\u03bf\u03c5\u03bb\u03bf\u03c2 \u039b\u03b5\u03c9\u03bd\u03af\u03b4\u03b1\u03c2 \u0396\u03c9\u03b3\u03c1\u03ac\u03c6\u03bf\u03c2 \u03c3\u03c4\u03bf\u03bd \u0395\u03b9\u03ba\u03b1\u03c3\u03c4\u03b9\u03ba\u03cc \u039a\u03cd\u03ba\u03bb\u03bf Sianti\" \/>\n<meta property=\"og:url\" content=\"https:\/\/ikastikos-kiklos.com\/\u03b6\u03c9\u03b3\u03c1\u03ac\u03c6\u03bf\u03b9\/\u03b3\u03b9\u03b1\u03bd\u03bd\u03b1\u03ba\u03cc\u03c0\u03bf\u03c5\u03bb\u03bf\u03c2-\u03bb\u03b5\u03c9\u03bd\u03af\u03b4\u03b1\u03c2\/\" \/>\n<meta property=\"og:site_name\" content=\"Ikastikos Kiklos - Zografik\u00ed - Metaxotyp\u00edes - T\u00e9chniPainting - Silk Screen - Art\" \/>\n<meta property=\"article:publisher\" content=\"https:\/\/www.facebook.com\/ikastikoskiklossianti\/\" \/>\n<meta name=\"twitter:card\" content=\"summary_large_image\" \/>\n<meta name=\"twitter:label1\" content=\"Est. reading time\" \/>\n\t<meta name=\"twitter:data1\" content=\"1 minute\" \/>\n<script type=\"application\/ld+json\" class=\"yoast-schema-graph\">{\"@context\":\"https:\\\/\\\/schema.org\",\"@graph\":[{\"@type\":\"WebPage\",\"@id\":\"https:\\\/\\\/ikastikos-kiklos.com\\\/%ce%b6%cf%89%ce%b3%cf%81%ce%ac%cf%86%ce%bf%ce%b9\\\/%ce%b3%ce%b9%ce%b1%ce%bd%ce%bd%ce%b1%ce%ba%cf%8c%cf%80%ce%bf%cf%85%ce%bb%ce%bf%cf%82-%ce%bb%ce%b5%cf%89%ce%bd%ce%af%ce%b4%ce%b1%cf%82\\\/\",\"url\":\"https:\\\/\\\/ikastikos-kiklos.com\\\/%ce%b6%cf%89%ce%b3%cf%81%ce%ac%cf%86%ce%bf%ce%b9\\\/%ce%b3%ce%b9%ce%b1%ce%bd%ce%bd%ce%b1%ce%ba%cf%8c%cf%80%ce%bf%cf%85%ce%bb%ce%bf%cf%82-%ce%bb%ce%b5%cf%89%ce%bd%ce%af%ce%b4%ce%b1%cf%82\\\/\",\"name\":\"\u0393\u03b9\u03b1\u03bd\u03bd\u03b1\u03ba\u03cc\u03c0\u03bf\u03c5\u03bb\u03bf\u03c2 \u039b\u03b5\u03c9\u03bd\u03af\u03b4\u03b1\u03c2 \u0396\u03c9\u03b3\u03c1\u03ac\u03c6\u03bf\u03c2 | \u0395\u03b9\u03ba\u03b1\u03c3\u03c4\u03b9\u03ba\u03cc\u03c2 \u039a\u03cd\u03ba\u03bb\u03bf\u03c2\",\"isPartOf\":{\"@id\":\"https:\\\/\\\/ikastikos-kiklos.com\\\/en\\\/#website\"},\"datePublished\":\"2023-09-22T12:58:57+00:00\",\"description\":\"\u0393\u03b9\u03b1\u03bd\u03bd\u03b1\u03ba\u03cc\u03c0\u03bf\u03c5\u03bb\u03bf\u03c2 \u039b\u03b5\u03c9\u03bd\u03af\u03b4\u03b1\u03c2 \u0396\u03c9\u03b3\u03c1\u03ac\u03c6\u03bf\u03c2 \u03c3\u03c4\u03bf\u03bd \u0395\u03b9\u03ba\u03b1\u03c3\u03c4\u03b9\u03ba\u03cc \u039a\u03cd\u03ba\u03bb\u03bf Sianti\",\"breadcrumb\":{\"@id\":\"https:\\\/\\\/ikastikos-kiklos.com\\\/%ce%b6%cf%89%ce%b3%cf%81%ce%ac%cf%86%ce%bf%ce%b9\\\/%ce%b3%ce%b9%ce%b1%ce%bd%ce%bd%ce%b1%ce%ba%cf%8c%cf%80%ce%bf%cf%85%ce%bb%ce%bf%cf%82-%ce%bb%ce%b5%cf%89%ce%bd%ce%af%ce%b4%ce%b1%cf%82\\\/#breadcrumb\"},\"inLanguage\":\"en-US\",\"potentialAction\":[{\"@type\":\"ReadAction\",\"target\":[\"https:\\\/\\\/ikastikos-kiklos.com\\\/%ce%b6%cf%89%ce%b3%cf%81%ce%ac%cf%86%ce%bf%ce%b9\\\/%ce%b3%ce%b9%ce%b1%ce%bd%ce%bd%ce%b1%ce%ba%cf%8c%cf%80%ce%bf%cf%85%ce%bb%ce%bf%cf%82-%ce%bb%ce%b5%cf%89%ce%bd%ce%af%ce%b4%ce%b1%cf%82\\\/\"]}]},{\"@type\":\"BreadcrumbList\",\"@id\":\"https:\\\/\\\/ikastikos-kiklos.com\\\/%ce%b6%cf%89%ce%b3%cf%81%ce%ac%cf%86%ce%bf%ce%b9\\\/%ce%b3%ce%b9%ce%b1%ce%bd%ce%bd%ce%b1%ce%ba%cf%8c%cf%80%ce%bf%cf%85%ce%bb%ce%bf%cf%82-%ce%bb%ce%b5%cf%89%ce%bd%ce%af%ce%b4%ce%b1%cf%82\\\/#breadcrumb\",\"itemListElement\":[{\"@type\":\"ListItem\",\"position\":1,\"name\":\"Home\",\"item\":\"https:\\\/\\\/ikastikos-kiklos.com\\\/en\\\/\"},{\"@type\":\"ListItem\",\"position\":2,\"name\":\"\u0396\u03c9\u03b3\u03c1\u03ac\u03c6\u03bf\u03b9\",\"item\":\"https:\\\/\\\/ikastikos-kiklos.com\\\/%ce%b6%cf%89%ce%b3%cf%81%ce%ac%cf%86%ce%bf%ce%b9\\\/\"},{\"@type\":\"ListItem\",\"position\":3,\"name\":\"\u0393\u03b9\u03b1\u03bd\u03bd\u03b1\u03ba\u03cc\u03c0\u03bf\u03c5\u03bb\u03bf\u03c2 \u039b\u03b5\u03c9\u03bd\u03af\u03b4\u03b1\u03c2\"}]},{\"@type\":\"WebSite\",\"@id\":\"https:\\\/\\\/ikastikos-kiklos.com\\\/en\\\/#website\",\"url\":\"https:\\\/\\\/ikastikos-kiklos.com\\\/en\\\/\",\"name\":\"Ikastikos Kiklos - Zografik\u00ed - Metaxotyp\u00edes - T\u00e9chniPainting - Silk Screen - Art\",\"description\":\"\",\"publisher\":{\"@id\":\"https:\\\/\\\/ikastikos-kiklos.com\\\/en\\\/#organization\"},\"potentialAction\":[{\"@type\":\"SearchAction\",\"target\":{\"@type\":\"EntryPoint\",\"urlTemplate\":\"https:\\\/\\\/ikastikos-kiklos.com\\\/en\\\/?s={search_term_string}\"},\"query-input\":{\"@type\":\"PropertyValueSpecification\",\"valueRequired\":true,\"valueName\":\"search_term_string\"}}],\"inLanguage\":\"en-US\"},{\"@type\":\"Organization\",\"@id\":\"https:\\\/\\\/ikastikos-kiklos.com\\\/en\\\/#organization\",\"name\":\"Ikastikos Kiklos - Zografik\u00ed - Metaxotyp\u00edes - T\u00e9chniPainting - Silk Screen - Art\",\"url\":\"https:\\\/\\\/ikastikos-kiklos.com\\\/en\\\/\",\"logo\":{\"@type\":\"ImageObject\",\"inLanguage\":\"en-US\",\"@id\":\"https:\\\/\\\/ikastikos-kiklos.com\\\/en\\\/#\\\/schema\\\/logo\\\/image\\\/\",\"url\":\"https:\\\/\\\/ikastikos-kiklos.com\\\/wp-content\\\/uploads\\\/2022\\\/10\\\/cropped-favicon_ikastikos.png\",\"contentUrl\":\"https:\\\/\\\/ikastikos-kiklos.com\\\/wp-content\\\/uploads\\\/2022\\\/10\\\/cropped-favicon_ikastikos.png\",\"width\":512,\"height\":512,\"caption\":\"Ikastikos Kiklos - Zografik\u00ed - Metaxotyp\u00edes - T\u00e9chniPainting - Silk Screen - Art\"},\"image\":{\"@id\":\"https:\\\/\\\/ikastikos-kiklos.com\\\/en\\\/#\\\/schema\\\/logo\\\/image\\\/\"},\"sameAs\":[\"https:\\\/\\\/www.facebook.com\\\/ikastikoskiklossianti\\\/\"]}]}<\/script>\n<!-- \/ Yoast SEO plugin. -->","yoast_head_json":{"title":"\u0393\u03b9\u03b1\u03bd\u03bd\u03b1\u03ba\u03cc\u03c0\u03bf\u03c5\u03bb\u03bf\u03c2 \u039b\u03b5\u03c9\u03bd\u03af\u03b4\u03b1\u03c2 \u0396\u03c9\u03b3\u03c1\u03ac\u03c6\u03bf\u03c2 | \u0395\u03b9\u03ba\u03b1\u03c3\u03c4\u03b9\u03ba\u03cc\u03c2 \u039a\u03cd\u03ba\u03bb\u03bf\u03c2","description":"\u0393\u03b9\u03b1\u03bd\u03bd\u03b1\u03ba\u03cc\u03c0\u03bf\u03c5\u03bb\u03bf\u03c2 \u039b\u03b5\u03c9\u03bd\u03af\u03b4\u03b1\u03c2 \u0396\u03c9\u03b3\u03c1\u03ac\u03c6\u03bf\u03c2 \u03c3\u03c4\u03bf\u03bd \u0395\u03b9\u03ba\u03b1\u03c3\u03c4\u03b9\u03ba\u03cc \u039a\u03cd\u03ba\u03bb\u03bf Sianti","robots":{"index":"index","follow":"follow","max-snippet":"max-snippet:-1","max-image-preview":"max-image-preview:large","max-video-preview":"max-video-preview:-1"},"canonical":"https:\/\/ikastikos-kiklos.com\/\u03b6\u03c9\u03b3\u03c1\u03ac\u03c6\u03bf\u03b9\/\u03b3\u03b9\u03b1\u03bd\u03bd\u03b1\u03ba\u03cc\u03c0\u03bf\u03c5\u03bb\u03bf\u03c2-\u03bb\u03b5\u03c9\u03bd\u03af\u03b4\u03b1\u03c2\/","og_locale":"en_US","og_type":"article","og_title":"\u0393\u03b9\u03b1\u03bd\u03bd\u03b1\u03ba\u03cc\u03c0\u03bf\u03c5\u03bb\u03bf\u03c2 \u039b\u03b5\u03c9\u03bd\u03af\u03b4\u03b1\u03c2 \u0396\u03c9\u03b3\u03c1\u03ac\u03c6\u03bf\u03c2 | \u0395\u03b9\u03ba\u03b1\u03c3\u03c4\u03b9\u03ba\u03cc\u03c2 \u039a\u03cd\u03ba\u03bb\u03bf\u03c2","og_description":"\u0393\u03b9\u03b1\u03bd\u03bd\u03b1\u03ba\u03cc\u03c0\u03bf\u03c5\u03bb\u03bf\u03c2 \u039b\u03b5\u03c9\u03bd\u03af\u03b4\u03b1\u03c2 \u0396\u03c9\u03b3\u03c1\u03ac\u03c6\u03bf\u03c2 \u03c3\u03c4\u03bf\u03bd \u0395\u03b9\u03ba\u03b1\u03c3\u03c4\u03b9\u03ba\u03cc \u039a\u03cd\u03ba\u03bb\u03bf Sianti","og_url":"https:\/\/ikastikos-kiklos.com\/\u03b6\u03c9\u03b3\u03c1\u03ac\u03c6\u03bf\u03b9\/\u03b3\u03b9\u03b1\u03bd\u03bd\u03b1\u03ba\u03cc\u03c0\u03bf\u03c5\u03bb\u03bf\u03c2-\u03bb\u03b5\u03c9\u03bd\u03af\u03b4\u03b1\u03c2\/","og_site_name":"Ikastikos Kiklos - Zografik\u00ed - Metaxotyp\u00edes - T\u00e9chniPainting - Silk Screen - Art","article_publisher":"https:\/\/www.facebook.com\/ikastikoskiklossianti\/","twitter_card":"summary_large_image","twitter_misc":{"Est. reading time":"1 minute"},"schema":{"@context":"https:\/\/schema.org","@graph":[{"@type":"WebPage","@id":"https:\/\/ikastikos-kiklos.com\/%ce%b6%cf%89%ce%b3%cf%81%ce%ac%cf%86%ce%bf%ce%b9\/%ce%b3%ce%b9%ce%b1%ce%bd%ce%bd%ce%b1%ce%ba%cf%8c%cf%80%ce%bf%cf%85%ce%bb%ce%bf%cf%82-%ce%bb%ce%b5%cf%89%ce%bd%ce%af%ce%b4%ce%b1%cf%82\/","url":"https:\/\/ikastikos-kiklos.com\/%ce%b6%cf%89%ce%b3%cf%81%ce%ac%cf%86%ce%bf%ce%b9\/%ce%b3%ce%b9%ce%b1%ce%bd%ce%bd%ce%b1%ce%ba%cf%8c%cf%80%ce%bf%cf%85%ce%bb%ce%bf%cf%82-%ce%bb%ce%b5%cf%89%ce%bd%ce%af%ce%b4%ce%b1%cf%82\/","name":"\u0393\u03b9\u03b1\u03bd\u03bd\u03b1\u03ba\u03cc\u03c0\u03bf\u03c5\u03bb\u03bf\u03c2 \u039b\u03b5\u03c9\u03bd\u03af\u03b4\u03b1\u03c2 \u0396\u03c9\u03b3\u03c1\u03ac\u03c6\u03bf\u03c2 | \u0395\u03b9\u03ba\u03b1\u03c3\u03c4\u03b9\u03ba\u03cc\u03c2 \u039a\u03cd\u03ba\u03bb\u03bf\u03c2","isPartOf":{"@id":"https:\/\/ikastikos-kiklos.com\/en\/#website"},"datePublished":"2023-09-22T12:58:57+00:00","description":"\u0393\u03b9\u03b1\u03bd\u03bd\u03b1\u03ba\u03cc\u03c0\u03bf\u03c5\u03bb\u03bf\u03c2 \u039b\u03b5\u03c9\u03bd\u03af\u03b4\u03b1\u03c2 \u0396\u03c9\u03b3\u03c1\u03ac\u03c6\u03bf\u03c2 \u03c3\u03c4\u03bf\u03bd \u0395\u03b9\u03ba\u03b1\u03c3\u03c4\u03b9\u03ba\u03cc \u039a\u03cd\u03ba\u03bb\u03bf Sianti","breadcrumb":{"@id":"https:\/\/ikastikos-kiklos.com\/%ce%b6%cf%89%ce%b3%cf%81%ce%ac%cf%86%ce%bf%ce%b9\/%ce%b3%ce%b9%ce%b1%ce%bd%ce%bd%ce%b1%ce%ba%cf%8c%cf%80%ce%bf%cf%85%ce%bb%ce%bf%cf%82-%ce%bb%ce%b5%cf%89%ce%bd%ce%af%ce%b4%ce%b1%cf%82\/#breadcrumb"},"inLanguage":"en-US","potentialAction":[{"@type":"ReadAction","target":["https:\/\/ikastikos-kiklos.com\/%ce%b6%cf%89%ce%b3%cf%81%ce%ac%cf%86%ce%bf%ce%b9\/%ce%b3%ce%b9%ce%b1%ce%bd%ce%bd%ce%b1%ce%ba%cf%8c%cf%80%ce%bf%cf%85%ce%bb%ce%bf%cf%82-%ce%bb%ce%b5%cf%89%ce%bd%ce%af%ce%b4%ce%b1%cf%82\/"]}]},{"@type":"BreadcrumbList","@id":"https:\/\/ikastikos-kiklos.com\/%ce%b6%cf%89%ce%b3%cf%81%ce%ac%cf%86%ce%bf%ce%b9\/%ce%b3%ce%b9%ce%b1%ce%bd%ce%bd%ce%b1%ce%ba%cf%8c%cf%80%ce%bf%cf%85%ce%bb%ce%bf%cf%82-%ce%bb%ce%b5%cf%89%ce%bd%ce%af%ce%b4%ce%b1%cf%82\/#breadcrumb","itemListElement":[{"@type":"ListItem","position":1,"name":"Home","item":"https:\/\/ikastikos-kiklos.com\/en\/"},{"@type":"ListItem","position":2,"name":"\u0396\u03c9\u03b3\u03c1\u03ac\u03c6\u03bf\u03b9","item":"https:\/\/ikastikos-kiklos.com\/%ce%b6%cf%89%ce%b3%cf%81%ce%ac%cf%86%ce%bf%ce%b9\/"},{"@type":"ListItem","position":3,"name":"\u0393\u03b9\u03b1\u03bd\u03bd\u03b1\u03ba\u03cc\u03c0\u03bf\u03c5\u03bb\u03bf\u03c2 \u039b\u03b5\u03c9\u03bd\u03af\u03b4\u03b1\u03c2"}]},{"@type":"WebSite","@id":"https:\/\/ikastikos-kiklos.com\/en\/#website","url":"https:\/\/ikastikos-kiklos.com\/en\/","name":"Ikastikos Kiklos - Zografik\u00ed - Metaxotyp\u00edes - T\u00e9chniPainting - Silk Screen - Art","description":"","publisher":{"@id":"https:\/\/ikastikos-kiklos.com\/en\/#organization"},"potentialAction":[{"@type":"SearchAction","target":{"@type":"EntryPoint","urlTemplate":"https:\/\/ikastikos-kiklos.com\/en\/?s={search_term_string}"},"query-input":{"@type":"PropertyValueSpecification","valueRequired":true,"valueName":"search_term_string"}}],"inLanguage":"en-US"},{"@type":"Organization","@id":"https:\/\/ikastikos-kiklos.com\/en\/#organization","name":"Ikastikos Kiklos - Zografik\u00ed - Metaxotyp\u00edes - T\u00e9chniPainting - Silk Screen - Art","url":"https:\/\/ikastikos-kiklos.com\/en\/","logo":{"@type":"ImageObject","inLanguage":"en-US","@id":"https:\/\/ikastikos-kiklos.com\/en\/#\/schema\/logo\/image\/","url":"https:\/\/ikastikos-kiklos.com\/wp-content\/uploads\/2022\/10\/cropped-favicon_ikastikos.png","contentUrl":"https:\/\/ikastikos-kiklos.com\/wp-content\/uploads\/2022\/10\/cropped-favicon_ikastikos.png","width":512,"height":512,"caption":"Ikastikos Kiklos - Zografik\u00ed - Metaxotyp\u00edes - T\u00e9chniPainting - Silk Screen - Art"},"image":{"@id":"https:\/\/ikastikos-kiklos.com\/en\/#\/schema\/logo\/image\/"},"sameAs":["https:\/\/www.facebook.com\/ikastikoskiklossianti\/"]}]}},"_links":{"self":[{"href":"https:\/\/ikastikos-kiklos.com\/en\/wp-json\/wp\/v2\/pages\/45750","targetHints":{"allow":["GET"]}}],"collection":[{"href":"https:\/\/ikastikos-kiklos.com\/en\/wp-json\/wp\/v2\/pages"}],"about":[{"href":"https:\/\/ikastikos-kiklos.com\/en\/wp-json\/wp\/v2\/types\/page"}],"author":[{"embeddable":true,"href":"https:\/\/ikastikos-kiklos.com\/en\/wp-json\/wp\/v2\/users\/2"}],"replies":[{"embeddable":true,"href":"https:\/\/ikastikos-kiklos.com\/en\/wp-json\/wp\/v2\/comments?post=45750"}],"version-history":[{"count":1,"href":"https:\/\/ikastikos-kiklos.com\/en\/wp-json\/wp\/v2\/pages\/45750\/revisions"}],"predecessor-version":[{"id":45751,"href":"https:\/\/ikastikos-kiklos.com\/en\/wp-json\/wp\/v2\/pages\/45750\/revisions\/45751"}],"up":[{"embeddable":true,"href":"https:\/\/ikastikos-kiklos.com\/en\/wp-json\/wp\/v2\/pages\/915"}],"wp:attachment":[{"href":"https:\/\/ikastikos-kiklos.com\/en\/wp-json\/wp\/v2\/media?parent=45750"}],"curies":[{"name":"wp","href":"https:\/\/api.w.org\/{rel}","templated":true}]}}