{"id":45439,"date":"2023-09-19T17:52:36","date_gmt":"2023-09-19T14:52:36","guid":{"rendered":"https:\/\/ikastikos-kiklos.com\/tondo-group-exhibition-at-art-athina\/"},"modified":"2023-09-24T16:17:07","modified_gmt":"2023-09-24T13:17:07","slug":"tondo-group-exhibition-at-art-athina","status":"publish","type":"page","link":"https:\/\/ikastikos-kiklos.com\/en\/tondo-group-exhibition-at-art-athina\/","title":{"rendered":"&#8220;Tondo&#8221; Group Exhibition at Art Athina"},"content":{"rendered":"<div class=\"wpb-content-wrapper\"><p>[vc_row][vc_column width=&#8221;2\/3&#8243;][vc_single_image image=&#8221;45047&#8243; img_size=&#8221;full&#8221;][vc_empty_space height=&#8221;25px&#8221;][vc_custom_heading text=&#8221;&#8220;Tondo&#8220; Group Exhibition at Art Athina&#8221; google_fonts=&#8221;font_family:Ubuntu%3A300%2C300italic%2Cregular%2Citalic%2C500%2C500italic%2C700%2C700italic&#8221;][vc_empty_space height=&#8221;25px&#8221;][vc_column_text]The Sianti gallery, continuing its original thematic exhibitions, has challenged this time, on the occasion of Athens&#8217; largest annual art event, &#8220;Art Athina,&#8221; 21 artists to work on round surfaces. More specifically, the artists have crafted their compositions on round canvases of various sizes or have created prominent circular sculptures from glass, bronze, and metal. This form and shape were extremely popular during the Renaissance and Baroque periods. We are referring to the well-known &#8220;tondo,&#8221; derived from the word &#8220;rotondo,&#8221; meaning &#8220;circle.&#8221; It represents the perfect shape symbolizing the universe, the sun, the moon, and the planets, and it inspired painters such as Raphael, Michelangelo, and Bronzino.<\/p>\n<p>It is quite characteristic that in this artistic innovation, the artists responded with enthusiasm, as the round surface allowed them to reveal that art is ultimately embedded in human nature. After all, it is the ultimate symbol of the circle of life for humans and the cyclical course of history or the fate of mortals, as believed by Herodotus and Thucydides. It is notewor<\/p>\n<p>thy that in the circle&#8217;s shape and in the &#8220;cycloptic&#8221; canvas, all types of painting can fit: from the most realistic representation to the most lyrical abstraction, and from freehand writing to the precision of geometric shapes. From discipline to the most liberating gesture. In other words, everything! That&#8217;s why the way the works are displayed is intended to evoke the combinations of constellations in a nighttime sky in which the viewer also moves and travels!<\/p>\n<p>Therefore, by actively participating in the bi<\/p>\n<p>ggest art event of the year, &#8220;Art Athina&#8221; (September 14-17, 2023), the &#8220;Tondo&#8221; exhibition continues at our gallery from September 20 to September 30.<\/p>\n<p>Participating painters: Cacao Rocks, Antonaropoulos Christos, Valyrakis Giannis, Vatanidis Stathis, Giannakopoulos Leonidas, Koukos Dimitris, Lavdas Kostas, Lalas Thanasis, Belivanaki Lila, Papadimitriou Vivi, Papaioannou Christina, Selimas Vasilis, Siagris Panagiotis, Sorogas Sotiris, Spartalis Angelos, Tolis Konstantinos, Fotiadou Sofia, Chanioti Dimitra, Charos Manolis<\/p>\n<p>And the sculptors: Varotsos Kostas, Gavalas Stelios<\/p>\n<h3>See Photos from booth L22<\/h3>\n<p>ngg_shortcode_0_placeholder[\/vc_column_text][\/vc_column][vc_column width=&#8221;1\/3&#8243;]<div class=\"nm-banner-slider slider-type-boxed slick-slider slick-controls-gray slick-dots-disabled\" data-arrows=\"true\" >\n\t\t\t<div class=\"nm-banner content-full image-type-fluid text-color-dark\" style=\"\"><img decoding=\"async\" src=\"https:\/\/ikastikos-kiklos.com\/wp-content\/uploads\/2023\/09\/\u03bc\u03bf\u03c1\u03c6\u03ae-\u03c3\u03c4\u03b7\u03bd-\u03c0\u03b1\u03c1\u03b1\u03bb\u03af\u03b1-\u03ba\u03bf\u03cd\u03ba\u03bf\u03c2-\u03b4\u03b7\u03bc\u03ae\u03c4\u03c1\u03b7\u03c2.jpg\" alt=\"\u03bc\u03bf\u03c1\u03c6\u03ae-\u03c3\u03c4\u03b7\u03bd-\u03c0\u03b1\u03c1\u03b1\u03bb\u03af\u03b1-\u03ba\u03bf\u03cd\u03ba\u03bf\u03c2-\u03b4\u03b7\u03bc\u03ae\u03c4\u03c1\u03b7\u03c2\" \/>\n\t\t\t<\/div>\n\t\t\t<div class=\"nm-banner content-full image-type-fluid text-color-dark\" style=\"\"><img decoding=\"async\" src=\"https:\/\/ikastikos-kiklos.com\/wp-content\/uploads\/2023\/09\/europe-\u03c0\u03b1\u03c0\u03b1\u03b9\u03c9\u03ac\u03bd\u03bf\u03c5-\u03c7\u03c1\u03b9\u03c3\u03c4\u03af\u03bd\u03b1.jpg\" alt=\"europe-\u03c0\u03b1\u03c0\u03b1\u03b9\u03c9\u03ac\u03bd\u03bf\u03c5-\u03c7\u03c1\u03b9\u03c3\u03c4\u03af\u03bd\u03b1\" \/>\n\t\t\t<\/div>\n\t\t\t<div class=\"nm-banner content-full image-type-fluid text-color-dark\" style=\"\"><img decoding=\"async\" src=\"https:\/\/ikastikos-kiklos.com\/wp-content\/uploads\/2023\/09\/John-Valyrakis-Safe-Harbour-for-the-Undergound.jpg\" alt=\"John Valyrakis &#8211; Safe Harbour for the Undergound\" \/>\n\t\t\t<\/div>\n\t\t\t<div class=\"nm-banner content-full image-type-fluid text-color-dark\" style=\"\"><img decoding=\"async\" src=\"https:\/\/ikastikos-kiklos.com\/wp-content\/uploads\/2023\/09\/my-little-house-\u03bc\u03c0\u03b5\u03bb\u03b9\u03b2\u03b1\u03bd\u03ac\u03ba\u03b7-\u03bb\u03af\u03bb\u03b1.jpg\" alt=\"my-little-house-\u03bc\u03c0\u03b5\u03bb\u03b9\u03b2\u03b1\u03bd\u03ac\u03ba\u03b7-\u03bb\u03af\u03bb\u03b1\" \/>\n\t\t\t<\/div>\n\t\t\t<div class=\"nm-banner content-full image-type-fluid text-color-dark\" style=\"\"><img decoding=\"async\" src=\"https:\/\/ikastikos-kiklos.com\/wp-content\/uploads\/2023\/09\/The-applause-\u03bb\u03ac\u03b2\u03b4\u03b1\u03c2-\u03ba\u03ce\u03c3\u03c4\u03b1\u03c2.jpg\" alt=\"The-applause-\u03bb\u03ac\u03b2\u03b4\u03b1\u03c2-\u03ba\u03ce\u03c3\u03c4\u03b1\u03c2\" \/>\n\t\t\t<\/div><\/div>[vc_empty_space height=&#8221;25px&#8221;][vc_column_text]Information<strong><br \/>\n<\/strong><strong>Thursday 14 September \u2013 Sunday 17 September 2023<\/strong><\/p>\n<p>Opening<strong><br \/>\n<\/strong><strong>Thursday 14 September\/only with invitations<\/strong><\/p>\n<p>Location<strong><br \/>\nZappeion Megaron<\/strong>[\/vc_column_text][vc_single_image image=&#8221;45050&#8243; img_size=&#8221;full&#8221;][\/vc_column][\/vc_row]<\/p>\n<\/div>","protected":false},"excerpt":{"rendered":"<p>[vc_row][vc_column width=&#8221;2\/3&#8243;][vc_single_image image=&#8221;45047&#8243; img_size=&#8221;full&#8221;][vc_empty_space height=&#8221;25px&#8221;][vc_custom_heading text=&#8221;&#8220;Tondo&#8220; Group Exhibition at Art Athina&#8221; google_fonts=&#8221;font_family:Ubuntu%3A300%2C300italic%2Cregular%2Citalic%2C500%2C500italic%2C700%2C700italic&#8221;][vc_empty_space height=&#8221;25px&#8221;][vc_column_text]The Sianti gallery, &hellip;<\/p>\n","protected":false},"author":3,"featured_media":0,"parent":0,"menu_order":0,"comment_status":"closed","ping_status":"closed","template":"","meta":{"ngg_post_thumbnail":0,"footnotes":""},"class_list":["post-45439","page","type-page","status-publish","hentry"],"yoast_head":"<!-- This site is optimized with the Yoast SEO plugin v27.4 - https:\/\/yoast.com\/product\/yoast-seo-wordpress\/ -->\n<title>&quot;Tondo&quot; Group Exhibition at Art Athina<\/title>\n<meta name=\"description\" content=\"&quot;Tondo&quot; Group Exhibition at Art Athina in Ikastikos Kiklos Sianti Exhibitions\" \/>\n<meta name=\"robots\" content=\"index, follow, max-snippet:-1, max-image-preview:large, max-video-preview:-1\" \/>\n<link rel=\"canonical\" href=\"https:\/\/ikastikos-kiklos.com\/en\/tondo-group-exhibition-at-art-athina\/\" \/>\n<meta property=\"og:locale\" content=\"en_US\" \/>\n<meta property=\"og:type\" content=\"article\" \/>\n<meta property=\"og:title\" content=\"&quot;Tondo&quot; Group Exhibition at Art Athina\" \/>\n<meta property=\"og:description\" content=\"&quot;Tondo&quot; Group Exhibition at Art Athina in Ikastikos Kiklos Sianti Exhibitions\" \/>\n<meta property=\"og:url\" content=\"https:\/\/ikastikos-kiklos.com\/en\/tondo-group-exhibition-at-art-athina\/\" \/>\n<meta property=\"og:site_name\" content=\"Ikastikos Kiklos - Zografik\u00ed - Metaxotyp\u00edes - T\u00e9chniPainting - Silk Screen - Art\" \/>\n<meta property=\"article:publisher\" content=\"https:\/\/www.facebook.com\/ikastikoskiklossianti\/\" \/>\n<meta property=\"article:modified_time\" content=\"2023-09-24T13:17:07+00:00\" \/>\n<meta name=\"twitter:card\" content=\"summary_large_image\" \/>\n<meta name=\"twitter:label1\" content=\"Est. reading time\" \/>\n\t<meta name=\"twitter:data1\" content=\"3 minutes\" \/>\n<script type=\"application\/ld+json\" class=\"yoast-schema-graph\">{\"@context\":\"https:\\\/\\\/schema.org\",\"@graph\":[{\"@type\":\"WebPage\",\"@id\":\"https:\\\/\\\/ikastikos-kiklos.com\\\/en\\\/tondo-group-exhibition-at-art-athina\\\/\",\"url\":\"https:\\\/\\\/ikastikos-kiklos.com\\\/en\\\/tondo-group-exhibition-at-art-athina\\\/\",\"name\":\"\\\"Tondo\\\" Group Exhibition at Art Athina\",\"isPartOf\":{\"@id\":\"https:\\\/\\\/ikastikos-kiklos.com\\\/en\\\/#website\"},\"datePublished\":\"2023-09-19T14:52:36+00:00\",\"dateModified\":\"2023-09-24T13:17:07+00:00\",\"description\":\"\\\"Tondo\\\" Group Exhibition at Art Athina in Ikastikos Kiklos Sianti Exhibitions\",\"breadcrumb\":{\"@id\":\"https:\\\/\\\/ikastikos-kiklos.com\\\/en\\\/tondo-group-exhibition-at-art-athina\\\/#breadcrumb\"},\"inLanguage\":\"en-US\",\"potentialAction\":[{\"@type\":\"ReadAction\",\"target\":[\"https:\\\/\\\/ikastikos-kiklos.com\\\/en\\\/tondo-group-exhibition-at-art-athina\\\/\"]}]},{\"@type\":\"BreadcrumbList\",\"@id\":\"https:\\\/\\\/ikastikos-kiklos.com\\\/en\\\/tondo-group-exhibition-at-art-athina\\\/#breadcrumb\",\"itemListElement\":[{\"@type\":\"ListItem\",\"position\":1,\"name\":\"Home\",\"item\":\"https:\\\/\\\/ikastikos-kiklos.com\\\/en\\\/\"},{\"@type\":\"ListItem\",\"position\":2,\"name\":\"&#8220;Tondo&#8221; Group Exhibition at Art Athina\"}]},{\"@type\":\"WebSite\",\"@id\":\"https:\\\/\\\/ikastikos-kiklos.com\\\/en\\\/#website\",\"url\":\"https:\\\/\\\/ikastikos-kiklos.com\\\/en\\\/\",\"name\":\"Ikastikos Kiklos - Zografik\u00ed - Metaxotyp\u00edes - T\u00e9chniPainting - Silk Screen - Art\",\"description\":\"\",\"publisher\":{\"@id\":\"https:\\\/\\\/ikastikos-kiklos.com\\\/en\\\/#organization\"},\"potentialAction\":[{\"@type\":\"SearchAction\",\"target\":{\"@type\":\"EntryPoint\",\"urlTemplate\":\"https:\\\/\\\/ikastikos-kiklos.com\\\/en\\\/?s={search_term_string}\"},\"query-input\":{\"@type\":\"PropertyValueSpecification\",\"valueRequired\":true,\"valueName\":\"search_term_string\"}}],\"inLanguage\":\"en-US\"},{\"@type\":\"Organization\",\"@id\":\"https:\\\/\\\/ikastikos-kiklos.com\\\/en\\\/#organization\",\"name\":\"Ikastikos Kiklos - Zografik\u00ed - Metaxotyp\u00edes - T\u00e9chniPainting - Silk Screen - Art\",\"url\":\"https:\\\/\\\/ikastikos-kiklos.com\\\/en\\\/\",\"logo\":{\"@type\":\"ImageObject\",\"inLanguage\":\"en-US\",\"@id\":\"https:\\\/\\\/ikastikos-kiklos.com\\\/en\\\/#\\\/schema\\\/logo\\\/image\\\/\",\"url\":\"https:\\\/\\\/ikastikos-kiklos.com\\\/wp-content\\\/uploads\\\/2022\\\/10\\\/cropped-favicon_ikastikos.png\",\"contentUrl\":\"https:\\\/\\\/ikastikos-kiklos.com\\\/wp-content\\\/uploads\\\/2022\\\/10\\\/cropped-favicon_ikastikos.png\",\"width\":512,\"height\":512,\"caption\":\"Ikastikos Kiklos - Zografik\u00ed - Metaxotyp\u00edes - T\u00e9chniPainting - Silk Screen - Art\"},\"image\":{\"@id\":\"https:\\\/\\\/ikastikos-kiklos.com\\\/en\\\/#\\\/schema\\\/logo\\\/image\\\/\"},\"sameAs\":[\"https:\\\/\\\/www.facebook.com\\\/ikastikoskiklossianti\\\/\"]}]}<\/script>\n<!-- \/ Yoast SEO plugin. -->","yoast_head_json":{"title":"\"Tondo\" Group Exhibition at Art Athina","description":"\"Tondo\" Group Exhibition at Art Athina in Ikastikos Kiklos Sianti Exhibitions","robots":{"index":"index","follow":"follow","max-snippet":"max-snippet:-1","max-image-preview":"max-image-preview:large","max-video-preview":"max-video-preview:-1"},"canonical":"https:\/\/ikastikos-kiklos.com\/en\/tondo-group-exhibition-at-art-athina\/","og_locale":"en_US","og_type":"article","og_title":"\"Tondo\" Group Exhibition at Art Athina","og_description":"\"Tondo\" Group Exhibition at Art Athina in Ikastikos Kiklos Sianti Exhibitions","og_url":"https:\/\/ikastikos-kiklos.com\/en\/tondo-group-exhibition-at-art-athina\/","og_site_name":"Ikastikos Kiklos - Zografik\u00ed - Metaxotyp\u00edes - T\u00e9chniPainting - Silk Screen - Art","article_publisher":"https:\/\/www.facebook.com\/ikastikoskiklossianti\/","article_modified_time":"2023-09-24T13:17:07+00:00","twitter_card":"summary_large_image","twitter_misc":{"Est. reading time":"3 minutes"},"schema":{"@context":"https:\/\/schema.org","@graph":[{"@type":"WebPage","@id":"https:\/\/ikastikos-kiklos.com\/en\/tondo-group-exhibition-at-art-athina\/","url":"https:\/\/ikastikos-kiklos.com\/en\/tondo-group-exhibition-at-art-athina\/","name":"\"Tondo\" Group Exhibition at Art Athina","isPartOf":{"@id":"https:\/\/ikastikos-kiklos.com\/en\/#website"},"datePublished":"2023-09-19T14:52:36+00:00","dateModified":"2023-09-24T13:17:07+00:00","description":"\"Tondo\" Group Exhibition at Art Athina in Ikastikos Kiklos Sianti Exhibitions","breadcrumb":{"@id":"https:\/\/ikastikos-kiklos.com\/en\/tondo-group-exhibition-at-art-athina\/#breadcrumb"},"inLanguage":"en-US","potentialAction":[{"@type":"ReadAction","target":["https:\/\/ikastikos-kiklos.com\/en\/tondo-group-exhibition-at-art-athina\/"]}]},{"@type":"BreadcrumbList","@id":"https:\/\/ikastikos-kiklos.com\/en\/tondo-group-exhibition-at-art-athina\/#breadcrumb","itemListElement":[{"@type":"ListItem","position":1,"name":"Home","item":"https:\/\/ikastikos-kiklos.com\/en\/"},{"@type":"ListItem","position":2,"name":"&#8220;Tondo&#8221; Group Exhibition at Art Athina"}]},{"@type":"WebSite","@id":"https:\/\/ikastikos-kiklos.com\/en\/#website","url":"https:\/\/ikastikos-kiklos.com\/en\/","name":"Ikastikos Kiklos - Zografik\u00ed - Metaxotyp\u00edes - T\u00e9chniPainting - Silk Screen - Art","description":"","publisher":{"@id":"https:\/\/ikastikos-kiklos.com\/en\/#organization"},"potentialAction":[{"@type":"SearchAction","target":{"@type":"EntryPoint","urlTemplate":"https:\/\/ikastikos-kiklos.com\/en\/?s={search_term_string}"},"query-input":{"@type":"PropertyValueSpecification","valueRequired":true,"valueName":"search_term_string"}}],"inLanguage":"en-US"},{"@type":"Organization","@id":"https:\/\/ikastikos-kiklos.com\/en\/#organization","name":"Ikastikos Kiklos - Zografik\u00ed - Metaxotyp\u00edes - T\u00e9chniPainting - Silk Screen - Art","url":"https:\/\/ikastikos-kiklos.com\/en\/","logo":{"@type":"ImageObject","inLanguage":"en-US","@id":"https:\/\/ikastikos-kiklos.com\/en\/#\/schema\/logo\/image\/","url":"https:\/\/ikastikos-kiklos.com\/wp-content\/uploads\/2022\/10\/cropped-favicon_ikastikos.png","contentUrl":"https:\/\/ikastikos-kiklos.com\/wp-content\/uploads\/2022\/10\/cropped-favicon_ikastikos.png","width":512,"height":512,"caption":"Ikastikos Kiklos - Zografik\u00ed - Metaxotyp\u00edes - T\u00e9chniPainting - Silk Screen - Art"},"image":{"@id":"https:\/\/ikastikos-kiklos.com\/en\/#\/schema\/logo\/image\/"},"sameAs":["https:\/\/www.facebook.com\/ikastikoskiklossianti\/"]}]}},"_links":{"self":[{"href":"https:\/\/ikastikos-kiklos.com\/en\/wp-json\/wp\/v2\/pages\/45439","targetHints":{"allow":["GET"]}}],"collection":[{"href":"https:\/\/ikastikos-kiklos.com\/en\/wp-json\/wp\/v2\/pages"}],"about":[{"href":"https:\/\/ikastikos-kiklos.com\/en\/wp-json\/wp\/v2\/types\/page"}],"author":[{"embeddable":true,"href":"https:\/\/ikastikos-kiklos.com\/en\/wp-json\/wp\/v2\/users\/3"}],"replies":[{"embeddable":true,"href":"https:\/\/ikastikos-kiklos.com\/en\/wp-json\/wp\/v2\/comments?post=45439"}],"version-history":[{"count":5,"href":"https:\/\/ikastikos-kiklos.com\/en\/wp-json\/wp\/v2\/pages\/45439\/revisions"}],"predecessor-version":[{"id":45828,"href":"https:\/\/ikastikos-kiklos.com\/en\/wp-json\/wp\/v2\/pages\/45439\/revisions\/45828"}],"wp:attachment":[{"href":"https:\/\/ikastikos-kiklos.com\/en\/wp-json\/wp\/v2\/media?parent=45439"}],"curies":[{"name":"wp","href":"https:\/\/api.w.org\/{rel}","templated":true}]}}