{"id":44096,"date":"2023-06-01T00:46:59","date_gmt":"2023-05-31T21:46:59","guid":{"rendered":"https:\/\/ikastikos-kiklos.com\/shadow-battles-or-the-karagiozis-artist-group-exhibition\/"},"modified":"2023-06-09T19:09:58","modified_gmt":"2023-06-09T16:09:58","slug":"shadow-battles-or-the-karagiozis-artist-group-exhibition","status":"publish","type":"page","link":"https:\/\/ikastikos-kiklos.com\/en\/shadow-battles-or-the-karagiozis-artist-group-exhibition\/","title":{"rendered":"&#8220;Shadow battles&#8221; or the Karagiozis artist | Group Exhibition"},"content":{"rendered":"<div class=\"wpb-content-wrapper\"><p>[vc_row][vc_column width=&#8221;2\/3&#8243;]<div class=\"nm-banner-slider slider-type-boxed slick-slider slick-controls-gray slick-dots-disabled\" >\n\t\t\t<div class=\"nm-banner content-full image-type-fluid text-color-dark\" style=\"\"><img decoding=\"async\" src=\"https:\/\/ikastikos-kiklos.com\/wp-content\/uploads\/2023\/06\/Ergo_3249.jpg\" alt=\"Ergo_3249\" \/>\n\t\t\t<\/div><\/div>[vc_empty_space height=&#8221;20px&#8221;][vc_custom_heading text=&#8221;&#8220;Shadow battles&#8220; or the Karagiozis artist | Group Exhibition&#8221; google_fonts=&#8221;font_family:Ubuntu%3A300%2C300italic%2Cregular%2Citalic%2C500%2C500italic%2C700%2C700italic|font_style:400%20regular%3A400%3Anormal&#8221;][vc_empty_space height=&#8221;20px&#8221;][vc_column_text]<strong>Sianti Gallery on Thursday, June 8, 2023 at 20:00<\/strong> has inaugurated the group exhibition entitled <strong>&#8220;Shadow battle&#8221;, or the Karagiozis artist<\/strong>, which is <strong>accompanied by the book of the same title from Nikas publications<\/strong>. It is curated by EKPA professor emeritus, art historian, <strong>Manos Stefanidis<\/strong>, who underlines that the Hellenized Shadow Theater <strong>magically combines the expressionism of the East with the most dynamic popular expression of Neo- Hellenism<\/strong>. That&#8217;s why as soon as the light of day falls <strong>around 21:00 the karagiozis player Nikolas Tzivelekis<\/strong> will bring to life in his beret Karagiozis, Hatziavatis, the Kolliterias and the whole company, scalding the current affairs. <strong>Karagiozis as an eminently politicized figure has been established in the subconscious. <\/strong><\/p>\n<p>Its profound aesthetic effect, full of symbolic allusions, can easily be read in the works of contemporary visual artists, of which Stefanidis notes: <em>&#8220;&#8230;<strong>Karagiozis condenses the anthropotype of the average Greek.<\/strong> His ragia survives with his capaciousness and slowly becoming aware of his position and is made by Hatziavatis, Katsantonis and Athanasios Diakos. This is why Karagiozis is so popular and this is why behind his humor or satire there is always a political dimension. In modern Greek art, beginning with Fotis Kontoglou and Giulios Kaimis, the heroes of the shadow theater with their sociological or psychological mutations become protagonists and symbols of the aesthetic pursuits of the generation of the &amp;#39;30s arriving through various transformations, since they have even become comics to this day. And this is&nbsp; because this mixed but legal genre combines theater, image and speech, satire, imagination and a fruitful coexistence of tradition and modernism. As eloquent examples of all this, I would like to mention Hatzikyriakos- Ghikas and his successful collaboration with the Greek Dance Drama of Rallou Manos in the show &amp;quot;Alexander the Great and the Cursed Serpent&amp;quot; and the world-loved music of Manos Hadjidakis, the Tsarouhis and the Spatharides, Tassos, Sikeliotis, Fasianos, Sperantzas etc. But also Nikos Kessanlis with the shadows on the white cloth, i.e. the whole dialectic of black and white which influences the younger ones, from Christos Antonaropoulos to Manolis Zacharioudakis to the graphic artist Sonke etc. Key for all of them the motley artists is clearly the childhood memory because there is no generation where a primitive Karagiozis once played in the yard of their house. And of course the huge figure of Mentis Bostanzoglou, our beloved Bost&#8230;&#8221; <\/em><\/p>\n<p>Shadow theater is perhaps closer to reality since with a hand- made, directly related symbolically to the eternal human condition. In this exhibition, in fact, it is characteristic that the artists do not dwell on an easy folklore theme but deepen its timeless message with the modern sensibility of their art. For this reason, the curator of the exhibition defends them with fervor: <em>&#8220;&#8230; there are also painters who paint what happens behind or beyond things. The face of the hero or the everyday person as a mask or, as a landscape in which anything can happen. Like the crater of an active volcano. But more affordable. That is, there are painters who can paint without a protective net, with the fear of emptiness but with the blessing of essential creation. The one who wants to take a stand on what is happening in the world today and can honestly address the modern viewer of this world.&#8221;<\/em><\/p>\n<p><strong>Ultimately, these projects work their magic. Like a waterfall, they invade an almost standardized culture, reminding us that Karagiozi&#8217;s figures as cultural elements travel on the train of eternity. They rise and fall and mutate.<\/strong><\/p>\n<p><strong>They unite the generations with the play of light and shadow, the real and the virtual. So, to what extent the shadow theater transforms into a real miracle of shadows is anyone&#8217;s choice!<\/strong>[\/vc_column_text][vc_empty_space height=&#8221;20px&#8221;][vc_column_text]<\/p>\n<h2><b>Photos from the opening night<\/b><\/h2>\n<p>ngg_shortcode_0_placeholder[\/vc_column_text][\/vc_column][vc_column width=&#8221;1\/3&#8243;]<div class=\"nm-banner-slider slider-type-boxed slick-slider slick-controls-gray slick-dots-disabled\" data-arrows=\"true\" >\n\t\t\t<div class=\"nm-banner content-full image-type-fluid text-color-dark\" style=\"\"><img decoding=\"async\" src=\"https:\/\/ikastikos-kiklos.com\/wp-content\/uploads\/2023\/06\/\u03a3\u03a0\u03a5\u03a1\u039f\u03a0\u039f\u03a5\u039b\u039f\u03a3-\u0398\u0391\u039d\u0391\u03a3\u0397\u03a3.jpg\" alt=\"\u03a3\u03a0\u03a5\u03a1\u039f\u03a0\u039f\u03a5\u039b\u039f\u03a3 \u0398\u0391\u039d\u0391\u03a3\u0397\u03a3\" \/>\n\t\t\t<\/div>\n\t\t\t<div class=\"nm-banner content-full image-type-fluid text-color-dark\" style=\"\"><img decoding=\"async\" src=\"https:\/\/ikastikos-kiklos.com\/wp-content\/uploads\/2023\/06\/\u0398\u0395\u0391\u03a4\u03a1\u039f-\u03a3\u039a\u0399\u03a9\u039d-\u039f-\u03a3\u03a0\u0391\u0398\u0391\u03a1\u0397\u03a3-27\u03a740.jpeg\" alt=\"\u0398\u0395\u0391\u03a4\u03a1\u039f \u03a3\u039a\u0399\u03a9\u039d \u039f \u03a3\u03a0\u0391\u0398\u0391\u03a1\u0397\u03a3, 27\u03a740\" \/>\n\t\t\t<\/div>\n\t\t\t<div class=\"nm-banner content-full image-type-fluid text-color-dark\" style=\"\"><img decoding=\"async\" src=\"https:\/\/ikastikos-kiklos.com\/wp-content\/uploads\/2023\/06\/\u0394\u03b9\u03c0\u03bb\u03ae-\u03c0\u03c1\u03bf\u03c3\u03c9\u03c0\u03bf\u03b3\u03c1\u03b1\u03c6\u03af\u03b1-\u03c4\u03c5\u03bc\u03c0\u03b1\u03bd\u03b9\u03c3\u03c4\u03ae-90-x-120-cm-\u03bb\u03ac\u03b4\u03b9-\u03c3\u03b5-\u03ba\u03b1\u03bc\u03b2\u03ac-\u03ba\u03b1\u03b9-\u03ba\u03bf\u03bb\u03ac\u03b6-2003-scaled.jpg\" alt=\"\u0394\u03b9\u03c0\u03bb\u03ae \u03c0\u03c1\u03bf\u03c3\u03c9\u03c0\u03bf\u03b3\u03c1\u03b1\u03c6\u03af\u03b1 \u03c4\u03c5\u03bc\u03c0\u03b1\u03bd\u03b9\u03c3\u03c4\u03ae &#8211; 90 x 120 cm &#8211; \u03bb\u03ac\u03b4\u03b9 \u03c3\u03b5 \u03ba\u03b1\u03bc\u03b2\u03ac \u03ba\u03b1\u03b9 \u03ba\u03bf\u03bb\u03ac\u03b6 &#8211; 2003\" \/>\n\t\t\t<\/div><\/div>[vc_empty_space height=&#8221;20px&#8221;][vc_column_text]<strong>Duration<\/strong><br \/>\nThursday 8 June \u2013 Saturday 8 July 2023<\/p>\n<p><strong>Curation<\/strong><br \/>\nManos Stefanidis[\/vc_column_text][vc_empty_space height=&#8221;20px&#8221;][vc_column_text]<strong>Participating painters:<\/strong> Christos Antonaropoulos, Spyros Angelopoulos, Vatanidis Stathis, Yiayiannos Apostolos, Zacharioudakis Manolis, Markos Kampanis, Kessanlis Nikos, Michalis Kountouris, Tasos Mantzavinos, Lila Belivanaki, Bostantzoglou Mentis, Kostas Papatriantafyllopoulos, Patrakis Andreas, Sikeliotis Giorgos, Angelos Spartalis, Spatharis Evgenios, Tzivelekis Nikolas, Tsarouhis Yiannis, Fasianos Alekos, Hambidis Pavlos, Chantzaras Apostolos, Haridimos Giorgos[\/vc_column_text][vc_empty_space height=&#8221;20px&#8221;][\/vc_column][\/vc_row]<\/p>\n<\/div>","protected":false},"excerpt":{"rendered":"<p>[vc_row][vc_column width=&#8221;2\/3&#8243;][vc_empty_space height=&#8221;20px&#8221;][vc_custom_heading text=&#8221;&#8220;Shadow battles&#8220; or the Karagiozis artist | Group Exhibition&#8221; google_fonts=&#8221;font_family:Ubuntu%3A300%2C300italic%2Cregular%2Citalic%2C500%2C500italic%2C700%2C700italic|font_style:400%20regular%3A400%3Anormal&#8221;][vc_empty_space height=&#8221;20px&#8221;][vc_column_text]Sianti Gallery &hellip;<\/p>\n","protected":false},"author":3,"featured_media":0,"parent":0,"menu_order":0,"comment_status":"closed","ping_status":"closed","template":"","meta":{"ngg_post_thumbnail":0,"footnotes":""},"class_list":["post-44096","page","type-page","status-publish","hentry"],"yoast_head":"<!-- This site is optimized with the Yoast SEO plugin v27.2 - https:\/\/yoast.com\/product\/yoast-seo-wordpress\/ -->\n<title>&quot;Shadow battles&quot; or the Karagiozis artist | Group Exhibition - Ikastikos Kiklos - Zografik\u00ed - Metaxotyp\u00edes - T\u00e9chniPainting - Silk Screen - Art<\/title>\n<meta name=\"robots\" content=\"index, follow, max-snippet:-1, max-image-preview:large, max-video-preview:-1\" \/>\n<link rel=\"canonical\" href=\"https:\/\/ikastikos-kiklos.com\/en\/shadow-battles-or-the-karagiozis-artist-group-exhibition\/\" \/>\n<meta property=\"og:locale\" content=\"en_US\" \/>\n<meta property=\"og:type\" content=\"article\" \/>\n<meta property=\"og:title\" content=\"&quot;Shadow battles&quot; or the Karagiozis artist | Group Exhibition - Ikastikos Kiklos - Zografik\u00ed - Metaxotyp\u00edes - T\u00e9chniPainting - Silk Screen - Art\" \/>\n<meta property=\"og:url\" content=\"https:\/\/ikastikos-kiklos.com\/en\/shadow-battles-or-the-karagiozis-artist-group-exhibition\/\" \/>\n<meta property=\"og:site_name\" content=\"Ikastikos Kiklos - Zografik\u00ed - Metaxotyp\u00edes - T\u00e9chniPainting - Silk Screen - Art\" \/>\n<meta property=\"article:publisher\" content=\"https:\/\/www.facebook.com\/ikastikoskiklossianti\/\" \/>\n<meta property=\"article:modified_time\" content=\"2023-06-09T16:09:58+00:00\" \/>\n<meta name=\"twitter:card\" content=\"summary_large_image\" \/>\n<meta name=\"twitter:label1\" content=\"Est. reading time\" \/>\n\t<meta name=\"twitter:data1\" content=\"4 minutes\" \/>\n<script type=\"application\/ld+json\" class=\"yoast-schema-graph\">{\"@context\":\"https:\/\/schema.org\",\"@graph\":[{\"@type\":\"WebPage\",\"@id\":\"https:\/\/ikastikos-kiklos.com\/en\/shadow-battles-or-the-karagiozis-artist-group-exhibition\/\",\"url\":\"https:\/\/ikastikos-kiklos.com\/en\/shadow-battles-or-the-karagiozis-artist-group-exhibition\/\",\"name\":\"\\\"Shadow battles\\\" or the Karagiozis artist | Group Exhibition - Ikastikos Kiklos - Zografik\u00ed - Metaxotyp\u00edes - T\u00e9chniPainting - Silk Screen - Art\",\"isPartOf\":{\"@id\":\"https:\/\/ikastikos-kiklos.com\/en\/#website\"},\"datePublished\":\"2023-05-31T21:46:59+00:00\",\"dateModified\":\"2023-06-09T16:09:58+00:00\",\"breadcrumb\":{\"@id\":\"https:\/\/ikastikos-kiklos.com\/en\/shadow-battles-or-the-karagiozis-artist-group-exhibition\/#breadcrumb\"},\"inLanguage\":\"en-US\",\"potentialAction\":[{\"@type\":\"ReadAction\",\"target\":[\"https:\/\/ikastikos-kiklos.com\/en\/shadow-battles-or-the-karagiozis-artist-group-exhibition\/\"]}]},{\"@type\":\"BreadcrumbList\",\"@id\":\"https:\/\/ikastikos-kiklos.com\/en\/shadow-battles-or-the-karagiozis-artist-group-exhibition\/#breadcrumb\",\"itemListElement\":[{\"@type\":\"ListItem\",\"position\":1,\"name\":\"Home\",\"item\":\"https:\/\/ikastikos-kiklos.com\/en\/\"},{\"@type\":\"ListItem\",\"position\":2,\"name\":\"&#8220;Shadow battles&#8221; or the Karagiozis artist | Group Exhibition\"}]},{\"@type\":\"WebSite\",\"@id\":\"https:\/\/ikastikos-kiklos.com\/en\/#website\",\"url\":\"https:\/\/ikastikos-kiklos.com\/en\/\",\"name\":\"Ikastikos Kiklos - Zografik\u00ed - Metaxotyp\u00edes - T\u00e9chniPainting - Silk Screen - Art\",\"description\":\"\",\"publisher\":{\"@id\":\"https:\/\/ikastikos-kiklos.com\/en\/#organization\"},\"potentialAction\":[{\"@type\":\"SearchAction\",\"target\":{\"@type\":\"EntryPoint\",\"urlTemplate\":\"https:\/\/ikastikos-kiklos.com\/en\/?s={search_term_string}\"},\"query-input\":{\"@type\":\"PropertyValueSpecification\",\"valueRequired\":true,\"valueName\":\"search_term_string\"}}],\"inLanguage\":\"en-US\"},{\"@type\":\"Organization\",\"@id\":\"https:\/\/ikastikos-kiklos.com\/en\/#organization\",\"name\":\"Ikastikos Kiklos - Zografik\u00ed - Metaxotyp\u00edes - T\u00e9chniPainting - Silk Screen - Art\",\"url\":\"https:\/\/ikastikos-kiklos.com\/en\/\",\"logo\":{\"@type\":\"ImageObject\",\"inLanguage\":\"en-US\",\"@id\":\"https:\/\/ikastikos-kiklos.com\/en\/#\/schema\/logo\/image\/\",\"url\":\"https:\/\/ikastikos-kiklos.com\/wp-content\/uploads\/2022\/10\/cropped-favicon_ikastikos.png\",\"contentUrl\":\"https:\/\/ikastikos-kiklos.com\/wp-content\/uploads\/2022\/10\/cropped-favicon_ikastikos.png\",\"width\":512,\"height\":512,\"caption\":\"Ikastikos Kiklos - Zografik\u00ed - Metaxotyp\u00edes - T\u00e9chniPainting - Silk Screen - Art\"},\"image\":{\"@id\":\"https:\/\/ikastikos-kiklos.com\/en\/#\/schema\/logo\/image\/\"},\"sameAs\":[\"https:\/\/www.facebook.com\/ikastikoskiklossianti\/\"]}]}<\/script>\n<!-- \/ Yoast SEO plugin. -->","yoast_head_json":{"title":"\"Shadow battles\" or the Karagiozis artist | Group Exhibition - Ikastikos Kiklos - Zografik\u00ed - Metaxotyp\u00edes - T\u00e9chniPainting - Silk Screen - Art","robots":{"index":"index","follow":"follow","max-snippet":"max-snippet:-1","max-image-preview":"max-image-preview:large","max-video-preview":"max-video-preview:-1"},"canonical":"https:\/\/ikastikos-kiklos.com\/en\/shadow-battles-or-the-karagiozis-artist-group-exhibition\/","og_locale":"en_US","og_type":"article","og_title":"\"Shadow battles\" or the Karagiozis artist | Group Exhibition - Ikastikos Kiklos - Zografik\u00ed - Metaxotyp\u00edes - T\u00e9chniPainting - Silk Screen - Art","og_url":"https:\/\/ikastikos-kiklos.com\/en\/shadow-battles-or-the-karagiozis-artist-group-exhibition\/","og_site_name":"Ikastikos Kiklos - Zografik\u00ed - Metaxotyp\u00edes - T\u00e9chniPainting - Silk Screen - Art","article_publisher":"https:\/\/www.facebook.com\/ikastikoskiklossianti\/","article_modified_time":"2023-06-09T16:09:58+00:00","twitter_card":"summary_large_image","twitter_misc":{"Est. reading time":"4 minutes"},"schema":{"@context":"https:\/\/schema.org","@graph":[{"@type":"WebPage","@id":"https:\/\/ikastikos-kiklos.com\/en\/shadow-battles-or-the-karagiozis-artist-group-exhibition\/","url":"https:\/\/ikastikos-kiklos.com\/en\/shadow-battles-or-the-karagiozis-artist-group-exhibition\/","name":"\"Shadow battles\" or the Karagiozis artist | Group Exhibition - Ikastikos Kiklos - Zografik\u00ed - Metaxotyp\u00edes - T\u00e9chniPainting - Silk Screen - Art","isPartOf":{"@id":"https:\/\/ikastikos-kiklos.com\/en\/#website"},"datePublished":"2023-05-31T21:46:59+00:00","dateModified":"2023-06-09T16:09:58+00:00","breadcrumb":{"@id":"https:\/\/ikastikos-kiklos.com\/en\/shadow-battles-or-the-karagiozis-artist-group-exhibition\/#breadcrumb"},"inLanguage":"en-US","potentialAction":[{"@type":"ReadAction","target":["https:\/\/ikastikos-kiklos.com\/en\/shadow-battles-or-the-karagiozis-artist-group-exhibition\/"]}]},{"@type":"BreadcrumbList","@id":"https:\/\/ikastikos-kiklos.com\/en\/shadow-battles-or-the-karagiozis-artist-group-exhibition\/#breadcrumb","itemListElement":[{"@type":"ListItem","position":1,"name":"Home","item":"https:\/\/ikastikos-kiklos.com\/en\/"},{"@type":"ListItem","position":2,"name":"&#8220;Shadow battles&#8221; or the Karagiozis artist | Group Exhibition"}]},{"@type":"WebSite","@id":"https:\/\/ikastikos-kiklos.com\/en\/#website","url":"https:\/\/ikastikos-kiklos.com\/en\/","name":"Ikastikos Kiklos - Zografik\u00ed - Metaxotyp\u00edes - T\u00e9chniPainting - Silk Screen - Art","description":"","publisher":{"@id":"https:\/\/ikastikos-kiklos.com\/en\/#organization"},"potentialAction":[{"@type":"SearchAction","target":{"@type":"EntryPoint","urlTemplate":"https:\/\/ikastikos-kiklos.com\/en\/?s={search_term_string}"},"query-input":{"@type":"PropertyValueSpecification","valueRequired":true,"valueName":"search_term_string"}}],"inLanguage":"en-US"},{"@type":"Organization","@id":"https:\/\/ikastikos-kiklos.com\/en\/#organization","name":"Ikastikos Kiklos - Zografik\u00ed - Metaxotyp\u00edes - T\u00e9chniPainting - Silk Screen - Art","url":"https:\/\/ikastikos-kiklos.com\/en\/","logo":{"@type":"ImageObject","inLanguage":"en-US","@id":"https:\/\/ikastikos-kiklos.com\/en\/#\/schema\/logo\/image\/","url":"https:\/\/ikastikos-kiklos.com\/wp-content\/uploads\/2022\/10\/cropped-favicon_ikastikos.png","contentUrl":"https:\/\/ikastikos-kiklos.com\/wp-content\/uploads\/2022\/10\/cropped-favicon_ikastikos.png","width":512,"height":512,"caption":"Ikastikos Kiklos - Zografik\u00ed - Metaxotyp\u00edes - T\u00e9chniPainting - Silk Screen - Art"},"image":{"@id":"https:\/\/ikastikos-kiklos.com\/en\/#\/schema\/logo\/image\/"},"sameAs":["https:\/\/www.facebook.com\/ikastikoskiklossianti\/"]}]}},"_links":{"self":[{"href":"https:\/\/ikastikos-kiklos.com\/en\/wp-json\/wp\/v2\/pages\/44096","targetHints":{"allow":["GET"]}}],"collection":[{"href":"https:\/\/ikastikos-kiklos.com\/en\/wp-json\/wp\/v2\/pages"}],"about":[{"href":"https:\/\/ikastikos-kiklos.com\/en\/wp-json\/wp\/v2\/types\/page"}],"author":[{"embeddable":true,"href":"https:\/\/ikastikos-kiklos.com\/en\/wp-json\/wp\/v2\/users\/3"}],"replies":[{"embeddable":true,"href":"https:\/\/ikastikos-kiklos.com\/en\/wp-json\/wp\/v2\/comments?post=44096"}],"version-history":[{"count":5,"href":"https:\/\/ikastikos-kiklos.com\/en\/wp-json\/wp\/v2\/pages\/44096\/revisions"}],"predecessor-version":[{"id":44208,"href":"https:\/\/ikastikos-kiklos.com\/en\/wp-json\/wp\/v2\/pages\/44096\/revisions\/44208"}],"wp:attachment":[{"href":"https:\/\/ikastikos-kiklos.com\/en\/wp-json\/wp\/v2\/media?parent=44096"}],"curies":[{"name":"wp","href":"https:\/\/api.w.org\/{rel}","templated":true}]}}