{"id":43058,"date":"2023-02-28T20:40:18","date_gmt":"2023-02-28T18:40:18","guid":{"rendered":"https:\/\/ikastikos-kiklos.com\/solo-exhibition-mythology-backwards-giorgos-georgiadis\/"},"modified":"2023-03-09T20:38:06","modified_gmt":"2023-03-09T18:38:06","slug":"solo-exhibition-mythology-backwards-giorgos-georgiadis","status":"publish","type":"page","link":"https:\/\/ikastikos-kiklos.com\/en\/solo-exhibition-mythology-backwards-giorgos-georgiadis\/","title":{"rendered":"Solo Exhibition \u201cMythology Backwards\u201d Giorgos Georgiadis"},"content":{"rendered":"<div class=\"wpb-content-wrapper\"><p>[vc_row][vc_column width=&#8221;2\/3&#8243;][vc_empty_space height=&#8221;20px&#8221;]<div class=\"nm-banner-slider slider-type-boxed slick-slider slick-controls-gray slick-dots-disabled\" >\n\t\t\t<div class=\"nm-banner content-full image-type-fluid text-color-dark\" style=\"\"><img decoding=\"async\" src=\"https:\/\/ikastikos-kiklos.com\/wp-content\/uploads\/2023\/03\/\u0393\u0395\u03a9\u03a1\u0393\u0399\u0391\u0394\u0397\u03a3-SITE-BANNER-EN-duration.jpg\" alt=\"\u0393\u0395\u03a9\u03a1\u0393\u0399\u0391\u0394\u0397\u03a3 SITE BANNER-EN-duration\" \/>\n\t\t\t<\/div><\/div>[vc_empty_space height=&#8221;20px&#8221;][vc_column_text]<strong>After 17 years<\/strong>, <strong>Sianti Gallery<\/strong> has once again the honor of presenting <strong>Giorgos Georgiadis<\/strong>, one of the greatest contemporary Greek sculptors. On Friday 10, at 19:00, this restless artist will present a selection of works created during the last decade, under the title <strong>\u201cMythology Backwards\u201d<\/strong>. <strong>Manos Stefanidis<\/strong>, an Emeritus Professor of the National and Kapodistrian University of Athens and curator of the exhibition, greatly impressed by the energetic plasticity and explosive humor of the artist\u2019s latest works, notes:<\/p>\n<p><em>\u201c\u2026Today, Georgiadis presents classical instances of the ancient Greek mythology with an attitude which could be seen as a kind of heresy through the expressionistic deformations and the explosive physicality of his figures, adjusted with great ingenuity to the needs of the modern world. It\u2019s a kind of reversing mirror, an Anti-myth. Thus, we see young Europa flirting on her own initiative with Zeus-taurus in a most provocative way, making him her puppet, while Omphale conquers a feeble and subdued Hercules. Or a curvy, black Venus wearing a jockey hat and mules, with a biracial Eros by her side. What we see, is a complete reversal of the characteristic Renaissance or Baroque themes which have been haunting the collective memory of the European civilization. A kind of heretic demystification. And an arousing use of form. Because Georgiadis is the sculptor of contradiction and conflict. Of the dialectic dispute between classical and the anti-classical. This is what it\u2019s all about. It\u2019s about the idea that a work of art should not simply be a decorative process, but a means of interpreting all ineffable things. And it is something which becomes crucial at a time when Art lingers between hypocritical convention and shallow impression.\u201d Georgiadis\u2019 sculptures have a life of their own in their own time, full of symbolic, even crude implications. As the artist himself underlines, he dwells somewhere between myth and history: \u201c\u2026the one is intertwined with the other, like fingers entangled together. Of course, myths come with many variations and interpretations. This is why my primary aim has always been an imaginative approach to the myth, without a necessarily logical narrative.<\/em><\/p>\n<p><em>This gave me the chance to spatially organize a reality which, even though it is differentiated as to its meaning, it remains harmonious as to its composition, constructed out of shapes, masses and colors, elements which \u2013 together with the work\u2019s narrative \u2013 characterize the stimuli and allegories of this particular form of art.\u201d<\/em><\/p>\n<p>And this is why Stefanidis is a fervent advocate of these works, describing them as a kind of \u201cAnti-myths\u201d. Because to him: <em>\u201c\u2026It is as if he wants to \u2018speak\u2019 &#8211; in a symbolic and playful way &#8211; of a world in which everything has come \u2018upside down\u2019. And it has become so in a provocatively uncomprehensive manner, which is characterized by the chaotic undoing of principles, hierarchies, symbols, ideologies etc. Is the artist laughing or weeping, as he describes this absurd theatrum mundi? Should we interpret his curvy, \u2018\u00e0 la Bottero\u2019 figures \u2013 for instance, his depiction of Terpsichore as a ballerina with tiny ballet shoes on her large feet \u2013 as a ridicule or as a celebration of the female body? Are the sculptor\u2019s scabrous themes meant as a playful jest or as a grim omen regarding our common future? This is for the viewers to decide\u2026\u201d<\/em>[\/vc_column_text][vc_empty_space height=&#8221;20px&#8221;][\/vc_column][vc_column width=&#8221;1\/3&#8243;][vc_empty_space height=&#8221;20px&#8221;]<div class=\"nm-banner-slider slider-type-boxed slick-slider slick-controls-gray slick-dots-disabled\" data-arrows=\"true\" >\n\t\t\t<div class=\"nm-banner content-full image-type-fluid text-color-dark\" style=\"\"><img decoding=\"async\" src=\"https:\/\/ikastikos-kiklos.com\/wp-content\/uploads\/2023\/03\/IMG_20230306_160424-scaled.jpg\" alt=\"IMG_20230306_160424\" \/>\n\t\t\t<\/div>\n\t\t\t<div class=\"nm-banner content-full image-type-fluid text-color-dark\" style=\"\"><img decoding=\"async\" src=\"https:\/\/ikastikos-kiklos.com\/wp-content\/uploads\/2023\/03\/IMG_20230306_160434-scaled.jpg\" alt=\"IMG_20230306_160434\" \/>\n\t\t\t<\/div>\n\t\t\t<div class=\"nm-banner content-full image-type-fluid text-color-dark\" style=\"\"><img decoding=\"async\" src=\"https:\/\/ikastikos-kiklos.com\/wp-content\/uploads\/2023\/03\/IMG_20230308_142523-scaled.jpg\" alt=\"IMG_20230308_142523\" \/>\n\t\t\t<\/div>\n\t\t\t<div class=\"nm-banner content-full image-type-fluid text-color-dark\" style=\"\"><img decoding=\"async\" src=\"https:\/\/ikastikos-kiklos.com\/wp-content\/uploads\/2023\/03\/IMG_20230308_142505-scaled.jpg\" alt=\"IMG_20230308_142505\" \/>\n\t\t\t<\/div>\n\t\t\t<div class=\"nm-banner content-full image-type-fluid text-color-dark\" style=\"\"><img decoding=\"async\" src=\"https:\/\/ikastikos-kiklos.com\/wp-content\/uploads\/2023\/03\/IMG_20230306_160413-scaled.jpg\" alt=\"IMG_20230306_160413\" \/>\n\t\t\t<\/div>\n\t\t\t<div class=\"nm-banner content-full image-type-fluid text-color-dark\" style=\"\"><img decoding=\"async\" src=\"https:\/\/ikastikos-kiklos.com\/wp-content\/uploads\/2023\/03\/IMG_20230308_142534-scaled.jpg\" alt=\"IMG_20230308_142534\" \/>\n\t\t\t<\/div>\n\t\t\t<div class=\"nm-banner content-full image-type-fluid text-color-dark\" style=\"\"><img decoding=\"async\" src=\"https:\/\/ikastikos-kiklos.com\/wp-content\/uploads\/2023\/03\/IMG_20230308_142557-scaled.jpg\" alt=\"IMG_20230308_142557\" \/>\n\t\t\t<\/div>\n\t\t\t<div class=\"nm-banner content-full image-type-fluid text-color-dark\" style=\"\"><img decoding=\"async\" src=\"https:\/\/ikastikos-kiklos.com\/wp-content\/uploads\/2023\/03\/IMG_20230308_142548-scaled.jpg\" alt=\"IMG_20230308_142548\" \/>\n\t\t\t<\/div><\/div>[vc_empty_space height=&#8221;20px&#8221;][vc_column_text]<b><span data-contrast=\"auto\">Opening<br \/>\n<\/span><\/b><span data-ccp-props=\"{&quot;201341983&quot;:0,&quot;335559739&quot;:200,&quot;335559740&quot;:276}\">Friday 10 March 19:00<br \/>\n<\/span><\/p>\n<hr>\n<p>Duration<br \/>\n<b><span data-contrast=\"auto\">Friday 10 March \u2013 Tuesday 8 April 2023<\/span><\/b><span data-ccp-props=\"{&quot;201341983&quot;:0,&quot;335559739&quot;:200,&quot;335559740&quot;:276}\">&nbsp;<\/span><\/p>\n<p>Curation<br \/>\n<b><span data-contrast=\"auto\">Manos Stefanidis<\/span><\/b><span data-ccp-props=\"{&quot;201341983&quot;:0,&quot;335559739&quot;:160,&quot;335559740&quot;:360}\">&nbsp;<\/span>[\/vc_column_text][vc_empty_space height=&#8221;20px&#8221;][vc_video link=&#8221;https:\/\/www.youtube.com\/watch?v=xEwmN9lK_GQ&amp;ab_channel=SiantiGallery-%CE%95%CE%B9%CE%BA%CE%B1%CF%83%CF%84%CE%B9%CE%BA%CF%8C%CF%82%CE%9A%CF%8D%CE%BA%CE%BB%CE%BF%CF%82&#8243;][vc_empty_space height=&#8221;20px&#8221;][\/vc_column][\/vc_row]<\/p>\n<\/div>","protected":false},"excerpt":{"rendered":"<p>[vc_row][vc_column width=&#8221;2\/3&#8243;][vc_empty_space height=&#8221;20px&#8221;][vc_empty_space height=&#8221;20px&#8221;][vc_column_text]After 17 years, Sianti Gallery has once again the honor of presenting &hellip;<\/p>\n","protected":false},"author":3,"featured_media":0,"parent":0,"menu_order":0,"comment_status":"closed","ping_status":"closed","template":"","meta":{"ngg_post_thumbnail":0,"footnotes":""},"class_list":["post-43058","page","type-page","status-publish","hentry"],"yoast_head":"<!-- This site is optimized with the Yoast SEO plugin v27.2 - https:\/\/yoast.com\/product\/yoast-seo-wordpress\/ -->\n<title>Solo Exhibition \u201cMythology Backwards\u201d Giorgos Georgiadis<\/title>\n<meta name=\"description\" content=\"Solo Exhibition \u201cMythology Backwards\u201d Giorgos Georgiadis from March 10 to April 4, 2023\" \/>\n<meta name=\"robots\" content=\"index, follow, max-snippet:-1, max-image-preview:large, max-video-preview:-1\" \/>\n<link rel=\"canonical\" href=\"https:\/\/ikastikos-kiklos.com\/en\/solo-exhibition-mythology-backwards-giorgos-georgiadis\/\" \/>\n<meta property=\"og:locale\" content=\"en_US\" \/>\n<meta property=\"og:type\" content=\"article\" \/>\n<meta property=\"og:title\" content=\"Solo Exhibition \u201cMythology Backwards\u201d Giorgos Georgiadis\" \/>\n<meta property=\"og:description\" content=\"Solo Exhibition \u201cMythology Backwards\u201d Giorgos Georgiadis from March 10 to April 4, 2023\" \/>\n<meta property=\"og:url\" content=\"https:\/\/ikastikos-kiklos.com\/en\/solo-exhibition-mythology-backwards-giorgos-georgiadis\/\" \/>\n<meta property=\"og:site_name\" content=\"Ikastikos Kiklos - Zografik\u00ed - Metaxotyp\u00edes - T\u00e9chniPainting - Silk Screen - Art\" \/>\n<meta property=\"article:publisher\" content=\"https:\/\/www.facebook.com\/ikastikoskiklossianti\/\" \/>\n<meta property=\"article:modified_time\" content=\"2023-03-09T18:38:06+00:00\" \/>\n<meta name=\"twitter:card\" content=\"summary_large_image\" \/>\n<meta name=\"twitter:label1\" content=\"Est. reading time\" \/>\n\t<meta name=\"twitter:data1\" content=\"4 minutes\" \/>\n<script type=\"application\/ld+json\" class=\"yoast-schema-graph\">{\"@context\":\"https:\/\/schema.org\",\"@graph\":[{\"@type\":\"WebPage\",\"@id\":\"https:\/\/ikastikos-kiklos.com\/en\/solo-exhibition-mythology-backwards-giorgos-georgiadis\/\",\"url\":\"https:\/\/ikastikos-kiklos.com\/en\/solo-exhibition-mythology-backwards-giorgos-georgiadis\/\",\"name\":\"Solo Exhibition \u201cMythology Backwards\u201d Giorgos Georgiadis\",\"isPartOf\":{\"@id\":\"https:\/\/ikastikos-kiklos.com\/en\/#website\"},\"datePublished\":\"2023-02-28T18:40:18+00:00\",\"dateModified\":\"2023-03-09T18:38:06+00:00\",\"description\":\"Solo Exhibition \u201cMythology Backwards\u201d Giorgos Georgiadis from March 10 to April 4, 2023\",\"breadcrumb\":{\"@id\":\"https:\/\/ikastikos-kiklos.com\/en\/solo-exhibition-mythology-backwards-giorgos-georgiadis\/#breadcrumb\"},\"inLanguage\":\"en-US\",\"potentialAction\":[{\"@type\":\"ReadAction\",\"target\":[\"https:\/\/ikastikos-kiklos.com\/en\/solo-exhibition-mythology-backwards-giorgos-georgiadis\/\"]}]},{\"@type\":\"BreadcrumbList\",\"@id\":\"https:\/\/ikastikos-kiklos.com\/en\/solo-exhibition-mythology-backwards-giorgos-georgiadis\/#breadcrumb\",\"itemListElement\":[{\"@type\":\"ListItem\",\"position\":1,\"name\":\"Home\",\"item\":\"https:\/\/ikastikos-kiklos.com\/en\/\"},{\"@type\":\"ListItem\",\"position\":2,\"name\":\"Solo Exhibition \u201cMythology Backwards\u201d Giorgos Georgiadis\"}]},{\"@type\":\"WebSite\",\"@id\":\"https:\/\/ikastikos-kiklos.com\/en\/#website\",\"url\":\"https:\/\/ikastikos-kiklos.com\/en\/\",\"name\":\"Ikastikos Kiklos - Zografik\u00ed - Metaxotyp\u00edes - T\u00e9chniPainting - Silk Screen - Art\",\"description\":\"\",\"publisher\":{\"@id\":\"https:\/\/ikastikos-kiklos.com\/en\/#organization\"},\"potentialAction\":[{\"@type\":\"SearchAction\",\"target\":{\"@type\":\"EntryPoint\",\"urlTemplate\":\"https:\/\/ikastikos-kiklos.com\/en\/?s={search_term_string}\"},\"query-input\":{\"@type\":\"PropertyValueSpecification\",\"valueRequired\":true,\"valueName\":\"search_term_string\"}}],\"inLanguage\":\"en-US\"},{\"@type\":\"Organization\",\"@id\":\"https:\/\/ikastikos-kiklos.com\/en\/#organization\",\"name\":\"Ikastikos Kiklos - Zografik\u00ed - Metaxotyp\u00edes - T\u00e9chniPainting - Silk Screen - Art\",\"url\":\"https:\/\/ikastikos-kiklos.com\/en\/\",\"logo\":{\"@type\":\"ImageObject\",\"inLanguage\":\"en-US\",\"@id\":\"https:\/\/ikastikos-kiklos.com\/en\/#\/schema\/logo\/image\/\",\"url\":\"https:\/\/ikastikos-kiklos.com\/wp-content\/uploads\/2022\/10\/cropped-favicon_ikastikos.png\",\"contentUrl\":\"https:\/\/ikastikos-kiklos.com\/wp-content\/uploads\/2022\/10\/cropped-favicon_ikastikos.png\",\"width\":512,\"height\":512,\"caption\":\"Ikastikos Kiklos - Zografik\u00ed - Metaxotyp\u00edes - T\u00e9chniPainting - Silk Screen - Art\"},\"image\":{\"@id\":\"https:\/\/ikastikos-kiklos.com\/en\/#\/schema\/logo\/image\/\"},\"sameAs\":[\"https:\/\/www.facebook.com\/ikastikoskiklossianti\/\"]}]}<\/script>\n<!-- \/ Yoast SEO plugin. -->","yoast_head_json":{"title":"Solo Exhibition \u201cMythology Backwards\u201d Giorgos Georgiadis","description":"Solo Exhibition \u201cMythology Backwards\u201d Giorgos Georgiadis from March 10 to April 4, 2023","robots":{"index":"index","follow":"follow","max-snippet":"max-snippet:-1","max-image-preview":"max-image-preview:large","max-video-preview":"max-video-preview:-1"},"canonical":"https:\/\/ikastikos-kiklos.com\/en\/solo-exhibition-mythology-backwards-giorgos-georgiadis\/","og_locale":"en_US","og_type":"article","og_title":"Solo Exhibition \u201cMythology Backwards\u201d Giorgos Georgiadis","og_description":"Solo Exhibition \u201cMythology Backwards\u201d Giorgos Georgiadis from March 10 to April 4, 2023","og_url":"https:\/\/ikastikos-kiklos.com\/en\/solo-exhibition-mythology-backwards-giorgos-georgiadis\/","og_site_name":"Ikastikos Kiklos - Zografik\u00ed - Metaxotyp\u00edes - T\u00e9chniPainting - Silk Screen - Art","article_publisher":"https:\/\/www.facebook.com\/ikastikoskiklossianti\/","article_modified_time":"2023-03-09T18:38:06+00:00","twitter_card":"summary_large_image","twitter_misc":{"Est. reading time":"4 minutes"},"schema":{"@context":"https:\/\/schema.org","@graph":[{"@type":"WebPage","@id":"https:\/\/ikastikos-kiklos.com\/en\/solo-exhibition-mythology-backwards-giorgos-georgiadis\/","url":"https:\/\/ikastikos-kiklos.com\/en\/solo-exhibition-mythology-backwards-giorgos-georgiadis\/","name":"Solo Exhibition \u201cMythology Backwards\u201d Giorgos Georgiadis","isPartOf":{"@id":"https:\/\/ikastikos-kiklos.com\/en\/#website"},"datePublished":"2023-02-28T18:40:18+00:00","dateModified":"2023-03-09T18:38:06+00:00","description":"Solo Exhibition \u201cMythology Backwards\u201d Giorgos Georgiadis from March 10 to April 4, 2023","breadcrumb":{"@id":"https:\/\/ikastikos-kiklos.com\/en\/solo-exhibition-mythology-backwards-giorgos-georgiadis\/#breadcrumb"},"inLanguage":"en-US","potentialAction":[{"@type":"ReadAction","target":["https:\/\/ikastikos-kiklos.com\/en\/solo-exhibition-mythology-backwards-giorgos-georgiadis\/"]}]},{"@type":"BreadcrumbList","@id":"https:\/\/ikastikos-kiklos.com\/en\/solo-exhibition-mythology-backwards-giorgos-georgiadis\/#breadcrumb","itemListElement":[{"@type":"ListItem","position":1,"name":"Home","item":"https:\/\/ikastikos-kiklos.com\/en\/"},{"@type":"ListItem","position":2,"name":"Solo Exhibition \u201cMythology Backwards\u201d Giorgos Georgiadis"}]},{"@type":"WebSite","@id":"https:\/\/ikastikos-kiklos.com\/en\/#website","url":"https:\/\/ikastikos-kiklos.com\/en\/","name":"Ikastikos Kiklos - Zografik\u00ed - Metaxotyp\u00edes - T\u00e9chniPainting - Silk Screen - Art","description":"","publisher":{"@id":"https:\/\/ikastikos-kiklos.com\/en\/#organization"},"potentialAction":[{"@type":"SearchAction","target":{"@type":"EntryPoint","urlTemplate":"https:\/\/ikastikos-kiklos.com\/en\/?s={search_term_string}"},"query-input":{"@type":"PropertyValueSpecification","valueRequired":true,"valueName":"search_term_string"}}],"inLanguage":"en-US"},{"@type":"Organization","@id":"https:\/\/ikastikos-kiklos.com\/en\/#organization","name":"Ikastikos Kiklos - Zografik\u00ed - Metaxotyp\u00edes - T\u00e9chniPainting - Silk Screen - Art","url":"https:\/\/ikastikos-kiklos.com\/en\/","logo":{"@type":"ImageObject","inLanguage":"en-US","@id":"https:\/\/ikastikos-kiklos.com\/en\/#\/schema\/logo\/image\/","url":"https:\/\/ikastikos-kiklos.com\/wp-content\/uploads\/2022\/10\/cropped-favicon_ikastikos.png","contentUrl":"https:\/\/ikastikos-kiklos.com\/wp-content\/uploads\/2022\/10\/cropped-favicon_ikastikos.png","width":512,"height":512,"caption":"Ikastikos Kiklos - Zografik\u00ed - Metaxotyp\u00edes - T\u00e9chniPainting - Silk Screen - Art"},"image":{"@id":"https:\/\/ikastikos-kiklos.com\/en\/#\/schema\/logo\/image\/"},"sameAs":["https:\/\/www.facebook.com\/ikastikoskiklossianti\/"]}]}},"_links":{"self":[{"href":"https:\/\/ikastikos-kiklos.com\/en\/wp-json\/wp\/v2\/pages\/43058","targetHints":{"allow":["GET"]}}],"collection":[{"href":"https:\/\/ikastikos-kiklos.com\/en\/wp-json\/wp\/v2\/pages"}],"about":[{"href":"https:\/\/ikastikos-kiklos.com\/en\/wp-json\/wp\/v2\/types\/page"}],"author":[{"embeddable":true,"href":"https:\/\/ikastikos-kiklos.com\/en\/wp-json\/wp\/v2\/users\/3"}],"replies":[{"embeddable":true,"href":"https:\/\/ikastikos-kiklos.com\/en\/wp-json\/wp\/v2\/comments?post=43058"}],"version-history":[{"count":5,"href":"https:\/\/ikastikos-kiklos.com\/en\/wp-json\/wp\/v2\/pages\/43058\/revisions"}],"predecessor-version":[{"id":43269,"href":"https:\/\/ikastikos-kiklos.com\/en\/wp-json\/wp\/v2\/pages\/43058\/revisions\/43269"}],"wp:attachment":[{"href":"https:\/\/ikastikos-kiklos.com\/en\/wp-json\/wp\/v2\/media?parent=43058"}],"curies":[{"name":"wp","href":"https:\/\/api.w.org\/{rel}","templated":true}]}}