{"id":43040,"date":"2023-02-24T18:40:39","date_gmt":"2023-02-24T16:40:39","guid":{"rendered":"https:\/\/ikastikos-kiklos.com\/?page_id=43040"},"modified":"2023-02-24T18:41:20","modified_gmt":"2023-02-24T16:41:20","slug":"%ce%bc%ce%b7%cf%84%cf%83%ce%ad%ce%b1-%ce%bc%ce%b1%ce%bb%ce%ac%ce%bc%ce%bf%cf%85-%ce%b9%cf%89%ce%ac%ce%bd%ce%bd%ce%b1","status":"publish","type":"page","link":"https:\/\/ikastikos-kiklos.com\/en\/%ce%b6%cf%89%ce%b3%cf%81%ce%ac%cf%86%ce%bf%ce%b9\/%ce%bc%ce%b7%cf%84%cf%83%ce%ad%ce%b1-%ce%bc%ce%b1%ce%bb%ce%ac%ce%bc%ce%bf%cf%85-%ce%b9%cf%89%ce%ac%ce%bd%ce%bd%ce%b1\/","title":{"rendered":"\u039c\u03b7\u03c4\u03c3\u03ad\u03b1-\u039c\u03b1\u03bb\u03ac\u03bc\u03bf\u03c5 \u0399\u03c9\u03ac\u03bd\u03bd\u03b1"},"content":{"rendered":"<p>\u0392\u03b9\u03bf\u03b3\u03c1\u03b1\u03c6\u03b9\u03ba\u03cc<\/p>\n<p>\u0397 <strong>\u0399\u03c9\u03ac\u03bd\u03bd\u03b1 \u039c\u03b7\u03c4\u03c3\u03ad\u03b1 &#8211; \u039c\u03b1\u03bb\u03ac\u03bc\u03bf\u03c5<\/strong> \u03b3\u03b5\u03bd\u03bd\u03ae\u03b8\u03b7\u03ba\u03b5 \u03c4\u03bf 1913.<\/p>\n<p>\u03a3\u03c0\u03bf\u03cd\u03b4\u03b1\u03c3\u03b5 \u03b6\u03c9\u03b3\u03c1\u03b1\u03c6\u03b9\u03ba\u03ae \u03c3\u03c4\u03b7\u03bd \u0391\u03bd\u03ce\u03c4\u03b1\u03c4\u03b7 \u03a3\u03c7\u03bf\u03bb\u03ae \u039a\u03b1\u03bb\u03ce\u03bd \u03a4\u03b5\u03c7\u03bd\u03ce\u03bd \u03bc\u03b5 \u03b4\u03b1\u03c3\u03ba\u03ac\u03bb\u03bf\u03c5\u03c2 \u03c4\u03bf\u03c5\u03c2: \u03a0. \u039c\u03b1\u03b8\u03b9\u03cc\u03c0\u03bf\u03c5\u03bb\u03bf, \u039f. \u0391\u03c1\u03b3\u03c5\u03c1\u03cc \u03ba\u03b1\u03b9 \u039a. \u03a0\u03b1\u03c1\u03b8\u03ad\u03bd\u03b7.<\/p>\n<p>\u03a4\u03bf&nbsp; \u03ad\u03c1\u03b3\u03bf \u03c4\u03b7\u03c2 \u03c0\u03b5\u03c1\u03b9\u03bb\u03b1\u03bc\u03b2\u03ac\u03bd\u03b5\u03b9 \u03c3\u03ba\u03b7\u03bd\u03ad\u03c2 \u03b1\u03c0\u03cc \u03c4\u03b7\u03bd \u03ba\u03b1\u03b8\u03b7\u03bc\u03b5\u03c1\u03b9\u03bd\u03ae \u03b6\u03c9\u03ae, \u03c4\u03bf\u03c0\u03af\u03b1 \u03ba\u03b1\u03b9 \u03bd\u03b5\u03ba\u03c1\u03ad\u03c2 \u03c6\u03cd\u03c3\u03b5\u03b9\u03c2. \u03a4\u03bf \u03b1\u03b3\u03b1\u03c0\u03b7\u03bc\u03ad\u03bd\u03bf \u03c4\u03b7\u03c2 \u03cc\u03bc\u03c9\u03c2 \u03b8\u03ad\u03bc\u03b1 \u03ae\u03c4\u03b1\u03bd \u03bf\u03b9 \u03b1\u03bd\u03b8\u03bf\u03b3\u03c1\u03b1\u03c6\u03af\u03b5\u03c2 \u03bc\u03b5 \u03c0\u03b1\u03c3\u03c4\u03ad\u03bb.<\/p>\n<p>\u0393\u03b9\u03b1 \u03c4\u03b7\u03bd \u03c0\u03c1\u03bf\u03c3\u03c6\u03bf\u03c1\u03ac \u03c4\u03b7\u03c2 \u03c4\u03b9\u03bc\u03ae\u03b8\u03b7\u03ba\u03b5 \u03bc\u03b5 \u03c4\u03bf \u039c\u03b5\u03c4\u03ac\u03bb\u03bb\u03b9\u03bf \u03c4\u03b7\u03c2 \u03a0\u03cc\u03bb\u03b7\u03c2 \u03c4\u03bf\u03c5 \u03a0\u03b1\u03c1\u03b9\u03c3\u03b9\u03bf\u03cd (1969), \u03bc\u03b5 \u03c4\u03bf \u039c\u03b5\u03c4\u03ac\u03bb\u03bb\u03b9\u03bf \u03c4\u03bf\u03c5 \u0394\u03ae\u03bc\u03bf\u03c5 \u0391\u03b8\u03b7\u03bd\u03b1\u03af\u03c9\u03bd (1973) \u03ba\u03b1\u03b9 \u03c4\u03bf\u03c5 \u0394\u03ae\u03bc\u03bf\u03c5 \u03a0\u03b5\u03b9\u03c1\u03b1\u03b9\u03ac (1976).<\/p>\n","protected":false},"excerpt":{"rendered":"<p>\u0392\u03b9\u03bf\u03b3\u03c1\u03b1\u03c6\u03b9\u03ba\u03cc \u0397 \u0399\u03c9\u03ac\u03bd\u03bd\u03b1 \u039c\u03b7\u03c4\u03c3\u03ad\u03b1 &#8211; \u039c\u03b1\u03bb\u03ac\u03bc\u03bf\u03c5 \u03b3\u03b5\u03bd\u03bd\u03ae\u03b8\u03b7\u03ba\u03b5 \u03c4\u03bf 1913. \u03a3\u03c0\u03bf\u03cd\u03b4\u03b1\u03c3\u03b5 \u03b6\u03c9\u03b3\u03c1\u03b1\u03c6\u03b9\u03ba\u03ae \u03c3\u03c4\u03b7\u03bd \u0391\u03bd\u03ce\u03c4\u03b1\u03c4\u03b7 \u03a3\u03c7\u03bf\u03bb\u03ae \u039a\u03b1\u03bb\u03ce\u03bd &hellip;<\/p>\n","protected":false},"author":2,"featured_media":0,"parent":915,"menu_order":0,"comment_status":"closed","ping_status":"closed","template":"page-zwgrafoi.php","meta":{"ngg_post_thumbnail":0,"footnotes":""},"class_list":["post-43040","page","type-page","status-publish","hentry"],"yoast_head":"<!-- This site is optimized with the Yoast SEO plugin v27.2 - https:\/\/yoast.com\/product\/yoast-seo-wordpress\/ -->\n<title>\u039c\u03b7\u03c4\u03c3\u03ad\u03b1-\u039c\u03b1\u03bb\u03ac\u03bc\u03bf\u03c5 \u0399\u03c9\u03ac\u03bd\u03bd\u03b1 \u0396\u03c9\u03b3\u03c1\u03ac\u03c6\u03bf\u03c2 | \u0395\u03b9\u03ba\u03b1\u03c3\u03c4\u03b9\u03ba\u03cc\u03c2 \u039a\u03cd\u03ba\u03bb\u03bf\u03c2<\/title>\n<meta name=\"description\" content=\"\u039c\u03b7\u03c4\u03c3\u03ad\u03b1-\u039c\u03b1\u03bb\u03ac\u03bc\u03bf\u03c5 \u0399\u03c9\u03ac\u03bd\u03bd\u03b1 \u0396\u03c9\u03b3\u03c1\u03ac\u03c6\u03bf\u03c2 \u03c3\u03c4\u03bf\u03bd \u0395\u03b9\u03ba\u03b1\u03c3\u03c4\u03b9\u03ba\u03cc \u039a\u03cd\u03ba\u03bb\u03bf Sianti\" \/>\n<meta name=\"robots\" content=\"index, follow, max-snippet:-1, max-image-preview:large, max-video-preview:-1\" \/>\n<link rel=\"canonical\" href=\"https:\/\/ikastikos-kiklos.com\/\u03b6\u03c9\u03b3\u03c1\u03ac\u03c6\u03bf\u03b9\/\u03bc\u03b7\u03c4\u03c3\u03ad\u03b1-\u03bc\u03b1\u03bb\u03ac\u03bc\u03bf\u03c5-\u03b9\u03c9\u03ac\u03bd\u03bd\u03b1\/\" \/>\n<meta property=\"og:locale\" content=\"en_US\" \/>\n<meta property=\"og:type\" content=\"article\" \/>\n<meta property=\"og:title\" content=\"\u039c\u03b7\u03c4\u03c3\u03ad\u03b1-\u039c\u03b1\u03bb\u03ac\u03bc\u03bf\u03c5 \u0399\u03c9\u03ac\u03bd\u03bd\u03b1 \u0396\u03c9\u03b3\u03c1\u03ac\u03c6\u03bf\u03c2 | \u0395\u03b9\u03ba\u03b1\u03c3\u03c4\u03b9\u03ba\u03cc\u03c2 \u039a\u03cd\u03ba\u03bb\u03bf\u03c2\" \/>\n<meta property=\"og:description\" content=\"\u039c\u03b7\u03c4\u03c3\u03ad\u03b1-\u039c\u03b1\u03bb\u03ac\u03bc\u03bf\u03c5 \u0399\u03c9\u03ac\u03bd\u03bd\u03b1 \u0396\u03c9\u03b3\u03c1\u03ac\u03c6\u03bf\u03c2 \u03c3\u03c4\u03bf\u03bd \u0395\u03b9\u03ba\u03b1\u03c3\u03c4\u03b9\u03ba\u03cc \u039a\u03cd\u03ba\u03bb\u03bf Sianti\" \/>\n<meta property=\"og:url\" content=\"https:\/\/ikastikos-kiklos.com\/\u03b6\u03c9\u03b3\u03c1\u03ac\u03c6\u03bf\u03b9\/\u03bc\u03b7\u03c4\u03c3\u03ad\u03b1-\u03bc\u03b1\u03bb\u03ac\u03bc\u03bf\u03c5-\u03b9\u03c9\u03ac\u03bd\u03bd\u03b1\/\" \/>\n<meta property=\"og:site_name\" content=\"Ikastikos Kiklos - Zografik\u00ed - Metaxotyp\u00edes - T\u00e9chniPainting - Silk Screen - Art\" \/>\n<meta property=\"article:publisher\" content=\"https:\/\/www.facebook.com\/ikastikoskiklossianti\/\" \/>\n<meta property=\"article:modified_time\" content=\"2023-02-24T16:41:20+00:00\" \/>\n<meta name=\"twitter:card\" content=\"summary_large_image\" \/>\n<meta name=\"twitter:label1\" content=\"Est. reading time\" \/>\n\t<meta name=\"twitter:data1\" content=\"1 minute\" \/>\n<script type=\"application\/ld+json\" class=\"yoast-schema-graph\">{\"@context\":\"https:\/\/schema.org\",\"@graph\":[{\"@type\":\"WebPage\",\"@id\":\"https:\/\/ikastikos-kiklos.com\/%ce%b6%cf%89%ce%b3%cf%81%ce%ac%cf%86%ce%bf%ce%b9\/%ce%bc%ce%b7%cf%84%cf%83%ce%ad%ce%b1-%ce%bc%ce%b1%ce%bb%ce%ac%ce%bc%ce%bf%cf%85-%ce%b9%cf%89%ce%ac%ce%bd%ce%bd%ce%b1\/\",\"url\":\"https:\/\/ikastikos-kiklos.com\/%ce%b6%cf%89%ce%b3%cf%81%ce%ac%cf%86%ce%bf%ce%b9\/%ce%bc%ce%b7%cf%84%cf%83%ce%ad%ce%b1-%ce%bc%ce%b1%ce%bb%ce%ac%ce%bc%ce%bf%cf%85-%ce%b9%cf%89%ce%ac%ce%bd%ce%bd%ce%b1\/\",\"name\":\"\u039c\u03b7\u03c4\u03c3\u03ad\u03b1-\u039c\u03b1\u03bb\u03ac\u03bc\u03bf\u03c5 \u0399\u03c9\u03ac\u03bd\u03bd\u03b1 \u0396\u03c9\u03b3\u03c1\u03ac\u03c6\u03bf\u03c2 | \u0395\u03b9\u03ba\u03b1\u03c3\u03c4\u03b9\u03ba\u03cc\u03c2 \u039a\u03cd\u03ba\u03bb\u03bf\u03c2\",\"isPartOf\":{\"@id\":\"https:\/\/ikastikos-kiklos.com\/en\/#website\"},\"datePublished\":\"2023-02-24T16:40:39+00:00\",\"dateModified\":\"2023-02-24T16:41:20+00:00\",\"description\":\"\u039c\u03b7\u03c4\u03c3\u03ad\u03b1-\u039c\u03b1\u03bb\u03ac\u03bc\u03bf\u03c5 \u0399\u03c9\u03ac\u03bd\u03bd\u03b1 \u0396\u03c9\u03b3\u03c1\u03ac\u03c6\u03bf\u03c2 \u03c3\u03c4\u03bf\u03bd \u0395\u03b9\u03ba\u03b1\u03c3\u03c4\u03b9\u03ba\u03cc \u039a\u03cd\u03ba\u03bb\u03bf Sianti\",\"breadcrumb\":{\"@id\":\"https:\/\/ikastikos-kiklos.com\/%ce%b6%cf%89%ce%b3%cf%81%ce%ac%cf%86%ce%bf%ce%b9\/%ce%bc%ce%b7%cf%84%cf%83%ce%ad%ce%b1-%ce%bc%ce%b1%ce%bb%ce%ac%ce%bc%ce%bf%cf%85-%ce%b9%cf%89%ce%ac%ce%bd%ce%bd%ce%b1\/#breadcrumb\"},\"inLanguage\":\"en-US\",\"potentialAction\":[{\"@type\":\"ReadAction\",\"target\":[\"https:\/\/ikastikos-kiklos.com\/%ce%b6%cf%89%ce%b3%cf%81%ce%ac%cf%86%ce%bf%ce%b9\/%ce%bc%ce%b7%cf%84%cf%83%ce%ad%ce%b1-%ce%bc%ce%b1%ce%bb%ce%ac%ce%bc%ce%bf%cf%85-%ce%b9%cf%89%ce%ac%ce%bd%ce%bd%ce%b1\/\"]}]},{\"@type\":\"BreadcrumbList\",\"@id\":\"https:\/\/ikastikos-kiklos.com\/%ce%b6%cf%89%ce%b3%cf%81%ce%ac%cf%86%ce%bf%ce%b9\/%ce%bc%ce%b7%cf%84%cf%83%ce%ad%ce%b1-%ce%bc%ce%b1%ce%bb%ce%ac%ce%bc%ce%bf%cf%85-%ce%b9%cf%89%ce%ac%ce%bd%ce%bd%ce%b1\/#breadcrumb\",\"itemListElement\":[{\"@type\":\"ListItem\",\"position\":1,\"name\":\"Home\",\"item\":\"https:\/\/ikastikos-kiklos.com\/en\/\"},{\"@type\":\"ListItem\",\"position\":2,\"name\":\"\u0396\u03c9\u03b3\u03c1\u03ac\u03c6\u03bf\u03b9\",\"item\":\"https:\/\/ikastikos-kiklos.com\/%ce%b6%cf%89%ce%b3%cf%81%ce%ac%cf%86%ce%bf%ce%b9\/\"},{\"@type\":\"ListItem\",\"position\":3,\"name\":\"\u039c\u03b7\u03c4\u03c3\u03ad\u03b1-\u039c\u03b1\u03bb\u03ac\u03bc\u03bf\u03c5 \u0399\u03c9\u03ac\u03bd\u03bd\u03b1\"}]},{\"@type\":\"WebSite\",\"@id\":\"https:\/\/ikastikos-kiklos.com\/en\/#website\",\"url\":\"https:\/\/ikastikos-kiklos.com\/en\/\",\"name\":\"Ikastikos Kiklos - Zografik\u00ed - Metaxotyp\u00edes - T\u00e9chniPainting - Silk Screen - Art\",\"description\":\"\",\"publisher\":{\"@id\":\"https:\/\/ikastikos-kiklos.com\/en\/#organization\"},\"potentialAction\":[{\"@type\":\"SearchAction\",\"target\":{\"@type\":\"EntryPoint\",\"urlTemplate\":\"https:\/\/ikastikos-kiklos.com\/en\/?s={search_term_string}\"},\"query-input\":{\"@type\":\"PropertyValueSpecification\",\"valueRequired\":true,\"valueName\":\"search_term_string\"}}],\"inLanguage\":\"en-US\"},{\"@type\":\"Organization\",\"@id\":\"https:\/\/ikastikos-kiklos.com\/en\/#organization\",\"name\":\"Ikastikos Kiklos - Zografik\u00ed - Metaxotyp\u00edes - T\u00e9chniPainting - Silk Screen - Art\",\"url\":\"https:\/\/ikastikos-kiklos.com\/en\/\",\"logo\":{\"@type\":\"ImageObject\",\"inLanguage\":\"en-US\",\"@id\":\"https:\/\/ikastikos-kiklos.com\/en\/#\/schema\/logo\/image\/\",\"url\":\"https:\/\/ikastikos-kiklos.com\/wp-content\/uploads\/2022\/10\/cropped-favicon_ikastikos.png\",\"contentUrl\":\"https:\/\/ikastikos-kiklos.com\/wp-content\/uploads\/2022\/10\/cropped-favicon_ikastikos.png\",\"width\":512,\"height\":512,\"caption\":\"Ikastikos Kiklos - Zografik\u00ed - Metaxotyp\u00edes - T\u00e9chniPainting - Silk Screen - Art\"},\"image\":{\"@id\":\"https:\/\/ikastikos-kiklos.com\/en\/#\/schema\/logo\/image\/\"},\"sameAs\":[\"https:\/\/www.facebook.com\/ikastikoskiklossianti\/\"]}]}<\/script>\n<!-- \/ Yoast SEO plugin. -->","yoast_head_json":{"title":"\u039c\u03b7\u03c4\u03c3\u03ad\u03b1-\u039c\u03b1\u03bb\u03ac\u03bc\u03bf\u03c5 \u0399\u03c9\u03ac\u03bd\u03bd\u03b1 \u0396\u03c9\u03b3\u03c1\u03ac\u03c6\u03bf\u03c2 | \u0395\u03b9\u03ba\u03b1\u03c3\u03c4\u03b9\u03ba\u03cc\u03c2 \u039a\u03cd\u03ba\u03bb\u03bf\u03c2","description":"\u039c\u03b7\u03c4\u03c3\u03ad\u03b1-\u039c\u03b1\u03bb\u03ac\u03bc\u03bf\u03c5 \u0399\u03c9\u03ac\u03bd\u03bd\u03b1 \u0396\u03c9\u03b3\u03c1\u03ac\u03c6\u03bf\u03c2 \u03c3\u03c4\u03bf\u03bd \u0395\u03b9\u03ba\u03b1\u03c3\u03c4\u03b9\u03ba\u03cc \u039a\u03cd\u03ba\u03bb\u03bf Sianti","robots":{"index":"index","follow":"follow","max-snippet":"max-snippet:-1","max-image-preview":"max-image-preview:large","max-video-preview":"max-video-preview:-1"},"canonical":"https:\/\/ikastikos-kiklos.com\/\u03b6\u03c9\u03b3\u03c1\u03ac\u03c6\u03bf\u03b9\/\u03bc\u03b7\u03c4\u03c3\u03ad\u03b1-\u03bc\u03b1\u03bb\u03ac\u03bc\u03bf\u03c5-\u03b9\u03c9\u03ac\u03bd\u03bd\u03b1\/","og_locale":"en_US","og_type":"article","og_title":"\u039c\u03b7\u03c4\u03c3\u03ad\u03b1-\u039c\u03b1\u03bb\u03ac\u03bc\u03bf\u03c5 \u0399\u03c9\u03ac\u03bd\u03bd\u03b1 \u0396\u03c9\u03b3\u03c1\u03ac\u03c6\u03bf\u03c2 | \u0395\u03b9\u03ba\u03b1\u03c3\u03c4\u03b9\u03ba\u03cc\u03c2 \u039a\u03cd\u03ba\u03bb\u03bf\u03c2","og_description":"\u039c\u03b7\u03c4\u03c3\u03ad\u03b1-\u039c\u03b1\u03bb\u03ac\u03bc\u03bf\u03c5 \u0399\u03c9\u03ac\u03bd\u03bd\u03b1 \u0396\u03c9\u03b3\u03c1\u03ac\u03c6\u03bf\u03c2 \u03c3\u03c4\u03bf\u03bd \u0395\u03b9\u03ba\u03b1\u03c3\u03c4\u03b9\u03ba\u03cc \u039a\u03cd\u03ba\u03bb\u03bf Sianti","og_url":"https:\/\/ikastikos-kiklos.com\/\u03b6\u03c9\u03b3\u03c1\u03ac\u03c6\u03bf\u03b9\/\u03bc\u03b7\u03c4\u03c3\u03ad\u03b1-\u03bc\u03b1\u03bb\u03ac\u03bc\u03bf\u03c5-\u03b9\u03c9\u03ac\u03bd\u03bd\u03b1\/","og_site_name":"Ikastikos Kiklos - Zografik\u00ed - Metaxotyp\u00edes - T\u00e9chniPainting - Silk Screen - Art","article_publisher":"https:\/\/www.facebook.com\/ikastikoskiklossianti\/","article_modified_time":"2023-02-24T16:41:20+00:00","twitter_card":"summary_large_image","twitter_misc":{"Est. reading time":"1 minute"},"schema":{"@context":"https:\/\/schema.org","@graph":[{"@type":"WebPage","@id":"https:\/\/ikastikos-kiklos.com\/%ce%b6%cf%89%ce%b3%cf%81%ce%ac%cf%86%ce%bf%ce%b9\/%ce%bc%ce%b7%cf%84%cf%83%ce%ad%ce%b1-%ce%bc%ce%b1%ce%bb%ce%ac%ce%bc%ce%bf%cf%85-%ce%b9%cf%89%ce%ac%ce%bd%ce%bd%ce%b1\/","url":"https:\/\/ikastikos-kiklos.com\/%ce%b6%cf%89%ce%b3%cf%81%ce%ac%cf%86%ce%bf%ce%b9\/%ce%bc%ce%b7%cf%84%cf%83%ce%ad%ce%b1-%ce%bc%ce%b1%ce%bb%ce%ac%ce%bc%ce%bf%cf%85-%ce%b9%cf%89%ce%ac%ce%bd%ce%bd%ce%b1\/","name":"\u039c\u03b7\u03c4\u03c3\u03ad\u03b1-\u039c\u03b1\u03bb\u03ac\u03bc\u03bf\u03c5 \u0399\u03c9\u03ac\u03bd\u03bd\u03b1 \u0396\u03c9\u03b3\u03c1\u03ac\u03c6\u03bf\u03c2 | \u0395\u03b9\u03ba\u03b1\u03c3\u03c4\u03b9\u03ba\u03cc\u03c2 \u039a\u03cd\u03ba\u03bb\u03bf\u03c2","isPartOf":{"@id":"https:\/\/ikastikos-kiklos.com\/en\/#website"},"datePublished":"2023-02-24T16:40:39+00:00","dateModified":"2023-02-24T16:41:20+00:00","description":"\u039c\u03b7\u03c4\u03c3\u03ad\u03b1-\u039c\u03b1\u03bb\u03ac\u03bc\u03bf\u03c5 \u0399\u03c9\u03ac\u03bd\u03bd\u03b1 \u0396\u03c9\u03b3\u03c1\u03ac\u03c6\u03bf\u03c2 \u03c3\u03c4\u03bf\u03bd \u0395\u03b9\u03ba\u03b1\u03c3\u03c4\u03b9\u03ba\u03cc \u039a\u03cd\u03ba\u03bb\u03bf Sianti","breadcrumb":{"@id":"https:\/\/ikastikos-kiklos.com\/%ce%b6%cf%89%ce%b3%cf%81%ce%ac%cf%86%ce%bf%ce%b9\/%ce%bc%ce%b7%cf%84%cf%83%ce%ad%ce%b1-%ce%bc%ce%b1%ce%bb%ce%ac%ce%bc%ce%bf%cf%85-%ce%b9%cf%89%ce%ac%ce%bd%ce%bd%ce%b1\/#breadcrumb"},"inLanguage":"en-US","potentialAction":[{"@type":"ReadAction","target":["https:\/\/ikastikos-kiklos.com\/%ce%b6%cf%89%ce%b3%cf%81%ce%ac%cf%86%ce%bf%ce%b9\/%ce%bc%ce%b7%cf%84%cf%83%ce%ad%ce%b1-%ce%bc%ce%b1%ce%bb%ce%ac%ce%bc%ce%bf%cf%85-%ce%b9%cf%89%ce%ac%ce%bd%ce%bd%ce%b1\/"]}]},{"@type":"BreadcrumbList","@id":"https:\/\/ikastikos-kiklos.com\/%ce%b6%cf%89%ce%b3%cf%81%ce%ac%cf%86%ce%bf%ce%b9\/%ce%bc%ce%b7%cf%84%cf%83%ce%ad%ce%b1-%ce%bc%ce%b1%ce%bb%ce%ac%ce%bc%ce%bf%cf%85-%ce%b9%cf%89%ce%ac%ce%bd%ce%bd%ce%b1\/#breadcrumb","itemListElement":[{"@type":"ListItem","position":1,"name":"Home","item":"https:\/\/ikastikos-kiklos.com\/en\/"},{"@type":"ListItem","position":2,"name":"\u0396\u03c9\u03b3\u03c1\u03ac\u03c6\u03bf\u03b9","item":"https:\/\/ikastikos-kiklos.com\/%ce%b6%cf%89%ce%b3%cf%81%ce%ac%cf%86%ce%bf%ce%b9\/"},{"@type":"ListItem","position":3,"name":"\u039c\u03b7\u03c4\u03c3\u03ad\u03b1-\u039c\u03b1\u03bb\u03ac\u03bc\u03bf\u03c5 \u0399\u03c9\u03ac\u03bd\u03bd\u03b1"}]},{"@type":"WebSite","@id":"https:\/\/ikastikos-kiklos.com\/en\/#website","url":"https:\/\/ikastikos-kiklos.com\/en\/","name":"Ikastikos Kiklos - Zografik\u00ed - Metaxotyp\u00edes - T\u00e9chniPainting - Silk Screen - Art","description":"","publisher":{"@id":"https:\/\/ikastikos-kiklos.com\/en\/#organization"},"potentialAction":[{"@type":"SearchAction","target":{"@type":"EntryPoint","urlTemplate":"https:\/\/ikastikos-kiklos.com\/en\/?s={search_term_string}"},"query-input":{"@type":"PropertyValueSpecification","valueRequired":true,"valueName":"search_term_string"}}],"inLanguage":"en-US"},{"@type":"Organization","@id":"https:\/\/ikastikos-kiklos.com\/en\/#organization","name":"Ikastikos Kiklos - Zografik\u00ed - Metaxotyp\u00edes - T\u00e9chniPainting - Silk Screen - Art","url":"https:\/\/ikastikos-kiklos.com\/en\/","logo":{"@type":"ImageObject","inLanguage":"en-US","@id":"https:\/\/ikastikos-kiklos.com\/en\/#\/schema\/logo\/image\/","url":"https:\/\/ikastikos-kiklos.com\/wp-content\/uploads\/2022\/10\/cropped-favicon_ikastikos.png","contentUrl":"https:\/\/ikastikos-kiklos.com\/wp-content\/uploads\/2022\/10\/cropped-favicon_ikastikos.png","width":512,"height":512,"caption":"Ikastikos Kiklos - Zografik\u00ed - Metaxotyp\u00edes - T\u00e9chniPainting - Silk Screen - Art"},"image":{"@id":"https:\/\/ikastikos-kiklos.com\/en\/#\/schema\/logo\/image\/"},"sameAs":["https:\/\/www.facebook.com\/ikastikoskiklossianti\/"]}]}},"_links":{"self":[{"href":"https:\/\/ikastikos-kiklos.com\/en\/wp-json\/wp\/v2\/pages\/43040","targetHints":{"allow":["GET"]}}],"collection":[{"href":"https:\/\/ikastikos-kiklos.com\/en\/wp-json\/wp\/v2\/pages"}],"about":[{"href":"https:\/\/ikastikos-kiklos.com\/en\/wp-json\/wp\/v2\/types\/page"}],"author":[{"embeddable":true,"href":"https:\/\/ikastikos-kiklos.com\/en\/wp-json\/wp\/v2\/users\/2"}],"replies":[{"embeddable":true,"href":"https:\/\/ikastikos-kiklos.com\/en\/wp-json\/wp\/v2\/comments?post=43040"}],"version-history":[{"count":2,"href":"https:\/\/ikastikos-kiklos.com\/en\/wp-json\/wp\/v2\/pages\/43040\/revisions"}],"predecessor-version":[{"id":43042,"href":"https:\/\/ikastikos-kiklos.com\/en\/wp-json\/wp\/v2\/pages\/43040\/revisions\/43042"}],"up":[{"embeddable":true,"href":"https:\/\/ikastikos-kiklos.com\/en\/wp-json\/wp\/v2\/pages\/915"}],"wp:attachment":[{"href":"https:\/\/ikastikos-kiklos.com\/en\/wp-json\/wp\/v2\/media?parent=43040"}],"curies":[{"name":"wp","href":"https:\/\/api.w.org\/{rel}","templated":true}]}}