{"id":42511,"date":"2023-01-21T11:23:59","date_gmt":"2023-01-21T09:23:59","guid":{"rendered":"https:\/\/ikastikos-kiklos.com\/solo-exhibition-minima-moralia-theodoros-papagiannis\/"},"modified":"2023-01-21T11:26:33","modified_gmt":"2023-01-21T09:26:33","slug":"solo-exhibition-minima-moralia-theodoros-papagiannis","status":"publish","type":"page","link":"https:\/\/ikastikos-kiklos.com\/en\/solo-exhibition-minima-moralia-theodoros-papagiannis\/","title":{"rendered":"Solo Exhibition &#8220;Minima Moralia&#8221; Theodoros Papagiannis"},"content":{"rendered":"<div class=\"wpb-content-wrapper\"><p>[vc_row][vc_column width=&#8221;2\/3&#8243;]<div class=\"nm-banner-slider slider-type-boxed slick-slider slick-controls-gray slick-dots-disabled\" >\n\t\t\t<div class=\"nm-banner content-full image-type-fluid text-color-dark\" style=\"\"><img decoding=\"async\" src=\"https:\/\/ikastikos-kiklos.com\/wp-content\/uploads\/2023\/01\/PAPAGIANNIS-a-scaled.jpg\" alt=\"PAPAGIANNIS a\" \/>\n\t\t\t<\/div><\/div>[vc_empty_space height=&#8221;20px&#8221;][vc_custom_heading text=&#8221;Solo Exhibition &#8220;Minima Moralia&#8220; Theodoros Papagiannis&#8221; google_fonts=&#8221;font_family:Ubuntu%3A300%2C300italic%2Cregular%2Citalic%2C500%2C500italic%2C700%2C700italic|font_style:400%20regular%3A400%3Anormal&#8221;][vc_empty_space height=&#8221;20px&#8221;][vc_column_text]<span data-contrast=\"auto\">From <strong>January 27 until February 28<\/strong>, <strong>sculptor Theodoros Papagianis<\/strong>, an <strong>Emeritus Professor of the Athens School of Fine Arts<\/strong>, will be exhibiting at the Ikastikos Kiklos Sianti some of his works created during the last five years. Curator of the exhibition is Manos Stefanidis, an Emeritus Professor of the National and Kapodistrian University of Athens. The artist will be presenting works based on the ceramic art. More precisely, as the curator of the exhibition remarks: <\/span><span data-ccp-props=\"{&quot;201341983&quot;:0,&quot;335559739&quot;:200,&quot;335559740&quot;:360}\">&nbsp;<\/span><\/p>\n<p><em><img loading=\"lazy\" decoding=\"async\" class=\"aligncenter size-large wp-image-42390\" src=\"https:\/\/ikastikos-kiklos.com\/wp-content\/uploads\/2023\/01\/\u03c9\u03b3\u03b7-1024x766.jpg\" alt=\"\" width=\"1024\" height=\"766\" srcset=\"https:\/\/ikastikos-kiklos.com\/wp-content\/uploads\/2023\/01\/\u03c9\u03b3\u03b7-1024x766.jpg 1024w, https:\/\/ikastikos-kiklos.com\/wp-content\/uploads\/2023\/01\/\u03c9\u03b3\u03b7-300x224.jpg 300w, https:\/\/ikastikos-kiklos.com\/wp-content\/uploads\/2023\/01\/\u03c9\u03b3\u03b7-768x575.jpg 768w, https:\/\/ikastikos-kiklos.com\/wp-content\/uploads\/2023\/01\/\u03c9\u03b3\u03b7-1536x1149.jpg 1536w, https:\/\/ikastikos-kiklos.com\/wp-content\/uploads\/2023\/01\/\u03c9\u03b3\u03b7-2048x1532.jpg 2048w, https:\/\/ikastikos-kiklos.com\/wp-content\/uploads\/2023\/01\/\u03c9\u03b3\u03b7-680x509.jpg 680w, https:\/\/ikastikos-kiklos.com\/wp-content\/uploads\/2023\/01\/\u03c9\u03b3\u03b7-700x524.jpg 700w, https:\/\/ikastikos-kiklos.com\/wp-content\/uploads\/2023\/01\/\u03c9\u03b3\u03b7-220x165.jpg 220w, https:\/\/ikastikos-kiklos.com\/wp-content\/uploads\/2023\/01\/\u03c9\u03b3\u03b7-140x105.jpg 140w, https:\/\/ikastikos-kiklos.com\/wp-content\/uploads\/2023\/01\/\u03c9\u03b3\u03b7-940x703.jpg 940w, https:\/\/ikastikos-kiklos.com\/wp-content\/uploads\/2023\/01\/\u03c9\u03b3\u03b7-350x262.jpg 350w, https:\/\/ikastikos-kiklos.com\/wp-content\/uploads\/2023\/01\/\u03c9\u03b3\u03b7-595x445.jpg 595w\" sizes=\"auto, (max-width: 1024px) 100vw, 1024px\" \/><\/em><\/p>\n<p><em>\u201dDuring the last few years, besides his monumental sculptures and his gigantic xoana, Theodoros Papagianis has been <strong>working with great dedication and passion on a series of small sculptures made out of terracotta<\/strong>. The overall impression is that of a game between adults who have forsaken their youth or that of crystallized images springing out of the deepest corners of the unconscious, the purest form of collective memory. The holiest form of na\u00efvet\u00e9. In this case, Papagianis\u2019 <strong>conscious primitivism becomes the stuff of miracles as he molds earth, color and light into supplicants, mothers of Kouroi, idols in the shape of \u03a6 or \u03a8, ancient, yet surviving circular dances, fierce heroes of an ongoing struggle which begun in 1921<\/strong>, human types or pastoral scenes derived from his childhood memories of the village Elliniko near Ioannina, funerals, marriages, joys, as well as the bitterness of parting.<\/em><\/p>\n<p><em>Insisting on this minimalistic form, Papagianis managed to compose a kind of sculptural performance, a form of ceramic \u2018puppet show\u2019. By grouping together hundreds of sculptures, he creates progressions, exits, litanies, parades, presented in a very imaginative and deeply evocative way. Reaching a point where the small becomes great. \u2018<strong>Performances\u2019 presented with great success in a number of important museums, an artistic intervention honoring the 200 years of our National Liberation, as well as the constant drama of our national history.<\/strong> Because the drama of nature or time is a projection of the drama of existence. When the senses take the form of aesthetics and nature takes the form of metaphysics. <\/em><\/p>\n<p><em>A similar kind of \u2018performance\u2019 is presented through small sculptures, warriors and idols at Sianti Gallery, along with other versions of his multidimensional work. <strong>I would call this particular minimalistic version a kind of \u2018minima moralia\u2019 in connection with Adorno\u2019s famous, confessionary essay on the essence which is hidden in everyday little things, as opposed to grand theories and gestures.<\/strong> An essay on the constant, symbolic and natural loneliness of all intellectuals, written between 1944 and 1947 and dedicated to his companion, Max Horkheimer, under the title \u2018Reflections on a damaged life\u2019. <strong>And I choose to connect Papagianis with this particular text, because he also is a defender of this special kind of ethos which is hidden in simple gestures, in the art of simplicity and instinct and the search for authenticity in a world all the more alienated.<\/strong>\u201d<\/em><\/p>\n<p><strong><img loading=\"lazy\" decoding=\"async\" class=\"aligncenter size-full wp-image-42400\" src=\"https:\/\/ikastikos-kiklos.com\/wp-content\/uploads\/2023\/01\/feature-papagiannis.jpg\" alt=\"\" width=\"768\" height=\"573\" srcset=\"https:\/\/ikastikos-kiklos.com\/wp-content\/uploads\/2023\/01\/feature-papagiannis.jpg 768w, https:\/\/ikastikos-kiklos.com\/wp-content\/uploads\/2023\/01\/feature-papagiannis-300x224.jpg 300w, https:\/\/ikastikos-kiklos.com\/wp-content\/uploads\/2023\/01\/feature-papagiannis-680x507.jpg 680w, https:\/\/ikastikos-kiklos.com\/wp-content\/uploads\/2023\/01\/feature-papagiannis-700x522.jpg 700w, https:\/\/ikastikos-kiklos.com\/wp-content\/uploads\/2023\/01\/feature-papagiannis-220x164.jpg 220w, https:\/\/ikastikos-kiklos.com\/wp-content\/uploads\/2023\/01\/feature-papagiannis-140x104.jpg 140w, https:\/\/ikastikos-kiklos.com\/wp-content\/uploads\/2023\/01\/feature-papagiannis-350x261.jpg 350w, https:\/\/ikastikos-kiklos.com\/wp-content\/uploads\/2023\/01\/feature-papagiannis-595x444.jpg 595w\" sizes=\"auto, (max-width: 768px) 100vw, 768px\" \/>Sianti Gallery and Nikas Publications will also be presenting a special album under the tile \u201cTheodoros Papagianis, People staring History in the eye\u201d, created especially for this particular exhibition.<br \/>\n<\/strong>[\/vc_column_text][\/vc_column][vc_column width=&#8221;1\/3&#8243;]<div class=\"nm-banner-slider slider-type-boxed slick-slider slick-controls-gray slick-dots-disabled\" data-arrows=\"true\" >\n\t\t\t<div class=\"nm-banner content-full image-type-fluid text-color-dark\" style=\"\"><img decoding=\"async\" src=\"https:\/\/ikastikos-kiklos.com\/wp-content\/uploads\/2023\/01\/4-scaled.jpg\" alt=\"4\" \/>\n\t\t\t<\/div>\n\t\t\t<div class=\"nm-banner content-full image-type-fluid text-color-dark\" style=\"\"><img decoding=\"async\" src=\"https:\/\/ikastikos-kiklos.com\/wp-content\/uploads\/2023\/01\/\u03c9\u03b3\u03b7-scaled.jpg\" alt=\"\u03c9\u03b3\u03b7\" \/>\n\t\t\t<\/div>\n\t\t\t<div class=\"nm-banner content-full image-type-fluid text-color-dark\" style=\"\"><img decoding=\"async\" src=\"https:\/\/ikastikos-kiklos.com\/wp-content\/uploads\/2023\/01\/\u03c6\u03b3\u03b7\u03c6-scaled.jpg\" alt=\"\u03c6\u03b3\u03b7\u03c6\" \/>\n\t\t\t<\/div>\n\t\t\t<div class=\"nm-banner content-full image-type-fluid text-color-dark\" style=\"\"><img decoding=\"async\" src=\"https:\/\/ikastikos-kiklos.com\/wp-content\/uploads\/2023\/01\/6-scaled.jpg\" alt=\"6\" \/>\n\t\t\t<\/div>\n\t\t\t<div class=\"nm-banner content-full image-type-fluid text-color-dark\" style=\"\"><img decoding=\"async\" src=\"https:\/\/ikastikos-kiklos.com\/wp-content\/uploads\/2023\/01\/5-scaled.jpg\" alt=\"5\" \/>\n\t\t\t<\/div><\/div>[vc_empty_space height=&#8221;20px&#8221;][vc_column_text]<b><span data-contrast=\"auto\">Opening<br \/>\nFriday 27 January 2023, at 19.30 \u00abSianti <\/span><\/b><b><span data-contrast=\"auto\">Gallery<\/span><\/b><b><span data-contrast=\"auto\">\u00bb<\/span><\/b><span data-ccp-props=\"{&quot;201341983&quot;:0,&quot;335559739&quot;:200,&quot;335559740&quot;:276}\"><br \/>\n<\/span><span data-contrast=\"auto\">(Vas. Alexandrou 2, behind the National Gallery)<\/span><span data-ccp-props=\"{&quot;201341983&quot;:0,&quot;335559739&quot;:200,&quot;335559740&quot;:276}\">&nbsp;<\/span><\/p>\n<p>Duration<br \/>\n<b><span data-contrast=\"auto\">Friday 27 January \u2013 Tuesday 28 February 2023<\/span><\/b><span data-ccp-props=\"{&quot;201341983&quot;:0,&quot;335559739&quot;:200,&quot;335559740&quot;:276}\">&nbsp;<\/span><\/p>\n<p>Curaton<br \/>\n<b>Manos Stefanidis<\/b>[\/vc_column_text][vc_empty_space height=&#8221;20px&#8221;][vc_column_text]<\/p>\n<h3><b>See the video <\/b><span class=\"yt-core-attributed-string\" role=\"text\">\u00abMuseum of Modern Art &#8211; <\/span><span class=\"yt-core-attributed-string\" role=\"text\">Theodoros Papagiannis<\/span><span class=\"yt-core-attributed-string\" role=\"text\">\u00bb<\/span><\/h3>\n<p>[\/vc_column_text][vc_empty_space height=&#8221;20px&#8221;][vc_video link=&#8221;https:\/\/www.youtube.com\/watch?v=YnsJc_PIVXE&amp;t=2s&amp;ab_channel=SiantiGallery-%CE%95%CE%B9%CE%BA%CE%B1%CF%83%CF%84%CE%B9%CE%BA%CF%8C%CF%82%CE%9A%CF%8D%CE%BA%CE%BB%CE%BF%CF%82&#8243;][\/vc_column][\/vc_row]<\/p>\n<\/div>","protected":false},"excerpt":{"rendered":"<p>[vc_row][vc_column width=&#8221;2\/3&#8243;][vc_empty_space height=&#8221;20px&#8221;][vc_custom_heading text=&#8221;Solo Exhibition &#8220;Minima Moralia&#8220; Theodoros Papagiannis&#8221; google_fonts=&#8221;font_family:Ubuntu%3A300%2C300italic%2Cregular%2Citalic%2C500%2C500italic%2C700%2C700italic|font_style:400%20regular%3A400%3Anormal&#8221;][vc_empty_space height=&#8221;20px&#8221;][vc_column_text]From January 27 until February &hellip;<\/p>\n","protected":false},"author":3,"featured_media":42401,"parent":0,"menu_order":0,"comment_status":"closed","ping_status":"closed","template":"","meta":{"ngg_post_thumbnail":0,"footnotes":""},"class_list":["post-42511","page","type-page","status-publish","has-post-thumbnail","hentry"],"yoast_head":"<!-- This site is optimized with the Yoast SEO plugin v27.2 - https:\/\/yoast.com\/product\/yoast-seo-wordpress\/ -->\n<title>Solo Exhibition &quot;Minima Moralia&quot; Theodoros Papagiannis<\/title>\n<meta name=\"description\" content=\"Solo Exhibition &quot;Minima Moralia&quot; Theodoros Papagiannis from 27th of January to 25 of February 2023 at Ikastikos Kiklos Sianti\" \/>\n<meta name=\"robots\" content=\"index, follow, max-snippet:-1, max-image-preview:large, max-video-preview:-1\" \/>\n<link rel=\"canonical\" href=\"https:\/\/ikastikos-kiklos.com\/en\/solo-exhibition-minima-moralia-theodoros-papagiannis\/\" \/>\n<meta property=\"og:locale\" content=\"en_US\" \/>\n<meta property=\"og:type\" content=\"article\" \/>\n<meta property=\"og:title\" content=\"Solo Exhibition &quot;Minima Moralia&quot; Theodoros Papagiannis\" \/>\n<meta property=\"og:description\" content=\"Solo Exhibition &quot;Minima Moralia&quot; Theodoros Papagiannis from 27th of January to 25 of February 2023 at Ikastikos Kiklos Sianti\" \/>\n<meta property=\"og:url\" content=\"https:\/\/ikastikos-kiklos.com\/en\/solo-exhibition-minima-moralia-theodoros-papagiannis\/\" \/>\n<meta property=\"og:site_name\" content=\"Ikastikos Kiklos - Zografik\u00ed - Metaxotyp\u00edes - T\u00e9chniPainting - Silk Screen - Art\" \/>\n<meta property=\"article:publisher\" content=\"https:\/\/www.facebook.com\/ikastikoskiklossianti\/\" \/>\n<meta property=\"article:modified_time\" content=\"2023-01-21T09:26:33+00:00\" \/>\n<meta property=\"og:image\" content=\"https:\/\/ikastikos-kiklos.com\/wp-content\/uploads\/2023\/01\/feature-papagiannis.jpg\" \/>\n\t<meta property=\"og:image:width\" content=\"768\" \/>\n\t<meta property=\"og:image:height\" content=\"573\" \/>\n\t<meta property=\"og:image:type\" content=\"image\/jpeg\" \/>\n<meta name=\"twitter:card\" content=\"summary_large_image\" \/>\n<meta name=\"twitter:label1\" content=\"Est. reading time\" \/>\n\t<meta name=\"twitter:data1\" content=\"4 minutes\" \/>\n<script type=\"application\/ld+json\" class=\"yoast-schema-graph\">{\"@context\":\"https:\/\/schema.org\",\"@graph\":[{\"@type\":\"WebPage\",\"@id\":\"https:\/\/ikastikos-kiklos.com\/en\/solo-exhibition-minima-moralia-theodoros-papagiannis\/\",\"url\":\"https:\/\/ikastikos-kiklos.com\/en\/solo-exhibition-minima-moralia-theodoros-papagiannis\/\",\"name\":\"Solo Exhibition \\\"Minima Moralia\\\" Theodoros Papagiannis\",\"isPartOf\":{\"@id\":\"https:\/\/ikastikos-kiklos.com\/en\/#website\"},\"primaryImageOfPage\":{\"@id\":\"https:\/\/ikastikos-kiklos.com\/en\/solo-exhibition-minima-moralia-theodoros-papagiannis\/#primaryimage\"},\"image\":{\"@id\":\"https:\/\/ikastikos-kiklos.com\/en\/solo-exhibition-minima-moralia-theodoros-papagiannis\/#primaryimage\"},\"thumbnailUrl\":\"https:\/\/ikastikos-kiklos.com\/wp-content\/uploads\/2023\/01\/feature-papagiannis.jpg\",\"datePublished\":\"2023-01-21T09:23:59+00:00\",\"dateModified\":\"2023-01-21T09:26:33+00:00\",\"description\":\"Solo Exhibition \\\"Minima Moralia\\\" Theodoros Papagiannis from 27th of January to 25 of February 2023 at Ikastikos Kiklos Sianti\",\"breadcrumb\":{\"@id\":\"https:\/\/ikastikos-kiklos.com\/en\/solo-exhibition-minima-moralia-theodoros-papagiannis\/#breadcrumb\"},\"inLanguage\":\"en-US\",\"potentialAction\":[{\"@type\":\"ReadAction\",\"target\":[\"https:\/\/ikastikos-kiklos.com\/en\/solo-exhibition-minima-moralia-theodoros-papagiannis\/\"]}]},{\"@type\":\"ImageObject\",\"inLanguage\":\"en-US\",\"@id\":\"https:\/\/ikastikos-kiklos.com\/en\/solo-exhibition-minima-moralia-theodoros-papagiannis\/#primaryimage\",\"url\":\"https:\/\/ikastikos-kiklos.com\/wp-content\/uploads\/2023\/01\/feature-papagiannis.jpg\",\"contentUrl\":\"https:\/\/ikastikos-kiklos.com\/wp-content\/uploads\/2023\/01\/feature-papagiannis.jpg\",\"width\":768,\"height\":573},{\"@type\":\"BreadcrumbList\",\"@id\":\"https:\/\/ikastikos-kiklos.com\/en\/solo-exhibition-minima-moralia-theodoros-papagiannis\/#breadcrumb\",\"itemListElement\":[{\"@type\":\"ListItem\",\"position\":1,\"name\":\"Home\",\"item\":\"https:\/\/ikastikos-kiklos.com\/en\/\"},{\"@type\":\"ListItem\",\"position\":2,\"name\":\"Solo Exhibition &#8220;Minima Moralia&#8221; Theodoros Papagiannis\"}]},{\"@type\":\"WebSite\",\"@id\":\"https:\/\/ikastikos-kiklos.com\/en\/#website\",\"url\":\"https:\/\/ikastikos-kiklos.com\/en\/\",\"name\":\"Ikastikos Kiklos - Zografik\u00ed - Metaxotyp\u00edes - T\u00e9chniPainting - Silk Screen - Art\",\"description\":\"\",\"publisher\":{\"@id\":\"https:\/\/ikastikos-kiklos.com\/en\/#organization\"},\"potentialAction\":[{\"@type\":\"SearchAction\",\"target\":{\"@type\":\"EntryPoint\",\"urlTemplate\":\"https:\/\/ikastikos-kiklos.com\/en\/?s={search_term_string}\"},\"query-input\":{\"@type\":\"PropertyValueSpecification\",\"valueRequired\":true,\"valueName\":\"search_term_string\"}}],\"inLanguage\":\"en-US\"},{\"@type\":\"Organization\",\"@id\":\"https:\/\/ikastikos-kiklos.com\/en\/#organization\",\"name\":\"Ikastikos Kiklos - Zografik\u00ed - Metaxotyp\u00edes - T\u00e9chniPainting - Silk Screen - Art\",\"url\":\"https:\/\/ikastikos-kiklos.com\/en\/\",\"logo\":{\"@type\":\"ImageObject\",\"inLanguage\":\"en-US\",\"@id\":\"https:\/\/ikastikos-kiklos.com\/en\/#\/schema\/logo\/image\/\",\"url\":\"https:\/\/ikastikos-kiklos.com\/wp-content\/uploads\/2022\/10\/cropped-favicon_ikastikos.png\",\"contentUrl\":\"https:\/\/ikastikos-kiklos.com\/wp-content\/uploads\/2022\/10\/cropped-favicon_ikastikos.png\",\"width\":512,\"height\":512,\"caption\":\"Ikastikos Kiklos - Zografik\u00ed - Metaxotyp\u00edes - T\u00e9chniPainting - Silk Screen - Art\"},\"image\":{\"@id\":\"https:\/\/ikastikos-kiklos.com\/en\/#\/schema\/logo\/image\/\"},\"sameAs\":[\"https:\/\/www.facebook.com\/ikastikoskiklossianti\/\"]}]}<\/script>\n<!-- \/ Yoast SEO plugin. -->","yoast_head_json":{"title":"Solo Exhibition \"Minima Moralia\" Theodoros Papagiannis","description":"Solo Exhibition \"Minima Moralia\" Theodoros Papagiannis from 27th of January to 25 of February 2023 at Ikastikos Kiklos Sianti","robots":{"index":"index","follow":"follow","max-snippet":"max-snippet:-1","max-image-preview":"max-image-preview:large","max-video-preview":"max-video-preview:-1"},"canonical":"https:\/\/ikastikos-kiklos.com\/en\/solo-exhibition-minima-moralia-theodoros-papagiannis\/","og_locale":"en_US","og_type":"article","og_title":"Solo Exhibition \"Minima Moralia\" Theodoros Papagiannis","og_description":"Solo Exhibition \"Minima Moralia\" Theodoros Papagiannis from 27th of January to 25 of February 2023 at Ikastikos Kiklos Sianti","og_url":"https:\/\/ikastikos-kiklos.com\/en\/solo-exhibition-minima-moralia-theodoros-papagiannis\/","og_site_name":"Ikastikos Kiklos - Zografik\u00ed - Metaxotyp\u00edes - T\u00e9chniPainting - Silk Screen - Art","article_publisher":"https:\/\/www.facebook.com\/ikastikoskiklossianti\/","article_modified_time":"2023-01-21T09:26:33+00:00","og_image":[{"width":768,"height":573,"url":"https:\/\/ikastikos-kiklos.com\/wp-content\/uploads\/2023\/01\/feature-papagiannis.jpg","type":"image\/jpeg"}],"twitter_card":"summary_large_image","twitter_misc":{"Est. reading time":"4 minutes"},"schema":{"@context":"https:\/\/schema.org","@graph":[{"@type":"WebPage","@id":"https:\/\/ikastikos-kiklos.com\/en\/solo-exhibition-minima-moralia-theodoros-papagiannis\/","url":"https:\/\/ikastikos-kiklos.com\/en\/solo-exhibition-minima-moralia-theodoros-papagiannis\/","name":"Solo Exhibition \"Minima Moralia\" Theodoros Papagiannis","isPartOf":{"@id":"https:\/\/ikastikos-kiklos.com\/en\/#website"},"primaryImageOfPage":{"@id":"https:\/\/ikastikos-kiklos.com\/en\/solo-exhibition-minima-moralia-theodoros-papagiannis\/#primaryimage"},"image":{"@id":"https:\/\/ikastikos-kiklos.com\/en\/solo-exhibition-minima-moralia-theodoros-papagiannis\/#primaryimage"},"thumbnailUrl":"https:\/\/ikastikos-kiklos.com\/wp-content\/uploads\/2023\/01\/feature-papagiannis.jpg","datePublished":"2023-01-21T09:23:59+00:00","dateModified":"2023-01-21T09:26:33+00:00","description":"Solo Exhibition \"Minima Moralia\" Theodoros Papagiannis from 27th of January to 25 of February 2023 at Ikastikos Kiklos Sianti","breadcrumb":{"@id":"https:\/\/ikastikos-kiklos.com\/en\/solo-exhibition-minima-moralia-theodoros-papagiannis\/#breadcrumb"},"inLanguage":"en-US","potentialAction":[{"@type":"ReadAction","target":["https:\/\/ikastikos-kiklos.com\/en\/solo-exhibition-minima-moralia-theodoros-papagiannis\/"]}]},{"@type":"ImageObject","inLanguage":"en-US","@id":"https:\/\/ikastikos-kiklos.com\/en\/solo-exhibition-minima-moralia-theodoros-papagiannis\/#primaryimage","url":"https:\/\/ikastikos-kiklos.com\/wp-content\/uploads\/2023\/01\/feature-papagiannis.jpg","contentUrl":"https:\/\/ikastikos-kiklos.com\/wp-content\/uploads\/2023\/01\/feature-papagiannis.jpg","width":768,"height":573},{"@type":"BreadcrumbList","@id":"https:\/\/ikastikos-kiklos.com\/en\/solo-exhibition-minima-moralia-theodoros-papagiannis\/#breadcrumb","itemListElement":[{"@type":"ListItem","position":1,"name":"Home","item":"https:\/\/ikastikos-kiklos.com\/en\/"},{"@type":"ListItem","position":2,"name":"Solo Exhibition &#8220;Minima Moralia&#8221; Theodoros Papagiannis"}]},{"@type":"WebSite","@id":"https:\/\/ikastikos-kiklos.com\/en\/#website","url":"https:\/\/ikastikos-kiklos.com\/en\/","name":"Ikastikos Kiklos - Zografik\u00ed - Metaxotyp\u00edes - T\u00e9chniPainting - Silk Screen - Art","description":"","publisher":{"@id":"https:\/\/ikastikos-kiklos.com\/en\/#organization"},"potentialAction":[{"@type":"SearchAction","target":{"@type":"EntryPoint","urlTemplate":"https:\/\/ikastikos-kiklos.com\/en\/?s={search_term_string}"},"query-input":{"@type":"PropertyValueSpecification","valueRequired":true,"valueName":"search_term_string"}}],"inLanguage":"en-US"},{"@type":"Organization","@id":"https:\/\/ikastikos-kiklos.com\/en\/#organization","name":"Ikastikos Kiklos - Zografik\u00ed - Metaxotyp\u00edes - T\u00e9chniPainting - Silk Screen - Art","url":"https:\/\/ikastikos-kiklos.com\/en\/","logo":{"@type":"ImageObject","inLanguage":"en-US","@id":"https:\/\/ikastikos-kiklos.com\/en\/#\/schema\/logo\/image\/","url":"https:\/\/ikastikos-kiklos.com\/wp-content\/uploads\/2022\/10\/cropped-favicon_ikastikos.png","contentUrl":"https:\/\/ikastikos-kiklos.com\/wp-content\/uploads\/2022\/10\/cropped-favicon_ikastikos.png","width":512,"height":512,"caption":"Ikastikos Kiklos - Zografik\u00ed - Metaxotyp\u00edes - T\u00e9chniPainting - Silk Screen - Art"},"image":{"@id":"https:\/\/ikastikos-kiklos.com\/en\/#\/schema\/logo\/image\/"},"sameAs":["https:\/\/www.facebook.com\/ikastikoskiklossianti\/"]}]}},"_links":{"self":[{"href":"https:\/\/ikastikos-kiklos.com\/en\/wp-json\/wp\/v2\/pages\/42511","targetHints":{"allow":["GET"]}}],"collection":[{"href":"https:\/\/ikastikos-kiklos.com\/en\/wp-json\/wp\/v2\/pages"}],"about":[{"href":"https:\/\/ikastikos-kiklos.com\/en\/wp-json\/wp\/v2\/types\/page"}],"author":[{"embeddable":true,"href":"https:\/\/ikastikos-kiklos.com\/en\/wp-json\/wp\/v2\/users\/3"}],"replies":[{"embeddable":true,"href":"https:\/\/ikastikos-kiklos.com\/en\/wp-json\/wp\/v2\/comments?post=42511"}],"version-history":[{"count":3,"href":"https:\/\/ikastikos-kiklos.com\/en\/wp-json\/wp\/v2\/pages\/42511\/revisions"}],"predecessor-version":[{"id":42514,"href":"https:\/\/ikastikos-kiklos.com\/en\/wp-json\/wp\/v2\/pages\/42511\/revisions\/42514"}],"wp:featuredmedia":[{"embeddable":true,"href":"https:\/\/ikastikos-kiklos.com\/en\/wp-json\/wp\/v2\/media\/42401"}],"wp:attachment":[{"href":"https:\/\/ikastikos-kiklos.com\/en\/wp-json\/wp\/v2\/media?parent=42511"}],"curies":[{"name":"wp","href":"https:\/\/api.w.org\/{rel}","templated":true}]}}